{"id":2672,"date":"2024-04-11T09:52:48","date_gmt":"2024-04-11T07:52:48","guid":{"rendered":"http:\/\/10.128.3.28\/?page_id=2672"},"modified":"2025-07-23T14:19:43","modified_gmt":"2025-07-23T12:19:43","slug":"proyecto-dinamica-fuera-del-equilibrio-del-modelo-de-heisenberg-tridimensional-en-presencia-de-un-campo-magnetico","status":"publish","type":"page","link":"https:\/\/computaex.es\/en\/proyecto-dinamica-fuera-del-equilibrio-del-modelo-de-heisenberg-tridimensional-en-presencia-de-un-campo-magnetico\/","title":{"rendered":"Din\u00e1mica fuera del equilibrio del modelo de Heisenberg tridimensional en presencia de un campo magn\u00e9tico"},"content":{"rendered":"<div class=\"field field-name-field-proy-investigadores field-type-text-long field-label-above\">\n<div class=\"field-label\" style=\"text-align: justify;\"><strong>Researchers:\u00a0<\/strong><\/div>\n<div class=\"field-items\" style=\"text-align: justify;\">\n<div class=\"field-item even\">\n<ul>\n<li><strong>Juan Jes\u00fas Ruiz Lorenzo<\/strong>\u00a0del Departamento de F\u00edsica de la\u00a0<a href=\"http:\/\/www.unex.es\/\">Universidad de Extremadura<\/a>.<\/li>\n<li><strong>Antonio Gordillo Guerrero<\/strong>\u00a0del departamento de Ingenier\u00eda El\u00e9ctrica, Electr\u00f3nica y Autom\u00e1tica de la\u00a0<a href=\"http:\/\/www.unex.es\/\">Universidad de Extremadura<\/a>.<\/li>\n<\/ul>\n<\/div>\n<\/div>\n<\/div>\n<div class=\"field field-name-field-proy-objetivos field-type-text-long field-label-above\" style=\"text-align: justify;\">\n<div class=\"field-label\"><strong>Objectives:\u00a0<\/strong><\/div>\n<div class=\"field-items\">\n<div class=\"field-item even\">\n<ul>\n<li>Simular el modelo de Heisenberg spin glass en tres dimensiones en presencia de campo magn\u00e9tico externo.<\/li>\n<li>Intentar reproducir los importantes resultados experimentales de memoria y rejuvenecimiento (grupo de P. Nordblad et al.).<\/li>\n<li>Caracterizar mediante m\u00e9todos de din\u00e1mica fuera del equilibrio la existencia de transici\u00f3n de fase en presencia de campo magn\u00e9tico.<\/li>\n<\/ul>\n<\/div>\n<\/div>\n<\/div>\n<div class=\"field field-name-field-proy-metodologia field-type-text-long field-label-above\" style=\"text-align: justify;\">\n<div class=\"field-label\"><strong>Metodolog\u00eda:\u00a0<\/strong><\/div>\n<div class=\"field-items\">\n<div class=\"field-item even\">\n<p>Mediante m\u00e9todos de Monte Carlo locales (tipo Metr\u00f3polis) simularemos sistemas tridimensionales de volumen L3. Paralelizaremos las simulaciones dividiendo la base de nuestro sistema c\u00fabico en Nx*Ny porciones, cada una de estas porciones ser\u00e1 simulada en un core. Por lo tanto el volumen de sistema simulado por cada core es (L\/Nx)*(L\/Ny)*L. Como la interacci\u00f3n entre espines es de muy corto alcance (solo a primeros vecinos) la \u00fanica informaci\u00f3n que se deben transmitir los procesadores es la correspondiente a las fronteras de los subsistemas. En principio simularemos sistemas is\u00f3tropos aunque posteriormente pretendemos introducir anisotrop\u00edas siguiente la metodolog\u00eda de Dzyaloshinskii-Moriya.<\/p>\n<\/div>\n<\/div>\n<\/div>","protected":false},"excerpt":{"rendered":"<p>Investigadores:\u00a0 Juan Jes\u00fas Ruiz Lorenzo\u00a0del Departamento de F\u00edsica de la\u00a0Universidad de Extremadura. Antonio Gordillo Guerrero\u00a0del departamento de Ingenier\u00eda El\u00e9ctrica, Electr\u00f3nica y Autom\u00e1tica de la\u00a0Universidad de Extremadura. Objetivos:\u00a0 Simular el modelo &#8230;<\/p>","protected":false},"author":1,"featured_media":0,"parent":0,"menu_order":0,"comment_status":"closed","ping_status":"closed","template":"","meta":{"footnotes":""},"categories":[103,81],"tags":[],"class_list":["post-2672","page","type-page","status-publish","hentry","category-ciencias-de-la-vida","category-proyectos"],"yoast_head":"<!-- This site is optimized with the Yoast SEO plugin v27.1.1 - https:\/\/yoast.com\/product\/yoast-seo-wordpress\/ -->\n<title>Din\u00e1mica fuera del equilibrio del modelo de Heisenberg tridimensional en presencia de un campo magn\u00e9tico - Fundaci\u00f3n COMPUTAEX<\/title>\n<meta name=\"robots\" content=\"index, follow, max-snippet:-1, max-image-preview:large, max-video-preview:-1\" \/>\n<link rel=\"canonical\" href=\"https:\/\/computaex.es\/en\/proyecto-dinamica-fuera-del-equilibrio-del-modelo-de-heisenberg-tridimensional-en-presencia-de-un-campo-magnetico\/\" \/>\n<meta property=\"og:locale\" content=\"en_US\" \/>\n<meta property=\"og:type\" content=\"article\" \/>\n<meta property=\"og:title\" content=\"Din\u00e1mica fuera del equilibrio del modelo de Heisenberg tridimensional en presencia de un campo magn\u00e9tico - Fundaci\u00f3n COMPUTAEX\" \/>\n<meta property=\"og:description\" content=\"Investigadores:\u00a0 Juan Jes\u00fas Ruiz Lorenzo\u00a0del Departamento de F\u00edsica de la\u00a0Universidad de Extremadura. Antonio Gordillo Guerrero\u00a0del departamento de Ingenier\u00eda El\u00e9ctrica, Electr\u00f3nica y Autom\u00e1tica de la\u00a0Universidad de Extremadura. Objetivos:\u00a0 Simular el modelo ...\" \/>\n<meta property=\"og:url\" content=\"https:\/\/computaex.es\/en\/proyecto-dinamica-fuera-del-equilibrio-del-modelo-de-heisenberg-tridimensional-en-presencia-de-un-campo-magnetico\/\" \/>\n<meta property=\"og:site_name\" content=\"Fundaci\u00f3n COMPUTAEX\" \/>\n<meta property=\"article:publisher\" content=\"https:\/\/m.facebook.com\/computaex\/\" \/>\n<meta property=\"article:modified_time\" content=\"2025-07-23T12:19:43+00:00\" \/>\n<meta property=\"og:image\" content=\"https:\/\/computaex.es\/wp-content\/uploads\/2025\/08\/COMPUTAEX.jpg\" \/>\n\t<meta property=\"og:image:width\" content=\"1024\" \/>\n\t<meta property=\"og:image:height\" content=\"403\" \/>\n\t<meta property=\"og:image:type\" content=\"image\/jpeg\" \/>\n<meta name=\"twitter:card\" content=\"summary_large_image\" \/>\n<meta name=\"twitter:site\" content=\"@computaex\" \/>\n<meta name=\"twitter:label1\" content=\"Est. reading time\" \/>\n\t<meta name=\"twitter:data1\" content=\"1 minute\" \/>\n<script type=\"application\/ld+json\" class=\"yoast-schema-graph\">{\"@context\":\"https:\/\/schema.org\",\"@graph\":[{\"@type\":\"WebPage\",\"@id\":\"https:\/\/computaex.es\/proyecto-dinamica-fuera-del-equilibrio-del-modelo-de-heisenberg-tridimensional-en-presencia-de-un-campo-magnetico\/\",\"url\":\"https:\/\/computaex.es\/proyecto-dinamica-fuera-del-equilibrio-del-modelo-de-heisenberg-tridimensional-en-presencia-de-un-campo-magnetico\/\",\"name\":\"Din\u00e1mica fuera del equilibrio del modelo de Heisenberg tridimensional en presencia de un campo magn\u00e9tico - Fundaci\u00f3n COMPUTAEX\",\"isPartOf\":{\"@id\":\"https:\/\/computaex.es\/#website\"},\"datePublished\":\"2024-04-11T07:52:48+00:00\",\"dateModified\":\"2025-07-23T12:19:43+00:00\",\"breadcrumb\":{\"@id\":\"https:\/\/computaex.es\/proyecto-dinamica-fuera-del-equilibrio-del-modelo-de-heisenberg-tridimensional-en-presencia-de-un-campo-magnetico\/#breadcrumb\"},\"inLanguage\":\"en-US\",\"potentialAction\":[{\"@type\":\"ReadAction\",\"target\":[\"https:\/\/computaex.es\/proyecto-dinamica-fuera-del-equilibrio-del-modelo-de-heisenberg-tridimensional-en-presencia-de-un-campo-magnetico\/\"]}]},{\"@type\":\"BreadcrumbList\",\"@id\":\"https:\/\/computaex.es\/proyecto-dinamica-fuera-del-equilibrio-del-modelo-de-heisenberg-tridimensional-en-presencia-de-un-campo-magnetico\/#breadcrumb\",\"itemListElement\":[{\"@type\":\"ListItem\",\"position\":1,\"name\":\"Portada\",\"item\":\"https:\/\/computaex.es\/\"},{\"@type\":\"ListItem\",\"position\":2,\"name\":\"Din\u00e1mica fuera del equilibrio del modelo de Heisenberg tridimensional en presencia de un campo magn\u00e9tico\"}]},{\"@type\":\"WebSite\",\"@id\":\"https:\/\/computaex.es\/#website\",\"url\":\"https:\/\/computaex.es\/\",\"name\":\"Fundaci\u00f3n COMPUTAEX\",\"description\":\"COMPUTAEX\",\"publisher\":{\"@id\":\"https:\/\/computaex.es\/#organization\"},\"potentialAction\":[{\"@type\":\"SearchAction\",\"target\":{\"@type\":\"EntryPoint\",\"urlTemplate\":\"https:\/\/computaex.es\/?s={search_term_string}\"},\"query-input\":{\"@type\":\"PropertyValueSpecification\",\"valueRequired\":true,\"valueName\":\"search_term_string\"}}],\"inLanguage\":\"en-US\"},{\"@type\":\"Organization\",\"@id\":\"https:\/\/computaex.es\/#organization\",\"name\":\"COMPUTAEX\",\"url\":\"https:\/\/computaex.es\/\",\"logo\":{\"@type\":\"ImageObject\",\"inLanguage\":\"en-US\",\"@id\":\"https:\/\/computaex.es\/#\/schema\/logo\/image\/\",\"url\":\"https:\/\/computaex.es\/wp-content\/uploads\/2025\/05\/cropped-COMPUTAEX_transparente-scaled-1.png\",\"contentUrl\":\"https:\/\/computaex.es\/wp-content\/uploads\/2025\/05\/cropped-COMPUTAEX_transparente-scaled-1.png\",\"width\":2560,\"height\":970,\"caption\":\"COMPUTAEX\"},\"image\":{\"@id\":\"https:\/\/computaex.es\/#\/schema\/logo\/image\/\"},\"sameAs\":[\"https:\/\/m.facebook.com\/computaex\/\",\"https:\/\/x.com\/computaex\",\"https:\/\/es.linkedin.com\/company\/cenits\"]}]}<\/script>\n<!-- \/ Yoast SEO plugin. -->","yoast_head_json":{"title":"Din\u00e1mica fuera del equilibrio del modelo de Heisenberg tridimensional en presencia de un campo magn\u00e9tico - Fundaci\u00f3n COMPUTAEX","robots":{"index":"index","follow":"follow","max-snippet":"max-snippet:-1","max-image-preview":"max-image-preview:large","max-video-preview":"max-video-preview:-1"},"canonical":"https:\/\/computaex.es\/en\/proyecto-dinamica-fuera-del-equilibrio-del-modelo-de-heisenberg-tridimensional-en-presencia-de-un-campo-magnetico\/","og_locale":"en_US","og_type":"article","og_title":"Din\u00e1mica fuera del equilibrio del modelo de Heisenberg tridimensional en presencia de un campo magn\u00e9tico - Fundaci\u00f3n COMPUTAEX","og_description":"Investigadores:\u00a0 Juan Jes\u00fas Ruiz Lorenzo\u00a0del Departamento de F\u00edsica de la\u00a0Universidad de Extremadura. Antonio Gordillo Guerrero\u00a0del departamento de Ingenier\u00eda El\u00e9ctrica, Electr\u00f3nica y Autom\u00e1tica de la\u00a0Universidad de Extremadura. Objetivos:\u00a0 Simular el modelo ...","og_url":"https:\/\/computaex.es\/en\/proyecto-dinamica-fuera-del-equilibrio-del-modelo-de-heisenberg-tridimensional-en-presencia-de-un-campo-magnetico\/","og_site_name":"Fundaci\u00f3n COMPUTAEX","article_publisher":"https:\/\/m.facebook.com\/computaex\/","article_modified_time":"2025-07-23T12:19:43+00:00","og_image":[{"width":1024,"height":403,"url":"https:\/\/computaex.es\/wp-content\/uploads\/2025\/08\/COMPUTAEX.jpg","type":"image\/jpeg"}],"twitter_card":"summary_large_image","twitter_site":"@computaex","twitter_misc":{"Est. reading time":"1 minute"},"schema":{"@context":"https:\/\/schema.org","@graph":[{"@type":"WebPage","@id":"https:\/\/computaex.es\/proyecto-dinamica-fuera-del-equilibrio-del-modelo-de-heisenberg-tridimensional-en-presencia-de-un-campo-magnetico\/","url":"https:\/\/computaex.es\/proyecto-dinamica-fuera-del-equilibrio-del-modelo-de-heisenberg-tridimensional-en-presencia-de-un-campo-magnetico\/","name":"Din\u00e1mica fuera del equilibrio del modelo de Heisenberg tridimensional en presencia de un campo magn\u00e9tico - Fundaci\u00f3n COMPUTAEX","isPartOf":{"@id":"https:\/\/computaex.es\/#website"},"datePublished":"2024-04-11T07:52:48+00:00","dateModified":"2025-07-23T12:19:43+00:00","breadcrumb":{"@id":"https:\/\/computaex.es\/proyecto-dinamica-fuera-del-equilibrio-del-modelo-de-heisenberg-tridimensional-en-presencia-de-un-campo-magnetico\/#breadcrumb"},"inLanguage":"en-US","potentialAction":[{"@type":"ReadAction","target":["https:\/\/computaex.es\/proyecto-dinamica-fuera-del-equilibrio-del-modelo-de-heisenberg-tridimensional-en-presencia-de-un-campo-magnetico\/"]}]},{"@type":"BreadcrumbList","@id":"https:\/\/computaex.es\/proyecto-dinamica-fuera-del-equilibrio-del-modelo-de-heisenberg-tridimensional-en-presencia-de-un-campo-magnetico\/#breadcrumb","itemListElement":[{"@type":"ListItem","position":1,"name":"Portada","item":"https:\/\/computaex.es\/"},{"@type":"ListItem","position":2,"name":"Din\u00e1mica fuera del equilibrio del modelo de Heisenberg tridimensional en presencia de un campo magn\u00e9tico"}]},{"@type":"WebSite","@id":"https:\/\/computaex.es\/#website","url":"https:\/\/computaex.es\/","name":"COMPUTAEX Foundation","description":"COMPUTAEX","publisher":{"@id":"https:\/\/computaex.es\/#organization"},"potentialAction":[{"@type":"SearchAction","target":{"@type":"EntryPoint","urlTemplate":"https:\/\/computaex.es\/?s={search_term_string}"},"query-input":{"@type":"PropertyValueSpecification","valueRequired":true,"valueName":"search_term_string"}}],"inLanguage":"en-US"},{"@type":"Organization","@id":"https:\/\/computaex.es\/#organization","name":"COMPUTAEX","url":"https:\/\/computaex.es\/","logo":{"@type":"ImageObject","inLanguage":"en-US","@id":"https:\/\/computaex.es\/#\/schema\/logo\/image\/","url":"https:\/\/computaex.es\/wp-content\/uploads\/2025\/05\/cropped-COMPUTAEX_transparente-scaled-1.png","contentUrl":"https:\/\/computaex.es\/wp-content\/uploads\/2025\/05\/cropped-COMPUTAEX_transparente-scaled-1.png","width":2560,"height":970,"caption":"COMPUTAEX"},"image":{"@id":"https:\/\/computaex.es\/#\/schema\/logo\/image\/"},"sameAs":["https:\/\/m.facebook.com\/computaex\/","https:\/\/x.com\/computaex","https:\/\/es.linkedin.com\/company\/cenits"]}]}},"_links":{"self":[{"href":"https:\/\/computaex.es\/en\/wp-json\/wp\/v2\/pages\/2672","targetHints":{"allow":["GET"]}}],"collection":[{"href":"https:\/\/computaex.es\/en\/wp-json\/wp\/v2\/pages"}],"about":[{"href":"https:\/\/computaex.es\/en\/wp-json\/wp\/v2\/types\/page"}],"author":[{"embeddable":true,"href":"https:\/\/computaex.es\/en\/wp-json\/wp\/v2\/users\/1"}],"replies":[{"embeddable":true,"href":"https:\/\/computaex.es\/en\/wp-json\/wp\/v2\/comments?post=2672"}],"version-history":[{"count":5,"href":"https:\/\/computaex.es\/en\/wp-json\/wp\/v2\/pages\/2672\/revisions"}],"predecessor-version":[{"id":8386,"href":"https:\/\/computaex.es\/en\/wp-json\/wp\/v2\/pages\/2672\/revisions\/8386"}],"wp:attachment":[{"href":"https:\/\/computaex.es\/en\/wp-json\/wp\/v2\/media?parent=2672"}],"wp:term":[{"taxonomy":"category","embeddable":true,"href":"https:\/\/computaex.es\/en\/wp-json\/wp\/v2\/categories?post=2672"},{"taxonomy":"post_tag","embeddable":true,"href":"https:\/\/computaex.es\/en\/wp-json\/wp\/v2\/tags?post=2672"}],"curies":[{"name":"wp","href":"https:\/\/api.w.org\/{rel}","templated":true}]}}