{"id":2689,"date":"2024-04-11T09:55:49","date_gmt":"2024-04-11T07:55:49","guid":{"rendered":"http:\/\/10.128.3.28\/?page_id=2689"},"modified":"2025-07-23T14:21:31","modified_gmt":"2025-07-23T12:21:31","slug":"proyecto-diseno-y-simulacion-de-dispositivos-y-sistemas-de-comunicaciones-opticas","status":"publish","type":"page","link":"https:\/\/computaex.es\/en\/proyecto-diseno-y-simulacion-de-dispositivos-y-sistemas-de-comunicaciones-opticas\/","title":{"rendered":"Dise\u00f1o y Simulaci\u00f3n de Dispositivos y Sistemas de Comunicaciones \u00d3pticas"},"content":{"rendered":"<div class=\"field field-name-field-proy-investigadores field-type-text-long field-label-above\">\n<div class=\"field-label\" style=\"text-align: justify;\"><strong>Researchers:\u00a0<\/strong><\/div>\n<div class=\"field-items\" style=\"text-align: justify;\">\n<div class=\"field-item even\">\n<ul>\n<li><strong>Rafael G\u00f3mez Alcal\u00e1<\/strong>\u00a0del Departamento de Tecnolog\u00eda de los Computadores y las Comunicaciones de la\u00a0<a href=\"http:\/\/www.unex.es\/\">Universidad de Extremadura<\/a>.<\/li>\n<\/ul>\n<\/div>\n<\/div>\n<\/div>\n<div class=\"field field-name-field-proy-objetivos field-type-text-long field-label-above\" style=\"text-align: justify;\">\n<div class=\"field-label\"><strong>Objectives:\u00a0<\/strong><\/div>\n<div class=\"field-items\">\n<div class=\"field-item even\">\n<ul>\n<li>Desarrollo de herramientas computacionales que permitan el dise\u00f1o y simulaci\u00f3n de dispositivos y sistemas de comunicaciones \u00f3pticas. El principal problema que surge en este tipo de an\u00e1lisis y dise\u00f1o es la elevada complejidad computacional, lo que requiere el uso de recursos intensivos de computaci\u00f3n.<\/li>\n<li>Con el proyecto se pretende poner a punto un simulador de dispositivos fot\u00f3nicos y optoelectr\u00f3nicos que permita analizar de forma gen\u00e9rica un sistema comercial de comunicaciones \u00f3pticas.<\/li>\n<\/ul>\n<\/div>\n<\/div>\n<\/div>\n<div class=\"field field-name-field-proy-metodologia field-type-text-long field-label-above\" style=\"text-align: justify;\">\n<div class=\"field-label\"><strong>Metodolog\u00eda:\u00a0<\/strong><\/div>\n<div class=\"field-items\">\n<div class=\"field-item even\">\n<p>La metodolog\u00eda de investigaci\u00f3n asociada al an\u00e1lisis y dise\u00f1o de dispositivos y sistemas de comunicaciones \u00f3pticas requiere la resoluci\u00f3n de ecuaciones diferenciales lineales y no lineales. Para dispositivos integrados se utilizan m\u00e9todos num\u00e9ricos como el m\u00e9todo de elementos finitos y el m\u00e9todo de diferencias finitas. Estos algoritmos permiten resolver las ecuaciones diferenciales que rigen el funcionamiento de l\u00e1seres, fibras \u00f3pticas, fotodetectores, moduladores, etc. Es especialmente destacable su aplicabilidad al estudio de la rotaci\u00f3n no lineal de la polarizaci\u00f3n de la luz que, junto con la dispersi\u00f3n en el modo de polarizaci\u00f3n, constituye un elemento clave en el dise\u00f1o de los sistemas de comunicaciones \u00f3pticas actuales.<\/p>\n<\/div>\n<\/div>\n<\/div>\n<div class=\"field field-name-field-proy-objetivos-alcanzados field-type-text-long field-label-above\" style=\"text-align: justify;\">\n<div class=\"field-label\"><strong>Objetivos alcanzados:\u00a0<\/strong><\/div>\n<div class=\"field-items\">\n<div class=\"field-item even\">\n<ul>\n<li>Como primera aproximaci\u00f3n al uso del superordenador\u00a0<a href=\"\/en\/lusitania\/\">LUSITANIA<\/a>, se ha evaluado la viabilidad del an\u00e1lisis de dispositivos \u00f3pticos integrados basados en microresonadores de anillo.<\/li>\n<li>Realizaci\u00f3n de un modelo para la simulaci\u00f3n de filtros \u00abadd-drop\u00bb en r\u00e9gimen no lineal.<\/li>\n<\/ul>\n<\/div>\n<\/div>\n<\/div>\n<div class=\"field field-name-taxonomy-vocabulary-4 field-type-taxonomy-term-reference field-label-hidden\"><\/div>","protected":false},"excerpt":{"rendered":"<p>Investigadores:\u00a0 Rafael G\u00f3mez Alcal\u00e1\u00a0del Departamento de Tecnolog\u00eda de los Computadores y las Comunicaciones de la\u00a0Universidad de Extremadura. Objetivos:\u00a0 Desarrollo de herramientas computacionales que permitan el dise\u00f1o y simulaci\u00f3n de dispositivos &#8230;<\/p>","protected":false},"author":1,"featured_media":0,"parent":0,"menu_order":0,"comment_status":"closed","ping_status":"closed","template":"","meta":{"footnotes":""},"categories":[104,81],"tags":[],"class_list":["post-2689","page","type-page","status-publish","hentry","category-ciencias-informaticas-y-de-comunicaciones","category-proyectos"],"yoast_head":"<!-- This site is optimized with the Yoast SEO plugin v27.1.1 - https:\/\/yoast.com\/product\/yoast-seo-wordpress\/ -->\n<title>Dise\u00f1o y Simulaci\u00f3n de Dispositivos y Sistemas de Comunicaciones \u00d3pticas - Fundaci\u00f3n COMPUTAEX<\/title>\n<meta name=\"robots\" content=\"index, follow, max-snippet:-1, max-image-preview:large, max-video-preview:-1\" \/>\n<link rel=\"canonical\" href=\"https:\/\/computaex.es\/en\/proyecto-diseno-y-simulacion-de-dispositivos-y-sistemas-de-comunicaciones-opticas\/\" \/>\n<meta property=\"og:locale\" content=\"en_US\" \/>\n<meta property=\"og:type\" content=\"article\" \/>\n<meta property=\"og:title\" content=\"Dise\u00f1o y Simulaci\u00f3n de Dispositivos y Sistemas de Comunicaciones \u00d3pticas - Fundaci\u00f3n COMPUTAEX\" \/>\n<meta property=\"og:description\" content=\"Investigadores:\u00a0 Rafael G\u00f3mez Alcal\u00e1\u00a0del Departamento de Tecnolog\u00eda de los Computadores y las Comunicaciones de la\u00a0Universidad de Extremadura. Objetivos:\u00a0 Desarrollo de herramientas computacionales que permitan el dise\u00f1o y simulaci\u00f3n de dispositivos ...\" \/>\n<meta property=\"og:url\" content=\"https:\/\/computaex.es\/en\/proyecto-diseno-y-simulacion-de-dispositivos-y-sistemas-de-comunicaciones-opticas\/\" \/>\n<meta property=\"og:site_name\" content=\"Fundaci\u00f3n COMPUTAEX\" \/>\n<meta property=\"article:publisher\" content=\"https:\/\/m.facebook.com\/computaex\/\" \/>\n<meta property=\"article:modified_time\" content=\"2025-07-23T12:21:31+00:00\" \/>\n<meta property=\"og:image\" content=\"https:\/\/computaex.es\/wp-content\/uploads\/2025\/08\/COMPUTAEX.jpg\" \/>\n\t<meta property=\"og:image:width\" content=\"1024\" \/>\n\t<meta property=\"og:image:height\" content=\"403\" \/>\n\t<meta property=\"og:image:type\" content=\"image\/jpeg\" \/>\n<meta name=\"twitter:card\" content=\"summary_large_image\" \/>\n<meta name=\"twitter:site\" content=\"@computaex\" \/>\n<meta name=\"twitter:label1\" content=\"Est. reading time\" \/>\n\t<meta name=\"twitter:data1\" content=\"2 minutes\" \/>\n<script type=\"application\/ld+json\" class=\"yoast-schema-graph\">{\"@context\":\"https:\/\/schema.org\",\"@graph\":[{\"@type\":\"WebPage\",\"@id\":\"https:\/\/computaex.es\/proyecto-diseno-y-simulacion-de-dispositivos-y-sistemas-de-comunicaciones-opticas\/\",\"url\":\"https:\/\/computaex.es\/proyecto-diseno-y-simulacion-de-dispositivos-y-sistemas-de-comunicaciones-opticas\/\",\"name\":\"Dise\u00f1o y Simulaci\u00f3n de Dispositivos y Sistemas de Comunicaciones \u00d3pticas - Fundaci\u00f3n COMPUTAEX\",\"isPartOf\":{\"@id\":\"https:\/\/computaex.es\/#website\"},\"datePublished\":\"2024-04-11T07:55:49+00:00\",\"dateModified\":\"2025-07-23T12:21:31+00:00\",\"breadcrumb\":{\"@id\":\"https:\/\/computaex.es\/proyecto-diseno-y-simulacion-de-dispositivos-y-sistemas-de-comunicaciones-opticas\/#breadcrumb\"},\"inLanguage\":\"en-US\",\"potentialAction\":[{\"@type\":\"ReadAction\",\"target\":[\"https:\/\/computaex.es\/proyecto-diseno-y-simulacion-de-dispositivos-y-sistemas-de-comunicaciones-opticas\/\"]}]},{\"@type\":\"BreadcrumbList\",\"@id\":\"https:\/\/computaex.es\/proyecto-diseno-y-simulacion-de-dispositivos-y-sistemas-de-comunicaciones-opticas\/#breadcrumb\",\"itemListElement\":[{\"@type\":\"ListItem\",\"position\":1,\"name\":\"Portada\",\"item\":\"https:\/\/computaex.es\/\"},{\"@type\":\"ListItem\",\"position\":2,\"name\":\"Dise\u00f1o y Simulaci\u00f3n de Dispositivos y Sistemas de Comunicaciones \u00d3pticas\"}]},{\"@type\":\"WebSite\",\"@id\":\"https:\/\/computaex.es\/#website\",\"url\":\"https:\/\/computaex.es\/\",\"name\":\"Fundaci\u00f3n COMPUTAEX\",\"description\":\"COMPUTAEX\",\"publisher\":{\"@id\":\"https:\/\/computaex.es\/#organization\"},\"potentialAction\":[{\"@type\":\"SearchAction\",\"target\":{\"@type\":\"EntryPoint\",\"urlTemplate\":\"https:\/\/computaex.es\/?s={search_term_string}\"},\"query-input\":{\"@type\":\"PropertyValueSpecification\",\"valueRequired\":true,\"valueName\":\"search_term_string\"}}],\"inLanguage\":\"en-US\"},{\"@type\":\"Organization\",\"@id\":\"https:\/\/computaex.es\/#organization\",\"name\":\"COMPUTAEX\",\"url\":\"https:\/\/computaex.es\/\",\"logo\":{\"@type\":\"ImageObject\",\"inLanguage\":\"en-US\",\"@id\":\"https:\/\/computaex.es\/#\/schema\/logo\/image\/\",\"url\":\"https:\/\/computaex.es\/wp-content\/uploads\/2025\/05\/cropped-COMPUTAEX_transparente-scaled-1.png\",\"contentUrl\":\"https:\/\/computaex.es\/wp-content\/uploads\/2025\/05\/cropped-COMPUTAEX_transparente-scaled-1.png\",\"width\":2560,\"height\":970,\"caption\":\"COMPUTAEX\"},\"image\":{\"@id\":\"https:\/\/computaex.es\/#\/schema\/logo\/image\/\"},\"sameAs\":[\"https:\/\/m.facebook.com\/computaex\/\",\"https:\/\/x.com\/computaex\",\"https:\/\/es.linkedin.com\/company\/cenits\"]}]}<\/script>\n<!-- \/ Yoast SEO plugin. -->","yoast_head_json":{"title":"Dise\u00f1o y Simulaci\u00f3n de Dispositivos y Sistemas de Comunicaciones \u00d3pticas - Fundaci\u00f3n COMPUTAEX","robots":{"index":"index","follow":"follow","max-snippet":"max-snippet:-1","max-image-preview":"max-image-preview:large","max-video-preview":"max-video-preview:-1"},"canonical":"https:\/\/computaex.es\/en\/proyecto-diseno-y-simulacion-de-dispositivos-y-sistemas-de-comunicaciones-opticas\/","og_locale":"en_US","og_type":"article","og_title":"Dise\u00f1o y Simulaci\u00f3n de Dispositivos y Sistemas de Comunicaciones \u00d3pticas - Fundaci\u00f3n COMPUTAEX","og_description":"Investigadores:\u00a0 Rafael G\u00f3mez Alcal\u00e1\u00a0del Departamento de Tecnolog\u00eda de los Computadores y las Comunicaciones de la\u00a0Universidad de Extremadura. Objetivos:\u00a0 Desarrollo de herramientas computacionales que permitan el dise\u00f1o y simulaci\u00f3n de dispositivos ...","og_url":"https:\/\/computaex.es\/en\/proyecto-diseno-y-simulacion-de-dispositivos-y-sistemas-de-comunicaciones-opticas\/","og_site_name":"Fundaci\u00f3n COMPUTAEX","article_publisher":"https:\/\/m.facebook.com\/computaex\/","article_modified_time":"2025-07-23T12:21:31+00:00","og_image":[{"width":1024,"height":403,"url":"https:\/\/computaex.es\/wp-content\/uploads\/2025\/08\/COMPUTAEX.jpg","type":"image\/jpeg"}],"twitter_card":"summary_large_image","twitter_site":"@computaex","twitter_misc":{"Est. reading time":"2 minutes"},"schema":{"@context":"https:\/\/schema.org","@graph":[{"@type":"WebPage","@id":"https:\/\/computaex.es\/proyecto-diseno-y-simulacion-de-dispositivos-y-sistemas-de-comunicaciones-opticas\/","url":"https:\/\/computaex.es\/proyecto-diseno-y-simulacion-de-dispositivos-y-sistemas-de-comunicaciones-opticas\/","name":"Dise\u00f1o y Simulaci\u00f3n de Dispositivos y Sistemas de Comunicaciones \u00d3pticas - Fundaci\u00f3n COMPUTAEX","isPartOf":{"@id":"https:\/\/computaex.es\/#website"},"datePublished":"2024-04-11T07:55:49+00:00","dateModified":"2025-07-23T12:21:31+00:00","breadcrumb":{"@id":"https:\/\/computaex.es\/proyecto-diseno-y-simulacion-de-dispositivos-y-sistemas-de-comunicaciones-opticas\/#breadcrumb"},"inLanguage":"en-US","potentialAction":[{"@type":"ReadAction","target":["https:\/\/computaex.es\/proyecto-diseno-y-simulacion-de-dispositivos-y-sistemas-de-comunicaciones-opticas\/"]}]},{"@type":"BreadcrumbList","@id":"https:\/\/computaex.es\/proyecto-diseno-y-simulacion-de-dispositivos-y-sistemas-de-comunicaciones-opticas\/#breadcrumb","itemListElement":[{"@type":"ListItem","position":1,"name":"Portada","item":"https:\/\/computaex.es\/"},{"@type":"ListItem","position":2,"name":"Dise\u00f1o y Simulaci\u00f3n de Dispositivos y Sistemas de Comunicaciones \u00d3pticas"}]},{"@type":"WebSite","@id":"https:\/\/computaex.es\/#website","url":"https:\/\/computaex.es\/","name":"COMPUTAEX Foundation","description":"COMPUTAEX","publisher":{"@id":"https:\/\/computaex.es\/#organization"},"potentialAction":[{"@type":"SearchAction","target":{"@type":"EntryPoint","urlTemplate":"https:\/\/computaex.es\/?s={search_term_string}"},"query-input":{"@type":"PropertyValueSpecification","valueRequired":true,"valueName":"search_term_string"}}],"inLanguage":"en-US"},{"@type":"Organization","@id":"https:\/\/computaex.es\/#organization","name":"COMPUTAEX","url":"https:\/\/computaex.es\/","logo":{"@type":"ImageObject","inLanguage":"en-US","@id":"https:\/\/computaex.es\/#\/schema\/logo\/image\/","url":"https:\/\/computaex.es\/wp-content\/uploads\/2025\/05\/cropped-COMPUTAEX_transparente-scaled-1.png","contentUrl":"https:\/\/computaex.es\/wp-content\/uploads\/2025\/05\/cropped-COMPUTAEX_transparente-scaled-1.png","width":2560,"height":970,"caption":"COMPUTAEX"},"image":{"@id":"https:\/\/computaex.es\/#\/schema\/logo\/image\/"},"sameAs":["https:\/\/m.facebook.com\/computaex\/","https:\/\/x.com\/computaex","https:\/\/es.linkedin.com\/company\/cenits"]}]}},"_links":{"self":[{"href":"https:\/\/computaex.es\/en\/wp-json\/wp\/v2\/pages\/2689","targetHints":{"allow":["GET"]}}],"collection":[{"href":"https:\/\/computaex.es\/en\/wp-json\/wp\/v2\/pages"}],"about":[{"href":"https:\/\/computaex.es\/en\/wp-json\/wp\/v2\/types\/page"}],"author":[{"embeddable":true,"href":"https:\/\/computaex.es\/en\/wp-json\/wp\/v2\/users\/1"}],"replies":[{"embeddable":true,"href":"https:\/\/computaex.es\/en\/wp-json\/wp\/v2\/comments?post=2689"}],"version-history":[{"count":4,"href":"https:\/\/computaex.es\/en\/wp-json\/wp\/v2\/pages\/2689\/revisions"}],"predecessor-version":[{"id":8391,"href":"https:\/\/computaex.es\/en\/wp-json\/wp\/v2\/pages\/2689\/revisions\/8391"}],"wp:attachment":[{"href":"https:\/\/computaex.es\/en\/wp-json\/wp\/v2\/media?parent=2689"}],"wp:term":[{"taxonomy":"category","embeddable":true,"href":"https:\/\/computaex.es\/en\/wp-json\/wp\/v2\/categories?post=2689"},{"taxonomy":"post_tag","embeddable":true,"href":"https:\/\/computaex.es\/en\/wp-json\/wp\/v2\/tags?post=2689"}],"curies":[{"name":"wp","href":"https:\/\/api.w.org\/{rel}","templated":true}]}}