{"id":2733,"date":"2024-04-12T08:50:35","date_gmt":"2024-04-12T06:50:35","guid":{"rendered":"http:\/\/10.128.3.28\/?page_id=2733"},"modified":"2025-07-23T10:03:44","modified_gmt":"2025-07-23T08:03:44","slug":"visita-computaex","status":"publish","type":"page","link":"https:\/\/computaex.es\/en\/visita-computaex\/","title":{"rendered":"Visit COMPUTAEX"},"content":{"rendered":"\t\t<div data-elementor-type=\"wp-page\" data-elementor-id=\"2733\" class=\"elementor elementor-2733\">\n\t\t\t\t<div class=\"elementor-element elementor-element-6ad8dc8 e-flex e-con-boxed wpr-particle-no wpr-jarallax-no wpr-parallax-no wpr-sticky-section-no e-con e-parent\" data-id=\"6ad8dc8\" data-element_type=\"container\" data-e-type=\"container\">\n\t\t\t\t\t<div class=\"e-con-inner\">\n\t\t\t\t<div class=\"elementor-element elementor-element-3266ee4 elementor-widget elementor-widget-text-editor\" data-id=\"3266ee4\" data-element_type=\"widget\" data-e-type=\"widget\" data-widget_type=\"text-editor.default\">\n\t\t\t\t<div class=\"elementor-widget-container\">\n\t\t\t\t\t\t\t\t\t<p><a href=\"\/descripcion-la-fundacion\/\">COMPUTAEX<\/a> ofrece la posibilidad de realizar visitas guiadas a grupos, para conocer sus instalaciones, presentando tanto la Fundaci\u00f3n como el <a href=\"\/descripcion-centro\">Centro de Supercomputaci\u00f3n de Extremadura<\/a> y\u00a0sus tres supercomputadores:\u00a0<a href=\"\/lusitania\/lusitania-i\/\">LUSITANIA<\/a>,\u00a0<a href=\"\/lusitania\/lusitania-ii\/\">LUSITANIA II<\/a>\u00a0y\u00a0<a href=\"\/lusitania\/lusitania-iii\/\">LUSITANIA III<\/a>. Adem\u00e1s, durante la charla previa, se exponen los m\u00faltiples beneficios que la supercomputaci\u00f3n aporta a la sociedad, principalmente en el \u00e1mbito de la investigaci\u00f3n, y se muestran algunos de los proyectos de investigaci\u00f3n y desarrollo en los que el centro ha participado desde su creaci\u00f3n en el a\u00f1o 2009.\u00a0<\/p><p>Si desea solicitar una visita, complete el siguiente formulario de reserva:<\/p>\t\t\t\t\t\t\t\t<\/div>\n\t\t\t\t<\/div>\n\t\t\t\t<div class=\"elementor-element elementor-element-eef1aec elementor-widget elementor-widget-wpforms\" data-id=\"eef1aec\" data-element_type=\"widget\" data-e-type=\"widget\" data-widget_type=\"wpforms.default\">\n\t\t\t\t<div class=\"elementor-widget-container\">\n\t\t\t\t\t<style id=\"wpforms-css-vars-elementor-widget-eef1aec\">\n\t\t\t\t.elementor-widget-wpforms.elementor-element-eef1aec {\n\t\t\t\t--wpforms-button-background-color: #74B3A1;\n\t\t\t}\n\t\t\t<\/style><div class=\"wpforms-container wpforms-container-full wpforms-render-modern\" id=\"wpforms-2735\"><form id=\"wpforms-form-2735\" class=\"wpforms-validate wpforms-form wpforms-ajax-form\" data-formid=\"2735\" method=\"post\" enctype=\"multipart\/form-data\" action=\"\/en\/wp-json\/wp\/v2\/pages\/2733\" data-token=\"4ce623c7bf62f9830e80f7c81e75d79e\" data-token-time=\"1776770479\"><noscript class=\"wpforms-error-noscript\">Please enable JavaScript in your browser to complete this form.<\/noscript><div id=\"wpforms-error-noscript\" style=\"display: none;\">Please enable JavaScript in your browser to complete this form.<\/div><div class=\"wpforms-field-container\"><div id=\"wpforms-2735-field_11-container\" class=\"wpforms-field wpforms-field-text walwpf-datepicker\" data-field-id=\"11\"><label class=\"wpforms-field-label\" for=\"wpforms-2735-field_11\">Fecha <span class=\"wpforms-required-label\" aria-hidden=\"true\">*<\/span><\/label><input type=\"text\" id=\"wpforms-2735-field_11\" class=\"wpforms-field-medium wpforms-field-required\" name=\"wpforms[fields][11]\" aria-errormessage=\"wpforms-2735-field_11-error\" required><\/div><div id=\"wpforms-2735-field_3-container\" class=\"wpforms-field wpforms-field-select wpforms-field-select-style-classic\" data-field-id=\"3\"><label class=\"wpforms-field-label\" for=\"wpforms-2735-field_3\">Hora <span class=\"wpforms-required-label\" aria-hidden=\"true\">*<\/span><\/label><select id=\"wpforms-2735-field_3\" class=\"wpforms-field-medium wpforms-field-required\" name=\"wpforms[fields][3]\" required=\"required\"><option value=\"9:00\"  class=\"choice-1 depth-1\"  >9:00<\/option><option value=\"9:30\"  class=\"choice-2 depth-1\"  >9:30<\/option><option value=\"10:00\"  class=\"choice-3 depth-1\"  >10:00<\/option><option value=\"10:30\"  class=\"choice-4 depth-1\"  >10:30<\/option><option value=\"11:00\"  class=\"choice-8 depth-1\"  >11:00<\/option><option value=\"11:30\"  class=\"choice-5 depth-1\"  >11:30<\/option><option value=\"12:00\"  class=\"choice-7 depth-1\"  >12:00<\/option><\/select><\/div><div id=\"wpforms-2735-field_4-container\" class=\"wpforms-field wpforms-field-select wpforms-field-select-style-classic\" data-field-id=\"4\"><label class=\"wpforms-field-label\" for=\"wpforms-2735-field_4\">Duraci\u00f3n <span class=\"wpforms-required-label\" aria-hidden=\"true\">*<\/span><\/label><select id=\"wpforms-2735-field_4\" class=\"wpforms-field-medium wpforms-field-required\" name=\"wpforms[fields][4]\" required=\"required\"><option value=\"30 minutos\"  class=\"choice-1 depth-1\"  >30 minutos<\/option><option value=\"60 minutos\"  class=\"choice-2 depth-1\"  >60 minutos<\/option><option value=\"90 minutos\"  class=\"choice-3 depth-1\"  >90 minutos<\/option><\/select><\/div><div id=\"wpforms-2735-field_6-container\" class=\"wpforms-field wpforms-field-text\" data-field-id=\"6\"><label class=\"wpforms-field-label\" for=\"wpforms-2735-field_6\">Institutuci\u00f3n o centro <span class=\"wpforms-required-label\" aria-hidden=\"true\">*<\/span><\/label><input type=\"text\" id=\"wpforms-2735-field_6\" class=\"wpforms-field-medium wpforms-field-required\" name=\"wpforms[fields][6]\" aria-errormessage=\"wpforms-2735-field_6-error\" required><\/div><div id=\"wpforms-2735-field_8-container\" class=\"wpforms-field wpforms-field-text\" data-field-id=\"8\"><label class=\"wpforms-field-label\" for=\"wpforms-2735-field_8\">Curso o nivel acad\u00e9mico <span class=\"wpforms-required-label\" aria-hidden=\"true\">*<\/span><\/label><input type=\"text\" id=\"wpforms-2735-field_8\" class=\"wpforms-field-medium wpforms-field-required\" name=\"wpforms[fields][8]\" aria-errormessage=\"wpforms-2735-field_8-error\" required><\/div><div id=\"wpforms-2735-field_18-container\" class=\"wpforms-field wpforms-field-number\" data-field-id=\"18\"><label class=\"wpforms-field-label\" for=\"wpforms-2735-field_18\">N\u00famero de asistentes <span class=\"wpforms-required-label\" aria-hidden=\"true\">*<\/span><\/label><input type=\"number\" id=\"wpforms-2735-field_18\" class=\"wpforms-field-medium wpforms-field-required\" name=\"wpforms[fields][18]\" min=\"1\" step=\"any\" aria-errormessage=\"wpforms-2735-field_18-error\" required><\/div><div id=\"wpforms-2735-field_7-container\" class=\"wpforms-field wpforms-field-text\" data-field-id=\"7\"><label class=\"wpforms-field-label\" for=\"wpforms-2735-field_7\">Localidad <span class=\"wpforms-required-label\" aria-hidden=\"true\">*<\/span><\/label><input type=\"text\" id=\"wpforms-2735-field_7\" class=\"wpforms-field-medium wpforms-field-required\" name=\"wpforms[fields][7]\" aria-errormessage=\"wpforms-2735-field_7-error\" required><\/div><div id=\"wpforms-2735-field_13-container\" class=\"wpforms-field wpforms-field-name\" data-field-id=\"13\"><fieldset><legend class=\"wpforms-field-label\">Nombre del responsable <span class=\"wpforms-required-label\" aria-hidden=\"true\">*<\/span><\/legend><div class=\"wpforms-field-row wpforms-field-medium\"><div class=\"wpforms-field-row-block wpforms-first wpforms-one-half\"><input type=\"text\" id=\"wpforms-2735-field_13\" class=\"wpforms-field-name-first wpforms-field-required\" name=\"wpforms[fields][13][first]\" aria-errormessage=\"wpforms-2735-field_13-error\" required><label for=\"wpforms-2735-field_13\" class=\"wpforms-field-sublabel after\">First<\/label><\/div><div class=\"wpforms-field-row-block wpforms-one-half\"><input type=\"text\" id=\"wpforms-2735-field_13-last\" class=\"wpforms-field-name-last wpforms-field-required\" name=\"wpforms[fields][13][last]\" aria-errormessage=\"wpforms-2735-field_13-last-error\" required><label for=\"wpforms-2735-field_13-last\" class=\"wpforms-field-sublabel after\">Last<\/label><\/div><\/div><\/fieldset><\/div><div id=\"wpforms-2735-field_14-container\" class=\"wpforms-field wpforms-field-text\" data-field-id=\"14\"><label class=\"wpforms-field-label\" for=\"wpforms-2735-field_14\">Tel\u00e9fono <span class=\"wpforms-required-label\" aria-hidden=\"true\">*<\/span><\/label><input type=\"text\" id=\"wpforms-2735-field_14\" class=\"wpforms-field-medium wpforms-field-required wpforms-limit-characters-enabled\" data-form-id=\"2735\" data-field-id=\"14\" data-text-limit=\"9\" name=\"wpforms[fields][14]\" aria-errormessage=\"wpforms-2735-field_14-error\" maxlength=\"9\" required><\/div><div id=\"wpforms-2735-field_15-container\" class=\"wpforms-field wpforms-field-email\" data-field-id=\"15\"><label class=\"wpforms-field-label\" for=\"wpforms-2735-field_15\">Correo electr\u00f3nico <span class=\"wpforms-required-label\" aria-hidden=\"true\">*<\/span><\/label><input type=\"email\" id=\"wpforms-2735-field_15\" class=\"wpforms-field-medium wpforms-field-required\" name=\"wpforms[fields][15]\" spellcheck=\"false\" aria-errormessage=\"wpforms-2735-field_15-error\" required><\/div><div id=\"wpforms-2735-field_16-container\" class=\"wpforms-field wpforms-field-textarea\" data-field-id=\"16\"><label class=\"wpforms-field-label\" for=\"wpforms-2735-field_16\">Comentarios adicionales<\/label><textarea id=\"wpforms-2735-field_16\" class=\"wpforms-field-medium\" name=\"wpforms[fields][16]\" aria-errormessage=\"wpforms-2735-field_16-error\" ><\/textarea><\/div><\/div><!-- .wpforms-field-container --><div class=\"wpforms-recaptcha-container wpforms-is-recaptcha wpforms-is-recaptcha-type-v2\" ><div class=\"g-recaptcha\" data-sitekey=\"6LcrSrAsAAAAACehamwPM5oAKulMxVFxnCKJDWwA\"><\/div><input type=\"text\" name=\"g-recaptcha-hidden\" class=\"wpforms-recaptcha-hidden\" style=\"position:absolute!important;clip:rect(0,0,0,0)!important;height:1px!important;width:1px!important;border:0!important;overflow:hidden!important;padding:0!important;margin:0!important;\" data-rule-recaptcha=\"1\"><\/div><div class=\"wpforms-submit-container\" ><input type=\"hidden\" name=\"wpforms[id]\" value=\"2735\"><input type=\"hidden\" name=\"page_title\" value=\"\"><input type=\"hidden\" name=\"page_url\" value=\"https:\/\/computaex.es\/en\/wp-json\/wp\/v2\/pages\/2733\"><input type=\"hidden\" name=\"url_referer\" value=\"\"><button type=\"submit\" name=\"wpforms[submit]\" id=\"wpforms-submit-2735\" class=\"wpforms-submit\" data-alt-text=\"Enviando...\" data-submit-text=\"Enviar\" aria-live=\"assertive\" value=\"wpforms-submit\">Enviar<\/button><img decoding=\"async\" src=\"https:\/\/computaex.es\/wp-content\/plugins\/wpforms-lite\/assets\/images\/submit-spin.svg\" class=\"wpforms-submit-spinner\" style=\"display: none;\" width=\"26\" height=\"26\" alt=\"Loading\"><\/div><\/form><\/div>  <!-- .wpforms-container -->\t\t\t\t<\/div>\n\t\t\t\t<\/div>\n\t\t\t\t\t<\/div>\n\t\t\t\t<\/div>\n\t\t\t\t<\/div>\n\t\t","protected":false},"excerpt":{"rendered":"<p>COMPUTAEX ofrece la posibilidad de realizar visitas guiadas a grupos, para conocer sus instalaciones, presentando tanto la Fundaci\u00f3n como el Centro de Supercomputaci\u00f3n de Extremadura y\u00a0sus tres supercomputadores:\u00a0LUSITANIA,\u00a0LUSITANIA II\u00a0y\u00a0LUSITANIA III. &#8230;<\/p>","protected":false},"author":1,"featured_media":0,"parent":0,"menu_order":0,"comment_status":"closed","ping_status":"closed","template":"","meta":{"footnotes":""},"categories":[],"tags":[],"class_list":["post-2733","page","type-page","status-publish","hentry"],"yoast_head":"<!-- This site is optimized with the Yoast SEO plugin v27.1.1 - https:\/\/yoast.com\/product\/yoast-seo-wordpress\/ -->\n<title>Visita COMPUTAEX - Fundaci\u00f3n COMPUTAEX<\/title>\n<meta name=\"robots\" content=\"index, follow, max-snippet:-1, max-image-preview:large, max-video-preview:-1\" \/>\n<link rel=\"canonical\" href=\"https:\/\/computaex.es\/en\/visita-computaex\/\" \/>\n<meta property=\"og:locale\" content=\"en_US\" \/>\n<meta property=\"og:type\" content=\"article\" \/>\n<meta property=\"og:title\" content=\"Visita COMPUTAEX - Fundaci\u00f3n COMPUTAEX\" \/>\n<meta property=\"og:description\" content=\"COMPUTAEX ofrece la posibilidad de realizar visitas guiadas a grupos, para conocer sus instalaciones, presentando tanto la Fundaci\u00f3n como el Centro de Supercomputaci\u00f3n de Extremadura y\u00a0sus tres supercomputadores:\u00a0LUSITANIA,\u00a0LUSITANIA II\u00a0y\u00a0LUSITANIA III. ...\" \/>\n<meta property=\"og:url\" content=\"https:\/\/computaex.es\/en\/visita-computaex\/\" \/>\n<meta property=\"og:site_name\" content=\"Fundaci\u00f3n COMPUTAEX\" \/>\n<meta property=\"article:publisher\" content=\"https:\/\/m.facebook.com\/computaex\/\" \/>\n<meta property=\"article:modified_time\" content=\"2025-07-23T08:03:44+00:00\" \/>\n<meta property=\"og:image\" content=\"https:\/\/web.computaex.es\/wp-content\/plugins\/wpforms-lite\/assets\/images\/submit-spin.svg\" \/>\n<meta name=\"twitter:card\" content=\"summary_large_image\" \/>\n<meta name=\"twitter:site\" content=\"@computaex\" \/>\n<meta name=\"twitter:label1\" content=\"Est. reading time\" \/>\n\t<meta name=\"twitter:data1\" content=\"1 minute\" \/>\n<script type=\"application\/ld+json\" class=\"yoast-schema-graph\">{\"@context\":\"https:\/\/schema.org\",\"@graph\":[{\"@type\":\"WebPage\",\"@id\":\"https:\/\/computaex.es\/visita-computaex\/\",\"url\":\"https:\/\/computaex.es\/visita-computaex\/\",\"name\":\"Visita COMPUTAEX - Fundaci\u00f3n COMPUTAEX\",\"isPartOf\":{\"@id\":\"https:\/\/computaex.es\/#website\"},\"primaryImageOfPage\":{\"@id\":\"https:\/\/computaex.es\/visita-computaex\/#primaryimage\"},\"image\":{\"@id\":\"https:\/\/computaex.es\/visita-computaex\/#primaryimage\"},\"thumbnailUrl\":\"https:\/\/web.computaex.es\/wp-content\/plugins\/wpforms-lite\/assets\/images\/submit-spin.svg\",\"datePublished\":\"2024-04-12T06:50:35+00:00\",\"dateModified\":\"2025-07-23T08:03:44+00:00\",\"breadcrumb\":{\"@id\":\"https:\/\/computaex.es\/visita-computaex\/#breadcrumb\"},\"inLanguage\":\"en-US\",\"potentialAction\":[{\"@type\":\"ReadAction\",\"target\":[\"https:\/\/computaex.es\/visita-computaex\/\"]}]},{\"@type\":\"ImageObject\",\"inLanguage\":\"en-US\",\"@id\":\"https:\/\/computaex.es\/visita-computaex\/#primaryimage\",\"url\":\"https:\/\/web.computaex.es\/wp-content\/plugins\/wpforms-lite\/assets\/images\/submit-spin.svg\",\"contentUrl\":\"https:\/\/web.computaex.es\/wp-content\/plugins\/wpforms-lite\/assets\/images\/submit-spin.svg\"},{\"@type\":\"BreadcrumbList\",\"@id\":\"https:\/\/computaex.es\/visita-computaex\/#breadcrumb\",\"itemListElement\":[{\"@type\":\"ListItem\",\"position\":1,\"name\":\"Portada\",\"item\":\"https:\/\/computaex.es\/\"},{\"@type\":\"ListItem\",\"position\":2,\"name\":\"Visita COMPUTAEX\"}]},{\"@type\":\"WebSite\",\"@id\":\"https:\/\/computaex.es\/#website\",\"url\":\"https:\/\/computaex.es\/\",\"name\":\"Fundaci\u00f3n COMPUTAEX\",\"description\":\"COMPUTAEX\",\"publisher\":{\"@id\":\"https:\/\/computaex.es\/#organization\"},\"potentialAction\":[{\"@type\":\"SearchAction\",\"target\":{\"@type\":\"EntryPoint\",\"urlTemplate\":\"https:\/\/computaex.es\/?s={search_term_string}\"},\"query-input\":{\"@type\":\"PropertyValueSpecification\",\"valueRequired\":true,\"valueName\":\"search_term_string\"}}],\"inLanguage\":\"en-US\"},{\"@type\":\"Organization\",\"@id\":\"https:\/\/computaex.es\/#organization\",\"name\":\"COMPUTAEX\",\"url\":\"https:\/\/computaex.es\/\",\"logo\":{\"@type\":\"ImageObject\",\"inLanguage\":\"en-US\",\"@id\":\"https:\/\/computaex.es\/#\/schema\/logo\/image\/\",\"url\":\"https:\/\/computaex.es\/wp-content\/uploads\/2025\/05\/cropped-COMPUTAEX_transparente-scaled-1.png\",\"contentUrl\":\"https:\/\/computaex.es\/wp-content\/uploads\/2025\/05\/cropped-COMPUTAEX_transparente-scaled-1.png\",\"width\":2560,\"height\":970,\"caption\":\"COMPUTAEX\"},\"image\":{\"@id\":\"https:\/\/computaex.es\/#\/schema\/logo\/image\/\"},\"sameAs\":[\"https:\/\/m.facebook.com\/computaex\/\",\"https:\/\/x.com\/computaex\",\"https:\/\/es.linkedin.com\/company\/cenits\"]}]}<\/script>\n<!-- \/ Yoast SEO plugin. -->","yoast_head_json":{"title":"Visita COMPUTAEX - Fundaci\u00f3n COMPUTAEX","robots":{"index":"index","follow":"follow","max-snippet":"max-snippet:-1","max-image-preview":"max-image-preview:large","max-video-preview":"max-video-preview:-1"},"canonical":"https:\/\/computaex.es\/en\/visita-computaex\/","og_locale":"en_US","og_type":"article","og_title":"Visita COMPUTAEX - Fundaci\u00f3n COMPUTAEX","og_description":"COMPUTAEX ofrece la posibilidad de realizar visitas guiadas a grupos, para conocer sus instalaciones, presentando tanto la Fundaci\u00f3n como el Centro de Supercomputaci\u00f3n de Extremadura y\u00a0sus tres supercomputadores:\u00a0LUSITANIA,\u00a0LUSITANIA II\u00a0y\u00a0LUSITANIA III. ...","og_url":"https:\/\/computaex.es\/en\/visita-computaex\/","og_site_name":"Fundaci\u00f3n COMPUTAEX","article_publisher":"https:\/\/m.facebook.com\/computaex\/","article_modified_time":"2025-07-23T08:03:44+00:00","og_image":[{"url":"https:\/\/web.computaex.es\/wp-content\/plugins\/wpforms-lite\/assets\/images\/submit-spin.svg","type":"","width":"","height":""}],"twitter_card":"summary_large_image","twitter_site":"@computaex","twitter_misc":{"Est. reading time":"1 minute"},"schema":{"@context":"https:\/\/schema.org","@graph":[{"@type":"WebPage","@id":"https:\/\/computaex.es\/visita-computaex\/","url":"https:\/\/computaex.es\/visita-computaex\/","name":"Visita COMPUTAEX - Fundaci\u00f3n COMPUTAEX","isPartOf":{"@id":"https:\/\/computaex.es\/#website"},"primaryImageOfPage":{"@id":"https:\/\/computaex.es\/visita-computaex\/#primaryimage"},"image":{"@id":"https:\/\/computaex.es\/visita-computaex\/#primaryimage"},"thumbnailUrl":"https:\/\/web.computaex.es\/wp-content\/plugins\/wpforms-lite\/assets\/images\/submit-spin.svg","datePublished":"2024-04-12T06:50:35+00:00","dateModified":"2025-07-23T08:03:44+00:00","breadcrumb":{"@id":"https:\/\/computaex.es\/visita-computaex\/#breadcrumb"},"inLanguage":"en-US","potentialAction":[{"@type":"ReadAction","target":["https:\/\/computaex.es\/visita-computaex\/"]}]},{"@type":"ImageObject","inLanguage":"en-US","@id":"https:\/\/computaex.es\/visita-computaex\/#primaryimage","url":"https:\/\/web.computaex.es\/wp-content\/plugins\/wpforms-lite\/assets\/images\/submit-spin.svg","contentUrl":"https:\/\/web.computaex.es\/wp-content\/plugins\/wpforms-lite\/assets\/images\/submit-spin.svg"},{"@type":"BreadcrumbList","@id":"https:\/\/computaex.es\/visita-computaex\/#breadcrumb","itemListElement":[{"@type":"ListItem","position":1,"name":"Portada","item":"https:\/\/computaex.es\/"},{"@type":"ListItem","position":2,"name":"Visita COMPUTAEX"}]},{"@type":"WebSite","@id":"https:\/\/computaex.es\/#website","url":"https:\/\/computaex.es\/","name":"COMPUTAEX Foundation","description":"COMPUTAEX","publisher":{"@id":"https:\/\/computaex.es\/#organization"},"potentialAction":[{"@type":"SearchAction","target":{"@type":"EntryPoint","urlTemplate":"https:\/\/computaex.es\/?s={search_term_string}"},"query-input":{"@type":"PropertyValueSpecification","valueRequired":true,"valueName":"search_term_string"}}],"inLanguage":"en-US"},{"@type":"Organization","@id":"https:\/\/computaex.es\/#organization","name":"COMPUTAEX","url":"https:\/\/computaex.es\/","logo":{"@type":"ImageObject","inLanguage":"en-US","@id":"https:\/\/computaex.es\/#\/schema\/logo\/image\/","url":"https:\/\/computaex.es\/wp-content\/uploads\/2025\/05\/cropped-COMPUTAEX_transparente-scaled-1.png","contentUrl":"https:\/\/computaex.es\/wp-content\/uploads\/2025\/05\/cropped-COMPUTAEX_transparente-scaled-1.png","width":2560,"height":970,"caption":"COMPUTAEX"},"image":{"@id":"https:\/\/computaex.es\/#\/schema\/logo\/image\/"},"sameAs":["https:\/\/m.facebook.com\/computaex\/","https:\/\/x.com\/computaex","https:\/\/es.linkedin.com\/company\/cenits"]}]}},"_links":{"self":[{"href":"https:\/\/computaex.es\/en\/wp-json\/wp\/v2\/pages\/2733","targetHints":{"allow":["GET"]}}],"collection":[{"href":"https:\/\/computaex.es\/en\/wp-json\/wp\/v2\/pages"}],"about":[{"href":"https:\/\/computaex.es\/en\/wp-json\/wp\/v2\/types\/page"}],"author":[{"embeddable":true,"href":"https:\/\/computaex.es\/en\/wp-json\/wp\/v2\/users\/1"}],"replies":[{"embeddable":true,"href":"https:\/\/computaex.es\/en\/wp-json\/wp\/v2\/comments?post=2733"}],"version-history":[{"count":26,"href":"https:\/\/computaex.es\/en\/wp-json\/wp\/v2\/pages\/2733\/revisions"}],"predecessor-version":[{"id":8235,"href":"https:\/\/computaex.es\/en\/wp-json\/wp\/v2\/pages\/2733\/revisions\/8235"}],"wp:attachment":[{"href":"https:\/\/computaex.es\/en\/wp-json\/wp\/v2\/media?parent=2733"}],"wp:term":[{"taxonomy":"category","embeddable":true,"href":"https:\/\/computaex.es\/en\/wp-json\/wp\/v2\/categories?post=2733"},{"taxonomy":"post_tag","embeddable":true,"href":"https:\/\/computaex.es\/en\/wp-json\/wp\/v2\/tags?post=2733"}],"curies":[{"name":"wp","href":"https:\/\/api.w.org\/{rel}","templated":true}]}}