{"id":2778,"date":"2024-04-15T09:31:10","date_gmt":"2024-04-15T07:31:10","guid":{"rendered":"http:\/\/10.128.3.28\/?page_id=2778"},"modified":"2025-09-02T09:37:13","modified_gmt":"2025-09-02T07:37:13","slug":"memoria-computaex-2018","status":"publish","type":"page","link":"https:\/\/computaex.es\/en\/memorias-anuales\/memoria-computaex-2018\/","title":{"rendered":"Memoria COMPUTAEX 2018"},"content":{"rendered":"<div class=\"field-label\">Informaci\u00f3n relacionada:<\/div>\n<div class=\"field-items\">\n<div class=\"field-item even\">\n<p>T\u00edtulo: Memoria Anual 2018 de la Fundaci\u00f3n COMPUTAEX<br \/>\nISBN &#8211; 13: 978-84-09-12810-5.<br \/>\nDep\u00f3sito Legal: BA-414-19<br \/>\nFecha: Julio, 2019.<br \/>\n<a href=\"\/wp-content\/uploads\/2024\/04\/computaex-memoria-2018.pdf\" target=\"_blank\" rel=\"noopener\">Descarga en formato PDF <img decoding=\"async\" class=\"alignnone size-full wp-image-8562\" style=\"display: inline-block; vertical-align: middle; margin-left: 4px;\" src=\"\/wp-content\/uploads\/2025\/07\/icono-pdf-e1753341024523.png\" alt=\"\" width=\"16\" height=\"20\" \/><\/a><\/p>\n<\/div>\n<\/div>\n<div class=\"_df_book df-lite\" id=\"df_3146\"  _slug=\"memoria-computaex-2018\" data-title=\"memoria-computaex-2018\" wpoptions=\"true\" thumbtype=\"\" ><\/div><script class=\"df-shortcode-script\" nowprocket type=\"application\/javascript\">window.option_df_3146 = {\"outline\":[],\"autoEnableOutline\":\"false\",\"autoEnableThumbnail\":\"false\",\"overwritePDFOutline\":\"false\",\"direction\":\"1\",\"pageSize\":\"0\",\"source\":\"\\\/wp-content\\\/uploads\\\/2024\\\/04\\\/computaex-memoria-2018.pdf\",\"wpOptions\":\"true\"}; if(window.DFLIP && window.DFLIP.parseBooks){window.DFLIP.parseBooks();}<\/script>","protected":false},"excerpt":{"rendered":"<p>Informaci\u00f3n relacionada: T\u00edtulo: Memoria Anual 2018 de la Fundaci\u00f3n COMPUTAEX ISBN &#8211; 13: 978-84-09-12810-5. Dep\u00f3sito Legal: BA-414-19 Fecha: Julio, 2019. Descarga en formato PDF<\/p>","protected":false},"author":1,"featured_media":0,"parent":1579,"menu_order":0,"comment_status":"closed","ping_status":"closed","template":"","meta":{"footnotes":""},"categories":[],"tags":[],"class_list":["post-2778","page","type-page","status-publish","hentry"],"yoast_head":"<!-- This site is optimized with the Yoast SEO plugin v27.1.1 - https:\/\/yoast.com\/product\/yoast-seo-wordpress\/ -->\n<title>Memoria COMPUTAEX 2018 - Fundaci\u00f3n COMPUTAEX<\/title>\n<meta name=\"robots\" content=\"index, follow, max-snippet:-1, max-image-preview:large, max-video-preview:-1\" \/>\n<link rel=\"canonical\" href=\"https:\/\/computaex.es\/en\/memorias-anuales\/memoria-computaex-2018\/\" \/>\n<meta property=\"og:locale\" content=\"en_US\" \/>\n<meta property=\"og:type\" content=\"article\" \/>\n<meta property=\"og:title\" content=\"Memoria COMPUTAEX 2018 - Fundaci\u00f3n COMPUTAEX\" \/>\n<meta property=\"og:description\" content=\"Informaci\u00f3n relacionada: T\u00edtulo: Memoria Anual 2018 de la Fundaci\u00f3n COMPUTAEX ISBN &#8211; 13: 978-84-09-12810-5. Dep\u00f3sito Legal: BA-414-19 Fecha: Julio, 2019. Descarga en formato PDF\" \/>\n<meta property=\"og:url\" content=\"https:\/\/computaex.es\/en\/memorias-anuales\/memoria-computaex-2018\/\" \/>\n<meta property=\"og:site_name\" content=\"Fundaci\u00f3n COMPUTAEX\" \/>\n<meta property=\"article:publisher\" content=\"https:\/\/m.facebook.com\/computaex\/\" \/>\n<meta property=\"article:modified_time\" content=\"2025-09-02T07:37:13+00:00\" \/>\n<meta property=\"og:image\" content=\"https:\/\/computaex.es\/wp-content\/uploads\/2025\/08\/COMPUTAEX.jpg\" \/>\n\t<meta property=\"og:image:width\" content=\"1024\" \/>\n\t<meta property=\"og:image:height\" content=\"403\" \/>\n\t<meta property=\"og:image:type\" content=\"image\/jpeg\" \/>\n<meta name=\"twitter:card\" content=\"summary_large_image\" \/>\n<meta name=\"twitter:site\" content=\"@computaex\" \/>\n<meta name=\"twitter:label1\" content=\"Est. reading time\" \/>\n\t<meta name=\"twitter:data1\" content=\"1 minute\" \/>\n<script type=\"application\/ld+json\" class=\"yoast-schema-graph\">{\"@context\":\"https:\/\/schema.org\",\"@graph\":[{\"@type\":\"WebPage\",\"@id\":\"https:\/\/computaex.es\/memorias-anuales\/memoria-computaex-2018\/\",\"url\":\"https:\/\/computaex.es\/memorias-anuales\/memoria-computaex-2018\/\",\"name\":\"Memoria COMPUTAEX 2018 - Fundaci\u00f3n COMPUTAEX\",\"isPartOf\":{\"@id\":\"https:\/\/computaex.es\/#website\"},\"datePublished\":\"2024-04-15T07:31:10+00:00\",\"dateModified\":\"2025-09-02T07:37:13+00:00\",\"breadcrumb\":{\"@id\":\"https:\/\/computaex.es\/memorias-anuales\/memoria-computaex-2018\/#breadcrumb\"},\"inLanguage\":\"en-US\",\"potentialAction\":[{\"@type\":\"ReadAction\",\"target\":[\"https:\/\/computaex.es\/memorias-anuales\/memoria-computaex-2018\/\"]}]},{\"@type\":\"BreadcrumbList\",\"@id\":\"https:\/\/computaex.es\/memorias-anuales\/memoria-computaex-2018\/#breadcrumb\",\"itemListElement\":[{\"@type\":\"ListItem\",\"position\":1,\"name\":\"Portada\",\"item\":\"https:\/\/computaex.es\/\"},{\"@type\":\"ListItem\",\"position\":2,\"name\":\"Memorias anuales\",\"item\":\"https:\/\/computaex.es\/memorias-anuales\/\"},{\"@type\":\"ListItem\",\"position\":3,\"name\":\"Memoria COMPUTAEX 2018\"}]},{\"@type\":\"WebSite\",\"@id\":\"https:\/\/computaex.es\/#website\",\"url\":\"https:\/\/computaex.es\/\",\"name\":\"Fundaci\u00f3n COMPUTAEX\",\"description\":\"COMPUTAEX\",\"publisher\":{\"@id\":\"https:\/\/computaex.es\/#organization\"},\"potentialAction\":[{\"@type\":\"SearchAction\",\"target\":{\"@type\":\"EntryPoint\",\"urlTemplate\":\"https:\/\/computaex.es\/?s={search_term_string}\"},\"query-input\":{\"@type\":\"PropertyValueSpecification\",\"valueRequired\":true,\"valueName\":\"search_term_string\"}}],\"inLanguage\":\"en-US\"},{\"@type\":\"Organization\",\"@id\":\"https:\/\/computaex.es\/#organization\",\"name\":\"COMPUTAEX\",\"url\":\"https:\/\/computaex.es\/\",\"logo\":{\"@type\":\"ImageObject\",\"inLanguage\":\"en-US\",\"@id\":\"https:\/\/computaex.es\/#\/schema\/logo\/image\/\",\"url\":\"https:\/\/computaex.es\/wp-content\/uploads\/2025\/05\/cropped-COMPUTAEX_transparente-scaled-1.png\",\"contentUrl\":\"https:\/\/computaex.es\/wp-content\/uploads\/2025\/05\/cropped-COMPUTAEX_transparente-scaled-1.png\",\"width\":2560,\"height\":970,\"caption\":\"COMPUTAEX\"},\"image\":{\"@id\":\"https:\/\/computaex.es\/#\/schema\/logo\/image\/\"},\"sameAs\":[\"https:\/\/m.facebook.com\/computaex\/\",\"https:\/\/x.com\/computaex\",\"https:\/\/es.linkedin.com\/company\/cenits\"]}]}<\/script>\n<!-- \/ Yoast SEO plugin. -->","yoast_head_json":{"title":"Memoria COMPUTAEX 2018 - Fundaci\u00f3n COMPUTAEX","robots":{"index":"index","follow":"follow","max-snippet":"max-snippet:-1","max-image-preview":"max-image-preview:large","max-video-preview":"max-video-preview:-1"},"canonical":"https:\/\/computaex.es\/en\/memorias-anuales\/memoria-computaex-2018\/","og_locale":"en_US","og_type":"article","og_title":"Memoria COMPUTAEX 2018 - Fundaci\u00f3n COMPUTAEX","og_description":"Informaci\u00f3n relacionada: T\u00edtulo: Memoria Anual 2018 de la Fundaci\u00f3n COMPUTAEX ISBN &#8211; 13: 978-84-09-12810-5. Dep\u00f3sito Legal: BA-414-19 Fecha: Julio, 2019. Descarga en formato PDF","og_url":"https:\/\/computaex.es\/en\/memorias-anuales\/memoria-computaex-2018\/","og_site_name":"Fundaci\u00f3n COMPUTAEX","article_publisher":"https:\/\/m.facebook.com\/computaex\/","article_modified_time":"2025-09-02T07:37:13+00:00","og_image":[{"width":1024,"height":403,"url":"https:\/\/computaex.es\/wp-content\/uploads\/2025\/08\/COMPUTAEX.jpg","type":"image\/jpeg"}],"twitter_card":"summary_large_image","twitter_site":"@computaex","twitter_misc":{"Est. reading time":"1 minute"},"schema":{"@context":"https:\/\/schema.org","@graph":[{"@type":"WebPage","@id":"https:\/\/computaex.es\/memorias-anuales\/memoria-computaex-2018\/","url":"https:\/\/computaex.es\/memorias-anuales\/memoria-computaex-2018\/","name":"Memoria COMPUTAEX 2018 - Fundaci\u00f3n COMPUTAEX","isPartOf":{"@id":"https:\/\/computaex.es\/#website"},"datePublished":"2024-04-15T07:31:10+00:00","dateModified":"2025-09-02T07:37:13+00:00","breadcrumb":{"@id":"https:\/\/computaex.es\/memorias-anuales\/memoria-computaex-2018\/#breadcrumb"},"inLanguage":"en-US","potentialAction":[{"@type":"ReadAction","target":["https:\/\/computaex.es\/memorias-anuales\/memoria-computaex-2018\/"]}]},{"@type":"BreadcrumbList","@id":"https:\/\/computaex.es\/memorias-anuales\/memoria-computaex-2018\/#breadcrumb","itemListElement":[{"@type":"ListItem","position":1,"name":"Portada","item":"https:\/\/computaex.es\/"},{"@type":"ListItem","position":2,"name":"Memorias anuales","item":"https:\/\/computaex.es\/memorias-anuales\/"},{"@type":"ListItem","position":3,"name":"Memoria COMPUTAEX 2018"}]},{"@type":"WebSite","@id":"https:\/\/computaex.es\/#website","url":"https:\/\/computaex.es\/","name":"COMPUTAEX Foundation","description":"COMPUTAEX","publisher":{"@id":"https:\/\/computaex.es\/#organization"},"potentialAction":[{"@type":"SearchAction","target":{"@type":"EntryPoint","urlTemplate":"https:\/\/computaex.es\/?s={search_term_string}"},"query-input":{"@type":"PropertyValueSpecification","valueRequired":true,"valueName":"search_term_string"}}],"inLanguage":"en-US"},{"@type":"Organization","@id":"https:\/\/computaex.es\/#organization","name":"COMPUTAEX","url":"https:\/\/computaex.es\/","logo":{"@type":"ImageObject","inLanguage":"en-US","@id":"https:\/\/computaex.es\/#\/schema\/logo\/image\/","url":"https:\/\/computaex.es\/wp-content\/uploads\/2025\/05\/cropped-COMPUTAEX_transparente-scaled-1.png","contentUrl":"https:\/\/computaex.es\/wp-content\/uploads\/2025\/05\/cropped-COMPUTAEX_transparente-scaled-1.png","width":2560,"height":970,"caption":"COMPUTAEX"},"image":{"@id":"https:\/\/computaex.es\/#\/schema\/logo\/image\/"},"sameAs":["https:\/\/m.facebook.com\/computaex\/","https:\/\/x.com\/computaex","https:\/\/es.linkedin.com\/company\/cenits"]}]}},"_links":{"self":[{"href":"https:\/\/computaex.es\/en\/wp-json\/wp\/v2\/pages\/2778","targetHints":{"allow":["GET"]}}],"collection":[{"href":"https:\/\/computaex.es\/en\/wp-json\/wp\/v2\/pages"}],"about":[{"href":"https:\/\/computaex.es\/en\/wp-json\/wp\/v2\/types\/page"}],"author":[{"embeddable":true,"href":"https:\/\/computaex.es\/en\/wp-json\/wp\/v2\/users\/1"}],"replies":[{"embeddable":true,"href":"https:\/\/computaex.es\/en\/wp-json\/wp\/v2\/comments?post=2778"}],"version-history":[{"count":6,"href":"https:\/\/computaex.es\/en\/wp-json\/wp\/v2\/pages\/2778\/revisions"}],"predecessor-version":[{"id":9991,"href":"https:\/\/computaex.es\/en\/wp-json\/wp\/v2\/pages\/2778\/revisions\/9991"}],"up":[{"embeddable":true,"href":"https:\/\/computaex.es\/en\/wp-json\/wp\/v2\/pages\/1579"}],"wp:attachment":[{"href":"https:\/\/computaex.es\/en\/wp-json\/wp\/v2\/media?parent=2778"}],"wp:term":[{"taxonomy":"category","embeddable":true,"href":"https:\/\/computaex.es\/en\/wp-json\/wp\/v2\/categories?post=2778"},{"taxonomy":"post_tag","embeddable":true,"href":"https:\/\/computaex.es\/en\/wp-json\/wp\/v2\/tags?post=2778"}],"curies":[{"name":"wp","href":"https:\/\/api.w.org\/{rel}","templated":true}]}}