{"id":2788,"date":"2024-04-15T09:32:21","date_gmt":"2024-04-15T07:32:21","guid":{"rendered":"http:\/\/10.128.3.28\/?page_id=2788"},"modified":"2025-09-02T09:42:45","modified_gmt":"2025-09-02T07:42:45","slug":"memoria-computaex-2013","status":"publish","type":"page","link":"https:\/\/computaex.es\/en\/memorias-anuales\/memoria-computaex-2013\/","title":{"rendered":"Memoria COMPUTAEX 2013"},"content":{"rendered":"<div class=\"field-label\">Informaci\u00f3n relacionada:<\/div>\n<div class=\"field-items\">\n<div class=\"field-item even\">\n<ul>\n<li>T\u00edtulo: Memoria Anual 2013 de la Fundaci\u00f3n COMPUTAEX<\/li>\n<li>Dep\u00f3sito legal: CC-130-2014.<\/li>\n<li>ISBN &#8211; 10: 84-616-9890-8.<\/li>\n<li>ISBN &#8211; 13: 978-84-616-9890-5.<\/li>\n<li>Fecha: Abril, 2014.<\/li>\n<li><a href=\"\/wp-content\/uploads\/2024\/04\/memoria-anual-2013-fundacion-computaex.pdf\" target=\"_blank\" rel=\"noopener\">Descarga en formato PDF <img decoding=\"async\" class=\"alignnone size-full wp-image-8562\" style=\"display: inline-block; vertical-align: middle; margin-left: 4px;\" src=\"\/wp-content\/uploads\/2025\/07\/icono-pdf-e1753341024523.png\" alt=\"\" width=\"16\" height=\"20\" \/><\/a><\/li>\n<\/ul>\n<\/div>\n<\/div>\n<div class=\"_df_book df-lite\" id=\"df_3124\"  _slug=\"memoria-computaex-2013\" data-title=\"memoria-computaex-2013\" wpoptions=\"true\" thumbtype=\"\" ><\/div><script class=\"df-shortcode-script\" nowprocket type=\"application\/javascript\">window.option_df_3124 = {\"outline\":[],\"autoEnableOutline\":\"false\",\"autoEnableThumbnail\":\"false\",\"overwritePDFOutline\":\"false\",\"direction\":\"1\",\"pageSize\":\"0\",\"source\":\"\\\/wp-content\\\/uploads\\\/2024\\\/04\\\/memoria-anual-2013-fundacion-computaex.pdf\",\"wpOptions\":\"true\"}; if(window.DFLIP && window.DFLIP.parseBooks){window.DFLIP.parseBooks();}<\/script>","protected":false},"excerpt":{"rendered":"<p>Informaci\u00f3n relacionada: T\u00edtulo: Memoria Anual 2013 de la Fundaci\u00f3n COMPUTAEX Dep\u00f3sito legal: CC-130-2014. ISBN &#8211; 10: 84-616-9890-8. ISBN &#8211; 13: 978-84-616-9890-5. Fecha: Abril, 2014. Descarga en formato PDF<\/p>","protected":false},"author":1,"featured_media":0,"parent":1579,"menu_order":0,"comment_status":"closed","ping_status":"closed","template":"","meta":{"footnotes":""},"categories":[],"tags":[],"class_list":["post-2788","page","type-page","status-publish","hentry"],"yoast_head":"<!-- This site is optimized with the Yoast SEO plugin v27.1.1 - https:\/\/yoast.com\/product\/yoast-seo-wordpress\/ -->\n<title>Memoria COMPUTAEX 2013 - Fundaci\u00f3n COMPUTAEX<\/title>\n<meta name=\"robots\" content=\"index, follow, max-snippet:-1, max-image-preview:large, max-video-preview:-1\" \/>\n<link rel=\"canonical\" href=\"https:\/\/computaex.es\/en\/memorias-anuales\/memoria-computaex-2013\/\" \/>\n<meta property=\"og:locale\" content=\"en_US\" \/>\n<meta property=\"og:type\" content=\"article\" \/>\n<meta property=\"og:title\" content=\"Memoria COMPUTAEX 2013 - Fundaci\u00f3n COMPUTAEX\" \/>\n<meta property=\"og:description\" content=\"Informaci\u00f3n relacionada: T\u00edtulo: Memoria Anual 2013 de la Fundaci\u00f3n COMPUTAEX Dep\u00f3sito legal: CC-130-2014. ISBN &#8211; 10: 84-616-9890-8. ISBN &#8211; 13: 978-84-616-9890-5. Fecha: Abril, 2014. Descarga en formato PDF\" \/>\n<meta property=\"og:url\" content=\"https:\/\/computaex.es\/en\/memorias-anuales\/memoria-computaex-2013\/\" \/>\n<meta property=\"og:site_name\" content=\"Fundaci\u00f3n COMPUTAEX\" \/>\n<meta property=\"article:publisher\" content=\"https:\/\/m.facebook.com\/computaex\/\" \/>\n<meta property=\"article:modified_time\" content=\"2025-09-02T07:42:45+00:00\" \/>\n<meta property=\"og:image\" content=\"https:\/\/computaex.es\/wp-content\/uploads\/2025\/08\/COMPUTAEX.jpg\" \/>\n\t<meta property=\"og:image:width\" content=\"1024\" \/>\n\t<meta property=\"og:image:height\" content=\"403\" \/>\n\t<meta property=\"og:image:type\" content=\"image\/jpeg\" \/>\n<meta name=\"twitter:card\" content=\"summary_large_image\" \/>\n<meta name=\"twitter:site\" content=\"@computaex\" \/>\n<meta name=\"twitter:label1\" content=\"Est. reading time\" \/>\n\t<meta name=\"twitter:data1\" content=\"1 minute\" \/>\n<script type=\"application\/ld+json\" class=\"yoast-schema-graph\">{\"@context\":\"https:\/\/schema.org\",\"@graph\":[{\"@type\":\"WebPage\",\"@id\":\"https:\/\/computaex.es\/memorias-anuales\/memoria-computaex-2013\/\",\"url\":\"https:\/\/computaex.es\/memorias-anuales\/memoria-computaex-2013\/\",\"name\":\"Memoria COMPUTAEX 2013 - Fundaci\u00f3n COMPUTAEX\",\"isPartOf\":{\"@id\":\"https:\/\/computaex.es\/#website\"},\"datePublished\":\"2024-04-15T07:32:21+00:00\",\"dateModified\":\"2025-09-02T07:42:45+00:00\",\"breadcrumb\":{\"@id\":\"https:\/\/computaex.es\/memorias-anuales\/memoria-computaex-2013\/#breadcrumb\"},\"inLanguage\":\"en-US\",\"potentialAction\":[{\"@type\":\"ReadAction\",\"target\":[\"https:\/\/computaex.es\/memorias-anuales\/memoria-computaex-2013\/\"]}]},{\"@type\":\"BreadcrumbList\",\"@id\":\"https:\/\/computaex.es\/memorias-anuales\/memoria-computaex-2013\/#breadcrumb\",\"itemListElement\":[{\"@type\":\"ListItem\",\"position\":1,\"name\":\"Portada\",\"item\":\"https:\/\/computaex.es\/\"},{\"@type\":\"ListItem\",\"position\":2,\"name\":\"Memorias anuales\",\"item\":\"https:\/\/computaex.es\/memorias-anuales\/\"},{\"@type\":\"ListItem\",\"position\":3,\"name\":\"Memoria COMPUTAEX 2013\"}]},{\"@type\":\"WebSite\",\"@id\":\"https:\/\/computaex.es\/#website\",\"url\":\"https:\/\/computaex.es\/\",\"name\":\"Fundaci\u00f3n COMPUTAEX\",\"description\":\"COMPUTAEX\",\"publisher\":{\"@id\":\"https:\/\/computaex.es\/#organization\"},\"potentialAction\":[{\"@type\":\"SearchAction\",\"target\":{\"@type\":\"EntryPoint\",\"urlTemplate\":\"https:\/\/computaex.es\/?s={search_term_string}\"},\"query-input\":{\"@type\":\"PropertyValueSpecification\",\"valueRequired\":true,\"valueName\":\"search_term_string\"}}],\"inLanguage\":\"en-US\"},{\"@type\":\"Organization\",\"@id\":\"https:\/\/computaex.es\/#organization\",\"name\":\"COMPUTAEX\",\"url\":\"https:\/\/computaex.es\/\",\"logo\":{\"@type\":\"ImageObject\",\"inLanguage\":\"en-US\",\"@id\":\"https:\/\/computaex.es\/#\/schema\/logo\/image\/\",\"url\":\"https:\/\/computaex.es\/wp-content\/uploads\/2025\/05\/cropped-COMPUTAEX_transparente-scaled-1.png\",\"contentUrl\":\"https:\/\/computaex.es\/wp-content\/uploads\/2025\/05\/cropped-COMPUTAEX_transparente-scaled-1.png\",\"width\":2560,\"height\":970,\"caption\":\"COMPUTAEX\"},\"image\":{\"@id\":\"https:\/\/computaex.es\/#\/schema\/logo\/image\/\"},\"sameAs\":[\"https:\/\/m.facebook.com\/computaex\/\",\"https:\/\/x.com\/computaex\",\"https:\/\/es.linkedin.com\/company\/cenits\"]}]}<\/script>\n<!-- \/ Yoast SEO plugin. -->","yoast_head_json":{"title":"Memoria COMPUTAEX 2013 - Fundaci\u00f3n COMPUTAEX","robots":{"index":"index","follow":"follow","max-snippet":"max-snippet:-1","max-image-preview":"max-image-preview:large","max-video-preview":"max-video-preview:-1"},"canonical":"https:\/\/computaex.es\/en\/memorias-anuales\/memoria-computaex-2013\/","og_locale":"en_US","og_type":"article","og_title":"Memoria COMPUTAEX 2013 - Fundaci\u00f3n COMPUTAEX","og_description":"Informaci\u00f3n relacionada: T\u00edtulo: Memoria Anual 2013 de la Fundaci\u00f3n COMPUTAEX Dep\u00f3sito legal: CC-130-2014. ISBN &#8211; 10: 84-616-9890-8. ISBN &#8211; 13: 978-84-616-9890-5. Fecha: Abril, 2014. Descarga en formato PDF","og_url":"https:\/\/computaex.es\/en\/memorias-anuales\/memoria-computaex-2013\/","og_site_name":"Fundaci\u00f3n COMPUTAEX","article_publisher":"https:\/\/m.facebook.com\/computaex\/","article_modified_time":"2025-09-02T07:42:45+00:00","og_image":[{"width":1024,"height":403,"url":"https:\/\/computaex.es\/wp-content\/uploads\/2025\/08\/COMPUTAEX.jpg","type":"image\/jpeg"}],"twitter_card":"summary_large_image","twitter_site":"@computaex","twitter_misc":{"Est. reading time":"1 minute"},"schema":{"@context":"https:\/\/schema.org","@graph":[{"@type":"WebPage","@id":"https:\/\/computaex.es\/memorias-anuales\/memoria-computaex-2013\/","url":"https:\/\/computaex.es\/memorias-anuales\/memoria-computaex-2013\/","name":"Memoria COMPUTAEX 2013 - Fundaci\u00f3n COMPUTAEX","isPartOf":{"@id":"https:\/\/computaex.es\/#website"},"datePublished":"2024-04-15T07:32:21+00:00","dateModified":"2025-09-02T07:42:45+00:00","breadcrumb":{"@id":"https:\/\/computaex.es\/memorias-anuales\/memoria-computaex-2013\/#breadcrumb"},"inLanguage":"en-US","potentialAction":[{"@type":"ReadAction","target":["https:\/\/computaex.es\/memorias-anuales\/memoria-computaex-2013\/"]}]},{"@type":"BreadcrumbList","@id":"https:\/\/computaex.es\/memorias-anuales\/memoria-computaex-2013\/#breadcrumb","itemListElement":[{"@type":"ListItem","position":1,"name":"Portada","item":"https:\/\/computaex.es\/"},{"@type":"ListItem","position":2,"name":"Memorias anuales","item":"https:\/\/computaex.es\/memorias-anuales\/"},{"@type":"ListItem","position":3,"name":"Memoria COMPUTAEX 2013"}]},{"@type":"WebSite","@id":"https:\/\/computaex.es\/#website","url":"https:\/\/computaex.es\/","name":"COMPUTAEX Foundation","description":"COMPUTAEX","publisher":{"@id":"https:\/\/computaex.es\/#organization"},"potentialAction":[{"@type":"SearchAction","target":{"@type":"EntryPoint","urlTemplate":"https:\/\/computaex.es\/?s={search_term_string}"},"query-input":{"@type":"PropertyValueSpecification","valueRequired":true,"valueName":"search_term_string"}}],"inLanguage":"en-US"},{"@type":"Organization","@id":"https:\/\/computaex.es\/#organization","name":"COMPUTAEX","url":"https:\/\/computaex.es\/","logo":{"@type":"ImageObject","inLanguage":"en-US","@id":"https:\/\/computaex.es\/#\/schema\/logo\/image\/","url":"https:\/\/computaex.es\/wp-content\/uploads\/2025\/05\/cropped-COMPUTAEX_transparente-scaled-1.png","contentUrl":"https:\/\/computaex.es\/wp-content\/uploads\/2025\/05\/cropped-COMPUTAEX_transparente-scaled-1.png","width":2560,"height":970,"caption":"COMPUTAEX"},"image":{"@id":"https:\/\/computaex.es\/#\/schema\/logo\/image\/"},"sameAs":["https:\/\/m.facebook.com\/computaex\/","https:\/\/x.com\/computaex","https:\/\/es.linkedin.com\/company\/cenits"]}]}},"_links":{"self":[{"href":"https:\/\/computaex.es\/en\/wp-json\/wp\/v2\/pages\/2788","targetHints":{"allow":["GET"]}}],"collection":[{"href":"https:\/\/computaex.es\/en\/wp-json\/wp\/v2\/pages"}],"about":[{"href":"https:\/\/computaex.es\/en\/wp-json\/wp\/v2\/types\/page"}],"author":[{"embeddable":true,"href":"https:\/\/computaex.es\/en\/wp-json\/wp\/v2\/users\/1"}],"replies":[{"embeddable":true,"href":"https:\/\/computaex.es\/en\/wp-json\/wp\/v2\/comments?post=2788"}],"version-history":[{"count":7,"href":"https:\/\/computaex.es\/en\/wp-json\/wp\/v2\/pages\/2788\/revisions"}],"predecessor-version":[{"id":10002,"href":"https:\/\/computaex.es\/en\/wp-json\/wp\/v2\/pages\/2788\/revisions\/10002"}],"up":[{"embeddable":true,"href":"https:\/\/computaex.es\/en\/wp-json\/wp\/v2\/pages\/1579"}],"wp:attachment":[{"href":"https:\/\/computaex.es\/en\/wp-json\/wp\/v2\/media?parent=2788"}],"wp:term":[{"taxonomy":"category","embeddable":true,"href":"https:\/\/computaex.es\/en\/wp-json\/wp\/v2\/categories?post=2788"},{"taxonomy":"post_tag","embeddable":true,"href":"https:\/\/computaex.es\/en\/wp-json\/wp\/v2\/tags?post=2788"}],"curies":[{"name":"wp","href":"https:\/\/api.w.org\/{rel}","templated":true}]}}