{"id":3107,"date":"2024-04-15T14:07:09","date_gmt":"2024-04-15T12:07:09","guid":{"rendered":"http:\/\/10.128.3.28\/?page_id=3107"},"modified":"2024-04-15T14:07:09","modified_gmt":"2024-04-15T12:07:09","slug":"proyecto-modelizacion-de-la-interaccion-de-peptidos-antimicrobianos-con-membranas-biologicas","status":"publish","type":"page","link":"https:\/\/computaex.es\/en\/proyecto-modelizacion-de-la-interaccion-de-peptidos-antimicrobianos-con-membranas-biologicas\/","title":{"rendered":"Proyecto: Modelizaci\u00f3n de la interacci\u00f3n de p\u00e9ptidos antimicrobianos con membranas biol\u00f3gicas"},"content":{"rendered":"","protected":false},"excerpt":{"rendered":"","protected":false},"author":1,"featured_media":0,"parent":0,"menu_order":0,"comment_status":"closed","ping_status":"closed","template":"","meta":{"footnotes":""},"categories":[],"class_list":["post-3107","page","type-page","status-publish","hentry"],"yoast_head":"<!-- This site is optimized with the Yoast SEO plugin v27.1.1 - https:\/\/yoast.com\/product\/yoast-seo-wordpress\/ -->\n<title>Proyecto: Modelizaci\u00f3n de la interacci\u00f3n de p\u00e9ptidos antimicrobianos con membranas biol\u00f3gicas - Fundaci\u00f3n COMPUTAEX<\/title>\n<meta name=\"robots\" content=\"index, follow, max-snippet:-1, max-image-preview:large, max-video-preview:-1\" \/>\n<link rel=\"canonical\" href=\"https:\/\/computaex.es\/en\/proyecto-modelizacion-de-la-interaccion-de-peptidos-antimicrobianos-con-membranas-biologicas\/\" \/>\n<meta property=\"og:locale\" content=\"en_US\" \/>\n<meta property=\"og:type\" content=\"article\" \/>\n<meta property=\"og:title\" content=\"Proyecto: Modelizaci\u00f3n de la interacci\u00f3n de p\u00e9ptidos antimicrobianos con membranas biol\u00f3gicas - Fundaci\u00f3n COMPUTAEX\" \/>\n<meta property=\"og:url\" content=\"https:\/\/computaex.es\/en\/proyecto-modelizacion-de-la-interaccion-de-peptidos-antimicrobianos-con-membranas-biologicas\/\" \/>\n<meta property=\"og:site_name\" content=\"Fundaci\u00f3n COMPUTAEX\" \/>\n<meta property=\"article:publisher\" content=\"https:\/\/m.facebook.com\/computaex\/\" \/>\n<meta property=\"og:image\" content=\"https:\/\/computaex.es\/wp-content\/uploads\/2025\/08\/COMPUTAEX.jpg\" \/>\n\t<meta property=\"og:image:width\" content=\"1024\" \/>\n\t<meta property=\"og:image:height\" content=\"403\" \/>\n\t<meta property=\"og:image:type\" content=\"image\/jpeg\" \/>\n<meta name=\"twitter:card\" content=\"summary_large_image\" \/>\n<meta name=\"twitter:site\" content=\"@computaex\" \/>\n<script type=\"application\/ld+json\" class=\"yoast-schema-graph\">{\"@context\":\"https:\/\/schema.org\",\"@graph\":[{\"@type\":\"WebPage\",\"@id\":\"https:\/\/computaex.es\/proyecto-modelizacion-de-la-interaccion-de-peptidos-antimicrobianos-con-membranas-biologicas\/\",\"url\":\"https:\/\/computaex.es\/proyecto-modelizacion-de-la-interaccion-de-peptidos-antimicrobianos-con-membranas-biologicas\/\",\"name\":\"Proyecto: Modelizaci\u00f3n de la interacci\u00f3n de p\u00e9ptidos antimicrobianos con membranas biol\u00f3gicas - Fundaci\u00f3n COMPUTAEX\",\"isPartOf\":{\"@id\":\"https:\/\/computaex.es\/#website\"},\"datePublished\":\"2024-04-15T12:07:09+00:00\",\"breadcrumb\":{\"@id\":\"https:\/\/computaex.es\/proyecto-modelizacion-de-la-interaccion-de-peptidos-antimicrobianos-con-membranas-biologicas\/#breadcrumb\"},\"inLanguage\":\"en-US\",\"potentialAction\":[{\"@type\":\"ReadAction\",\"target\":[\"https:\/\/computaex.es\/proyecto-modelizacion-de-la-interaccion-de-peptidos-antimicrobianos-con-membranas-biologicas\/\"]}]},{\"@type\":\"BreadcrumbList\",\"@id\":\"https:\/\/computaex.es\/proyecto-modelizacion-de-la-interaccion-de-peptidos-antimicrobianos-con-membranas-biologicas\/#breadcrumb\",\"itemListElement\":[{\"@type\":\"ListItem\",\"position\":1,\"name\":\"Portada\",\"item\":\"https:\/\/computaex.es\/\"},{\"@type\":\"ListItem\",\"position\":2,\"name\":\"Proyecto: Modelizaci\u00f3n de la interacci\u00f3n de p\u00e9ptidos antimicrobianos con membranas biol\u00f3gicas\"}]},{\"@type\":\"WebSite\",\"@id\":\"https:\/\/computaex.es\/#website\",\"url\":\"https:\/\/computaex.es\/\",\"name\":\"Fundaci\u00f3n COMPUTAEX\",\"description\":\"COMPUTAEX\",\"publisher\":{\"@id\":\"https:\/\/computaex.es\/#organization\"},\"potentialAction\":[{\"@type\":\"SearchAction\",\"target\":{\"@type\":\"EntryPoint\",\"urlTemplate\":\"https:\/\/computaex.es\/?s={search_term_string}\"},\"query-input\":{\"@type\":\"PropertyValueSpecification\",\"valueRequired\":true,\"valueName\":\"search_term_string\"}}],\"inLanguage\":\"en-US\"},{\"@type\":\"Organization\",\"@id\":\"https:\/\/computaex.es\/#organization\",\"name\":\"COMPUTAEX\",\"url\":\"https:\/\/computaex.es\/\",\"logo\":{\"@type\":\"ImageObject\",\"inLanguage\":\"en-US\",\"@id\":\"https:\/\/computaex.es\/#\/schema\/logo\/image\/\",\"url\":\"https:\/\/computaex.es\/wp-content\/uploads\/2025\/05\/cropped-COMPUTAEX_transparente-scaled-1.png\",\"contentUrl\":\"https:\/\/computaex.es\/wp-content\/uploads\/2025\/05\/cropped-COMPUTAEX_transparente-scaled-1.png\",\"width\":2560,\"height\":970,\"caption\":\"COMPUTAEX\"},\"image\":{\"@id\":\"https:\/\/computaex.es\/#\/schema\/logo\/image\/\"},\"sameAs\":[\"https:\/\/m.facebook.com\/computaex\/\",\"https:\/\/x.com\/computaex\",\"https:\/\/es.linkedin.com\/company\/cenits\"]}]}<\/script>\n<!-- \/ Yoast SEO plugin. -->","yoast_head_json":{"title":"Proyecto: Modelizaci\u00f3n de la interacci\u00f3n de p\u00e9ptidos antimicrobianos con membranas biol\u00f3gicas - Fundaci\u00f3n COMPUTAEX","robots":{"index":"index","follow":"follow","max-snippet":"max-snippet:-1","max-image-preview":"max-image-preview:large","max-video-preview":"max-video-preview:-1"},"canonical":"https:\/\/computaex.es\/en\/proyecto-modelizacion-de-la-interaccion-de-peptidos-antimicrobianos-con-membranas-biologicas\/","og_locale":"en_US","og_type":"article","og_title":"Proyecto: Modelizaci\u00f3n de la interacci\u00f3n de p\u00e9ptidos antimicrobianos con membranas biol\u00f3gicas - Fundaci\u00f3n COMPUTAEX","og_url":"https:\/\/computaex.es\/en\/proyecto-modelizacion-de-la-interaccion-de-peptidos-antimicrobianos-con-membranas-biologicas\/","og_site_name":"Fundaci\u00f3n COMPUTAEX","article_publisher":"https:\/\/m.facebook.com\/computaex\/","og_image":[{"width":1024,"height":403,"url":"https:\/\/computaex.es\/wp-content\/uploads\/2025\/08\/COMPUTAEX.jpg","type":"image\/jpeg"}],"twitter_card":"summary_large_image","twitter_site":"@computaex","schema":{"@context":"https:\/\/schema.org","@graph":[{"@type":"WebPage","@id":"https:\/\/computaex.es\/proyecto-modelizacion-de-la-interaccion-de-peptidos-antimicrobianos-con-membranas-biologicas\/","url":"https:\/\/computaex.es\/proyecto-modelizacion-de-la-interaccion-de-peptidos-antimicrobianos-con-membranas-biologicas\/","name":"Proyecto: Modelizaci\u00f3n de la interacci\u00f3n de p\u00e9ptidos antimicrobianos con membranas biol\u00f3gicas - Fundaci\u00f3n COMPUTAEX","isPartOf":{"@id":"https:\/\/computaex.es\/#website"},"datePublished":"2024-04-15T12:07:09+00:00","breadcrumb":{"@id":"https:\/\/computaex.es\/proyecto-modelizacion-de-la-interaccion-de-peptidos-antimicrobianos-con-membranas-biologicas\/#breadcrumb"},"inLanguage":"en-US","potentialAction":[{"@type":"ReadAction","target":["https:\/\/computaex.es\/proyecto-modelizacion-de-la-interaccion-de-peptidos-antimicrobianos-con-membranas-biologicas\/"]}]},{"@type":"BreadcrumbList","@id":"https:\/\/computaex.es\/proyecto-modelizacion-de-la-interaccion-de-peptidos-antimicrobianos-con-membranas-biologicas\/#breadcrumb","itemListElement":[{"@type":"ListItem","position":1,"name":"Portada","item":"https:\/\/computaex.es\/"},{"@type":"ListItem","position":2,"name":"Proyecto: Modelizaci\u00f3n de la interacci\u00f3n de p\u00e9ptidos antimicrobianos con membranas biol\u00f3gicas"}]},{"@type":"WebSite","@id":"https:\/\/computaex.es\/#website","url":"https:\/\/computaex.es\/","name":"COMPUTAEX Foundation","description":"COMPUTAEX","publisher":{"@id":"https:\/\/computaex.es\/#organization"},"potentialAction":[{"@type":"SearchAction","target":{"@type":"EntryPoint","urlTemplate":"https:\/\/computaex.es\/?s={search_term_string}"},"query-input":{"@type":"PropertyValueSpecification","valueRequired":true,"valueName":"search_term_string"}}],"inLanguage":"en-US"},{"@type":"Organization","@id":"https:\/\/computaex.es\/#organization","name":"COMPUTAEX","url":"https:\/\/computaex.es\/","logo":{"@type":"ImageObject","inLanguage":"en-US","@id":"https:\/\/computaex.es\/#\/schema\/logo\/image\/","url":"https:\/\/computaex.es\/wp-content\/uploads\/2025\/05\/cropped-COMPUTAEX_transparente-scaled-1.png","contentUrl":"https:\/\/computaex.es\/wp-content\/uploads\/2025\/05\/cropped-COMPUTAEX_transparente-scaled-1.png","width":2560,"height":970,"caption":"COMPUTAEX"},"image":{"@id":"https:\/\/computaex.es\/#\/schema\/logo\/image\/"},"sameAs":["https:\/\/m.facebook.com\/computaex\/","https:\/\/x.com\/computaex","https:\/\/es.linkedin.com\/company\/cenits"]}]}},"_links":{"self":[{"href":"https:\/\/computaex.es\/en\/wp-json\/wp\/v2\/pages\/3107","targetHints":{"allow":["GET"]}}],"collection":[{"href":"https:\/\/computaex.es\/en\/wp-json\/wp\/v2\/pages"}],"about":[{"href":"https:\/\/computaex.es\/en\/wp-json\/wp\/v2\/types\/page"}],"author":[{"embeddable":true,"href":"https:\/\/computaex.es\/en\/wp-json\/wp\/v2\/users\/1"}],"replies":[{"embeddable":true,"href":"https:\/\/computaex.es\/en\/wp-json\/wp\/v2\/comments?post=3107"}],"version-history":[{"count":1,"href":"https:\/\/computaex.es\/en\/wp-json\/wp\/v2\/pages\/3107\/revisions"}],"predecessor-version":[{"id":3108,"href":"https:\/\/computaex.es\/en\/wp-json\/wp\/v2\/pages\/3107\/revisions\/3108"}],"wp:attachment":[{"href":"https:\/\/computaex.es\/en\/wp-json\/wp\/v2\/media?parent=3107"}],"wp:term":[{"taxonomy":"category","embeddable":true,"href":"https:\/\/computaex.es\/en\/wp-json\/wp\/v2\/categories?post=3107"}],"curies":[{"name":"wp","href":"https:\/\/api.w.org\/{rel}","templated":true}]}}