{"id":3167,"date":"2024-04-29T08:10:15","date_gmt":"2024-04-29T06:10:15","guid":{"rendered":"http:\/\/10.128.3.28\/?page_id=3167"},"modified":"2025-08-26T12:19:04","modified_gmt":"2025-08-26T10:19:04","slug":"servicios","status":"publish","type":"page","link":"https:\/\/computaex.es\/en\/servicios\/","title":{"rendered":"Services"},"content":{"rendered":"<p>The <a href=\"\/en\/descripcion-centro\/\">Extremadura Supercomputing Center<\/a> offers its infrastructure, resources and <a href=\"\/en\/personal\/\" data-cke-saved-href=\"\/personal\">technical support<\/a>\u00a0to undertake projects (scientific, technical, or business) where the following is required:<\/p>\n<ol>\n<li style=\"text-align: justify;\"><strong>High Performance Computing (HPC)<\/strong>. Last generation supercomputing infrastructure for projects requiring high computing power.<\/li>\n<li style=\"text-align: justify;\"><strong>Quantum Computing<\/strong>. Access to new emerging quantum computing technologies and exploration of their integration into scientific and technical applications.<\/li>\n<li style=\"text-align: justify;\"><strong>Cloud Computing<\/strong>. Cloud computing services, virtualization, and management of scalable and flexible environments.<\/li>\n<li style=\"text-align: justify;\"><strong>Inteligencia Artificial y Machine Learning<\/strong>. Development and training of advanced models for data analysis, prediction, and process optimization.<\/li>\n<li style=\"text-align: justify;\"><strong>Consulting and advising<\/strong>. Specialized support in the design, implementation, and optimization of technological infrastructures and services.<\/li>\n<li style=\"text-align: justify;\"><strong>Education and training<\/strong>. Training programs for knowledge transfer in advanced computing and emerging technologies.<\/li>\n<li style=\"text-align: justify;\"><strong>Support for R+D+I and cooperation<\/strong>. Promotion of research, development, and innovation projects through agreements and collaboration with institutions and companies.<\/li>\n<\/ol>\n<p>With these services, the Extremadura Supercomputing Center reinforces its commitment to putting the most advanced technology at the service of society, promoting research, innovation, and digital transformation.<\/p>","protected":false},"excerpt":{"rendered":"<p>El Centro de Supercomputaci\u00f3n de Extremadura ofrece su infraestructura, sus recursos y apoyo t\u00e9cnico\u00a0para acometer proyectos (cient\u00edficos, t\u00e9cnicos o empresariales) donde se requiera: Computaci\u00f3n de Altas Prestaciones (HPC). Infraestructura de &#8230;<\/p>","protected":false},"author":1,"featured_media":0,"parent":0,"menu_order":0,"comment_status":"closed","ping_status":"closed","template":"","meta":{"footnotes":""},"categories":[],"tags":[],"class_list":["post-3167","page","type-page","status-publish","hentry"],"yoast_head":"<!-- This site is optimized with the Yoast SEO plugin v27.1.1 - https:\/\/yoast.com\/product\/yoast-seo-wordpress\/ -->\n<title>Servicios - Fundaci\u00f3n COMPUTAEX<\/title>\n<meta name=\"robots\" content=\"index, follow, max-snippet:-1, max-image-preview:large, max-video-preview:-1\" \/>\n<link rel=\"canonical\" href=\"https:\/\/computaex.es\/en\/servicios\/\" \/>\n<meta property=\"og:locale\" content=\"en_US\" \/>\n<meta property=\"og:type\" content=\"article\" \/>\n<meta property=\"og:title\" content=\"Servicios - Fundaci\u00f3n COMPUTAEX\" \/>\n<meta property=\"og:description\" content=\"El Centro de Supercomputaci\u00f3n de Extremadura ofrece su infraestructura, sus recursos y apoyo t\u00e9cnico\u00a0para acometer proyectos (cient\u00edficos, t\u00e9cnicos o empresariales) donde se requiera: Computaci\u00f3n de Altas Prestaciones (HPC). Infraestructura de ...\" \/>\n<meta property=\"og:url\" content=\"https:\/\/computaex.es\/en\/servicios\/\" \/>\n<meta property=\"og:site_name\" content=\"Fundaci\u00f3n COMPUTAEX\" \/>\n<meta property=\"article:publisher\" content=\"https:\/\/m.facebook.com\/computaex\/\" \/>\n<meta property=\"article:modified_time\" content=\"2025-08-26T10:19:04+00:00\" \/>\n<meta property=\"og:image\" content=\"https:\/\/computaex.es\/wp-content\/uploads\/2025\/08\/COMPUTAEX.jpg\" \/>\n\t<meta property=\"og:image:width\" content=\"1024\" \/>\n\t<meta property=\"og:image:height\" content=\"403\" \/>\n\t<meta property=\"og:image:type\" content=\"image\/jpeg\" \/>\n<meta name=\"twitter:card\" content=\"summary_large_image\" \/>\n<meta name=\"twitter:site\" content=\"@computaex\" \/>\n<meta name=\"twitter:label1\" content=\"Est. reading time\" \/>\n\t<meta name=\"twitter:data1\" content=\"1 minute\" \/>\n<script type=\"application\/ld+json\" class=\"yoast-schema-graph\">{\"@context\":\"https:\/\/schema.org\",\"@graph\":[{\"@type\":\"WebPage\",\"@id\":\"https:\/\/computaex.es\/servicios\/\",\"url\":\"https:\/\/computaex.es\/servicios\/\",\"name\":\"Servicios - Fundaci\u00f3n COMPUTAEX\",\"isPartOf\":{\"@id\":\"https:\/\/computaex.es\/#website\"},\"datePublished\":\"2024-04-29T06:10:15+00:00\",\"dateModified\":\"2025-08-26T10:19:04+00:00\",\"breadcrumb\":{\"@id\":\"https:\/\/computaex.es\/servicios\/#breadcrumb\"},\"inLanguage\":\"en-US\",\"potentialAction\":[{\"@type\":\"ReadAction\",\"target\":[\"https:\/\/computaex.es\/servicios\/\"]}]},{\"@type\":\"BreadcrumbList\",\"@id\":\"https:\/\/computaex.es\/servicios\/#breadcrumb\",\"itemListElement\":[{\"@type\":\"ListItem\",\"position\":1,\"name\":\"Portada\",\"item\":\"https:\/\/computaex.es\/\"},{\"@type\":\"ListItem\",\"position\":2,\"name\":\"Servicios\"}]},{\"@type\":\"WebSite\",\"@id\":\"https:\/\/computaex.es\/#website\",\"url\":\"https:\/\/computaex.es\/\",\"name\":\"Fundaci\u00f3n COMPUTAEX\",\"description\":\"COMPUTAEX\",\"publisher\":{\"@id\":\"https:\/\/computaex.es\/#organization\"},\"potentialAction\":[{\"@type\":\"SearchAction\",\"target\":{\"@type\":\"EntryPoint\",\"urlTemplate\":\"https:\/\/computaex.es\/?s={search_term_string}\"},\"query-input\":{\"@type\":\"PropertyValueSpecification\",\"valueRequired\":true,\"valueName\":\"search_term_string\"}}],\"inLanguage\":\"en-US\"},{\"@type\":\"Organization\",\"@id\":\"https:\/\/computaex.es\/#organization\",\"name\":\"COMPUTAEX\",\"url\":\"https:\/\/computaex.es\/\",\"logo\":{\"@type\":\"ImageObject\",\"inLanguage\":\"en-US\",\"@id\":\"https:\/\/computaex.es\/#\/schema\/logo\/image\/\",\"url\":\"https:\/\/computaex.es\/wp-content\/uploads\/2025\/05\/cropped-COMPUTAEX_transparente-scaled-1.png\",\"contentUrl\":\"https:\/\/computaex.es\/wp-content\/uploads\/2025\/05\/cropped-COMPUTAEX_transparente-scaled-1.png\",\"width\":2560,\"height\":970,\"caption\":\"COMPUTAEX\"},\"image\":{\"@id\":\"https:\/\/computaex.es\/#\/schema\/logo\/image\/\"},\"sameAs\":[\"https:\/\/m.facebook.com\/computaex\/\",\"https:\/\/x.com\/computaex\",\"https:\/\/es.linkedin.com\/company\/cenits\"]}]}<\/script>\n<!-- \/ Yoast SEO plugin. -->","yoast_head_json":{"title":"Servicios - Fundaci\u00f3n COMPUTAEX","robots":{"index":"index","follow":"follow","max-snippet":"max-snippet:-1","max-image-preview":"max-image-preview:large","max-video-preview":"max-video-preview:-1"},"canonical":"https:\/\/computaex.es\/en\/servicios\/","og_locale":"en_US","og_type":"article","og_title":"Servicios - Fundaci\u00f3n COMPUTAEX","og_description":"El Centro de Supercomputaci\u00f3n de Extremadura ofrece su infraestructura, sus recursos y apoyo t\u00e9cnico\u00a0para acometer proyectos (cient\u00edficos, t\u00e9cnicos o empresariales) donde se requiera: Computaci\u00f3n de Altas Prestaciones (HPC). Infraestructura de ...","og_url":"https:\/\/computaex.es\/en\/servicios\/","og_site_name":"Fundaci\u00f3n COMPUTAEX","article_publisher":"https:\/\/m.facebook.com\/computaex\/","article_modified_time":"2025-08-26T10:19:04+00:00","og_image":[{"width":1024,"height":403,"url":"https:\/\/computaex.es\/wp-content\/uploads\/2025\/08\/COMPUTAEX.jpg","type":"image\/jpeg"}],"twitter_card":"summary_large_image","twitter_site":"@computaex","twitter_misc":{"Est. reading time":"1 minute"},"schema":{"@context":"https:\/\/schema.org","@graph":[{"@type":"WebPage","@id":"https:\/\/computaex.es\/servicios\/","url":"https:\/\/computaex.es\/servicios\/","name":"Servicios - Fundaci\u00f3n COMPUTAEX","isPartOf":{"@id":"https:\/\/computaex.es\/#website"},"datePublished":"2024-04-29T06:10:15+00:00","dateModified":"2025-08-26T10:19:04+00:00","breadcrumb":{"@id":"https:\/\/computaex.es\/servicios\/#breadcrumb"},"inLanguage":"en-US","potentialAction":[{"@type":"ReadAction","target":["https:\/\/computaex.es\/servicios\/"]}]},{"@type":"BreadcrumbList","@id":"https:\/\/computaex.es\/servicios\/#breadcrumb","itemListElement":[{"@type":"ListItem","position":1,"name":"Portada","item":"https:\/\/computaex.es\/"},{"@type":"ListItem","position":2,"name":"Servicios"}]},{"@type":"WebSite","@id":"https:\/\/computaex.es\/#website","url":"https:\/\/computaex.es\/","name":"COMPUTAEX Foundation","description":"COMPUTAEX","publisher":{"@id":"https:\/\/computaex.es\/#organization"},"potentialAction":[{"@type":"SearchAction","target":{"@type":"EntryPoint","urlTemplate":"https:\/\/computaex.es\/?s={search_term_string}"},"query-input":{"@type":"PropertyValueSpecification","valueRequired":true,"valueName":"search_term_string"}}],"inLanguage":"en-US"},{"@type":"Organization","@id":"https:\/\/computaex.es\/#organization","name":"COMPUTAEX","url":"https:\/\/computaex.es\/","logo":{"@type":"ImageObject","inLanguage":"en-US","@id":"https:\/\/computaex.es\/#\/schema\/logo\/image\/","url":"https:\/\/computaex.es\/wp-content\/uploads\/2025\/05\/cropped-COMPUTAEX_transparente-scaled-1.png","contentUrl":"https:\/\/computaex.es\/wp-content\/uploads\/2025\/05\/cropped-COMPUTAEX_transparente-scaled-1.png","width":2560,"height":970,"caption":"COMPUTAEX"},"image":{"@id":"https:\/\/computaex.es\/#\/schema\/logo\/image\/"},"sameAs":["https:\/\/m.facebook.com\/computaex\/","https:\/\/x.com\/computaex","https:\/\/es.linkedin.com\/company\/cenits"]}]}},"_links":{"self":[{"href":"https:\/\/computaex.es\/en\/wp-json\/wp\/v2\/pages\/3167","targetHints":{"allow":["GET"]}}],"collection":[{"href":"https:\/\/computaex.es\/en\/wp-json\/wp\/v2\/pages"}],"about":[{"href":"https:\/\/computaex.es\/en\/wp-json\/wp\/v2\/types\/page"}],"author":[{"embeddable":true,"href":"https:\/\/computaex.es\/en\/wp-json\/wp\/v2\/users\/1"}],"replies":[{"embeddable":true,"href":"https:\/\/computaex.es\/en\/wp-json\/wp\/v2\/comments?post=3167"}],"version-history":[{"count":9,"href":"https:\/\/computaex.es\/en\/wp-json\/wp\/v2\/pages\/3167\/revisions"}],"predecessor-version":[{"id":9354,"href":"https:\/\/computaex.es\/en\/wp-json\/wp\/v2\/pages\/3167\/revisions\/9354"}],"wp:attachment":[{"href":"https:\/\/computaex.es\/en\/wp-json\/wp\/v2\/media?parent=3167"}],"wp:term":[{"taxonomy":"category","embeddable":true,"href":"https:\/\/computaex.es\/en\/wp-json\/wp\/v2\/categories?post=3167"},{"taxonomy":"post_tag","embeddable":true,"href":"https:\/\/computaex.es\/en\/wp-json\/wp\/v2\/tags?post=3167"}],"curies":[{"name":"wp","href":"https:\/\/api.w.org\/{rel}","templated":true}]}}