{"id":6000,"date":"2025-01-23T09:38:06","date_gmt":"2025-01-23T08:38:06","guid":{"rendered":"http:\/\/10.128.3.28\/?page_id=6000"},"modified":"2025-01-23T09:38:06","modified_gmt":"2025-01-23T08:38:06","slug":"heritagen-next-generation-sequencing-and-supercomputing-for-the-unification-of-the-genealogical-and-genetic-heritage-of-extremadura-application-to-the-study-of-hereditary-diseases","status":"publish","type":"page","link":"https:\/\/computaex.es\/en\/heritagen-next-generation-sequencing-and-supercomputing-for-the-unification-of-the-genealogical-and-genetic-heritage-of-extremadura-application-to-the-study-of-hereditary-diseases\/","title":{"rendered":"HERITAGEN: Next-Generation Sequencing and supercomputing for the unification of the genealogical and genetic heritage of Extremadura. Application to the study of hereditary diseases."},"content":{"rendered":"<div class=\"field field-name-field-proy-investigadores field-type-text-long field-label-above\">\n<div class=\"field-label\"><strong>Researchers:\u00a0<\/strong><\/div>\n<div class=\"field-items\">\n<div class=\"field-item even\">\n<ul>\n<li>Jos\u00e9 Luis Gonz\u00e1lez S\u00e1nchez (Principal Investigator). COMPUTAEX Foundation.<\/li>\n<li>Silvia Romero Chala. San Pedro de Alc\u00e1ntara Hospital.<\/li>\n<li>Jonathan G\u00f3mez Raja. FUNDESALUD (Foundation for Research and Training of Health Professionals of Extremadura).<\/li>\n<li>Jos\u00e9 Antonio Garc\u00eda Trujillo. San Pedro de Alc\u00e1ntara Hospital.<\/li>\n<li>Felipe Lemus Prieto. COMPUTAEX Foundation.<\/li>\n<li>Alfonso L\u00f3pez Rourich. COMPUTAEX Foundation.<\/li>\n<\/ul>\n<\/div>\n<\/div>\n<\/div>\n<div class=\"field field-name-field-proy-descripcion field-type-text-long field-label-above\">\n<div class=\"field-label\"><strong>Description:\u00a0<\/strong><\/div>\n<div class=\"field-items\">\n<div class=\"field-item even\">\n<p>It is estimated that approximately 1 in 200 births can be affected by the 6,000 known monogenic diseases. Establishing the pathogenicity of the mutations detected by means of NextGeneration Sequencing in the sequence of the genes involved will be of vital importance for the development of therapies in order to develop the Precision Medicine concept.<\/p>\n<p>However, the lack of access to information about these variations means that their pathogenicity is unknown (VUS, V ariant of Uncertain Significance). The percentage of VUS can be reduced by accessing as much information as possible about the gene related to the disease under investigation, where the variations found in it are particularly important. The main problem is that the information is scattered, which hinders the access to it and supposes an economic expense and an increase of the difficulty in processing information.<\/p>\n<p>One of these sources of information is the genealogical one, which is very useful in the study of the incidence of hereditary diseases within a family, in consultations of genetic counseling. However, the documentary heritage of the populations can also be found scattered,\u00a0 with limited or no access, so the genealogical information is limited to that provided by patients when they request a consultation.<\/p>\n<p>The objective of the project is to study the benefits of the unification of heterogeneous information sources to the study of hereditary diseases (specifically the genealogical heritage and genetic information), which will serve to reduce the ratio of variables of uncertain significance detected in next-generation sequencing studies. To do this, it is proposed to focus the study on a group of people from a genetically relevant population, in order to sequence their genome (specifically the genes associated with the chosen disease) and to unify it with their genealogical information.<\/p>\n<p>To manage and analyze the information, as well as to extract knowledge of it, the use of supercomputing resources in combination with big data techniques is proposed. Thus, by using HPC (High Performance Computing) techniques, the data and genetic sequences will be processed in the shortest possible time, while guaranteeing storage, security and high availability of the information used.<\/p>\n<p>In addition, the use of standardized forms of information will be taken into account, as well as the ethical aspects derived from the performance of health-related treatments.<\/p>\n<p>The high-level information generated will follow the open data philosophy, always complying with current legislation on security and information protection. Likewise, the data will be made available to users through services deployed by means of the cloud computing paradigm.<\/p>\n<\/div>\n<\/div>\n<\/div>\n<div class=\"field field-name-field-proy-financiacion field-type-text-long field-label-above\">\n<div class=\"field-label\"><strong>Sources of funding:\u00a0<\/strong><\/div>\n<div class=\"field-items\">\n<div class=\"field-item even\">\n<ul>\n<li>Project co-financed by the Junta of Extremadura and the European Regional Development Fund (ERDF) of Extremadura at 80 percent, within the Thematic Objective 01 \u00abReinforcement of research, technological development and innovation\u00bb, through the call for grants for the realization of research projects, oriented towards the strategic areas of the regional economy contemplated in the V Regional R+D+i Plan (2014-2017), in public R+D+i centers of the Autonomous Community of Extremadura, under Decree 68\/2016 of June 6.<\/li>\n<\/ul>\n<\/div>\n<\/div>\n<\/div>\n<div class=\"field field-name-taxonomy-vocabulary-4 field-type-taxonomy-term-reference field-label-hidden\">\n<div class=\"field-items\">\n<div class=\"field-item even\"><a href=\"\/en\/ciencias-de-la-vida\/\">Ciencias de la Vida<\/a><\/div>\n<\/div>\n<\/div>","protected":false},"excerpt":{"rendered":"<p>Investigadores:\u00a0 Jos\u00e9 Luis Gonz\u00e1lez S\u00e1nchez (Principal Investigator). COMPUTAEX Foundation. Silvia Romero Chala. San Pedro de Alc\u00e1ntara Hospital. Jonathan G\u00f3mez Raja. FUNDESALUD (Foundation for Research and Training of Health Professionals of &#8230;<\/p>","protected":false},"author":1,"featured_media":0,"parent":0,"menu_order":0,"comment_status":"closed","ping_status":"closed","template":"","meta":{"footnotes":""},"categories":[],"tags":[],"class_list":["post-6000","page","type-page","status-publish","hentry"],"yoast_head":"<!-- This site is optimized with the Yoast SEO plugin v27.1.1 - https:\/\/yoast.com\/product\/yoast-seo-wordpress\/ -->\n<title>HERITAGEN: Next-Generation Sequencing and supercomputing for the unification of the genealogical and genetic heritage of Extremadura. Application to the study of hereditary diseases. - Fundaci\u00f3n COMPUTAEX<\/title>\n<meta name=\"robots\" content=\"index, follow, max-snippet:-1, max-image-preview:large, max-video-preview:-1\" \/>\n<link rel=\"canonical\" href=\"https:\/\/computaex.es\/en\/heritagen-next-generation-sequencing-and-supercomputing-for-the-unification-of-the-genealogical-and-genetic-heritage-of-extremadura-application-to-the-study-of-hereditary-diseases\/\" \/>\n<meta property=\"og:locale\" content=\"en_US\" \/>\n<meta property=\"og:type\" content=\"article\" \/>\n<meta property=\"og:title\" content=\"HERITAGEN: Next-Generation Sequencing and supercomputing for the unification of the genealogical and genetic heritage of Extremadura. Application to the study of hereditary diseases. - Fundaci\u00f3n COMPUTAEX\" \/>\n<meta property=\"og:description\" content=\"Investigadores:\u00a0 Jos\u00e9 Luis Gonz\u00e1lez S\u00e1nchez (Principal Investigator). COMPUTAEX Foundation. Silvia Romero Chala. San Pedro de Alc\u00e1ntara Hospital. Jonathan G\u00f3mez Raja. FUNDESALUD (Foundation for Research and Training of Health Professionals of ...\" \/>\n<meta property=\"og:url\" content=\"https:\/\/computaex.es\/en\/heritagen-next-generation-sequencing-and-supercomputing-for-the-unification-of-the-genealogical-and-genetic-heritage-of-extremadura-application-to-the-study-of-hereditary-diseases\/\" \/>\n<meta property=\"og:site_name\" content=\"Fundaci\u00f3n COMPUTAEX\" \/>\n<meta property=\"article:publisher\" content=\"https:\/\/m.facebook.com\/computaex\/\" \/>\n<meta property=\"og:image\" content=\"https:\/\/computaex.es\/wp-content\/uploads\/2025\/08\/COMPUTAEX.jpg\" \/>\n\t<meta property=\"og:image:width\" content=\"1024\" \/>\n\t<meta property=\"og:image:height\" content=\"403\" \/>\n\t<meta property=\"og:image:type\" content=\"image\/jpeg\" \/>\n<meta name=\"twitter:card\" content=\"summary_large_image\" \/>\n<meta name=\"twitter:site\" content=\"@computaex\" \/>\n<meta name=\"twitter:label1\" content=\"Est. reading time\" \/>\n\t<meta name=\"twitter:data1\" content=\"3 minutes\" \/>\n<script type=\"application\/ld+json\" class=\"yoast-schema-graph\">{\"@context\":\"https:\/\/schema.org\",\"@graph\":[{\"@type\":\"WebPage\",\"@id\":\"https:\/\/computaex.es\/heritagen-next-generation-sequencing-and-supercomputing-for-the-unification-of-the-genealogical-and-genetic-heritage-of-extremadura-application-to-the-study-of-hereditary-diseases\/\",\"url\":\"https:\/\/computaex.es\/heritagen-next-generation-sequencing-and-supercomputing-for-the-unification-of-the-genealogical-and-genetic-heritage-of-extremadura-application-to-the-study-of-hereditary-diseases\/\",\"name\":\"HERITAGEN: Next-Generation Sequencing and supercomputing for the unification of the genealogical and genetic heritage of Extremadura. Application to the study of hereditary diseases. - Fundaci\u00f3n COMPUTAEX\",\"isPartOf\":{\"@id\":\"https:\/\/computaex.es\/#website\"},\"datePublished\":\"2025-01-23T08:38:06+00:00\",\"breadcrumb\":{\"@id\":\"https:\/\/computaex.es\/heritagen-next-generation-sequencing-and-supercomputing-for-the-unification-of-the-genealogical-and-genetic-heritage-of-extremadura-application-to-the-study-of-hereditary-diseases\/#breadcrumb\"},\"inLanguage\":\"en-US\",\"potentialAction\":[{\"@type\":\"ReadAction\",\"target\":[\"https:\/\/computaex.es\/heritagen-next-generation-sequencing-and-supercomputing-for-the-unification-of-the-genealogical-and-genetic-heritage-of-extremadura-application-to-the-study-of-hereditary-diseases\/\"]}]},{\"@type\":\"BreadcrumbList\",\"@id\":\"https:\/\/computaex.es\/heritagen-next-generation-sequencing-and-supercomputing-for-the-unification-of-the-genealogical-and-genetic-heritage-of-extremadura-application-to-the-study-of-hereditary-diseases\/#breadcrumb\",\"itemListElement\":[{\"@type\":\"ListItem\",\"position\":1,\"name\":\"Portada\",\"item\":\"https:\/\/computaex.es\/\"},{\"@type\":\"ListItem\",\"position\":2,\"name\":\"HERITAGEN: Next-Generation Sequencing and supercomputing for the unification of the genealogical and genetic heritage of Extremadura. Application to the study of hereditary diseases.\"}]},{\"@type\":\"WebSite\",\"@id\":\"https:\/\/computaex.es\/#website\",\"url\":\"https:\/\/computaex.es\/\",\"name\":\"Fundaci\u00f3n COMPUTAEX\",\"description\":\"COMPUTAEX\",\"publisher\":{\"@id\":\"https:\/\/computaex.es\/#organization\"},\"potentialAction\":[{\"@type\":\"SearchAction\",\"target\":{\"@type\":\"EntryPoint\",\"urlTemplate\":\"https:\/\/computaex.es\/?s={search_term_string}\"},\"query-input\":{\"@type\":\"PropertyValueSpecification\",\"valueRequired\":true,\"valueName\":\"search_term_string\"}}],\"inLanguage\":\"en-US\"},{\"@type\":\"Organization\",\"@id\":\"https:\/\/computaex.es\/#organization\",\"name\":\"COMPUTAEX\",\"url\":\"https:\/\/computaex.es\/\",\"logo\":{\"@type\":\"ImageObject\",\"inLanguage\":\"en-US\",\"@id\":\"https:\/\/computaex.es\/#\/schema\/logo\/image\/\",\"url\":\"https:\/\/computaex.es\/wp-content\/uploads\/2025\/05\/cropped-COMPUTAEX_transparente-scaled-1.png\",\"contentUrl\":\"https:\/\/computaex.es\/wp-content\/uploads\/2025\/05\/cropped-COMPUTAEX_transparente-scaled-1.png\",\"width\":2560,\"height\":970,\"caption\":\"COMPUTAEX\"},\"image\":{\"@id\":\"https:\/\/computaex.es\/#\/schema\/logo\/image\/\"},\"sameAs\":[\"https:\/\/m.facebook.com\/computaex\/\",\"https:\/\/x.com\/computaex\",\"https:\/\/es.linkedin.com\/company\/cenits\"]}]}<\/script>\n<!-- \/ Yoast SEO plugin. -->","yoast_head_json":{"title":"HERITAGEN: Next-Generation Sequencing and supercomputing for the unification of the genealogical and genetic heritage of Extremadura. Application to the study of hereditary diseases. - Fundaci\u00f3n COMPUTAEX","robots":{"index":"index","follow":"follow","max-snippet":"max-snippet:-1","max-image-preview":"max-image-preview:large","max-video-preview":"max-video-preview:-1"},"canonical":"https:\/\/computaex.es\/en\/heritagen-next-generation-sequencing-and-supercomputing-for-the-unification-of-the-genealogical-and-genetic-heritage-of-extremadura-application-to-the-study-of-hereditary-diseases\/","og_locale":"en_US","og_type":"article","og_title":"HERITAGEN: Next-Generation Sequencing and supercomputing for the unification of the genealogical and genetic heritage of Extremadura. Application to the study of hereditary diseases. - Fundaci\u00f3n COMPUTAEX","og_description":"Investigadores:\u00a0 Jos\u00e9 Luis Gonz\u00e1lez S\u00e1nchez (Principal Investigator). COMPUTAEX Foundation. Silvia Romero Chala. San Pedro de Alc\u00e1ntara Hospital. Jonathan G\u00f3mez Raja. FUNDESALUD (Foundation for Research and Training of Health Professionals of ...","og_url":"https:\/\/computaex.es\/en\/heritagen-next-generation-sequencing-and-supercomputing-for-the-unification-of-the-genealogical-and-genetic-heritage-of-extremadura-application-to-the-study-of-hereditary-diseases\/","og_site_name":"Fundaci\u00f3n COMPUTAEX","article_publisher":"https:\/\/m.facebook.com\/computaex\/","og_image":[{"width":1024,"height":403,"url":"https:\/\/computaex.es\/wp-content\/uploads\/2025\/08\/COMPUTAEX.jpg","type":"image\/jpeg"}],"twitter_card":"summary_large_image","twitter_site":"@computaex","twitter_misc":{"Est. reading time":"3 minutes"},"schema":{"@context":"https:\/\/schema.org","@graph":[{"@type":"WebPage","@id":"https:\/\/computaex.es\/heritagen-next-generation-sequencing-and-supercomputing-for-the-unification-of-the-genealogical-and-genetic-heritage-of-extremadura-application-to-the-study-of-hereditary-diseases\/","url":"https:\/\/computaex.es\/heritagen-next-generation-sequencing-and-supercomputing-for-the-unification-of-the-genealogical-and-genetic-heritage-of-extremadura-application-to-the-study-of-hereditary-diseases\/","name":"HERITAGEN: Next-Generation Sequencing and supercomputing for the unification of the genealogical and genetic heritage of Extremadura. Application to the study of hereditary diseases. - Fundaci\u00f3n COMPUTAEX","isPartOf":{"@id":"https:\/\/computaex.es\/#website"},"datePublished":"2025-01-23T08:38:06+00:00","breadcrumb":{"@id":"https:\/\/computaex.es\/heritagen-next-generation-sequencing-and-supercomputing-for-the-unification-of-the-genealogical-and-genetic-heritage-of-extremadura-application-to-the-study-of-hereditary-diseases\/#breadcrumb"},"inLanguage":"en-US","potentialAction":[{"@type":"ReadAction","target":["https:\/\/computaex.es\/heritagen-next-generation-sequencing-and-supercomputing-for-the-unification-of-the-genealogical-and-genetic-heritage-of-extremadura-application-to-the-study-of-hereditary-diseases\/"]}]},{"@type":"BreadcrumbList","@id":"https:\/\/computaex.es\/heritagen-next-generation-sequencing-and-supercomputing-for-the-unification-of-the-genealogical-and-genetic-heritage-of-extremadura-application-to-the-study-of-hereditary-diseases\/#breadcrumb","itemListElement":[{"@type":"ListItem","position":1,"name":"Portada","item":"https:\/\/computaex.es\/"},{"@type":"ListItem","position":2,"name":"HERITAGEN: Next-Generation Sequencing and supercomputing for the unification of the genealogical and genetic heritage of Extremadura. Application to the study of hereditary diseases."}]},{"@type":"WebSite","@id":"https:\/\/computaex.es\/#website","url":"https:\/\/computaex.es\/","name":"COMPUTAEX Foundation","description":"COMPUTAEX","publisher":{"@id":"https:\/\/computaex.es\/#organization"},"potentialAction":[{"@type":"SearchAction","target":{"@type":"EntryPoint","urlTemplate":"https:\/\/computaex.es\/?s={search_term_string}"},"query-input":{"@type":"PropertyValueSpecification","valueRequired":true,"valueName":"search_term_string"}}],"inLanguage":"en-US"},{"@type":"Organization","@id":"https:\/\/computaex.es\/#organization","name":"COMPUTAEX","url":"https:\/\/computaex.es\/","logo":{"@type":"ImageObject","inLanguage":"en-US","@id":"https:\/\/computaex.es\/#\/schema\/logo\/image\/","url":"https:\/\/computaex.es\/wp-content\/uploads\/2025\/05\/cropped-COMPUTAEX_transparente-scaled-1.png","contentUrl":"https:\/\/computaex.es\/wp-content\/uploads\/2025\/05\/cropped-COMPUTAEX_transparente-scaled-1.png","width":2560,"height":970,"caption":"COMPUTAEX"},"image":{"@id":"https:\/\/computaex.es\/#\/schema\/logo\/image\/"},"sameAs":["https:\/\/m.facebook.com\/computaex\/","https:\/\/x.com\/computaex","https:\/\/es.linkedin.com\/company\/cenits"]}]}},"_links":{"self":[{"href":"https:\/\/computaex.es\/en\/wp-json\/wp\/v2\/pages\/6000","targetHints":{"allow":["GET"]}}],"collection":[{"href":"https:\/\/computaex.es\/en\/wp-json\/wp\/v2\/pages"}],"about":[{"href":"https:\/\/computaex.es\/en\/wp-json\/wp\/v2\/types\/page"}],"author":[{"embeddable":true,"href":"https:\/\/computaex.es\/en\/wp-json\/wp\/v2\/users\/1"}],"replies":[{"embeddable":true,"href":"https:\/\/computaex.es\/en\/wp-json\/wp\/v2\/comments?post=6000"}],"version-history":[{"count":1,"href":"https:\/\/computaex.es\/en\/wp-json\/wp\/v2\/pages\/6000\/revisions"}],"predecessor-version":[{"id":6001,"href":"https:\/\/computaex.es\/en\/wp-json\/wp\/v2\/pages\/6000\/revisions\/6001"}],"wp:attachment":[{"href":"https:\/\/computaex.es\/en\/wp-json\/wp\/v2\/media?parent=6000"}],"wp:term":[{"taxonomy":"category","embeddable":true,"href":"https:\/\/computaex.es\/en\/wp-json\/wp\/v2\/categories?post=6000"},{"taxonomy":"post_tag","embeddable":true,"href":"https:\/\/computaex.es\/en\/wp-json\/wp\/v2\/tags?post=6000"}],"curies":[{"name":"wp","href":"https:\/\/api.w.org\/{rel}","templated":true}]}}