{"id":6047,"date":"2025-01-24T08:32:36","date_gmt":"2025-01-24T07:32:36","guid":{"rendered":"http:\/\/10.128.3.28\/?page_id=6047"},"modified":"2025-01-28T13:31:11","modified_gmt":"2025-01-28T12:31:11","slug":"presentacion-de-resultados-del-proyecto-mipyme-digital","status":"publish","type":"page","link":"https:\/\/computaex.es\/en\/presentacion-de-resultados-del-proyecto-mipyme-digital\/","title":{"rendered":"Presentaci\u00f3n de resultados del proyecto MiPYME Digital"},"content":{"rendered":"<div class=\"field field-name-field-fecha-evento field-type-datetime field-label-hidden\">\n<div class=\"field-items\">\n<div class=\"field-item even\"><span class=\"date-display-single\">Jueves 30 de Diciembre de 2021, 10:00 horas.<\/span><\/div>\n<\/div>\n<\/div>\n<div class=\"field field-name-field-evento-imagen field-type-image field-label-hidden\">\n<div class=\"field-items\">\n<div class=\"field-item even\"><a class=\"colorbox init-colorbox-processed cboxElement\" title=\"Presentaci\u00f3n de resultados del proyecto MiPYME Digital\" href=\"https:\/\/www.cenits.es\/sites\/cenits.es\/files\/eventos\/20211229_mipyme_digital.jpg\" data-colorbox-gallery=\"\" data-cbox-img-attrs=\"{&quot;title&quot;: &quot;Presentaci\u00f3n de resultados del proyecto MiPYME Digital&quot;, &quot;alt&quot;: &quot;Presentaci\u00f3n de resultados del proyecto MiPYME Digital&quot;}\"><img fetchpriority=\"high\" decoding=\"async\" title=\"Presentaci\u00f3n de resultados del proyecto MiPYME Digital\" src=\"https:\/\/www.cenits.es\/sites\/cenits.es\/files\/styles\/large\/public\/eventos\/20211229_mipyme_digital.jpg?itok=opCQnSVl\" alt=\"Presentaci\u00f3n de resultados del proyecto MiPYME Digital\" width=\"339\" height=\"480\" \/><\/a><\/div>\n<\/div>\n<\/div>\n<div class=\"field field-name-body field-type-text-with-summary field-label-hidden\">\n<div class=\"field-items\">\n<div class=\"field-item even\">\n<p>The Foundation\u00a0<a href=\"\/en\/descripcion-la-fundacion\/\">COMPUTAEX<\/a>\u00a0present\u00f3 el mi\u00e9rcoles 29 de diciembre los resultados de\u00a0<a href=\"https:\/\/\/en\/mipyme.cenits.es\/\">MiPYME (Micro, Peque\u00f1a y Mediana Empresa) Digital<\/a>, con objeto de trasladar al sector empresarial extreme\u00f1o los logros y la potencialidad del proyecto. El acceso fue libre a trav\u00e9s de Zoom.<\/p>\n<p>MiPYME Digital, desarrollado en\u00a0<a href=\"\/en\/descripcion-cenits\/\">C\u00e9nitS<\/a>\u00a0y cofinanciado por la\u00a0<a href=\"http:\/\/www.juntaex.es\/con02\/director-general-de-agenda-digital\">Direcci\u00f3n General de Agenda Digital<\/a>\u00a0(<a href=\"http:\/\/www.juntaex.es\/con02\/consejero-de-economia-ciencia-y-agenda-digital\">Regional Ministry of Economy, Science, and Digital Agenda<\/a>) de la\u00a0<a href=\"http:\/\/www.juntaex.es\/\">Regional Government of Extremadura<\/a>, tiene como objetivo principal lograr que los actores involucrados en el tejido empresarial de la regi\u00f3n puedan tomar decisiones mejor informadas que permitan optimizar la calidad, productividad y comercializaci\u00f3n de sus productos y negocios, dentro de los objetivos espec\u00edficos de la\u00a0<a href=\"http:\/\/www.ris3extremadura.es\/\">RIS3 de Extremadura<\/a>\u00a02021-2027. En concreto, el proyecto se centra en cuatro campos fundamentales para la digitalizaci\u00f3n: Ciberseguridad, Big Data, Inteligencia Artificial y Computaci\u00f3n de Altas Prestaciones.<\/p>\n<div align=\"center\">\n<div class=\"video-responsive\">\n<p><iframe src=\"https:\/\/www.youtube.com\/embed\/XNQ6PalawGA\" frameborder=\"0\" allowfullscreen=\"allowfullscreen\" data-mce-fragment=\"1\"><\/iframe><\/p>\n<\/div>\n<\/div>\n<\/div>\n<\/div>\n<\/div>\n<div class=\"field field-name-taxonomy-vocabulary-8 field-type-taxonomy-term-reference field-label-hidden\">\n<div class=\"field-items\">\n<div class=\"field-item even\"><a href=\"\/en\/jornadas\/\">Seminars<\/a><\/div>\n<div class=\"field-item odd\"><a href=\"\/en\/organizadores\/\">Organizadores<\/a><\/div>\n<\/div>\n<\/div>","protected":false},"excerpt":{"rendered":"<p>Jueves 30 de Diciembre de 2021, 10:00 horas. La Fundaci\u00f3n\u00a0COMPUTAEX\u00a0present\u00f3 el mi\u00e9rcoles 29 de diciembre los resultados de\u00a0MiPYME (Micro, Peque\u00f1a y Mediana Empresa) Digital, con objeto de trasladar al sector &#8230;<\/p>","protected":false},"author":1,"featured_media":0,"parent":0,"menu_order":0,"comment_status":"closed","ping_status":"closed","template":"","meta":{"footnotes":""},"categories":[93,99],"tags":[],"class_list":["post-6047","page","type-page","status-publish","hentry","category-jornadas","category-organizadores"],"yoast_head":"<!-- This site is optimized with the Yoast SEO plugin v27.1.1 - https:\/\/yoast.com\/product\/yoast-seo-wordpress\/ -->\n<title>Presentaci\u00f3n de resultados del proyecto MiPYME Digital - Fundaci\u00f3n COMPUTAEX<\/title>\n<meta name=\"robots\" content=\"index, follow, max-snippet:-1, max-image-preview:large, max-video-preview:-1\" \/>\n<link rel=\"canonical\" href=\"https:\/\/computaex.es\/en\/presentacion-de-resultados-del-proyecto-mipyme-digital\/\" \/>\n<meta property=\"og:locale\" content=\"en_US\" \/>\n<meta property=\"og:type\" content=\"article\" \/>\n<meta property=\"og:title\" content=\"Presentaci\u00f3n de resultados del proyecto MiPYME Digital - Fundaci\u00f3n COMPUTAEX\" \/>\n<meta property=\"og:description\" content=\"Jueves 30 de Diciembre de 2021, 10:00 horas. La Fundaci\u00f3n\u00a0COMPUTAEX\u00a0present\u00f3 el mi\u00e9rcoles 29 de diciembre los resultados de\u00a0MiPYME (Micro, Peque\u00f1a y Mediana Empresa) Digital, con objeto de trasladar al sector ...\" \/>\n<meta property=\"og:url\" content=\"https:\/\/computaex.es\/en\/presentacion-de-resultados-del-proyecto-mipyme-digital\/\" \/>\n<meta property=\"og:site_name\" content=\"Fundaci\u00f3n COMPUTAEX\" \/>\n<meta property=\"article:publisher\" content=\"https:\/\/m.facebook.com\/computaex\/\" \/>\n<meta property=\"article:modified_time\" content=\"2025-01-28T12:31:11+00:00\" \/>\n<meta property=\"og:image\" content=\"https:\/\/www.cenits.es\/sites\/cenits.es\/files\/styles\/large\/public\/eventos\/20211229_mipyme_digital.jpg?itok=opCQnSVl\" \/>\n<meta name=\"twitter:card\" content=\"summary_large_image\" \/>\n<meta name=\"twitter:site\" content=\"@computaex\" \/>\n<meta name=\"twitter:label1\" content=\"Est. reading time\" \/>\n\t<meta name=\"twitter:data1\" content=\"1 minute\" \/>\n<script type=\"application\/ld+json\" class=\"yoast-schema-graph\">{\"@context\":\"https:\/\/schema.org\",\"@graph\":[{\"@type\":\"WebPage\",\"@id\":\"https:\/\/computaex.es\/presentacion-de-resultados-del-proyecto-mipyme-digital\/\",\"url\":\"https:\/\/computaex.es\/presentacion-de-resultados-del-proyecto-mipyme-digital\/\",\"name\":\"Presentaci\u00f3n de resultados del proyecto MiPYME Digital - Fundaci\u00f3n COMPUTAEX\",\"isPartOf\":{\"@id\":\"https:\/\/computaex.es\/#website\"},\"primaryImageOfPage\":{\"@id\":\"https:\/\/computaex.es\/presentacion-de-resultados-del-proyecto-mipyme-digital\/#primaryimage\"},\"image\":{\"@id\":\"https:\/\/computaex.es\/presentacion-de-resultados-del-proyecto-mipyme-digital\/#primaryimage\"},\"thumbnailUrl\":\"https:\/\/www.cenits.es\/sites\/cenits.es\/files\/styles\/large\/public\/eventos\/20211229_mipyme_digital.jpg?itok=opCQnSVl\",\"datePublished\":\"2025-01-24T07:32:36+00:00\",\"dateModified\":\"2025-01-28T12:31:11+00:00\",\"breadcrumb\":{\"@id\":\"https:\/\/computaex.es\/presentacion-de-resultados-del-proyecto-mipyme-digital\/#breadcrumb\"},\"inLanguage\":\"en-US\",\"potentialAction\":[{\"@type\":\"ReadAction\",\"target\":[\"https:\/\/computaex.es\/presentacion-de-resultados-del-proyecto-mipyme-digital\/\"]}]},{\"@type\":\"ImageObject\",\"inLanguage\":\"en-US\",\"@id\":\"https:\/\/computaex.es\/presentacion-de-resultados-del-proyecto-mipyme-digital\/#primaryimage\",\"url\":\"https:\/\/www.cenits.es\/sites\/cenits.es\/files\/styles\/large\/public\/eventos\/20211229_mipyme_digital.jpg?itok=opCQnSVl\",\"contentUrl\":\"https:\/\/www.cenits.es\/sites\/cenits.es\/files\/styles\/large\/public\/eventos\/20211229_mipyme_digital.jpg?itok=opCQnSVl\"},{\"@type\":\"BreadcrumbList\",\"@id\":\"https:\/\/computaex.es\/presentacion-de-resultados-del-proyecto-mipyme-digital\/#breadcrumb\",\"itemListElement\":[{\"@type\":\"ListItem\",\"position\":1,\"name\":\"Portada\",\"item\":\"https:\/\/computaex.es\/\"},{\"@type\":\"ListItem\",\"position\":2,\"name\":\"Presentaci\u00f3n de resultados del proyecto MiPYME Digital\"}]},{\"@type\":\"WebSite\",\"@id\":\"https:\/\/computaex.es\/#website\",\"url\":\"https:\/\/computaex.es\/\",\"name\":\"Fundaci\u00f3n COMPUTAEX\",\"description\":\"COMPUTAEX\",\"publisher\":{\"@id\":\"https:\/\/computaex.es\/#organization\"},\"potentialAction\":[{\"@type\":\"SearchAction\",\"target\":{\"@type\":\"EntryPoint\",\"urlTemplate\":\"https:\/\/computaex.es\/?s={search_term_string}\"},\"query-input\":{\"@type\":\"PropertyValueSpecification\",\"valueRequired\":true,\"valueName\":\"search_term_string\"}}],\"inLanguage\":\"en-US\"},{\"@type\":\"Organization\",\"@id\":\"https:\/\/computaex.es\/#organization\",\"name\":\"COMPUTAEX\",\"url\":\"https:\/\/computaex.es\/\",\"logo\":{\"@type\":\"ImageObject\",\"inLanguage\":\"en-US\",\"@id\":\"https:\/\/computaex.es\/#\/schema\/logo\/image\/\",\"url\":\"https:\/\/computaex.es\/wp-content\/uploads\/2025\/05\/cropped-COMPUTAEX_transparente-scaled-1.png\",\"contentUrl\":\"https:\/\/computaex.es\/wp-content\/uploads\/2025\/05\/cropped-COMPUTAEX_transparente-scaled-1.png\",\"width\":2560,\"height\":970,\"caption\":\"COMPUTAEX\"},\"image\":{\"@id\":\"https:\/\/computaex.es\/#\/schema\/logo\/image\/\"},\"sameAs\":[\"https:\/\/m.facebook.com\/computaex\/\",\"https:\/\/x.com\/computaex\",\"https:\/\/es.linkedin.com\/company\/cenits\"]}]}<\/script>\n<!-- \/ Yoast SEO plugin. -->","yoast_head_json":{"title":"Presentaci\u00f3n de resultados del proyecto MiPYME Digital - Fundaci\u00f3n COMPUTAEX","robots":{"index":"index","follow":"follow","max-snippet":"max-snippet:-1","max-image-preview":"max-image-preview:large","max-video-preview":"max-video-preview:-1"},"canonical":"https:\/\/computaex.es\/en\/presentacion-de-resultados-del-proyecto-mipyme-digital\/","og_locale":"en_US","og_type":"article","og_title":"Presentaci\u00f3n de resultados del proyecto MiPYME Digital - Fundaci\u00f3n COMPUTAEX","og_description":"Jueves 30 de Diciembre de 2021, 10:00 horas. La Fundaci\u00f3n\u00a0COMPUTAEX\u00a0present\u00f3 el mi\u00e9rcoles 29 de diciembre los resultados de\u00a0MiPYME (Micro, Peque\u00f1a y Mediana Empresa) Digital, con objeto de trasladar al sector ...","og_url":"https:\/\/computaex.es\/en\/presentacion-de-resultados-del-proyecto-mipyme-digital\/","og_site_name":"Fundaci\u00f3n COMPUTAEX","article_publisher":"https:\/\/m.facebook.com\/computaex\/","article_modified_time":"2025-01-28T12:31:11+00:00","og_image":[{"url":"https:\/\/www.cenits.es\/sites\/cenits.es\/files\/styles\/large\/public\/eventos\/20211229_mipyme_digital.jpg?itok=opCQnSVl","type":"","width":"","height":""}],"twitter_card":"summary_large_image","twitter_site":"@computaex","twitter_misc":{"Est. reading time":"1 minute"},"schema":{"@context":"https:\/\/schema.org","@graph":[{"@type":"WebPage","@id":"https:\/\/computaex.es\/presentacion-de-resultados-del-proyecto-mipyme-digital\/","url":"https:\/\/computaex.es\/presentacion-de-resultados-del-proyecto-mipyme-digital\/","name":"Presentaci\u00f3n de resultados del proyecto MiPYME Digital - Fundaci\u00f3n COMPUTAEX","isPartOf":{"@id":"https:\/\/computaex.es\/#website"},"primaryImageOfPage":{"@id":"https:\/\/computaex.es\/presentacion-de-resultados-del-proyecto-mipyme-digital\/#primaryimage"},"image":{"@id":"https:\/\/computaex.es\/presentacion-de-resultados-del-proyecto-mipyme-digital\/#primaryimage"},"thumbnailUrl":"https:\/\/www.cenits.es\/sites\/cenits.es\/files\/styles\/large\/public\/eventos\/20211229_mipyme_digital.jpg?itok=opCQnSVl","datePublished":"2025-01-24T07:32:36+00:00","dateModified":"2025-01-28T12:31:11+00:00","breadcrumb":{"@id":"https:\/\/computaex.es\/presentacion-de-resultados-del-proyecto-mipyme-digital\/#breadcrumb"},"inLanguage":"en-US","potentialAction":[{"@type":"ReadAction","target":["https:\/\/computaex.es\/presentacion-de-resultados-del-proyecto-mipyme-digital\/"]}]},{"@type":"ImageObject","inLanguage":"en-US","@id":"https:\/\/computaex.es\/presentacion-de-resultados-del-proyecto-mipyme-digital\/#primaryimage","url":"https:\/\/www.cenits.es\/sites\/cenits.es\/files\/styles\/large\/public\/eventos\/20211229_mipyme_digital.jpg?itok=opCQnSVl","contentUrl":"https:\/\/www.cenits.es\/sites\/cenits.es\/files\/styles\/large\/public\/eventos\/20211229_mipyme_digital.jpg?itok=opCQnSVl"},{"@type":"BreadcrumbList","@id":"https:\/\/computaex.es\/presentacion-de-resultados-del-proyecto-mipyme-digital\/#breadcrumb","itemListElement":[{"@type":"ListItem","position":1,"name":"Portada","item":"https:\/\/computaex.es\/"},{"@type":"ListItem","position":2,"name":"Presentaci\u00f3n de resultados del proyecto MiPYME Digital"}]},{"@type":"WebSite","@id":"https:\/\/computaex.es\/#website","url":"https:\/\/computaex.es\/","name":"COMPUTAEX Foundation","description":"COMPUTAEX","publisher":{"@id":"https:\/\/computaex.es\/#organization"},"potentialAction":[{"@type":"SearchAction","target":{"@type":"EntryPoint","urlTemplate":"https:\/\/computaex.es\/?s={search_term_string}"},"query-input":{"@type":"PropertyValueSpecification","valueRequired":true,"valueName":"search_term_string"}}],"inLanguage":"en-US"},{"@type":"Organization","@id":"https:\/\/computaex.es\/#organization","name":"COMPUTAEX","url":"https:\/\/computaex.es\/","logo":{"@type":"ImageObject","inLanguage":"en-US","@id":"https:\/\/computaex.es\/#\/schema\/logo\/image\/","url":"https:\/\/computaex.es\/wp-content\/uploads\/2025\/05\/cropped-COMPUTAEX_transparente-scaled-1.png","contentUrl":"https:\/\/computaex.es\/wp-content\/uploads\/2025\/05\/cropped-COMPUTAEX_transparente-scaled-1.png","width":2560,"height":970,"caption":"COMPUTAEX"},"image":{"@id":"https:\/\/computaex.es\/#\/schema\/logo\/image\/"},"sameAs":["https:\/\/m.facebook.com\/computaex\/","https:\/\/x.com\/computaex","https:\/\/es.linkedin.com\/company\/cenits"]}]}},"_links":{"self":[{"href":"https:\/\/computaex.es\/en\/wp-json\/wp\/v2\/pages\/6047","targetHints":{"allow":["GET"]}}],"collection":[{"href":"https:\/\/computaex.es\/en\/wp-json\/wp\/v2\/pages"}],"about":[{"href":"https:\/\/computaex.es\/en\/wp-json\/wp\/v2\/types\/page"}],"author":[{"embeddable":true,"href":"https:\/\/computaex.es\/en\/wp-json\/wp\/v2\/users\/1"}],"replies":[{"embeddable":true,"href":"https:\/\/computaex.es\/en\/wp-json\/wp\/v2\/comments?post=6047"}],"version-history":[{"count":4,"href":"https:\/\/computaex.es\/en\/wp-json\/wp\/v2\/pages\/6047\/revisions"}],"predecessor-version":[{"id":6246,"href":"https:\/\/computaex.es\/en\/wp-json\/wp\/v2\/pages\/6047\/revisions\/6246"}],"wp:attachment":[{"href":"https:\/\/computaex.es\/en\/wp-json\/wp\/v2\/media?parent=6047"}],"wp:term":[{"taxonomy":"category","embeddable":true,"href":"https:\/\/computaex.es\/en\/wp-json\/wp\/v2\/categories?post=6047"},{"taxonomy":"post_tag","embeddable":true,"href":"https:\/\/computaex.es\/en\/wp-json\/wp\/v2\/tags?post=6047"}],"curies":[{"name":"wp","href":"https:\/\/api.w.org\/{rel}","templated":true}]}}