{"id":6161,"date":"2023-03-29T09:01:47","date_gmt":"2023-03-29T07:01:47","guid":{"rendered":"http:\/\/10.128.3.28\/?page_id=6161"},"modified":"2025-07-30T13:58:23","modified_gmt":"2025-07-30T11:58:23","slug":"ref-2023-1","status":"publish","type":"page","link":"https:\/\/computaex.es\/en\/empleo\/ref-2023-1\/","title":{"rendered":"REF 2023-1 Auxiliar de Administraci\u00f3n en la Fundaci\u00f3n COMPUTAEX"},"content":{"rendered":"<div data-elementor-type=\"wp-page\" data-elementor-id=\"6161\" class=\"elementor elementor-6161\">\n\t\t\t\t<div class=\"elementor-element elementor-element-587b8a e-flex e-con-boxed wpr-particle-no wpr-jarallax-no wpr-parallax-no wpr-sticky-section-no e-con e-parent\" data-id=\"587b8a\" data-element_type=\"container\" data-e-type=\"container\">\n\t\t\t\t\t<div class=\"e-con-inner\">\n\t\t\t\t<div class=\"elementor-element elementor-element-8044f78 elementor-widget elementor-widget-text-editor\" data-id=\"8044f78\" data-element_type=\"widget\" data-e-type=\"widget\" data-widget_type=\"text-editor.default\">\n\t\t\t\t<div class=\"elementor-widget-container\">\n\t\t\t\t\t\t\t\t\t<p><strong>REF 2023-1 Auxiliar de Administraci\u00f3n en la Fundaci\u00f3n COMPUTAEX<\/strong><\/p><p>La Fundaci\u00f3n\u00a0COMPUTAEX\u00a0oferta un puesto para su Centro C\u00e9nitS:<\/p><ul><li><strong>Auxiliar de Administraci\u00f3n (Ref. 2023-1).<\/strong><\/li><\/ul><p>Todos los detalles de la convocatoria pueden ser consultados en las bases.<\/p><p><strong>Fases del proceso:<\/strong><\/p><ul><li>Plazo presentaci\u00f3n de solicitudes:<strong>\u00a05 de abril de 2023<\/strong><\/li><li>Listado provisional de personas admitidas y excluidas:<strong>\u00a0<\/strong><strong>Alegaciones\u00a0hasta las 12:00 del 17 de abril de 2023<\/strong><\/li><li>Listado definitivo de personas admitidas y excluidas y baremo:<strong>\u00a0Alegaciones al baremo hasta las 23:59 del 25 de abril 2023<\/strong><\/li><li>Baremo definitivo y resultado de las entrevistas.<\/li><\/ul>\t\t\t\t\t\t\t\t<\/div>\n\t\t\t\t<\/div>\n\t\t\t\t\t<\/div>\n\t\t\t\t<\/div>\n\t\t<div class=\"elementor-element elementor-element-150852a e-flex e-con-boxed wpr-particle-no wpr-jarallax-no wpr-parallax-no wpr-sticky-section-no e-con e-parent\" data-id=\"150852a\" data-element_type=\"container\" data-e-type=\"container\">\n\t\t\t\t\t<div class=\"e-con-inner\">\n\t\t\t\t<div class=\"elementor-element elementor-element-a4b30e6 elementor-widget elementor-widget-tabla_descargas\" data-id=\"a4b30e6\" data-element_type=\"widget\" data-e-type=\"widget\" data-settings=\"{&quot;boton_anadir_ids&quot;:&quot;6164,6166,6168,6170&quot;,&quot;fechas_personalizadas&quot;:&quot;{}&quot;}\" data-widget_type=\"tabla_descargas.default\">\n\t\t\t\t<div class=\"elementor-widget-container\">\n\t\t\t\t\t<div class=\"tabla-descargas-container\" data-widget-id=\"a4b30e6\"><table class=\"tabla-descargas\"><thead><tr><th class=\"sortable\" data-sort=\"nombre\">Archivo <span class=\"sort-arrow\"><\/span><\/th><th class=\"sortable\" data-sort=\"tamano\">Size <span class=\"sort-arrow\"><\/span><\/th><th class=\"sortable asc\" data-sort=\"fecha\">Date <span class=\"sort-arrow asc\"><\/span><\/th><th style=\"text-align: center;\">Ver<\/th><th>Descargar<\/th><\/tr><\/thead><tr data-nombre=\"Bases de contrataci\u00f3n\" data-tamano=\"620608\" data-fecha=\"2025-01-24\"><td><div class=\"archivo-info\"><div class=\"titulo-archivo\">Bases de contrataci\u00f3n<\/div><div class=\"nombre-archivo\">basescontratacion-ref-2023-1.pdf<\/div><\/div><\/td><td>606 KB<\/td><td>24\/01\/2025<\/td><td style=\"text-align: center;\"><a href=\"https:\/\/computaex.es\/wp-content\/uploads\/2025\/01\/basescontratacion-ref-2023-1.pdf\" class=\"boton-ver\" target=\"_blank\" rel=\"noopener noreferrer\" title=\"Ver documento\">\ud83d\udc41<\/a><\/td><td><a href=\"https:\/\/computaex.es\/wp-content\/uploads\/2025\/01\/basescontratacion-ref-2023-1.pdf\" class=\"boton-descarga\" download=\"basescontratacion-ref-2023-1.pdf\">\u2193 Descargar<\/a><\/td><\/tr><tr data-nombre=\"Listado provisional de admitidos y excluidos\" data-tamano=\"450625\" data-fecha=\"2025-01-24\"><td><div class=\"archivo-info\"><div class=\"titulo-archivo\">Listado provisional de admitidos y excluidos<\/div><div class=\"nombre-archivo\">listado_provisional_admitidos_y_excluidos-ref-2023-1.pdf<\/div><\/div><\/td><td>440 KB<\/td><td>24\/01\/2025<\/td><td style=\"text-align: center;\"><a href=\"https:\/\/computaex.es\/wp-content\/uploads\/2025\/01\/listado_provisional_admitidos_y_excluidos-ref-2023-1.pdf\" class=\"boton-ver\" target=\"_blank\" rel=\"noopener noreferrer\" title=\"Ver documento\">\ud83d\udc41<\/a><\/td><td><a href=\"https:\/\/computaex.es\/wp-content\/uploads\/2025\/01\/listado_provisional_admitidos_y_excluidos-ref-2023-1.pdf\" class=\"boton-descarga\" download=\"listado_provisional_admitidos_y_excluidos-ref-2023-1.pdf\">\u2193 Descargar<\/a><\/td><\/tr><tr data-nombre=\"Listado definitivo de admitidos y baremo\" data-tamano=\"354932\" data-fecha=\"2025-01-24\"><td><div class=\"archivo-info\"><div class=\"titulo-archivo\">Listado definitivo de admitidos y baremo<\/div><div class=\"nombre-archivo\">listado_definitivo_y_baremo-ref-2023-1.pdf<\/div><\/div><\/td><td>347 KB<\/td><td>24\/01\/2025<\/td><td style=\"text-align: center;\"><a href=\"https:\/\/computaex.es\/wp-content\/uploads\/2025\/01\/listado_definitivo_y_baremo-ref-2023-1.pdf\" class=\"boton-ver\" target=\"_blank\" rel=\"noopener noreferrer\" title=\"Ver documento\">\ud83d\udc41<\/a><\/td><td><a href=\"https:\/\/computaex.es\/wp-content\/uploads\/2025\/01\/listado_definitivo_y_baremo-ref-2023-1.pdf\" class=\"boton-descarga\" download=\"listado_definitivo_y_baremo-ref-2023-1.pdf\">\u2193 Descargar<\/a><\/td><\/tr><tr data-nombre=\"Baremo definitivo y resultado de las entrevistas\" data-tamano=\"293835\" data-fecha=\"2025-01-24\"><td><div class=\"archivo-info\"><div class=\"titulo-archivo\">Baremo definitivo y resultado de las entrevistas<\/div><div class=\"nombre-archivo\">baremo_definitivo_y_resultado_entrevistas_ref-2023-1.pdf<\/div><\/div><\/td><td>287 KB<\/td><td>24\/01\/2025<\/td><td style=\"text-align: center;\"><a href=\"https:\/\/computaex.es\/wp-content\/uploads\/2025\/01\/baremo_definitivo_y_resultado_entrevistas_ref-2023-1.pdf\" class=\"boton-ver\" target=\"_blank\" rel=\"noopener noreferrer\" title=\"Ver documento\">\ud83d\udc41<\/a><\/td><td><a href=\"https:\/\/computaex.es\/wp-content\/uploads\/2025\/01\/baremo_definitivo_y_resultado_entrevistas_ref-2023-1.pdf\" class=\"boton-descarga\" download=\"baremo_definitivo_y_resultado_entrevistas_ref-2023-1.pdf\">\u2193 Descargar<\/a><\/td><\/tr><\/tbody><\/table><\/div>\t\t\t\t<\/div>\n\t\t\t\t<\/div>\n\t\t\t\t\t<\/div>\n\t\t\t\t<\/div>\n\t\t\t\t<\/div>","protected":false},"excerpt":{"rendered":"<p>REF 2023-1 Auxiliar de Administraci\u00f3n en la Fundaci\u00f3n COMPUTAEX La Fundaci\u00f3n\u00a0COMPUTAEX\u00a0oferta un puesto para su Centro C\u00e9nitS: Auxiliar de Administraci\u00f3n (Ref. 2023-1). Todos los detalles de la convocatoria pueden ser &#8230;<\/p>","protected":false},"author":1,"featured_media":0,"parent":7859,"menu_order":0,"comment_status":"closed","ping_status":"closed","template":"","meta":{"footnotes":""},"categories":[106,105],"tags":[],"class_list":["post-6161","page","type-page","status-publish","hentry","category-106","category-empleo"],"yoast_head":"<!-- This site is optimized with the Yoast SEO plugin v27.1.1 - https:\/\/yoast.com\/product\/yoast-seo-wordpress\/ -->\n<title>REF 2023-1 Auxiliar de Administraci\u00f3n en la Fundaci\u00f3n COMPUTAEX - Fundaci\u00f3n COMPUTAEX<\/title>\n<meta name=\"robots\" content=\"index, follow, max-snippet:-1, max-image-preview:large, max-video-preview:-1\" \/>\n<link rel=\"canonical\" href=\"https:\/\/computaex.es\/en\/empleo\/ref-2023-1\/\" \/>\n<meta property=\"og:locale\" content=\"en_US\" \/>\n<meta property=\"og:type\" content=\"article\" \/>\n<meta property=\"og:title\" content=\"REF 2023-1 Auxiliar de Administraci\u00f3n en la Fundaci\u00f3n COMPUTAEX - Fundaci\u00f3n COMPUTAEX\" \/>\n<meta property=\"og:description\" content=\"REF 2023-1 Auxiliar de Administraci\u00f3n en la Fundaci\u00f3n COMPUTAEX La Fundaci\u00f3n\u00a0COMPUTAEX\u00a0oferta un puesto para su Centro C\u00e9nitS: Auxiliar de Administraci\u00f3n (Ref. 2023-1). Todos los detalles de la convocatoria pueden ser ...\" \/>\n<meta property=\"og:url\" content=\"https:\/\/computaex.es\/en\/empleo\/ref-2023-1\/\" \/>\n<meta property=\"og:site_name\" content=\"Fundaci\u00f3n COMPUTAEX\" \/>\n<meta property=\"article:publisher\" content=\"https:\/\/m.facebook.com\/computaex\/\" \/>\n<meta property=\"article:modified_time\" content=\"2025-07-30T11:58:23+00:00\" \/>\n<meta property=\"og:image\" content=\"https:\/\/computaex.es\/wp-content\/uploads\/2025\/08\/COMPUTAEX.jpg\" \/>\n\t<meta property=\"og:image:width\" content=\"1024\" \/>\n\t<meta property=\"og:image:height\" content=\"403\" \/>\n\t<meta property=\"og:image:type\" content=\"image\/jpeg\" \/>\n<meta name=\"twitter:card\" content=\"summary_large_image\" \/>\n<meta name=\"twitter:site\" content=\"@computaex\" \/>\n<meta name=\"twitter:label1\" content=\"Est. reading time\" \/>\n\t<meta name=\"twitter:data1\" content=\"1 minute\" \/>\n<script type=\"application\/ld+json\" class=\"yoast-schema-graph\">{\"@context\":\"https:\/\/schema.org\",\"@graph\":[{\"@type\":\"WebPage\",\"@id\":\"https:\/\/computaex.es\/empleo\/ref-2023-1\/\",\"url\":\"https:\/\/computaex.es\/empleo\/ref-2023-1\/\",\"name\":\"REF 2023-1 Auxiliar de Administraci\u00f3n en la Fundaci\u00f3n COMPUTAEX - Fundaci\u00f3n COMPUTAEX\",\"isPartOf\":{\"@id\":\"https:\/\/computaex.es\/#website\"},\"datePublished\":\"2023-03-29T07:01:47+00:00\",\"dateModified\":\"2025-07-30T11:58:23+00:00\",\"breadcrumb\":{\"@id\":\"https:\/\/computaex.es\/empleo\/ref-2023-1\/#breadcrumb\"},\"inLanguage\":\"en-US\",\"potentialAction\":[{\"@type\":\"ReadAction\",\"target\":[\"https:\/\/computaex.es\/empleo\/ref-2023-1\/\"]}]},{\"@type\":\"BreadcrumbList\",\"@id\":\"https:\/\/computaex.es\/empleo\/ref-2023-1\/#breadcrumb\",\"itemListElement\":[{\"@type\":\"ListItem\",\"position\":1,\"name\":\"Portada\",\"item\":\"https:\/\/computaex.es\/\"},{\"@type\":\"ListItem\",\"position\":2,\"name\":\"Empleo\",\"item\":\"https:\/\/computaex.es\/empleo\/\"},{\"@type\":\"ListItem\",\"position\":3,\"name\":\"REF 2023-1 Auxiliar de Administraci\u00f3n en la Fundaci\u00f3n COMPUTAEX\"}]},{\"@type\":\"WebSite\",\"@id\":\"https:\/\/computaex.es\/#website\",\"url\":\"https:\/\/computaex.es\/\",\"name\":\"Fundaci\u00f3n COMPUTAEX\",\"description\":\"COMPUTAEX\",\"publisher\":{\"@id\":\"https:\/\/computaex.es\/#organization\"},\"potentialAction\":[{\"@type\":\"SearchAction\",\"target\":{\"@type\":\"EntryPoint\",\"urlTemplate\":\"https:\/\/computaex.es\/?s={search_term_string}\"},\"query-input\":{\"@type\":\"PropertyValueSpecification\",\"valueRequired\":true,\"valueName\":\"search_term_string\"}}],\"inLanguage\":\"en-US\"},{\"@type\":\"Organization\",\"@id\":\"https:\/\/computaex.es\/#organization\",\"name\":\"COMPUTAEX\",\"url\":\"https:\/\/computaex.es\/\",\"logo\":{\"@type\":\"ImageObject\",\"inLanguage\":\"en-US\",\"@id\":\"https:\/\/computaex.es\/#\/schema\/logo\/image\/\",\"url\":\"https:\/\/computaex.es\/wp-content\/uploads\/2025\/05\/cropped-COMPUTAEX_transparente-scaled-1.png\",\"contentUrl\":\"https:\/\/computaex.es\/wp-content\/uploads\/2025\/05\/cropped-COMPUTAEX_transparente-scaled-1.png\",\"width\":2560,\"height\":970,\"caption\":\"COMPUTAEX\"},\"image\":{\"@id\":\"https:\/\/computaex.es\/#\/schema\/logo\/image\/\"},\"sameAs\":[\"https:\/\/m.facebook.com\/computaex\/\",\"https:\/\/x.com\/computaex\",\"https:\/\/es.linkedin.com\/company\/cenits\"]}]}<\/script>\n<!-- \/ Yoast SEO plugin. -->","yoast_head_json":{"title":"REF 2023-1 Auxiliar de Administraci\u00f3n en la Fundaci\u00f3n COMPUTAEX - Fundaci\u00f3n COMPUTAEX","robots":{"index":"index","follow":"follow","max-snippet":"max-snippet:-1","max-image-preview":"max-image-preview:large","max-video-preview":"max-video-preview:-1"},"canonical":"https:\/\/computaex.es\/en\/empleo\/ref-2023-1\/","og_locale":"en_US","og_type":"article","og_title":"REF 2023-1 Auxiliar de Administraci\u00f3n en la Fundaci\u00f3n COMPUTAEX - Fundaci\u00f3n COMPUTAEX","og_description":"REF 2023-1 Auxiliar de Administraci\u00f3n en la Fundaci\u00f3n COMPUTAEX La Fundaci\u00f3n\u00a0COMPUTAEX\u00a0oferta un puesto para su Centro C\u00e9nitS: Auxiliar de Administraci\u00f3n (Ref. 2023-1). Todos los detalles de la convocatoria pueden ser ...","og_url":"https:\/\/computaex.es\/en\/empleo\/ref-2023-1\/","og_site_name":"Fundaci\u00f3n COMPUTAEX","article_publisher":"https:\/\/m.facebook.com\/computaex\/","article_modified_time":"2025-07-30T11:58:23+00:00","og_image":[{"width":1024,"height":403,"url":"https:\/\/computaex.es\/wp-content\/uploads\/2025\/08\/COMPUTAEX.jpg","type":"image\/jpeg"}],"twitter_card":"summary_large_image","twitter_site":"@computaex","twitter_misc":{"Est. reading time":"1 minute"},"schema":{"@context":"https:\/\/schema.org","@graph":[{"@type":"WebPage","@id":"https:\/\/computaex.es\/empleo\/ref-2023-1\/","url":"https:\/\/computaex.es\/empleo\/ref-2023-1\/","name":"REF 2023-1 Auxiliar de Administraci\u00f3n en la Fundaci\u00f3n COMPUTAEX - Fundaci\u00f3n COMPUTAEX","isPartOf":{"@id":"https:\/\/computaex.es\/#website"},"datePublished":"2023-03-29T07:01:47+00:00","dateModified":"2025-07-30T11:58:23+00:00","breadcrumb":{"@id":"https:\/\/computaex.es\/empleo\/ref-2023-1\/#breadcrumb"},"inLanguage":"en-US","potentialAction":[{"@type":"ReadAction","target":["https:\/\/computaex.es\/empleo\/ref-2023-1\/"]}]},{"@type":"BreadcrumbList","@id":"https:\/\/computaex.es\/empleo\/ref-2023-1\/#breadcrumb","itemListElement":[{"@type":"ListItem","position":1,"name":"Portada","item":"https:\/\/computaex.es\/"},{"@type":"ListItem","position":2,"name":"Empleo","item":"https:\/\/computaex.es\/empleo\/"},{"@type":"ListItem","position":3,"name":"REF 2023-1 Auxiliar de Administraci\u00f3n en la Fundaci\u00f3n COMPUTAEX"}]},{"@type":"WebSite","@id":"https:\/\/computaex.es\/#website","url":"https:\/\/computaex.es\/","name":"COMPUTAEX Foundation","description":"COMPUTAEX","publisher":{"@id":"https:\/\/computaex.es\/#organization"},"potentialAction":[{"@type":"SearchAction","target":{"@type":"EntryPoint","urlTemplate":"https:\/\/computaex.es\/?s={search_term_string}"},"query-input":{"@type":"PropertyValueSpecification","valueRequired":true,"valueName":"search_term_string"}}],"inLanguage":"en-US"},{"@type":"Organization","@id":"https:\/\/computaex.es\/#organization","name":"COMPUTAEX","url":"https:\/\/computaex.es\/","logo":{"@type":"ImageObject","inLanguage":"en-US","@id":"https:\/\/computaex.es\/#\/schema\/logo\/image\/","url":"https:\/\/computaex.es\/wp-content\/uploads\/2025\/05\/cropped-COMPUTAEX_transparente-scaled-1.png","contentUrl":"https:\/\/computaex.es\/wp-content\/uploads\/2025\/05\/cropped-COMPUTAEX_transparente-scaled-1.png","width":2560,"height":970,"caption":"COMPUTAEX"},"image":{"@id":"https:\/\/computaex.es\/#\/schema\/logo\/image\/"},"sameAs":["https:\/\/m.facebook.com\/computaex\/","https:\/\/x.com\/computaex","https:\/\/es.linkedin.com\/company\/cenits"]}]}},"_links":{"self":[{"href":"https:\/\/computaex.es\/en\/wp-json\/wp\/v2\/pages\/6161","targetHints":{"allow":["GET"]}}],"collection":[{"href":"https:\/\/computaex.es\/en\/wp-json\/wp\/v2\/pages"}],"about":[{"href":"https:\/\/computaex.es\/en\/wp-json\/wp\/v2\/types\/page"}],"author":[{"embeddable":true,"href":"https:\/\/computaex.es\/en\/wp-json\/wp\/v2\/users\/1"}],"replies":[{"embeddable":true,"href":"https:\/\/computaex.es\/en\/wp-json\/wp\/v2\/comments?post=6161"}],"version-history":[{"count":15,"href":"https:\/\/computaex.es\/en\/wp-json\/wp\/v2\/pages\/6161\/revisions"}],"predecessor-version":[{"id":9172,"href":"https:\/\/computaex.es\/en\/wp-json\/wp\/v2\/pages\/6161\/revisions\/9172"}],"up":[{"embeddable":true,"href":"https:\/\/computaex.es\/en\/wp-json\/wp\/v2\/pages\/7859"}],"wp:attachment":[{"href":"https:\/\/computaex.es\/en\/wp-json\/wp\/v2\/media?parent=6161"}],"wp:term":[{"taxonomy":"category","embeddable":true,"href":"https:\/\/computaex.es\/en\/wp-json\/wp\/v2\/categories?post=6161"},{"taxonomy":"post_tag","embeddable":true,"href":"https:\/\/computaex.es\/en\/wp-json\/wp\/v2\/tags?post=6161"}],"curies":[{"name":"wp","href":"https:\/\/api.w.org\/{rel}","templated":true}]}}