{"id":6553,"date":"2025-01-28T09:28:49","date_gmt":"2025-01-28T08:28:49","guid":{"rendered":"http:\/\/10.128.3.28\/?page_id=6553"},"modified":"2025-01-28T09:28:49","modified_gmt":"2025-01-28T08:28:49","slug":"investigaciones-computacionales-de-estructura-y-reactividad-2","status":"publish","type":"page","link":"https:\/\/computaex.es\/en\/investigaciones-computacionales-de-estructura-y-reactividad-2\/","title":{"rendered":"Investigaciones computacionales de estructura y reactividad"},"content":{"rendered":"<p>Ponente:<\/p>\n<ul>\n<li>Pedro Cintas Moreno.\u00a0<a href=\"http:\/\/www.unex.es\/\">Universidad de Extremadura<\/a>.<\/li>\n<\/ul>\n<p>Ponencia en PDF:<\/p>\n<ul>\n<li><a href=\"\/en\/investigaciones-computacionales-de-estructura-y-reactividad\/\">Investigaciones computacionales de estructura y reactividad<\/a><\/li>\n<\/ul>\n<p>Noticia relacionada:<\/p>\n<ul>\n<li><a href=\"\/en\/supercomputacion\/la-fundacion-computaex-organiza-las-v-jornadas-de-supercomputacion-y-avances-en-tecnologia\/\">La Fundaci\u00f3n COMPUTAEX organiza las V Jornadas de Supercomputaci\u00f3n y Avances en Tecnolog\u00eda<\/a><\/li>\n<\/ul>\n<div class=\"rtecenter\"><iframe src=\"http:\/\/player.vimeo.com\/video\/56971876\" width=\"640\" height=\"480\" frameborder=\"0\" allowfullscreen=\"allowfullscreen\" data-mce-fragment=\"1\"><\/iframe><\/div>","protected":false},"excerpt":{"rendered":"<p>Ponente: Pedro Cintas Moreno.\u00a0Universidad de Extremadura. Ponencia en PDF: Investigaciones computacionales de estructura y reactividad Noticia relacionada: La Fundaci\u00f3n COMPUTAEX organiza las V Jornadas de Supercomputaci\u00f3n y Avances en Tecnolog\u00eda<\/p>","protected":false},"author":1,"featured_media":0,"parent":0,"menu_order":0,"comment_status":"closed","ping_status":"closed","template":"","meta":{"footnotes":""},"categories":[],"tags":[],"class_list":["post-6553","page","type-page","status-publish","hentry"],"yoast_head":"<!-- This site is optimized with the Yoast SEO plugin v27.1.1 - https:\/\/yoast.com\/product\/yoast-seo-wordpress\/ -->\n<title>Investigaciones computacionales de estructura y reactividad - Fundaci\u00f3n COMPUTAEX<\/title>\n<meta name=\"robots\" content=\"index, follow, max-snippet:-1, max-image-preview:large, max-video-preview:-1\" \/>\n<link rel=\"canonical\" href=\"https:\/\/computaex.es\/en\/investigaciones-computacionales-de-estructura-y-reactividad-2\/\" \/>\n<meta property=\"og:locale\" content=\"en_US\" \/>\n<meta property=\"og:type\" content=\"article\" \/>\n<meta property=\"og:title\" content=\"Investigaciones computacionales de estructura y reactividad - Fundaci\u00f3n COMPUTAEX\" \/>\n<meta property=\"og:description\" content=\"Ponente: Pedro Cintas Moreno.\u00a0Universidad de Extremadura. Ponencia en PDF: Investigaciones computacionales de estructura y reactividad Noticia relacionada: La Fundaci\u00f3n COMPUTAEX organiza las V Jornadas de Supercomputaci\u00f3n y Avances en Tecnolog\u00eda\" \/>\n<meta property=\"og:url\" content=\"https:\/\/computaex.es\/en\/investigaciones-computacionales-de-estructura-y-reactividad-2\/\" \/>\n<meta property=\"og:site_name\" content=\"Fundaci\u00f3n COMPUTAEX\" \/>\n<meta property=\"article:publisher\" content=\"https:\/\/m.facebook.com\/computaex\/\" \/>\n<meta property=\"og:image\" content=\"https:\/\/computaex.es\/wp-content\/uploads\/2025\/08\/COMPUTAEX.jpg\" \/>\n\t<meta property=\"og:image:width\" content=\"1024\" \/>\n\t<meta property=\"og:image:height\" content=\"403\" \/>\n\t<meta property=\"og:image:type\" content=\"image\/jpeg\" \/>\n<meta name=\"twitter:card\" content=\"summary_large_image\" \/>\n<meta name=\"twitter:site\" content=\"@computaex\" \/>\n<meta name=\"twitter:label1\" content=\"Est. reading time\" \/>\n\t<meta name=\"twitter:data1\" content=\"1 minute\" \/>\n<script type=\"application\/ld+json\" class=\"yoast-schema-graph\">{\"@context\":\"https:\/\/schema.org\",\"@graph\":[{\"@type\":\"WebPage\",\"@id\":\"https:\/\/computaex.es\/investigaciones-computacionales-de-estructura-y-reactividad-2\/\",\"url\":\"https:\/\/computaex.es\/investigaciones-computacionales-de-estructura-y-reactividad-2\/\",\"name\":\"Investigaciones computacionales de estructura y reactividad - Fundaci\u00f3n COMPUTAEX\",\"isPartOf\":{\"@id\":\"https:\/\/computaex.es\/#website\"},\"datePublished\":\"2025-01-28T08:28:49+00:00\",\"breadcrumb\":{\"@id\":\"https:\/\/computaex.es\/investigaciones-computacionales-de-estructura-y-reactividad-2\/#breadcrumb\"},\"inLanguage\":\"en-US\",\"potentialAction\":[{\"@type\":\"ReadAction\",\"target\":[\"https:\/\/computaex.es\/investigaciones-computacionales-de-estructura-y-reactividad-2\/\"]}]},{\"@type\":\"BreadcrumbList\",\"@id\":\"https:\/\/computaex.es\/investigaciones-computacionales-de-estructura-y-reactividad-2\/#breadcrumb\",\"itemListElement\":[{\"@type\":\"ListItem\",\"position\":1,\"name\":\"Portada\",\"item\":\"https:\/\/computaex.es\/\"},{\"@type\":\"ListItem\",\"position\":2,\"name\":\"Investigaciones computacionales de estructura y reactividad\"}]},{\"@type\":\"WebSite\",\"@id\":\"https:\/\/computaex.es\/#website\",\"url\":\"https:\/\/computaex.es\/\",\"name\":\"Fundaci\u00f3n COMPUTAEX\",\"description\":\"COMPUTAEX\",\"publisher\":{\"@id\":\"https:\/\/computaex.es\/#organization\"},\"potentialAction\":[{\"@type\":\"SearchAction\",\"target\":{\"@type\":\"EntryPoint\",\"urlTemplate\":\"https:\/\/computaex.es\/?s={search_term_string}\"},\"query-input\":{\"@type\":\"PropertyValueSpecification\",\"valueRequired\":true,\"valueName\":\"search_term_string\"}}],\"inLanguage\":\"en-US\"},{\"@type\":\"Organization\",\"@id\":\"https:\/\/computaex.es\/#organization\",\"name\":\"COMPUTAEX\",\"url\":\"https:\/\/computaex.es\/\",\"logo\":{\"@type\":\"ImageObject\",\"inLanguage\":\"en-US\",\"@id\":\"https:\/\/computaex.es\/#\/schema\/logo\/image\/\",\"url\":\"https:\/\/computaex.es\/wp-content\/uploads\/2025\/05\/cropped-COMPUTAEX_transparente-scaled-1.png\",\"contentUrl\":\"https:\/\/computaex.es\/wp-content\/uploads\/2025\/05\/cropped-COMPUTAEX_transparente-scaled-1.png\",\"width\":2560,\"height\":970,\"caption\":\"COMPUTAEX\"},\"image\":{\"@id\":\"https:\/\/computaex.es\/#\/schema\/logo\/image\/\"},\"sameAs\":[\"https:\/\/m.facebook.com\/computaex\/\",\"https:\/\/x.com\/computaex\",\"https:\/\/es.linkedin.com\/company\/cenits\"]}]}<\/script>\n<!-- \/ Yoast SEO plugin. -->","yoast_head_json":{"title":"Investigaciones computacionales de estructura y reactividad - Fundaci\u00f3n COMPUTAEX","robots":{"index":"index","follow":"follow","max-snippet":"max-snippet:-1","max-image-preview":"max-image-preview:large","max-video-preview":"max-video-preview:-1"},"canonical":"https:\/\/computaex.es\/en\/investigaciones-computacionales-de-estructura-y-reactividad-2\/","og_locale":"en_US","og_type":"article","og_title":"Investigaciones computacionales de estructura y reactividad - Fundaci\u00f3n COMPUTAEX","og_description":"Ponente: Pedro Cintas Moreno.\u00a0Universidad de Extremadura. Ponencia en PDF: Investigaciones computacionales de estructura y reactividad Noticia relacionada: La Fundaci\u00f3n COMPUTAEX organiza las V Jornadas de Supercomputaci\u00f3n y Avances en Tecnolog\u00eda","og_url":"https:\/\/computaex.es\/en\/investigaciones-computacionales-de-estructura-y-reactividad-2\/","og_site_name":"Fundaci\u00f3n COMPUTAEX","article_publisher":"https:\/\/m.facebook.com\/computaex\/","og_image":[{"width":1024,"height":403,"url":"https:\/\/computaex.es\/wp-content\/uploads\/2025\/08\/COMPUTAEX.jpg","type":"image\/jpeg"}],"twitter_card":"summary_large_image","twitter_site":"@computaex","twitter_misc":{"Est. reading time":"1 minute"},"schema":{"@context":"https:\/\/schema.org","@graph":[{"@type":"WebPage","@id":"https:\/\/computaex.es\/investigaciones-computacionales-de-estructura-y-reactividad-2\/","url":"https:\/\/computaex.es\/investigaciones-computacionales-de-estructura-y-reactividad-2\/","name":"Investigaciones computacionales de estructura y reactividad - Fundaci\u00f3n COMPUTAEX","isPartOf":{"@id":"https:\/\/computaex.es\/#website"},"datePublished":"2025-01-28T08:28:49+00:00","breadcrumb":{"@id":"https:\/\/computaex.es\/investigaciones-computacionales-de-estructura-y-reactividad-2\/#breadcrumb"},"inLanguage":"en-US","potentialAction":[{"@type":"ReadAction","target":["https:\/\/computaex.es\/investigaciones-computacionales-de-estructura-y-reactividad-2\/"]}]},{"@type":"BreadcrumbList","@id":"https:\/\/computaex.es\/investigaciones-computacionales-de-estructura-y-reactividad-2\/#breadcrumb","itemListElement":[{"@type":"ListItem","position":1,"name":"Portada","item":"https:\/\/computaex.es\/"},{"@type":"ListItem","position":2,"name":"Investigaciones computacionales de estructura y reactividad"}]},{"@type":"WebSite","@id":"https:\/\/computaex.es\/#website","url":"https:\/\/computaex.es\/","name":"COMPUTAEX Foundation","description":"COMPUTAEX","publisher":{"@id":"https:\/\/computaex.es\/#organization"},"potentialAction":[{"@type":"SearchAction","target":{"@type":"EntryPoint","urlTemplate":"https:\/\/computaex.es\/?s={search_term_string}"},"query-input":{"@type":"PropertyValueSpecification","valueRequired":true,"valueName":"search_term_string"}}],"inLanguage":"en-US"},{"@type":"Organization","@id":"https:\/\/computaex.es\/#organization","name":"COMPUTAEX","url":"https:\/\/computaex.es\/","logo":{"@type":"ImageObject","inLanguage":"en-US","@id":"https:\/\/computaex.es\/#\/schema\/logo\/image\/","url":"https:\/\/computaex.es\/wp-content\/uploads\/2025\/05\/cropped-COMPUTAEX_transparente-scaled-1.png","contentUrl":"https:\/\/computaex.es\/wp-content\/uploads\/2025\/05\/cropped-COMPUTAEX_transparente-scaled-1.png","width":2560,"height":970,"caption":"COMPUTAEX"},"image":{"@id":"https:\/\/computaex.es\/#\/schema\/logo\/image\/"},"sameAs":["https:\/\/m.facebook.com\/computaex\/","https:\/\/x.com\/computaex","https:\/\/es.linkedin.com\/company\/cenits"]}]}},"_links":{"self":[{"href":"https:\/\/computaex.es\/en\/wp-json\/wp\/v2\/pages\/6553","targetHints":{"allow":["GET"]}}],"collection":[{"href":"https:\/\/computaex.es\/en\/wp-json\/wp\/v2\/pages"}],"about":[{"href":"https:\/\/computaex.es\/en\/wp-json\/wp\/v2\/types\/page"}],"author":[{"embeddable":true,"href":"https:\/\/computaex.es\/en\/wp-json\/wp\/v2\/users\/1"}],"replies":[{"embeddable":true,"href":"https:\/\/computaex.es\/en\/wp-json\/wp\/v2\/comments?post=6553"}],"version-history":[{"count":1,"href":"https:\/\/computaex.es\/en\/wp-json\/wp\/v2\/pages\/6553\/revisions"}],"predecessor-version":[{"id":6560,"href":"https:\/\/computaex.es\/en\/wp-json\/wp\/v2\/pages\/6553\/revisions\/6560"}],"wp:attachment":[{"href":"https:\/\/computaex.es\/en\/wp-json\/wp\/v2\/media?parent=6553"}],"wp:term":[{"taxonomy":"category","embeddable":true,"href":"https:\/\/computaex.es\/en\/wp-json\/wp\/v2\/categories?post=6553"},{"taxonomy":"post_tag","embeddable":true,"href":"https:\/\/computaex.es\/en\/wp-json\/wp\/v2\/tags?post=6553"}],"curies":[{"name":"wp","href":"https:\/\/api.w.org\/{rel}","templated":true}]}}