{"id":6569,"date":"2025-01-28T09:37:42","date_gmt":"2025-01-28T08:37:42","guid":{"rendered":"http:\/\/10.128.3.28\/?page_id=6569"},"modified":"2025-01-28T09:37:42","modified_gmt":"2025-01-28T08:37:42","slug":"el-cesca-mas-alla-de-la-supercomputacion","status":"publish","type":"page","link":"https:\/\/computaex.es\/en\/el-cesca-mas-alla-de-la-supercomputacion\/","title":{"rendered":"El CESCA, m\u00e1s all\u00e1 de la supercomputaci\u00f3n"},"content":{"rendered":"<div class=\"field field-name-body field-type-text-with-summary field-label-hidden\">\n<div class=\"field-items\">\n<div class=\"field-item even\">\n<ul>\n<li><strong>Autor<\/strong>: Miquel Huguet Vilella<\/li>\n<li><strong>Evento<\/strong>:\u00a0<a href=\"\/en\/supercomputacion\/la-fundacion-computaex-organiza-las-v-jornadas-de-supercomputacion-y-avances-en-tecnologia\/\">V Jornada de Supercomputaci\u00f3n y Avances en Tecnolog\u00eda<\/a><\/li>\n<li><strong>Lugar<\/strong>: Escuela Polit\u00e9nica de C\u00e1ceres<\/li>\n<li><strong>Date<\/strong>: 19 de Noviembre de 2012<\/li>\n<\/ul>\n<\/div>\n<\/div>\n<\/div>\n<div class=\"field field-name-field-documentos-documentos field-type-file field-label-hidden\">\n<div class=\"field-items\">\n<div class=\"field-item even\">\n<table class=\"sticky-enabled tableheader-processed sticky-table\">\n<thead>\n<tr>\n<th style=\"background-color: #272736;\"><span style=\"color: #ffffff;\">Attached<\/span><\/th>\n<th style=\"background-color: #272736;\"><span style=\"color: #ffffff;\">Size<\/span><\/th>\n<\/tr>\n<\/thead>\n<tbody>\n<tr class=\"odd\">\n<td><span class=\"file\"><img decoding=\"async\" class=\"file-icon\" title=\"application\/pdf\" src=\"https:\/\/www.computaex.es\/modules\/file\/icons\/application-pdf.png\" alt=\"Icono PDF\" \/>\u00a0<a href=\"\/wp-content\/uploads\/2025\/01\/19-11-12-cesca-mas-alla-supercomputacion.pdf\" type=\"application\/pdf; length=3627772\">19-11-12-cesca-mas-alla-supercomputacion.pdf<\/a><\/span><\/td>\n<td>3.46 MB<\/td>\n<\/tr>\n<\/tbody>\n<\/table>\n<\/div>\n<\/div>\n<\/div>","protected":false},"excerpt":{"rendered":"<p>Autor: Miquel Huguet Vilella Evento:\u00a0V Jornada de Supercomputaci\u00f3n y Avances en Tecnolog\u00eda Lugar: Escuela Polit\u00e9nica de C\u00e1ceres Fecha: 19 de Noviembre de 2012 Adjunto Tama\u00f1o \u00a019-11-12-cesca-mas-alla-supercomputacion.pdf 3.46 MB<\/p>","protected":false},"author":1,"featured_media":0,"parent":0,"menu_order":0,"comment_status":"closed","ping_status":"closed","template":"","meta":{"footnotes":""},"categories":[],"tags":[],"class_list":["post-6569","page","type-page","status-publish","hentry"],"yoast_head":"<!-- This site is optimized with the Yoast SEO plugin v27.1.1 - https:\/\/yoast.com\/product\/yoast-seo-wordpress\/ -->\n<title>El CESCA, m\u00e1s all\u00e1 de la supercomputaci\u00f3n - Fundaci\u00f3n COMPUTAEX<\/title>\n<meta name=\"robots\" content=\"index, follow, max-snippet:-1, max-image-preview:large, max-video-preview:-1\" \/>\n<link rel=\"canonical\" href=\"https:\/\/computaex.es\/en\/el-cesca-mas-alla-de-la-supercomputacion\/\" \/>\n<meta property=\"og:locale\" content=\"en_US\" \/>\n<meta property=\"og:type\" content=\"article\" \/>\n<meta property=\"og:title\" content=\"El CESCA, m\u00e1s all\u00e1 de la supercomputaci\u00f3n - Fundaci\u00f3n COMPUTAEX\" \/>\n<meta property=\"og:description\" content=\"Autor: Miquel Huguet Vilella Evento:\u00a0V Jornada de Supercomputaci\u00f3n y Avances en Tecnolog\u00eda Lugar: Escuela Polit\u00e9nica de C\u00e1ceres Fecha: 19 de Noviembre de 2012 Adjunto Tama\u00f1o \u00a019-11-12-cesca-mas-alla-supercomputacion.pdf 3.46 MB\" \/>\n<meta property=\"og:url\" content=\"https:\/\/computaex.es\/en\/el-cesca-mas-alla-de-la-supercomputacion\/\" \/>\n<meta property=\"og:site_name\" content=\"Fundaci\u00f3n COMPUTAEX\" \/>\n<meta property=\"article:publisher\" content=\"https:\/\/m.facebook.com\/computaex\/\" \/>\n<meta property=\"og:image\" content=\"https:\/\/www.computaex.es\/modules\/file\/icons\/application-pdf.png\" \/>\n<meta name=\"twitter:card\" content=\"summary_large_image\" \/>\n<meta name=\"twitter:site\" content=\"@computaex\" \/>\n<meta name=\"twitter:label1\" content=\"Est. reading time\" \/>\n\t<meta name=\"twitter:data1\" content=\"1 minute\" \/>\n<script type=\"application\/ld+json\" class=\"yoast-schema-graph\">{\"@context\":\"https:\/\/schema.org\",\"@graph\":[{\"@type\":\"WebPage\",\"@id\":\"https:\/\/computaex.es\/el-cesca-mas-alla-de-la-supercomputacion\/\",\"url\":\"https:\/\/computaex.es\/el-cesca-mas-alla-de-la-supercomputacion\/\",\"name\":\"El CESCA, m\u00e1s all\u00e1 de la supercomputaci\u00f3n - Fundaci\u00f3n COMPUTAEX\",\"isPartOf\":{\"@id\":\"https:\/\/computaex.es\/#website\"},\"primaryImageOfPage\":{\"@id\":\"https:\/\/computaex.es\/el-cesca-mas-alla-de-la-supercomputacion\/#primaryimage\"},\"image\":{\"@id\":\"https:\/\/computaex.es\/el-cesca-mas-alla-de-la-supercomputacion\/#primaryimage\"},\"thumbnailUrl\":\"https:\/\/www.computaex.es\/modules\/file\/icons\/application-pdf.png\",\"datePublished\":\"2025-01-28T08:37:42+00:00\",\"breadcrumb\":{\"@id\":\"https:\/\/computaex.es\/el-cesca-mas-alla-de-la-supercomputacion\/#breadcrumb\"},\"inLanguage\":\"en-US\",\"potentialAction\":[{\"@type\":\"ReadAction\",\"target\":[\"https:\/\/computaex.es\/el-cesca-mas-alla-de-la-supercomputacion\/\"]}]},{\"@type\":\"ImageObject\",\"inLanguage\":\"en-US\",\"@id\":\"https:\/\/computaex.es\/el-cesca-mas-alla-de-la-supercomputacion\/#primaryimage\",\"url\":\"https:\/\/www.computaex.es\/modules\/file\/icons\/application-pdf.png\",\"contentUrl\":\"https:\/\/www.computaex.es\/modules\/file\/icons\/application-pdf.png\"},{\"@type\":\"BreadcrumbList\",\"@id\":\"https:\/\/computaex.es\/el-cesca-mas-alla-de-la-supercomputacion\/#breadcrumb\",\"itemListElement\":[{\"@type\":\"ListItem\",\"position\":1,\"name\":\"Portada\",\"item\":\"https:\/\/computaex.es\/\"},{\"@type\":\"ListItem\",\"position\":2,\"name\":\"El CESCA, m\u00e1s all\u00e1 de la supercomputaci\u00f3n\"}]},{\"@type\":\"WebSite\",\"@id\":\"https:\/\/computaex.es\/#website\",\"url\":\"https:\/\/computaex.es\/\",\"name\":\"Fundaci\u00f3n COMPUTAEX\",\"description\":\"COMPUTAEX\",\"publisher\":{\"@id\":\"https:\/\/computaex.es\/#organization\"},\"potentialAction\":[{\"@type\":\"SearchAction\",\"target\":{\"@type\":\"EntryPoint\",\"urlTemplate\":\"https:\/\/computaex.es\/?s={search_term_string}\"},\"query-input\":{\"@type\":\"PropertyValueSpecification\",\"valueRequired\":true,\"valueName\":\"search_term_string\"}}],\"inLanguage\":\"en-US\"},{\"@type\":\"Organization\",\"@id\":\"https:\/\/computaex.es\/#organization\",\"name\":\"COMPUTAEX\",\"url\":\"https:\/\/computaex.es\/\",\"logo\":{\"@type\":\"ImageObject\",\"inLanguage\":\"en-US\",\"@id\":\"https:\/\/computaex.es\/#\/schema\/logo\/image\/\",\"url\":\"https:\/\/computaex.es\/wp-content\/uploads\/2025\/05\/cropped-COMPUTAEX_transparente-scaled-1.png\",\"contentUrl\":\"https:\/\/computaex.es\/wp-content\/uploads\/2025\/05\/cropped-COMPUTAEX_transparente-scaled-1.png\",\"width\":2560,\"height\":970,\"caption\":\"COMPUTAEX\"},\"image\":{\"@id\":\"https:\/\/computaex.es\/#\/schema\/logo\/image\/\"},\"sameAs\":[\"https:\/\/m.facebook.com\/computaex\/\",\"https:\/\/x.com\/computaex\",\"https:\/\/es.linkedin.com\/company\/cenits\"]}]}<\/script>\n<!-- \/ Yoast SEO plugin. -->","yoast_head_json":{"title":"El CESCA, m\u00e1s all\u00e1 de la supercomputaci\u00f3n - Fundaci\u00f3n COMPUTAEX","robots":{"index":"index","follow":"follow","max-snippet":"max-snippet:-1","max-image-preview":"max-image-preview:large","max-video-preview":"max-video-preview:-1"},"canonical":"https:\/\/computaex.es\/en\/el-cesca-mas-alla-de-la-supercomputacion\/","og_locale":"en_US","og_type":"article","og_title":"El CESCA, m\u00e1s all\u00e1 de la supercomputaci\u00f3n - Fundaci\u00f3n COMPUTAEX","og_description":"Autor: Miquel Huguet Vilella Evento:\u00a0V Jornada de Supercomputaci\u00f3n y Avances en Tecnolog\u00eda Lugar: Escuela Polit\u00e9nica de C\u00e1ceres Fecha: 19 de Noviembre de 2012 Adjunto Tama\u00f1o \u00a019-11-12-cesca-mas-alla-supercomputacion.pdf 3.46 MB","og_url":"https:\/\/computaex.es\/en\/el-cesca-mas-alla-de-la-supercomputacion\/","og_site_name":"Fundaci\u00f3n COMPUTAEX","article_publisher":"https:\/\/m.facebook.com\/computaex\/","og_image":[{"url":"https:\/\/www.computaex.es\/modules\/file\/icons\/application-pdf.png","type":"","width":"","height":""}],"twitter_card":"summary_large_image","twitter_site":"@computaex","twitter_misc":{"Est. reading time":"1 minute"},"schema":{"@context":"https:\/\/schema.org","@graph":[{"@type":"WebPage","@id":"https:\/\/computaex.es\/el-cesca-mas-alla-de-la-supercomputacion\/","url":"https:\/\/computaex.es\/el-cesca-mas-alla-de-la-supercomputacion\/","name":"El CESCA, m\u00e1s all\u00e1 de la supercomputaci\u00f3n - Fundaci\u00f3n COMPUTAEX","isPartOf":{"@id":"https:\/\/computaex.es\/#website"},"primaryImageOfPage":{"@id":"https:\/\/computaex.es\/el-cesca-mas-alla-de-la-supercomputacion\/#primaryimage"},"image":{"@id":"https:\/\/computaex.es\/el-cesca-mas-alla-de-la-supercomputacion\/#primaryimage"},"thumbnailUrl":"https:\/\/www.computaex.es\/modules\/file\/icons\/application-pdf.png","datePublished":"2025-01-28T08:37:42+00:00","breadcrumb":{"@id":"https:\/\/computaex.es\/el-cesca-mas-alla-de-la-supercomputacion\/#breadcrumb"},"inLanguage":"en-US","potentialAction":[{"@type":"ReadAction","target":["https:\/\/computaex.es\/el-cesca-mas-alla-de-la-supercomputacion\/"]}]},{"@type":"ImageObject","inLanguage":"en-US","@id":"https:\/\/computaex.es\/el-cesca-mas-alla-de-la-supercomputacion\/#primaryimage","url":"https:\/\/www.computaex.es\/modules\/file\/icons\/application-pdf.png","contentUrl":"https:\/\/www.computaex.es\/modules\/file\/icons\/application-pdf.png"},{"@type":"BreadcrumbList","@id":"https:\/\/computaex.es\/el-cesca-mas-alla-de-la-supercomputacion\/#breadcrumb","itemListElement":[{"@type":"ListItem","position":1,"name":"Portada","item":"https:\/\/computaex.es\/"},{"@type":"ListItem","position":2,"name":"El CESCA, m\u00e1s all\u00e1 de la supercomputaci\u00f3n"}]},{"@type":"WebSite","@id":"https:\/\/computaex.es\/#website","url":"https:\/\/computaex.es\/","name":"COMPUTAEX Foundation","description":"COMPUTAEX","publisher":{"@id":"https:\/\/computaex.es\/#organization"},"potentialAction":[{"@type":"SearchAction","target":{"@type":"EntryPoint","urlTemplate":"https:\/\/computaex.es\/?s={search_term_string}"},"query-input":{"@type":"PropertyValueSpecification","valueRequired":true,"valueName":"search_term_string"}}],"inLanguage":"en-US"},{"@type":"Organization","@id":"https:\/\/computaex.es\/#organization","name":"COMPUTAEX","url":"https:\/\/computaex.es\/","logo":{"@type":"ImageObject","inLanguage":"en-US","@id":"https:\/\/computaex.es\/#\/schema\/logo\/image\/","url":"https:\/\/computaex.es\/wp-content\/uploads\/2025\/05\/cropped-COMPUTAEX_transparente-scaled-1.png","contentUrl":"https:\/\/computaex.es\/wp-content\/uploads\/2025\/05\/cropped-COMPUTAEX_transparente-scaled-1.png","width":2560,"height":970,"caption":"COMPUTAEX"},"image":{"@id":"https:\/\/computaex.es\/#\/schema\/logo\/image\/"},"sameAs":["https:\/\/m.facebook.com\/computaex\/","https:\/\/x.com\/computaex","https:\/\/es.linkedin.com\/company\/cenits"]}]}},"_links":{"self":[{"href":"https:\/\/computaex.es\/en\/wp-json\/wp\/v2\/pages\/6569","targetHints":{"allow":["GET"]}}],"collection":[{"href":"https:\/\/computaex.es\/en\/wp-json\/wp\/v2\/pages"}],"about":[{"href":"https:\/\/computaex.es\/en\/wp-json\/wp\/v2\/types\/page"}],"author":[{"embeddable":true,"href":"https:\/\/computaex.es\/en\/wp-json\/wp\/v2\/users\/1"}],"replies":[{"embeddable":true,"href":"https:\/\/computaex.es\/en\/wp-json\/wp\/v2\/comments?post=6569"}],"version-history":[{"count":1,"href":"https:\/\/computaex.es\/en\/wp-json\/wp\/v2\/pages\/6569\/revisions"}],"predecessor-version":[{"id":6574,"href":"https:\/\/computaex.es\/en\/wp-json\/wp\/v2\/pages\/6569\/revisions\/6574"}],"wp:attachment":[{"href":"https:\/\/computaex.es\/en\/wp-json\/wp\/v2\/media?parent=6569"}],"wp:term":[{"taxonomy":"category","embeddable":true,"href":"https:\/\/computaex.es\/en\/wp-json\/wp\/v2\/categories?post=6569"},{"taxonomy":"post_tag","embeddable":true,"href":"https:\/\/computaex.es\/en\/wp-json\/wp\/v2\/tags?post=6569"}],"curies":[{"name":"wp","href":"https:\/\/api.w.org\/{rel}","templated":true}]}}