{"id":6605,"date":"2025-01-28T09:57:24","date_gmt":"2025-01-28T08:57:24","guid":{"rendered":"http:\/\/10.128.3.28\/?page_id=6605"},"modified":"2025-01-28T09:57:24","modified_gmt":"2025-01-28T08:57:24","slug":"para-que-puede-ser-util-un-ingeniero-de-telecomunicacion-hoy-en-dia","status":"publish","type":"page","link":"https:\/\/computaex.es\/en\/para-que-puede-ser-util-un-ingeniero-de-telecomunicacion-hoy-en-dia\/","title":{"rendered":"\u00bfPara qu\u00e9 puede ser \u00fatil un ingeniero de telecomunicaci\u00f3n hoy en d\u00eda?"},"content":{"rendered":"<p>Ponente:<\/p>\n<ul>\n<li>Luis Miguel Manzano S\u00e1nchez. Presidente de la Asociaci\u00f3n Extreme\u00f1a de Ingenieros de Telecomunicaci\u00f3n.<\/li>\n<\/ul>\n<p>Noticia relacionada:<\/p>\n<ul>\n<li><a href=\"\/en\/presentaciones\/computaex-organiza-las-6a-jornadas-cenits\/\">COMPUTAEX organiza las 6\u00aa Jornadas C\u00e9nitS<\/a><\/li>\n<\/ul>\n<p><iframe src=\"https:\/\/player.vimeo.com\/video\/84197949\" width=\"720\" height=\"564\" frameborder=\"0\" allowfullscreen=\"allowfullscreen\" data-mce-fragment=\"1\"><\/iframe><\/p>\n<p><a href=\"http:\/\/vimeo.com\/84197949\">\u00bfPara qu\u00e9 puede ser \u00fatil un ingeniero de telecomunicaci\u00f3n hoy en d\u00eda?<\/a>\u00a0from\u00a0<a href=\"http:\/\/vimeo.com\/cenits\">CenitS<\/a>\u00a0on\u00a0<a href=\"https:\/\/vimeo.com\/\">Vimeo<\/a>.<\/p>","protected":false},"excerpt":{"rendered":"<p>Ponente: Luis Miguel Manzano S\u00e1nchez. Presidente de la Asociaci\u00f3n Extreme\u00f1a de Ingenieros de Telecomunicaci\u00f3n. Noticia relacionada: COMPUTAEX organiza las 6\u00aa Jornadas C\u00e9nitS \u00bfPara qu\u00e9 puede ser \u00fatil un ingeniero de &#8230;<\/p>","protected":false},"author":1,"featured_media":0,"parent":0,"menu_order":0,"comment_status":"closed","ping_status":"closed","template":"","meta":{"footnotes":""},"categories":[],"tags":[],"class_list":["post-6605","page","type-page","status-publish","hentry"],"yoast_head":"<!-- This site is optimized with the Yoast SEO plugin v27.1.1 - https:\/\/yoast.com\/product\/yoast-seo-wordpress\/ -->\n<title>\u00bfPara qu\u00e9 puede ser \u00fatil un ingeniero de telecomunicaci\u00f3n hoy en d\u00eda? - Fundaci\u00f3n COMPUTAEX<\/title>\n<meta name=\"robots\" content=\"index, follow, max-snippet:-1, max-image-preview:large, max-video-preview:-1\" \/>\n<link rel=\"canonical\" href=\"https:\/\/computaex.es\/en\/para-que-puede-ser-util-un-ingeniero-de-telecomunicacion-hoy-en-dia\/\" \/>\n<meta property=\"og:locale\" content=\"en_US\" \/>\n<meta property=\"og:type\" content=\"article\" \/>\n<meta property=\"og:title\" content=\"\u00bfPara qu\u00e9 puede ser \u00fatil un ingeniero de telecomunicaci\u00f3n hoy en d\u00eda? - Fundaci\u00f3n COMPUTAEX\" \/>\n<meta property=\"og:description\" content=\"Ponente: Luis Miguel Manzano S\u00e1nchez. Presidente de la Asociaci\u00f3n Extreme\u00f1a de Ingenieros de Telecomunicaci\u00f3n. Noticia relacionada: COMPUTAEX organiza las 6\u00aa Jornadas C\u00e9nitS \u00bfPara qu\u00e9 puede ser \u00fatil un ingeniero de ...\" \/>\n<meta property=\"og:url\" content=\"https:\/\/computaex.es\/en\/para-que-puede-ser-util-un-ingeniero-de-telecomunicacion-hoy-en-dia\/\" \/>\n<meta property=\"og:site_name\" content=\"Fundaci\u00f3n COMPUTAEX\" \/>\n<meta property=\"article:publisher\" content=\"https:\/\/m.facebook.com\/computaex\/\" \/>\n<meta property=\"og:image\" content=\"https:\/\/computaex.es\/wp-content\/uploads\/2025\/08\/COMPUTAEX.jpg\" \/>\n\t<meta property=\"og:image:width\" content=\"1024\" \/>\n\t<meta property=\"og:image:height\" content=\"403\" \/>\n\t<meta property=\"og:image:type\" content=\"image\/jpeg\" \/>\n<meta name=\"twitter:card\" content=\"summary_large_image\" \/>\n<meta name=\"twitter:site\" content=\"@computaex\" \/>\n<meta name=\"twitter:label1\" content=\"Est. reading time\" \/>\n\t<meta name=\"twitter:data1\" content=\"1 minute\" \/>\n<script type=\"application\/ld+json\" class=\"yoast-schema-graph\">{\"@context\":\"https:\/\/schema.org\",\"@graph\":[{\"@type\":\"WebPage\",\"@id\":\"https:\/\/computaex.es\/para-que-puede-ser-util-un-ingeniero-de-telecomunicacion-hoy-en-dia\/\",\"url\":\"https:\/\/computaex.es\/para-que-puede-ser-util-un-ingeniero-de-telecomunicacion-hoy-en-dia\/\",\"name\":\"\u00bfPara qu\u00e9 puede ser \u00fatil un ingeniero de telecomunicaci\u00f3n hoy en d\u00eda? - Fundaci\u00f3n COMPUTAEX\",\"isPartOf\":{\"@id\":\"https:\/\/computaex.es\/#website\"},\"datePublished\":\"2025-01-28T08:57:24+00:00\",\"breadcrumb\":{\"@id\":\"https:\/\/computaex.es\/para-que-puede-ser-util-un-ingeniero-de-telecomunicacion-hoy-en-dia\/#breadcrumb\"},\"inLanguage\":\"en-US\",\"potentialAction\":[{\"@type\":\"ReadAction\",\"target\":[\"https:\/\/computaex.es\/para-que-puede-ser-util-un-ingeniero-de-telecomunicacion-hoy-en-dia\/\"]}]},{\"@type\":\"BreadcrumbList\",\"@id\":\"https:\/\/computaex.es\/para-que-puede-ser-util-un-ingeniero-de-telecomunicacion-hoy-en-dia\/#breadcrumb\",\"itemListElement\":[{\"@type\":\"ListItem\",\"position\":1,\"name\":\"Portada\",\"item\":\"https:\/\/computaex.es\/\"},{\"@type\":\"ListItem\",\"position\":2,\"name\":\"\u00bfPara qu\u00e9 puede ser \u00fatil un ingeniero de telecomunicaci\u00f3n hoy en d\u00eda?\"}]},{\"@type\":\"WebSite\",\"@id\":\"https:\/\/computaex.es\/#website\",\"url\":\"https:\/\/computaex.es\/\",\"name\":\"Fundaci\u00f3n COMPUTAEX\",\"description\":\"COMPUTAEX\",\"publisher\":{\"@id\":\"https:\/\/computaex.es\/#organization\"},\"potentialAction\":[{\"@type\":\"SearchAction\",\"target\":{\"@type\":\"EntryPoint\",\"urlTemplate\":\"https:\/\/computaex.es\/?s={search_term_string}\"},\"query-input\":{\"@type\":\"PropertyValueSpecification\",\"valueRequired\":true,\"valueName\":\"search_term_string\"}}],\"inLanguage\":\"en-US\"},{\"@type\":\"Organization\",\"@id\":\"https:\/\/computaex.es\/#organization\",\"name\":\"COMPUTAEX\",\"url\":\"https:\/\/computaex.es\/\",\"logo\":{\"@type\":\"ImageObject\",\"inLanguage\":\"en-US\",\"@id\":\"https:\/\/computaex.es\/#\/schema\/logo\/image\/\",\"url\":\"https:\/\/computaex.es\/wp-content\/uploads\/2025\/05\/cropped-COMPUTAEX_transparente-scaled-1.png\",\"contentUrl\":\"https:\/\/computaex.es\/wp-content\/uploads\/2025\/05\/cropped-COMPUTAEX_transparente-scaled-1.png\",\"width\":2560,\"height\":970,\"caption\":\"COMPUTAEX\"},\"image\":{\"@id\":\"https:\/\/computaex.es\/#\/schema\/logo\/image\/\"},\"sameAs\":[\"https:\/\/m.facebook.com\/computaex\/\",\"https:\/\/x.com\/computaex\",\"https:\/\/es.linkedin.com\/company\/cenits\"]}]}<\/script>\n<!-- \/ Yoast SEO plugin. -->","yoast_head_json":{"title":"\u00bfPara qu\u00e9 puede ser \u00fatil un ingeniero de telecomunicaci\u00f3n hoy en d\u00eda? - Fundaci\u00f3n COMPUTAEX","robots":{"index":"index","follow":"follow","max-snippet":"max-snippet:-1","max-image-preview":"max-image-preview:large","max-video-preview":"max-video-preview:-1"},"canonical":"https:\/\/computaex.es\/en\/para-que-puede-ser-util-un-ingeniero-de-telecomunicacion-hoy-en-dia\/","og_locale":"en_US","og_type":"article","og_title":"\u00bfPara qu\u00e9 puede ser \u00fatil un ingeniero de telecomunicaci\u00f3n hoy en d\u00eda? - Fundaci\u00f3n COMPUTAEX","og_description":"Ponente: Luis Miguel Manzano S\u00e1nchez. Presidente de la Asociaci\u00f3n Extreme\u00f1a de Ingenieros de Telecomunicaci\u00f3n. Noticia relacionada: COMPUTAEX organiza las 6\u00aa Jornadas C\u00e9nitS \u00bfPara qu\u00e9 puede ser \u00fatil un ingeniero de ...","og_url":"https:\/\/computaex.es\/en\/para-que-puede-ser-util-un-ingeniero-de-telecomunicacion-hoy-en-dia\/","og_site_name":"Fundaci\u00f3n COMPUTAEX","article_publisher":"https:\/\/m.facebook.com\/computaex\/","og_image":[{"width":1024,"height":403,"url":"https:\/\/computaex.es\/wp-content\/uploads\/2025\/08\/COMPUTAEX.jpg","type":"image\/jpeg"}],"twitter_card":"summary_large_image","twitter_site":"@computaex","twitter_misc":{"Est. reading time":"1 minute"},"schema":{"@context":"https:\/\/schema.org","@graph":[{"@type":"WebPage","@id":"https:\/\/computaex.es\/para-que-puede-ser-util-un-ingeniero-de-telecomunicacion-hoy-en-dia\/","url":"https:\/\/computaex.es\/para-que-puede-ser-util-un-ingeniero-de-telecomunicacion-hoy-en-dia\/","name":"\u00bfPara qu\u00e9 puede ser \u00fatil un ingeniero de telecomunicaci\u00f3n hoy en d\u00eda? - Fundaci\u00f3n COMPUTAEX","isPartOf":{"@id":"https:\/\/computaex.es\/#website"},"datePublished":"2025-01-28T08:57:24+00:00","breadcrumb":{"@id":"https:\/\/computaex.es\/para-que-puede-ser-util-un-ingeniero-de-telecomunicacion-hoy-en-dia\/#breadcrumb"},"inLanguage":"en-US","potentialAction":[{"@type":"ReadAction","target":["https:\/\/computaex.es\/para-que-puede-ser-util-un-ingeniero-de-telecomunicacion-hoy-en-dia\/"]}]},{"@type":"BreadcrumbList","@id":"https:\/\/computaex.es\/para-que-puede-ser-util-un-ingeniero-de-telecomunicacion-hoy-en-dia\/#breadcrumb","itemListElement":[{"@type":"ListItem","position":1,"name":"Portada","item":"https:\/\/computaex.es\/"},{"@type":"ListItem","position":2,"name":"\u00bfPara qu\u00e9 puede ser \u00fatil un ingeniero de telecomunicaci\u00f3n hoy en d\u00eda?"}]},{"@type":"WebSite","@id":"https:\/\/computaex.es\/#website","url":"https:\/\/computaex.es\/","name":"COMPUTAEX Foundation","description":"COMPUTAEX","publisher":{"@id":"https:\/\/computaex.es\/#organization"},"potentialAction":[{"@type":"SearchAction","target":{"@type":"EntryPoint","urlTemplate":"https:\/\/computaex.es\/?s={search_term_string}"},"query-input":{"@type":"PropertyValueSpecification","valueRequired":true,"valueName":"search_term_string"}}],"inLanguage":"en-US"},{"@type":"Organization","@id":"https:\/\/computaex.es\/#organization","name":"COMPUTAEX","url":"https:\/\/computaex.es\/","logo":{"@type":"ImageObject","inLanguage":"en-US","@id":"https:\/\/computaex.es\/#\/schema\/logo\/image\/","url":"https:\/\/computaex.es\/wp-content\/uploads\/2025\/05\/cropped-COMPUTAEX_transparente-scaled-1.png","contentUrl":"https:\/\/computaex.es\/wp-content\/uploads\/2025\/05\/cropped-COMPUTAEX_transparente-scaled-1.png","width":2560,"height":970,"caption":"COMPUTAEX"},"image":{"@id":"https:\/\/computaex.es\/#\/schema\/logo\/image\/"},"sameAs":["https:\/\/m.facebook.com\/computaex\/","https:\/\/x.com\/computaex","https:\/\/es.linkedin.com\/company\/cenits"]}]}},"_links":{"self":[{"href":"https:\/\/computaex.es\/en\/wp-json\/wp\/v2\/pages\/6605","targetHints":{"allow":["GET"]}}],"collection":[{"href":"https:\/\/computaex.es\/en\/wp-json\/wp\/v2\/pages"}],"about":[{"href":"https:\/\/computaex.es\/en\/wp-json\/wp\/v2\/types\/page"}],"author":[{"embeddable":true,"href":"https:\/\/computaex.es\/en\/wp-json\/wp\/v2\/users\/1"}],"replies":[{"embeddable":true,"href":"https:\/\/computaex.es\/en\/wp-json\/wp\/v2\/comments?post=6605"}],"version-history":[{"count":2,"href":"https:\/\/computaex.es\/en\/wp-json\/wp\/v2\/pages\/6605\/revisions"}],"predecessor-version":[{"id":8151,"href":"https:\/\/computaex.es\/en\/wp-json\/wp\/v2\/pages\/6605\/revisions\/8151"}],"wp:attachment":[{"href":"https:\/\/computaex.es\/en\/wp-json\/wp\/v2\/media?parent=6605"}],"wp:term":[{"taxonomy":"category","embeddable":true,"href":"https:\/\/computaex.es\/en\/wp-json\/wp\/v2\/categories?post=6605"},{"taxonomy":"post_tag","embeddable":true,"href":"https:\/\/computaex.es\/en\/wp-json\/wp\/v2\/tags?post=6605"}],"curies":[{"name":"wp","href":"https:\/\/api.w.org\/{rel}","templated":true}]}}