{"id":6642,"date":"2025-01-28T12:01:53","date_gmt":"2025-01-28T11:01:53","guid":{"rendered":"http:\/\/10.128.3.28\/?page_id=6642"},"modified":"2025-01-29T08:28:54","modified_gmt":"2025-01-29T07:28:54","slug":"hp-cast-iberica-7o-encuentro-de-usuarios-de-supercomputacion","status":"publish","type":"page","link":"https:\/\/computaex.es\/en\/hp-cast-iberica-7o-encuentro-de-usuarios-de-supercomputacion\/","title":{"rendered":"HP-CAST Ib\u00e9rica: 7\u00ba encuentro de usuarios de Supercomputaci\u00f3n"},"content":{"rendered":"<div class=\"field field-name-field-fecha-evento field-type-datetime field-label-hidden\">\n<div class=\"field-items\">\n<div class=\"field-item even\"><span class=\"date-display-single\">Jueves 27 de Noviembre de 2014, 09:00 horas.<\/span><\/div>\n<\/div>\n<\/div>\n<div class=\"field field-name-field-evento-imagen field-type-image field-label-hidden\">\n<div class=\"field-items\">\n<div class=\"field-item even\"><a class=\"colorbox init-colorbox-processed cboxElement\" title=\"HP-CAST Ib\u00e9rica 7\u00ba\" href=\"https:\/\/www.cenits.es\/sites\/cenits.es\/files\/eventos\/7-hp-cast-iberica.jpg\" data-colorbox-gallery=\"\" data-cbox-img-attrs=\"{&quot;title&quot;: &quot;HP-CAST Ib\u00e9rica 7\u00ba&quot;, &quot;alt&quot;: &quot;HP-CAST Ib\u00e9rica 7\u00ba&quot;}\"><img fetchpriority=\"high\" decoding=\"async\" title=\"HP-CAST Ib\u00e9rica 7\u00ba\" src=\"https:\/\/www.cenits.es\/sites\/cenits.es\/files\/styles\/large\/public\/eventos\/7-hp-cast-iberica.jpg?itok=CSANZKy4\" alt=\"HP-CAST Ib\u00e9rica 7\u00ba\" width=\"480\" height=\"132\" \/><\/a><\/div>\n<\/div>\n<\/div>\n<div class=\"field field-name-body field-type-text-with-summary field-label-hidden\">\n<div class=\"field-items\">\n<div class=\"field-item even\">\n<p>El pr\u00f3ximo jueves 27 de Noviembre, tendr\u00e1 lugar el 7\u00ba encuentro de usuarios de supercomputaci\u00f3n en HP CAST IBERICA. El lugar de celebraci\u00f3n ser\u00e1n las instalaciones del BBVA en Tres Cantos (Madrid).<\/p>\n<p>El evento dar\u00e1 la oportunidad de debatir y compartir experiencias con profesionales de diferentes perfiles del \u00e1rea de la Computaci\u00f3n de Altas Prestaciones, con el fin de seguir avanzando en la investigaci\u00f3n y la innovaci\u00f3n.<\/p>\n<p>M\u00e1s informaci\u00f3n:<\/p>\n<ul>\n<li><a href=\"https:\/\/h22166.www2.hp.com\/event\/eventpage.aspx?eventid=NQA4ADQAMwA3AA==&amp;cc=es&amp;lang=es\">HP-CAST Ib\u00e9rica: 7\u00ba encuentro de usuarios de Supercomputaci\u00f3n<\/a><\/li>\n<\/ul>\n<\/div>\n<\/div>\n<\/div>\n<div class=\"field field-name-taxonomy-vocabulary-8 field-type-taxonomy-term-reference field-label-hidden\">\n<div class=\"field-items\">\n<div class=\"field-item even\"><a href=\"\/en\/jornadas\/\">Seminars<\/a><\/div>\n<div class=\"field-item odd\"><a href=\"\/en\/ponentes\/\">Speakers<\/a><\/div>\n<\/div>\n<\/div>","protected":false},"excerpt":{"rendered":"<p>Jueves 27 de Noviembre de 2014, 09:00 horas. El pr\u00f3ximo jueves 27 de Noviembre, tendr\u00e1 lugar el 7\u00ba encuentro de usuarios de supercomputaci\u00f3n en HP CAST IBERICA. El lugar de &#8230;<\/p>","protected":false},"author":1,"featured_media":0,"parent":0,"menu_order":0,"comment_status":"closed","ping_status":"closed","template":"","meta":{"footnotes":""},"categories":[93,96],"class_list":["post-6642","page","type-page","status-publish","hentry","category-jornadas","category-ponentes"],"yoast_head":"<!-- This site is optimized with the Yoast SEO plugin v27.1.1 - https:\/\/yoast.com\/product\/yoast-seo-wordpress\/ -->\n<title>HP-CAST Ib\u00e9rica: 7\u00ba encuentro de usuarios de Supercomputaci\u00f3n - Fundaci\u00f3n COMPUTAEX<\/title>\n<meta name=\"robots\" content=\"index, follow, max-snippet:-1, max-image-preview:large, max-video-preview:-1\" \/>\n<link rel=\"canonical\" href=\"https:\/\/computaex.es\/en\/hp-cast-iberica-7o-encuentro-de-usuarios-de-supercomputacion\/\" \/>\n<meta property=\"og:locale\" content=\"en_US\" \/>\n<meta property=\"og:type\" content=\"article\" \/>\n<meta property=\"og:title\" content=\"HP-CAST Ib\u00e9rica: 7\u00ba encuentro de usuarios de Supercomputaci\u00f3n - Fundaci\u00f3n COMPUTAEX\" \/>\n<meta property=\"og:description\" content=\"Jueves 27 de Noviembre de 2014, 09:00 horas. El pr\u00f3ximo jueves 27 de Noviembre, tendr\u00e1 lugar el 7\u00ba encuentro de usuarios de supercomputaci\u00f3n en HP CAST IBERICA. El lugar de ...\" \/>\n<meta property=\"og:url\" content=\"https:\/\/computaex.es\/en\/hp-cast-iberica-7o-encuentro-de-usuarios-de-supercomputacion\/\" \/>\n<meta property=\"og:site_name\" content=\"Fundaci\u00f3n COMPUTAEX\" \/>\n<meta property=\"article:publisher\" content=\"https:\/\/m.facebook.com\/computaex\/\" \/>\n<meta property=\"article:modified_time\" content=\"2025-01-29T07:28:54+00:00\" \/>\n<meta property=\"og:image\" content=\"https:\/\/www.cenits.es\/sites\/cenits.es\/files\/styles\/large\/public\/eventos\/7-hp-cast-iberica.jpg?itok=CSANZKy4\" \/>\n<meta name=\"twitter:card\" content=\"summary_large_image\" \/>\n<meta name=\"twitter:site\" content=\"@computaex\" \/>\n<meta name=\"twitter:label1\" content=\"Est. reading time\" \/>\n\t<meta name=\"twitter:data1\" content=\"1 minute\" \/>\n<script type=\"application\/ld+json\" class=\"yoast-schema-graph\">{\"@context\":\"https:\/\/schema.org\",\"@graph\":[{\"@type\":\"WebPage\",\"@id\":\"https:\/\/computaex.es\/hp-cast-iberica-7o-encuentro-de-usuarios-de-supercomputacion\/\",\"url\":\"https:\/\/computaex.es\/hp-cast-iberica-7o-encuentro-de-usuarios-de-supercomputacion\/\",\"name\":\"HP-CAST Ib\u00e9rica: 7\u00ba encuentro de usuarios de Supercomputaci\u00f3n - Fundaci\u00f3n COMPUTAEX\",\"isPartOf\":{\"@id\":\"https:\/\/computaex.es\/#website\"},\"primaryImageOfPage\":{\"@id\":\"https:\/\/computaex.es\/hp-cast-iberica-7o-encuentro-de-usuarios-de-supercomputacion\/#primaryimage\"},\"image\":{\"@id\":\"https:\/\/computaex.es\/hp-cast-iberica-7o-encuentro-de-usuarios-de-supercomputacion\/#primaryimage\"},\"thumbnailUrl\":\"https:\/\/www.cenits.es\/sites\/cenits.es\/files\/styles\/large\/public\/eventos\/7-hp-cast-iberica.jpg?itok=CSANZKy4\",\"datePublished\":\"2025-01-28T11:01:53+00:00\",\"dateModified\":\"2025-01-29T07:28:54+00:00\",\"breadcrumb\":{\"@id\":\"https:\/\/computaex.es\/hp-cast-iberica-7o-encuentro-de-usuarios-de-supercomputacion\/#breadcrumb\"},\"inLanguage\":\"en-US\",\"potentialAction\":[{\"@type\":\"ReadAction\",\"target\":[\"https:\/\/computaex.es\/hp-cast-iberica-7o-encuentro-de-usuarios-de-supercomputacion\/\"]}]},{\"@type\":\"ImageObject\",\"inLanguage\":\"en-US\",\"@id\":\"https:\/\/computaex.es\/hp-cast-iberica-7o-encuentro-de-usuarios-de-supercomputacion\/#primaryimage\",\"url\":\"https:\/\/www.cenits.es\/sites\/cenits.es\/files\/styles\/large\/public\/eventos\/7-hp-cast-iberica.jpg?itok=CSANZKy4\",\"contentUrl\":\"https:\/\/www.cenits.es\/sites\/cenits.es\/files\/styles\/large\/public\/eventos\/7-hp-cast-iberica.jpg?itok=CSANZKy4\"},{\"@type\":\"BreadcrumbList\",\"@id\":\"https:\/\/computaex.es\/hp-cast-iberica-7o-encuentro-de-usuarios-de-supercomputacion\/#breadcrumb\",\"itemListElement\":[{\"@type\":\"ListItem\",\"position\":1,\"name\":\"Portada\",\"item\":\"https:\/\/computaex.es\/\"},{\"@type\":\"ListItem\",\"position\":2,\"name\":\"HP-CAST Ib\u00e9rica: 7\u00ba encuentro de usuarios de Supercomputaci\u00f3n\"}]},{\"@type\":\"WebSite\",\"@id\":\"https:\/\/computaex.es\/#website\",\"url\":\"https:\/\/computaex.es\/\",\"name\":\"Fundaci\u00f3n COMPUTAEX\",\"description\":\"COMPUTAEX\",\"publisher\":{\"@id\":\"https:\/\/computaex.es\/#organization\"},\"potentialAction\":[{\"@type\":\"SearchAction\",\"target\":{\"@type\":\"EntryPoint\",\"urlTemplate\":\"https:\/\/computaex.es\/?s={search_term_string}\"},\"query-input\":{\"@type\":\"PropertyValueSpecification\",\"valueRequired\":true,\"valueName\":\"search_term_string\"}}],\"inLanguage\":\"en-US\"},{\"@type\":\"Organization\",\"@id\":\"https:\/\/computaex.es\/#organization\",\"name\":\"COMPUTAEX\",\"url\":\"https:\/\/computaex.es\/\",\"logo\":{\"@type\":\"ImageObject\",\"inLanguage\":\"en-US\",\"@id\":\"https:\/\/computaex.es\/#\/schema\/logo\/image\/\",\"url\":\"https:\/\/computaex.es\/wp-content\/uploads\/2025\/05\/cropped-COMPUTAEX_transparente-scaled-1.png\",\"contentUrl\":\"https:\/\/computaex.es\/wp-content\/uploads\/2025\/05\/cropped-COMPUTAEX_transparente-scaled-1.png\",\"width\":2560,\"height\":970,\"caption\":\"COMPUTAEX\"},\"image\":{\"@id\":\"https:\/\/computaex.es\/#\/schema\/logo\/image\/\"},\"sameAs\":[\"https:\/\/m.facebook.com\/computaex\/\",\"https:\/\/x.com\/computaex\",\"https:\/\/es.linkedin.com\/company\/cenits\"]}]}<\/script>\n<!-- \/ Yoast SEO plugin. -->","yoast_head_json":{"title":"HP-CAST Ib\u00e9rica: 7\u00ba encuentro de usuarios de Supercomputaci\u00f3n - Fundaci\u00f3n COMPUTAEX","robots":{"index":"index","follow":"follow","max-snippet":"max-snippet:-1","max-image-preview":"max-image-preview:large","max-video-preview":"max-video-preview:-1"},"canonical":"https:\/\/computaex.es\/en\/hp-cast-iberica-7o-encuentro-de-usuarios-de-supercomputacion\/","og_locale":"en_US","og_type":"article","og_title":"HP-CAST Ib\u00e9rica: 7\u00ba encuentro de usuarios de Supercomputaci\u00f3n - Fundaci\u00f3n COMPUTAEX","og_description":"Jueves 27 de Noviembre de 2014, 09:00 horas. El pr\u00f3ximo jueves 27 de Noviembre, tendr\u00e1 lugar el 7\u00ba encuentro de usuarios de supercomputaci\u00f3n en HP CAST IBERICA. El lugar de ...","og_url":"https:\/\/computaex.es\/en\/hp-cast-iberica-7o-encuentro-de-usuarios-de-supercomputacion\/","og_site_name":"Fundaci\u00f3n COMPUTAEX","article_publisher":"https:\/\/m.facebook.com\/computaex\/","article_modified_time":"2025-01-29T07:28:54+00:00","og_image":[{"url":"https:\/\/www.cenits.es\/sites\/cenits.es\/files\/styles\/large\/public\/eventos\/7-hp-cast-iberica.jpg?itok=CSANZKy4","type":"","width":"","height":""}],"twitter_card":"summary_large_image","twitter_site":"@computaex","twitter_misc":{"Est. reading time":"1 minute"},"schema":{"@context":"https:\/\/schema.org","@graph":[{"@type":"WebPage","@id":"https:\/\/computaex.es\/hp-cast-iberica-7o-encuentro-de-usuarios-de-supercomputacion\/","url":"https:\/\/computaex.es\/hp-cast-iberica-7o-encuentro-de-usuarios-de-supercomputacion\/","name":"HP-CAST Ib\u00e9rica: 7\u00ba encuentro de usuarios de Supercomputaci\u00f3n - Fundaci\u00f3n COMPUTAEX","isPartOf":{"@id":"https:\/\/computaex.es\/#website"},"primaryImageOfPage":{"@id":"https:\/\/computaex.es\/hp-cast-iberica-7o-encuentro-de-usuarios-de-supercomputacion\/#primaryimage"},"image":{"@id":"https:\/\/computaex.es\/hp-cast-iberica-7o-encuentro-de-usuarios-de-supercomputacion\/#primaryimage"},"thumbnailUrl":"https:\/\/www.cenits.es\/sites\/cenits.es\/files\/styles\/large\/public\/eventos\/7-hp-cast-iberica.jpg?itok=CSANZKy4","datePublished":"2025-01-28T11:01:53+00:00","dateModified":"2025-01-29T07:28:54+00:00","breadcrumb":{"@id":"https:\/\/computaex.es\/hp-cast-iberica-7o-encuentro-de-usuarios-de-supercomputacion\/#breadcrumb"},"inLanguage":"en-US","potentialAction":[{"@type":"ReadAction","target":["https:\/\/computaex.es\/hp-cast-iberica-7o-encuentro-de-usuarios-de-supercomputacion\/"]}]},{"@type":"ImageObject","inLanguage":"en-US","@id":"https:\/\/computaex.es\/hp-cast-iberica-7o-encuentro-de-usuarios-de-supercomputacion\/#primaryimage","url":"https:\/\/www.cenits.es\/sites\/cenits.es\/files\/styles\/large\/public\/eventos\/7-hp-cast-iberica.jpg?itok=CSANZKy4","contentUrl":"https:\/\/www.cenits.es\/sites\/cenits.es\/files\/styles\/large\/public\/eventos\/7-hp-cast-iberica.jpg?itok=CSANZKy4"},{"@type":"BreadcrumbList","@id":"https:\/\/computaex.es\/hp-cast-iberica-7o-encuentro-de-usuarios-de-supercomputacion\/#breadcrumb","itemListElement":[{"@type":"ListItem","position":1,"name":"Portada","item":"https:\/\/computaex.es\/"},{"@type":"ListItem","position":2,"name":"HP-CAST Ib\u00e9rica: 7\u00ba encuentro de usuarios de Supercomputaci\u00f3n"}]},{"@type":"WebSite","@id":"https:\/\/computaex.es\/#website","url":"https:\/\/computaex.es\/","name":"COMPUTAEX Foundation","description":"COMPUTAEX","publisher":{"@id":"https:\/\/computaex.es\/#organization"},"potentialAction":[{"@type":"SearchAction","target":{"@type":"EntryPoint","urlTemplate":"https:\/\/computaex.es\/?s={search_term_string}"},"query-input":{"@type":"PropertyValueSpecification","valueRequired":true,"valueName":"search_term_string"}}],"inLanguage":"en-US"},{"@type":"Organization","@id":"https:\/\/computaex.es\/#organization","name":"COMPUTAEX","url":"https:\/\/computaex.es\/","logo":{"@type":"ImageObject","inLanguage":"en-US","@id":"https:\/\/computaex.es\/#\/schema\/logo\/image\/","url":"https:\/\/computaex.es\/wp-content\/uploads\/2025\/05\/cropped-COMPUTAEX_transparente-scaled-1.png","contentUrl":"https:\/\/computaex.es\/wp-content\/uploads\/2025\/05\/cropped-COMPUTAEX_transparente-scaled-1.png","width":2560,"height":970,"caption":"COMPUTAEX"},"image":{"@id":"https:\/\/computaex.es\/#\/schema\/logo\/image\/"},"sameAs":["https:\/\/m.facebook.com\/computaex\/","https:\/\/x.com\/computaex","https:\/\/es.linkedin.com\/company\/cenits"]}]}},"_links":{"self":[{"href":"https:\/\/computaex.es\/en\/wp-json\/wp\/v2\/pages\/6642","targetHints":{"allow":["GET"]}}],"collection":[{"href":"https:\/\/computaex.es\/en\/wp-json\/wp\/v2\/pages"}],"about":[{"href":"https:\/\/computaex.es\/en\/wp-json\/wp\/v2\/types\/page"}],"author":[{"embeddable":true,"href":"https:\/\/computaex.es\/en\/wp-json\/wp\/v2\/users\/1"}],"replies":[{"embeddable":true,"href":"https:\/\/computaex.es\/en\/wp-json\/wp\/v2\/comments?post=6642"}],"version-history":[{"count":2,"href":"https:\/\/computaex.es\/en\/wp-json\/wp\/v2\/pages\/6642\/revisions"}],"predecessor-version":[{"id":6788,"href":"https:\/\/computaex.es\/en\/wp-json\/wp\/v2\/pages\/6642\/revisions\/6788"}],"wp:attachment":[{"href":"https:\/\/computaex.es\/en\/wp-json\/wp\/v2\/media?parent=6642"}],"wp:term":[{"taxonomy":"category","embeddable":true,"href":"https:\/\/computaex.es\/en\/wp-json\/wp\/v2\/categories?post=6642"}],"curies":[{"name":"wp","href":"https:\/\/api.w.org\/{rel}","templated":true}]}}