{"id":6645,"date":"2025-01-28T12:02:58","date_gmt":"2025-01-28T11:02:58","guid":{"rendered":"http:\/\/10.128.3.28\/?page_id=6645"},"modified":"2025-01-29T08:29:36","modified_gmt":"2025-01-29T07:29:36","slug":"jornadas-tecnicas-de-rediris-2014","status":"publish","type":"page","link":"https:\/\/computaex.es\/en\/jornadas-tecnicas-de-rediris-2014\/","title":{"rendered":"Jornadas T\u00e9cnicas de RedIRIS 2014"},"content":{"rendered":"<div class=\"field field-name-field-fecha-evento field-type-datetime field-label-hidden\">\n<div class=\"field-items\">\n<div class=\"field-item even\"><span class=\"date-display-single\">Lunes 24 de Noviembre de 2014, 16:00 horas.<\/span><\/div>\n<\/div>\n<\/div>\n<div class=\"field field-name-field-evento-imagen field-type-image field-label-hidden\">\n<div class=\"field-items\">\n<div class=\"field-item even\"><a class=\"colorbox init-colorbox-processed cboxElement\" title=\"XXV Jornadas T\u00e9cnicas de RedIRIS\" href=\"https:\/\/www.cenits.es\/sites\/cenits.es\/files\/eventos\/rediris-jt2014.jpg\" data-colorbox-gallery=\"\" data-cbox-img-attrs=\"{&quot;title&quot;: &quot;XXV Jornadas T\u00e9cnicas de RedIRIS&quot;, &quot;alt&quot;: &quot;XXV Jornadas T\u00e9cnicas de RedIRIS&quot;}\"><img decoding=\"async\" title=\"XXV Jornadas T\u00e9cnicas de RedIRIS\" src=\"https:\/\/www.cenits.es\/sites\/cenits.es\/files\/styles\/large\/public\/eventos\/rediris-jt2014.jpg?itok=QztDdtSu\" alt=\"XXV Jornadas T\u00e9cnicas de RedIRIS\" width=\"151\" height=\"211\" \/><\/a><\/div>\n<\/div>\n<\/div>\n<div class=\"field field-name-body field-type-text-with-summary field-label-hidden\">\n<div class=\"field-items\">\n<div class=\"field-item even\">\n<p><a href=\"http:\/\/www.rediris.es\/\">RedIRIS<\/a>\u00a0organiza, con la colaboraci\u00f3n de la\u00a0<a href=\"http:\/\/www.unex.es\/\">Universidad de Extremadura<\/a>, las XXV Jornadas T\u00e9cnicas de RedIRIS que se llevar\u00e1n a cabo los d\u00edas 25 al 27 de noviembre en el Complejo Cultural San Francisco, centro de congresos y exposiciones de la Diputaci\u00f3n de C\u00e1ceres. Como en ediciones anteriores, estas Jornadas T\u00e9cnicas estar\u00e1n precedidas por los XXXVIII Grupos de Trabajo de RedIRIS los d\u00edas 24 (en horario de ma\u00f1ana y tarde) y 25 (hasta el mediod\u00eda).Las Jornadas T\u00e9cnicas se abrir\u00e1n con un acto institucional el d\u00eda 25 de noviembre a las 16.00 horas.<\/p>\n<p>M\u00e1s informaci\u00f3n:<\/p>\n<ul>\n<li><a href=\"http:\/\/www.rediris.es\/jt\/jt2014\/\">Jornadas T\u00e9cnicas RedIris 2014<\/a><\/li>\n<\/ul>\n<\/div>\n<\/div>\n<\/div>\n<div class=\"field field-name-taxonomy-vocabulary-8 field-type-taxonomy-term-reference field-label-hidden\">\n<div class=\"field-items\">\n<div class=\"field-item even\"><a href=\"\/en\/jornadas\/\">Seminars<\/a><\/div>\n<div class=\"field-item odd\"><a href=\"\/en\/ponentes\/\">Speakers<\/a><\/div>\n<\/div>\n<\/div>","protected":false},"excerpt":{"rendered":"<p>Lunes 24 de Noviembre de 2014, 16:00 horas. RedIRIS\u00a0organiza, con la colaboraci\u00f3n de la\u00a0Universidad de Extremadura, las XXV Jornadas T\u00e9cnicas de RedIRIS que se llevar\u00e1n a cabo los d\u00edas 25 &#8230;<\/p>","protected":false},"author":1,"featured_media":0,"parent":0,"menu_order":0,"comment_status":"closed","ping_status":"closed","template":"","meta":{"footnotes":""},"categories":[93,96],"class_list":["post-6645","page","type-page","status-publish","hentry","category-jornadas","category-ponentes"],"yoast_head":"<!-- This site is optimized with the Yoast SEO plugin v27.1.1 - https:\/\/yoast.com\/product\/yoast-seo-wordpress\/ -->\n<title>Jornadas T\u00e9cnicas de RedIRIS 2014 - Fundaci\u00f3n COMPUTAEX<\/title>\n<meta name=\"robots\" content=\"index, follow, max-snippet:-1, max-image-preview:large, max-video-preview:-1\" \/>\n<link rel=\"canonical\" href=\"https:\/\/computaex.es\/en\/jornadas-tecnicas-de-rediris-2014\/\" \/>\n<meta property=\"og:locale\" content=\"en_US\" \/>\n<meta property=\"og:type\" content=\"article\" \/>\n<meta property=\"og:title\" content=\"Jornadas T\u00e9cnicas de RedIRIS 2014 - Fundaci\u00f3n COMPUTAEX\" \/>\n<meta property=\"og:description\" content=\"Lunes 24 de Noviembre de 2014, 16:00 horas. RedIRIS\u00a0organiza, con la colaboraci\u00f3n de la\u00a0Universidad de Extremadura, las XXV Jornadas T\u00e9cnicas de RedIRIS que se llevar\u00e1n a cabo los d\u00edas 25 ...\" \/>\n<meta property=\"og:url\" content=\"https:\/\/computaex.es\/en\/jornadas-tecnicas-de-rediris-2014\/\" \/>\n<meta property=\"og:site_name\" content=\"Fundaci\u00f3n COMPUTAEX\" \/>\n<meta property=\"article:publisher\" content=\"https:\/\/m.facebook.com\/computaex\/\" \/>\n<meta property=\"article:modified_time\" content=\"2025-01-29T07:29:36+00:00\" \/>\n<meta property=\"og:image\" content=\"https:\/\/www.cenits.es\/sites\/cenits.es\/files\/styles\/large\/public\/eventos\/rediris-jt2014.jpg?itok=QztDdtSu\" \/>\n<meta name=\"twitter:card\" content=\"summary_large_image\" \/>\n<meta name=\"twitter:site\" content=\"@computaex\" \/>\n<meta name=\"twitter:label1\" content=\"Est. reading time\" \/>\n\t<meta name=\"twitter:data1\" content=\"1 minute\" \/>\n<script type=\"application\/ld+json\" class=\"yoast-schema-graph\">{\"@context\":\"https:\/\/schema.org\",\"@graph\":[{\"@type\":\"WebPage\",\"@id\":\"https:\/\/computaex.es\/jornadas-tecnicas-de-rediris-2014\/\",\"url\":\"https:\/\/computaex.es\/jornadas-tecnicas-de-rediris-2014\/\",\"name\":\"Jornadas T\u00e9cnicas de RedIRIS 2014 - Fundaci\u00f3n COMPUTAEX\",\"isPartOf\":{\"@id\":\"https:\/\/computaex.es\/#website\"},\"primaryImageOfPage\":{\"@id\":\"https:\/\/computaex.es\/jornadas-tecnicas-de-rediris-2014\/#primaryimage\"},\"image\":{\"@id\":\"https:\/\/computaex.es\/jornadas-tecnicas-de-rediris-2014\/#primaryimage\"},\"thumbnailUrl\":\"https:\/\/www.cenits.es\/sites\/cenits.es\/files\/styles\/large\/public\/eventos\/rediris-jt2014.jpg?itok=QztDdtSu\",\"datePublished\":\"2025-01-28T11:02:58+00:00\",\"dateModified\":\"2025-01-29T07:29:36+00:00\",\"breadcrumb\":{\"@id\":\"https:\/\/computaex.es\/jornadas-tecnicas-de-rediris-2014\/#breadcrumb\"},\"inLanguage\":\"en-US\",\"potentialAction\":[{\"@type\":\"ReadAction\",\"target\":[\"https:\/\/computaex.es\/jornadas-tecnicas-de-rediris-2014\/\"]}]},{\"@type\":\"ImageObject\",\"inLanguage\":\"en-US\",\"@id\":\"https:\/\/computaex.es\/jornadas-tecnicas-de-rediris-2014\/#primaryimage\",\"url\":\"https:\/\/www.cenits.es\/sites\/cenits.es\/files\/styles\/large\/public\/eventos\/rediris-jt2014.jpg?itok=QztDdtSu\",\"contentUrl\":\"https:\/\/www.cenits.es\/sites\/cenits.es\/files\/styles\/large\/public\/eventos\/rediris-jt2014.jpg?itok=QztDdtSu\"},{\"@type\":\"BreadcrumbList\",\"@id\":\"https:\/\/computaex.es\/jornadas-tecnicas-de-rediris-2014\/#breadcrumb\",\"itemListElement\":[{\"@type\":\"ListItem\",\"position\":1,\"name\":\"Portada\",\"item\":\"https:\/\/computaex.es\/\"},{\"@type\":\"ListItem\",\"position\":2,\"name\":\"Jornadas T\u00e9cnicas de RedIRIS 2014\"}]},{\"@type\":\"WebSite\",\"@id\":\"https:\/\/computaex.es\/#website\",\"url\":\"https:\/\/computaex.es\/\",\"name\":\"Fundaci\u00f3n COMPUTAEX\",\"description\":\"COMPUTAEX\",\"publisher\":{\"@id\":\"https:\/\/computaex.es\/#organization\"},\"potentialAction\":[{\"@type\":\"SearchAction\",\"target\":{\"@type\":\"EntryPoint\",\"urlTemplate\":\"https:\/\/computaex.es\/?s={search_term_string}\"},\"query-input\":{\"@type\":\"PropertyValueSpecification\",\"valueRequired\":true,\"valueName\":\"search_term_string\"}}],\"inLanguage\":\"en-US\"},{\"@type\":\"Organization\",\"@id\":\"https:\/\/computaex.es\/#organization\",\"name\":\"COMPUTAEX\",\"url\":\"https:\/\/computaex.es\/\",\"logo\":{\"@type\":\"ImageObject\",\"inLanguage\":\"en-US\",\"@id\":\"https:\/\/computaex.es\/#\/schema\/logo\/image\/\",\"url\":\"https:\/\/computaex.es\/wp-content\/uploads\/2025\/05\/cropped-COMPUTAEX_transparente-scaled-1.png\",\"contentUrl\":\"https:\/\/computaex.es\/wp-content\/uploads\/2025\/05\/cropped-COMPUTAEX_transparente-scaled-1.png\",\"width\":2560,\"height\":970,\"caption\":\"COMPUTAEX\"},\"image\":{\"@id\":\"https:\/\/computaex.es\/#\/schema\/logo\/image\/\"},\"sameAs\":[\"https:\/\/m.facebook.com\/computaex\/\",\"https:\/\/x.com\/computaex\",\"https:\/\/es.linkedin.com\/company\/cenits\"]}]}<\/script>\n<!-- \/ Yoast SEO plugin. -->","yoast_head_json":{"title":"Jornadas T\u00e9cnicas de RedIRIS 2014 - Fundaci\u00f3n COMPUTAEX","robots":{"index":"index","follow":"follow","max-snippet":"max-snippet:-1","max-image-preview":"max-image-preview:large","max-video-preview":"max-video-preview:-1"},"canonical":"https:\/\/computaex.es\/en\/jornadas-tecnicas-de-rediris-2014\/","og_locale":"en_US","og_type":"article","og_title":"Jornadas T\u00e9cnicas de RedIRIS 2014 - Fundaci\u00f3n COMPUTAEX","og_description":"Lunes 24 de Noviembre de 2014, 16:00 horas. RedIRIS\u00a0organiza, con la colaboraci\u00f3n de la\u00a0Universidad de Extremadura, las XXV Jornadas T\u00e9cnicas de RedIRIS que se llevar\u00e1n a cabo los d\u00edas 25 ...","og_url":"https:\/\/computaex.es\/en\/jornadas-tecnicas-de-rediris-2014\/","og_site_name":"Fundaci\u00f3n COMPUTAEX","article_publisher":"https:\/\/m.facebook.com\/computaex\/","article_modified_time":"2025-01-29T07:29:36+00:00","og_image":[{"url":"https:\/\/www.cenits.es\/sites\/cenits.es\/files\/styles\/large\/public\/eventos\/rediris-jt2014.jpg?itok=QztDdtSu","type":"","width":"","height":""}],"twitter_card":"summary_large_image","twitter_site":"@computaex","twitter_misc":{"Est. reading time":"1 minute"},"schema":{"@context":"https:\/\/schema.org","@graph":[{"@type":"WebPage","@id":"https:\/\/computaex.es\/jornadas-tecnicas-de-rediris-2014\/","url":"https:\/\/computaex.es\/jornadas-tecnicas-de-rediris-2014\/","name":"Jornadas T\u00e9cnicas de RedIRIS 2014 - Fundaci\u00f3n COMPUTAEX","isPartOf":{"@id":"https:\/\/computaex.es\/#website"},"primaryImageOfPage":{"@id":"https:\/\/computaex.es\/jornadas-tecnicas-de-rediris-2014\/#primaryimage"},"image":{"@id":"https:\/\/computaex.es\/jornadas-tecnicas-de-rediris-2014\/#primaryimage"},"thumbnailUrl":"https:\/\/www.cenits.es\/sites\/cenits.es\/files\/styles\/large\/public\/eventos\/rediris-jt2014.jpg?itok=QztDdtSu","datePublished":"2025-01-28T11:02:58+00:00","dateModified":"2025-01-29T07:29:36+00:00","breadcrumb":{"@id":"https:\/\/computaex.es\/jornadas-tecnicas-de-rediris-2014\/#breadcrumb"},"inLanguage":"en-US","potentialAction":[{"@type":"ReadAction","target":["https:\/\/computaex.es\/jornadas-tecnicas-de-rediris-2014\/"]}]},{"@type":"ImageObject","inLanguage":"en-US","@id":"https:\/\/computaex.es\/jornadas-tecnicas-de-rediris-2014\/#primaryimage","url":"https:\/\/www.cenits.es\/sites\/cenits.es\/files\/styles\/large\/public\/eventos\/rediris-jt2014.jpg?itok=QztDdtSu","contentUrl":"https:\/\/www.cenits.es\/sites\/cenits.es\/files\/styles\/large\/public\/eventos\/rediris-jt2014.jpg?itok=QztDdtSu"},{"@type":"BreadcrumbList","@id":"https:\/\/computaex.es\/jornadas-tecnicas-de-rediris-2014\/#breadcrumb","itemListElement":[{"@type":"ListItem","position":1,"name":"Portada","item":"https:\/\/computaex.es\/"},{"@type":"ListItem","position":2,"name":"Jornadas T\u00e9cnicas de RedIRIS 2014"}]},{"@type":"WebSite","@id":"https:\/\/computaex.es\/#website","url":"https:\/\/computaex.es\/","name":"COMPUTAEX Foundation","description":"COMPUTAEX","publisher":{"@id":"https:\/\/computaex.es\/#organization"},"potentialAction":[{"@type":"SearchAction","target":{"@type":"EntryPoint","urlTemplate":"https:\/\/computaex.es\/?s={search_term_string}"},"query-input":{"@type":"PropertyValueSpecification","valueRequired":true,"valueName":"search_term_string"}}],"inLanguage":"en-US"},{"@type":"Organization","@id":"https:\/\/computaex.es\/#organization","name":"COMPUTAEX","url":"https:\/\/computaex.es\/","logo":{"@type":"ImageObject","inLanguage":"en-US","@id":"https:\/\/computaex.es\/#\/schema\/logo\/image\/","url":"https:\/\/computaex.es\/wp-content\/uploads\/2025\/05\/cropped-COMPUTAEX_transparente-scaled-1.png","contentUrl":"https:\/\/computaex.es\/wp-content\/uploads\/2025\/05\/cropped-COMPUTAEX_transparente-scaled-1.png","width":2560,"height":970,"caption":"COMPUTAEX"},"image":{"@id":"https:\/\/computaex.es\/#\/schema\/logo\/image\/"},"sameAs":["https:\/\/m.facebook.com\/computaex\/","https:\/\/x.com\/computaex","https:\/\/es.linkedin.com\/company\/cenits"]}]}},"_links":{"self":[{"href":"https:\/\/computaex.es\/en\/wp-json\/wp\/v2\/pages\/6645","targetHints":{"allow":["GET"]}}],"collection":[{"href":"https:\/\/computaex.es\/en\/wp-json\/wp\/v2\/pages"}],"about":[{"href":"https:\/\/computaex.es\/en\/wp-json\/wp\/v2\/types\/page"}],"author":[{"embeddable":true,"href":"https:\/\/computaex.es\/en\/wp-json\/wp\/v2\/users\/1"}],"replies":[{"embeddable":true,"href":"https:\/\/computaex.es\/en\/wp-json\/wp\/v2\/comments?post=6645"}],"version-history":[{"count":2,"href":"https:\/\/computaex.es\/en\/wp-json\/wp\/v2\/pages\/6645\/revisions"}],"predecessor-version":[{"id":6789,"href":"https:\/\/computaex.es\/en\/wp-json\/wp\/v2\/pages\/6645\/revisions\/6789"}],"wp:attachment":[{"href":"https:\/\/computaex.es\/en\/wp-json\/wp\/v2\/media?parent=6645"}],"wp:term":[{"taxonomy":"category","embeddable":true,"href":"https:\/\/computaex.es\/en\/wp-json\/wp\/v2\/categories?post=6645"}],"curies":[{"name":"wp","href":"https:\/\/api.w.org\/{rel}","templated":true}]}}