{"id":6651,"date":"2025-01-28T12:06:00","date_gmt":"2025-01-28T11:06:00","guid":{"rendered":"http:\/\/10.128.3.28\/?page_id=6651"},"modified":"2025-01-29T08:39:56","modified_gmt":"2025-01-29T07:39:56","slug":"tesic-2013-tecnologia-y-seguridad-en-infraestructuras-criticas","status":"publish","type":"page","link":"https:\/\/computaex.es\/en\/tesic-2013-tecnologia-y-seguridad-en-infraestructuras-criticas\/","title":{"rendered":"TESIC 2013: Tecnolog\u00eda y Seguridad en Infraestructuras Cr\u00edticas"},"content":{"rendered":"<div class=\"field field-name-field-fecha-evento field-type-datetime field-label-hidden\">\n<div class=\"field-items\">\n<div class=\"field-item even\"><span class=\"date-display-single\">Mi\u00e9rcoles 20 de Noviembre de 2013, 09:00 horas.<\/span><\/div>\n<\/div>\n<\/div>\n<div class=\"field field-name-field-evento-imagen field-type-image field-label-hidden\">\n<div class=\"field-items\">\n<div class=\"field-item even\"><a class=\"colorbox init-colorbox-processed cboxElement\" title=\"TESIC 2013\" href=\"https:\/\/www.cenits.es\/sites\/cenits.es\/files\/eventos\/2013-semanadintel.jpg\" data-colorbox-gallery=\"\" data-cbox-img-attrs=\"{&quot;title&quot;: &quot;TESIC 2013&quot;, &quot;alt&quot;: &quot;TESIC 2013&quot;}\"><img fetchpriority=\"high\" decoding=\"async\" title=\"TESIC 2013\" src=\"https:\/\/www.cenits.es\/sites\/cenits.es\/files\/styles\/large\/public\/eventos\/2013-semanadintel.jpg?itok=BwZylvsT\" alt=\"TESIC 2013\" width=\"300\" height=\"250\" \/><\/a><\/div>\n<\/div>\n<\/div>\n<div class=\"field field-name-body field-type-text-with-summary field-label-hidden\">\n<div class=\"field-items\">\n<div class=\"field-item even\">\n<p>Tecnolog\u00eda y Seguridad en Infraestructuras Cr\u00edticas (TESIC 2013) es el \u201cGran Congreso DINTEL\u201d.<\/p>\n<p>Objectives:<\/p>\n<ul>\n<li>Profundizar en el conocimiento de las \u201cTecnolog\u00edas y Seguridad en Infraestructuras Cr\u00edticas\u201d, en las diferentes \u00e1reas establecidas en el Cat\u00e1logo del Ministerio del Interior.<\/li>\n<li>Debatir acerca de las necesidades y estrategias definidas por las Administraciones P\u00fablicas y Cuerpos y Fuerzas de Seguridad del Estado, versus la capacidad tecnol\u00f3gica de la industria \u2013preferentemente espa\u00f1ola- para desarrollar y exportar productos y servicios en el \u00e1mbito de las \u201cInfraestructuras Cr\u00edticas\u201d.<\/li>\n<li>Entregar el anual Premio DINTEL, \u201cProfesionales IT\u201d a la Trayectoria Profesional.<\/li>\n<\/ul>\n<p>M\u00e1s informaci\u00f3n:<\/p>\n<ul>\n<li><a href=\"http:\/\/www.dintel.org\/index.php?option=com_content&amp;view=article&amp;id=652&amp;Itemid=548\">Programa TESIC 2013<\/a><\/li>\n<\/ul>\n<\/div>\n<\/div>\n<\/div>\n<div class=\"field field-name-taxonomy-vocabulary-8 field-type-taxonomy-term-reference field-label-hidden\">\n<div class=\"field-items\">\n<div class=\"field-item even\"><a href=\"\/en\/jornadas\/\">Seminars<\/a><\/div>\n<div class=\"field-item odd\"><a href=\"\/en\/ponentes\/\">Speakers<\/a><\/div>\n<\/div>\n<\/div>","protected":false},"excerpt":{"rendered":"<p>Mi\u00e9rcoles 20 de Noviembre de 2013, 09:00 horas. Tecnolog\u00eda y Seguridad en Infraestructuras Cr\u00edticas (TESIC 2013) es el \u201cGran Congreso DINTEL\u201d. Objetivos: Profundizar en el conocimiento de las \u201cTecnolog\u00edas y &#8230;<\/p>","protected":false},"author":1,"featured_media":0,"parent":0,"menu_order":0,"comment_status":"closed","ping_status":"closed","template":"","meta":{"footnotes":""},"categories":[93,96],"class_list":["post-6651","page","type-page","status-publish","hentry","category-jornadas","category-ponentes"],"yoast_head":"<!-- This site is optimized with the Yoast SEO plugin v27.1.1 - https:\/\/yoast.com\/product\/yoast-seo-wordpress\/ -->\n<title>TESIC 2013: Tecnolog\u00eda y Seguridad en Infraestructuras Cr\u00edticas - Fundaci\u00f3n COMPUTAEX<\/title>\n<meta name=\"robots\" content=\"index, follow, max-snippet:-1, max-image-preview:large, max-video-preview:-1\" \/>\n<link rel=\"canonical\" href=\"https:\/\/computaex.es\/en\/tesic-2013-tecnologia-y-seguridad-en-infraestructuras-criticas\/\" \/>\n<meta property=\"og:locale\" content=\"en_US\" \/>\n<meta property=\"og:type\" content=\"article\" \/>\n<meta property=\"og:title\" content=\"TESIC 2013: Tecnolog\u00eda y Seguridad en Infraestructuras Cr\u00edticas - Fundaci\u00f3n COMPUTAEX\" \/>\n<meta property=\"og:description\" content=\"Mi\u00e9rcoles 20 de Noviembre de 2013, 09:00 horas. Tecnolog\u00eda y Seguridad en Infraestructuras Cr\u00edticas (TESIC 2013) es el \u201cGran Congreso DINTEL\u201d. Objetivos: Profundizar en el conocimiento de las \u201cTecnolog\u00edas y ...\" \/>\n<meta property=\"og:url\" content=\"https:\/\/computaex.es\/en\/tesic-2013-tecnologia-y-seguridad-en-infraestructuras-criticas\/\" \/>\n<meta property=\"og:site_name\" content=\"Fundaci\u00f3n COMPUTAEX\" \/>\n<meta property=\"article:publisher\" content=\"https:\/\/m.facebook.com\/computaex\/\" \/>\n<meta property=\"article:modified_time\" content=\"2025-01-29T07:39:56+00:00\" \/>\n<meta property=\"og:image\" content=\"https:\/\/www.cenits.es\/sites\/cenits.es\/files\/styles\/large\/public\/eventos\/2013-semanadintel.jpg?itok=BwZylvsT\" \/>\n<meta name=\"twitter:card\" content=\"summary_large_image\" \/>\n<meta name=\"twitter:site\" content=\"@computaex\" \/>\n<meta name=\"twitter:label1\" content=\"Est. reading time\" \/>\n\t<meta name=\"twitter:data1\" content=\"1 minute\" \/>\n<script type=\"application\/ld+json\" class=\"yoast-schema-graph\">{\"@context\":\"https:\/\/schema.org\",\"@graph\":[{\"@type\":\"WebPage\",\"@id\":\"https:\/\/computaex.es\/tesic-2013-tecnologia-y-seguridad-en-infraestructuras-criticas\/\",\"url\":\"https:\/\/computaex.es\/tesic-2013-tecnologia-y-seguridad-en-infraestructuras-criticas\/\",\"name\":\"TESIC 2013: Tecnolog\u00eda y Seguridad en Infraestructuras Cr\u00edticas - Fundaci\u00f3n COMPUTAEX\",\"isPartOf\":{\"@id\":\"https:\/\/computaex.es\/#website\"},\"primaryImageOfPage\":{\"@id\":\"https:\/\/computaex.es\/tesic-2013-tecnologia-y-seguridad-en-infraestructuras-criticas\/#primaryimage\"},\"image\":{\"@id\":\"https:\/\/computaex.es\/tesic-2013-tecnologia-y-seguridad-en-infraestructuras-criticas\/#primaryimage\"},\"thumbnailUrl\":\"https:\/\/www.cenits.es\/sites\/cenits.es\/files\/styles\/large\/public\/eventos\/2013-semanadintel.jpg?itok=BwZylvsT\",\"datePublished\":\"2025-01-28T11:06:00+00:00\",\"dateModified\":\"2025-01-29T07:39:56+00:00\",\"breadcrumb\":{\"@id\":\"https:\/\/computaex.es\/tesic-2013-tecnologia-y-seguridad-en-infraestructuras-criticas\/#breadcrumb\"},\"inLanguage\":\"en-US\",\"potentialAction\":[{\"@type\":\"ReadAction\",\"target\":[\"https:\/\/computaex.es\/tesic-2013-tecnologia-y-seguridad-en-infraestructuras-criticas\/\"]}]},{\"@type\":\"ImageObject\",\"inLanguage\":\"en-US\",\"@id\":\"https:\/\/computaex.es\/tesic-2013-tecnologia-y-seguridad-en-infraestructuras-criticas\/#primaryimage\",\"url\":\"https:\/\/www.cenits.es\/sites\/cenits.es\/files\/styles\/large\/public\/eventos\/2013-semanadintel.jpg?itok=BwZylvsT\",\"contentUrl\":\"https:\/\/www.cenits.es\/sites\/cenits.es\/files\/styles\/large\/public\/eventos\/2013-semanadintel.jpg?itok=BwZylvsT\"},{\"@type\":\"BreadcrumbList\",\"@id\":\"https:\/\/computaex.es\/tesic-2013-tecnologia-y-seguridad-en-infraestructuras-criticas\/#breadcrumb\",\"itemListElement\":[{\"@type\":\"ListItem\",\"position\":1,\"name\":\"Portada\",\"item\":\"https:\/\/computaex.es\/\"},{\"@type\":\"ListItem\",\"position\":2,\"name\":\"TESIC 2013: Tecnolog\u00eda y Seguridad en Infraestructuras Cr\u00edticas\"}]},{\"@type\":\"WebSite\",\"@id\":\"https:\/\/computaex.es\/#website\",\"url\":\"https:\/\/computaex.es\/\",\"name\":\"Fundaci\u00f3n COMPUTAEX\",\"description\":\"COMPUTAEX\",\"publisher\":{\"@id\":\"https:\/\/computaex.es\/#organization\"},\"potentialAction\":[{\"@type\":\"SearchAction\",\"target\":{\"@type\":\"EntryPoint\",\"urlTemplate\":\"https:\/\/computaex.es\/?s={search_term_string}\"},\"query-input\":{\"@type\":\"PropertyValueSpecification\",\"valueRequired\":true,\"valueName\":\"search_term_string\"}}],\"inLanguage\":\"en-US\"},{\"@type\":\"Organization\",\"@id\":\"https:\/\/computaex.es\/#organization\",\"name\":\"COMPUTAEX\",\"url\":\"https:\/\/computaex.es\/\",\"logo\":{\"@type\":\"ImageObject\",\"inLanguage\":\"en-US\",\"@id\":\"https:\/\/computaex.es\/#\/schema\/logo\/image\/\",\"url\":\"https:\/\/computaex.es\/wp-content\/uploads\/2025\/05\/cropped-COMPUTAEX_transparente-scaled-1.png\",\"contentUrl\":\"https:\/\/computaex.es\/wp-content\/uploads\/2025\/05\/cropped-COMPUTAEX_transparente-scaled-1.png\",\"width\":2560,\"height\":970,\"caption\":\"COMPUTAEX\"},\"image\":{\"@id\":\"https:\/\/computaex.es\/#\/schema\/logo\/image\/\"},\"sameAs\":[\"https:\/\/m.facebook.com\/computaex\/\",\"https:\/\/x.com\/computaex\",\"https:\/\/es.linkedin.com\/company\/cenits\"]}]}<\/script>\n<!-- \/ Yoast SEO plugin. -->","yoast_head_json":{"title":"TESIC 2013: Tecnolog\u00eda y Seguridad en Infraestructuras Cr\u00edticas - Fundaci\u00f3n COMPUTAEX","robots":{"index":"index","follow":"follow","max-snippet":"max-snippet:-1","max-image-preview":"max-image-preview:large","max-video-preview":"max-video-preview:-1"},"canonical":"https:\/\/computaex.es\/en\/tesic-2013-tecnologia-y-seguridad-en-infraestructuras-criticas\/","og_locale":"en_US","og_type":"article","og_title":"TESIC 2013: Tecnolog\u00eda y Seguridad en Infraestructuras Cr\u00edticas - Fundaci\u00f3n COMPUTAEX","og_description":"Mi\u00e9rcoles 20 de Noviembre de 2013, 09:00 horas. Tecnolog\u00eda y Seguridad en Infraestructuras Cr\u00edticas (TESIC 2013) es el \u201cGran Congreso DINTEL\u201d. Objetivos: Profundizar en el conocimiento de las \u201cTecnolog\u00edas y ...","og_url":"https:\/\/computaex.es\/en\/tesic-2013-tecnologia-y-seguridad-en-infraestructuras-criticas\/","og_site_name":"Fundaci\u00f3n COMPUTAEX","article_publisher":"https:\/\/m.facebook.com\/computaex\/","article_modified_time":"2025-01-29T07:39:56+00:00","og_image":[{"url":"https:\/\/www.cenits.es\/sites\/cenits.es\/files\/styles\/large\/public\/eventos\/2013-semanadintel.jpg?itok=BwZylvsT","type":"","width":"","height":""}],"twitter_card":"summary_large_image","twitter_site":"@computaex","twitter_misc":{"Est. reading time":"1 minute"},"schema":{"@context":"https:\/\/schema.org","@graph":[{"@type":"WebPage","@id":"https:\/\/computaex.es\/tesic-2013-tecnologia-y-seguridad-en-infraestructuras-criticas\/","url":"https:\/\/computaex.es\/tesic-2013-tecnologia-y-seguridad-en-infraestructuras-criticas\/","name":"TESIC 2013: Tecnolog\u00eda y Seguridad en Infraestructuras Cr\u00edticas - Fundaci\u00f3n COMPUTAEX","isPartOf":{"@id":"https:\/\/computaex.es\/#website"},"primaryImageOfPage":{"@id":"https:\/\/computaex.es\/tesic-2013-tecnologia-y-seguridad-en-infraestructuras-criticas\/#primaryimage"},"image":{"@id":"https:\/\/computaex.es\/tesic-2013-tecnologia-y-seguridad-en-infraestructuras-criticas\/#primaryimage"},"thumbnailUrl":"https:\/\/www.cenits.es\/sites\/cenits.es\/files\/styles\/large\/public\/eventos\/2013-semanadintel.jpg?itok=BwZylvsT","datePublished":"2025-01-28T11:06:00+00:00","dateModified":"2025-01-29T07:39:56+00:00","breadcrumb":{"@id":"https:\/\/computaex.es\/tesic-2013-tecnologia-y-seguridad-en-infraestructuras-criticas\/#breadcrumb"},"inLanguage":"en-US","potentialAction":[{"@type":"ReadAction","target":["https:\/\/computaex.es\/tesic-2013-tecnologia-y-seguridad-en-infraestructuras-criticas\/"]}]},{"@type":"ImageObject","inLanguage":"en-US","@id":"https:\/\/computaex.es\/tesic-2013-tecnologia-y-seguridad-en-infraestructuras-criticas\/#primaryimage","url":"https:\/\/www.cenits.es\/sites\/cenits.es\/files\/styles\/large\/public\/eventos\/2013-semanadintel.jpg?itok=BwZylvsT","contentUrl":"https:\/\/www.cenits.es\/sites\/cenits.es\/files\/styles\/large\/public\/eventos\/2013-semanadintel.jpg?itok=BwZylvsT"},{"@type":"BreadcrumbList","@id":"https:\/\/computaex.es\/tesic-2013-tecnologia-y-seguridad-en-infraestructuras-criticas\/#breadcrumb","itemListElement":[{"@type":"ListItem","position":1,"name":"Portada","item":"https:\/\/computaex.es\/"},{"@type":"ListItem","position":2,"name":"TESIC 2013: Tecnolog\u00eda y Seguridad en Infraestructuras Cr\u00edticas"}]},{"@type":"WebSite","@id":"https:\/\/computaex.es\/#website","url":"https:\/\/computaex.es\/","name":"COMPUTAEX Foundation","description":"COMPUTAEX","publisher":{"@id":"https:\/\/computaex.es\/#organization"},"potentialAction":[{"@type":"SearchAction","target":{"@type":"EntryPoint","urlTemplate":"https:\/\/computaex.es\/?s={search_term_string}"},"query-input":{"@type":"PropertyValueSpecification","valueRequired":true,"valueName":"search_term_string"}}],"inLanguage":"en-US"},{"@type":"Organization","@id":"https:\/\/computaex.es\/#organization","name":"COMPUTAEX","url":"https:\/\/computaex.es\/","logo":{"@type":"ImageObject","inLanguage":"en-US","@id":"https:\/\/computaex.es\/#\/schema\/logo\/image\/","url":"https:\/\/computaex.es\/wp-content\/uploads\/2025\/05\/cropped-COMPUTAEX_transparente-scaled-1.png","contentUrl":"https:\/\/computaex.es\/wp-content\/uploads\/2025\/05\/cropped-COMPUTAEX_transparente-scaled-1.png","width":2560,"height":970,"caption":"COMPUTAEX"},"image":{"@id":"https:\/\/computaex.es\/#\/schema\/logo\/image\/"},"sameAs":["https:\/\/m.facebook.com\/computaex\/","https:\/\/x.com\/computaex","https:\/\/es.linkedin.com\/company\/cenits"]}]}},"_links":{"self":[{"href":"https:\/\/computaex.es\/en\/wp-json\/wp\/v2\/pages\/6651","targetHints":{"allow":["GET"]}}],"collection":[{"href":"https:\/\/computaex.es\/en\/wp-json\/wp\/v2\/pages"}],"about":[{"href":"https:\/\/computaex.es\/en\/wp-json\/wp\/v2\/types\/page"}],"author":[{"embeddable":true,"href":"https:\/\/computaex.es\/en\/wp-json\/wp\/v2\/users\/1"}],"replies":[{"embeddable":true,"href":"https:\/\/computaex.es\/en\/wp-json\/wp\/v2\/comments?post=6651"}],"version-history":[{"count":2,"href":"https:\/\/computaex.es\/en\/wp-json\/wp\/v2\/pages\/6651\/revisions"}],"predecessor-version":[{"id":6795,"href":"https:\/\/computaex.es\/en\/wp-json\/wp\/v2\/pages\/6651\/revisions\/6795"}],"wp:attachment":[{"href":"https:\/\/computaex.es\/en\/wp-json\/wp\/v2\/media?parent=6651"}],"wp:term":[{"taxonomy":"category","embeddable":true,"href":"https:\/\/computaex.es\/en\/wp-json\/wp\/v2\/categories?post=6651"}],"curies":[{"name":"wp","href":"https:\/\/api.w.org\/{rel}","templated":true}]}}