{"id":6654,"date":"2025-01-28T12:06:58","date_gmt":"2025-01-28T11:06:58","guid":{"rendered":"http:\/\/10.128.3.28\/?page_id=6654"},"modified":"2025-01-29T08:40:33","modified_gmt":"2025-01-29T07:40:33","slug":"presentacion-de-resultados-de-proyecto-riteca-ii","status":"publish","type":"page","link":"https:\/\/computaex.es\/en\/presentacion-de-resultados-de-proyecto-riteca-ii\/","title":{"rendered":"Presentaci\u00f3n de resultados de proyecto RITECA II"},"content":{"rendered":"<div class=\"field field-name-field-fecha-evento field-type-datetime field-label-hidden\">\n<div class=\"field-items\">\n<div class=\"field-item even\"><span class=\"date-display-single\">Martes 19 de Noviembre de 2013, 09:30 horas.<\/span><\/div>\n<\/div>\n<\/div>\n<div class=\"field field-name-field-evento-imagen field-type-image field-label-hidden\">\n<div class=\"field-items\">\n<div class=\"field-item even\"><a class=\"colorbox init-colorbox-processed cboxElement\" title=\"Logo Riteca\" href=\"https:\/\/www.cenits.es\/sites\/cenits.es\/files\/eventos\/logo_riteca.png\" data-colorbox-gallery=\"\" data-cbox-img-attrs=\"{&quot;title&quot;: &quot;Logo Riteca&quot;, &quot;alt&quot;: &quot;Logo Riteca&quot;}\"><img decoding=\"async\" title=\"Logo Riteca\" src=\"https:\/\/www.cenits.es\/sites\/cenits.es\/files\/styles\/large\/public\/eventos\/logo_riteca.png?itok=IZJQsfTP\" alt=\"Logo Riteca\" width=\"275\" height=\"120\" \/><\/a><\/div>\n<\/div>\n<\/div>\n<div class=\"field field-name-body field-type-text-with-summary field-label-hidden\">\n<div class=\"field-items\">\n<div class=\"field-item even\">\n<p><a href=\"http:\/\/www.riteca.eu\/\">RITECA<\/a>\u00a0es la Red de Investigaci\u00f3n Transfronteriza de Extremadura, Centro y Alentejo, formada por 23 socios de Espa\u00f1a y Portugal.<\/p>\n<p>El objetivo general del proyecto es la creaci\u00f3n de un marco de colaboraci\u00f3n entre instituciones de Portugal de las regiones Centro y Alentejo y de Extremadura en el \u00e1mbito de la Investigaci\u00f3n, el Desarrollo Tecnol\u00f3gico y la Innovaci\u00f3n que facilite y acelere el acercamiento de estas regiones al cumplimiento de los objetivos de Lisboa de la Uni\u00f3n Europea.<\/p>\n<p>El evento tendr\u00e1 lugar el pr\u00f3ximo martes 19 de noviembre a las 9:30 horas en el Edificio Parque Cient\u00edfico y Tecnol\u00f3gico de Extremadura (Campus Universitario de Badajoz) y contar\u00e1 con la participaci\u00f3n y exposici\u00f3n, de mano de los coordinadores de un lado y otro de La Raya, de las m\u00e1s de 15 iniciativas transfronterizas que se han generado dentro de esta segunda fase de RITECA.<\/p>\n<p>M\u00e1s informaci\u00f3n:<\/p>\n<ul>\n<li><a href=\"http:\/\/riteca.gobex.es\/inscripciones\/jornada-final\">Programa del evento<\/a><\/li>\n<\/ul>\n<\/div>\n<\/div>\n<\/div>\n<div class=\"field field-name-taxonomy-vocabulary-8 field-type-taxonomy-term-reference field-label-hidden\">\n<div class=\"field-items\">\n<div class=\"field-item even\"><a href=\"\/en\/jornadas\/\">Seminars<\/a><\/div>\n<div class=\"field-item odd\"><a href=\"\/en\/ponentes\/\">Speakers<\/a><\/div>\n<\/div>\n<\/div>","protected":false},"excerpt":{"rendered":"<p>Martes 19 de Noviembre de 2013, 09:30 horas. RITECA\u00a0es la Red de Investigaci\u00f3n Transfronteriza de Extremadura, Centro y Alentejo, formada por 23 socios de Espa\u00f1a y Portugal. El objetivo general &#8230;<\/p>","protected":false},"author":1,"featured_media":0,"parent":0,"menu_order":0,"comment_status":"closed","ping_status":"closed","template":"","meta":{"footnotes":""},"categories":[93,96],"class_list":["post-6654","page","type-page","status-publish","hentry","category-jornadas","category-ponentes"],"yoast_head":"<!-- This site is optimized with the Yoast SEO plugin v27.1.1 - https:\/\/yoast.com\/product\/yoast-seo-wordpress\/ -->\n<title>Presentaci\u00f3n de resultados de proyecto RITECA II - Fundaci\u00f3n COMPUTAEX<\/title>\n<meta name=\"robots\" content=\"index, follow, max-snippet:-1, max-image-preview:large, max-video-preview:-1\" \/>\n<link rel=\"canonical\" href=\"https:\/\/computaex.es\/en\/presentacion-de-resultados-de-proyecto-riteca-ii\/\" \/>\n<meta property=\"og:locale\" content=\"en_US\" \/>\n<meta property=\"og:type\" content=\"article\" \/>\n<meta property=\"og:title\" content=\"Presentaci\u00f3n de resultados de proyecto RITECA II - Fundaci\u00f3n COMPUTAEX\" \/>\n<meta property=\"og:description\" content=\"Martes 19 de Noviembre de 2013, 09:30 horas. RITECA\u00a0es la Red de Investigaci\u00f3n Transfronteriza de Extremadura, Centro y Alentejo, formada por 23 socios de Espa\u00f1a y Portugal. El objetivo general ...\" \/>\n<meta property=\"og:url\" content=\"https:\/\/computaex.es\/en\/presentacion-de-resultados-de-proyecto-riteca-ii\/\" \/>\n<meta property=\"og:site_name\" content=\"Fundaci\u00f3n COMPUTAEX\" \/>\n<meta property=\"article:publisher\" content=\"https:\/\/m.facebook.com\/computaex\/\" \/>\n<meta property=\"article:modified_time\" content=\"2025-01-29T07:40:33+00:00\" \/>\n<meta property=\"og:image\" content=\"https:\/\/www.cenits.es\/sites\/cenits.es\/files\/styles\/large\/public\/eventos\/logo_riteca.png?itok=IZJQsfTP\" \/>\n<meta name=\"twitter:card\" content=\"summary_large_image\" \/>\n<meta name=\"twitter:site\" content=\"@computaex\" \/>\n<meta name=\"twitter:label1\" content=\"Est. reading time\" \/>\n\t<meta name=\"twitter:data1\" content=\"1 minute\" \/>\n<script type=\"application\/ld+json\" class=\"yoast-schema-graph\">{\"@context\":\"https:\/\/schema.org\",\"@graph\":[{\"@type\":\"WebPage\",\"@id\":\"https:\/\/computaex.es\/presentacion-de-resultados-de-proyecto-riteca-ii\/\",\"url\":\"https:\/\/computaex.es\/presentacion-de-resultados-de-proyecto-riteca-ii\/\",\"name\":\"Presentaci\u00f3n de resultados de proyecto RITECA II - Fundaci\u00f3n COMPUTAEX\",\"isPartOf\":{\"@id\":\"https:\/\/computaex.es\/#website\"},\"primaryImageOfPage\":{\"@id\":\"https:\/\/computaex.es\/presentacion-de-resultados-de-proyecto-riteca-ii\/#primaryimage\"},\"image\":{\"@id\":\"https:\/\/computaex.es\/presentacion-de-resultados-de-proyecto-riteca-ii\/#primaryimage\"},\"thumbnailUrl\":\"https:\/\/www.cenits.es\/sites\/cenits.es\/files\/styles\/large\/public\/eventos\/logo_riteca.png?itok=IZJQsfTP\",\"datePublished\":\"2025-01-28T11:06:58+00:00\",\"dateModified\":\"2025-01-29T07:40:33+00:00\",\"breadcrumb\":{\"@id\":\"https:\/\/computaex.es\/presentacion-de-resultados-de-proyecto-riteca-ii\/#breadcrumb\"},\"inLanguage\":\"en-US\",\"potentialAction\":[{\"@type\":\"ReadAction\",\"target\":[\"https:\/\/computaex.es\/presentacion-de-resultados-de-proyecto-riteca-ii\/\"]}]},{\"@type\":\"ImageObject\",\"inLanguage\":\"en-US\",\"@id\":\"https:\/\/computaex.es\/presentacion-de-resultados-de-proyecto-riteca-ii\/#primaryimage\",\"url\":\"https:\/\/www.cenits.es\/sites\/cenits.es\/files\/styles\/large\/public\/eventos\/logo_riteca.png?itok=IZJQsfTP\",\"contentUrl\":\"https:\/\/www.cenits.es\/sites\/cenits.es\/files\/styles\/large\/public\/eventos\/logo_riteca.png?itok=IZJQsfTP\"},{\"@type\":\"BreadcrumbList\",\"@id\":\"https:\/\/computaex.es\/presentacion-de-resultados-de-proyecto-riteca-ii\/#breadcrumb\",\"itemListElement\":[{\"@type\":\"ListItem\",\"position\":1,\"name\":\"Portada\",\"item\":\"https:\/\/computaex.es\/\"},{\"@type\":\"ListItem\",\"position\":2,\"name\":\"Presentaci\u00f3n de resultados de proyecto RITECA II\"}]},{\"@type\":\"WebSite\",\"@id\":\"https:\/\/computaex.es\/#website\",\"url\":\"https:\/\/computaex.es\/\",\"name\":\"Fundaci\u00f3n COMPUTAEX\",\"description\":\"COMPUTAEX\",\"publisher\":{\"@id\":\"https:\/\/computaex.es\/#organization\"},\"potentialAction\":[{\"@type\":\"SearchAction\",\"target\":{\"@type\":\"EntryPoint\",\"urlTemplate\":\"https:\/\/computaex.es\/?s={search_term_string}\"},\"query-input\":{\"@type\":\"PropertyValueSpecification\",\"valueRequired\":true,\"valueName\":\"search_term_string\"}}],\"inLanguage\":\"en-US\"},{\"@type\":\"Organization\",\"@id\":\"https:\/\/computaex.es\/#organization\",\"name\":\"COMPUTAEX\",\"url\":\"https:\/\/computaex.es\/\",\"logo\":{\"@type\":\"ImageObject\",\"inLanguage\":\"en-US\",\"@id\":\"https:\/\/computaex.es\/#\/schema\/logo\/image\/\",\"url\":\"https:\/\/computaex.es\/wp-content\/uploads\/2025\/05\/cropped-COMPUTAEX_transparente-scaled-1.png\",\"contentUrl\":\"https:\/\/computaex.es\/wp-content\/uploads\/2025\/05\/cropped-COMPUTAEX_transparente-scaled-1.png\",\"width\":2560,\"height\":970,\"caption\":\"COMPUTAEX\"},\"image\":{\"@id\":\"https:\/\/computaex.es\/#\/schema\/logo\/image\/\"},\"sameAs\":[\"https:\/\/m.facebook.com\/computaex\/\",\"https:\/\/x.com\/computaex\",\"https:\/\/es.linkedin.com\/company\/cenits\"]}]}<\/script>\n<!-- \/ Yoast SEO plugin. -->","yoast_head_json":{"title":"Presentaci\u00f3n de resultados de proyecto RITECA II - Fundaci\u00f3n COMPUTAEX","robots":{"index":"index","follow":"follow","max-snippet":"max-snippet:-1","max-image-preview":"max-image-preview:large","max-video-preview":"max-video-preview:-1"},"canonical":"https:\/\/computaex.es\/en\/presentacion-de-resultados-de-proyecto-riteca-ii\/","og_locale":"en_US","og_type":"article","og_title":"Presentaci\u00f3n de resultados de proyecto RITECA II - Fundaci\u00f3n COMPUTAEX","og_description":"Martes 19 de Noviembre de 2013, 09:30 horas. RITECA\u00a0es la Red de Investigaci\u00f3n Transfronteriza de Extremadura, Centro y Alentejo, formada por 23 socios de Espa\u00f1a y Portugal. El objetivo general ...","og_url":"https:\/\/computaex.es\/en\/presentacion-de-resultados-de-proyecto-riteca-ii\/","og_site_name":"Fundaci\u00f3n COMPUTAEX","article_publisher":"https:\/\/m.facebook.com\/computaex\/","article_modified_time":"2025-01-29T07:40:33+00:00","og_image":[{"url":"https:\/\/www.cenits.es\/sites\/cenits.es\/files\/styles\/large\/public\/eventos\/logo_riteca.png?itok=IZJQsfTP","type":"","width":"","height":""}],"twitter_card":"summary_large_image","twitter_site":"@computaex","twitter_misc":{"Est. reading time":"1 minute"},"schema":{"@context":"https:\/\/schema.org","@graph":[{"@type":"WebPage","@id":"https:\/\/computaex.es\/presentacion-de-resultados-de-proyecto-riteca-ii\/","url":"https:\/\/computaex.es\/presentacion-de-resultados-de-proyecto-riteca-ii\/","name":"Presentaci\u00f3n de resultados de proyecto RITECA II - Fundaci\u00f3n COMPUTAEX","isPartOf":{"@id":"https:\/\/computaex.es\/#website"},"primaryImageOfPage":{"@id":"https:\/\/computaex.es\/presentacion-de-resultados-de-proyecto-riteca-ii\/#primaryimage"},"image":{"@id":"https:\/\/computaex.es\/presentacion-de-resultados-de-proyecto-riteca-ii\/#primaryimage"},"thumbnailUrl":"https:\/\/www.cenits.es\/sites\/cenits.es\/files\/styles\/large\/public\/eventos\/logo_riteca.png?itok=IZJQsfTP","datePublished":"2025-01-28T11:06:58+00:00","dateModified":"2025-01-29T07:40:33+00:00","breadcrumb":{"@id":"https:\/\/computaex.es\/presentacion-de-resultados-de-proyecto-riteca-ii\/#breadcrumb"},"inLanguage":"en-US","potentialAction":[{"@type":"ReadAction","target":["https:\/\/computaex.es\/presentacion-de-resultados-de-proyecto-riteca-ii\/"]}]},{"@type":"ImageObject","inLanguage":"en-US","@id":"https:\/\/computaex.es\/presentacion-de-resultados-de-proyecto-riteca-ii\/#primaryimage","url":"https:\/\/www.cenits.es\/sites\/cenits.es\/files\/styles\/large\/public\/eventos\/logo_riteca.png?itok=IZJQsfTP","contentUrl":"https:\/\/www.cenits.es\/sites\/cenits.es\/files\/styles\/large\/public\/eventos\/logo_riteca.png?itok=IZJQsfTP"},{"@type":"BreadcrumbList","@id":"https:\/\/computaex.es\/presentacion-de-resultados-de-proyecto-riteca-ii\/#breadcrumb","itemListElement":[{"@type":"ListItem","position":1,"name":"Portada","item":"https:\/\/computaex.es\/"},{"@type":"ListItem","position":2,"name":"Presentaci\u00f3n de resultados de proyecto RITECA II"}]},{"@type":"WebSite","@id":"https:\/\/computaex.es\/#website","url":"https:\/\/computaex.es\/","name":"COMPUTAEX Foundation","description":"COMPUTAEX","publisher":{"@id":"https:\/\/computaex.es\/#organization"},"potentialAction":[{"@type":"SearchAction","target":{"@type":"EntryPoint","urlTemplate":"https:\/\/computaex.es\/?s={search_term_string}"},"query-input":{"@type":"PropertyValueSpecification","valueRequired":true,"valueName":"search_term_string"}}],"inLanguage":"en-US"},{"@type":"Organization","@id":"https:\/\/computaex.es\/#organization","name":"COMPUTAEX","url":"https:\/\/computaex.es\/","logo":{"@type":"ImageObject","inLanguage":"en-US","@id":"https:\/\/computaex.es\/#\/schema\/logo\/image\/","url":"https:\/\/computaex.es\/wp-content\/uploads\/2025\/05\/cropped-COMPUTAEX_transparente-scaled-1.png","contentUrl":"https:\/\/computaex.es\/wp-content\/uploads\/2025\/05\/cropped-COMPUTAEX_transparente-scaled-1.png","width":2560,"height":970,"caption":"COMPUTAEX"},"image":{"@id":"https:\/\/computaex.es\/#\/schema\/logo\/image\/"},"sameAs":["https:\/\/m.facebook.com\/computaex\/","https:\/\/x.com\/computaex","https:\/\/es.linkedin.com\/company\/cenits"]}]}},"_links":{"self":[{"href":"https:\/\/computaex.es\/en\/wp-json\/wp\/v2\/pages\/6654","targetHints":{"allow":["GET"]}}],"collection":[{"href":"https:\/\/computaex.es\/en\/wp-json\/wp\/v2\/pages"}],"about":[{"href":"https:\/\/computaex.es\/en\/wp-json\/wp\/v2\/types\/page"}],"author":[{"embeddable":true,"href":"https:\/\/computaex.es\/en\/wp-json\/wp\/v2\/users\/1"}],"replies":[{"embeddable":true,"href":"https:\/\/computaex.es\/en\/wp-json\/wp\/v2\/comments?post=6654"}],"version-history":[{"count":2,"href":"https:\/\/computaex.es\/en\/wp-json\/wp\/v2\/pages\/6654\/revisions"}],"predecessor-version":[{"id":6796,"href":"https:\/\/computaex.es\/en\/wp-json\/wp\/v2\/pages\/6654\/revisions\/6796"}],"wp:attachment":[{"href":"https:\/\/computaex.es\/en\/wp-json\/wp\/v2\/media?parent=6654"}],"wp:term":[{"taxonomy":"category","embeddable":true,"href":"https:\/\/computaex.es\/en\/wp-json\/wp\/v2\/categories?post=6654"}],"curies":[{"name":"wp","href":"https:\/\/api.w.org\/{rel}","templated":true}]}}