{"id":6658,"date":"2025-01-28T12:07:52","date_gmt":"2025-01-28T11:07:52","guid":{"rendered":"http:\/\/10.128.3.28\/?page_id=6658"},"modified":"2025-01-29T08:42:46","modified_gmt":"2025-01-29T07:42:46","slug":"hp-cast-iberica-2013-2","status":"publish","type":"page","link":"https:\/\/computaex.es\/en\/hp-cast-iberica-2013-2\/","title":{"rendered":"HP-CAST Ib\u00e9rica 2013"},"content":{"rendered":"<div class=\"field field-name-field-fecha-evento field-type-datetime field-label-hidden\">\n<div class=\"field-items\">\n<div class=\"field-item even\"><span class=\"date-display-single\">Jueves 17 de Octubre de 2013, 10:00 horas.<\/span><\/div>\n<\/div>\n<\/div>\n<div class=\"field field-name-field-evento-imagen field-type-image field-label-hidden\">\n<div class=\"field-items\">\n<div class=\"field-item even\"><a class=\"colorbox init-colorbox-processed cboxElement\" title=\"HP-CAST Ib\u00e9rica 2013\" href=\"https:\/\/www.cenits.es\/sites\/cenits.es\/files\/eventos\/hp-cast-iberica-2013.jpg\" data-colorbox-gallery=\"\" data-cbox-img-attrs=\"{&quot;title&quot;: &quot;&quot;, &quot;alt&quot;: &quot;&quot;}\"><img fetchpriority=\"high\" decoding=\"async\" title=\"\" src=\"https:\/\/www.cenits.es\/sites\/cenits.es\/files\/styles\/large\/public\/eventos\/hp-cast-iberica-2013.jpg?itok=0myxymv-\" alt=\"\" width=\"480\" height=\"183\" \/><\/a><\/div>\n<\/div>\n<\/div>\n<div class=\"field field-name-body field-type-text-with-summary field-label-hidden\">\n<div class=\"field-items\">\n<div class=\"field-item even\">\n<p>El encuentro anual de usuarios de supercomputaci\u00f3n HP-CAST Ib\u00e9rica celebra en su 6\u00ba edici\u00f3n. Tendr\u00e1 lugar en la Universidad Complutense de Madrid (Facultad de Inform\u00e1tica) y se tratar\u00e1n temas como:<\/p>\n<ul>\n<li>Nuevas tendencias en eficiencia energ\u00e9tica.<\/li>\n<li>Nuevos procesadores hyperscale.<\/li>\n<li>Soluciones de almacenamiento para HPC.<\/li>\n<li>Software para mejorar los servicios de computaci\u00f3n de altas prestaciones.<\/li>\n<\/ul>\n<p>M\u00e1s informaci\u00f3n:<\/p>\n<ul>\n<li><a href=\"http:\/\/h30499.www3.hp.com\/t5\/Infraestructura-Convergente-de\/Se-abre-el-plazo-de-inscripci%C3%B3n-para-el-6%C2%BA-Encuentro-de-usuarios\/ba-p\/6215355#.Ul5-NXh4s1Q\">Se abre el plazo de inscripci\u00f3n para el 6\u00ba Encuentro de usuarios HP-CAST Ib\u00e9rica 2013<\/a><\/li>\n<\/ul>\n<\/div>\n<\/div>\n<\/div>\n<div class=\"field field-name-taxonomy-vocabulary-8 field-type-taxonomy-term-reference field-label-hidden\">\n<div class=\"field-items\">\n<div class=\"field-item even\"><a href=\"\/en\/jornadas\/\">Seminars<\/a><\/div>\n<div class=\"field-item odd\"><a href=\"\/en\/ponentes\/\">Speakers<\/a><\/div>\n<\/div>\n<\/div>","protected":false},"excerpt":{"rendered":"<p>Jueves 17 de Octubre de 2013, 10:00 horas. El encuentro anual de usuarios de supercomputaci\u00f3n HP-CAST Ib\u00e9rica celebra en su 6\u00ba edici\u00f3n. Tendr\u00e1 lugar en la Universidad Complutense de Madrid &#8230;<\/p>","protected":false},"author":1,"featured_media":0,"parent":0,"menu_order":0,"comment_status":"closed","ping_status":"closed","template":"","meta":{"footnotes":""},"categories":[93,96],"class_list":["post-6658","page","type-page","status-publish","hentry","category-jornadas","category-ponentes"],"yoast_head":"<!-- This site is optimized with the Yoast SEO plugin v27.1.1 - https:\/\/yoast.com\/product\/yoast-seo-wordpress\/ -->\n<title>HP-CAST Ib\u00e9rica 2013 - Fundaci\u00f3n COMPUTAEX<\/title>\n<meta name=\"robots\" content=\"index, follow, max-snippet:-1, max-image-preview:large, max-video-preview:-1\" \/>\n<link rel=\"canonical\" href=\"https:\/\/computaex.es\/en\/hp-cast-iberica-2013-2\/\" \/>\n<meta property=\"og:locale\" content=\"en_US\" \/>\n<meta property=\"og:type\" content=\"article\" \/>\n<meta property=\"og:title\" content=\"HP-CAST Ib\u00e9rica 2013 - Fundaci\u00f3n COMPUTAEX\" \/>\n<meta property=\"og:description\" content=\"Jueves 17 de Octubre de 2013, 10:00 horas. El encuentro anual de usuarios de supercomputaci\u00f3n HP-CAST Ib\u00e9rica celebra en su 6\u00ba edici\u00f3n. Tendr\u00e1 lugar en la Universidad Complutense de Madrid ...\" \/>\n<meta property=\"og:url\" content=\"https:\/\/computaex.es\/en\/hp-cast-iberica-2013-2\/\" \/>\n<meta property=\"og:site_name\" content=\"Fundaci\u00f3n COMPUTAEX\" \/>\n<meta property=\"article:publisher\" content=\"https:\/\/m.facebook.com\/computaex\/\" \/>\n<meta property=\"article:modified_time\" content=\"2025-01-29T07:42:46+00:00\" \/>\n<meta property=\"og:image\" content=\"https:\/\/www.cenits.es\/sites\/cenits.es\/files\/styles\/large\/public\/eventos\/hp-cast-iberica-2013.jpg?itok=0myxymv-\" \/>\n<meta name=\"twitter:card\" content=\"summary_large_image\" \/>\n<meta name=\"twitter:site\" content=\"@computaex\" \/>\n<meta name=\"twitter:label1\" content=\"Est. reading time\" \/>\n\t<meta name=\"twitter:data1\" content=\"1 minute\" \/>\n<script type=\"application\/ld+json\" class=\"yoast-schema-graph\">{\"@context\":\"https:\/\/schema.org\",\"@graph\":[{\"@type\":\"WebPage\",\"@id\":\"https:\/\/computaex.es\/hp-cast-iberica-2013-2\/\",\"url\":\"https:\/\/computaex.es\/hp-cast-iberica-2013-2\/\",\"name\":\"HP-CAST Ib\u00e9rica 2013 - Fundaci\u00f3n COMPUTAEX\",\"isPartOf\":{\"@id\":\"https:\/\/computaex.es\/#website\"},\"primaryImageOfPage\":{\"@id\":\"https:\/\/computaex.es\/hp-cast-iberica-2013-2\/#primaryimage\"},\"image\":{\"@id\":\"https:\/\/computaex.es\/hp-cast-iberica-2013-2\/#primaryimage\"},\"thumbnailUrl\":\"https:\/\/www.cenits.es\/sites\/cenits.es\/files\/styles\/large\/public\/eventos\/hp-cast-iberica-2013.jpg?itok=0myxymv-\",\"datePublished\":\"2025-01-28T11:07:52+00:00\",\"dateModified\":\"2025-01-29T07:42:46+00:00\",\"breadcrumb\":{\"@id\":\"https:\/\/computaex.es\/hp-cast-iberica-2013-2\/#breadcrumb\"},\"inLanguage\":\"en-US\",\"potentialAction\":[{\"@type\":\"ReadAction\",\"target\":[\"https:\/\/computaex.es\/hp-cast-iberica-2013-2\/\"]}]},{\"@type\":\"ImageObject\",\"inLanguage\":\"en-US\",\"@id\":\"https:\/\/computaex.es\/hp-cast-iberica-2013-2\/#primaryimage\",\"url\":\"https:\/\/www.cenits.es\/sites\/cenits.es\/files\/styles\/large\/public\/eventos\/hp-cast-iberica-2013.jpg?itok=0myxymv-\",\"contentUrl\":\"https:\/\/www.cenits.es\/sites\/cenits.es\/files\/styles\/large\/public\/eventos\/hp-cast-iberica-2013.jpg?itok=0myxymv-\"},{\"@type\":\"BreadcrumbList\",\"@id\":\"https:\/\/computaex.es\/hp-cast-iberica-2013-2\/#breadcrumb\",\"itemListElement\":[{\"@type\":\"ListItem\",\"position\":1,\"name\":\"Portada\",\"item\":\"https:\/\/computaex.es\/\"},{\"@type\":\"ListItem\",\"position\":2,\"name\":\"HP-CAST Ib\u00e9rica 2013\"}]},{\"@type\":\"WebSite\",\"@id\":\"https:\/\/computaex.es\/#website\",\"url\":\"https:\/\/computaex.es\/\",\"name\":\"Fundaci\u00f3n COMPUTAEX\",\"description\":\"COMPUTAEX\",\"publisher\":{\"@id\":\"https:\/\/computaex.es\/#organization\"},\"potentialAction\":[{\"@type\":\"SearchAction\",\"target\":{\"@type\":\"EntryPoint\",\"urlTemplate\":\"https:\/\/computaex.es\/?s={search_term_string}\"},\"query-input\":{\"@type\":\"PropertyValueSpecification\",\"valueRequired\":true,\"valueName\":\"search_term_string\"}}],\"inLanguage\":\"en-US\"},{\"@type\":\"Organization\",\"@id\":\"https:\/\/computaex.es\/#organization\",\"name\":\"COMPUTAEX\",\"url\":\"https:\/\/computaex.es\/\",\"logo\":{\"@type\":\"ImageObject\",\"inLanguage\":\"en-US\",\"@id\":\"https:\/\/computaex.es\/#\/schema\/logo\/image\/\",\"url\":\"https:\/\/computaex.es\/wp-content\/uploads\/2025\/05\/cropped-COMPUTAEX_transparente-scaled-1.png\",\"contentUrl\":\"https:\/\/computaex.es\/wp-content\/uploads\/2025\/05\/cropped-COMPUTAEX_transparente-scaled-1.png\",\"width\":2560,\"height\":970,\"caption\":\"COMPUTAEX\"},\"image\":{\"@id\":\"https:\/\/computaex.es\/#\/schema\/logo\/image\/\"},\"sameAs\":[\"https:\/\/m.facebook.com\/computaex\/\",\"https:\/\/x.com\/computaex\",\"https:\/\/es.linkedin.com\/company\/cenits\"]}]}<\/script>\n<!-- \/ Yoast SEO plugin. -->","yoast_head_json":{"title":"HP-CAST Ib\u00e9rica 2013 - Fundaci\u00f3n COMPUTAEX","robots":{"index":"index","follow":"follow","max-snippet":"max-snippet:-1","max-image-preview":"max-image-preview:large","max-video-preview":"max-video-preview:-1"},"canonical":"https:\/\/computaex.es\/en\/hp-cast-iberica-2013-2\/","og_locale":"en_US","og_type":"article","og_title":"HP-CAST Ib\u00e9rica 2013 - Fundaci\u00f3n COMPUTAEX","og_description":"Jueves 17 de Octubre de 2013, 10:00 horas. El encuentro anual de usuarios de supercomputaci\u00f3n HP-CAST Ib\u00e9rica celebra en su 6\u00ba edici\u00f3n. Tendr\u00e1 lugar en la Universidad Complutense de Madrid ...","og_url":"https:\/\/computaex.es\/en\/hp-cast-iberica-2013-2\/","og_site_name":"Fundaci\u00f3n COMPUTAEX","article_publisher":"https:\/\/m.facebook.com\/computaex\/","article_modified_time":"2025-01-29T07:42:46+00:00","og_image":[{"url":"https:\/\/www.cenits.es\/sites\/cenits.es\/files\/styles\/large\/public\/eventos\/hp-cast-iberica-2013.jpg?itok=0myxymv-","type":"","width":"","height":""}],"twitter_card":"summary_large_image","twitter_site":"@computaex","twitter_misc":{"Est. reading time":"1 minute"},"schema":{"@context":"https:\/\/schema.org","@graph":[{"@type":"WebPage","@id":"https:\/\/computaex.es\/hp-cast-iberica-2013-2\/","url":"https:\/\/computaex.es\/hp-cast-iberica-2013-2\/","name":"HP-CAST Ib\u00e9rica 2013 - Fundaci\u00f3n COMPUTAEX","isPartOf":{"@id":"https:\/\/computaex.es\/#website"},"primaryImageOfPage":{"@id":"https:\/\/computaex.es\/hp-cast-iberica-2013-2\/#primaryimage"},"image":{"@id":"https:\/\/computaex.es\/hp-cast-iberica-2013-2\/#primaryimage"},"thumbnailUrl":"https:\/\/www.cenits.es\/sites\/cenits.es\/files\/styles\/large\/public\/eventos\/hp-cast-iberica-2013.jpg?itok=0myxymv-","datePublished":"2025-01-28T11:07:52+00:00","dateModified":"2025-01-29T07:42:46+00:00","breadcrumb":{"@id":"https:\/\/computaex.es\/hp-cast-iberica-2013-2\/#breadcrumb"},"inLanguage":"en-US","potentialAction":[{"@type":"ReadAction","target":["https:\/\/computaex.es\/hp-cast-iberica-2013-2\/"]}]},{"@type":"ImageObject","inLanguage":"en-US","@id":"https:\/\/computaex.es\/hp-cast-iberica-2013-2\/#primaryimage","url":"https:\/\/www.cenits.es\/sites\/cenits.es\/files\/styles\/large\/public\/eventos\/hp-cast-iberica-2013.jpg?itok=0myxymv-","contentUrl":"https:\/\/www.cenits.es\/sites\/cenits.es\/files\/styles\/large\/public\/eventos\/hp-cast-iberica-2013.jpg?itok=0myxymv-"},{"@type":"BreadcrumbList","@id":"https:\/\/computaex.es\/hp-cast-iberica-2013-2\/#breadcrumb","itemListElement":[{"@type":"ListItem","position":1,"name":"Portada","item":"https:\/\/computaex.es\/"},{"@type":"ListItem","position":2,"name":"HP-CAST Ib\u00e9rica 2013"}]},{"@type":"WebSite","@id":"https:\/\/computaex.es\/#website","url":"https:\/\/computaex.es\/","name":"COMPUTAEX Foundation","description":"COMPUTAEX","publisher":{"@id":"https:\/\/computaex.es\/#organization"},"potentialAction":[{"@type":"SearchAction","target":{"@type":"EntryPoint","urlTemplate":"https:\/\/computaex.es\/?s={search_term_string}"},"query-input":{"@type":"PropertyValueSpecification","valueRequired":true,"valueName":"search_term_string"}}],"inLanguage":"en-US"},{"@type":"Organization","@id":"https:\/\/computaex.es\/#organization","name":"COMPUTAEX","url":"https:\/\/computaex.es\/","logo":{"@type":"ImageObject","inLanguage":"en-US","@id":"https:\/\/computaex.es\/#\/schema\/logo\/image\/","url":"https:\/\/computaex.es\/wp-content\/uploads\/2025\/05\/cropped-COMPUTAEX_transparente-scaled-1.png","contentUrl":"https:\/\/computaex.es\/wp-content\/uploads\/2025\/05\/cropped-COMPUTAEX_transparente-scaled-1.png","width":2560,"height":970,"caption":"COMPUTAEX"},"image":{"@id":"https:\/\/computaex.es\/#\/schema\/logo\/image\/"},"sameAs":["https:\/\/m.facebook.com\/computaex\/","https:\/\/x.com\/computaex","https:\/\/es.linkedin.com\/company\/cenits"]}]}},"_links":{"self":[{"href":"https:\/\/computaex.es\/en\/wp-json\/wp\/v2\/pages\/6658","targetHints":{"allow":["GET"]}}],"collection":[{"href":"https:\/\/computaex.es\/en\/wp-json\/wp\/v2\/pages"}],"about":[{"href":"https:\/\/computaex.es\/en\/wp-json\/wp\/v2\/types\/page"}],"author":[{"embeddable":true,"href":"https:\/\/computaex.es\/en\/wp-json\/wp\/v2\/users\/1"}],"replies":[{"embeddable":true,"href":"https:\/\/computaex.es\/en\/wp-json\/wp\/v2\/comments?post=6658"}],"version-history":[{"count":2,"href":"https:\/\/computaex.es\/en\/wp-json\/wp\/v2\/pages\/6658\/revisions"}],"predecessor-version":[{"id":6799,"href":"https:\/\/computaex.es\/en\/wp-json\/wp\/v2\/pages\/6658\/revisions\/6799"}],"wp:attachment":[{"href":"https:\/\/computaex.es\/en\/wp-json\/wp\/v2\/media?parent=6658"}],"wp:term":[{"taxonomy":"category","embeddable":true,"href":"https:\/\/computaex.es\/en\/wp-json\/wp\/v2\/categories?post=6658"}],"curies":[{"name":"wp","href":"https:\/\/api.w.org\/{rel}","templated":true}]}}