{"id":6664,"date":"2025-01-28T12:11:38","date_gmt":"2025-01-28T11:11:38","guid":{"rendered":"http:\/\/10.128.3.28\/?page_id=6664"},"modified":"2025-01-29T08:44:21","modified_gmt":"2025-01-29T07:44:21","slug":"noche-de-los-investigadores-2013","status":"publish","type":"page","link":"https:\/\/computaex.es\/en\/noche-de-los-investigadores-2013\/","title":{"rendered":"Noche de los investigadores 2013"},"content":{"rendered":"<div class=\"field field-name-field-fecha-evento field-type-datetime field-label-hidden\">\n<div class=\"field-items\">\n<div class=\"field-item even\"><span class=\"date-display-single\">Viernes 27 de Septiembre de 2013, 18:00 horas.<\/span><\/div>\n<\/div>\n<\/div>\n<div class=\"field field-name-field-evento-imagen field-type-image field-label-hidden\">\n<div class=\"field-items\">\n<div class=\"field-item even\"><a class=\"colorbox init-colorbox-processed cboxElement\" title=\"Noche de los investigadores 2013\" href=\"https:\/\/www.cenits.es\/sites\/cenits.es\/files\/eventos\/noche-investigadores-2013.jpg\" data-colorbox-gallery=\"\" data-cbox-img-attrs=\"{&quot;title&quot;: &quot;&quot;, &quot;alt&quot;: &quot;&quot;}\"><img fetchpriority=\"high\" decoding=\"async\" title=\"\" src=\"https:\/\/www.cenits.es\/sites\/cenits.es\/files\/styles\/large\/public\/eventos\/noche-investigadores-2013.jpg?itok=X603ZXzS\" alt=\"\" width=\"343\" height=\"480\" \/><\/a><\/div>\n<\/div>\n<\/div>\n<div class=\"field field-name-body field-type-text-with-summary field-label-hidden\">\n<div class=\"field-items\">\n<div class=\"field-item even\">\n<p>The\u00a0<strong>Noche de los Investigadores<\/strong>\u00a0es un proyecto financiado por el 7\u00ba Programa Marco de Investigaci\u00f3n y Desarrollo de la Uni\u00f3n Europea, en el que cada a\u00f1o investigadores de m\u00e1s de trescientas ciudades europeas dedican, al un\u00edsono, una noche a la divulgaci\u00f3n de la Ciencia.<\/p>\n<p>El programa contar\u00e1 con cerca de un centenar de actividades entre talleres cient\u00edficos, concursos, exposiciones, visitas a los laboratorios y los observatorios de meteorolog\u00eda o astronom\u00eda as\u00ed como micro-conferencias.<\/p>\n<p>M\u00e1s informaci\u00f3n:<\/p>\n<ul>\n<li><a href=\"http:\/\/culturacientifica.unex.es\/\">Servicio de Difusi\u00f3n de la Cultura Cient\u00edfica de la UEx<\/a><\/li>\n<\/ul>\n<p>Noticia relacionada:<\/p>\n<ul>\n<li><a href=\"\/en\/participaciones\/computaex-presente-en-la-noche-de-los-investigadores-2013\/\">COMPUTAEX presente en la Noche de los Investigadores 2013<\/a><\/li>\n<\/ul>\n<\/div>\n<\/div>\n<\/div>\n<div class=\"field field-name-field-evento-documentos field-type-file field-label-hidden\">\n<div class=\"field-items\">\n<div class=\"field-item even\">\n<table class=\"sticky-enabled tableheader-processed sticky-table\" style=\"width: 100%; height: 37px;\">\n<thead>\n<tr style=\"height: 19px;\">\n<th style=\"height: 19px; background-color: #313347;\"><span style=\"color: #ffffff;\">Attached<\/span><\/th>\n<th style=\"height: 19px; background-color: #313347;\"><span style=\"color: #ffffff;\">Size<\/span><\/th>\n<\/tr>\n<\/thead>\n<tbody>\n<tr class=\"odd\" style=\"height: 18px;\">\n<td style=\"height: 18px;\"><span class=\"file\"><img decoding=\"async\" class=\"file-icon\" title=\"application\/pdf\" src=\"https:\/\/www.computaex.es\/modules\/file\/icons\/application-pdf.png\" alt=\"Icono PDF\" \/>\u00a0<a href=\"\/wp-content\/uploads\/2025\/01\/programa_noche_investigadores_badajoz_2013.pdf\" type=\"application\/pdf; length=428694\">programa_noche_investigadores_badajoz_2013.pdf<\/a><\/span><\/td>\n<td style=\"height: 18px;\">418.65 KB<\/td>\n<\/tr>\n<\/tbody>\n<\/table>\n<\/div>\n<\/div>\n<\/div>\n<div class=\"field field-name-taxonomy-vocabulary-8 field-type-taxonomy-term-reference field-label-hidden\">\n<div class=\"field-items\">\n<div class=\"field-item even\"><a href=\"\/en\/jornadas\/\">Seminars<\/a><\/div>\n<div class=\"field-item odd\"><a href=\"\/en\/ponentes\/\">Speakers<\/a><\/div>\n<\/div>\n<\/div>","protected":false},"excerpt":{"rendered":"<p>Viernes 27 de Septiembre de 2013, 18:00 horas. La\u00a0Noche de los Investigadores\u00a0es un proyecto financiado por el 7\u00ba Programa Marco de Investigaci\u00f3n y Desarrollo de la Uni\u00f3n Europea, en el &#8230;<\/p>","protected":false},"author":1,"featured_media":0,"parent":0,"menu_order":0,"comment_status":"closed","ping_status":"closed","template":"","meta":{"footnotes":""},"categories":[93,96],"class_list":["post-6664","page","type-page","status-publish","hentry","category-jornadas","category-ponentes"],"yoast_head":"<!-- This site is optimized with the Yoast SEO plugin v27.1.1 - https:\/\/yoast.com\/product\/yoast-seo-wordpress\/ -->\n<title>Noche de los investigadores 2013 - Fundaci\u00f3n COMPUTAEX<\/title>\n<meta name=\"robots\" content=\"index, follow, max-snippet:-1, max-image-preview:large, max-video-preview:-1\" \/>\n<link rel=\"canonical\" href=\"https:\/\/computaex.es\/en\/noche-de-los-investigadores-2013\/\" \/>\n<meta property=\"og:locale\" content=\"en_US\" \/>\n<meta property=\"og:type\" content=\"article\" \/>\n<meta property=\"og:title\" content=\"Noche de los investigadores 2013 - Fundaci\u00f3n COMPUTAEX\" \/>\n<meta property=\"og:description\" content=\"Viernes 27 de Septiembre de 2013, 18:00 horas. La\u00a0Noche de los Investigadores\u00a0es un proyecto financiado por el 7\u00ba Programa Marco de Investigaci\u00f3n y Desarrollo de la Uni\u00f3n Europea, en el ...\" \/>\n<meta property=\"og:url\" content=\"https:\/\/computaex.es\/en\/noche-de-los-investigadores-2013\/\" \/>\n<meta property=\"og:site_name\" content=\"Fundaci\u00f3n COMPUTAEX\" \/>\n<meta property=\"article:publisher\" content=\"https:\/\/m.facebook.com\/computaex\/\" \/>\n<meta property=\"article:modified_time\" content=\"2025-01-29T07:44:21+00:00\" \/>\n<meta property=\"og:image\" content=\"https:\/\/www.cenits.es\/sites\/cenits.es\/files\/styles\/large\/public\/eventos\/noche-investigadores-2013.jpg?itok=X603ZXzS\" \/>\n<meta name=\"twitter:card\" content=\"summary_large_image\" \/>\n<meta name=\"twitter:site\" content=\"@computaex\" \/>\n<meta name=\"twitter:label1\" content=\"Est. reading time\" \/>\n\t<meta name=\"twitter:data1\" content=\"1 minute\" \/>\n<script type=\"application\/ld+json\" class=\"yoast-schema-graph\">{\"@context\":\"https:\/\/schema.org\",\"@graph\":[{\"@type\":\"WebPage\",\"@id\":\"https:\/\/computaex.es\/noche-de-los-investigadores-2013\/\",\"url\":\"https:\/\/computaex.es\/noche-de-los-investigadores-2013\/\",\"name\":\"Noche de los investigadores 2013 - Fundaci\u00f3n COMPUTAEX\",\"isPartOf\":{\"@id\":\"https:\/\/computaex.es\/#website\"},\"primaryImageOfPage\":{\"@id\":\"https:\/\/computaex.es\/noche-de-los-investigadores-2013\/#primaryimage\"},\"image\":{\"@id\":\"https:\/\/computaex.es\/noche-de-los-investigadores-2013\/#primaryimage\"},\"thumbnailUrl\":\"https:\/\/www.cenits.es\/sites\/cenits.es\/files\/styles\/large\/public\/eventos\/noche-investigadores-2013.jpg?itok=X603ZXzS\",\"datePublished\":\"2025-01-28T11:11:38+00:00\",\"dateModified\":\"2025-01-29T07:44:21+00:00\",\"breadcrumb\":{\"@id\":\"https:\/\/computaex.es\/noche-de-los-investigadores-2013\/#breadcrumb\"},\"inLanguage\":\"en-US\",\"potentialAction\":[{\"@type\":\"ReadAction\",\"target\":[\"https:\/\/computaex.es\/noche-de-los-investigadores-2013\/\"]}]},{\"@type\":\"ImageObject\",\"inLanguage\":\"en-US\",\"@id\":\"https:\/\/computaex.es\/noche-de-los-investigadores-2013\/#primaryimage\",\"url\":\"https:\/\/www.cenits.es\/sites\/cenits.es\/files\/styles\/large\/public\/eventos\/noche-investigadores-2013.jpg?itok=X603ZXzS\",\"contentUrl\":\"https:\/\/www.cenits.es\/sites\/cenits.es\/files\/styles\/large\/public\/eventos\/noche-investigadores-2013.jpg?itok=X603ZXzS\"},{\"@type\":\"BreadcrumbList\",\"@id\":\"https:\/\/computaex.es\/noche-de-los-investigadores-2013\/#breadcrumb\",\"itemListElement\":[{\"@type\":\"ListItem\",\"position\":1,\"name\":\"Portada\",\"item\":\"https:\/\/computaex.es\/\"},{\"@type\":\"ListItem\",\"position\":2,\"name\":\"Noche de los investigadores 2013\"}]},{\"@type\":\"WebSite\",\"@id\":\"https:\/\/computaex.es\/#website\",\"url\":\"https:\/\/computaex.es\/\",\"name\":\"Fundaci\u00f3n COMPUTAEX\",\"description\":\"COMPUTAEX\",\"publisher\":{\"@id\":\"https:\/\/computaex.es\/#organization\"},\"potentialAction\":[{\"@type\":\"SearchAction\",\"target\":{\"@type\":\"EntryPoint\",\"urlTemplate\":\"https:\/\/computaex.es\/?s={search_term_string}\"},\"query-input\":{\"@type\":\"PropertyValueSpecification\",\"valueRequired\":true,\"valueName\":\"search_term_string\"}}],\"inLanguage\":\"en-US\"},{\"@type\":\"Organization\",\"@id\":\"https:\/\/computaex.es\/#organization\",\"name\":\"COMPUTAEX\",\"url\":\"https:\/\/computaex.es\/\",\"logo\":{\"@type\":\"ImageObject\",\"inLanguage\":\"en-US\",\"@id\":\"https:\/\/computaex.es\/#\/schema\/logo\/image\/\",\"url\":\"https:\/\/computaex.es\/wp-content\/uploads\/2025\/05\/cropped-COMPUTAEX_transparente-scaled-1.png\",\"contentUrl\":\"https:\/\/computaex.es\/wp-content\/uploads\/2025\/05\/cropped-COMPUTAEX_transparente-scaled-1.png\",\"width\":2560,\"height\":970,\"caption\":\"COMPUTAEX\"},\"image\":{\"@id\":\"https:\/\/computaex.es\/#\/schema\/logo\/image\/\"},\"sameAs\":[\"https:\/\/m.facebook.com\/computaex\/\",\"https:\/\/x.com\/computaex\",\"https:\/\/es.linkedin.com\/company\/cenits\"]}]}<\/script>\n<!-- \/ Yoast SEO plugin. -->","yoast_head_json":{"title":"Noche de los investigadores 2013 - Fundaci\u00f3n COMPUTAEX","robots":{"index":"index","follow":"follow","max-snippet":"max-snippet:-1","max-image-preview":"max-image-preview:large","max-video-preview":"max-video-preview:-1"},"canonical":"https:\/\/computaex.es\/en\/noche-de-los-investigadores-2013\/","og_locale":"en_US","og_type":"article","og_title":"Noche de los investigadores 2013 - Fundaci\u00f3n COMPUTAEX","og_description":"Viernes 27 de Septiembre de 2013, 18:00 horas. La\u00a0Noche de los Investigadores\u00a0es un proyecto financiado por el 7\u00ba Programa Marco de Investigaci\u00f3n y Desarrollo de la Uni\u00f3n Europea, en el ...","og_url":"https:\/\/computaex.es\/en\/noche-de-los-investigadores-2013\/","og_site_name":"Fundaci\u00f3n COMPUTAEX","article_publisher":"https:\/\/m.facebook.com\/computaex\/","article_modified_time":"2025-01-29T07:44:21+00:00","og_image":[{"url":"https:\/\/www.cenits.es\/sites\/cenits.es\/files\/styles\/large\/public\/eventos\/noche-investigadores-2013.jpg?itok=X603ZXzS","type":"","width":"","height":""}],"twitter_card":"summary_large_image","twitter_site":"@computaex","twitter_misc":{"Est. reading time":"1 minute"},"schema":{"@context":"https:\/\/schema.org","@graph":[{"@type":"WebPage","@id":"https:\/\/computaex.es\/noche-de-los-investigadores-2013\/","url":"https:\/\/computaex.es\/noche-de-los-investigadores-2013\/","name":"Noche de los investigadores 2013 - Fundaci\u00f3n COMPUTAEX","isPartOf":{"@id":"https:\/\/computaex.es\/#website"},"primaryImageOfPage":{"@id":"https:\/\/computaex.es\/noche-de-los-investigadores-2013\/#primaryimage"},"image":{"@id":"https:\/\/computaex.es\/noche-de-los-investigadores-2013\/#primaryimage"},"thumbnailUrl":"https:\/\/www.cenits.es\/sites\/cenits.es\/files\/styles\/large\/public\/eventos\/noche-investigadores-2013.jpg?itok=X603ZXzS","datePublished":"2025-01-28T11:11:38+00:00","dateModified":"2025-01-29T07:44:21+00:00","breadcrumb":{"@id":"https:\/\/computaex.es\/noche-de-los-investigadores-2013\/#breadcrumb"},"inLanguage":"en-US","potentialAction":[{"@type":"ReadAction","target":["https:\/\/computaex.es\/noche-de-los-investigadores-2013\/"]}]},{"@type":"ImageObject","inLanguage":"en-US","@id":"https:\/\/computaex.es\/noche-de-los-investigadores-2013\/#primaryimage","url":"https:\/\/www.cenits.es\/sites\/cenits.es\/files\/styles\/large\/public\/eventos\/noche-investigadores-2013.jpg?itok=X603ZXzS","contentUrl":"https:\/\/www.cenits.es\/sites\/cenits.es\/files\/styles\/large\/public\/eventos\/noche-investigadores-2013.jpg?itok=X603ZXzS"},{"@type":"BreadcrumbList","@id":"https:\/\/computaex.es\/noche-de-los-investigadores-2013\/#breadcrumb","itemListElement":[{"@type":"ListItem","position":1,"name":"Portada","item":"https:\/\/computaex.es\/"},{"@type":"ListItem","position":2,"name":"Noche de los investigadores 2013"}]},{"@type":"WebSite","@id":"https:\/\/computaex.es\/#website","url":"https:\/\/computaex.es\/","name":"COMPUTAEX Foundation","description":"COMPUTAEX","publisher":{"@id":"https:\/\/computaex.es\/#organization"},"potentialAction":[{"@type":"SearchAction","target":{"@type":"EntryPoint","urlTemplate":"https:\/\/computaex.es\/?s={search_term_string}"},"query-input":{"@type":"PropertyValueSpecification","valueRequired":true,"valueName":"search_term_string"}}],"inLanguage":"en-US"},{"@type":"Organization","@id":"https:\/\/computaex.es\/#organization","name":"COMPUTAEX","url":"https:\/\/computaex.es\/","logo":{"@type":"ImageObject","inLanguage":"en-US","@id":"https:\/\/computaex.es\/#\/schema\/logo\/image\/","url":"https:\/\/computaex.es\/wp-content\/uploads\/2025\/05\/cropped-COMPUTAEX_transparente-scaled-1.png","contentUrl":"https:\/\/computaex.es\/wp-content\/uploads\/2025\/05\/cropped-COMPUTAEX_transparente-scaled-1.png","width":2560,"height":970,"caption":"COMPUTAEX"},"image":{"@id":"https:\/\/computaex.es\/#\/schema\/logo\/image\/"},"sameAs":["https:\/\/m.facebook.com\/computaex\/","https:\/\/x.com\/computaex","https:\/\/es.linkedin.com\/company\/cenits"]}]}},"_links":{"self":[{"href":"https:\/\/computaex.es\/en\/wp-json\/wp\/v2\/pages\/6664","targetHints":{"allow":["GET"]}}],"collection":[{"href":"https:\/\/computaex.es\/en\/wp-json\/wp\/v2\/pages"}],"about":[{"href":"https:\/\/computaex.es\/en\/wp-json\/wp\/v2\/types\/page"}],"author":[{"embeddable":true,"href":"https:\/\/computaex.es\/en\/wp-json\/wp\/v2\/users\/1"}],"replies":[{"embeddable":true,"href":"https:\/\/computaex.es\/en\/wp-json\/wp\/v2\/comments?post=6664"}],"version-history":[{"count":2,"href":"https:\/\/computaex.es\/en\/wp-json\/wp\/v2\/pages\/6664\/revisions"}],"predecessor-version":[{"id":6802,"href":"https:\/\/computaex.es\/en\/wp-json\/wp\/v2\/pages\/6664\/revisions\/6802"}],"wp:attachment":[{"href":"https:\/\/computaex.es\/en\/wp-json\/wp\/v2\/media?parent=6664"}],"wp:term":[{"taxonomy":"category","embeddable":true,"href":"https:\/\/computaex.es\/en\/wp-json\/wp\/v2\/categories?post=6664"}],"curies":[{"name":"wp","href":"https:\/\/api.w.org\/{rel}","templated":true}]}}