{"id":6673,"date":"2025-01-28T12:14:05","date_gmt":"2025-01-28T11:14:05","guid":{"rendered":"http:\/\/10.128.3.28\/?page_id=6673"},"modified":"2025-01-29T08:47:45","modified_gmt":"2025-01-29T07:47:45","slug":"hp-cast-iberica-2012","status":"publish","type":"page","link":"https:\/\/computaex.es\/en\/hp-cast-iberica-2012\/","title":{"rendered":"HP-CAST Ib\u00e9rica 2012"},"content":{"rendered":"<div class=\"field field-name-field-fecha-evento field-type-datetime field-label-hidden\">\n<div class=\"field-items\">\n<div class=\"field-item even\"><span class=\"date-display-single\">Martes 02 de Octubre de 2012, 10:00 horas.<\/span><\/div>\n<\/div>\n<\/div>\n<div class=\"field field-name-body field-type-text-with-summary field-label-hidden\">\n<div class=\"field-items\">\n<div class=\"field-item even\">\n<p><a title=\"HP-Cast Ib\u00e9rica\" href=\"http:\/\/h41104.www4.hp.com\/soluciones\/tsg\/hpcast\/\">HP-CAST Ib\u00e9rica<\/a>\u00a0es un evento anual en el que se dan cita expertos en supercomputaci\u00f3n, miembros y afiliados para discutir y poner de manifiesto las nuevas propuestas en la materia.<\/p>\n<p>El 5\u00ba encuentro tendr\u00e1 lugar en el\u00a0<a title=\"Instituto Naciona de T\u00e9cnica Aeroespacial\" href=\"http:\/\/www.inta.es\/\">Instituto Nacional de T\u00e9cnica Aeroespacial<\/a>.<\/p>\n<p>Programa:<\/p>\n<ul>\n<li>10:00 &#8211; Registro y caf\u00e9 de bienvenida.<\/li>\n<li>10:30 &#8211; Bienvenida.\n<ul>\n<li>Javier Garc\u00eda Tob\u00edo, Presidente de la asociaci\u00f3n HP CAST<\/li>\n<li>Jos\u00e9 Miguel Mu\u00f1oz, Director de Administraci\u00f3n P\u00fablica HP<\/li>\n<li>Jaime Denis Zambrana, Director General del INTA<\/li>\n<\/ul>\n<\/li>\n<li>11:00 &#8211; Understanding Bulldozer architecture through Linpack benchmark\n<ul>\n<li>Dr. Joshua Mora, World Wide HPC support, Austin TX. Research and development of SW+HW solutions for HPC in academia and industry. Advisory for manufacturing, Oil and gas, Formula 1, Financial, cloud. Currently working on programming and performance modeling for Exascale.<\/li>\n<\/ul>\n<\/li>\n<li>11:50 &#8211; Caf\u00e9<\/li>\n<li>12:10 &#8211; Pushing the Boundaries of Efficiency in Hyperscale Servers.\n<ul>\n<li>Paolo Faraboschi, Energy-efficient servers technologist at HP Labs.<\/li>\n<\/ul>\n<\/li>\n<li>13:00 &#8211; Visita Instalaciones INTA<\/li>\n<li>14:00 &#8211; Cocktail<\/li>\n<li>15:00 &#8211; Presentaci\u00f3n de nuevos usuarios<\/li>\n<li>15:30 &#8211; Experiencias Cloud y Big Data.\n<ul>\n<li>Sesi\u00f3n 1: Servicios de Nube P\u00fablica sobre Ecosistemas de Supercomputaci\u00f3n. Jos\u00e9 Luis Gonz\u00e1lez S\u00e1nchez, Director General Fundaci\u00f3n COMPUTAEX.<\/li>\n<li>Sesi\u00f3n 2: SCBI : Ciclo de vida del Big Data, el caso de la bioinform\u00e1tica. Rafael Larrosa Jim\u00e9nez, Centro de Supercomputaci\u00f3n y Bioinform\u00e1tica &#8211; Universidad de M\u00e1laga.<\/li>\n<\/ul>\n<\/li>\n<li>16:15 &#8211; Mesa redonda.\n<ul>\n<li>Pablo Raez, HPC Business Developed, HP<\/li>\n<li>I\u00f1aki Eiguren, HPC Presales, HP<\/li>\n<li>Carlos Corroto, HPC Presales, HP<\/li>\n<\/ul>\n<\/li>\n<li>17:15 &#8211; Conclusiones, despedida y foto de grupo<\/li>\n<\/ul>\n<\/div>\n<\/div>\n<\/div>\n<div class=\"field field-name-taxonomy-vocabulary-8 field-type-taxonomy-term-reference field-label-hidden\">\n<div class=\"field-items\">\n<div class=\"field-item even\"><a href=\"\/en\/jornadas\/\">Seminars<\/a><\/div>\n<div class=\"field-item odd\"><a href=\"\/en\/ponentes\/\">Speakers<\/a><\/div>\n<\/div>\n<\/div>","protected":false},"excerpt":{"rendered":"<p>Martes 02 de Octubre de 2012, 10:00 horas. HP-CAST Ib\u00e9rica\u00a0es un evento anual en el que se dan cita expertos en supercomputaci\u00f3n, miembros y afiliados para discutir y poner de &#8230;<\/p>","protected":false},"author":1,"featured_media":0,"parent":0,"menu_order":0,"comment_status":"closed","ping_status":"closed","template":"","meta":{"footnotes":""},"categories":[93,96],"tags":[],"class_list":["post-6673","page","type-page","status-publish","hentry","category-jornadas","category-ponentes"],"yoast_head":"<!-- This site is optimized with the Yoast SEO plugin v27.1.1 - https:\/\/yoast.com\/product\/yoast-seo-wordpress\/ -->\n<title>HP-CAST Ib\u00e9rica 2012 - Fundaci\u00f3n COMPUTAEX<\/title>\n<meta name=\"robots\" content=\"index, follow, max-snippet:-1, max-image-preview:large, max-video-preview:-1\" \/>\n<link rel=\"canonical\" href=\"https:\/\/computaex.es\/en\/hp-cast-iberica-2012\/\" \/>\n<meta property=\"og:locale\" content=\"en_US\" \/>\n<meta property=\"og:type\" content=\"article\" \/>\n<meta property=\"og:title\" content=\"HP-CAST Ib\u00e9rica 2012 - Fundaci\u00f3n COMPUTAEX\" \/>\n<meta property=\"og:description\" content=\"Martes 02 de Octubre de 2012, 10:00 horas. HP-CAST Ib\u00e9rica\u00a0es un evento anual en el que se dan cita expertos en supercomputaci\u00f3n, miembros y afiliados para discutir y poner de ...\" \/>\n<meta property=\"og:url\" content=\"https:\/\/computaex.es\/en\/hp-cast-iberica-2012\/\" \/>\n<meta property=\"og:site_name\" content=\"Fundaci\u00f3n COMPUTAEX\" \/>\n<meta property=\"article:publisher\" content=\"https:\/\/m.facebook.com\/computaex\/\" \/>\n<meta property=\"article:modified_time\" content=\"2025-01-29T07:47:45+00:00\" \/>\n<meta property=\"og:image\" content=\"https:\/\/computaex.es\/wp-content\/uploads\/2025\/08\/COMPUTAEX.jpg\" \/>\n\t<meta property=\"og:image:width\" content=\"1024\" \/>\n\t<meta property=\"og:image:height\" content=\"403\" \/>\n\t<meta property=\"og:image:type\" content=\"image\/jpeg\" \/>\n<meta name=\"twitter:card\" content=\"summary_large_image\" \/>\n<meta name=\"twitter:site\" content=\"@computaex\" \/>\n<meta name=\"twitter:label1\" content=\"Est. reading time\" \/>\n\t<meta name=\"twitter:data1\" content=\"2 minutes\" \/>\n<script type=\"application\/ld+json\" class=\"yoast-schema-graph\">{\"@context\":\"https:\/\/schema.org\",\"@graph\":[{\"@type\":\"WebPage\",\"@id\":\"https:\/\/computaex.es\/hp-cast-iberica-2012\/\",\"url\":\"https:\/\/computaex.es\/hp-cast-iberica-2012\/\",\"name\":\"HP-CAST Ib\u00e9rica 2012 - Fundaci\u00f3n COMPUTAEX\",\"isPartOf\":{\"@id\":\"https:\/\/computaex.es\/#website\"},\"datePublished\":\"2025-01-28T11:14:05+00:00\",\"dateModified\":\"2025-01-29T07:47:45+00:00\",\"breadcrumb\":{\"@id\":\"https:\/\/computaex.es\/hp-cast-iberica-2012\/#breadcrumb\"},\"inLanguage\":\"en-US\",\"potentialAction\":[{\"@type\":\"ReadAction\",\"target\":[\"https:\/\/computaex.es\/hp-cast-iberica-2012\/\"]}]},{\"@type\":\"BreadcrumbList\",\"@id\":\"https:\/\/computaex.es\/hp-cast-iberica-2012\/#breadcrumb\",\"itemListElement\":[{\"@type\":\"ListItem\",\"position\":1,\"name\":\"Portada\",\"item\":\"https:\/\/computaex.es\/\"},{\"@type\":\"ListItem\",\"position\":2,\"name\":\"HP-CAST Ib\u00e9rica 2012\"}]},{\"@type\":\"WebSite\",\"@id\":\"https:\/\/computaex.es\/#website\",\"url\":\"https:\/\/computaex.es\/\",\"name\":\"Fundaci\u00f3n COMPUTAEX\",\"description\":\"COMPUTAEX\",\"publisher\":{\"@id\":\"https:\/\/computaex.es\/#organization\"},\"potentialAction\":[{\"@type\":\"SearchAction\",\"target\":{\"@type\":\"EntryPoint\",\"urlTemplate\":\"https:\/\/computaex.es\/?s={search_term_string}\"},\"query-input\":{\"@type\":\"PropertyValueSpecification\",\"valueRequired\":true,\"valueName\":\"search_term_string\"}}],\"inLanguage\":\"en-US\"},{\"@type\":\"Organization\",\"@id\":\"https:\/\/computaex.es\/#organization\",\"name\":\"COMPUTAEX\",\"url\":\"https:\/\/computaex.es\/\",\"logo\":{\"@type\":\"ImageObject\",\"inLanguage\":\"en-US\",\"@id\":\"https:\/\/computaex.es\/#\/schema\/logo\/image\/\",\"url\":\"https:\/\/computaex.es\/wp-content\/uploads\/2025\/05\/cropped-COMPUTAEX_transparente-scaled-1.png\",\"contentUrl\":\"https:\/\/computaex.es\/wp-content\/uploads\/2025\/05\/cropped-COMPUTAEX_transparente-scaled-1.png\",\"width\":2560,\"height\":970,\"caption\":\"COMPUTAEX\"},\"image\":{\"@id\":\"https:\/\/computaex.es\/#\/schema\/logo\/image\/\"},\"sameAs\":[\"https:\/\/m.facebook.com\/computaex\/\",\"https:\/\/x.com\/computaex\",\"https:\/\/es.linkedin.com\/company\/cenits\"]}]}<\/script>\n<!-- \/ Yoast SEO plugin. -->","yoast_head_json":{"title":"HP-CAST Ib\u00e9rica 2012 - Fundaci\u00f3n COMPUTAEX","robots":{"index":"index","follow":"follow","max-snippet":"max-snippet:-1","max-image-preview":"max-image-preview:large","max-video-preview":"max-video-preview:-1"},"canonical":"https:\/\/computaex.es\/en\/hp-cast-iberica-2012\/","og_locale":"en_US","og_type":"article","og_title":"HP-CAST Ib\u00e9rica 2012 - Fundaci\u00f3n COMPUTAEX","og_description":"Martes 02 de Octubre de 2012, 10:00 horas. HP-CAST Ib\u00e9rica\u00a0es un evento anual en el que se dan cita expertos en supercomputaci\u00f3n, miembros y afiliados para discutir y poner de ...","og_url":"https:\/\/computaex.es\/en\/hp-cast-iberica-2012\/","og_site_name":"Fundaci\u00f3n COMPUTAEX","article_publisher":"https:\/\/m.facebook.com\/computaex\/","article_modified_time":"2025-01-29T07:47:45+00:00","og_image":[{"width":1024,"height":403,"url":"https:\/\/computaex.es\/wp-content\/uploads\/2025\/08\/COMPUTAEX.jpg","type":"image\/jpeg"}],"twitter_card":"summary_large_image","twitter_site":"@computaex","twitter_misc":{"Est. reading time":"2 minutes"},"schema":{"@context":"https:\/\/schema.org","@graph":[{"@type":"WebPage","@id":"https:\/\/computaex.es\/hp-cast-iberica-2012\/","url":"https:\/\/computaex.es\/hp-cast-iberica-2012\/","name":"HP-CAST Ib\u00e9rica 2012 - Fundaci\u00f3n COMPUTAEX","isPartOf":{"@id":"https:\/\/computaex.es\/#website"},"datePublished":"2025-01-28T11:14:05+00:00","dateModified":"2025-01-29T07:47:45+00:00","breadcrumb":{"@id":"https:\/\/computaex.es\/hp-cast-iberica-2012\/#breadcrumb"},"inLanguage":"en-US","potentialAction":[{"@type":"ReadAction","target":["https:\/\/computaex.es\/hp-cast-iberica-2012\/"]}]},{"@type":"BreadcrumbList","@id":"https:\/\/computaex.es\/hp-cast-iberica-2012\/#breadcrumb","itemListElement":[{"@type":"ListItem","position":1,"name":"Portada","item":"https:\/\/computaex.es\/"},{"@type":"ListItem","position":2,"name":"HP-CAST Ib\u00e9rica 2012"}]},{"@type":"WebSite","@id":"https:\/\/computaex.es\/#website","url":"https:\/\/computaex.es\/","name":"COMPUTAEX Foundation","description":"COMPUTAEX","publisher":{"@id":"https:\/\/computaex.es\/#organization"},"potentialAction":[{"@type":"SearchAction","target":{"@type":"EntryPoint","urlTemplate":"https:\/\/computaex.es\/?s={search_term_string}"},"query-input":{"@type":"PropertyValueSpecification","valueRequired":true,"valueName":"search_term_string"}}],"inLanguage":"en-US"},{"@type":"Organization","@id":"https:\/\/computaex.es\/#organization","name":"COMPUTAEX","url":"https:\/\/computaex.es\/","logo":{"@type":"ImageObject","inLanguage":"en-US","@id":"https:\/\/computaex.es\/#\/schema\/logo\/image\/","url":"https:\/\/computaex.es\/wp-content\/uploads\/2025\/05\/cropped-COMPUTAEX_transparente-scaled-1.png","contentUrl":"https:\/\/computaex.es\/wp-content\/uploads\/2025\/05\/cropped-COMPUTAEX_transparente-scaled-1.png","width":2560,"height":970,"caption":"COMPUTAEX"},"image":{"@id":"https:\/\/computaex.es\/#\/schema\/logo\/image\/"},"sameAs":["https:\/\/m.facebook.com\/computaex\/","https:\/\/x.com\/computaex","https:\/\/es.linkedin.com\/company\/cenits"]}]}},"_links":{"self":[{"href":"https:\/\/computaex.es\/en\/wp-json\/wp\/v2\/pages\/6673","targetHints":{"allow":["GET"]}}],"collection":[{"href":"https:\/\/computaex.es\/en\/wp-json\/wp\/v2\/pages"}],"about":[{"href":"https:\/\/computaex.es\/en\/wp-json\/wp\/v2\/types\/page"}],"author":[{"embeddable":true,"href":"https:\/\/computaex.es\/en\/wp-json\/wp\/v2\/users\/1"}],"replies":[{"embeddable":true,"href":"https:\/\/computaex.es\/en\/wp-json\/wp\/v2\/comments?post=6673"}],"version-history":[{"count":2,"href":"https:\/\/computaex.es\/en\/wp-json\/wp\/v2\/pages\/6673\/revisions"}],"predecessor-version":[{"id":6807,"href":"https:\/\/computaex.es\/en\/wp-json\/wp\/v2\/pages\/6673\/revisions\/6807"}],"wp:attachment":[{"href":"https:\/\/computaex.es\/en\/wp-json\/wp\/v2\/media?parent=6673"}],"wp:term":[{"taxonomy":"category","embeddable":true,"href":"https:\/\/computaex.es\/en\/wp-json\/wp\/v2\/categories?post=6673"},{"taxonomy":"post_tag","embeddable":true,"href":"https:\/\/computaex.es\/en\/wp-json\/wp\/v2\/tags?post=6673"}],"curies":[{"name":"wp","href":"https:\/\/api.w.org\/{rel}","templated":true}]}}