{"id":6697,"date":"2025-01-28T12:24:13","date_gmt":"2025-01-28T11:24:13","guid":{"rendered":"http:\/\/10.128.3.28\/?page_id=6697"},"modified":"2025-01-29T08:48:58","modified_gmt":"2025-01-29T07:48:58","slug":"jornada-de-transferencia-de-tecnologias-de-la-informacion-y-las-comunicaciones-desarrolladas-en-extremadura","status":"publish","type":"page","link":"https:\/\/computaex.es\/en\/jornada-de-transferencia-de-tecnologias-de-la-informacion-y-las-comunicaciones-desarrolladas-en-extremadura\/","title":{"rendered":"Jornada de Transferencia de Tecnolog\u00edas de la Informaci\u00f3n y las Comunicaciones desarrolladas en Extremadura"},"content":{"rendered":"<div class=\"field field-name-field-fecha-evento field-type-datetime field-label-hidden\">\n<div class=\"field-items\">\n<div class=\"field-item even\"><span class=\"date-display-single\">Jueves 29 de Septiembre de 2011, 09:45 horas.<\/span><\/div>\n<\/div>\n<\/div>\n<div class=\"field field-name-body field-type-text-with-summary field-label-hidden\">\n<div class=\"field-items\">\n<div class=\"field-item even\">\n<p><a href=\"http:\/\/fundecyt.es\/\">FUNDECYT<\/a>\u00a0organiza la \u00ab<strong>Jornada de Transferencia de Tecnolog\u00edas de la Informaci\u00f3n y las Comunicaciones desarrolladas en Extremadura<\/strong>\u00ab, en el marco del\u00a0<strong>Plan Cytex II<\/strong>\u00a0(Plan Estrat\u00e9gico de Transferencia Tecnol\u00f3gica y Dinamizaci\u00f3n de la Ciencia en Extremadura).<\/p>\n<p>Las jornadas se celebrar\u00e1n en la sede de FUNDECYT (Edificio Almuzaffar, Calle Montesinos, 28, Badajoz, 06002).<\/p>\n<p>M\u00e1s informaci\u00f3n:<\/p>\n<ul>\n<li><a href=\"http:\/\/fundecyt.es\/index.php?pagina=agenda&amp;evento=21\">http:\/\/fundecyt.es\/index.php?pagina=agenda&amp;evento=21<\/a><\/li>\n<\/ul>\n<p>Noticia relacionada:<\/p>\n<ul>\n<li><a href=\"\/en\/participaciones\/la-fundacion-computaex-participa-en-la-jornada-de-transferencia-de-tecnologias-de-la-informacion-y-las-comunicaciones-desarrolladas-en-extremadura\/\">La Fundaci\u00f3n COMPUTAEX participa en la \u00abJornada de Transferencia de Tecnolog\u00edas de la Informaci\u00f3n y las Comunicaciones desarrolladas en Extremadura\u00bb<\/a><\/li>\n<\/ul>\n<\/div>\n<\/div>\n<\/div>\n<div class=\"field field-name-taxonomy-vocabulary-8 field-type-taxonomy-term-reference field-label-hidden\">\n<div class=\"field-items\">\n<div class=\"field-item even\"><a href=\"\/en\/jornadas\/\">Seminars<\/a><\/div>\n<div class=\"field-item odd\"><a href=\"\/en\/ponentes\/\">Speakers<\/a><\/div>\n<\/div>\n<\/div>","protected":false},"excerpt":{"rendered":"<p>Jueves 29 de Septiembre de 2011, 09:45 horas. FUNDECYT\u00a0organiza la \u00abJornada de Transferencia de Tecnolog\u00edas de la Informaci\u00f3n y las Comunicaciones desarrolladas en Extremadura\u00ab, en el marco del\u00a0Plan Cytex II\u00a0(Plan &#8230;<\/p>","protected":false},"author":1,"featured_media":0,"parent":0,"menu_order":0,"comment_status":"closed","ping_status":"closed","template":"","meta":{"footnotes":""},"categories":[93,96],"class_list":["post-6697","page","type-page","status-publish","hentry","category-jornadas","category-ponentes"],"yoast_head":"<!-- This site is optimized with the Yoast SEO plugin v27.1.1 - https:\/\/yoast.com\/product\/yoast-seo-wordpress\/ -->\n<title>Jornada de Transferencia de Tecnolog\u00edas de la Informaci\u00f3n y las Comunicaciones desarrolladas en Extremadura - Fundaci\u00f3n COMPUTAEX<\/title>\n<meta name=\"robots\" content=\"index, follow, max-snippet:-1, max-image-preview:large, max-video-preview:-1\" \/>\n<link rel=\"canonical\" href=\"https:\/\/computaex.es\/en\/jornada-de-transferencia-de-tecnologias-de-la-informacion-y-las-comunicaciones-desarrolladas-en-extremadura\/\" \/>\n<meta property=\"og:locale\" content=\"en_US\" \/>\n<meta property=\"og:type\" content=\"article\" \/>\n<meta property=\"og:title\" content=\"Jornada de Transferencia de Tecnolog\u00edas de la Informaci\u00f3n y las Comunicaciones desarrolladas en Extremadura - Fundaci\u00f3n COMPUTAEX\" \/>\n<meta property=\"og:description\" content=\"Jueves 29 de Septiembre de 2011, 09:45 horas. FUNDECYT\u00a0organiza la \u00abJornada de Transferencia de Tecnolog\u00edas de la Informaci\u00f3n y las Comunicaciones desarrolladas en Extremadura\u00ab, en el marco del\u00a0Plan Cytex II\u00a0(Plan ...\" \/>\n<meta property=\"og:url\" content=\"https:\/\/computaex.es\/en\/jornada-de-transferencia-de-tecnologias-de-la-informacion-y-las-comunicaciones-desarrolladas-en-extremadura\/\" \/>\n<meta property=\"og:site_name\" content=\"Fundaci\u00f3n COMPUTAEX\" \/>\n<meta property=\"article:publisher\" content=\"https:\/\/m.facebook.com\/computaex\/\" \/>\n<meta property=\"article:modified_time\" content=\"2025-01-29T07:48:58+00:00\" \/>\n<meta property=\"og:image\" content=\"https:\/\/computaex.es\/wp-content\/uploads\/2025\/08\/COMPUTAEX.jpg\" \/>\n\t<meta property=\"og:image:width\" content=\"1024\" \/>\n\t<meta property=\"og:image:height\" content=\"403\" \/>\n\t<meta property=\"og:image:type\" content=\"image\/jpeg\" \/>\n<meta name=\"twitter:card\" content=\"summary_large_image\" \/>\n<meta name=\"twitter:site\" content=\"@computaex\" \/>\n<meta name=\"twitter:label1\" content=\"Est. reading time\" \/>\n\t<meta name=\"twitter:data1\" content=\"1 minute\" \/>\n<script type=\"application\/ld+json\" class=\"yoast-schema-graph\">{\"@context\":\"https:\/\/schema.org\",\"@graph\":[{\"@type\":\"WebPage\",\"@id\":\"https:\/\/computaex.es\/jornada-de-transferencia-de-tecnologias-de-la-informacion-y-las-comunicaciones-desarrolladas-en-extremadura\/\",\"url\":\"https:\/\/computaex.es\/jornada-de-transferencia-de-tecnologias-de-la-informacion-y-las-comunicaciones-desarrolladas-en-extremadura\/\",\"name\":\"Jornada de Transferencia de Tecnolog\u00edas de la Informaci\u00f3n y las Comunicaciones desarrolladas en Extremadura - Fundaci\u00f3n COMPUTAEX\",\"isPartOf\":{\"@id\":\"https:\/\/computaex.es\/#website\"},\"datePublished\":\"2025-01-28T11:24:13+00:00\",\"dateModified\":\"2025-01-29T07:48:58+00:00\",\"breadcrumb\":{\"@id\":\"https:\/\/computaex.es\/jornada-de-transferencia-de-tecnologias-de-la-informacion-y-las-comunicaciones-desarrolladas-en-extremadura\/#breadcrumb\"},\"inLanguage\":\"en-US\",\"potentialAction\":[{\"@type\":\"ReadAction\",\"target\":[\"https:\/\/computaex.es\/jornada-de-transferencia-de-tecnologias-de-la-informacion-y-las-comunicaciones-desarrolladas-en-extremadura\/\"]}]},{\"@type\":\"BreadcrumbList\",\"@id\":\"https:\/\/computaex.es\/jornada-de-transferencia-de-tecnologias-de-la-informacion-y-las-comunicaciones-desarrolladas-en-extremadura\/#breadcrumb\",\"itemListElement\":[{\"@type\":\"ListItem\",\"position\":1,\"name\":\"Portada\",\"item\":\"https:\/\/computaex.es\/\"},{\"@type\":\"ListItem\",\"position\":2,\"name\":\"Jornada de Transferencia de Tecnolog\u00edas de la Informaci\u00f3n y las Comunicaciones desarrolladas en Extremadura\"}]},{\"@type\":\"WebSite\",\"@id\":\"https:\/\/computaex.es\/#website\",\"url\":\"https:\/\/computaex.es\/\",\"name\":\"Fundaci\u00f3n COMPUTAEX\",\"description\":\"COMPUTAEX\",\"publisher\":{\"@id\":\"https:\/\/computaex.es\/#organization\"},\"potentialAction\":[{\"@type\":\"SearchAction\",\"target\":{\"@type\":\"EntryPoint\",\"urlTemplate\":\"https:\/\/computaex.es\/?s={search_term_string}\"},\"query-input\":{\"@type\":\"PropertyValueSpecification\",\"valueRequired\":true,\"valueName\":\"search_term_string\"}}],\"inLanguage\":\"en-US\"},{\"@type\":\"Organization\",\"@id\":\"https:\/\/computaex.es\/#organization\",\"name\":\"COMPUTAEX\",\"url\":\"https:\/\/computaex.es\/\",\"logo\":{\"@type\":\"ImageObject\",\"inLanguage\":\"en-US\",\"@id\":\"https:\/\/computaex.es\/#\/schema\/logo\/image\/\",\"url\":\"https:\/\/computaex.es\/wp-content\/uploads\/2025\/05\/cropped-COMPUTAEX_transparente-scaled-1.png\",\"contentUrl\":\"https:\/\/computaex.es\/wp-content\/uploads\/2025\/05\/cropped-COMPUTAEX_transparente-scaled-1.png\",\"width\":2560,\"height\":970,\"caption\":\"COMPUTAEX\"},\"image\":{\"@id\":\"https:\/\/computaex.es\/#\/schema\/logo\/image\/\"},\"sameAs\":[\"https:\/\/m.facebook.com\/computaex\/\",\"https:\/\/x.com\/computaex\",\"https:\/\/es.linkedin.com\/company\/cenits\"]}]}<\/script>\n<!-- \/ Yoast SEO plugin. -->","yoast_head_json":{"title":"Jornada de Transferencia de Tecnolog\u00edas de la Informaci\u00f3n y las Comunicaciones desarrolladas en Extremadura - Fundaci\u00f3n COMPUTAEX","robots":{"index":"index","follow":"follow","max-snippet":"max-snippet:-1","max-image-preview":"max-image-preview:large","max-video-preview":"max-video-preview:-1"},"canonical":"https:\/\/computaex.es\/en\/jornada-de-transferencia-de-tecnologias-de-la-informacion-y-las-comunicaciones-desarrolladas-en-extremadura\/","og_locale":"en_US","og_type":"article","og_title":"Jornada de Transferencia de Tecnolog\u00edas de la Informaci\u00f3n y las Comunicaciones desarrolladas en Extremadura - Fundaci\u00f3n COMPUTAEX","og_description":"Jueves 29 de Septiembre de 2011, 09:45 horas. FUNDECYT\u00a0organiza la \u00abJornada de Transferencia de Tecnolog\u00edas de la Informaci\u00f3n y las Comunicaciones desarrolladas en Extremadura\u00ab, en el marco del\u00a0Plan Cytex II\u00a0(Plan ...","og_url":"https:\/\/computaex.es\/en\/jornada-de-transferencia-de-tecnologias-de-la-informacion-y-las-comunicaciones-desarrolladas-en-extremadura\/","og_site_name":"Fundaci\u00f3n COMPUTAEX","article_publisher":"https:\/\/m.facebook.com\/computaex\/","article_modified_time":"2025-01-29T07:48:58+00:00","og_image":[{"width":1024,"height":403,"url":"https:\/\/computaex.es\/wp-content\/uploads\/2025\/08\/COMPUTAEX.jpg","type":"image\/jpeg"}],"twitter_card":"summary_large_image","twitter_site":"@computaex","twitter_misc":{"Est. reading time":"1 minute"},"schema":{"@context":"https:\/\/schema.org","@graph":[{"@type":"WebPage","@id":"https:\/\/computaex.es\/jornada-de-transferencia-de-tecnologias-de-la-informacion-y-las-comunicaciones-desarrolladas-en-extremadura\/","url":"https:\/\/computaex.es\/jornada-de-transferencia-de-tecnologias-de-la-informacion-y-las-comunicaciones-desarrolladas-en-extremadura\/","name":"Jornada de Transferencia de Tecnolog\u00edas de la Informaci\u00f3n y las Comunicaciones desarrolladas en Extremadura - Fundaci\u00f3n COMPUTAEX","isPartOf":{"@id":"https:\/\/computaex.es\/#website"},"datePublished":"2025-01-28T11:24:13+00:00","dateModified":"2025-01-29T07:48:58+00:00","breadcrumb":{"@id":"https:\/\/computaex.es\/jornada-de-transferencia-de-tecnologias-de-la-informacion-y-las-comunicaciones-desarrolladas-en-extremadura\/#breadcrumb"},"inLanguage":"en-US","potentialAction":[{"@type":"ReadAction","target":["https:\/\/computaex.es\/jornada-de-transferencia-de-tecnologias-de-la-informacion-y-las-comunicaciones-desarrolladas-en-extremadura\/"]}]},{"@type":"BreadcrumbList","@id":"https:\/\/computaex.es\/jornada-de-transferencia-de-tecnologias-de-la-informacion-y-las-comunicaciones-desarrolladas-en-extremadura\/#breadcrumb","itemListElement":[{"@type":"ListItem","position":1,"name":"Portada","item":"https:\/\/computaex.es\/"},{"@type":"ListItem","position":2,"name":"Jornada de Transferencia de Tecnolog\u00edas de la Informaci\u00f3n y las Comunicaciones desarrolladas en Extremadura"}]},{"@type":"WebSite","@id":"https:\/\/computaex.es\/#website","url":"https:\/\/computaex.es\/","name":"COMPUTAEX Foundation","description":"COMPUTAEX","publisher":{"@id":"https:\/\/computaex.es\/#organization"},"potentialAction":[{"@type":"SearchAction","target":{"@type":"EntryPoint","urlTemplate":"https:\/\/computaex.es\/?s={search_term_string}"},"query-input":{"@type":"PropertyValueSpecification","valueRequired":true,"valueName":"search_term_string"}}],"inLanguage":"en-US"},{"@type":"Organization","@id":"https:\/\/computaex.es\/#organization","name":"COMPUTAEX","url":"https:\/\/computaex.es\/","logo":{"@type":"ImageObject","inLanguage":"en-US","@id":"https:\/\/computaex.es\/#\/schema\/logo\/image\/","url":"https:\/\/computaex.es\/wp-content\/uploads\/2025\/05\/cropped-COMPUTAEX_transparente-scaled-1.png","contentUrl":"https:\/\/computaex.es\/wp-content\/uploads\/2025\/05\/cropped-COMPUTAEX_transparente-scaled-1.png","width":2560,"height":970,"caption":"COMPUTAEX"},"image":{"@id":"https:\/\/computaex.es\/#\/schema\/logo\/image\/"},"sameAs":["https:\/\/m.facebook.com\/computaex\/","https:\/\/x.com\/computaex","https:\/\/es.linkedin.com\/company\/cenits"]}]}},"_links":{"self":[{"href":"https:\/\/computaex.es\/en\/wp-json\/wp\/v2\/pages\/6697","targetHints":{"allow":["GET"]}}],"collection":[{"href":"https:\/\/computaex.es\/en\/wp-json\/wp\/v2\/pages"}],"about":[{"href":"https:\/\/computaex.es\/en\/wp-json\/wp\/v2\/types\/page"}],"author":[{"embeddable":true,"href":"https:\/\/computaex.es\/en\/wp-json\/wp\/v2\/users\/1"}],"replies":[{"embeddable":true,"href":"https:\/\/computaex.es\/en\/wp-json\/wp\/v2\/comments?post=6697"}],"version-history":[{"count":2,"href":"https:\/\/computaex.es\/en\/wp-json\/wp\/v2\/pages\/6697\/revisions"}],"predecessor-version":[{"id":6808,"href":"https:\/\/computaex.es\/en\/wp-json\/wp\/v2\/pages\/6697\/revisions\/6808"}],"wp:attachment":[{"href":"https:\/\/computaex.es\/en\/wp-json\/wp\/v2\/media?parent=6697"}],"wp:term":[{"taxonomy":"category","embeddable":true,"href":"https:\/\/computaex.es\/en\/wp-json\/wp\/v2\/categories?post=6697"}],"curies":[{"name":"wp","href":"https:\/\/api.w.org\/{rel}","templated":true}]}}