{"id":6699,"date":"2025-01-28T12:24:51","date_gmt":"2025-01-28T11:24:51","guid":{"rendered":"http:\/\/10.128.3.28\/?page_id=6699"},"modified":"2025-01-29T08:52:33","modified_gmt":"2025-01-29T07:52:33","slug":"gestion-de-servicios-ti-una-via-al-exito-y-a-la-excelencia","status":"publish","type":"page","link":"https:\/\/computaex.es\/en\/gestion-de-servicios-ti-una-via-al-exito-y-a-la-excelencia\/","title":{"rendered":"Gesti\u00f3n de servicios TI: una v\u00eda al \u00e9xito y a la excelencia"},"content":{"rendered":"<div class=\"field field-name-field-fecha-evento field-type-datetime field-label-hidden\">\n<div class=\"field-items\">\n<div class=\"field-item even\"><span class=\"date-display-single\">Jueves 31 de Marzo de 2011, 09:00 horas.<\/span><\/div>\n<\/div>\n<\/div>\n<div class=\"field field-name-body field-type-text-with-summary field-label-hidden\">\n<div class=\"field-items\">\n<div class=\"field-item even\">\n<p>El Comit\u00e9 Extreme\u00f1o de\u00a0<a href=\"http:\/\/www.itsmf.es\/\">itSMF<\/a>\u00a0Espa\u00f1a organizar\u00e1 en M\u00e9rida la Jornada \u00ab<strong>Gesti\u00f3n de servicios TI: una v\u00eda al \u00e9xito y la excelencia<\/strong>\u00ab.<\/p>\n<p>Esta jornada pretende contribuir a la creaci\u00f3n y difusi\u00f3n de conocimientos entre profesionales extreme\u00f1os de\u00a0<strong>Tecnolog\u00edas de la Informaci\u00f3n<\/strong>, promocionar las buenas pr\u00e1cticas de gesti\u00f3n de servicios TI entre empresas, universidad y administraciones p\u00fablicas, as\u00ed como contribuir al desarrollo y cohesi\u00f3n de una comunidad profesional en torno al\u00a0<strong>IT Service Management<\/strong>.<\/p>\n<ul>\n<li>09:00 &#8211; Recepci\u00f3n, registro y entrega de documentaci\u00f3n.<\/li>\n<li>09:30 &#8211; Apertura del congreso por Miguel Mac\u00edas Mac\u00edas, Carmen Garc\u00eda Gonz\u00e1lez, Fernando Jaramillo Polo, \u00d3scar Garc\u00eda Sas y Jesus Alonso S\u00e1nchez.<\/li>\n<li>10:00 &#8211; Entendiendo el gobierno TIC o c\u00f3mo ver el \u00abelefante\u00bb completo. Antonio Folgueras (Universidad Carlos III Madrid, Director Adjunto de itSMF).<\/li>\n<li>10:45 &#8211; La norma ISO 20000: Los servicios TIC certificados. Carlos Manuel Fern\u00e1ndez (AENOR).<\/li>\n<li>11:30 &#8211; Pausa para caf\u00e9 y networking<\/li>\n<li>12:00 &#8211; Presentaci\u00f3n del comit\u00e9 prISM de itSMF. Ricardo Pons (Director Adjunto itSMF).<\/li>\n<li>12:10 &#8211; Transformaci\u00f3n de los sistemas de Informaci\u00f3n del Servicio Extreme\u00f1o de Salud. Santiago Thovar Bermejo (Subdirector de Sistemas del Servicio Extreme\u00f1o de Salud).<\/li>\n<li>12:45 &#8211; Servicios TIC del Centro Tecnol\u00f3gico de FEVAL: Un camino a la gesti\u00f3n integrada de servicios. Gabriel Bl\u00e1zquez Guerra (Director de \u00c1rea TIC, Instituci\u00f3n Ferial de Extremadura).<\/li>\n<li>13:30 &#8211; Mesa de debate: Metodologia y buenas pr\u00e1cticas TIC: Modera: Marlon Molina (CEO de Tecnofor). Intervienen: Ricard Pons (IBM Executive Consultant), Juan Manuel Murillo Rodr\u00edguez (Universidad de Extremadura), Ivan Izaguirre Cangas (Consultor T\u00e9cnico en Adriadnex) y Jose Lu\u00eds Gonz\u00e1lez S\u00e1nchez (Director General de la Fundaci\u00f3n COMPUTAEX).<\/li>\n<li>14:15 &#8211; Clausura y cocktail.<\/li>\n<\/ul>\n<p>M\u00e1s informaci\u00f3n:<\/p>\n<ul>\n<li><a href=\"http:\/\/www.itsmf.es\/index.php?option=com_content&amp;view=article&amp;id=474:jornada-extremadura-31-de-marzo-2011&amp;catid=79:noticias&amp;Itemid=401\">http:\/\/www.itsmf.es\/index.php?option=com_content&amp;view=article&amp;id=474:jor&#8230;<\/a><\/li>\n<\/ul>\n<\/div>\n<\/div>\n<\/div>\n<div class=\"field field-name-taxonomy-vocabulary-8 field-type-taxonomy-term-reference field-label-hidden\">\n<div class=\"field-items\">\n<div class=\"field-item even\"><a href=\"\/en\/jornadas\/\">Seminars<\/a><\/div>\n<div class=\"field-item odd\"><a href=\"\/en\/ponentes\/\">Speakers<\/a><\/div>\n<\/div>\n<\/div>","protected":false},"excerpt":{"rendered":"<p>Jueves 31 de Marzo de 2011, 09:00 horas. El Comit\u00e9 Extreme\u00f1o de\u00a0itSMF\u00a0Espa\u00f1a organizar\u00e1 en M\u00e9rida la Jornada \u00abGesti\u00f3n de servicios TI: una v\u00eda al \u00e9xito y la excelencia\u00ab. Esta jornada &#8230;<\/p>","protected":false},"author":1,"featured_media":0,"parent":0,"menu_order":0,"comment_status":"closed","ping_status":"closed","template":"","meta":{"footnotes":""},"categories":[93,96],"class_list":["post-6699","page","type-page","status-publish","hentry","category-jornadas","category-ponentes"],"yoast_head":"<!-- This site is optimized with the Yoast SEO plugin v27.1.1 - https:\/\/yoast.com\/product\/yoast-seo-wordpress\/ -->\n<title>Gesti\u00f3n de servicios TI: una v\u00eda al \u00e9xito y a la excelencia - Fundaci\u00f3n COMPUTAEX<\/title>\n<meta name=\"robots\" content=\"index, follow, max-snippet:-1, max-image-preview:large, max-video-preview:-1\" \/>\n<link rel=\"canonical\" href=\"https:\/\/computaex.es\/en\/gestion-de-servicios-ti-una-via-al-exito-y-a-la-excelencia\/\" \/>\n<meta property=\"og:locale\" content=\"en_US\" \/>\n<meta property=\"og:type\" content=\"article\" \/>\n<meta property=\"og:title\" content=\"Gesti\u00f3n de servicios TI: una v\u00eda al \u00e9xito y a la excelencia - Fundaci\u00f3n COMPUTAEX\" \/>\n<meta property=\"og:description\" content=\"Jueves 31 de Marzo de 2011, 09:00 horas. El Comit\u00e9 Extreme\u00f1o de\u00a0itSMF\u00a0Espa\u00f1a organizar\u00e1 en M\u00e9rida la Jornada \u00abGesti\u00f3n de servicios TI: una v\u00eda al \u00e9xito y la excelencia\u00ab. Esta jornada ...\" \/>\n<meta property=\"og:url\" content=\"https:\/\/computaex.es\/en\/gestion-de-servicios-ti-una-via-al-exito-y-a-la-excelencia\/\" \/>\n<meta property=\"og:site_name\" content=\"Fundaci\u00f3n COMPUTAEX\" \/>\n<meta property=\"article:publisher\" content=\"https:\/\/m.facebook.com\/computaex\/\" \/>\n<meta property=\"article:modified_time\" content=\"2025-01-29T07:52:33+00:00\" \/>\n<meta property=\"og:image\" content=\"https:\/\/computaex.es\/wp-content\/uploads\/2025\/08\/COMPUTAEX.jpg\" \/>\n\t<meta property=\"og:image:width\" content=\"1024\" \/>\n\t<meta property=\"og:image:height\" content=\"403\" \/>\n\t<meta property=\"og:image:type\" content=\"image\/jpeg\" \/>\n<meta name=\"twitter:card\" content=\"summary_large_image\" \/>\n<meta name=\"twitter:site\" content=\"@computaex\" \/>\n<meta name=\"twitter:label1\" content=\"Est. reading time\" \/>\n\t<meta name=\"twitter:data1\" content=\"2 minutes\" \/>\n<script type=\"application\/ld+json\" class=\"yoast-schema-graph\">{\"@context\":\"https:\/\/schema.org\",\"@graph\":[{\"@type\":\"WebPage\",\"@id\":\"https:\/\/computaex.es\/gestion-de-servicios-ti-una-via-al-exito-y-a-la-excelencia\/\",\"url\":\"https:\/\/computaex.es\/gestion-de-servicios-ti-una-via-al-exito-y-a-la-excelencia\/\",\"name\":\"Gesti\u00f3n de servicios TI: una v\u00eda al \u00e9xito y a la excelencia - Fundaci\u00f3n COMPUTAEX\",\"isPartOf\":{\"@id\":\"https:\/\/computaex.es\/#website\"},\"datePublished\":\"2025-01-28T11:24:51+00:00\",\"dateModified\":\"2025-01-29T07:52:33+00:00\",\"breadcrumb\":{\"@id\":\"https:\/\/computaex.es\/gestion-de-servicios-ti-una-via-al-exito-y-a-la-excelencia\/#breadcrumb\"},\"inLanguage\":\"en-US\",\"potentialAction\":[{\"@type\":\"ReadAction\",\"target\":[\"https:\/\/computaex.es\/gestion-de-servicios-ti-una-via-al-exito-y-a-la-excelencia\/\"]}]},{\"@type\":\"BreadcrumbList\",\"@id\":\"https:\/\/computaex.es\/gestion-de-servicios-ti-una-via-al-exito-y-a-la-excelencia\/#breadcrumb\",\"itemListElement\":[{\"@type\":\"ListItem\",\"position\":1,\"name\":\"Portada\",\"item\":\"https:\/\/computaex.es\/\"},{\"@type\":\"ListItem\",\"position\":2,\"name\":\"Gesti\u00f3n de servicios TI: una v\u00eda al \u00e9xito y a la excelencia\"}]},{\"@type\":\"WebSite\",\"@id\":\"https:\/\/computaex.es\/#website\",\"url\":\"https:\/\/computaex.es\/\",\"name\":\"Fundaci\u00f3n COMPUTAEX\",\"description\":\"COMPUTAEX\",\"publisher\":{\"@id\":\"https:\/\/computaex.es\/#organization\"},\"potentialAction\":[{\"@type\":\"SearchAction\",\"target\":{\"@type\":\"EntryPoint\",\"urlTemplate\":\"https:\/\/computaex.es\/?s={search_term_string}\"},\"query-input\":{\"@type\":\"PropertyValueSpecification\",\"valueRequired\":true,\"valueName\":\"search_term_string\"}}],\"inLanguage\":\"en-US\"},{\"@type\":\"Organization\",\"@id\":\"https:\/\/computaex.es\/#organization\",\"name\":\"COMPUTAEX\",\"url\":\"https:\/\/computaex.es\/\",\"logo\":{\"@type\":\"ImageObject\",\"inLanguage\":\"en-US\",\"@id\":\"https:\/\/computaex.es\/#\/schema\/logo\/image\/\",\"url\":\"https:\/\/computaex.es\/wp-content\/uploads\/2025\/05\/cropped-COMPUTAEX_transparente-scaled-1.png\",\"contentUrl\":\"https:\/\/computaex.es\/wp-content\/uploads\/2025\/05\/cropped-COMPUTAEX_transparente-scaled-1.png\",\"width\":2560,\"height\":970,\"caption\":\"COMPUTAEX\"},\"image\":{\"@id\":\"https:\/\/computaex.es\/#\/schema\/logo\/image\/\"},\"sameAs\":[\"https:\/\/m.facebook.com\/computaex\/\",\"https:\/\/x.com\/computaex\",\"https:\/\/es.linkedin.com\/company\/cenits\"]}]}<\/script>\n<!-- \/ Yoast SEO plugin. -->","yoast_head_json":{"title":"Gesti\u00f3n de servicios TI: una v\u00eda al \u00e9xito y a la excelencia - Fundaci\u00f3n COMPUTAEX","robots":{"index":"index","follow":"follow","max-snippet":"max-snippet:-1","max-image-preview":"max-image-preview:large","max-video-preview":"max-video-preview:-1"},"canonical":"https:\/\/computaex.es\/en\/gestion-de-servicios-ti-una-via-al-exito-y-a-la-excelencia\/","og_locale":"en_US","og_type":"article","og_title":"Gesti\u00f3n de servicios TI: una v\u00eda al \u00e9xito y a la excelencia - Fundaci\u00f3n COMPUTAEX","og_description":"Jueves 31 de Marzo de 2011, 09:00 horas. El Comit\u00e9 Extreme\u00f1o de\u00a0itSMF\u00a0Espa\u00f1a organizar\u00e1 en M\u00e9rida la Jornada \u00abGesti\u00f3n de servicios TI: una v\u00eda al \u00e9xito y la excelencia\u00ab. Esta jornada ...","og_url":"https:\/\/computaex.es\/en\/gestion-de-servicios-ti-una-via-al-exito-y-a-la-excelencia\/","og_site_name":"Fundaci\u00f3n COMPUTAEX","article_publisher":"https:\/\/m.facebook.com\/computaex\/","article_modified_time":"2025-01-29T07:52:33+00:00","og_image":[{"width":1024,"height":403,"url":"https:\/\/computaex.es\/wp-content\/uploads\/2025\/08\/COMPUTAEX.jpg","type":"image\/jpeg"}],"twitter_card":"summary_large_image","twitter_site":"@computaex","twitter_misc":{"Est. reading time":"2 minutes"},"schema":{"@context":"https:\/\/schema.org","@graph":[{"@type":"WebPage","@id":"https:\/\/computaex.es\/gestion-de-servicios-ti-una-via-al-exito-y-a-la-excelencia\/","url":"https:\/\/computaex.es\/gestion-de-servicios-ti-una-via-al-exito-y-a-la-excelencia\/","name":"Gesti\u00f3n de servicios TI: una v\u00eda al \u00e9xito y a la excelencia - Fundaci\u00f3n COMPUTAEX","isPartOf":{"@id":"https:\/\/computaex.es\/#website"},"datePublished":"2025-01-28T11:24:51+00:00","dateModified":"2025-01-29T07:52:33+00:00","breadcrumb":{"@id":"https:\/\/computaex.es\/gestion-de-servicios-ti-una-via-al-exito-y-a-la-excelencia\/#breadcrumb"},"inLanguage":"en-US","potentialAction":[{"@type":"ReadAction","target":["https:\/\/computaex.es\/gestion-de-servicios-ti-una-via-al-exito-y-a-la-excelencia\/"]}]},{"@type":"BreadcrumbList","@id":"https:\/\/computaex.es\/gestion-de-servicios-ti-una-via-al-exito-y-a-la-excelencia\/#breadcrumb","itemListElement":[{"@type":"ListItem","position":1,"name":"Portada","item":"https:\/\/computaex.es\/"},{"@type":"ListItem","position":2,"name":"Gesti\u00f3n de servicios TI: una v\u00eda al \u00e9xito y a la excelencia"}]},{"@type":"WebSite","@id":"https:\/\/computaex.es\/#website","url":"https:\/\/computaex.es\/","name":"COMPUTAEX Foundation","description":"COMPUTAEX","publisher":{"@id":"https:\/\/computaex.es\/#organization"},"potentialAction":[{"@type":"SearchAction","target":{"@type":"EntryPoint","urlTemplate":"https:\/\/computaex.es\/?s={search_term_string}"},"query-input":{"@type":"PropertyValueSpecification","valueRequired":true,"valueName":"search_term_string"}}],"inLanguage":"en-US"},{"@type":"Organization","@id":"https:\/\/computaex.es\/#organization","name":"COMPUTAEX","url":"https:\/\/computaex.es\/","logo":{"@type":"ImageObject","inLanguage":"en-US","@id":"https:\/\/computaex.es\/#\/schema\/logo\/image\/","url":"https:\/\/computaex.es\/wp-content\/uploads\/2025\/05\/cropped-COMPUTAEX_transparente-scaled-1.png","contentUrl":"https:\/\/computaex.es\/wp-content\/uploads\/2025\/05\/cropped-COMPUTAEX_transparente-scaled-1.png","width":2560,"height":970,"caption":"COMPUTAEX"},"image":{"@id":"https:\/\/computaex.es\/#\/schema\/logo\/image\/"},"sameAs":["https:\/\/m.facebook.com\/computaex\/","https:\/\/x.com\/computaex","https:\/\/es.linkedin.com\/company\/cenits"]}]}},"_links":{"self":[{"href":"https:\/\/computaex.es\/en\/wp-json\/wp\/v2\/pages\/6699","targetHints":{"allow":["GET"]}}],"collection":[{"href":"https:\/\/computaex.es\/en\/wp-json\/wp\/v2\/pages"}],"about":[{"href":"https:\/\/computaex.es\/en\/wp-json\/wp\/v2\/types\/page"}],"author":[{"embeddable":true,"href":"https:\/\/computaex.es\/en\/wp-json\/wp\/v2\/users\/1"}],"replies":[{"embeddable":true,"href":"https:\/\/computaex.es\/en\/wp-json\/wp\/v2\/comments?post=6699"}],"version-history":[{"count":2,"href":"https:\/\/computaex.es\/en\/wp-json\/wp\/v2\/pages\/6699\/revisions"}],"predecessor-version":[{"id":6813,"href":"https:\/\/computaex.es\/en\/wp-json\/wp\/v2\/pages\/6699\/revisions\/6813"}],"wp:attachment":[{"href":"https:\/\/computaex.es\/en\/wp-json\/wp\/v2\/media?parent=6699"}],"wp:term":[{"taxonomy":"category","embeddable":true,"href":"https:\/\/computaex.es\/en\/wp-json\/wp\/v2\/categories?post=6699"}],"curies":[{"name":"wp","href":"https:\/\/api.w.org\/{rel}","templated":true}]}}