{"id":6746,"date":"2025-01-28T13:21:06","date_gmt":"2025-01-28T12:21:06","guid":{"rendered":"http:\/\/10.128.3.28\/?page_id=6746"},"modified":"2025-01-28T13:21:06","modified_gmt":"2025-01-28T12:21:06","slug":"w-fierro-2012","status":"publish","type":"page","link":"https:\/\/computaex.es\/en\/w-fierro-2012\/","title":{"rendered":"W-FIERRO 2012"},"content":{"rendered":"<div class=\"field field-name-field-fecha-evento field-type-datetime field-label-hidden\">\n<div class=\"field-items\">\n<div class=\"field-item even\"><span class=\"date-display-single\">Jueves 19 de Julio de 2012, 00:00 horas.<\/span><\/div>\n<\/div>\n<\/div>\n<div class=\"field field-name-body field-type-text-with-summary field-label-hidden\">\n<div class=\"field-items\">\n<div class=\"field-item even\">\n<p>El 2 \u00ba Congreso de \u00abInternet del Futuro: La eficiencia en redes de altas prestaciones\u00bb (W-FIERRO 2012) se llevar\u00e1 a cabo en Cartagena (Espa\u00f1a). El objetivo de la\u00a0<a title=\"FIERRO\" href=\"http:\/\/ait.upct.es\/fierro\/\">W-FIERRO<\/a>\u00a0es reunir a investigadores, ingenieros y profesionales que investigan en la evoluci\u00f3n de las redes de alta velocidad para la Internet del Futuro.<\/p>\n<p><strong>W-FIERRO<\/strong>\u00a0pone el foco en los desaf\u00edos tecnol\u00f3gicos que suponen las redes de altas prestaciones del Internet del futuro ante el crecimiento masivo de vol\u00famenes y variabilidad del tr\u00e1fico de aplicaciones de gran ancho de banda, como los servicios de TV de alta definici\u00f3n, los servicios m\u00f3viles multimedia y los servicios de cloud computing. La ineficiencia intr\u00ednseca de algunos de los esquemas de Internet actual, son una barrera para un despliegue masivo de estos servicios. En este sentido, la eficiencia en la red en cada capa no es un valor a\u00f1adido, sino un requisito indispensable para que la Internet del futuro posible.<\/p>\n<p>M\u00e1s informaci\u00f3n:<\/p>\n<ul>\n<li><a title=\"W-FIERRO 2012\" href=\"http:\/\/ait.upct.es\/fierro\/w-fierro\/2012\/index.php\">W-FIERRO 2012<\/a>.<\/li>\n<\/ul>\n<\/div>\n<\/div>\n<\/div>\n<div class=\"field field-name-taxonomy-vocabulary-8 field-type-taxonomy-term-reference field-label-hidden\">\n<div class=\"field-items\">\n<div class=\"field-item even\"><a href=\"\/en\/congresos\/\">Conferences<\/a><\/div>\n<div class=\"field-item odd\"><a href=\"\/en\/ponentes\/\">Speakers<\/a><\/div>\n<div class=\"field-item even\"><a href=\"\/en\/asistentes\/\">Asistentes<\/a><\/div>\n<\/div>\n<\/div>","protected":false},"excerpt":{"rendered":"<p>Jueves 19 de Julio de 2012, 00:00 horas. El 2 \u00ba Congreso de \u00abInternet del Futuro: La eficiencia en redes de altas prestaciones\u00bb (W-FIERRO 2012) se llevar\u00e1 a cabo en &#8230;<\/p>","protected":false},"author":1,"featured_media":0,"parent":0,"menu_order":0,"comment_status":"closed","ping_status":"closed","template":"","meta":{"footnotes":""},"categories":[95,98,96],"tags":[],"class_list":["post-6746","page","type-page","status-publish","hentry","category-asistentes","category-congresos","category-ponentes"],"yoast_head":"<!-- This site is optimized with the Yoast SEO plugin v27.1.1 - https:\/\/yoast.com\/product\/yoast-seo-wordpress\/ -->\n<title>W-FIERRO 2012 - Fundaci\u00f3n COMPUTAEX<\/title>\n<meta name=\"robots\" content=\"index, follow, max-snippet:-1, max-image-preview:large, max-video-preview:-1\" \/>\n<link rel=\"canonical\" href=\"https:\/\/computaex.es\/en\/w-fierro-2012\/\" \/>\n<meta property=\"og:locale\" content=\"en_US\" \/>\n<meta property=\"og:type\" content=\"article\" \/>\n<meta property=\"og:title\" content=\"W-FIERRO 2012 - Fundaci\u00f3n COMPUTAEX\" \/>\n<meta property=\"og:description\" content=\"Jueves 19 de Julio de 2012, 00:00 horas. El 2 \u00ba Congreso de \u00abInternet del Futuro: La eficiencia en redes de altas prestaciones\u00bb (W-FIERRO 2012) se llevar\u00e1 a cabo en ...\" \/>\n<meta property=\"og:url\" content=\"https:\/\/computaex.es\/en\/w-fierro-2012\/\" \/>\n<meta property=\"og:site_name\" content=\"Fundaci\u00f3n COMPUTAEX\" \/>\n<meta property=\"article:publisher\" content=\"https:\/\/m.facebook.com\/computaex\/\" \/>\n<meta property=\"og:image\" content=\"https:\/\/computaex.es\/wp-content\/uploads\/2025\/08\/COMPUTAEX.jpg\" \/>\n\t<meta property=\"og:image:width\" content=\"1024\" \/>\n\t<meta property=\"og:image:height\" content=\"403\" \/>\n\t<meta property=\"og:image:type\" content=\"image\/jpeg\" \/>\n<meta name=\"twitter:card\" content=\"summary_large_image\" \/>\n<meta name=\"twitter:site\" content=\"@computaex\" \/>\n<meta name=\"twitter:label1\" content=\"Est. reading time\" \/>\n\t<meta name=\"twitter:data1\" content=\"1 minute\" \/>\n<script type=\"application\/ld+json\" class=\"yoast-schema-graph\">{\"@context\":\"https:\/\/schema.org\",\"@graph\":[{\"@type\":\"WebPage\",\"@id\":\"https:\/\/computaex.es\/w-fierro-2012\/\",\"url\":\"https:\/\/computaex.es\/w-fierro-2012\/\",\"name\":\"W-FIERRO 2012 - Fundaci\u00f3n COMPUTAEX\",\"isPartOf\":{\"@id\":\"https:\/\/computaex.es\/#website\"},\"datePublished\":\"2025-01-28T12:21:06+00:00\",\"breadcrumb\":{\"@id\":\"https:\/\/computaex.es\/w-fierro-2012\/#breadcrumb\"},\"inLanguage\":\"en-US\",\"potentialAction\":[{\"@type\":\"ReadAction\",\"target\":[\"https:\/\/computaex.es\/w-fierro-2012\/\"]}]},{\"@type\":\"BreadcrumbList\",\"@id\":\"https:\/\/computaex.es\/w-fierro-2012\/#breadcrumb\",\"itemListElement\":[{\"@type\":\"ListItem\",\"position\":1,\"name\":\"Portada\",\"item\":\"https:\/\/computaex.es\/\"},{\"@type\":\"ListItem\",\"position\":2,\"name\":\"W-FIERRO 2012\"}]},{\"@type\":\"WebSite\",\"@id\":\"https:\/\/computaex.es\/#website\",\"url\":\"https:\/\/computaex.es\/\",\"name\":\"Fundaci\u00f3n COMPUTAEX\",\"description\":\"COMPUTAEX\",\"publisher\":{\"@id\":\"https:\/\/computaex.es\/#organization\"},\"potentialAction\":[{\"@type\":\"SearchAction\",\"target\":{\"@type\":\"EntryPoint\",\"urlTemplate\":\"https:\/\/computaex.es\/?s={search_term_string}\"},\"query-input\":{\"@type\":\"PropertyValueSpecification\",\"valueRequired\":true,\"valueName\":\"search_term_string\"}}],\"inLanguage\":\"en-US\"},{\"@type\":\"Organization\",\"@id\":\"https:\/\/computaex.es\/#organization\",\"name\":\"COMPUTAEX\",\"url\":\"https:\/\/computaex.es\/\",\"logo\":{\"@type\":\"ImageObject\",\"inLanguage\":\"en-US\",\"@id\":\"https:\/\/computaex.es\/#\/schema\/logo\/image\/\",\"url\":\"https:\/\/computaex.es\/wp-content\/uploads\/2025\/05\/cropped-COMPUTAEX_transparente-scaled-1.png\",\"contentUrl\":\"https:\/\/computaex.es\/wp-content\/uploads\/2025\/05\/cropped-COMPUTAEX_transparente-scaled-1.png\",\"width\":2560,\"height\":970,\"caption\":\"COMPUTAEX\"},\"image\":{\"@id\":\"https:\/\/computaex.es\/#\/schema\/logo\/image\/\"},\"sameAs\":[\"https:\/\/m.facebook.com\/computaex\/\",\"https:\/\/x.com\/computaex\",\"https:\/\/es.linkedin.com\/company\/cenits\"]}]}<\/script>\n<!-- \/ Yoast SEO plugin. -->","yoast_head_json":{"title":"W-FIERRO 2012 - Fundaci\u00f3n COMPUTAEX","robots":{"index":"index","follow":"follow","max-snippet":"max-snippet:-1","max-image-preview":"max-image-preview:large","max-video-preview":"max-video-preview:-1"},"canonical":"https:\/\/computaex.es\/en\/w-fierro-2012\/","og_locale":"en_US","og_type":"article","og_title":"W-FIERRO 2012 - Fundaci\u00f3n COMPUTAEX","og_description":"Jueves 19 de Julio de 2012, 00:00 horas. El 2 \u00ba Congreso de \u00abInternet del Futuro: La eficiencia en redes de altas prestaciones\u00bb (W-FIERRO 2012) se llevar\u00e1 a cabo en ...","og_url":"https:\/\/computaex.es\/en\/w-fierro-2012\/","og_site_name":"Fundaci\u00f3n COMPUTAEX","article_publisher":"https:\/\/m.facebook.com\/computaex\/","og_image":[{"width":1024,"height":403,"url":"https:\/\/computaex.es\/wp-content\/uploads\/2025\/08\/COMPUTAEX.jpg","type":"image\/jpeg"}],"twitter_card":"summary_large_image","twitter_site":"@computaex","twitter_misc":{"Est. reading time":"1 minute"},"schema":{"@context":"https:\/\/schema.org","@graph":[{"@type":"WebPage","@id":"https:\/\/computaex.es\/w-fierro-2012\/","url":"https:\/\/computaex.es\/w-fierro-2012\/","name":"W-FIERRO 2012 - Fundaci\u00f3n COMPUTAEX","isPartOf":{"@id":"https:\/\/computaex.es\/#website"},"datePublished":"2025-01-28T12:21:06+00:00","breadcrumb":{"@id":"https:\/\/computaex.es\/w-fierro-2012\/#breadcrumb"},"inLanguage":"en-US","potentialAction":[{"@type":"ReadAction","target":["https:\/\/computaex.es\/w-fierro-2012\/"]}]},{"@type":"BreadcrumbList","@id":"https:\/\/computaex.es\/w-fierro-2012\/#breadcrumb","itemListElement":[{"@type":"ListItem","position":1,"name":"Portada","item":"https:\/\/computaex.es\/"},{"@type":"ListItem","position":2,"name":"W-FIERRO 2012"}]},{"@type":"WebSite","@id":"https:\/\/computaex.es\/#website","url":"https:\/\/computaex.es\/","name":"COMPUTAEX Foundation","description":"COMPUTAEX","publisher":{"@id":"https:\/\/computaex.es\/#organization"},"potentialAction":[{"@type":"SearchAction","target":{"@type":"EntryPoint","urlTemplate":"https:\/\/computaex.es\/?s={search_term_string}"},"query-input":{"@type":"PropertyValueSpecification","valueRequired":true,"valueName":"search_term_string"}}],"inLanguage":"en-US"},{"@type":"Organization","@id":"https:\/\/computaex.es\/#organization","name":"COMPUTAEX","url":"https:\/\/computaex.es\/","logo":{"@type":"ImageObject","inLanguage":"en-US","@id":"https:\/\/computaex.es\/#\/schema\/logo\/image\/","url":"https:\/\/computaex.es\/wp-content\/uploads\/2025\/05\/cropped-COMPUTAEX_transparente-scaled-1.png","contentUrl":"https:\/\/computaex.es\/wp-content\/uploads\/2025\/05\/cropped-COMPUTAEX_transparente-scaled-1.png","width":2560,"height":970,"caption":"COMPUTAEX"},"image":{"@id":"https:\/\/computaex.es\/#\/schema\/logo\/image\/"},"sameAs":["https:\/\/m.facebook.com\/computaex\/","https:\/\/x.com\/computaex","https:\/\/es.linkedin.com\/company\/cenits"]}]}},"_links":{"self":[{"href":"https:\/\/computaex.es\/en\/wp-json\/wp\/v2\/pages\/6746","targetHints":{"allow":["GET"]}}],"collection":[{"href":"https:\/\/computaex.es\/en\/wp-json\/wp\/v2\/pages"}],"about":[{"href":"https:\/\/computaex.es\/en\/wp-json\/wp\/v2\/types\/page"}],"author":[{"embeddable":true,"href":"https:\/\/computaex.es\/en\/wp-json\/wp\/v2\/users\/1"}],"replies":[{"embeddable":true,"href":"https:\/\/computaex.es\/en\/wp-json\/wp\/v2\/comments?post=6746"}],"version-history":[{"count":1,"href":"https:\/\/computaex.es\/en\/wp-json\/wp\/v2\/pages\/6746\/revisions"}],"predecessor-version":[{"id":6747,"href":"https:\/\/computaex.es\/en\/wp-json\/wp\/v2\/pages\/6746\/revisions\/6747"}],"wp:attachment":[{"href":"https:\/\/computaex.es\/en\/wp-json\/wp\/v2\/media?parent=6746"}],"wp:term":[{"taxonomy":"category","embeddable":true,"href":"https:\/\/computaex.es\/en\/wp-json\/wp\/v2\/categories?post=6746"},{"taxonomy":"post_tag","embeddable":true,"href":"https:\/\/computaex.es\/en\/wp-json\/wp\/v2\/tags?post=6746"}],"curies":[{"name":"wp","href":"https:\/\/api.w.org\/{rel}","templated":true}]}}