{"id":6814,"date":"2025-01-29T08:53:34","date_gmt":"2025-01-29T07:53:34","guid":{"rendered":"http:\/\/10.128.3.28\/?page_id=6814"},"modified":"2025-01-29T08:53:34","modified_gmt":"2025-01-29T07:53:34","slug":"siti-aslan-2011","status":"publish","type":"page","link":"https:\/\/computaex.es\/en\/siti-aslan-2011\/","title":{"rendered":"SITI\/asLAN 2011"},"content":{"rendered":"<div class=\"field field-name-field-fecha-evento field-type-datetime field-label-hidden\">\n<div class=\"field-items\">\n<div class=\"field-item even\"><span class=\"date-display-single\">Martes 05 de Abril de 2011, 10:00 horas.<\/span><\/div>\n<\/div>\n<\/div>\n<div class=\"field field-name-body field-type-text-with-summary field-label-hidden\">\n<div class=\"field-items\">\n<div class=\"field-item even\">\n<p><a href=\"http:\/\/www.siti.es\/\">@asLAN<\/a>, la Asociaci\u00f3n de proveedores de sistemas de red y telecomunicaciones, organiza la 18\u00aa edici\u00f3n de SITI\/asLAN, la Feria para profesionales especializada en redes y tecnolog\u00edas convergentes.<\/p>\n<p>SITI\/asLAN&#8217;2011 le ofrece la oportunidad de disponer de una visi\u00f3n actualizada, r\u00e1pida y global de la Industria de las redes y tecnolog\u00edas convergentes en Espa\u00f1a, y de las posibilidades que pueden ofrecer a su Organizaci\u00f3n: innovaci\u00f3n, capacidad, confianza, productividad, eficiencia,&#8230;<\/p>\n<p>SITI\/asLAN&#8217;2011 girar\u00e1 en torno a los cambios y oportunidades que est\u00e1n generando fen\u00f3menos como la Virtualizaci\u00f3n, el CloudComputing y la concentraci\u00f3n en Centros de Datos en las 5 \u00e1reas tecnol\u00f3gicas en las que se estructura la feria: Soluciones IP, Seguridad, Movilidad, Banda Ancha y Servicios Gestionados.<\/p>\n<p>M\u00e1s informaci\u00f3n:<\/p>\n<ul>\n<li><a href=\"http:\/\/www.siti.es\/2011\/inicio_2011\">http:\/\/www.siti.es\/2011\/inicio_2011<\/a><\/li>\n<\/ul>\n<\/div>\n<\/div>\n<\/div>\n<div class=\"field field-name-taxonomy-vocabulary-8 field-type-taxonomy-term-reference field-label-hidden\">\n<div class=\"field-items\">\n<div class=\"field-item even\"><a href=\"\/en\/conferencias\/\">Conferencias<\/a><\/div>\n<div class=\"field-item odd\"><a href=\"\/en\/ponentes\/\">Speakers<\/a><\/div>\n<\/div>\n<\/div>","protected":false},"excerpt":{"rendered":"<p>Martes 05 de Abril de 2011, 10:00 horas. @asLAN, la Asociaci\u00f3n de proveedores de sistemas de red y telecomunicaciones, organiza la 18\u00aa edici\u00f3n de SITI\/asLAN, la Feria para profesionales especializada &#8230;<\/p>","protected":false},"author":1,"featured_media":0,"parent":0,"menu_order":0,"comment_status":"closed","ping_status":"closed","template":"","meta":{"footnotes":""},"categories":[97,96],"tags":[],"class_list":["post-6814","page","type-page","status-publish","hentry","category-conferencias","category-ponentes"],"yoast_head":"<!-- This site is optimized with the Yoast SEO plugin v27.1.1 - https:\/\/yoast.com\/product\/yoast-seo-wordpress\/ -->\n<title>SITI\/asLAN 2011 - Fundaci\u00f3n COMPUTAEX<\/title>\n<meta name=\"robots\" content=\"index, follow, max-snippet:-1, max-image-preview:large, max-video-preview:-1\" \/>\n<link rel=\"canonical\" href=\"https:\/\/computaex.es\/en\/siti-aslan-2011\/\" \/>\n<meta property=\"og:locale\" content=\"en_US\" \/>\n<meta property=\"og:type\" content=\"article\" \/>\n<meta property=\"og:title\" content=\"SITI\/asLAN 2011 - Fundaci\u00f3n COMPUTAEX\" \/>\n<meta property=\"og:description\" content=\"Martes 05 de Abril de 2011, 10:00 horas. @asLAN, la Asociaci\u00f3n de proveedores de sistemas de red y telecomunicaciones, organiza la 18\u00aa edici\u00f3n de SITI\/asLAN, la Feria para profesionales especializada ...\" \/>\n<meta property=\"og:url\" content=\"https:\/\/computaex.es\/en\/siti-aslan-2011\/\" \/>\n<meta property=\"og:site_name\" content=\"Fundaci\u00f3n COMPUTAEX\" \/>\n<meta property=\"article:publisher\" content=\"https:\/\/m.facebook.com\/computaex\/\" \/>\n<meta property=\"og:image\" content=\"https:\/\/computaex.es\/wp-content\/uploads\/2025\/08\/COMPUTAEX.jpg\" \/>\n\t<meta property=\"og:image:width\" content=\"1024\" \/>\n\t<meta property=\"og:image:height\" content=\"403\" \/>\n\t<meta property=\"og:image:type\" content=\"image\/jpeg\" \/>\n<meta name=\"twitter:card\" content=\"summary_large_image\" \/>\n<meta name=\"twitter:site\" content=\"@computaex\" \/>\n<meta name=\"twitter:label1\" content=\"Est. reading time\" \/>\n\t<meta name=\"twitter:data1\" content=\"1 minute\" \/>\n<script type=\"application\/ld+json\" class=\"yoast-schema-graph\">{\"@context\":\"https:\/\/schema.org\",\"@graph\":[{\"@type\":\"WebPage\",\"@id\":\"https:\/\/computaex.es\/siti-aslan-2011\/\",\"url\":\"https:\/\/computaex.es\/siti-aslan-2011\/\",\"name\":\"SITI\/asLAN 2011 - Fundaci\u00f3n COMPUTAEX\",\"isPartOf\":{\"@id\":\"https:\/\/computaex.es\/#website\"},\"datePublished\":\"2025-01-29T07:53:34+00:00\",\"breadcrumb\":{\"@id\":\"https:\/\/computaex.es\/siti-aslan-2011\/#breadcrumb\"},\"inLanguage\":\"en-US\",\"potentialAction\":[{\"@type\":\"ReadAction\",\"target\":[\"https:\/\/computaex.es\/siti-aslan-2011\/\"]}]},{\"@type\":\"BreadcrumbList\",\"@id\":\"https:\/\/computaex.es\/siti-aslan-2011\/#breadcrumb\",\"itemListElement\":[{\"@type\":\"ListItem\",\"position\":1,\"name\":\"Portada\",\"item\":\"https:\/\/computaex.es\/\"},{\"@type\":\"ListItem\",\"position\":2,\"name\":\"SITI\/asLAN 2011\"}]},{\"@type\":\"WebSite\",\"@id\":\"https:\/\/computaex.es\/#website\",\"url\":\"https:\/\/computaex.es\/\",\"name\":\"Fundaci\u00f3n COMPUTAEX\",\"description\":\"COMPUTAEX\",\"publisher\":{\"@id\":\"https:\/\/computaex.es\/#organization\"},\"potentialAction\":[{\"@type\":\"SearchAction\",\"target\":{\"@type\":\"EntryPoint\",\"urlTemplate\":\"https:\/\/computaex.es\/?s={search_term_string}\"},\"query-input\":{\"@type\":\"PropertyValueSpecification\",\"valueRequired\":true,\"valueName\":\"search_term_string\"}}],\"inLanguage\":\"en-US\"},{\"@type\":\"Organization\",\"@id\":\"https:\/\/computaex.es\/#organization\",\"name\":\"COMPUTAEX\",\"url\":\"https:\/\/computaex.es\/\",\"logo\":{\"@type\":\"ImageObject\",\"inLanguage\":\"en-US\",\"@id\":\"https:\/\/computaex.es\/#\/schema\/logo\/image\/\",\"url\":\"https:\/\/computaex.es\/wp-content\/uploads\/2025\/05\/cropped-COMPUTAEX_transparente-scaled-1.png\",\"contentUrl\":\"https:\/\/computaex.es\/wp-content\/uploads\/2025\/05\/cropped-COMPUTAEX_transparente-scaled-1.png\",\"width\":2560,\"height\":970,\"caption\":\"COMPUTAEX\"},\"image\":{\"@id\":\"https:\/\/computaex.es\/#\/schema\/logo\/image\/\"},\"sameAs\":[\"https:\/\/m.facebook.com\/computaex\/\",\"https:\/\/x.com\/computaex\",\"https:\/\/es.linkedin.com\/company\/cenits\"]}]}<\/script>\n<!-- \/ Yoast SEO plugin. -->","yoast_head_json":{"title":"SITI\/asLAN 2011 - Fundaci\u00f3n COMPUTAEX","robots":{"index":"index","follow":"follow","max-snippet":"max-snippet:-1","max-image-preview":"max-image-preview:large","max-video-preview":"max-video-preview:-1"},"canonical":"https:\/\/computaex.es\/en\/siti-aslan-2011\/","og_locale":"en_US","og_type":"article","og_title":"SITI\/asLAN 2011 - Fundaci\u00f3n COMPUTAEX","og_description":"Martes 05 de Abril de 2011, 10:00 horas. @asLAN, la Asociaci\u00f3n de proveedores de sistemas de red y telecomunicaciones, organiza la 18\u00aa edici\u00f3n de SITI\/asLAN, la Feria para profesionales especializada ...","og_url":"https:\/\/computaex.es\/en\/siti-aslan-2011\/","og_site_name":"Fundaci\u00f3n COMPUTAEX","article_publisher":"https:\/\/m.facebook.com\/computaex\/","og_image":[{"width":1024,"height":403,"url":"https:\/\/computaex.es\/wp-content\/uploads\/2025\/08\/COMPUTAEX.jpg","type":"image\/jpeg"}],"twitter_card":"summary_large_image","twitter_site":"@computaex","twitter_misc":{"Est. reading time":"1 minute"},"schema":{"@context":"https:\/\/schema.org","@graph":[{"@type":"WebPage","@id":"https:\/\/computaex.es\/siti-aslan-2011\/","url":"https:\/\/computaex.es\/siti-aslan-2011\/","name":"SITI\/asLAN 2011 - Fundaci\u00f3n COMPUTAEX","isPartOf":{"@id":"https:\/\/computaex.es\/#website"},"datePublished":"2025-01-29T07:53:34+00:00","breadcrumb":{"@id":"https:\/\/computaex.es\/siti-aslan-2011\/#breadcrumb"},"inLanguage":"en-US","potentialAction":[{"@type":"ReadAction","target":["https:\/\/computaex.es\/siti-aslan-2011\/"]}]},{"@type":"BreadcrumbList","@id":"https:\/\/computaex.es\/siti-aslan-2011\/#breadcrumb","itemListElement":[{"@type":"ListItem","position":1,"name":"Portada","item":"https:\/\/computaex.es\/"},{"@type":"ListItem","position":2,"name":"SITI\/asLAN 2011"}]},{"@type":"WebSite","@id":"https:\/\/computaex.es\/#website","url":"https:\/\/computaex.es\/","name":"COMPUTAEX Foundation","description":"COMPUTAEX","publisher":{"@id":"https:\/\/computaex.es\/#organization"},"potentialAction":[{"@type":"SearchAction","target":{"@type":"EntryPoint","urlTemplate":"https:\/\/computaex.es\/?s={search_term_string}"},"query-input":{"@type":"PropertyValueSpecification","valueRequired":true,"valueName":"search_term_string"}}],"inLanguage":"en-US"},{"@type":"Organization","@id":"https:\/\/computaex.es\/#organization","name":"COMPUTAEX","url":"https:\/\/computaex.es\/","logo":{"@type":"ImageObject","inLanguage":"en-US","@id":"https:\/\/computaex.es\/#\/schema\/logo\/image\/","url":"https:\/\/computaex.es\/wp-content\/uploads\/2025\/05\/cropped-COMPUTAEX_transparente-scaled-1.png","contentUrl":"https:\/\/computaex.es\/wp-content\/uploads\/2025\/05\/cropped-COMPUTAEX_transparente-scaled-1.png","width":2560,"height":970,"caption":"COMPUTAEX"},"image":{"@id":"https:\/\/computaex.es\/#\/schema\/logo\/image\/"},"sameAs":["https:\/\/m.facebook.com\/computaex\/","https:\/\/x.com\/computaex","https:\/\/es.linkedin.com\/company\/cenits"]}]}},"_links":{"self":[{"href":"https:\/\/computaex.es\/en\/wp-json\/wp\/v2\/pages\/6814","targetHints":{"allow":["GET"]}}],"collection":[{"href":"https:\/\/computaex.es\/en\/wp-json\/wp\/v2\/pages"}],"about":[{"href":"https:\/\/computaex.es\/en\/wp-json\/wp\/v2\/types\/page"}],"author":[{"embeddable":true,"href":"https:\/\/computaex.es\/en\/wp-json\/wp\/v2\/users\/1"}],"replies":[{"embeddable":true,"href":"https:\/\/computaex.es\/en\/wp-json\/wp\/v2\/comments?post=6814"}],"version-history":[{"count":1,"href":"https:\/\/computaex.es\/en\/wp-json\/wp\/v2\/pages\/6814\/revisions"}],"predecessor-version":[{"id":6815,"href":"https:\/\/computaex.es\/en\/wp-json\/wp\/v2\/pages\/6814\/revisions\/6815"}],"wp:attachment":[{"href":"https:\/\/computaex.es\/en\/wp-json\/wp\/v2\/media?parent=6814"}],"wp:term":[{"taxonomy":"category","embeddable":true,"href":"https:\/\/computaex.es\/en\/wp-json\/wp\/v2\/categories?post=6814"},{"taxonomy":"post_tag","embeddable":true,"href":"https:\/\/computaex.es\/en\/wp-json\/wp\/v2\/tags?post=6814"}],"curies":[{"name":"wp","href":"https:\/\/api.w.org\/{rel}","templated":true}]}}