{"id":6835,"date":"2025-01-29T09:30:42","date_gmt":"2025-01-29T08:30:42","guid":{"rendered":"http:\/\/10.128.3.28\/?page_id=6835"},"modified":"2026-04-13T10:09:36","modified_gmt":"2026-04-13T08:09:36","slug":"cuentas-anuales","status":"publish","type":"page","link":"https:\/\/computaex.es\/en\/cuentas-anuales\/","title":{"rendered":"Annual Accounts"},"content":{"rendered":"<div data-elementor-type=\"wp-page\" data-elementor-id=\"6835\" class=\"elementor elementor-6835\">\n\t\t\t\t<div class=\"elementor-element elementor-element-b031429 e-flex e-con-boxed wpr-particle-no wpr-jarallax-no wpr-parallax-no wpr-sticky-section-no e-con e-parent\" data-id=\"b031429\" data-element_type=\"container\" data-e-type=\"container\">\n\t\t\t\t\t<div class=\"e-con-inner\">\n\t\t\t\t<div class=\"elementor-element elementor-element-842773c elementor-widget elementor-widget-text-editor\" data-id=\"842773c\" data-element_type=\"widget\" data-e-type=\"widget\" data-widget_type=\"text-editor.default\">\n\t\t\t\t<div class=\"elementor-widget-container\">\n\t\t\t\t\t\t\t\t\t<p align=\"justify\">The COMPUTAEX Foundation is committed to transparency, understood in two ways: as active publicity and as access to public information.<\/p><p align=\"justify\">The Foundation's annual accounts are listed below.<\/p>\t\t\t\t\t\t\t\t<\/div>\n\t\t\t\t<\/div>\n\t\t\t\t\t<\/div>\n\t\t\t\t<\/div>\n\t\t<div class=\"elementor-element elementor-element-b63329c e-flex e-con-boxed wpr-particle-no wpr-jarallax-no wpr-parallax-no wpr-sticky-section-no e-con e-parent\" data-id=\"b63329c\" data-element_type=\"container\" data-e-type=\"container\">\n\t\t\t\t\t<div class=\"e-con-inner\">\n\t\t\t\t<div class=\"elementor-element elementor-element-f62c328 e-n-tabs-mobile elementor-widget elementor-widget-n-tabs\" data-id=\"f62c328\" data-element_type=\"widget\" data-e-type=\"widget\" data-settings=\"{&quot;horizontal_scroll&quot;:&quot;disable&quot;}\" data-widget_type=\"nested-tabs.default\">\n\t\t\t\t<div class=\"elementor-widget-container\">\n\t\t\t\t\t\t\t<div class=\"e-n-tabs\" data-widget-number=\"258130728\" aria-label=\"Tabs. Open items with Enter or Space, close with Escape and navigate using the Arrow keys.\">\n\t\t\t<div class=\"e-n-tabs-heading\" role=\"tablist\">\n\t\t\t\t\t<button id=\"e-n-tab-title-2581307281\" data-tab-title-id=\"e-n-tab-title-2581307281\" class=\"e-n-tab-title\" aria-selected=\"true\" data-tab-index=\"1\" role=\"tab\" tabindex=\"0\" aria-controls=\"e-n-tab-content-2581307281\" style=\"--n-tabs-title-order: 1;\">\n\t\t\t\t\t\t<span class=\"e-n-tab-title-text\">\n\t\t\t\t2024\t\t\t<\/span>\n\t\t<\/button>\n\t\t\t\t<button id=\"e-n-tab-title-2581307282\" data-tab-title-id=\"e-n-tab-title-2581307282\" class=\"e-n-tab-title\" aria-selected=\"false\" data-tab-index=\"2\" role=\"tab\" tabindex=\"-1\" aria-controls=\"e-n-tab-content-2581307282\" style=\"--n-tabs-title-order: 2;\">\n\t\t\t\t\t\t<span class=\"e-n-tab-title-text\">\n\t\t\t\t2023\t\t\t<\/span>\n\t\t<\/button>\n\t\t\t\t<button id=\"e-n-tab-title-2581307283\" data-tab-title-id=\"e-n-tab-title-2581307283\" class=\"e-n-tab-title\" aria-selected=\"false\" data-tab-index=\"3\" role=\"tab\" tabindex=\"-1\" aria-controls=\"e-n-tab-content-2581307283\" style=\"--n-tabs-title-order: 3;\">\n\t\t\t\t\t\t<span class=\"e-n-tab-title-text\">\n\t\t\t\t2022\t\t\t<\/span>\n\t\t<\/button>\n\t\t\t\t<button id=\"e-n-tab-title-2581307284\" data-tab-title-id=\"e-n-tab-title-2581307284\" class=\"e-n-tab-title\" aria-selected=\"false\" data-tab-index=\"4\" role=\"tab\" tabindex=\"-1\" aria-controls=\"e-n-tab-content-2581307284\" style=\"--n-tabs-title-order: 4;\">\n\t\t\t\t\t\t<span class=\"e-n-tab-title-text\">\n\t\t\t\t2021\t\t\t<\/span>\n\t\t<\/button>\n\t\t\t\t<button id=\"e-n-tab-title-2581307285\" data-tab-title-id=\"e-n-tab-title-2581307285\" class=\"e-n-tab-title\" aria-selected=\"false\" data-tab-index=\"5\" role=\"tab\" tabindex=\"-1\" aria-controls=\"e-n-tab-content-2581307285\" style=\"--n-tabs-title-order: 5;\">\n\t\t\t\t\t\t<span class=\"e-n-tab-title-text\">\n\t\t\t\t2020\t\t\t<\/span>\n\t\t<\/button>\n\t\t\t\t\t<\/div>\n\t\t\t<div class=\"e-n-tabs-content\">\n\t\t\t\t<div id=\"e-n-tab-content-2581307281\" role=\"tabpanel\" aria-labelledby=\"e-n-tab-title-2581307281\" data-tab-index=\"1\" style=\"--n-tabs-title-order: 1;\" class=\"e-active elementor-element elementor-element-92300a3 e-con-full e-flex wpr-particle-no wpr-jarallax-no wpr-parallax-no wpr-sticky-section-no e-con e-child\" data-id=\"92300a3\" data-element_type=\"container\" data-e-type=\"container\">\n\t\t\t\t<div class=\"elementor-element elementor-element-a93b582 elementor-widget elementor-widget-tabla_descargas\" data-id=\"a93b582\" data-element_type=\"widget\" data-e-type=\"widget\" data-settings=\"{&quot;boton_anadir_ids&quot;:&quot;11231&quot;,&quot;fechas_personalizadas&quot;:&quot;{}&quot;}\" data-widget_type=\"tabla_descargas.default\">\n\t\t\t\t<div class=\"elementor-widget-container\">\n\t\t\t\t\t<div class=\"tabla-descargas-container\" data-widget-id=\"a93b582\"><table class=\"tabla-descargas\"><thead><tr><th class=\"sortable\" data-sort=\"nombre\">Archivo <span class=\"sort-arrow\"><\/span><\/th><th class=\"sortable\" data-sort=\"tamano\">Size <span class=\"sort-arrow\"><\/span><\/th><th class=\"sortable asc\" data-sort=\"fecha\">Date <span class=\"sort-arrow asc\"><\/span><\/th><th style=\"text-align: center;\">Ver<\/th><th>Descargar<\/th><\/tr><\/thead><tr data-nombre=\"cuentas_anuales_computaex_2024.pdf\" data-tamano=\"809098\" data-fecha=\"2026-03-26\"><td><div class=\"archivo-info\"><div class=\"titulo-archivo\">cuentas_anuales_computaex_2024.pdf<\/div><div class=\"nombre-archivo\">Cuentas-Anuales-Computaex-2024-con-informe.pdf<\/div><\/div><\/td><td>790 KB<\/td><td>26\/03\/2026<\/td><td style=\"text-align: center;\"><a href=\"https:\/\/computaex.es\/wp-content\/uploads\/2026\/03\/Cuentas-Anuales-Computaex-2024-con-informe.pdf\" class=\"boton-ver\" target=\"_blank\" rel=\"noopener noreferrer\" title=\"Ver documento\">\ud83d\udc41<\/a><\/td><td><a href=\"https:\/\/computaex.es\/wp-content\/uploads\/2026\/03\/Cuentas-Anuales-Computaex-2024-con-informe.pdf\" class=\"boton-descarga\" download=\"Cuentas-Anuales-Computaex-2024-con-informe.pdf\">\u2193 Descargar<\/a><\/td><\/tr><\/tbody><\/table><\/div>\t\t\t\t<\/div>\n\t\t\t\t<\/div>\n\t\t\t\t<\/div>\n\t\t<div id=\"e-n-tab-content-2581307282\" role=\"tabpanel\" aria-labelledby=\"e-n-tab-title-2581307282\" data-tab-index=\"2\" style=\"--n-tabs-title-order: 2;\" class=\"elementor-element elementor-element-c07fd58 e-con-full e-flex wpr-particle-no wpr-jarallax-no wpr-parallax-no wpr-sticky-section-no e-con e-child\" data-id=\"c07fd58\" data-element_type=\"container\" data-e-type=\"container\">\n\t\t\t\t<div class=\"elementor-element elementor-element-fcfe203 elementor-widget elementor-widget-tabla_descargas\" data-id=\"fcfe203\" data-element_type=\"widget\" data-e-type=\"widget\" data-settings=\"{&quot;boton_anadir_ids&quot;:&quot;6863,6868&quot;,&quot;fechas_personalizadas&quot;:&quot;{}&quot;}\" data-widget_type=\"tabla_descargas.default\">\n\t\t\t\t<div class=\"elementor-widget-container\">\n\t\t\t\t\t<div class=\"tabla-descargas-container\" data-widget-id=\"fcfe203\"><table class=\"tabla-descargas\"><thead><tr><th class=\"sortable\" data-sort=\"nombre\">Archivo <span class=\"sort-arrow\"><\/span><\/th><th class=\"sortable\" data-sort=\"tamano\">Size <span class=\"sort-arrow\"><\/span><\/th><th class=\"sortable asc\" data-sort=\"fecha\">Date <span class=\"sort-arrow asc\"><\/span><\/th><th style=\"text-align: center;\">Ver<\/th><th>Descargar<\/th><\/tr><\/thead><tr data-nombre=\"cuentas_anuales_computaex_2023.pdf\" data-tamano=\"1161086\" data-fecha=\"2025-01-29\"><td><div class=\"archivo-info\"><div class=\"titulo-archivo\">cuentas_anuales_computaex_2023.pdf<\/div><div class=\"nombre-archivo\">cuentas_anuales_computaex_2023.pdf<\/div><\/div><\/td><td>1 MB<\/td><td>29\/01\/2025<\/td><td style=\"text-align: center;\"><a href=\"https:\/\/computaex.es\/wp-content\/uploads\/2025\/01\/cuentas_anuales_computaex_2023.pdf\" class=\"boton-ver\" target=\"_blank\" rel=\"noopener noreferrer\" title=\"Ver documento\">\ud83d\udc41<\/a><\/td><td><a href=\"https:\/\/computaex.es\/wp-content\/uploads\/2025\/01\/cuentas_anuales_computaex_2023.pdf\" class=\"boton-descarga\" download=\"cuentas_anuales_computaex_2023.pdf\">\u2193 Descargar<\/a><\/td><\/tr><tr data-nombre=\"informe_auditoria_cuentas_anuales_2023.pdf\" data-tamano=\"1724622\" data-fecha=\"2025-01-29\"><td><div class=\"archivo-info\"><div class=\"titulo-archivo\">informe_auditoria_cuentas_anuales_2023.pdf<\/div><div class=\"nombre-archivo\">informe_auditoria_cuentas_anuales_computaex_2023.pdf<\/div><\/div><\/td><td>2 MB<\/td><td>29\/01\/2025<\/td><td style=\"text-align: center;\"><a href=\"https:\/\/computaex.es\/wp-content\/uploads\/2025\/01\/informe_auditoria_cuentas_anuales_computaex_2023.pdf\" class=\"boton-ver\" target=\"_blank\" rel=\"noopener noreferrer\" title=\"Ver documento\">\ud83d\udc41<\/a><\/td><td><a href=\"https:\/\/computaex.es\/wp-content\/uploads\/2025\/01\/informe_auditoria_cuentas_anuales_computaex_2023.pdf\" class=\"boton-descarga\" download=\"informe_auditoria_cuentas_anuales_computaex_2023.pdf\">\u2193 Descargar<\/a><\/td><\/tr><\/tbody><\/table><\/div>\t\t\t\t<\/div>\n\t\t\t\t<\/div>\n\t\t\t\t<\/div>\n\t\t<div id=\"e-n-tab-content-2581307283\" role=\"tabpanel\" aria-labelledby=\"e-n-tab-title-2581307283\" data-tab-index=\"3\" style=\"--n-tabs-title-order: 3;\" class=\"elementor-element elementor-element-2a4ed61 e-flex e-con-boxed wpr-particle-no wpr-jarallax-no wpr-parallax-no wpr-sticky-section-no e-con e-child\" data-id=\"2a4ed61\" data-element_type=\"container\" data-e-type=\"container\">\n\t\t\t\t\t<div class=\"e-con-inner\">\n\t\t\t\t<div class=\"elementor-element elementor-element-aa404af elementor-widget elementor-widget-tabla_descargas\" data-id=\"aa404af\" data-element_type=\"widget\" data-e-type=\"widget\" data-settings=\"{&quot;boton_anadir_ids&quot;:&quot;6870,6871&quot;,&quot;fechas_personalizadas&quot;:&quot;{}&quot;}\" data-widget_type=\"tabla_descargas.default\">\n\t\t\t\t<div class=\"elementor-widget-container\">\n\t\t\t\t\t<div class=\"tabla-descargas-container\" data-widget-id=\"aa404af\"><table class=\"tabla-descargas\"><thead><tr><th class=\"sortable\" data-sort=\"nombre\">Archivo <span class=\"sort-arrow\"><\/span><\/th><th class=\"sortable\" data-sort=\"tamano\">Size <span class=\"sort-arrow\"><\/span><\/th><th class=\"sortable asc\" data-sort=\"fecha\">Date <span class=\"sort-arrow asc\"><\/span><\/th><th style=\"text-align: center;\">Ver<\/th><th>Descargar<\/th><\/tr><\/thead><tr data-nombre=\"cuentas_anuales_computaex_2022.pdf\" data-tamano=\"973848\" data-fecha=\"2025-01-29\"><td><div class=\"archivo-info\"><div class=\"titulo-archivo\">cuentas_anuales_computaex_2022.pdf<\/div><div class=\"nombre-archivo\">cuentas_anuales_2022.pdf.pdf<\/div><\/div><\/td><td>951 KB<\/td><td>29\/01\/2025<\/td><td style=\"text-align: center;\"><a href=\"https:\/\/computaex.es\/wp-content\/uploads\/2025\/01\/cuentas_anuales_2022.pdf.pdf\" class=\"boton-ver\" target=\"_blank\" rel=\"noopener noreferrer\" title=\"Ver documento\">\ud83d\udc41<\/a><\/td><td><a href=\"https:\/\/computaex.es\/wp-content\/uploads\/2025\/01\/cuentas_anuales_2022.pdf.pdf\" class=\"boton-descarga\" download=\"cuentas_anuales_2022.pdf.pdf\">\u2193 Descargar<\/a><\/td><\/tr><tr data-nombre=\"informe_auditoria_cuentas_anuales_2022.pdf\" data-tamano=\"493162\" data-fecha=\"2025-01-29\"><td><div class=\"archivo-info\"><div class=\"titulo-archivo\">informe_auditoria_cuentas_anuales_2022.pdf<\/div><div class=\"nombre-archivo\">informeauditoriacuentas2022.pdf<\/div><\/div><\/td><td>482 KB<\/td><td>29\/01\/2025<\/td><td style=\"text-align: center;\"><a href=\"https:\/\/computaex.es\/wp-content\/uploads\/2025\/01\/informeauditoriacuentas2022.pdf\" class=\"boton-ver\" target=\"_blank\" rel=\"noopener noreferrer\" title=\"Ver documento\">\ud83d\udc41<\/a><\/td><td><a href=\"https:\/\/computaex.es\/wp-content\/uploads\/2025\/01\/informeauditoriacuentas2022.pdf\" class=\"boton-descarga\" download=\"informeauditoriacuentas2022.pdf\">\u2193 Descargar<\/a><\/td><\/tr><\/tbody><\/table><\/div>\t\t\t\t<\/div>\n\t\t\t\t<\/div>\n\t\t\t\t\t<\/div>\n\t\t\t\t<\/div>\n\t\t<div id=\"e-n-tab-content-2581307284\" role=\"tabpanel\" aria-labelledby=\"e-n-tab-title-2581307284\" data-tab-index=\"4\" style=\"--n-tabs-title-order: 4;\" class=\"elementor-element elementor-element-375e5d6 e-flex e-con-boxed wpr-particle-no wpr-jarallax-no wpr-parallax-no wpr-sticky-section-no e-con e-child\" data-id=\"375e5d6\" data-element_type=\"container\" data-e-type=\"container\">\n\t\t\t\t\t<div class=\"e-con-inner\">\n\t\t\t\t<div class=\"elementor-element elementor-element-c48ff86 elementor-widget elementor-widget-tabla_descargas\" data-id=\"c48ff86\" data-element_type=\"widget\" data-e-type=\"widget\" data-settings=\"{&quot;boton_anadir_ids&quot;:&quot;6873&quot;,&quot;fechas_personalizadas&quot;:&quot;{}&quot;}\" data-widget_type=\"tabla_descargas.default\">\n\t\t\t\t<div class=\"elementor-widget-container\">\n\t\t\t\t\t<div class=\"tabla-descargas-container\" data-widget-id=\"c48ff86\"><table class=\"tabla-descargas\"><thead><tr><th class=\"sortable\" data-sort=\"nombre\">Archivo <span class=\"sort-arrow\"><\/span><\/th><th class=\"sortable\" data-sort=\"tamano\">Size <span class=\"sort-arrow\"><\/span><\/th><th class=\"sortable asc\" data-sort=\"fecha\">Date <span class=\"sort-arrow asc\"><\/span><\/th><th style=\"text-align: center;\">Ver<\/th><th>Descargar<\/th><\/tr><\/thead><tr data-nombre=\"cuentas_anuales_computaex_2021.pdf\" data-tamano=\"2227327\" data-fecha=\"2025-01-29\"><td><div class=\"archivo-info\"><div class=\"titulo-archivo\">cuentas_anuales_computaex_2021.pdf<\/div><div class=\"nombre-archivo\">cuentas_anuales_2021.pdf.pdf<\/div><\/div><\/td><td>2 MB<\/td><td>29\/01\/2025<\/td><td style=\"text-align: center;\"><a href=\"https:\/\/computaex.es\/wp-content\/uploads\/2025\/01\/cuentas_anuales_2021.pdf.pdf\" class=\"boton-ver\" target=\"_blank\" rel=\"noopener noreferrer\" title=\"Ver documento\">\ud83d\udc41<\/a><\/td><td><a href=\"https:\/\/computaex.es\/wp-content\/uploads\/2025\/01\/cuentas_anuales_2021.pdf.pdf\" class=\"boton-descarga\" download=\"cuentas_anuales_2021.pdf.pdf\">\u2193 Descargar<\/a><\/td><\/tr><\/tbody><\/table><\/div>\t\t\t\t<\/div>\n\t\t\t\t<\/div>\n\t\t\t\t\t<\/div>\n\t\t\t\t<\/div>\n\t\t<div id=\"e-n-tab-content-2581307285\" role=\"tabpanel\" aria-labelledby=\"e-n-tab-title-2581307285\" data-tab-index=\"5\" style=\"--n-tabs-title-order: 5;\" class=\"elementor-element elementor-element-c3973c6 e-flex e-con-boxed wpr-particle-no wpr-jarallax-no wpr-parallax-no wpr-sticky-section-no e-con e-child\" data-id=\"c3973c6\" data-element_type=\"container\" data-e-type=\"container\">\n\t\t\t\t\t<div class=\"e-con-inner\">\n\t\t\t\t<div class=\"elementor-element elementor-element-66a0dcc elementor-widget elementor-widget-tabla_descargas\" data-id=\"66a0dcc\" data-element_type=\"widget\" data-e-type=\"widget\" data-settings=\"{&quot;boton_anadir_ids&quot;:&quot;6874&quot;,&quot;fechas_personalizadas&quot;:&quot;{}&quot;}\" data-widget_type=\"tabla_descargas.default\">\n\t\t\t\t<div class=\"elementor-widget-container\">\n\t\t\t\t\t<div class=\"tabla-descargas-container\" data-widget-id=\"66a0dcc\"><table class=\"tabla-descargas\"><thead><tr><th class=\"sortable\" data-sort=\"nombre\">Archivo <span class=\"sort-arrow\"><\/span><\/th><th class=\"sortable\" data-sort=\"tamano\">Size <span class=\"sort-arrow\"><\/span><\/th><th class=\"sortable asc\" data-sort=\"fecha\">Date <span class=\"sort-arrow asc\"><\/span><\/th><th style=\"text-align: center;\">Ver<\/th><th>Descargar<\/th><\/tr><\/thead><tr data-nombre=\"cuentas_anuales_computaex_2020.pdf\" data-tamano=\"5497366\" data-fecha=\"2025-01-29\"><td><div class=\"archivo-info\"><div class=\"titulo-archivo\">cuentas_anuales_computaex_2020.pdf<\/div><div class=\"nombre-archivo\">cuentas_anuales_2020.pdf<\/div><\/div><\/td><td>5 MB<\/td><td>29\/01\/2025<\/td><td style=\"text-align: center;\"><a href=\"https:\/\/computaex.es\/wp-content\/uploads\/2025\/01\/cuentas_anuales_2020.pdf\" class=\"boton-ver\" target=\"_blank\" rel=\"noopener noreferrer\" title=\"Ver documento\">\ud83d\udc41<\/a><\/td><td><a href=\"https:\/\/computaex.es\/wp-content\/uploads\/2025\/01\/cuentas_anuales_2020.pdf\" class=\"boton-descarga\" download=\"cuentas_anuales_2020.pdf\">\u2193 Descargar<\/a><\/td><\/tr><\/tbody><\/table><\/div>\t\t\t\t<\/div>\n\t\t\t\t<\/div>\n\t\t\t\t\t<\/div>\n\t\t\t\t<\/div>\n\t\t\t\t\t<\/div>\n\t\t<\/div>\n\t\t\t\t\t\t<\/div>\n\t\t\t\t<\/div>\n\t\t\t\t\t<\/div>\n\t\t\t\t<\/div>\n\t\t\t\t<\/div>","protected":false},"excerpt":{"rendered":"<p>Desde la Fundaci\u00f3n COMPUTAEX se asume el compromiso con la transparencia, entendida desde su doble vertiente, como publicidad activa y como acceso a la informaci\u00f3n p\u00fablica. A continuaci\u00f3n se relacionan &#8230;<\/p>","protected":false},"author":1,"featured_media":0,"parent":0,"menu_order":0,"comment_status":"closed","ping_status":"closed","template":"","meta":{"footnotes":""},"categories":[],"tags":[],"class_list":["post-6835","page","type-page","status-publish","hentry"],"yoast_head":"<!-- This site is optimized with the Yoast SEO plugin v27.1.1 - https:\/\/yoast.com\/product\/yoast-seo-wordpress\/ -->\n<title>Cuentas anuales - Fundaci\u00f3n COMPUTAEX<\/title>\n<meta name=\"robots\" content=\"index, follow, max-snippet:-1, max-image-preview:large, max-video-preview:-1\" \/>\n<link rel=\"canonical\" href=\"https:\/\/computaex.es\/en\/cuentas-anuales\/\" \/>\n<meta property=\"og:locale\" content=\"en_US\" \/>\n<meta property=\"og:type\" content=\"article\" \/>\n<meta property=\"og:title\" content=\"Cuentas anuales - Fundaci\u00f3n COMPUTAEX\" \/>\n<meta property=\"og:description\" content=\"Desde la Fundaci\u00f3n COMPUTAEX se asume el compromiso con la transparencia, entendida desde su doble vertiente, como publicidad activa y como acceso a la informaci\u00f3n p\u00fablica. A continuaci\u00f3n se relacionan ...\" \/>\n<meta property=\"og:url\" content=\"https:\/\/computaex.es\/en\/cuentas-anuales\/\" \/>\n<meta property=\"og:site_name\" content=\"Fundaci\u00f3n COMPUTAEX\" \/>\n<meta property=\"article:publisher\" content=\"https:\/\/m.facebook.com\/computaex\/\" \/>\n<meta property=\"article:modified_time\" content=\"2026-04-13T08:09:36+00:00\" \/>\n<meta property=\"og:image\" content=\"https:\/\/computaex.es\/wp-content\/uploads\/2025\/08\/COMPUTAEX.jpg\" \/>\n\t<meta property=\"og:image:width\" content=\"1024\" \/>\n\t<meta property=\"og:image:height\" content=\"403\" \/>\n\t<meta property=\"og:image:type\" content=\"image\/jpeg\" \/>\n<meta name=\"twitter:card\" content=\"summary_large_image\" \/>\n<meta name=\"twitter:site\" content=\"@computaex\" \/>\n<meta name=\"twitter:label1\" content=\"Est. reading time\" \/>\n\t<meta name=\"twitter:data1\" content=\"1 minute\" \/>\n<script type=\"application\/ld+json\" class=\"yoast-schema-graph\">{\"@context\":\"https:\/\/schema.org\",\"@graph\":[{\"@type\":\"WebPage\",\"@id\":\"https:\/\/computaex.es\/cuentas-anuales\/\",\"url\":\"https:\/\/computaex.es\/cuentas-anuales\/\",\"name\":\"Cuentas anuales - Fundaci\u00f3n COMPUTAEX\",\"isPartOf\":{\"@id\":\"https:\/\/computaex.es\/#website\"},\"datePublished\":\"2025-01-29T08:30:42+00:00\",\"dateModified\":\"2026-04-13T08:09:36+00:00\",\"breadcrumb\":{\"@id\":\"https:\/\/computaex.es\/cuentas-anuales\/#breadcrumb\"},\"inLanguage\":\"en-US\",\"potentialAction\":[{\"@type\":\"ReadAction\",\"target\":[\"https:\/\/computaex.es\/cuentas-anuales\/\"]}]},{\"@type\":\"BreadcrumbList\",\"@id\":\"https:\/\/computaex.es\/cuentas-anuales\/#breadcrumb\",\"itemListElement\":[{\"@type\":\"ListItem\",\"position\":1,\"name\":\"Portada\",\"item\":\"https:\/\/computaex.es\/\"},{\"@type\":\"ListItem\",\"position\":2,\"name\":\"Cuentas anuales\"}]},{\"@type\":\"WebSite\",\"@id\":\"https:\/\/computaex.es\/#website\",\"url\":\"https:\/\/computaex.es\/\",\"name\":\"Fundaci\u00f3n COMPUTAEX\",\"description\":\"COMPUTAEX\",\"publisher\":{\"@id\":\"https:\/\/computaex.es\/#organization\"},\"potentialAction\":[{\"@type\":\"SearchAction\",\"target\":{\"@type\":\"EntryPoint\",\"urlTemplate\":\"https:\/\/computaex.es\/?s={search_term_string}\"},\"query-input\":{\"@type\":\"PropertyValueSpecification\",\"valueRequired\":true,\"valueName\":\"search_term_string\"}}],\"inLanguage\":\"en-US\"},{\"@type\":\"Organization\",\"@id\":\"https:\/\/computaex.es\/#organization\",\"name\":\"COMPUTAEX\",\"url\":\"https:\/\/computaex.es\/\",\"logo\":{\"@type\":\"ImageObject\",\"inLanguage\":\"en-US\",\"@id\":\"https:\/\/computaex.es\/#\/schema\/logo\/image\/\",\"url\":\"https:\/\/computaex.es\/wp-content\/uploads\/2025\/05\/cropped-COMPUTAEX_transparente-scaled-1.png\",\"contentUrl\":\"https:\/\/computaex.es\/wp-content\/uploads\/2025\/05\/cropped-COMPUTAEX_transparente-scaled-1.png\",\"width\":2560,\"height\":970,\"caption\":\"COMPUTAEX\"},\"image\":{\"@id\":\"https:\/\/computaex.es\/#\/schema\/logo\/image\/\"},\"sameAs\":[\"https:\/\/m.facebook.com\/computaex\/\",\"https:\/\/x.com\/computaex\",\"https:\/\/es.linkedin.com\/company\/cenits\"]}]}<\/script>\n<!-- \/ Yoast SEO plugin. -->","yoast_head_json":{"title":"Cuentas anuales - Fundaci\u00f3n COMPUTAEX","robots":{"index":"index","follow":"follow","max-snippet":"max-snippet:-1","max-image-preview":"max-image-preview:large","max-video-preview":"max-video-preview:-1"},"canonical":"https:\/\/computaex.es\/en\/cuentas-anuales\/","og_locale":"en_US","og_type":"article","og_title":"Cuentas anuales - Fundaci\u00f3n COMPUTAEX","og_description":"Desde la Fundaci\u00f3n COMPUTAEX se asume el compromiso con la transparencia, entendida desde su doble vertiente, como publicidad activa y como acceso a la informaci\u00f3n p\u00fablica. A continuaci\u00f3n se relacionan ...","og_url":"https:\/\/computaex.es\/en\/cuentas-anuales\/","og_site_name":"Fundaci\u00f3n COMPUTAEX","article_publisher":"https:\/\/m.facebook.com\/computaex\/","article_modified_time":"2026-04-13T08:09:36+00:00","og_image":[{"width":1024,"height":403,"url":"https:\/\/computaex.es\/wp-content\/uploads\/2025\/08\/COMPUTAEX.jpg","type":"image\/jpeg"}],"twitter_card":"summary_large_image","twitter_site":"@computaex","twitter_misc":{"Est. reading time":"1 minute"},"schema":{"@context":"https:\/\/schema.org","@graph":[{"@type":"WebPage","@id":"https:\/\/computaex.es\/cuentas-anuales\/","url":"https:\/\/computaex.es\/cuentas-anuales\/","name":"Cuentas anuales - Fundaci\u00f3n COMPUTAEX","isPartOf":{"@id":"https:\/\/computaex.es\/#website"},"datePublished":"2025-01-29T08:30:42+00:00","dateModified":"2026-04-13T08:09:36+00:00","breadcrumb":{"@id":"https:\/\/computaex.es\/cuentas-anuales\/#breadcrumb"},"inLanguage":"en-US","potentialAction":[{"@type":"ReadAction","target":["https:\/\/computaex.es\/cuentas-anuales\/"]}]},{"@type":"BreadcrumbList","@id":"https:\/\/computaex.es\/cuentas-anuales\/#breadcrumb","itemListElement":[{"@type":"ListItem","position":1,"name":"Portada","item":"https:\/\/computaex.es\/"},{"@type":"ListItem","position":2,"name":"Cuentas anuales"}]},{"@type":"WebSite","@id":"https:\/\/computaex.es\/#website","url":"https:\/\/computaex.es\/","name":"COMPUTAEX Foundation","description":"COMPUTAEX","publisher":{"@id":"https:\/\/computaex.es\/#organization"},"potentialAction":[{"@type":"SearchAction","target":{"@type":"EntryPoint","urlTemplate":"https:\/\/computaex.es\/?s={search_term_string}"},"query-input":{"@type":"PropertyValueSpecification","valueRequired":true,"valueName":"search_term_string"}}],"inLanguage":"en-US"},{"@type":"Organization","@id":"https:\/\/computaex.es\/#organization","name":"COMPUTAEX","url":"https:\/\/computaex.es\/","logo":{"@type":"ImageObject","inLanguage":"en-US","@id":"https:\/\/computaex.es\/#\/schema\/logo\/image\/","url":"https:\/\/computaex.es\/wp-content\/uploads\/2025\/05\/cropped-COMPUTAEX_transparente-scaled-1.png","contentUrl":"https:\/\/computaex.es\/wp-content\/uploads\/2025\/05\/cropped-COMPUTAEX_transparente-scaled-1.png","width":2560,"height":970,"caption":"COMPUTAEX"},"image":{"@id":"https:\/\/computaex.es\/#\/schema\/logo\/image\/"},"sameAs":["https:\/\/m.facebook.com\/computaex\/","https:\/\/x.com\/computaex","https:\/\/es.linkedin.com\/company\/cenits"]}]}},"_links":{"self":[{"href":"https:\/\/computaex.es\/en\/wp-json\/wp\/v2\/pages\/6835","targetHints":{"allow":["GET"]}}],"collection":[{"href":"https:\/\/computaex.es\/en\/wp-json\/wp\/v2\/pages"}],"about":[{"href":"https:\/\/computaex.es\/en\/wp-json\/wp\/v2\/types\/page"}],"author":[{"embeddable":true,"href":"https:\/\/computaex.es\/en\/wp-json\/wp\/v2\/users\/1"}],"replies":[{"embeddable":true,"href":"https:\/\/computaex.es\/en\/wp-json\/wp\/v2\/comments?post=6835"}],"version-history":[{"count":13,"href":"https:\/\/computaex.es\/en\/wp-json\/wp\/v2\/pages\/6835\/revisions"}],"predecessor-version":[{"id":11575,"href":"https:\/\/computaex.es\/en\/wp-json\/wp\/v2\/pages\/6835\/revisions\/11575"}],"wp:attachment":[{"href":"https:\/\/computaex.es\/en\/wp-json\/wp\/v2\/media?parent=6835"}],"wp:term":[{"taxonomy":"category","embeddable":true,"href":"https:\/\/computaex.es\/en\/wp-json\/wp\/v2\/categories?post=6835"},{"taxonomy":"post_tag","embeddable":true,"href":"https:\/\/computaex.es\/en\/wp-json\/wp\/v2\/tags?post=6835"}],"curies":[{"name":"wp","href":"https:\/\/api.w.org\/{rel}","templated":true}]}}