{"id":6864,"date":"2025-01-29T09:47:59","date_gmt":"2025-01-29T08:47:59","guid":{"rendered":"http:\/\/10.128.3.28\/?page_id=6864"},"modified":"2025-01-29T12:08:21","modified_gmt":"2025-01-29T11:08:21","slug":"premios-y-reconocimientos","status":"publish","type":"page","link":"https:\/\/computaex.es\/en\/premios-y-reconocimientos\/","title":{"rendered":"Awards and Recognition"},"content":{"rendered":"<div data-elementor-type=\"wp-page\" data-elementor-id=\"6864\" class=\"elementor elementor-6864\">\n\t\t\t\t<div class=\"elementor-element elementor-element-08f8b91 e-grid e-con-boxed wpr-particle-no wpr-jarallax-no wpr-parallax-no wpr-sticky-section-no e-con e-parent\" data-id=\"08f8b91\" data-element_type=\"container\" data-e-type=\"container\">\n\t\t\t\t\t<div class=\"e-con-inner\">\n\t\t<div class=\"elementor-element elementor-element-0fc1ab5 e-grid e-con-full wpr-particle-no wpr-jarallax-no wpr-parallax-no wpr-sticky-section-no e-con e-child\" data-id=\"0fc1ab5\" data-element_type=\"container\" data-e-type=\"container\">\n\t\t\t\t<div class=\"elementor-element elementor-element-2a6edf2 elementor-widget elementor-widget-image\" data-id=\"2a6edf2\" data-element_type=\"widget\" data-e-type=\"widget\" data-widget_type=\"image.default\">\n\t\t\t\t<div class=\"elementor-widget-container\">\n\t\t\t\t\t\t\t\t\t\t\t\t\t\t\t<img decoding=\"async\" width=\"185\" height=\"109\" src=\"https:\/\/computaex.es\/wp-content\/uploads\/2025\/01\/icts.jpg\" class=\"attachment-large size-large wp-image-6872\" alt=\"\" \/>\t\t\t\t\t\t\t\t\t\t\t\t\t\t\t<\/div>\n\t\t\t\t<\/div>\n\t\t\t\t<div class=\"elementor-element elementor-element-b4fcef4 elementor-widget elementor-widget-text-editor\" data-id=\"b4fcef4\" data-element_type=\"widget\" data-e-type=\"widget\" data-widget_type=\"text-editor.default\">\n\t\t\t\t<div class=\"elementor-widget-container\">\n\t\t\t\t\t\t\t\t\t<div class=\"views-field views-field-title\" style=\"text-align: center;\"><span class=\"field-content\"><a href=\"\/en\/icts-infraestructura-cientifica-y-tecnica-singular\/\">ICTS (Infraestructura Cient\u00edfica y T\u00e9cnica Singular)<\/a><\/span><\/div><div class=\"views-field views-field-field-prem-fecha\"><div class=\"field-content\" style=\"text-align: center;\"><span class=\"date-display-single\">06\/11\/2018<\/span><\/div><\/div>\t\t\t\t\t\t\t\t<\/div>\n\t\t\t\t<\/div>\n\t\t\t\t<\/div>\n\t\t<div class=\"elementor-element elementor-element-3206f0a e-grid e-con-full wpr-particle-no wpr-jarallax-no wpr-parallax-no wpr-sticky-section-no e-con e-child\" data-id=\"3206f0a\" data-element_type=\"container\" data-e-type=\"container\">\n\t\t\t\t<div class=\"elementor-element elementor-element-704e88a elementor-widget elementor-widget-image\" data-id=\"704e88a\" data-element_type=\"widget\" data-e-type=\"widget\" data-widget_type=\"image.default\">\n\t\t\t\t<div class=\"elementor-widget-container\">\n\t\t\t\t\t\t\t\t\t\t\t\t\t\t\t<img decoding=\"async\" width=\"220\" height=\"117\" src=\"https:\/\/computaex.es\/wp-content\/uploads\/2025\/01\/enertic_awards_0-1.jpg\" class=\"attachment-large size-large wp-image-6890\" alt=\"\" \/>\t\t\t\t\t\t\t\t\t\t\t\t\t\t\t<\/div>\n\t\t\t\t<\/div>\n\t\t\t\t<div class=\"elementor-element elementor-element-3b64680 elementor-widget elementor-widget-text-editor\" data-id=\"3b64680\" data-element_type=\"widget\" data-e-type=\"widget\" data-widget_type=\"text-editor.default\">\n\t\t\t\t<div class=\"elementor-widget-container\">\n\t\t\t\t\t\t\t\t\t<div class=\"views-field views-field-title\" style=\"text-align: center;\"><span class=\"field-content\"><a href=\"\/en\/enertic-awards-2016\/\">enerTIC Awards 2016<\/a><\/span><\/div><div class=\"views-field views-field-field-prem-fecha\"><div class=\"field-content\" style=\"text-align: center;\"><span class=\"date-display-single\">30\/11\/2016<\/span><\/div><\/div>\t\t\t\t\t\t\t\t<\/div>\n\t\t\t\t<\/div>\n\t\t\t\t<\/div>\n\t\t<div class=\"elementor-element elementor-element-1b7b7b0 e-grid e-con-full wpr-particle-no wpr-jarallax-no wpr-parallax-no wpr-sticky-section-no e-con e-child\" data-id=\"1b7b7b0\" data-element_type=\"container\" data-e-type=\"container\">\n\t\t\t\t<div class=\"elementor-element elementor-element-267d605 elementor-widget elementor-widget-image\" data-id=\"267d605\" data-element_type=\"widget\" data-e-type=\"widget\" data-widget_type=\"image.default\">\n\t\t\t\t<div class=\"elementor-widget-container\">\n\t\t\t\t\t\t\t\t\t\t\t\t\t\t\t<img decoding=\"async\" width=\"185\" height=\"138\" src=\"https:\/\/computaex.es\/wp-content\/uploads\/2025\/01\/premio-aexit-2013-1.jpg\" class=\"attachment-large size-large wp-image-6909\" alt=\"\" \/>\t\t\t\t\t\t\t\t\t\t\t\t\t\t\t<\/div>\n\t\t\t\t<\/div>\n\t\t\t\t<div class=\"elementor-element elementor-element-e030b1d elementor-widget elementor-widget-text-editor\" data-id=\"e030b1d\" data-element_type=\"widget\" data-e-type=\"widget\" data-widget_type=\"text-editor.default\">\n\t\t\t\t<div class=\"elementor-widget-container\">\n\t\t\t\t\t\t\t\t\t<div class=\"views-field views-field-title\" style=\"text-align: center;\"><span class=\"field-content\"><a href=\"\/en\/iniciativa-empresarial-de-telecomunicacion-mas-innovadora-de-extremadura\/\">Iniciativa empresarial de telecomunicaci\u00f3n m\u00e1s innovadora de Extremadura<\/a><\/span><\/div><div class=\"views-field views-field-field-prem-fecha\"><div class=\"field-content\" style=\"text-align: center;\"><span class=\"date-display-single\">29\/11\/2013<\/span><\/div><\/div>\t\t\t\t\t\t\t\t<\/div>\n\t\t\t\t<\/div>\n\t\t\t\t<\/div>\n\t\t<div class=\"elementor-element elementor-element-8b598ff e-grid e-con-full wpr-particle-no wpr-jarallax-no wpr-parallax-no wpr-sticky-section-no e-con e-child\" data-id=\"8b598ff\" data-element_type=\"container\" data-e-type=\"container\">\n\t\t\t\t<div class=\"elementor-element elementor-element-d33fd5f elementor-widget elementor-widget-image\" data-id=\"d33fd5f\" data-element_type=\"widget\" data-e-type=\"widget\" data-widget_type=\"image.default\">\n\t\t\t\t<div class=\"elementor-widget-container\">\n\t\t\t\t\t\t\t\t\t\t\t\t\t\t\t<img loading=\"lazy\" decoding=\"async\" width=\"220\" height=\"147\" src=\"https:\/\/computaex.es\/wp-content\/uploads\/2025\/01\/20120510-reconocimientoepcc4.jpg\" class=\"attachment-large size-large wp-image-6962\" alt=\"\" \/>\t\t\t\t\t\t\t\t\t\t\t\t\t\t\t<\/div>\n\t\t\t\t<\/div>\n\t\t\t\t<div class=\"elementor-element elementor-element-8937466 elementor-widget elementor-widget-text-editor\" data-id=\"8937466\" data-element_type=\"widget\" data-e-type=\"widget\" data-widget_type=\"text-editor.default\">\n\t\t\t\t<div class=\"elementor-widget-container\">\n\t\t\t\t\t\t\t\t\t<div class=\"views-field views-field-title\" style=\"text-align: center;\"><span class=\"field-content\"><a href=\"\/en\/labor-de-difusion-escuela-politecnica-de-caceres\/\">Labor de difusi\u00f3n &#8211; Escuela Polit\u00e9cnica de C\u00e1ceres<\/a><\/span><\/div><div class=\"views-field views-field-field-prem-fecha\"><div class=\"field-content\" style=\"text-align: center;\"><span class=\"date-display-single\">10\/05\/2012<\/span><\/div><\/div>\t\t\t\t\t\t\t\t<\/div>\n\t\t\t\t<\/div>\n\t\t\t\t<\/div>\n\t\t<div class=\"elementor-element elementor-element-47ac63d e-grid e-con-full wpr-particle-no wpr-jarallax-no wpr-parallax-no wpr-sticky-section-no e-con e-child\" data-id=\"47ac63d\" data-element_type=\"container\" data-e-type=\"container\">\n\t\t\t\t<div class=\"elementor-element elementor-element-5e976cb elementor-widget elementor-widget-image\" data-id=\"5e976cb\" data-element_type=\"widget\" data-e-type=\"widget\" data-widget_type=\"image.default\">\n\t\t\t\t<div class=\"elementor-widget-container\">\n\t\t\t\t\t\t\t\t\t\t\t\t\t\t\t<img loading=\"lazy\" decoding=\"async\" width=\"132\" height=\"185\" src=\"https:\/\/computaex.es\/wp-content\/uploads\/2025\/01\/Medallacomputerworld.jpg\" class=\"attachment-large size-large wp-image-6968\" alt=\"\" \/>\t\t\t\t\t\t\t\t\t\t\t\t\t\t\t<\/div>\n\t\t\t\t<\/div>\n\t\t\t\t<div class=\"elementor-element elementor-element-1e23b47 elementor-widget elementor-widget-text-editor\" data-id=\"1e23b47\" data-element_type=\"widget\" data-e-type=\"widget\" data-widget_type=\"text-editor.default\">\n\t\t\t\t<div class=\"elementor-widget-container\">\n\t\t\t\t\t\t\t\t\t<div class=\"views-field views-field-title\" style=\"text-align: center;\"><span class=\"field-content\"><a href=\"\/en\/21st-century-achievement-award-computerworld-honors-program\/\">21st Century Achievement Award &#8211; ComputerWorld Honors Program<\/a><\/span><\/div><div class=\"views-field views-field-field-prem-fecha\"><div class=\"field-content\" style=\"text-align: center;\"><span class=\"date-display-single\">26\/04\/2011<\/span><\/div><\/div>\t\t\t\t\t\t\t\t<\/div>\n\t\t\t\t<\/div>\n\t\t\t\t<\/div>\n\t\t<div class=\"elementor-element elementor-element-aeb16c4 e-grid e-con-full wpr-particle-no wpr-jarallax-no wpr-parallax-no wpr-sticky-section-no e-con e-child\" data-id=\"aeb16c4\" data-element_type=\"container\" data-e-type=\"container\">\n\t\t\t\t<div class=\"elementor-element elementor-element-06c37ad elementor-widget elementor-widget-image\" data-id=\"06c37ad\" data-element_type=\"widget\" data-e-type=\"widget\" data-widget_type=\"image.default\">\n\t\t\t\t<div class=\"elementor-widget-container\">\n\t\t\t\t\t\t\t\t\t\t\t\t\t\t\t<img decoding=\"async\" src=\"\/wp-content\/uploads\/2025\/01\/premio-siti-aslan-2011.jpg\" title=\"\" alt=\"\" loading=\"lazy\" \/>\t\t\t\t\t\t\t\t\t\t\t\t\t\t\t<\/div>\n\t\t\t\t<\/div>\n\t\t\t\t<div class=\"elementor-element elementor-element-ba24c77 elementor-widget elementor-widget-text-editor\" data-id=\"ba24c77\" data-element_type=\"widget\" data-e-type=\"widget\" data-widget_type=\"text-editor.default\">\n\t\t\t\t<div class=\"elementor-widget-container\">\n\t\t\t\t\t\t\t\t\t<div class=\"views-field views-field-title\" style=\"text-align: center;\"><span class=\"field-content\"><a href=\"\/en\/otros-organismos-publicos-aslan-2011\/\">Otros Organismos P\u00fablicos &#8211; @asLAN 2011<\/a><\/span><\/div><div class=\"views-field views-field-field-prem-fecha\"><div class=\"field-content\" style=\"text-align: center;\"><span class=\"date-display-single\">11\/03\/2011<\/span><\/div><\/div>\t\t\t\t\t\t\t\t<\/div>\n\t\t\t\t<\/div>\n\t\t\t\t<\/div>\n\t\t<div class=\"elementor-element elementor-element-a40b22e e-grid e-con-full wpr-particle-no wpr-jarallax-no wpr-parallax-no wpr-sticky-section-no e-con e-child\" data-id=\"a40b22e\" data-element_type=\"container\" data-e-type=\"container\">\n\t\t\t\t<div class=\"elementor-element elementor-element-47702df elementor-widget elementor-widget-image\" data-id=\"47702df\" data-element_type=\"widget\" data-e-type=\"widget\" data-widget_type=\"image.default\">\n\t\t\t\t<div class=\"elementor-widget-container\">\n\t\t\t\t\t\t\t\t\t\t\t\t\t\t\t<img loading=\"lazy\" decoding=\"async\" width=\"185\" height=\"139\" src=\"https:\/\/computaex.es\/wp-content\/uploads\/2025\/01\/premio-itanium-humanitarian-impact-2010.jpg\" class=\"attachment-large size-large wp-image-6992\" alt=\"\" \/>\t\t\t\t\t\t\t\t\t\t\t\t\t\t\t<\/div>\n\t\t\t\t<\/div>\n\t\t\t\t<div class=\"elementor-element elementor-element-854953f elementor-widget elementor-widget-text-editor\" data-id=\"854953f\" data-element_type=\"widget\" data-e-type=\"widget\" data-widget_type=\"text-editor.default\">\n\t\t\t\t<div class=\"elementor-widget-container\">\n\t\t\t\t\t\t\t\t\t<div class=\"views-field views-field-title\" style=\"text-align: center;\"><span class=\"field-content\"><a href=\"\/en\/humanitarian-impact-itanium-innovation-awards-2010\/\">Humanitarian Impact &#8211; Itanium Innovation Awards 2010<\/a><\/span><\/div><div class=\"views-field views-field-field-prem-fecha\"><div class=\"field-content\" style=\"text-align: center;\"><span class=\"date-display-single\">15\/06\/2010<\/span><\/div><\/div>\t\t\t\t\t\t\t\t<\/div>\n\t\t\t\t<\/div>\n\t\t\t\t<\/div>\n\t\t<div class=\"elementor-element elementor-element-d96f009 e-grid e-con-full wpr-particle-no wpr-jarallax-no wpr-parallax-no wpr-sticky-section-no e-con e-child\" data-id=\"d96f009\" data-element_type=\"container\" data-e-type=\"container\">\n\t\t\t\t<div class=\"elementor-element elementor-element-872f3a8 elementor-widget elementor-widget-image\" data-id=\"872f3a8\" data-element_type=\"widget\" data-e-type=\"widget\" data-widget_type=\"image.default\">\n\t\t\t\t<div class=\"elementor-widget-container\">\n\t\t\t\t\t\t\t\t\t\t\t\t\t\t\t<img loading=\"lazy\" decoding=\"async\" width=\"185\" height=\"142\" src=\"https:\/\/computaex.es\/wp-content\/uploads\/2025\/01\/computationally-intensive-applications-itanium-2010.jpg\" class=\"attachment-large size-large wp-image-7010\" alt=\"\" \/>\t\t\t\t\t\t\t\t\t\t\t\t\t\t\t<\/div>\n\t\t\t\t<\/div>\n\t\t\t\t<div class=\"elementor-element elementor-element-fc06a2a elementor-widget elementor-widget-text-editor\" data-id=\"fc06a2a\" data-element_type=\"widget\" data-e-type=\"widget\" data-widget_type=\"text-editor.default\">\n\t\t\t\t<div class=\"elementor-widget-container\">\n\t\t\t\t\t\t\t\t\t<div class=\"views-field views-field-title\" style=\"text-align: center;\"><span class=\"field-content\"><a href=\"\/en\/computationally-intensive-applications-itanium-innovation-awards-2010\/\">Computationally Intensive Applications &#8211; Itanium Innovation Awards 2010<\/a><\/span><\/div><div class=\"views-field views-field-field-prem-fecha\"><div class=\"field-content\" style=\"text-align: center;\"><span class=\"date-display-single\">15\/06\/2010<\/span><\/div><\/div>\t\t\t\t\t\t\t\t<\/div>\n\t\t\t\t<\/div>\n\t\t\t\t<\/div>\n\t\t<div class=\"elementor-element elementor-element-6996118 e-grid e-con-full wpr-particle-no wpr-jarallax-no wpr-parallax-no wpr-sticky-section-no e-con e-child\" data-id=\"6996118\" data-element_type=\"container\" data-e-type=\"container\">\n\t\t\t\t<div class=\"elementor-element elementor-element-9072566 elementor-widget elementor-widget-image\" data-id=\"9072566\" data-element_type=\"widget\" data-e-type=\"widget\" data-widget_type=\"image.default\">\n\t\t\t\t<div class=\"elementor-widget-container\">\n\t\t\t\t\t\t\t\t\t\t\t\t\t\t\t<img loading=\"lazy\" decoding=\"async\" width=\"182\" height=\"185\" src=\"https:\/\/computaex.es\/wp-content\/uploads\/2025\/01\/premio-record-electromagnetismo-2009.jpg\" class=\"attachment-large size-large wp-image-7016\" alt=\"\" \/>\t\t\t\t\t\t\t\t\t\t\t\t\t\t\t<\/div>\n\t\t\t\t<\/div>\n\t\t\t\t<div class=\"elementor-element elementor-element-3e93ffd elementor-widget elementor-widget-text-editor\" data-id=\"3e93ffd\" data-element_type=\"widget\" data-e-type=\"widget\" data-widget_type=\"text-editor.default\">\n\t\t\t\t<div class=\"elementor-widget-container\">\n\t\t\t\t\t\t\t\t\t<div class=\"views-field views-field-title\" style=\"text-align: center;\"><span class=\"field-content\"><a href=\"\/en\/record-del-mundo-en-electromagnetismo-620-millones-de-incognitas\/\">R\u00e9cord del Mundo en Electromagnetismo &#8211; 620 millones de inc\u00f3gnitas<\/a><\/span><\/div><div class=\"views-field views-field-field-prem-fecha\"><div class=\"field-content\" style=\"text-align: center;\"><span class=\"date-display-single\">23\/12\/2009<\/span><\/div><\/div>\t\t\t\t\t\t\t\t<\/div>\n\t\t\t\t<\/div>\n\t\t\t\t<\/div>\n\t\t\t\t\t<\/div>\n\t\t\t\t<\/div>\n\t\t\t\t<\/div>","protected":false},"excerpt":{"rendered":"<p>ICTS (Infraestructura Cient\u00edfica y T\u00e9cnica Singular)06\/11\/2018 enerTIC Awards 201630\/11\/2016 Iniciativa empresarial de telecomunicaci\u00f3n m\u00e1s innovadora de Extremadura29\/11\/2013 Labor de difusi\u00f3n &#8211; Escuela Polit\u00e9cnica de C\u00e1ceres10\/05\/2012 21st Century Achievement Award &#8211; &#8230;<\/p>","protected":false},"author":1,"featured_media":0,"parent":0,"menu_order":0,"comment_status":"closed","ping_status":"closed","template":"","meta":{"footnotes":""},"categories":[],"tags":[],"class_list":["post-6864","page","type-page","status-publish","hentry"],"yoast_head":"<!-- This site is optimized with the Yoast SEO plugin v27.1.1 - https:\/\/yoast.com\/product\/yoast-seo-wordpress\/ -->\n<title>Premios y reconocimientos - Fundaci\u00f3n COMPUTAEX<\/title>\n<meta name=\"robots\" content=\"index, follow, max-snippet:-1, max-image-preview:large, max-video-preview:-1\" \/>\n<link rel=\"canonical\" href=\"https:\/\/computaex.es\/en\/premios-y-reconocimientos\/\" \/>\n<meta property=\"og:locale\" content=\"en_US\" \/>\n<meta property=\"og:type\" content=\"article\" \/>\n<meta property=\"og:title\" content=\"Premios y reconocimientos - Fundaci\u00f3n COMPUTAEX\" \/>\n<meta property=\"og:description\" content=\"ICTS (Infraestructura Cient\u00edfica y T\u00e9cnica Singular)06\/11\/2018 enerTIC Awards 201630\/11\/2016 Iniciativa empresarial de telecomunicaci\u00f3n m\u00e1s innovadora de Extremadura29\/11\/2013 Labor de difusi\u00f3n &#8211; Escuela Polit\u00e9cnica de C\u00e1ceres10\/05\/2012 21st Century Achievement Award &#8211; ...\" \/>\n<meta property=\"og:url\" content=\"https:\/\/computaex.es\/en\/premios-y-reconocimientos\/\" \/>\n<meta property=\"og:site_name\" content=\"Fundaci\u00f3n COMPUTAEX\" \/>\n<meta property=\"article:publisher\" content=\"https:\/\/m.facebook.com\/computaex\/\" \/>\n<meta property=\"article:modified_time\" content=\"2025-01-29T11:08:21+00:00\" \/>\n<meta property=\"og:image\" content=\"http:\/\/10.128.3.28\/wp-content\/uploads\/2025\/01\/icts.jpg\" \/>\n<meta name=\"twitter:card\" content=\"summary_large_image\" \/>\n<meta name=\"twitter:site\" content=\"@computaex\" \/>\n<meta name=\"twitter:label1\" content=\"Est. reading time\" \/>\n\t<meta name=\"twitter:data1\" content=\"3 minutes\" \/>\n<script type=\"application\/ld+json\" class=\"yoast-schema-graph\">{\"@context\":\"https:\/\/schema.org\",\"@graph\":[{\"@type\":\"WebPage\",\"@id\":\"https:\/\/computaex.es\/premios-y-reconocimientos\/\",\"url\":\"https:\/\/computaex.es\/premios-y-reconocimientos\/\",\"name\":\"Premios y reconocimientos - Fundaci\u00f3n COMPUTAEX\",\"isPartOf\":{\"@id\":\"https:\/\/computaex.es\/#website\"},\"primaryImageOfPage\":{\"@id\":\"https:\/\/computaex.es\/premios-y-reconocimientos\/#primaryimage\"},\"image\":{\"@id\":\"https:\/\/computaex.es\/premios-y-reconocimientos\/#primaryimage\"},\"thumbnailUrl\":\"http:\/\/10.128.3.28\/wp-content\/uploads\/2025\/01\/icts.jpg\",\"datePublished\":\"2025-01-29T08:47:59+00:00\",\"dateModified\":\"2025-01-29T11:08:21+00:00\",\"breadcrumb\":{\"@id\":\"https:\/\/computaex.es\/premios-y-reconocimientos\/#breadcrumb\"},\"inLanguage\":\"en-US\",\"potentialAction\":[{\"@type\":\"ReadAction\",\"target\":[\"https:\/\/computaex.es\/premios-y-reconocimientos\/\"]}]},{\"@type\":\"ImageObject\",\"inLanguage\":\"en-US\",\"@id\":\"https:\/\/computaex.es\/premios-y-reconocimientos\/#primaryimage\",\"url\":\"http:\/\/10.128.3.28\/wp-content\/uploads\/2025\/01\/icts.jpg\",\"contentUrl\":\"http:\/\/10.128.3.28\/wp-content\/uploads\/2025\/01\/icts.jpg\"},{\"@type\":\"BreadcrumbList\",\"@id\":\"https:\/\/computaex.es\/premios-y-reconocimientos\/#breadcrumb\",\"itemListElement\":[{\"@type\":\"ListItem\",\"position\":1,\"name\":\"Portada\",\"item\":\"https:\/\/computaex.es\/\"},{\"@type\":\"ListItem\",\"position\":2,\"name\":\"Premios y reconocimientos\"}]},{\"@type\":\"WebSite\",\"@id\":\"https:\/\/computaex.es\/#website\",\"url\":\"https:\/\/computaex.es\/\",\"name\":\"Fundaci\u00f3n COMPUTAEX\",\"description\":\"COMPUTAEX\",\"publisher\":{\"@id\":\"https:\/\/computaex.es\/#organization\"},\"potentialAction\":[{\"@type\":\"SearchAction\",\"target\":{\"@type\":\"EntryPoint\",\"urlTemplate\":\"https:\/\/computaex.es\/?s={search_term_string}\"},\"query-input\":{\"@type\":\"PropertyValueSpecification\",\"valueRequired\":true,\"valueName\":\"search_term_string\"}}],\"inLanguage\":\"en-US\"},{\"@type\":\"Organization\",\"@id\":\"https:\/\/computaex.es\/#organization\",\"name\":\"COMPUTAEX\",\"url\":\"https:\/\/computaex.es\/\",\"logo\":{\"@type\":\"ImageObject\",\"inLanguage\":\"en-US\",\"@id\":\"https:\/\/computaex.es\/#\/schema\/logo\/image\/\",\"url\":\"https:\/\/computaex.es\/wp-content\/uploads\/2025\/05\/cropped-COMPUTAEX_transparente-scaled-1.png\",\"contentUrl\":\"https:\/\/computaex.es\/wp-content\/uploads\/2025\/05\/cropped-COMPUTAEX_transparente-scaled-1.png\",\"width\":2560,\"height\":970,\"caption\":\"COMPUTAEX\"},\"image\":{\"@id\":\"https:\/\/computaex.es\/#\/schema\/logo\/image\/\"},\"sameAs\":[\"https:\/\/m.facebook.com\/computaex\/\",\"https:\/\/x.com\/computaex\",\"https:\/\/es.linkedin.com\/company\/cenits\"]}]}<\/script>\n<!-- \/ Yoast SEO plugin. -->","yoast_head_json":{"title":"Premios y reconocimientos - Fundaci\u00f3n COMPUTAEX","robots":{"index":"index","follow":"follow","max-snippet":"max-snippet:-1","max-image-preview":"max-image-preview:large","max-video-preview":"max-video-preview:-1"},"canonical":"https:\/\/computaex.es\/en\/premios-y-reconocimientos\/","og_locale":"en_US","og_type":"article","og_title":"Premios y reconocimientos - Fundaci\u00f3n COMPUTAEX","og_description":"ICTS (Infraestructura Cient\u00edfica y T\u00e9cnica Singular)06\/11\/2018 enerTIC Awards 201630\/11\/2016 Iniciativa empresarial de telecomunicaci\u00f3n m\u00e1s innovadora de Extremadura29\/11\/2013 Labor de difusi\u00f3n &#8211; Escuela Polit\u00e9cnica de C\u00e1ceres10\/05\/2012 21st Century Achievement Award &#8211; ...","og_url":"https:\/\/computaex.es\/en\/premios-y-reconocimientos\/","og_site_name":"Fundaci\u00f3n COMPUTAEX","article_publisher":"https:\/\/m.facebook.com\/computaex\/","article_modified_time":"2025-01-29T11:08:21+00:00","og_image":[{"url":"http:\/\/10.128.3.28\/wp-content\/uploads\/2025\/01\/icts.jpg","type":"","width":"","height":""}],"twitter_card":"summary_large_image","twitter_site":"@computaex","twitter_misc":{"Est. reading time":"3 minutes"},"schema":{"@context":"https:\/\/schema.org","@graph":[{"@type":"WebPage","@id":"https:\/\/computaex.es\/premios-y-reconocimientos\/","url":"https:\/\/computaex.es\/premios-y-reconocimientos\/","name":"Premios y reconocimientos - Fundaci\u00f3n COMPUTAEX","isPartOf":{"@id":"https:\/\/computaex.es\/#website"},"primaryImageOfPage":{"@id":"https:\/\/computaex.es\/premios-y-reconocimientos\/#primaryimage"},"image":{"@id":"https:\/\/computaex.es\/premios-y-reconocimientos\/#primaryimage"},"thumbnailUrl":"http:\/\/10.128.3.28\/wp-content\/uploads\/2025\/01\/icts.jpg","datePublished":"2025-01-29T08:47:59+00:00","dateModified":"2025-01-29T11:08:21+00:00","breadcrumb":{"@id":"https:\/\/computaex.es\/premios-y-reconocimientos\/#breadcrumb"},"inLanguage":"en-US","potentialAction":[{"@type":"ReadAction","target":["https:\/\/computaex.es\/premios-y-reconocimientos\/"]}]},{"@type":"ImageObject","inLanguage":"en-US","@id":"https:\/\/computaex.es\/premios-y-reconocimientos\/#primaryimage","url":"http:\/\/10.128.3.28\/wp-content\/uploads\/2025\/01\/icts.jpg","contentUrl":"http:\/\/10.128.3.28\/wp-content\/uploads\/2025\/01\/icts.jpg"},{"@type":"BreadcrumbList","@id":"https:\/\/computaex.es\/premios-y-reconocimientos\/#breadcrumb","itemListElement":[{"@type":"ListItem","position":1,"name":"Portada","item":"https:\/\/computaex.es\/"},{"@type":"ListItem","position":2,"name":"Premios y reconocimientos"}]},{"@type":"WebSite","@id":"https:\/\/computaex.es\/#website","url":"https:\/\/computaex.es\/","name":"COMPUTAEX Foundation","description":"COMPUTAEX","publisher":{"@id":"https:\/\/computaex.es\/#organization"},"potentialAction":[{"@type":"SearchAction","target":{"@type":"EntryPoint","urlTemplate":"https:\/\/computaex.es\/?s={search_term_string}"},"query-input":{"@type":"PropertyValueSpecification","valueRequired":true,"valueName":"search_term_string"}}],"inLanguage":"en-US"},{"@type":"Organization","@id":"https:\/\/computaex.es\/#organization","name":"COMPUTAEX","url":"https:\/\/computaex.es\/","logo":{"@type":"ImageObject","inLanguage":"en-US","@id":"https:\/\/computaex.es\/#\/schema\/logo\/image\/","url":"https:\/\/computaex.es\/wp-content\/uploads\/2025\/05\/cropped-COMPUTAEX_transparente-scaled-1.png","contentUrl":"https:\/\/computaex.es\/wp-content\/uploads\/2025\/05\/cropped-COMPUTAEX_transparente-scaled-1.png","width":2560,"height":970,"caption":"COMPUTAEX"},"image":{"@id":"https:\/\/computaex.es\/#\/schema\/logo\/image\/"},"sameAs":["https:\/\/m.facebook.com\/computaex\/","https:\/\/x.com\/computaex","https:\/\/es.linkedin.com\/company\/cenits"]}]}},"_links":{"self":[{"href":"https:\/\/computaex.es\/en\/wp-json\/wp\/v2\/pages\/6864","targetHints":{"allow":["GET"]}}],"collection":[{"href":"https:\/\/computaex.es\/en\/wp-json\/wp\/v2\/pages"}],"about":[{"href":"https:\/\/computaex.es\/en\/wp-json\/wp\/v2\/types\/page"}],"author":[{"embeddable":true,"href":"https:\/\/computaex.es\/en\/wp-json\/wp\/v2\/users\/1"}],"replies":[{"embeddable":true,"href":"https:\/\/computaex.es\/en\/wp-json\/wp\/v2\/comments?post=6864"}],"version-history":[{"count":40,"href":"https:\/\/computaex.es\/en\/wp-json\/wp\/v2\/pages\/6864\/revisions"}],"predecessor-version":[{"id":7019,"href":"https:\/\/computaex.es\/en\/wp-json\/wp\/v2\/pages\/6864\/revisions\/7019"}],"wp:attachment":[{"href":"https:\/\/computaex.es\/en\/wp-json\/wp\/v2\/media?parent=6864"}],"wp:term":[{"taxonomy":"category","embeddable":true,"href":"https:\/\/computaex.es\/en\/wp-json\/wp\/v2\/categories?post=6864"},{"taxonomy":"post_tag","embeddable":true,"href":"https:\/\/computaex.es\/en\/wp-json\/wp\/v2\/tags?post=6864"}],"curies":[{"name":"wp","href":"https:\/\/api.w.org\/{rel}","templated":true}]}}