{"id":6881,"date":"2025-01-29T10:03:45","date_gmt":"2025-01-29T09:03:45","guid":{"rendered":"http:\/\/10.128.3.28\/?page_id=6881"},"modified":"2025-08-28T11:56:23","modified_gmt":"2025-08-28T09:56:23","slug":"icts-infraestructura-cientifica-y-tecnica-singular","status":"publish","type":"page","link":"https:\/\/computaex.es\/en\/icts-infraestructura-cientifica-y-tecnica-singular\/","title":{"rendered":"ICTS (Infraestructura Cient\u00edfica y T\u00e9cnica Singular)"},"content":{"rendered":"<div class=\"field field-name-field-prem-fecha field-type-date field-label-inline clearfix\">\n<div class=\"field-label\">Fecha: <span class=\"date-display-single\">06\/11\/2018<\/span><\/div>\n<\/div>\n<div class=\"field field-name-field-prem-imagen-premio field-type-image field-label-hidden\">\n<div class=\"field-items\">\n<div class=\"field-item even\"><a href=\"https:\/\/computaex.es\/wp-content\/uploads\/2025\/01\/icts.jpg\"><img decoding=\"async\" class=\"size-full wp-image-6872 alignleft\" src=\"https:\/\/computaex.es\/wp-content\/uploads\/2025\/01\/icts.jpg\" alt=\"\" width=\"185\" height=\"109\" \/><\/a><\/div>\n<\/div>\n<\/div>\n<div class=\"field field-name-field-prem-descripcion field-type-text-long field-label-hidden\">\n<div class=\"field-items\">\n<div class=\"field-item even\">\n<p>&nbsp;<\/p>\n<p>&nbsp;<\/p>\n<p>&nbsp;<\/p>\n<p>El Consejo de Pol\u00edtica Cient\u00edfica, Tecnol\u00f3gica y de Innovaci\u00f3n aprob\u00f3 el 6 de noviembre de 2018 el nuevo Mapa de Infraestructuras Cient\u00edficas y T\u00e9cnicas Singulares (ICTS) de Espa\u00f1a, reconociendo al\u00a0<a href=\"\/lusitania\/\">Supercomputador LUSITANIA<\/a>\u00a0como nuevo nodo. Aunque el Supercomputador extreme\u00f1o ya era de facto una ICTS desde que en 2015 pas\u00f3 a formar parte de la Red Espa\u00f1ola de Supercomputaci\u00f3n (<a href=\"https:\/\/www.res.es\/\">RES<\/a>), el mapa no hab\u00eda sido actualizado desde 2014, dada la complejidad que supone el proceso de evaluaci\u00f3n para formar parte del mismo, en el que se tienen en cuenta exigentes criterios de calidad cient\u00edfica, tecnol\u00f3gica y de innovaci\u00f3n. Cabe destacar asimismo que el nuevo Mapa est\u00e1 integrado por 29 ICTS que aglutinan un total de 62 instalaciones distribuidas por todo el territorio nacional.<\/p>\n<p>Las ICTS son infraestructuras que prestan servicios para desarrollar investigaci\u00f3n de vanguardia y de m\u00e1xima calidad, as\u00ed como para la transmisi\u00f3n, intercambio y preservaci\u00f3n del conocimiento, la transferencia de tecnolog\u00eda y el fomento de la innovaci\u00f3n. Su objetivo es la puesta a disposici\u00f3n de la comunidad cient\u00edfica, tecnol\u00f3gica e industrial nacional e internacional de infraestructuras cient\u00edfico-t\u00e9cnicas de vanguardia, indispensables para el desarrollo de una investigaci\u00f3n cient\u00edfica y tecnol\u00f3gica competitiva y de calidad, entendiendo por tales aqu\u00e9llas que son \u00fanicas o excepcionales en su g\u00e9nero, con un coste de inversi\u00f3n y\/o mantenimiento y operaci\u00f3n muy elevado y cuya importancia y car\u00e1cter estrat\u00e9gico justifica su disponibilidad para todo el colectivo de I+D+i.<\/p>\n<p>Se trat\u00f3, por tanto, de un importante reconocimiento para Extremadura que, de este modo, pas\u00f3 a contar con dos centros extreme\u00f1os en el mapa de ICTS, colaborando y promoviendo\u00a0 la competitividad cient\u00edfica y tecnol\u00f3gica de las infraestructuras espa\u00f1olas en el escenario internacional, y aline\u00e1ndose con la\u00a0<a href=\"https:\/\/www.esfri.eu\/\">Hoja de Ruta de Infraestructuras Europeas de Investigaci\u00f3n<\/a>\u00a0(ESFRI, European Strategy Forum on Research Infrastructures) y con otros planes estrat\u00e9gicos internacionales de \u00e1mbito espec\u00edfico, entre los que destacan las agendas de las Plataformas Tecnol\u00f3gicas Europeas, las Iniciativas Tecnol\u00f3gicas Conjuntas (JTI; Joint Technology Initiatives), e Iniciativas Program\u00e1ticas Conjuntas (JPI, Joint Programming Initiatives), entre otros.<\/p>\n<p>Este hecho refleja adem\u00e1s el compromiso con la I+D+i que la Fundaci\u00f3n COMPUTAEX y su centro C\u00e9nitS mantienen desde su creaci\u00f3n en el a\u00f1o 2009, promoviendo el desarrollo de las tecnolog\u00edas de la informaci\u00f3n, el uso del c\u00e1lculo intensivo y de las comunicaciones avanzadas como instrumentos para el desarrollo socioecon\u00f3mico sostenible, habiendo dado ya respuesta a m\u00e1s de 120\u00a0<a href=\"http:\/\/www.cenits.es\/proyectos\">proyectos de investigaci\u00f3n<\/a>\u00a0y recibiendo varios\u00a0<a href=\"http:\/\/www.cenits.es\/fundacion\/premios-y-reconocimientos\">reconocimientos nacionales e internacionales<\/a>.<\/p>\n<p>Ver\u00a0<a href=\"\/wp-content\/uploads\/2025\/01\/20181106_nota_de_prensa_0.pdf\" target=\"_blank\" rel=\"noopener\">nota de prensa de C\u00e9nitS-COMPUTAEX<\/a>.<\/p>\n<p>Descargar Infograf\u00eda del Mapa de ICTS [<a href=\"https:\/\/www.ciencia.gob.es\/stfls\/MICINN\/Innovacion\/FICHEROS\/mapaICTS_101120.pdf\">espa\u00f1ol<\/a>] [<a href=\"https:\/\/www.ciencia.gob.es\/stfls\/MICINN\/Innovacion\/FICHEROS\/mapICTS_english_101120.pdf\">ingl\u00e9s<\/a>].<br \/>\nDescargar libro del\u00a0<a href=\"https:\/\/www.ciencia.gob.es\/stfls\/MICINN\/Investigacion\/FICHEROS\/ICTS_ES_ED2019.pdf\">Mapa de ICTS<\/a>.<\/p>\n<p>Noticias relacionadas:<\/p>\n<ul>\n<li>El Consejo de Pol\u00edtica Cient\u00edfica, Tecnol\u00f3gica y de Innovaci\u00f3n aprueba la actualizaci\u00f3n del Mapa de ICTS [<a href=\"http:\/\/www.ciencia.gob.es\/portal\/site\/MICINN\/menuitem.edc7f2029a2be27d7010721001432ea0\/?vgnextoid=feeca1a0899e6610VgnVCM1000001d04140aRCRD&amp;vgnextchannel=4346846085f90210VgnVCM1000001034e20aRCRD\" target=\"_blank\" rel=\"noopener\">Ministerio de Ciencia, Innovaci\u00f3n y Universidades<\/a>]<\/li>\n<li>La Red Espa\u00f1ola de Supercomputaci\u00f3n forma parte del nuevo mapa de Infraestructuras Cient\u00edficas y T\u00e9cnicas Singulares (ICTS) [<a href=\"https:\/\/www.res.es\/es\/noticias\/la-red-espa%C3%B1ola-de-supercomputaci%C3%B3n-forma-parte-del-nuevo-mapa-de-infraestructuras\" target=\"_blank\" rel=\"noopener\">RES<\/a>]<\/li>\n<li>El supercomputador Lusitania es reconocido como una de las infraestructuras de ciencia y tecnolog\u00eda m\u00e1s valiosas del pa\u00eds [<a href=\"http:\/\/www.juntaex.es\/comunicacion\/noticia&amp;idPub=26342\" target=\"_blank\" rel=\"noopener\">Junta de Extremadura<\/a>]<\/li>\n<li>El supercomputador Lusitania es reconocido como una de las infraestructuras m\u00e1s valiosas [<a href=\"https:\/\/www.regiondigital.com\/noticias\/portada\/301860-el-supercomputador-lusitania-es-reconocido-como-una-de-las-infraestructuras-mas-valiosas.html\" target=\"_blank\" rel=\"noopener\">Regi\u00f3n Digital<\/a>]<\/li>\n<li>La supercomputadora Lusitania entra en el exclusivo club de infraestructuras t\u00e9cnicas singulares [<a href=\"https:\/\/www.hoy.es\/extremadura\/supercomutador-lusitania-entra-20181106151214-nt.html\" target=\"_blank\" rel=\"noopener\">Diario Hoy<\/a>]<\/li>\n<li>El supercomputador Lusitania es reconocido como una de las infraestructuras de ciencia y tecnolog\u00eda m\u00e1s valiosas del pa\u00eds [<a href=\"https:\/\/www.extremadura.com\/noticias\/2018\/11\/06\/el-supercomputador-lusitania-es-reconocido-como-una-de-las-infraestructuras-de-ciencia-y-tecnologia-mas-valiosas-del-pais\" target=\"_blank\" rel=\"noopener\">Extremadura.com<\/a>] [<a href=\"https:\/\/digitalextremadura.com\/el-supercomputador-lusitania-es-reconocido-como-una-de-las-infraestructuras-de-ciencia-y-tecnologia-mas-valiosas-del-pais\/\" target=\"_blank\" rel=\"noopener\">Digital Extremadura<\/a>]<\/li>\n<\/ul>\n<\/div>\n<\/div>\n<\/div>\n","protected":false},"excerpt":{"rendered":"<p>Fecha: 06\/11\/2018 &nbsp; &nbsp; &nbsp; El Consejo de Pol\u00edtica Cient\u00edfica, Tecnol\u00f3gica y de Innovaci\u00f3n aprob\u00f3 el 6 de noviembre de 2018 el nuevo Mapa de Infraestructuras Cient\u00edficas y T\u00e9cnicas Singulares &#8230;<\/p>","protected":false},"author":1,"featured_media":0,"parent":0,"menu_order":0,"comment_status":"closed","ping_status":"closed","template":"","meta":{"footnotes":""},"categories":[],"tags":[],"class_list":["post-6881","page","type-page","status-publish","hentry"],"yoast_head":"<!-- This site is optimized with the Yoast SEO plugin v27.1.1 - https:\/\/yoast.com\/product\/yoast-seo-wordpress\/ -->\n<title>ICTS (Infraestructura Cient\u00edfica y T\u00e9cnica Singular) - Fundaci\u00f3n COMPUTAEX<\/title>\n<meta name=\"robots\" content=\"index, follow, max-snippet:-1, max-image-preview:large, max-video-preview:-1\" \/>\n<link rel=\"canonical\" href=\"https:\/\/computaex.es\/en\/icts-infraestructura-cientifica-y-tecnica-singular\/\" \/>\n<meta property=\"og:locale\" content=\"en_US\" \/>\n<meta property=\"og:type\" content=\"article\" \/>\n<meta property=\"og:title\" content=\"ICTS (Infraestructura Cient\u00edfica y T\u00e9cnica Singular) - Fundaci\u00f3n COMPUTAEX\" \/>\n<meta property=\"og:description\" content=\"Fecha: 06\/11\/2018 &nbsp; &nbsp; &nbsp; El Consejo de Pol\u00edtica Cient\u00edfica, Tecnol\u00f3gica y de Innovaci\u00f3n aprob\u00f3 el 6 de noviembre de 2018 el nuevo Mapa de Infraestructuras Cient\u00edficas y T\u00e9cnicas Singulares ...\" \/>\n<meta property=\"og:url\" content=\"https:\/\/computaex.es\/en\/icts-infraestructura-cientifica-y-tecnica-singular\/\" \/>\n<meta property=\"og:site_name\" content=\"Fundaci\u00f3n COMPUTAEX\" \/>\n<meta property=\"article:publisher\" content=\"https:\/\/m.facebook.com\/computaex\/\" \/>\n<meta property=\"article:modified_time\" content=\"2025-08-28T09:56:23+00:00\" \/>\n<meta property=\"og:image\" content=\"https:\/\/computaex.es\/wp-content\/uploads\/2025\/01\/icts.jpg\" \/>\n<meta name=\"twitter:card\" content=\"summary_large_image\" \/>\n<meta name=\"twitter:site\" content=\"@computaex\" \/>\n<meta name=\"twitter:label1\" content=\"Est. reading time\" \/>\n\t<meta name=\"twitter:data1\" content=\"3 minutes\" \/>\n<script type=\"application\/ld+json\" class=\"yoast-schema-graph\">{\"@context\":\"https:\/\/schema.org\",\"@graph\":[{\"@type\":\"WebPage\",\"@id\":\"https:\/\/computaex.es\/icts-infraestructura-cientifica-y-tecnica-singular\/\",\"url\":\"https:\/\/computaex.es\/icts-infraestructura-cientifica-y-tecnica-singular\/\",\"name\":\"ICTS (Infraestructura Cient\u00edfica y T\u00e9cnica Singular) - Fundaci\u00f3n COMPUTAEX\",\"isPartOf\":{\"@id\":\"https:\/\/computaex.es\/#website\"},\"primaryImageOfPage\":{\"@id\":\"https:\/\/computaex.es\/icts-infraestructura-cientifica-y-tecnica-singular\/#primaryimage\"},\"image\":{\"@id\":\"https:\/\/computaex.es\/icts-infraestructura-cientifica-y-tecnica-singular\/#primaryimage\"},\"thumbnailUrl\":\"https:\/\/computaex.es\/wp-content\/uploads\/2025\/01\/icts.jpg\",\"datePublished\":\"2025-01-29T09:03:45+00:00\",\"dateModified\":\"2025-08-28T09:56:23+00:00\",\"breadcrumb\":{\"@id\":\"https:\/\/computaex.es\/icts-infraestructura-cientifica-y-tecnica-singular\/#breadcrumb\"},\"inLanguage\":\"en-US\",\"potentialAction\":[{\"@type\":\"ReadAction\",\"target\":[\"https:\/\/computaex.es\/icts-infraestructura-cientifica-y-tecnica-singular\/\"]}]},{\"@type\":\"ImageObject\",\"inLanguage\":\"en-US\",\"@id\":\"https:\/\/computaex.es\/icts-infraestructura-cientifica-y-tecnica-singular\/#primaryimage\",\"url\":\"https:\/\/computaex.es\/wp-content\/uploads\/2025\/01\/icts.jpg\",\"contentUrl\":\"https:\/\/computaex.es\/wp-content\/uploads\/2025\/01\/icts.jpg\"},{\"@type\":\"BreadcrumbList\",\"@id\":\"https:\/\/computaex.es\/icts-infraestructura-cientifica-y-tecnica-singular\/#breadcrumb\",\"itemListElement\":[{\"@type\":\"ListItem\",\"position\":1,\"name\":\"Portada\",\"item\":\"https:\/\/computaex.es\/\"},{\"@type\":\"ListItem\",\"position\":2,\"name\":\"ICTS (Infraestructura Cient\u00edfica y T\u00e9cnica Singular)\"}]},{\"@type\":\"WebSite\",\"@id\":\"https:\/\/computaex.es\/#website\",\"url\":\"https:\/\/computaex.es\/\",\"name\":\"Fundaci\u00f3n COMPUTAEX\",\"description\":\"COMPUTAEX\",\"publisher\":{\"@id\":\"https:\/\/computaex.es\/#organization\"},\"potentialAction\":[{\"@type\":\"SearchAction\",\"target\":{\"@type\":\"EntryPoint\",\"urlTemplate\":\"https:\/\/computaex.es\/?s={search_term_string}\"},\"query-input\":{\"@type\":\"PropertyValueSpecification\",\"valueRequired\":true,\"valueName\":\"search_term_string\"}}],\"inLanguage\":\"en-US\"},{\"@type\":\"Organization\",\"@id\":\"https:\/\/computaex.es\/#organization\",\"name\":\"COMPUTAEX\",\"url\":\"https:\/\/computaex.es\/\",\"logo\":{\"@type\":\"ImageObject\",\"inLanguage\":\"en-US\",\"@id\":\"https:\/\/computaex.es\/#\/schema\/logo\/image\/\",\"url\":\"https:\/\/computaex.es\/wp-content\/uploads\/2025\/05\/cropped-COMPUTAEX_transparente-scaled-1.png\",\"contentUrl\":\"https:\/\/computaex.es\/wp-content\/uploads\/2025\/05\/cropped-COMPUTAEX_transparente-scaled-1.png\",\"width\":2560,\"height\":970,\"caption\":\"COMPUTAEX\"},\"image\":{\"@id\":\"https:\/\/computaex.es\/#\/schema\/logo\/image\/\"},\"sameAs\":[\"https:\/\/m.facebook.com\/computaex\/\",\"https:\/\/x.com\/computaex\",\"https:\/\/es.linkedin.com\/company\/cenits\"]}]}<\/script>\n<!-- \/ Yoast SEO plugin. -->","yoast_head_json":{"title":"ICTS (Infraestructura Cient\u00edfica y T\u00e9cnica Singular) - Fundaci\u00f3n COMPUTAEX","robots":{"index":"index","follow":"follow","max-snippet":"max-snippet:-1","max-image-preview":"max-image-preview:large","max-video-preview":"max-video-preview:-1"},"canonical":"https:\/\/computaex.es\/en\/icts-infraestructura-cientifica-y-tecnica-singular\/","og_locale":"en_US","og_type":"article","og_title":"ICTS (Infraestructura Cient\u00edfica y T\u00e9cnica Singular) - Fundaci\u00f3n COMPUTAEX","og_description":"Fecha: 06\/11\/2018 &nbsp; &nbsp; &nbsp; El Consejo de Pol\u00edtica Cient\u00edfica, Tecnol\u00f3gica y de Innovaci\u00f3n aprob\u00f3 el 6 de noviembre de 2018 el nuevo Mapa de Infraestructuras Cient\u00edficas y T\u00e9cnicas Singulares ...","og_url":"https:\/\/computaex.es\/en\/icts-infraestructura-cientifica-y-tecnica-singular\/","og_site_name":"Fundaci\u00f3n COMPUTAEX","article_publisher":"https:\/\/m.facebook.com\/computaex\/","article_modified_time":"2025-08-28T09:56:23+00:00","og_image":[{"url":"https:\/\/computaex.es\/wp-content\/uploads\/2025\/01\/icts.jpg","type":"","width":"","height":""}],"twitter_card":"summary_large_image","twitter_site":"@computaex","twitter_misc":{"Est. reading time":"3 minutes"},"schema":{"@context":"https:\/\/schema.org","@graph":[{"@type":"WebPage","@id":"https:\/\/computaex.es\/icts-infraestructura-cientifica-y-tecnica-singular\/","url":"https:\/\/computaex.es\/icts-infraestructura-cientifica-y-tecnica-singular\/","name":"ICTS (Infraestructura Cient\u00edfica y T\u00e9cnica Singular) - Fundaci\u00f3n COMPUTAEX","isPartOf":{"@id":"https:\/\/computaex.es\/#website"},"primaryImageOfPage":{"@id":"https:\/\/computaex.es\/icts-infraestructura-cientifica-y-tecnica-singular\/#primaryimage"},"image":{"@id":"https:\/\/computaex.es\/icts-infraestructura-cientifica-y-tecnica-singular\/#primaryimage"},"thumbnailUrl":"https:\/\/computaex.es\/wp-content\/uploads\/2025\/01\/icts.jpg","datePublished":"2025-01-29T09:03:45+00:00","dateModified":"2025-08-28T09:56:23+00:00","breadcrumb":{"@id":"https:\/\/computaex.es\/icts-infraestructura-cientifica-y-tecnica-singular\/#breadcrumb"},"inLanguage":"en-US","potentialAction":[{"@type":"ReadAction","target":["https:\/\/computaex.es\/icts-infraestructura-cientifica-y-tecnica-singular\/"]}]},{"@type":"ImageObject","inLanguage":"en-US","@id":"https:\/\/computaex.es\/icts-infraestructura-cientifica-y-tecnica-singular\/#primaryimage","url":"https:\/\/computaex.es\/wp-content\/uploads\/2025\/01\/icts.jpg","contentUrl":"https:\/\/computaex.es\/wp-content\/uploads\/2025\/01\/icts.jpg"},{"@type":"BreadcrumbList","@id":"https:\/\/computaex.es\/icts-infraestructura-cientifica-y-tecnica-singular\/#breadcrumb","itemListElement":[{"@type":"ListItem","position":1,"name":"Portada","item":"https:\/\/computaex.es\/"},{"@type":"ListItem","position":2,"name":"ICTS (Infraestructura Cient\u00edfica y T\u00e9cnica Singular)"}]},{"@type":"WebSite","@id":"https:\/\/computaex.es\/#website","url":"https:\/\/computaex.es\/","name":"COMPUTAEX Foundation","description":"COMPUTAEX","publisher":{"@id":"https:\/\/computaex.es\/#organization"},"potentialAction":[{"@type":"SearchAction","target":{"@type":"EntryPoint","urlTemplate":"https:\/\/computaex.es\/?s={search_term_string}"},"query-input":{"@type":"PropertyValueSpecification","valueRequired":true,"valueName":"search_term_string"}}],"inLanguage":"en-US"},{"@type":"Organization","@id":"https:\/\/computaex.es\/#organization","name":"COMPUTAEX","url":"https:\/\/computaex.es\/","logo":{"@type":"ImageObject","inLanguage":"en-US","@id":"https:\/\/computaex.es\/#\/schema\/logo\/image\/","url":"https:\/\/computaex.es\/wp-content\/uploads\/2025\/05\/cropped-COMPUTAEX_transparente-scaled-1.png","contentUrl":"https:\/\/computaex.es\/wp-content\/uploads\/2025\/05\/cropped-COMPUTAEX_transparente-scaled-1.png","width":2560,"height":970,"caption":"COMPUTAEX"},"image":{"@id":"https:\/\/computaex.es\/#\/schema\/logo\/image\/"},"sameAs":["https:\/\/m.facebook.com\/computaex\/","https:\/\/x.com\/computaex","https:\/\/es.linkedin.com\/company\/cenits"]}]}},"_links":{"self":[{"href":"https:\/\/computaex.es\/en\/wp-json\/wp\/v2\/pages\/6881","targetHints":{"allow":["GET"]}}],"collection":[{"href":"https:\/\/computaex.es\/en\/wp-json\/wp\/v2\/pages"}],"about":[{"href":"https:\/\/computaex.es\/en\/wp-json\/wp\/v2\/types\/page"}],"author":[{"embeddable":true,"href":"https:\/\/computaex.es\/en\/wp-json\/wp\/v2\/users\/1"}],"replies":[{"embeddable":true,"href":"https:\/\/computaex.es\/en\/wp-json\/wp\/v2\/comments?post=6881"}],"version-history":[{"count":3,"href":"https:\/\/computaex.es\/en\/wp-json\/wp\/v2\/pages\/6881\/revisions"}],"predecessor-version":[{"id":9868,"href":"https:\/\/computaex.es\/en\/wp-json\/wp\/v2\/pages\/6881\/revisions\/9868"}],"wp:attachment":[{"href":"https:\/\/computaex.es\/en\/wp-json\/wp\/v2\/media?parent=6881"}],"wp:term":[{"taxonomy":"category","embeddable":true,"href":"https:\/\/computaex.es\/en\/wp-json\/wp\/v2\/categories?post=6881"},{"taxonomy":"post_tag","embeddable":true,"href":"https:\/\/computaex.es\/en\/wp-json\/wp\/v2\/tags?post=6881"}],"curies":[{"name":"wp","href":"https:\/\/api.w.org\/{rel}","templated":true}]}}