{"id":6895,"date":"2025-01-29T10:10:26","date_gmt":"2025-01-29T09:10:26","guid":{"rendered":"http:\/\/10.128.3.28\/?page_id=6895"},"modified":"2025-08-28T12:09:47","modified_gmt":"2025-08-28T10:09:47","slug":"enertic-awards-2016","status":"publish","type":"page","link":"https:\/\/computaex.es\/en\/enertic-awards-2016\/","title":{"rendered":"enerTIC Awards 2016"},"content":{"rendered":"<div class=\"field field-name-field-prem-fecha field-type-date field-label-inline clearfix\">\n<div class=\"field-label\">Fecha: <span class=\"date-display-single\">30\/11\/2016<\/span><\/div>\n<div><\/div>\n<\/div>\n<div class=\"field field-name-field-prem-imagen-premio field-type-image field-label-hidden\">\n<div class=\"field-items\">\n<div class=\"field-item even\"><img decoding=\"async\" class=\"wp-image-4677 size-full alignnone\" src=\"https:\/\/computaex.es\/wp-content\/uploads\/2025\/01\/enertic_awards_0.jpg\" alt=\"\" width=\"185\" height=\"108\" \/><\/div>\n<div><\/div>\n<div class=\"field-item even\">El proyecto \u00abLUSITANIA II, un supercomputador en un CPD al aire libre\u00bb, de\u00a0<a href=\"\/descripcion-centro\">C\u00e9nitS<\/a>&#8211;<a href=\"\/descripcion-la-fundacion\">COMPUTAEX<\/a>, fue seleccionado como finalista en dos categor\u00edas,<strong>\u00a0Smart TI Infraestructure<\/strong>\u00a0y\u00a0<strong>Smart Cloud<\/strong>, de la cuarta edici\u00f3n de los\u00a0<a href=\"http:\/\/www.enertic.org\/Awards\" target=\"_blank\" rel=\"noopener\">enerTIC Awards<\/a>.<\/div>\n<\/div>\n<\/div>\n<div class=\"field field-name-field-prem-descripcion field-type-text-long field-label-hidden\">\n<div class=\"field-items\">\n<div class=\"field-item even\">\n<p>Estos galardones suponen un reconocimiento a la innovaci\u00f3n y a las mejores pr\u00e1cticas, premiando proyectos tecnol\u00f3gicos innovadores, comprometidos con la eficiencia energ\u00e9tica y la sostenibilidad, as\u00ed como actuaciones e inicativas que promueven el uso de las Tecnolog\u00edas de la Informaci\u00f3n y de la Comunicaci\u00f3n (TICs) para la mejora de la eficiencia energ\u00e9tica.<\/p>\n<p>El Comit\u00e9 T\u00e9cnico de la plataforma enerTIC evalu\u00f3 los 60 proyectos presentados, eligiendo tres finalistas por cada categor\u00eda, en base a diversos criterios de evaluaci\u00f3n, como el grado de innovaci\u00f3n, el nivel de uso de las TICs, el impacto en la reducci\u00f3n de consumo energ\u00e9tico y emisiones CO2, la ejemplaridad o aplicabilidad en otras organizaciones y entornos, y el uso de m\u00e9tricas e indicadores de mejora.<\/p>\n<p>Cabe destacar adem\u00e1s, que el Director General de COMPUTAEX, D. Jos\u00e9 Luis Gonz\u00e1lez, fue propuesto por el Comit\u00e9 T\u00e9cnico de la organizaci\u00f3n, en la categor\u00eda de Apoyo a la Investigaci\u00f3n, que reconoce a aquellos directivos que son considerados como referentes en el \u00e1mbito de la aplicaci\u00f3n de las TICs para la mejora de la eficiencia energ\u00e9tica y la sostenibilidad.<\/p>\n<p><center><img decoding=\"async\" class=\"aligncenter\" src=\"https:\/\/www.computaex.es\/sites\/cenits.es\/files\/noticias\/votacion_1.jpg\" alt=\"\" \/><img decoding=\"async\" class=\"aligncenter\" src=\"https:\/\/www.computaex.es\/sites\/cenits.es\/files\/noticias\/votacion_2.jpg\" alt=\"\" \/><\/center><img decoding=\"async\" class=\"wp-image-6900 size-medium aligncenter\" src=\"https:\/\/computaex.es\/wp-content\/uploads\/2025\/01\/votacion_1-300x126.jpg\" alt=\"\" width=\"300\" height=\"126\" srcset=\"https:\/\/computaex.es\/wp-content\/uploads\/2025\/01\/votacion_1-300x126.jpg 300w, https:\/\/computaex.es\/wp-content\/uploads\/2025\/01\/votacion_1.jpg 413w\" sizes=\"(max-width: 300px) 100vw, 300px\" \/> <img decoding=\"async\" class=\"wp-image-6899 size-medium aligncenter\" src=\"https:\/\/computaex.es\/wp-content\/uploads\/2025\/01\/votacion_2-300x126.jpg\" alt=\"\" width=\"300\" height=\"126\" srcset=\"https:\/\/computaex.es\/wp-content\/uploads\/2025\/01\/votacion_2-300x126.jpg 300w, https:\/\/computaex.es\/wp-content\/uploads\/2025\/01\/votacion_2.jpg 413w\" sizes=\"(max-width: 300px) 100vw, 300px\" \/><\/p>\n<p>Noticias relacionadas:<\/p>\n<\/div>\n<\/div>\n<\/div>\n<div class=\"field field-name-field-prem-noticias field-type-text-long field-label-above\">\n<div class=\"field-items\">\n<div class=\"field-item even\">\n<ul>\n<li><a href=\"\/sin-categoria\/la-plataforma-enertic-entrevista-al-director-general-de-la-fundacion-computaex\/\">La plataforma enerTIC entrevista al Director General de la Fundaci\u00f3n COMPUTAEX<\/a>\u00a0[C\u00e9nitS]<\/li>\n<li><a href=\"http:\/\/www.enertic.org\/CentroConocimiento?param1=2291&amp;param2=Entrevista%20Jos%C3%A9%20Luis%20Gonz%C3%A1lez,%20Director%20General%20de%20Fundaci%C3%B3n%20COMPUTAEX%20y%20director%20cient%C3%ADfico%20del%20Centro%20CenitS\" target=\"_blank\" rel=\"noopener\">Entrevista a Jos\u00e9 Luis Gonz\u00e1lez, Director General de la Fundaci\u00f3n COMPUTAEX y director cient\u00edfico del centro C\u00e9nitS<\/a>\u00a0[enerTIC].<\/li>\n<li><a href=\"\/premios\/computaex-finalista-de-la-iv-edicion-de-los-enertic-awards\/\">COMPUTAEX finalista de la IV edici\u00f3n de los enerTIC Awards<\/a>\u00a0[C\u00e9nitS]<\/li>\n<li>COMPUTAEX en la final de los enerTIC Awards 2016, que premian iniciativas innovadoras sobre eficiencia energ\u00e9tica y sostenibilidad. [<a href=\"http:\/\/www.gobex.es\/comunicacion\/noticia&amp;idPub=20122\" target=\"_blank\" rel=\"noopener\">Junta de Extremadura<\/a>] [<a href=\"http:\/\/www.extremadura.com\/noticias\/2016\/10\/05\/computaex-en-la-final-de-los-enertic-awards-2016-que-premian-iniciativas-innovadoras-sobre-eficiencia-energetica-y-sostenibilidad\" target=\"_blank\" rel=\"noopener\">Extremadura.com<\/a>]<\/li>\n<li>COMPUTAEX alcanza la fase final de los premios de la Asociaci\u00f3n de Fabricantes de Equipos para Telecomunicaciones. [<a href=\"http:\/\/www.europapress.es\/extremadura\/noticia-computaex-alcanza-fase-final-premios-asociacion-fabricantes-equipos-telecomunicaciones-20110307103848.html\" target=\"_blank\" rel=\"noopener\">Europa Press<\/a>]<\/li>\n<li>El proyecto extreme\u00f1o del supercomputador Lusitania II alcanza la final de los premios enerTIC Awards 2016 [<a href=\"http:\/\/www.elperiodicoextremadura.com\/noticias\/extremadura\/proyecto-extremeno-supercomputador-lusitania-ii-alcanza-final-premios-enertic-awards-2016_966403.html\" target=\"_blank\" rel=\"noopener\">El Peri\u00f3dico Extremadura<\/a>]<\/li>\n<li>La puesta en marcha del Lusitania II, finalista. [<a href=\"http:\/\/www.hoy.es\/extremadura\/201610\/06\/puesta-marcha-lusitania-finalista-20161006001755-v.html\" target=\"_blank\" rel=\"noopener\">Diario Hoy<\/a>]<\/li>\n<li>COMPUTAEX alcanza la final de los enerTIC Awards 2016. [<a href=\"http:\/\/www.expansion.com\/extremadura\/2016\/10\/05\/57f4db82e5fdea086c8b45e9.html\" target=\"_blank\" rel=\"noopener\">Expansi\u00f3n<\/a>]<\/li>\n<li>COMPUTAEX alcanza la final de los enerTIC Awards 2016, que premian iniciativas innovadoras sobre eficiencia energ\u00e9tica y sostenibilidad. [<a href=\"http:\/\/www.regiondigital.com\/noticias\/tecnologia\/261075-computaex-alcanza-la-final-de-los-enertic-awards-2016-que-premian-iniciativas-innovadoras-sobre-eficiencia-energetica-y-sostenibilidad.html\" target=\"_blank\" rel=\"noopener\">Regi\u00f3n Digital<\/a>]<\/li>\n<li>La puesta en marcha del supercomputador Lusitania II alcanza la final de los premios enerTIC Awards 2016. [<a href=\"http:\/\/www.directoextremadura.com\/noticias_region\/2016-10-05\/10\/13229\/la-puesta-en-marcha-del-supercomputador-lusitania-ii-alcanza-la-final-de-los-prestigiosos-premios-enertic-awards-2016.html\" target=\"_blank\" rel=\"noopener\">Directo Extremadura<\/a>] [<a href=\"http:\/\/www.badajozdirecto.com\/region\/2016-10-05\/extremadura\/regional\/13229\/la-puesta-en-marcha-del-supercomputador-lusitania-ii-alcanza-la-final-de-los-prestigiosos-premios-enertic-awards-2016.html\" target=\"_blank\" rel=\"noopener\">Badajoz Directo<\/a>] [<a href=\"http:\/\/www.elcorreoextremadura.com\/noticias_region\/2016-10-05\/10\/18523\/la-puesta-en-marcha-del-supercomputador-lusitania-ii-alcanza-la-final-de-los-prestigiosos-premios-enertic-awards-2016.html\" target=\"_blank\" rel=\"noopener\">El Correo Extremadura<\/a>] [<a href=\"http:\/\/eldia.es\/agencias\/8892741-puesta-marcha-supercomputador-Lusitania-II-alcanza-final-premios-enerTIC-Awards\" target=\"_blank\" rel=\"noopener\">Eld\u00eda.es<\/a>]<\/li>\n<li>Se abre el plazo de votaci\u00f3n para los enerTIC Awards 2016. [<a href=\"https:\/\/www.interempresas.net\/Smart_Cities\/Articulos\/163322-Se-abre-el-plazo-de-votacion-para-los-enerTIC-Awards-2016.html\" target=\"_blank\" rel=\"noopener\">Interempresas<\/a>]<\/li>\n<\/ul>\n<\/div>\n<\/div>\n<\/div>\n","protected":false},"excerpt":{"rendered":"<p>Fecha: 30\/11\/2016 El proyecto \u00abLUSITANIA II, un supercomputador en un CPD al aire libre\u00bb, de\u00a0C\u00e9nitS&#8211;COMPUTAEX, fue seleccionado como finalista en dos categor\u00edas,\u00a0Smart TI Infraestructure\u00a0y\u00a0Smart Cloud, de la cuarta edici\u00f3n de &#8230;<\/p>","protected":false},"author":1,"featured_media":0,"parent":0,"menu_order":0,"comment_status":"closed","ping_status":"closed","template":"","meta":{"footnotes":""},"categories":[],"tags":[],"class_list":["post-6895","page","type-page","status-publish","hentry"],"yoast_head":"<!-- This site is optimized with the Yoast SEO plugin v27.1.1 - https:\/\/yoast.com\/product\/yoast-seo-wordpress\/ -->\n<title>enerTIC Awards 2016 - Fundaci\u00f3n COMPUTAEX<\/title>\n<meta name=\"robots\" content=\"index, follow, max-snippet:-1, max-image-preview:large, max-video-preview:-1\" \/>\n<link rel=\"canonical\" href=\"https:\/\/computaex.es\/en\/enertic-awards-2016\/\" \/>\n<meta property=\"og:locale\" content=\"en_US\" \/>\n<meta property=\"og:type\" content=\"article\" \/>\n<meta property=\"og:title\" content=\"enerTIC Awards 2016 - Fundaci\u00f3n COMPUTAEX\" \/>\n<meta property=\"og:description\" content=\"Fecha: 30\/11\/2016 El proyecto \u00abLUSITANIA II, un supercomputador en un CPD al aire libre\u00bb, de\u00a0C\u00e9nitS&#8211;COMPUTAEX, fue seleccionado como finalista en dos categor\u00edas,\u00a0Smart TI Infraestructure\u00a0y\u00a0Smart Cloud, de la cuarta edici\u00f3n de ...\" \/>\n<meta property=\"og:url\" content=\"https:\/\/computaex.es\/en\/enertic-awards-2016\/\" \/>\n<meta property=\"og:site_name\" content=\"Fundaci\u00f3n COMPUTAEX\" \/>\n<meta property=\"article:publisher\" content=\"https:\/\/m.facebook.com\/computaex\/\" \/>\n<meta property=\"article:modified_time\" content=\"2025-08-28T10:09:47+00:00\" \/>\n<meta property=\"og:image\" content=\"https:\/\/computaex.es\/wp-content\/uploads\/2025\/01\/enertic_awards_0.jpg\" \/>\n<meta name=\"twitter:card\" content=\"summary_large_image\" \/>\n<meta name=\"twitter:site\" content=\"@computaex\" \/>\n<meta name=\"twitter:label1\" content=\"Est. reading time\" \/>\n\t<meta name=\"twitter:data1\" content=\"3 minutes\" \/>\n<script type=\"application\/ld+json\" class=\"yoast-schema-graph\">{\"@context\":\"https:\/\/schema.org\",\"@graph\":[{\"@type\":\"WebPage\",\"@id\":\"https:\/\/computaex.es\/enertic-awards-2016\/\",\"url\":\"https:\/\/computaex.es\/enertic-awards-2016\/\",\"name\":\"enerTIC Awards 2016 - Fundaci\u00f3n COMPUTAEX\",\"isPartOf\":{\"@id\":\"https:\/\/computaex.es\/#website\"},\"primaryImageOfPage\":{\"@id\":\"https:\/\/computaex.es\/enertic-awards-2016\/#primaryimage\"},\"image\":{\"@id\":\"https:\/\/computaex.es\/enertic-awards-2016\/#primaryimage\"},\"thumbnailUrl\":\"https:\/\/computaex.es\/wp-content\/uploads\/2025\/01\/enertic_awards_0.jpg\",\"datePublished\":\"2025-01-29T09:10:26+00:00\",\"dateModified\":\"2025-08-28T10:09:47+00:00\",\"breadcrumb\":{\"@id\":\"https:\/\/computaex.es\/enertic-awards-2016\/#breadcrumb\"},\"inLanguage\":\"en-US\",\"potentialAction\":[{\"@type\":\"ReadAction\",\"target\":[\"https:\/\/computaex.es\/enertic-awards-2016\/\"]}]},{\"@type\":\"ImageObject\",\"inLanguage\":\"en-US\",\"@id\":\"https:\/\/computaex.es\/enertic-awards-2016\/#primaryimage\",\"url\":\"https:\/\/computaex.es\/wp-content\/uploads\/2025\/01\/enertic_awards_0.jpg\",\"contentUrl\":\"https:\/\/computaex.es\/wp-content\/uploads\/2025\/01\/enertic_awards_0.jpg\"},{\"@type\":\"BreadcrumbList\",\"@id\":\"https:\/\/computaex.es\/enertic-awards-2016\/#breadcrumb\",\"itemListElement\":[{\"@type\":\"ListItem\",\"position\":1,\"name\":\"Portada\",\"item\":\"https:\/\/computaex.es\/\"},{\"@type\":\"ListItem\",\"position\":2,\"name\":\"enerTIC Awards 2016\"}]},{\"@type\":\"WebSite\",\"@id\":\"https:\/\/computaex.es\/#website\",\"url\":\"https:\/\/computaex.es\/\",\"name\":\"Fundaci\u00f3n COMPUTAEX\",\"description\":\"COMPUTAEX\",\"publisher\":{\"@id\":\"https:\/\/computaex.es\/#organization\"},\"potentialAction\":[{\"@type\":\"SearchAction\",\"target\":{\"@type\":\"EntryPoint\",\"urlTemplate\":\"https:\/\/computaex.es\/?s={search_term_string}\"},\"query-input\":{\"@type\":\"PropertyValueSpecification\",\"valueRequired\":true,\"valueName\":\"search_term_string\"}}],\"inLanguage\":\"en-US\"},{\"@type\":\"Organization\",\"@id\":\"https:\/\/computaex.es\/#organization\",\"name\":\"COMPUTAEX\",\"url\":\"https:\/\/computaex.es\/\",\"logo\":{\"@type\":\"ImageObject\",\"inLanguage\":\"en-US\",\"@id\":\"https:\/\/computaex.es\/#\/schema\/logo\/image\/\",\"url\":\"https:\/\/computaex.es\/wp-content\/uploads\/2025\/05\/cropped-COMPUTAEX_transparente-scaled-1.png\",\"contentUrl\":\"https:\/\/computaex.es\/wp-content\/uploads\/2025\/05\/cropped-COMPUTAEX_transparente-scaled-1.png\",\"width\":2560,\"height\":970,\"caption\":\"COMPUTAEX\"},\"image\":{\"@id\":\"https:\/\/computaex.es\/#\/schema\/logo\/image\/\"},\"sameAs\":[\"https:\/\/m.facebook.com\/computaex\/\",\"https:\/\/x.com\/computaex\",\"https:\/\/es.linkedin.com\/company\/cenits\"]}]}<\/script>\n<!-- \/ Yoast SEO plugin. -->","yoast_head_json":{"title":"enerTIC Awards 2016 - Fundaci\u00f3n COMPUTAEX","robots":{"index":"index","follow":"follow","max-snippet":"max-snippet:-1","max-image-preview":"max-image-preview:large","max-video-preview":"max-video-preview:-1"},"canonical":"https:\/\/computaex.es\/en\/enertic-awards-2016\/","og_locale":"en_US","og_type":"article","og_title":"enerTIC Awards 2016 - Fundaci\u00f3n COMPUTAEX","og_description":"Fecha: 30\/11\/2016 El proyecto \u00abLUSITANIA II, un supercomputador en un CPD al aire libre\u00bb, de\u00a0C\u00e9nitS&#8211;COMPUTAEX, fue seleccionado como finalista en dos categor\u00edas,\u00a0Smart TI Infraestructure\u00a0y\u00a0Smart Cloud, de la cuarta edici\u00f3n de ...","og_url":"https:\/\/computaex.es\/en\/enertic-awards-2016\/","og_site_name":"Fundaci\u00f3n COMPUTAEX","article_publisher":"https:\/\/m.facebook.com\/computaex\/","article_modified_time":"2025-08-28T10:09:47+00:00","og_image":[{"url":"https:\/\/computaex.es\/wp-content\/uploads\/2025\/01\/enertic_awards_0.jpg","type":"","width":"","height":""}],"twitter_card":"summary_large_image","twitter_site":"@computaex","twitter_misc":{"Est. reading time":"3 minutes"},"schema":{"@context":"https:\/\/schema.org","@graph":[{"@type":"WebPage","@id":"https:\/\/computaex.es\/enertic-awards-2016\/","url":"https:\/\/computaex.es\/enertic-awards-2016\/","name":"enerTIC Awards 2016 - Fundaci\u00f3n COMPUTAEX","isPartOf":{"@id":"https:\/\/computaex.es\/#website"},"primaryImageOfPage":{"@id":"https:\/\/computaex.es\/enertic-awards-2016\/#primaryimage"},"image":{"@id":"https:\/\/computaex.es\/enertic-awards-2016\/#primaryimage"},"thumbnailUrl":"https:\/\/computaex.es\/wp-content\/uploads\/2025\/01\/enertic_awards_0.jpg","datePublished":"2025-01-29T09:10:26+00:00","dateModified":"2025-08-28T10:09:47+00:00","breadcrumb":{"@id":"https:\/\/computaex.es\/enertic-awards-2016\/#breadcrumb"},"inLanguage":"en-US","potentialAction":[{"@type":"ReadAction","target":["https:\/\/computaex.es\/enertic-awards-2016\/"]}]},{"@type":"ImageObject","inLanguage":"en-US","@id":"https:\/\/computaex.es\/enertic-awards-2016\/#primaryimage","url":"https:\/\/computaex.es\/wp-content\/uploads\/2025\/01\/enertic_awards_0.jpg","contentUrl":"https:\/\/computaex.es\/wp-content\/uploads\/2025\/01\/enertic_awards_0.jpg"},{"@type":"BreadcrumbList","@id":"https:\/\/computaex.es\/enertic-awards-2016\/#breadcrumb","itemListElement":[{"@type":"ListItem","position":1,"name":"Portada","item":"https:\/\/computaex.es\/"},{"@type":"ListItem","position":2,"name":"enerTIC Awards 2016"}]},{"@type":"WebSite","@id":"https:\/\/computaex.es\/#website","url":"https:\/\/computaex.es\/","name":"COMPUTAEX Foundation","description":"COMPUTAEX","publisher":{"@id":"https:\/\/computaex.es\/#organization"},"potentialAction":[{"@type":"SearchAction","target":{"@type":"EntryPoint","urlTemplate":"https:\/\/computaex.es\/?s={search_term_string}"},"query-input":{"@type":"PropertyValueSpecification","valueRequired":true,"valueName":"search_term_string"}}],"inLanguage":"en-US"},{"@type":"Organization","@id":"https:\/\/computaex.es\/#organization","name":"COMPUTAEX","url":"https:\/\/computaex.es\/","logo":{"@type":"ImageObject","inLanguage":"en-US","@id":"https:\/\/computaex.es\/#\/schema\/logo\/image\/","url":"https:\/\/computaex.es\/wp-content\/uploads\/2025\/05\/cropped-COMPUTAEX_transparente-scaled-1.png","contentUrl":"https:\/\/computaex.es\/wp-content\/uploads\/2025\/05\/cropped-COMPUTAEX_transparente-scaled-1.png","width":2560,"height":970,"caption":"COMPUTAEX"},"image":{"@id":"https:\/\/computaex.es\/#\/schema\/logo\/image\/"},"sameAs":["https:\/\/m.facebook.com\/computaex\/","https:\/\/x.com\/computaex","https:\/\/es.linkedin.com\/company\/cenits"]}]}},"_links":{"self":[{"href":"https:\/\/computaex.es\/en\/wp-json\/wp\/v2\/pages\/6895","targetHints":{"allow":["GET"]}}],"collection":[{"href":"https:\/\/computaex.es\/en\/wp-json\/wp\/v2\/pages"}],"about":[{"href":"https:\/\/computaex.es\/en\/wp-json\/wp\/v2\/types\/page"}],"author":[{"embeddable":true,"href":"https:\/\/computaex.es\/en\/wp-json\/wp\/v2\/users\/1"}],"replies":[{"embeddable":true,"href":"https:\/\/computaex.es\/en\/wp-json\/wp\/v2\/comments?post=6895"}],"version-history":[{"count":5,"href":"https:\/\/computaex.es\/en\/wp-json\/wp\/v2\/pages\/6895\/revisions"}],"predecessor-version":[{"id":9876,"href":"https:\/\/computaex.es\/en\/wp-json\/wp\/v2\/pages\/6895\/revisions\/9876"}],"wp:attachment":[{"href":"https:\/\/computaex.es\/en\/wp-json\/wp\/v2\/media?parent=6895"}],"wp:term":[{"taxonomy":"category","embeddable":true,"href":"https:\/\/computaex.es\/en\/wp-json\/wp\/v2\/categories?post=6895"},{"taxonomy":"post_tag","embeddable":true,"href":"https:\/\/computaex.es\/en\/wp-json\/wp\/v2\/tags?post=6895"}],"curies":[{"name":"wp","href":"https:\/\/api.w.org\/{rel}","templated":true}]}}