{"id":6952,"date":"2025-01-29T10:28:27","date_gmt":"2025-01-29T09:28:27","guid":{"rendered":"http:\/\/10.128.3.28\/?page_id=6952"},"modified":"2025-01-29T10:28:27","modified_gmt":"2025-01-29T09:28:27","slug":"reconocimiento-escuela-politecnica-10-05-2012","status":"publish","type":"page","link":"https:\/\/computaex.es\/en\/reconocimiento-escuela-politecnica-10-05-2012\/","title":{"rendered":"Reconocimiento Escuela Polit\u00e9cnica 10\/05\/2012"},"content":{"rendered":"<div class=\"field field-name-field-gal-descripcion field-type-text-long field-label-hidden\">\n<div class=\"field-items\">\n<div class=\"field-item even\">\n<p>Con este galard\u00f3n se reconoce el compromiso que la\u00a0<a title=\"COMPUTAEX Foundation\" href=\"\/en\/descripcion-la-fundacion\/\">Fundaci\u00f3n<\/a>\u00a0tiene desde su creaci\u00f3n con la Escuela Polit\u00e9cnica con quien el\u00a0<a title=\"Centro C\u00e9nitS\" href=\"\/en\/descripcion-cenits\/\">Centro C\u00e9nitS<\/a>\u00a0colabora en tareas docentes e investigadoras, principalmente en los\u00a0<a title=\"M\u00e1steres TIC de la UEx\" href=\"http:\/\/masterstic.unex.es\/masterstic\/\">m\u00e1steres TIC<\/a>\u00a0y en apoyo a los investigadores del Centro Universitario.<\/p>\n<\/div>\n<\/div>\n<\/div>\n<div class=\"field field-name-field-gal-imagen field-type-image field-label-hidden\">\n<div class=\"field-items\">\n<div class=\"field-item even\"><a class=\"colorbox init-colorbox-processed cboxElement\" title=\"Reconocimiento Escuela Polit\u00e9cnica 10\/05\/2012\" href=\"https:\/\/www.cenits.es\/sites\/cenits.es\/files\/galeria_imagenes\/20120510-reconocimientoepcc1.jpg\" data-colorbox-gallery=\"gallery-node-1057-sPb77D6IlDI\" data-cbox-img-attrs=\"{&quot;title&quot;: &quot;&quot;, &quot;alt&quot;: &quot;&quot;}\"><img decoding=\"async\" title=\"\" src=\"https:\/\/www.cenits.es\/sites\/cenits.es\/files\/styles\/medium\/public\/galeria_imagenes\/20120510-reconocimientoepcc1.jpg?itok=8XAQfvo9\" alt=\"\" width=\"220\" height=\"147\" \/><\/a><\/div>\n<div class=\"field-item odd\"><a class=\"colorbox init-colorbox-processed cboxElement\" title=\"Reconocimiento Escuela Polit\u00e9cnica 10\/05\/2012\" href=\"https:\/\/www.cenits.es\/sites\/cenits.es\/files\/galeria_imagenes\/20120510-reconocimientoepcc2.jpg\" data-colorbox-gallery=\"gallery-node-1057-sPb77D6IlDI\" data-cbox-img-attrs=\"{&quot;title&quot;: &quot;&quot;, &quot;alt&quot;: &quot;&quot;}\"><img decoding=\"async\" title=\"\" src=\"https:\/\/www.cenits.es\/sites\/cenits.es\/files\/styles\/medium\/public\/galeria_imagenes\/20120510-reconocimientoepcc2.jpg?itok=f2i3yc4D\" alt=\"\" width=\"220\" height=\"147\" \/><\/a><\/div>\n<div class=\"field-item even\"><a class=\"colorbox init-colorbox-processed cboxElement\" title=\"Reconocimiento Escuela Polit\u00e9cnica 10\/05\/2012\" href=\"https:\/\/www.cenits.es\/sites\/cenits.es\/files\/galeria_imagenes\/20120510-reconocimientoepcc3.jpg\" data-colorbox-gallery=\"gallery-node-1057-sPb77D6IlDI\" data-cbox-img-attrs=\"{&quot;title&quot;: &quot;&quot;, &quot;alt&quot;: &quot;&quot;}\"><img decoding=\"async\" title=\"\" src=\"https:\/\/www.cenits.es\/sites\/cenits.es\/files\/styles\/medium\/public\/galeria_imagenes\/20120510-reconocimientoepcc3.jpg?itok=1UH_aFO-\" alt=\"\" width=\"220\" height=\"147\" \/><\/a><\/div>\n<div class=\"field-item odd\"><a class=\"colorbox init-colorbox-processed cboxElement\" title=\"Reconocimiento Escuela Polit\u00e9cnica 10\/05\/2012\" href=\"https:\/\/www.cenits.es\/sites\/cenits.es\/files\/galeria_imagenes\/20120510-reconocimientoepcc4.jpg\" data-colorbox-gallery=\"gallery-node-1057-sPb77D6IlDI\" data-cbox-img-attrs=\"{&quot;title&quot;: &quot;&quot;, &quot;alt&quot;: &quot;&quot;}\"><img loading=\"lazy\" decoding=\"async\" title=\"\" src=\"https:\/\/www.cenits.es\/sites\/cenits.es\/files\/styles\/medium\/public\/galeria_imagenes\/20120510-reconocimientoepcc4.jpg?itok=OLQnDB23\" alt=\"\" width=\"220\" height=\"147\" \/><\/a><\/div>\n<div class=\"field-item even\"><a class=\"colorbox init-colorbox-processed cboxElement\" title=\"Reconocimiento Escuela Polit\u00e9cnica 10\/05\/2012\" href=\"https:\/\/www.cenits.es\/sites\/cenits.es\/files\/galeria_imagenes\/20120510-reconocimientoepcc5.jpg\" data-colorbox-gallery=\"gallery-node-1057-sPb77D6IlDI\" data-cbox-img-attrs=\"{&quot;title&quot;: &quot;&quot;, &quot;alt&quot;: &quot;&quot;}\"><img loading=\"lazy\" decoding=\"async\" title=\"\" src=\"https:\/\/www.cenits.es\/sites\/cenits.es\/files\/styles\/medium\/public\/galeria_imagenes\/20120510-reconocimientoepcc5.jpg?itok=cjzGte62\" alt=\"\" width=\"220\" height=\"147\" \/><\/a><\/div>\n<\/div>\n<\/div>\n<div class=\"field field-name-field-gal-noticia field-type-text-long field-label-above\">\n<div class=\"field-label\">Noticias relacionadas:<\/div>\n<div class=\"field-items\">\n<div class=\"field-item even\">\n<ul>\n<li><a href=\"https:\/\/computaex.es\/en\/noticias\/escuela-politecnica-caceres-distingue-labor-fundacion-computaex\/\">La Escuela Polit\u00e9cnica de C\u00e1ceres distingue la labor de la Fundaci\u00f3n COMPUTAEX<\/a><\/li>\n<li><a href=\"https:\/\/computaex.es\/en\/enlaces\/premios\/100512-labor-difusion-escuela-politecnica-caceres\/\">Labor de difusi\u00f3n &#8211; Escuela Polit\u00e9cnica de C\u00e1ceres<\/a><\/li>\n<\/ul>\n<\/div>\n<\/div>\n<\/div>","protected":false},"excerpt":{"rendered":"<p>Con este galard\u00f3n se reconoce el compromiso que la\u00a0Fundaci\u00f3n\u00a0tiene desde su creaci\u00f3n con la Escuela Polit\u00e9cnica con quien el\u00a0Centro C\u00e9nitS\u00a0colabora en tareas docentes e investigadoras, principalmente en los\u00a0m\u00e1steres TIC\u00a0y en &#8230;<\/p>","protected":false},"author":1,"featured_media":0,"parent":0,"menu_order":0,"comment_status":"closed","ping_status":"closed","template":"","meta":{"footnotes":""},"categories":[],"tags":[],"class_list":["post-6952","page","type-page","status-publish","hentry"],"yoast_head":"<!-- This site is optimized with the Yoast SEO plugin v27.1.1 - https:\/\/yoast.com\/product\/yoast-seo-wordpress\/ -->\n<title>Reconocimiento Escuela Polit\u00e9cnica 10\/05\/2012 - Fundaci\u00f3n COMPUTAEX<\/title>\n<meta name=\"robots\" content=\"index, follow, max-snippet:-1, max-image-preview:large, max-video-preview:-1\" \/>\n<link rel=\"canonical\" href=\"https:\/\/computaex.es\/en\/reconocimiento-escuela-politecnica-10-05-2012\/\" \/>\n<meta property=\"og:locale\" content=\"en_US\" \/>\n<meta property=\"og:type\" content=\"article\" \/>\n<meta property=\"og:title\" content=\"Reconocimiento Escuela Polit\u00e9cnica 10\/05\/2012 - Fundaci\u00f3n COMPUTAEX\" \/>\n<meta property=\"og:description\" content=\"Con este galard\u00f3n se reconoce el compromiso que la\u00a0Fundaci\u00f3n\u00a0tiene desde su creaci\u00f3n con la Escuela Polit\u00e9cnica con quien el\u00a0Centro C\u00e9nitS\u00a0colabora en tareas docentes e investigadoras, principalmente en los\u00a0m\u00e1steres TIC\u00a0y en ...\" \/>\n<meta property=\"og:url\" content=\"https:\/\/computaex.es\/en\/reconocimiento-escuela-politecnica-10-05-2012\/\" \/>\n<meta property=\"og:site_name\" content=\"Fundaci\u00f3n COMPUTAEX\" \/>\n<meta property=\"article:publisher\" content=\"https:\/\/m.facebook.com\/computaex\/\" \/>\n<meta property=\"og:image\" content=\"https:\/\/www.cenits.es\/sites\/cenits.es\/files\/styles\/medium\/public\/galeria_imagenes\/20120510-reconocimientoepcc1.jpg?itok=8XAQfvo9\" \/>\n<meta name=\"twitter:card\" content=\"summary_large_image\" \/>\n<meta name=\"twitter:site\" content=\"@computaex\" \/>\n<meta name=\"twitter:label1\" content=\"Est. reading time\" \/>\n\t<meta name=\"twitter:data1\" content=\"2 minutes\" \/>\n<script type=\"application\/ld+json\" class=\"yoast-schema-graph\">{\"@context\":\"https:\/\/schema.org\",\"@graph\":[{\"@type\":\"WebPage\",\"@id\":\"https:\/\/computaex.es\/reconocimiento-escuela-politecnica-10-05-2012\/\",\"url\":\"https:\/\/computaex.es\/reconocimiento-escuela-politecnica-10-05-2012\/\",\"name\":\"Reconocimiento Escuela Polit\u00e9cnica 10\/05\/2012 - Fundaci\u00f3n COMPUTAEX\",\"isPartOf\":{\"@id\":\"https:\/\/computaex.es\/#website\"},\"primaryImageOfPage\":{\"@id\":\"https:\/\/computaex.es\/reconocimiento-escuela-politecnica-10-05-2012\/#primaryimage\"},\"image\":{\"@id\":\"https:\/\/computaex.es\/reconocimiento-escuela-politecnica-10-05-2012\/#primaryimage\"},\"thumbnailUrl\":\"https:\/\/www.cenits.es\/sites\/cenits.es\/files\/styles\/medium\/public\/galeria_imagenes\/20120510-reconocimientoepcc1.jpg?itok=8XAQfvo9\",\"datePublished\":\"2025-01-29T09:28:27+00:00\",\"breadcrumb\":{\"@id\":\"https:\/\/computaex.es\/reconocimiento-escuela-politecnica-10-05-2012\/#breadcrumb\"},\"inLanguage\":\"en-US\",\"potentialAction\":[{\"@type\":\"ReadAction\",\"target\":[\"https:\/\/computaex.es\/reconocimiento-escuela-politecnica-10-05-2012\/\"]}]},{\"@type\":\"ImageObject\",\"inLanguage\":\"en-US\",\"@id\":\"https:\/\/computaex.es\/reconocimiento-escuela-politecnica-10-05-2012\/#primaryimage\",\"url\":\"https:\/\/www.cenits.es\/sites\/cenits.es\/files\/styles\/medium\/public\/galeria_imagenes\/20120510-reconocimientoepcc1.jpg?itok=8XAQfvo9\",\"contentUrl\":\"https:\/\/www.cenits.es\/sites\/cenits.es\/files\/styles\/medium\/public\/galeria_imagenes\/20120510-reconocimientoepcc1.jpg?itok=8XAQfvo9\"},{\"@type\":\"BreadcrumbList\",\"@id\":\"https:\/\/computaex.es\/reconocimiento-escuela-politecnica-10-05-2012\/#breadcrumb\",\"itemListElement\":[{\"@type\":\"ListItem\",\"position\":1,\"name\":\"Portada\",\"item\":\"https:\/\/computaex.es\/\"},{\"@type\":\"ListItem\",\"position\":2,\"name\":\"Reconocimiento Escuela Polit\u00e9cnica 10\/05\/2012\"}]},{\"@type\":\"WebSite\",\"@id\":\"https:\/\/computaex.es\/#website\",\"url\":\"https:\/\/computaex.es\/\",\"name\":\"Fundaci\u00f3n COMPUTAEX\",\"description\":\"COMPUTAEX\",\"publisher\":{\"@id\":\"https:\/\/computaex.es\/#organization\"},\"potentialAction\":[{\"@type\":\"SearchAction\",\"target\":{\"@type\":\"EntryPoint\",\"urlTemplate\":\"https:\/\/computaex.es\/?s={search_term_string}\"},\"query-input\":{\"@type\":\"PropertyValueSpecification\",\"valueRequired\":true,\"valueName\":\"search_term_string\"}}],\"inLanguage\":\"en-US\"},{\"@type\":\"Organization\",\"@id\":\"https:\/\/computaex.es\/#organization\",\"name\":\"COMPUTAEX\",\"url\":\"https:\/\/computaex.es\/\",\"logo\":{\"@type\":\"ImageObject\",\"inLanguage\":\"en-US\",\"@id\":\"https:\/\/computaex.es\/#\/schema\/logo\/image\/\",\"url\":\"https:\/\/computaex.es\/wp-content\/uploads\/2025\/05\/cropped-COMPUTAEX_transparente-scaled-1.png\",\"contentUrl\":\"https:\/\/computaex.es\/wp-content\/uploads\/2025\/05\/cropped-COMPUTAEX_transparente-scaled-1.png\",\"width\":2560,\"height\":970,\"caption\":\"COMPUTAEX\"},\"image\":{\"@id\":\"https:\/\/computaex.es\/#\/schema\/logo\/image\/\"},\"sameAs\":[\"https:\/\/m.facebook.com\/computaex\/\",\"https:\/\/x.com\/computaex\",\"https:\/\/es.linkedin.com\/company\/cenits\"]}]}<\/script>\n<!-- \/ Yoast SEO plugin. -->","yoast_head_json":{"title":"Reconocimiento Escuela Polit\u00e9cnica 10\/05\/2012 - Fundaci\u00f3n COMPUTAEX","robots":{"index":"index","follow":"follow","max-snippet":"max-snippet:-1","max-image-preview":"max-image-preview:large","max-video-preview":"max-video-preview:-1"},"canonical":"https:\/\/computaex.es\/en\/reconocimiento-escuela-politecnica-10-05-2012\/","og_locale":"en_US","og_type":"article","og_title":"Reconocimiento Escuela Polit\u00e9cnica 10\/05\/2012 - Fundaci\u00f3n COMPUTAEX","og_description":"Con este galard\u00f3n se reconoce el compromiso que la\u00a0Fundaci\u00f3n\u00a0tiene desde su creaci\u00f3n con la Escuela Polit\u00e9cnica con quien el\u00a0Centro C\u00e9nitS\u00a0colabora en tareas docentes e investigadoras, principalmente en los\u00a0m\u00e1steres TIC\u00a0y en ...","og_url":"https:\/\/computaex.es\/en\/reconocimiento-escuela-politecnica-10-05-2012\/","og_site_name":"Fundaci\u00f3n COMPUTAEX","article_publisher":"https:\/\/m.facebook.com\/computaex\/","og_image":[{"url":"https:\/\/www.cenits.es\/sites\/cenits.es\/files\/styles\/medium\/public\/galeria_imagenes\/20120510-reconocimientoepcc1.jpg?itok=8XAQfvo9","type":"","width":"","height":""}],"twitter_card":"summary_large_image","twitter_site":"@computaex","twitter_misc":{"Est. reading time":"2 minutes"},"schema":{"@context":"https:\/\/schema.org","@graph":[{"@type":"WebPage","@id":"https:\/\/computaex.es\/reconocimiento-escuela-politecnica-10-05-2012\/","url":"https:\/\/computaex.es\/reconocimiento-escuela-politecnica-10-05-2012\/","name":"Reconocimiento Escuela Polit\u00e9cnica 10\/05\/2012 - Fundaci\u00f3n COMPUTAEX","isPartOf":{"@id":"https:\/\/computaex.es\/#website"},"primaryImageOfPage":{"@id":"https:\/\/computaex.es\/reconocimiento-escuela-politecnica-10-05-2012\/#primaryimage"},"image":{"@id":"https:\/\/computaex.es\/reconocimiento-escuela-politecnica-10-05-2012\/#primaryimage"},"thumbnailUrl":"https:\/\/www.cenits.es\/sites\/cenits.es\/files\/styles\/medium\/public\/galeria_imagenes\/20120510-reconocimientoepcc1.jpg?itok=8XAQfvo9","datePublished":"2025-01-29T09:28:27+00:00","breadcrumb":{"@id":"https:\/\/computaex.es\/reconocimiento-escuela-politecnica-10-05-2012\/#breadcrumb"},"inLanguage":"en-US","potentialAction":[{"@type":"ReadAction","target":["https:\/\/computaex.es\/reconocimiento-escuela-politecnica-10-05-2012\/"]}]},{"@type":"ImageObject","inLanguage":"en-US","@id":"https:\/\/computaex.es\/reconocimiento-escuela-politecnica-10-05-2012\/#primaryimage","url":"https:\/\/www.cenits.es\/sites\/cenits.es\/files\/styles\/medium\/public\/galeria_imagenes\/20120510-reconocimientoepcc1.jpg?itok=8XAQfvo9","contentUrl":"https:\/\/www.cenits.es\/sites\/cenits.es\/files\/styles\/medium\/public\/galeria_imagenes\/20120510-reconocimientoepcc1.jpg?itok=8XAQfvo9"},{"@type":"BreadcrumbList","@id":"https:\/\/computaex.es\/reconocimiento-escuela-politecnica-10-05-2012\/#breadcrumb","itemListElement":[{"@type":"ListItem","position":1,"name":"Portada","item":"https:\/\/computaex.es\/"},{"@type":"ListItem","position":2,"name":"Reconocimiento Escuela Polit\u00e9cnica 10\/05\/2012"}]},{"@type":"WebSite","@id":"https:\/\/computaex.es\/#website","url":"https:\/\/computaex.es\/","name":"COMPUTAEX Foundation","description":"COMPUTAEX","publisher":{"@id":"https:\/\/computaex.es\/#organization"},"potentialAction":[{"@type":"SearchAction","target":{"@type":"EntryPoint","urlTemplate":"https:\/\/computaex.es\/?s={search_term_string}"},"query-input":{"@type":"PropertyValueSpecification","valueRequired":true,"valueName":"search_term_string"}}],"inLanguage":"en-US"},{"@type":"Organization","@id":"https:\/\/computaex.es\/#organization","name":"COMPUTAEX","url":"https:\/\/computaex.es\/","logo":{"@type":"ImageObject","inLanguage":"en-US","@id":"https:\/\/computaex.es\/#\/schema\/logo\/image\/","url":"https:\/\/computaex.es\/wp-content\/uploads\/2025\/05\/cropped-COMPUTAEX_transparente-scaled-1.png","contentUrl":"https:\/\/computaex.es\/wp-content\/uploads\/2025\/05\/cropped-COMPUTAEX_transparente-scaled-1.png","width":2560,"height":970,"caption":"COMPUTAEX"},"image":{"@id":"https:\/\/computaex.es\/#\/schema\/logo\/image\/"},"sameAs":["https:\/\/m.facebook.com\/computaex\/","https:\/\/x.com\/computaex","https:\/\/es.linkedin.com\/company\/cenits"]}]}},"_links":{"self":[{"href":"https:\/\/computaex.es\/en\/wp-json\/wp\/v2\/pages\/6952","targetHints":{"allow":["GET"]}}],"collection":[{"href":"https:\/\/computaex.es\/en\/wp-json\/wp\/v2\/pages"}],"about":[{"href":"https:\/\/computaex.es\/en\/wp-json\/wp\/v2\/types\/page"}],"author":[{"embeddable":true,"href":"https:\/\/computaex.es\/en\/wp-json\/wp\/v2\/users\/1"}],"replies":[{"embeddable":true,"href":"https:\/\/computaex.es\/en\/wp-json\/wp\/v2\/comments?post=6952"}],"version-history":[{"count":1,"href":"https:\/\/computaex.es\/en\/wp-json\/wp\/v2\/pages\/6952\/revisions"}],"predecessor-version":[{"id":6966,"href":"https:\/\/computaex.es\/en\/wp-json\/wp\/v2\/pages\/6952\/revisions\/6966"}],"wp:attachment":[{"href":"https:\/\/computaex.es\/en\/wp-json\/wp\/v2\/media?parent=6952"}],"wp:term":[{"taxonomy":"category","embeddable":true,"href":"https:\/\/computaex.es\/en\/wp-json\/wp\/v2\/categories?post=6952"},{"taxonomy":"post_tag","embeddable":true,"href":"https:\/\/computaex.es\/en\/wp-json\/wp\/v2\/tags?post=6952"}],"curies":[{"name":"wp","href":"https:\/\/api.w.org\/{rel}","templated":true}]}}