{"id":6969,"date":"2025-01-29T10:40:09","date_gmt":"2025-01-29T09:40:09","guid":{"rendered":"http:\/\/10.128.3.28\/?page_id=6969"},"modified":"2025-08-28T12:13:42","modified_gmt":"2025-08-28T10:13:42","slug":"21st-century-achievement-award-computerworld-honors-program","status":"publish","type":"page","link":"https:\/\/computaex.es\/en\/21st-century-achievement-award-computerworld-honors-program\/","title":{"rendered":"21st Century Achievement Award &#8211; ComputerWorld Honors Program"},"content":{"rendered":"<div class=\"field field-name-field-prem-fecha field-type-date field-label-inline clearfix\">\n<div class=\"field-label\">Fecha:<\/div>\n<div class=\"field-items\">\n<div class=\"field-item even\"><span class=\"date-display-single\">26\/04\/2011<\/span><\/div>\n<\/div>\n<\/div>\n<div class=\"field field-name-field-prem-imagen-premio field-type-image field-label-hidden\">\n<div class=\"field-items\">\n<div class=\"field-item even\"><img decoding=\"async\" class=\"alignnone wp-image-6968 size-full\" src=\"https:\/\/computaex.es\/wp-content\/uploads\/2025\/01\/Medallacomputerworld.jpg\" alt=\"\" width=\"132\" height=\"185\" \/><\/div>\n<\/div>\n<\/div>\n<div class=\"field field-name-field-prem-descripcion field-type-text-long field-label-hidden\">\n<div class=\"field-items\">\n<div class=\"field-item even\">\n<p>La visi\u00f3n de futuro y la aplicaci\u00f3n de las Tecnolog\u00edas de la Informaci\u00f3n como palanca de cambio social, econ\u00f3mico y educativo han sido las claves por las que la\u00a0<a href=\"\/en\/descripcion-la-fundacion\/\">COMPUTAEX Foundation<\/a>\u00a0ha sido elegida como Laureates entre m\u00e1s de 1000 candidaturas y seleccionada entre\u00a0<a href=\"http:\/\/www.eiseverywhere.com\/ehome\/CWHONORS2011\/35791\">254 casos premiados<\/a>\u00a0finalista en la categor\u00eda\u00a0<em>Economic Opportunity<\/em>\u00a0en el\u00a0<em>21st Century Achievement Award<\/em>.<\/p>\n<\/div>\n<\/div>\n<\/div>\n<div class=\"field field-name-field-prem-noticias field-type-text-long field-label-above\">\n<div class=\"field-label\">Noticias relacionadas:<\/div>\n<div class=\"field-items\">\n<div class=\"field-item even\">\n<ul>\n<li><a title=\"La Fundaci\u00f3n COMPUTAEX finalista en el 21st Century Achievement Award del ComputerWorld Honors Program\" href=\"\/en\/premios\/la-fundacion-computaex-finalista-en-el-21st-century-achievement-award-del-computerworld-honors-program\/\">La Fundaci\u00f3n COMPUTAEX finalista en el 21st Century Achievement Award del ComputerWorld Honors Program<\/a><\/li>\n<li><a href=\"\/en\/premios\/reconocimieno-internacional-de-computaex-y-cenits\/\">Reconocimieno internacional de COMPUTAEX y C\u00e9nitS<\/a><\/li>\n<li><a href=\"\/en\/premios\/la-fundacion-computaex-premiada-en-la-edicion-de-2011-del-computerworld-honors-program\/\">La Fundaci\u00f3n COMPUTAEX premiada en la edici\u00f3n de 2011 del \u00abComputerworld Honors Program\u00bb<\/a><\/li>\n<li><a href=\"\/en\/premios\/la-revista-computerworld-destaca-el-centro-cenits-en-materia-de-supercomputacion\/\">La revista COMPUTERWORLD destaca el Centro C\u00e9nitS en materia de supercomputaci\u00f3n<\/a><\/li>\n<\/ul>\n<\/div>\n<\/div>\n<\/div>\n<div class=\"field field-name-field-prem-multimedia field-type-text-long field-label-above\">\n<div class=\"field-label\">Multimedia relacionado:<\/div>\n<div class=\"field-items\">\n<div class=\"field-item even\">\n<ul>\n<li><a title=\" C\u00e9nitS\" href=\"\/en\/the-computerworld-honors-program-case-study-cenits\/\">The Computerworld Honors Program Case Study: C\u00e9nitS<\/a><\/li>\n<li><a href=\"\/en\/entrevista-del-director-general-de-la-fundacion-computaex-en-principio-de-incertidumbre\/\">Entrevista del Director General de la Fundaci\u00f3n COMPUTAEX en Principio de Incertidumbre<\/a><\/li>\n<\/ul>\n<\/div>\n<\/div>\n<\/div>","protected":false},"excerpt":{"rendered":"<p>Fecha: 26\/04\/2011 La visi\u00f3n de futuro y la aplicaci\u00f3n de las Tecnolog\u00edas de la Informaci\u00f3n como palanca de cambio social, econ\u00f3mico y educativo han sido las claves por las que &#8230;<\/p>","protected":false},"author":1,"featured_media":0,"parent":0,"menu_order":0,"comment_status":"closed","ping_status":"closed","template":"","meta":{"footnotes":""},"categories":[],"tags":[],"class_list":["post-6969","page","type-page","status-publish","hentry"],"yoast_head":"<!-- This site is optimized with the Yoast SEO plugin v27.1.1 - https:\/\/yoast.com\/product\/yoast-seo-wordpress\/ -->\n<title>21st Century Achievement Award - ComputerWorld Honors Program - Fundaci\u00f3n COMPUTAEX<\/title>\n<meta name=\"robots\" content=\"index, follow, max-snippet:-1, max-image-preview:large, max-video-preview:-1\" \/>\n<link rel=\"canonical\" href=\"https:\/\/computaex.es\/en\/21st-century-achievement-award-computerworld-honors-program\/\" \/>\n<meta property=\"og:locale\" content=\"en_US\" \/>\n<meta property=\"og:type\" content=\"article\" \/>\n<meta property=\"og:title\" content=\"21st Century Achievement Award - ComputerWorld Honors Program - Fundaci\u00f3n COMPUTAEX\" \/>\n<meta property=\"og:description\" content=\"Fecha: 26\/04\/2011 La visi\u00f3n de futuro y la aplicaci\u00f3n de las Tecnolog\u00edas de la Informaci\u00f3n como palanca de cambio social, econ\u00f3mico y educativo han sido las claves por las que ...\" \/>\n<meta property=\"og:url\" content=\"https:\/\/computaex.es\/en\/21st-century-achievement-award-computerworld-honors-program\/\" \/>\n<meta property=\"og:site_name\" content=\"Fundaci\u00f3n COMPUTAEX\" \/>\n<meta property=\"article:publisher\" content=\"https:\/\/m.facebook.com\/computaex\/\" \/>\n<meta property=\"article:modified_time\" content=\"2025-08-28T10:13:42+00:00\" \/>\n<meta property=\"og:image\" content=\"https:\/\/computaex.es\/wp-content\/uploads\/2025\/01\/Medallacomputerworld.jpg\" \/>\n<meta name=\"twitter:card\" content=\"summary_large_image\" \/>\n<meta name=\"twitter:site\" content=\"@computaex\" \/>\n<meta name=\"twitter:label1\" content=\"Est. reading time\" \/>\n\t<meta name=\"twitter:data1\" content=\"1 minute\" \/>\n<script type=\"application\/ld+json\" class=\"yoast-schema-graph\">{\"@context\":\"https:\/\/schema.org\",\"@graph\":[{\"@type\":\"WebPage\",\"@id\":\"https:\/\/computaex.es\/21st-century-achievement-award-computerworld-honors-program\/\",\"url\":\"https:\/\/computaex.es\/21st-century-achievement-award-computerworld-honors-program\/\",\"name\":\"21st Century Achievement Award - ComputerWorld Honors Program - Fundaci\u00f3n COMPUTAEX\",\"isPartOf\":{\"@id\":\"https:\/\/computaex.es\/#website\"},\"primaryImageOfPage\":{\"@id\":\"https:\/\/computaex.es\/21st-century-achievement-award-computerworld-honors-program\/#primaryimage\"},\"image\":{\"@id\":\"https:\/\/computaex.es\/21st-century-achievement-award-computerworld-honors-program\/#primaryimage\"},\"thumbnailUrl\":\"https:\/\/computaex.es\/wp-content\/uploads\/2025\/01\/Medallacomputerworld.jpg\",\"datePublished\":\"2025-01-29T09:40:09+00:00\",\"dateModified\":\"2025-08-28T10:13:42+00:00\",\"breadcrumb\":{\"@id\":\"https:\/\/computaex.es\/21st-century-achievement-award-computerworld-honors-program\/#breadcrumb\"},\"inLanguage\":\"en-US\",\"potentialAction\":[{\"@type\":\"ReadAction\",\"target\":[\"https:\/\/computaex.es\/21st-century-achievement-award-computerworld-honors-program\/\"]}]},{\"@type\":\"ImageObject\",\"inLanguage\":\"en-US\",\"@id\":\"https:\/\/computaex.es\/21st-century-achievement-award-computerworld-honors-program\/#primaryimage\",\"url\":\"https:\/\/computaex.es\/wp-content\/uploads\/2025\/01\/Medallacomputerworld.jpg\",\"contentUrl\":\"https:\/\/computaex.es\/wp-content\/uploads\/2025\/01\/Medallacomputerworld.jpg\"},{\"@type\":\"BreadcrumbList\",\"@id\":\"https:\/\/computaex.es\/21st-century-achievement-award-computerworld-honors-program\/#breadcrumb\",\"itemListElement\":[{\"@type\":\"ListItem\",\"position\":1,\"name\":\"Portada\",\"item\":\"https:\/\/computaex.es\/\"},{\"@type\":\"ListItem\",\"position\":2,\"name\":\"21st Century Achievement Award &#8211; ComputerWorld Honors Program\"}]},{\"@type\":\"WebSite\",\"@id\":\"https:\/\/computaex.es\/#website\",\"url\":\"https:\/\/computaex.es\/\",\"name\":\"Fundaci\u00f3n COMPUTAEX\",\"description\":\"COMPUTAEX\",\"publisher\":{\"@id\":\"https:\/\/computaex.es\/#organization\"},\"potentialAction\":[{\"@type\":\"SearchAction\",\"target\":{\"@type\":\"EntryPoint\",\"urlTemplate\":\"https:\/\/computaex.es\/?s={search_term_string}\"},\"query-input\":{\"@type\":\"PropertyValueSpecification\",\"valueRequired\":true,\"valueName\":\"search_term_string\"}}],\"inLanguage\":\"en-US\"},{\"@type\":\"Organization\",\"@id\":\"https:\/\/computaex.es\/#organization\",\"name\":\"COMPUTAEX\",\"url\":\"https:\/\/computaex.es\/\",\"logo\":{\"@type\":\"ImageObject\",\"inLanguage\":\"en-US\",\"@id\":\"https:\/\/computaex.es\/#\/schema\/logo\/image\/\",\"url\":\"https:\/\/computaex.es\/wp-content\/uploads\/2025\/05\/cropped-COMPUTAEX_transparente-scaled-1.png\",\"contentUrl\":\"https:\/\/computaex.es\/wp-content\/uploads\/2025\/05\/cropped-COMPUTAEX_transparente-scaled-1.png\",\"width\":2560,\"height\":970,\"caption\":\"COMPUTAEX\"},\"image\":{\"@id\":\"https:\/\/computaex.es\/#\/schema\/logo\/image\/\"},\"sameAs\":[\"https:\/\/m.facebook.com\/computaex\/\",\"https:\/\/x.com\/computaex\",\"https:\/\/es.linkedin.com\/company\/cenits\"]}]}<\/script>\n<!-- \/ Yoast SEO plugin. -->","yoast_head_json":{"title":"21st Century Achievement Award - ComputerWorld Honors Program - Fundaci\u00f3n COMPUTAEX","robots":{"index":"index","follow":"follow","max-snippet":"max-snippet:-1","max-image-preview":"max-image-preview:large","max-video-preview":"max-video-preview:-1"},"canonical":"https:\/\/computaex.es\/en\/21st-century-achievement-award-computerworld-honors-program\/","og_locale":"en_US","og_type":"article","og_title":"21st Century Achievement Award - ComputerWorld Honors Program - Fundaci\u00f3n COMPUTAEX","og_description":"Fecha: 26\/04\/2011 La visi\u00f3n de futuro y la aplicaci\u00f3n de las Tecnolog\u00edas de la Informaci\u00f3n como palanca de cambio social, econ\u00f3mico y educativo han sido las claves por las que ...","og_url":"https:\/\/computaex.es\/en\/21st-century-achievement-award-computerworld-honors-program\/","og_site_name":"Fundaci\u00f3n COMPUTAEX","article_publisher":"https:\/\/m.facebook.com\/computaex\/","article_modified_time":"2025-08-28T10:13:42+00:00","og_image":[{"url":"https:\/\/computaex.es\/wp-content\/uploads\/2025\/01\/Medallacomputerworld.jpg","type":"","width":"","height":""}],"twitter_card":"summary_large_image","twitter_site":"@computaex","twitter_misc":{"Est. reading time":"1 minute"},"schema":{"@context":"https:\/\/schema.org","@graph":[{"@type":"WebPage","@id":"https:\/\/computaex.es\/21st-century-achievement-award-computerworld-honors-program\/","url":"https:\/\/computaex.es\/21st-century-achievement-award-computerworld-honors-program\/","name":"21st Century Achievement Award - ComputerWorld Honors Program - Fundaci\u00f3n COMPUTAEX","isPartOf":{"@id":"https:\/\/computaex.es\/#website"},"primaryImageOfPage":{"@id":"https:\/\/computaex.es\/21st-century-achievement-award-computerworld-honors-program\/#primaryimage"},"image":{"@id":"https:\/\/computaex.es\/21st-century-achievement-award-computerworld-honors-program\/#primaryimage"},"thumbnailUrl":"https:\/\/computaex.es\/wp-content\/uploads\/2025\/01\/Medallacomputerworld.jpg","datePublished":"2025-01-29T09:40:09+00:00","dateModified":"2025-08-28T10:13:42+00:00","breadcrumb":{"@id":"https:\/\/computaex.es\/21st-century-achievement-award-computerworld-honors-program\/#breadcrumb"},"inLanguage":"en-US","potentialAction":[{"@type":"ReadAction","target":["https:\/\/computaex.es\/21st-century-achievement-award-computerworld-honors-program\/"]}]},{"@type":"ImageObject","inLanguage":"en-US","@id":"https:\/\/computaex.es\/21st-century-achievement-award-computerworld-honors-program\/#primaryimage","url":"https:\/\/computaex.es\/wp-content\/uploads\/2025\/01\/Medallacomputerworld.jpg","contentUrl":"https:\/\/computaex.es\/wp-content\/uploads\/2025\/01\/Medallacomputerworld.jpg"},{"@type":"BreadcrumbList","@id":"https:\/\/computaex.es\/21st-century-achievement-award-computerworld-honors-program\/#breadcrumb","itemListElement":[{"@type":"ListItem","position":1,"name":"Portada","item":"https:\/\/computaex.es\/"},{"@type":"ListItem","position":2,"name":"21st Century Achievement Award &#8211; ComputerWorld Honors Program"}]},{"@type":"WebSite","@id":"https:\/\/computaex.es\/#website","url":"https:\/\/computaex.es\/","name":"COMPUTAEX Foundation","description":"COMPUTAEX","publisher":{"@id":"https:\/\/computaex.es\/#organization"},"potentialAction":[{"@type":"SearchAction","target":{"@type":"EntryPoint","urlTemplate":"https:\/\/computaex.es\/?s={search_term_string}"},"query-input":{"@type":"PropertyValueSpecification","valueRequired":true,"valueName":"search_term_string"}}],"inLanguage":"en-US"},{"@type":"Organization","@id":"https:\/\/computaex.es\/#organization","name":"COMPUTAEX","url":"https:\/\/computaex.es\/","logo":{"@type":"ImageObject","inLanguage":"en-US","@id":"https:\/\/computaex.es\/#\/schema\/logo\/image\/","url":"https:\/\/computaex.es\/wp-content\/uploads\/2025\/05\/cropped-COMPUTAEX_transparente-scaled-1.png","contentUrl":"https:\/\/computaex.es\/wp-content\/uploads\/2025\/05\/cropped-COMPUTAEX_transparente-scaled-1.png","width":2560,"height":970,"caption":"COMPUTAEX"},"image":{"@id":"https:\/\/computaex.es\/#\/schema\/logo\/image\/"},"sameAs":["https:\/\/m.facebook.com\/computaex\/","https:\/\/x.com\/computaex","https:\/\/es.linkedin.com\/company\/cenits"]}]}},"_links":{"self":[{"href":"https:\/\/computaex.es\/en\/wp-json\/wp\/v2\/pages\/6969","targetHints":{"allow":["GET"]}}],"collection":[{"href":"https:\/\/computaex.es\/en\/wp-json\/wp\/v2\/pages"}],"about":[{"href":"https:\/\/computaex.es\/en\/wp-json\/wp\/v2\/types\/page"}],"author":[{"embeddable":true,"href":"https:\/\/computaex.es\/en\/wp-json\/wp\/v2\/users\/1"}],"replies":[{"embeddable":true,"href":"https:\/\/computaex.es\/en\/wp-json\/wp\/v2\/comments?post=6969"}],"version-history":[{"count":3,"href":"https:\/\/computaex.es\/en\/wp-json\/wp\/v2\/pages\/6969\/revisions"}],"predecessor-version":[{"id":9883,"href":"https:\/\/computaex.es\/en\/wp-json\/wp\/v2\/pages\/6969\/revisions\/9883"}],"wp:attachment":[{"href":"https:\/\/computaex.es\/en\/wp-json\/wp\/v2\/media?parent=6969"}],"wp:term":[{"taxonomy":"category","embeddable":true,"href":"https:\/\/computaex.es\/en\/wp-json\/wp\/v2\/categories?post=6969"},{"taxonomy":"post_tag","embeddable":true,"href":"https:\/\/computaex.es\/en\/wp-json\/wp\/v2\/tags?post=6969"}],"curies":[{"name":"wp","href":"https:\/\/api.w.org\/{rel}","templated":true}]}}