{"id":6971,"date":"2025-01-29T10:36:54","date_gmt":"2025-01-29T09:36:54","guid":{"rendered":"http:\/\/10.128.3.28\/?page_id=6971"},"modified":"2025-01-29T10:36:54","modified_gmt":"2025-01-29T09:36:54","slug":"the-computerworld-honors-program-case-study-cenits","status":"publish","type":"page","link":"https:\/\/computaex.es\/en\/the-computerworld-honors-program-case-study-cenits\/","title":{"rendered":"The Computerworld Honors Program Case Study: C\u00e9nitS"},"content":{"rendered":"<div class=\"field field-name-field-pub-descripcion field-type-text-long field-label-hidden\">\n<div class=\"field-items\">\n<div class=\"field-item even\">\n<p><a title=\"COMPUTERWORD\" href=\"http:\/\/www.computerworld.com\/\">COMPUTERWORLD<\/a>.\u00a0<strong>The Computerworld Honors Program Case Study: C\u00e9nitS<\/strong>. Julio 2011.<\/p>\n<\/div>\n<\/div>\n<\/div>\n<div class=\"field field-name-field-pub-noticias field-type-text-long field-label-above\">\n<div class=\"field-label\">Noticias relacionadas:<\/div>\n<div class=\"field-items\">\n<div class=\"field-item even\">\n<ul>\n<li><a title=\"La Fundaci\u00f3n COMPUTAEX premiada en la edici\u00f3n de 2011 del &quot;Computerworld Honors Program&quot;\" href=\"\/en\/premios\/la-fundacion-computaex-premiada-en-la-edicion-de-2011-del-computerworld-honors-program\/\">La Fundaci\u00f3n COMPUTAEX premiada en la edici\u00f3n de 2011 del \u00abComputerworld Honors Program\u00bb<\/a><\/li>\n<li><a href=\"\/en\/premios\/reconocimieno-internacional-de-computaex-y-cenits\/\">Reconocimieno internacional de COMPUTAEX y C\u00e9nitS<\/a>.<\/li>\n<li><a href=\"https:\/\/computaex.es\/en\/enlaces\/documentos\/audio\/entrevista-del-director-general-fundacion-computaex-en-principio-incertidum\/\">Entrevista del Director General de la Fundaci\u00f3n COMPUTAEX en Principio de Incertidumbre<\/a>.<\/li>\n<\/ul>\n<\/div>\n<\/div>\n<\/div>\n<div class=\"field field-name-field-pub-anexos field-type-file field-label-hidden\">\n<div class=\"field-items\">\n<div class=\"field-item even\">\n<table class=\"sticky-enabled tableheader-processed sticky-table\">\n<thead>\n<tr>\n<th style=\"background-color: #343952;\"><span style=\"color: #ffffff;\">Attached<\/span><\/th>\n<th style=\"background-color: #343952;\"><span style=\"color: #ffffff;\">Size<\/span><\/th>\n<\/tr>\n<\/thead>\n<tbody>\n<tr class=\"odd\">\n<td><span class=\"file\"><img decoding=\"async\" class=\"file-icon\" title=\"application\/pdf\" src=\"https:\/\/www.computaex.es\/modules\/file\/icons\/application-pdf.png\" alt=\"Icono PDF\" \/>\u00a0<a href=\"\/wp-content\/uploads\/2025\/01\/COMPUTERWORLD-Honors-Programa-CenitS-2011.pdf\" type=\"application\/pdf; length=243429\">COMPUTERWORLD-Honors-Programa-CenitS-2011.pdf<\/a><\/span><\/td>\n<td>237.72 KB<\/td>\n<\/tr>\n<\/tbody>\n<\/table>\n<\/div>\n<\/div>\n<\/div>","protected":false},"excerpt":{"rendered":"<p>COMPUTERWORLD.\u00a0The Computerworld Honors Program Case Study: C\u00e9nitS. Julio 2011. Noticias relacionadas: La Fundaci\u00f3n COMPUTAEX premiada en la edici\u00f3n de 2011 del \u00abComputerworld Honors Program\u00bb Reconocimieno internacional de COMPUTAEX y C\u00e9nitS. &#8230;<\/p>","protected":false},"author":1,"featured_media":0,"parent":0,"menu_order":0,"comment_status":"closed","ping_status":"closed","template":"","meta":{"footnotes":""},"categories":[],"tags":[],"class_list":["post-6971","page","type-page","status-publish","hentry"],"yoast_head":"<!-- This site is optimized with the Yoast SEO plugin v27.1.1 - https:\/\/yoast.com\/product\/yoast-seo-wordpress\/ -->\n<title>The Computerworld Honors Program Case Study: C\u00e9nitS - Fundaci\u00f3n COMPUTAEX<\/title>\n<meta name=\"robots\" content=\"index, follow, max-snippet:-1, max-image-preview:large, max-video-preview:-1\" \/>\n<link rel=\"canonical\" href=\"https:\/\/computaex.es\/en\/the-computerworld-honors-program-case-study-cenits\/\" \/>\n<meta property=\"og:locale\" content=\"en_US\" \/>\n<meta property=\"og:type\" content=\"article\" \/>\n<meta property=\"og:title\" content=\"The Computerworld Honors Program Case Study: C\u00e9nitS - Fundaci\u00f3n COMPUTAEX\" \/>\n<meta property=\"og:description\" content=\"COMPUTERWORLD.\u00a0The Computerworld Honors Program Case Study: C\u00e9nitS. Julio 2011. Noticias relacionadas: La Fundaci\u00f3n COMPUTAEX premiada en la edici\u00f3n de 2011 del \u00abComputerworld Honors Program\u00bb Reconocimieno internacional de COMPUTAEX y C\u00e9nitS. ...\" \/>\n<meta property=\"og:url\" content=\"https:\/\/computaex.es\/en\/the-computerworld-honors-program-case-study-cenits\/\" \/>\n<meta property=\"og:site_name\" content=\"Fundaci\u00f3n COMPUTAEX\" \/>\n<meta property=\"article:publisher\" content=\"https:\/\/m.facebook.com\/computaex\/\" \/>\n<meta property=\"og:image\" content=\"https:\/\/www.computaex.es\/modules\/file\/icons\/application-pdf.png\" \/>\n<meta name=\"twitter:card\" content=\"summary_large_image\" \/>\n<meta name=\"twitter:site\" content=\"@computaex\" \/>\n<meta name=\"twitter:label1\" content=\"Est. reading time\" \/>\n\t<meta name=\"twitter:data1\" content=\"1 minute\" \/>\n<script type=\"application\/ld+json\" class=\"yoast-schema-graph\">{\"@context\":\"https:\/\/schema.org\",\"@graph\":[{\"@type\":\"WebPage\",\"@id\":\"https:\/\/computaex.es\/the-computerworld-honors-program-case-study-cenits\/\",\"url\":\"https:\/\/computaex.es\/the-computerworld-honors-program-case-study-cenits\/\",\"name\":\"The Computerworld Honors Program Case Study: C\u00e9nitS - Fundaci\u00f3n COMPUTAEX\",\"isPartOf\":{\"@id\":\"https:\/\/computaex.es\/#website\"},\"primaryImageOfPage\":{\"@id\":\"https:\/\/computaex.es\/the-computerworld-honors-program-case-study-cenits\/#primaryimage\"},\"image\":{\"@id\":\"https:\/\/computaex.es\/the-computerworld-honors-program-case-study-cenits\/#primaryimage\"},\"thumbnailUrl\":\"https:\/\/www.computaex.es\/modules\/file\/icons\/application-pdf.png\",\"datePublished\":\"2025-01-29T09:36:54+00:00\",\"breadcrumb\":{\"@id\":\"https:\/\/computaex.es\/the-computerworld-honors-program-case-study-cenits\/#breadcrumb\"},\"inLanguage\":\"en-US\",\"potentialAction\":[{\"@type\":\"ReadAction\",\"target\":[\"https:\/\/computaex.es\/the-computerworld-honors-program-case-study-cenits\/\"]}]},{\"@type\":\"ImageObject\",\"inLanguage\":\"en-US\",\"@id\":\"https:\/\/computaex.es\/the-computerworld-honors-program-case-study-cenits\/#primaryimage\",\"url\":\"https:\/\/www.computaex.es\/modules\/file\/icons\/application-pdf.png\",\"contentUrl\":\"https:\/\/www.computaex.es\/modules\/file\/icons\/application-pdf.png\"},{\"@type\":\"BreadcrumbList\",\"@id\":\"https:\/\/computaex.es\/the-computerworld-honors-program-case-study-cenits\/#breadcrumb\",\"itemListElement\":[{\"@type\":\"ListItem\",\"position\":1,\"name\":\"Portada\",\"item\":\"https:\/\/computaex.es\/\"},{\"@type\":\"ListItem\",\"position\":2,\"name\":\"The Computerworld Honors Program Case Study: C\u00e9nitS\"}]},{\"@type\":\"WebSite\",\"@id\":\"https:\/\/computaex.es\/#website\",\"url\":\"https:\/\/computaex.es\/\",\"name\":\"Fundaci\u00f3n COMPUTAEX\",\"description\":\"COMPUTAEX\",\"publisher\":{\"@id\":\"https:\/\/computaex.es\/#organization\"},\"potentialAction\":[{\"@type\":\"SearchAction\",\"target\":{\"@type\":\"EntryPoint\",\"urlTemplate\":\"https:\/\/computaex.es\/?s={search_term_string}\"},\"query-input\":{\"@type\":\"PropertyValueSpecification\",\"valueRequired\":true,\"valueName\":\"search_term_string\"}}],\"inLanguage\":\"en-US\"},{\"@type\":\"Organization\",\"@id\":\"https:\/\/computaex.es\/#organization\",\"name\":\"COMPUTAEX\",\"url\":\"https:\/\/computaex.es\/\",\"logo\":{\"@type\":\"ImageObject\",\"inLanguage\":\"en-US\",\"@id\":\"https:\/\/computaex.es\/#\/schema\/logo\/image\/\",\"url\":\"https:\/\/computaex.es\/wp-content\/uploads\/2025\/05\/cropped-COMPUTAEX_transparente-scaled-1.png\",\"contentUrl\":\"https:\/\/computaex.es\/wp-content\/uploads\/2025\/05\/cropped-COMPUTAEX_transparente-scaled-1.png\",\"width\":2560,\"height\":970,\"caption\":\"COMPUTAEX\"},\"image\":{\"@id\":\"https:\/\/computaex.es\/#\/schema\/logo\/image\/\"},\"sameAs\":[\"https:\/\/m.facebook.com\/computaex\/\",\"https:\/\/x.com\/computaex\",\"https:\/\/es.linkedin.com\/company\/cenits\"]}]}<\/script>\n<!-- \/ Yoast SEO plugin. -->","yoast_head_json":{"title":"The Computerworld Honors Program Case Study: C\u00e9nitS - Fundaci\u00f3n COMPUTAEX","robots":{"index":"index","follow":"follow","max-snippet":"max-snippet:-1","max-image-preview":"max-image-preview:large","max-video-preview":"max-video-preview:-1"},"canonical":"https:\/\/computaex.es\/en\/the-computerworld-honors-program-case-study-cenits\/","og_locale":"en_US","og_type":"article","og_title":"The Computerworld Honors Program Case Study: C\u00e9nitS - Fundaci\u00f3n COMPUTAEX","og_description":"COMPUTERWORLD.\u00a0The Computerworld Honors Program Case Study: C\u00e9nitS. Julio 2011. Noticias relacionadas: La Fundaci\u00f3n COMPUTAEX premiada en la edici\u00f3n de 2011 del \u00abComputerworld Honors Program\u00bb Reconocimieno internacional de COMPUTAEX y C\u00e9nitS. ...","og_url":"https:\/\/computaex.es\/en\/the-computerworld-honors-program-case-study-cenits\/","og_site_name":"Fundaci\u00f3n COMPUTAEX","article_publisher":"https:\/\/m.facebook.com\/computaex\/","og_image":[{"url":"https:\/\/www.computaex.es\/modules\/file\/icons\/application-pdf.png","type":"","width":"","height":""}],"twitter_card":"summary_large_image","twitter_site":"@computaex","twitter_misc":{"Est. reading time":"1 minute"},"schema":{"@context":"https:\/\/schema.org","@graph":[{"@type":"WebPage","@id":"https:\/\/computaex.es\/the-computerworld-honors-program-case-study-cenits\/","url":"https:\/\/computaex.es\/the-computerworld-honors-program-case-study-cenits\/","name":"The Computerworld Honors Program Case Study: C\u00e9nitS - Fundaci\u00f3n COMPUTAEX","isPartOf":{"@id":"https:\/\/computaex.es\/#website"},"primaryImageOfPage":{"@id":"https:\/\/computaex.es\/the-computerworld-honors-program-case-study-cenits\/#primaryimage"},"image":{"@id":"https:\/\/computaex.es\/the-computerworld-honors-program-case-study-cenits\/#primaryimage"},"thumbnailUrl":"https:\/\/www.computaex.es\/modules\/file\/icons\/application-pdf.png","datePublished":"2025-01-29T09:36:54+00:00","breadcrumb":{"@id":"https:\/\/computaex.es\/the-computerworld-honors-program-case-study-cenits\/#breadcrumb"},"inLanguage":"en-US","potentialAction":[{"@type":"ReadAction","target":["https:\/\/computaex.es\/the-computerworld-honors-program-case-study-cenits\/"]}]},{"@type":"ImageObject","inLanguage":"en-US","@id":"https:\/\/computaex.es\/the-computerworld-honors-program-case-study-cenits\/#primaryimage","url":"https:\/\/www.computaex.es\/modules\/file\/icons\/application-pdf.png","contentUrl":"https:\/\/www.computaex.es\/modules\/file\/icons\/application-pdf.png"},{"@type":"BreadcrumbList","@id":"https:\/\/computaex.es\/the-computerworld-honors-program-case-study-cenits\/#breadcrumb","itemListElement":[{"@type":"ListItem","position":1,"name":"Portada","item":"https:\/\/computaex.es\/"},{"@type":"ListItem","position":2,"name":"The Computerworld Honors Program Case Study: C\u00e9nitS"}]},{"@type":"WebSite","@id":"https:\/\/computaex.es\/#website","url":"https:\/\/computaex.es\/","name":"COMPUTAEX Foundation","description":"COMPUTAEX","publisher":{"@id":"https:\/\/computaex.es\/#organization"},"potentialAction":[{"@type":"SearchAction","target":{"@type":"EntryPoint","urlTemplate":"https:\/\/computaex.es\/?s={search_term_string}"},"query-input":{"@type":"PropertyValueSpecification","valueRequired":true,"valueName":"search_term_string"}}],"inLanguage":"en-US"},{"@type":"Organization","@id":"https:\/\/computaex.es\/#organization","name":"COMPUTAEX","url":"https:\/\/computaex.es\/","logo":{"@type":"ImageObject","inLanguage":"en-US","@id":"https:\/\/computaex.es\/#\/schema\/logo\/image\/","url":"https:\/\/computaex.es\/wp-content\/uploads\/2025\/05\/cropped-COMPUTAEX_transparente-scaled-1.png","contentUrl":"https:\/\/computaex.es\/wp-content\/uploads\/2025\/05\/cropped-COMPUTAEX_transparente-scaled-1.png","width":2560,"height":970,"caption":"COMPUTAEX"},"image":{"@id":"https:\/\/computaex.es\/#\/schema\/logo\/image\/"},"sameAs":["https:\/\/m.facebook.com\/computaex\/","https:\/\/x.com\/computaex","https:\/\/es.linkedin.com\/company\/cenits"]}]}},"_links":{"self":[{"href":"https:\/\/computaex.es\/en\/wp-json\/wp\/v2\/pages\/6971","targetHints":{"allow":["GET"]}}],"collection":[{"href":"https:\/\/computaex.es\/en\/wp-json\/wp\/v2\/pages"}],"about":[{"href":"https:\/\/computaex.es\/en\/wp-json\/wp\/v2\/types\/page"}],"author":[{"embeddable":true,"href":"https:\/\/computaex.es\/en\/wp-json\/wp\/v2\/users\/1"}],"replies":[{"embeddable":true,"href":"https:\/\/computaex.es\/en\/wp-json\/wp\/v2\/comments?post=6971"}],"version-history":[{"count":1,"href":"https:\/\/computaex.es\/en\/wp-json\/wp\/v2\/pages\/6971\/revisions"}],"predecessor-version":[{"id":6973,"href":"https:\/\/computaex.es\/en\/wp-json\/wp\/v2\/pages\/6971\/revisions\/6973"}],"wp:attachment":[{"href":"https:\/\/computaex.es\/en\/wp-json\/wp\/v2\/media?parent=6971"}],"wp:term":[{"taxonomy":"category","embeddable":true,"href":"https:\/\/computaex.es\/en\/wp-json\/wp\/v2\/categories?post=6971"},{"taxonomy":"post_tag","embeddable":true,"href":"https:\/\/computaex.es\/en\/wp-json\/wp\/v2\/tags?post=6971"}],"curies":[{"name":"wp","href":"https:\/\/api.w.org\/{rel}","templated":true}]}}