{"id":6981,"date":"2025-01-29T11:31:30","date_gmt":"2025-01-29T10:31:30","guid":{"rendered":"http:\/\/10.128.3.28\/?page_id=6981"},"modified":"2025-08-28T12:13:28","modified_gmt":"2025-08-28T10:13:28","slug":"otros-organismos-publicos-aslan-2011","status":"publish","type":"page","link":"https:\/\/computaex.es\/en\/otros-organismos-publicos-aslan-2011\/","title":{"rendered":"Otros Organismos P\u00fablicos &#8211; @asLAN 2011"},"content":{"rendered":"<div class=\"field field-name-field-prem-fecha field-type-date field-label-inline clearfix\">\n<div class=\"field-label\">Fecha:<\/div>\n<div class=\"field-items\">\n<div class=\"field-item even\"><span class=\"date-display-single\">11\/03\/2011<\/span><\/div>\n<\/div>\n<\/div>\n<div class=\"field field-name-field-prem-imagen-premio field-type-image field-label-hidden\">\n<div class=\"field-items\">\n<div class=\"field-item even\"><img decoding=\"async\" class=\"alignnone wp-image-6990 size-full\" src=\"https:\/\/computaex.es\/wp-content\/uploads\/2025\/01\/premio-siti-aslan-2011.jpg\" alt=\"\" width=\"185\" height=\"139\" \/><\/div>\n<\/div>\n<\/div>\n<div class=\"field field-name-field-prem-descripcion field-type-text-long field-label-hidden\">\n<div class=\"field-items\">\n<div class=\"field-item even\">\n<p>El proyecto\u00a0<a href=\"\/en\/descripcion-centro\/\">C\u00e9nitS<\/a>\u00a0(Centro Extreme\u00f1o de iNvestigaci\u00f3n, Innovaci\u00f3n Tecnol\u00f3gica y Supercomputaci\u00f3n) ha resultado ganador de la categor\u00eda\u00a0<strong>Otros Organismos P\u00fablicos<\/strong>\u00a0en la convocatoria de\u00a0<strong>Casos de \u00c9xito TIC<\/strong>\u00a0Innovadores y Ejemplares en Administraci\u00f3n y Organismos P\u00fablicos organizada por la\u00a0<strong>Asociaci\u00f3n @asLAN<\/strong>.<\/p>\n<p>Esta iniciativa tiene como objetivo principal facilitar el intercambio de conocimientos y reconocer p\u00fablicamente el esfuerzo y dedicaci\u00f3n de los Responsables TIC de Administraciones P\u00fablicas que los han liderado.<\/p>\n<\/div>\n<\/div>\n<\/div>\n<div class=\"field field-name-field-prem-noticias field-type-text-long field-label-above\">\n<div class=\"field-label\">Noticias relacionadas:<\/div>\n<div class=\"field-items\">\n<div class=\"field-item even\">\n<ul>\n<li><a title=\"C\u00e9nitS ganador de la categor\u00eda &quot;Otros Organismos P\u00fablicos&quot; en la convocatoria @asLAN de Casos de \u00c9xito TIC\" href=\"\/en\/premios\/cenits-ganador-de-la-categoria-otros-organismos-publicos-en-la-convocatoria-aslan-de-casos-de-exito-tic\/\">C\u00e9nitS ganador de la categor\u00eda \u00abOtros Organismos P\u00fablicos\u00bb en la convocatoria @asLAN de Casos de \u00c9xito TIC<\/a><\/li>\n<li><a title=\"C\u00e9nitS ganador de la categor\u00eda &quot;Otros Organismos P\u00fablicos&quot; y finalista como &quot;Caso de \u00c9xito m\u00e1s valorado por su Innovaci\u00f3n y Ejemplaridad&quot;\" href=\"\/en\/premios\/cenits-ganador-de-la-categoria-otros-organismos-publicos-y-finalista-como-caso-de-exito-mas-valorado-por-su-innovacion-y-ejemplaridad\/\">C\u00e9nitS ganador de la categor\u00eda \u00abOtros Organismos P\u00fablicos\u00bb y finalista como \u00abCaso de \u00c9xito m\u00e1s valorado por su Innovaci\u00f3n y Ejemplaridad\u00bb<\/a><\/li>\n<\/ul>\n<\/div>\n<\/div>\n<\/div>\n<div class=\"field field-name-field-prem-multimedia field-type-text-long field-label-above\">\n<div class=\"field-label\">Multimedia relacionado:<\/div>\n<div class=\"field-items\">\n<div class=\"field-item even\">\n<ul>\n<li><a href=\"\/en\/cenits-presentacion-iii-convocatoria-de-casos-de-exito-en-administraciones-y-organismos-publicos\/\">Presentaci\u00f3n Caso de \u00e9xito C\u00e9nitS-COMPUTAEX<\/a><\/li>\n<li><a title=\"Galer\u00eda fotogr\u00e1fica SITI\/asLAN 2011\" href=\"\/en\/entrega-premio-siti-aslan2011\/\">Galer\u00eda fotogr\u00e1fica<\/a><\/li>\n<\/ul>\n<\/div>\n<\/div>\n<\/div>","protected":false},"excerpt":{"rendered":"<p>Fecha: 11\/03\/2011 El proyecto\u00a0C\u00e9nitS\u00a0(Centro Extreme\u00f1o de iNvestigaci\u00f3n, Innovaci\u00f3n Tecnol\u00f3gica y Supercomputaci\u00f3n) ha resultado ganador de la categor\u00eda\u00a0Otros Organismos P\u00fablicos\u00a0en la convocatoria de\u00a0Casos de \u00c9xito TIC\u00a0Innovadores y Ejemplares en Administraci\u00f3n y &#8230;<\/p>","protected":false},"author":1,"featured_media":0,"parent":0,"menu_order":0,"comment_status":"closed","ping_status":"closed","template":"","meta":{"footnotes":""},"categories":[],"tags":[],"class_list":["post-6981","page","type-page","status-publish","hentry"],"yoast_head":"<!-- This site is optimized with the Yoast SEO plugin v27.1.1 - https:\/\/yoast.com\/product\/yoast-seo-wordpress\/ -->\n<title>Otros Organismos P\u00fablicos - @asLAN 2011 - Fundaci\u00f3n COMPUTAEX<\/title>\n<meta name=\"robots\" content=\"index, follow, max-snippet:-1, max-image-preview:large, max-video-preview:-1\" \/>\n<link rel=\"canonical\" href=\"https:\/\/computaex.es\/en\/otros-organismos-publicos-aslan-2011\/\" \/>\n<meta property=\"og:locale\" content=\"en_US\" \/>\n<meta property=\"og:type\" content=\"article\" \/>\n<meta property=\"og:title\" content=\"Otros Organismos P\u00fablicos - @asLAN 2011 - Fundaci\u00f3n COMPUTAEX\" \/>\n<meta property=\"og:description\" content=\"Fecha: 11\/03\/2011 El proyecto\u00a0C\u00e9nitS\u00a0(Centro Extreme\u00f1o de iNvestigaci\u00f3n, Innovaci\u00f3n Tecnol\u00f3gica y Supercomputaci\u00f3n) ha resultado ganador de la categor\u00eda\u00a0Otros Organismos P\u00fablicos\u00a0en la convocatoria de\u00a0Casos de \u00c9xito TIC\u00a0Innovadores y Ejemplares en Administraci\u00f3n y ...\" \/>\n<meta property=\"og:url\" content=\"https:\/\/computaex.es\/en\/otros-organismos-publicos-aslan-2011\/\" \/>\n<meta property=\"og:site_name\" content=\"Fundaci\u00f3n COMPUTAEX\" \/>\n<meta property=\"article:publisher\" content=\"https:\/\/m.facebook.com\/computaex\/\" \/>\n<meta property=\"article:modified_time\" content=\"2025-08-28T10:13:28+00:00\" \/>\n<meta property=\"og:image\" content=\"https:\/\/computaex.es\/wp-content\/uploads\/2025\/01\/premio-siti-aslan-2011.jpg\" \/>\n<meta name=\"twitter:card\" content=\"summary_large_image\" \/>\n<meta name=\"twitter:site\" content=\"@computaex\" \/>\n<meta name=\"twitter:label1\" content=\"Est. reading time\" \/>\n\t<meta name=\"twitter:data1\" content=\"1 minute\" \/>\n<script type=\"application\/ld+json\" class=\"yoast-schema-graph\">{\"@context\":\"https:\/\/schema.org\",\"@graph\":[{\"@type\":\"WebPage\",\"@id\":\"https:\/\/computaex.es\/otros-organismos-publicos-aslan-2011\/\",\"url\":\"https:\/\/computaex.es\/otros-organismos-publicos-aslan-2011\/\",\"name\":\"Otros Organismos P\u00fablicos - @asLAN 2011 - Fundaci\u00f3n COMPUTAEX\",\"isPartOf\":{\"@id\":\"https:\/\/computaex.es\/#website\"},\"primaryImageOfPage\":{\"@id\":\"https:\/\/computaex.es\/otros-organismos-publicos-aslan-2011\/#primaryimage\"},\"image\":{\"@id\":\"https:\/\/computaex.es\/otros-organismos-publicos-aslan-2011\/#primaryimage\"},\"thumbnailUrl\":\"https:\/\/computaex.es\/wp-content\/uploads\/2025\/01\/premio-siti-aslan-2011.jpg\",\"datePublished\":\"2025-01-29T10:31:30+00:00\",\"dateModified\":\"2025-08-28T10:13:28+00:00\",\"breadcrumb\":{\"@id\":\"https:\/\/computaex.es\/otros-organismos-publicos-aslan-2011\/#breadcrumb\"},\"inLanguage\":\"en-US\",\"potentialAction\":[{\"@type\":\"ReadAction\",\"target\":[\"https:\/\/computaex.es\/otros-organismos-publicos-aslan-2011\/\"]}]},{\"@type\":\"ImageObject\",\"inLanguage\":\"en-US\",\"@id\":\"https:\/\/computaex.es\/otros-organismos-publicos-aslan-2011\/#primaryimage\",\"url\":\"https:\/\/computaex.es\/wp-content\/uploads\/2025\/01\/premio-siti-aslan-2011.jpg\",\"contentUrl\":\"https:\/\/computaex.es\/wp-content\/uploads\/2025\/01\/premio-siti-aslan-2011.jpg\"},{\"@type\":\"BreadcrumbList\",\"@id\":\"https:\/\/computaex.es\/otros-organismos-publicos-aslan-2011\/#breadcrumb\",\"itemListElement\":[{\"@type\":\"ListItem\",\"position\":1,\"name\":\"Portada\",\"item\":\"https:\/\/computaex.es\/\"},{\"@type\":\"ListItem\",\"position\":2,\"name\":\"Otros Organismos P\u00fablicos &#8211; @asLAN 2011\"}]},{\"@type\":\"WebSite\",\"@id\":\"https:\/\/computaex.es\/#website\",\"url\":\"https:\/\/computaex.es\/\",\"name\":\"Fundaci\u00f3n COMPUTAEX\",\"description\":\"COMPUTAEX\",\"publisher\":{\"@id\":\"https:\/\/computaex.es\/#organization\"},\"potentialAction\":[{\"@type\":\"SearchAction\",\"target\":{\"@type\":\"EntryPoint\",\"urlTemplate\":\"https:\/\/computaex.es\/?s={search_term_string}\"},\"query-input\":{\"@type\":\"PropertyValueSpecification\",\"valueRequired\":true,\"valueName\":\"search_term_string\"}}],\"inLanguage\":\"en-US\"},{\"@type\":\"Organization\",\"@id\":\"https:\/\/computaex.es\/#organization\",\"name\":\"COMPUTAEX\",\"url\":\"https:\/\/computaex.es\/\",\"logo\":{\"@type\":\"ImageObject\",\"inLanguage\":\"en-US\",\"@id\":\"https:\/\/computaex.es\/#\/schema\/logo\/image\/\",\"url\":\"https:\/\/computaex.es\/wp-content\/uploads\/2025\/05\/cropped-COMPUTAEX_transparente-scaled-1.png\",\"contentUrl\":\"https:\/\/computaex.es\/wp-content\/uploads\/2025\/05\/cropped-COMPUTAEX_transparente-scaled-1.png\",\"width\":2560,\"height\":970,\"caption\":\"COMPUTAEX\"},\"image\":{\"@id\":\"https:\/\/computaex.es\/#\/schema\/logo\/image\/\"},\"sameAs\":[\"https:\/\/m.facebook.com\/computaex\/\",\"https:\/\/x.com\/computaex\",\"https:\/\/es.linkedin.com\/company\/cenits\"]}]}<\/script>\n<!-- \/ Yoast SEO plugin. -->","yoast_head_json":{"title":"Otros Organismos P\u00fablicos - @asLAN 2011 - Fundaci\u00f3n COMPUTAEX","robots":{"index":"index","follow":"follow","max-snippet":"max-snippet:-1","max-image-preview":"max-image-preview:large","max-video-preview":"max-video-preview:-1"},"canonical":"https:\/\/computaex.es\/en\/otros-organismos-publicos-aslan-2011\/","og_locale":"en_US","og_type":"article","og_title":"Otros Organismos P\u00fablicos - @asLAN 2011 - Fundaci\u00f3n COMPUTAEX","og_description":"Fecha: 11\/03\/2011 El proyecto\u00a0C\u00e9nitS\u00a0(Centro Extreme\u00f1o de iNvestigaci\u00f3n, Innovaci\u00f3n Tecnol\u00f3gica y Supercomputaci\u00f3n) ha resultado ganador de la categor\u00eda\u00a0Otros Organismos P\u00fablicos\u00a0en la convocatoria de\u00a0Casos de \u00c9xito TIC\u00a0Innovadores y Ejemplares en Administraci\u00f3n y ...","og_url":"https:\/\/computaex.es\/en\/otros-organismos-publicos-aslan-2011\/","og_site_name":"Fundaci\u00f3n COMPUTAEX","article_publisher":"https:\/\/m.facebook.com\/computaex\/","article_modified_time":"2025-08-28T10:13:28+00:00","og_image":[{"url":"https:\/\/computaex.es\/wp-content\/uploads\/2025\/01\/premio-siti-aslan-2011.jpg","type":"","width":"","height":""}],"twitter_card":"summary_large_image","twitter_site":"@computaex","twitter_misc":{"Est. reading time":"1 minute"},"schema":{"@context":"https:\/\/schema.org","@graph":[{"@type":"WebPage","@id":"https:\/\/computaex.es\/otros-organismos-publicos-aslan-2011\/","url":"https:\/\/computaex.es\/otros-organismos-publicos-aslan-2011\/","name":"Otros Organismos P\u00fablicos - @asLAN 2011 - Fundaci\u00f3n COMPUTAEX","isPartOf":{"@id":"https:\/\/computaex.es\/#website"},"primaryImageOfPage":{"@id":"https:\/\/computaex.es\/otros-organismos-publicos-aslan-2011\/#primaryimage"},"image":{"@id":"https:\/\/computaex.es\/otros-organismos-publicos-aslan-2011\/#primaryimage"},"thumbnailUrl":"https:\/\/computaex.es\/wp-content\/uploads\/2025\/01\/premio-siti-aslan-2011.jpg","datePublished":"2025-01-29T10:31:30+00:00","dateModified":"2025-08-28T10:13:28+00:00","breadcrumb":{"@id":"https:\/\/computaex.es\/otros-organismos-publicos-aslan-2011\/#breadcrumb"},"inLanguage":"en-US","potentialAction":[{"@type":"ReadAction","target":["https:\/\/computaex.es\/otros-organismos-publicos-aslan-2011\/"]}]},{"@type":"ImageObject","inLanguage":"en-US","@id":"https:\/\/computaex.es\/otros-organismos-publicos-aslan-2011\/#primaryimage","url":"https:\/\/computaex.es\/wp-content\/uploads\/2025\/01\/premio-siti-aslan-2011.jpg","contentUrl":"https:\/\/computaex.es\/wp-content\/uploads\/2025\/01\/premio-siti-aslan-2011.jpg"},{"@type":"BreadcrumbList","@id":"https:\/\/computaex.es\/otros-organismos-publicos-aslan-2011\/#breadcrumb","itemListElement":[{"@type":"ListItem","position":1,"name":"Portada","item":"https:\/\/computaex.es\/"},{"@type":"ListItem","position":2,"name":"Otros Organismos P\u00fablicos &#8211; @asLAN 2011"}]},{"@type":"WebSite","@id":"https:\/\/computaex.es\/#website","url":"https:\/\/computaex.es\/","name":"COMPUTAEX Foundation","description":"COMPUTAEX","publisher":{"@id":"https:\/\/computaex.es\/#organization"},"potentialAction":[{"@type":"SearchAction","target":{"@type":"EntryPoint","urlTemplate":"https:\/\/computaex.es\/?s={search_term_string}"},"query-input":{"@type":"PropertyValueSpecification","valueRequired":true,"valueName":"search_term_string"}}],"inLanguage":"en-US"},{"@type":"Organization","@id":"https:\/\/computaex.es\/#organization","name":"COMPUTAEX","url":"https:\/\/computaex.es\/","logo":{"@type":"ImageObject","inLanguage":"en-US","@id":"https:\/\/computaex.es\/#\/schema\/logo\/image\/","url":"https:\/\/computaex.es\/wp-content\/uploads\/2025\/05\/cropped-COMPUTAEX_transparente-scaled-1.png","contentUrl":"https:\/\/computaex.es\/wp-content\/uploads\/2025\/05\/cropped-COMPUTAEX_transparente-scaled-1.png","width":2560,"height":970,"caption":"COMPUTAEX"},"image":{"@id":"https:\/\/computaex.es\/#\/schema\/logo\/image\/"},"sameAs":["https:\/\/m.facebook.com\/computaex\/","https:\/\/x.com\/computaex","https:\/\/es.linkedin.com\/company\/cenits"]}]}},"_links":{"self":[{"href":"https:\/\/computaex.es\/en\/wp-json\/wp\/v2\/pages\/6981","targetHints":{"allow":["GET"]}}],"collection":[{"href":"https:\/\/computaex.es\/en\/wp-json\/wp\/v2\/pages"}],"about":[{"href":"https:\/\/computaex.es\/en\/wp-json\/wp\/v2\/types\/page"}],"author":[{"embeddable":true,"href":"https:\/\/computaex.es\/en\/wp-json\/wp\/v2\/users\/1"}],"replies":[{"embeddable":true,"href":"https:\/\/computaex.es\/en\/wp-json\/wp\/v2\/comments?post=6981"}],"version-history":[{"count":4,"href":"https:\/\/computaex.es\/en\/wp-json\/wp\/v2\/pages\/6981\/revisions"}],"predecessor-version":[{"id":9882,"href":"https:\/\/computaex.es\/en\/wp-json\/wp\/v2\/pages\/6981\/revisions\/9882"}],"wp:attachment":[{"href":"https:\/\/computaex.es\/en\/wp-json\/wp\/v2\/media?parent=6981"}],"wp:term":[{"taxonomy":"category","embeddable":true,"href":"https:\/\/computaex.es\/en\/wp-json\/wp\/v2\/categories?post=6981"},{"taxonomy":"post_tag","embeddable":true,"href":"https:\/\/computaex.es\/en\/wp-json\/wp\/v2\/tags?post=6981"}],"curies":[{"name":"wp","href":"https:\/\/api.w.org\/{rel}","templated":true}]}}