{"id":6986,"date":"2025-01-29T11:30:54","date_gmt":"2025-01-29T10:30:54","guid":{"rendered":"http:\/\/10.128.3.28\/?page_id=6986"},"modified":"2025-01-29T11:30:54","modified_gmt":"2025-01-29T10:30:54","slug":"entrega-premio-siti-aslan2011","status":"publish","type":"page","link":"https:\/\/computaex.es\/en\/entrega-premio-siti-aslan2011\/","title":{"rendered":"Entrega premio SITI\/@asLAN2011"},"content":{"rendered":"<div class=\"field field-name-field-gal-descripcion field-type-text-long field-label-hidden\">\n<div class=\"field-items\">\n<div class=\"field-item even\">\n<p>El\u00a0proyecto C\u00e9nitS\u00a0de la\u00a0<a href=\"\/en\/descripcion-la-fundacion\/\">COMPUTAEX Foundation<\/a>\u00a0ha resultado ganador de la categor\u00eda Otros Organismos P\u00fablicos en la convocatoria de Casos de \u00c9xito TIC Innovadores y Ejemplares en Administraci\u00f3n y Organismos P\u00fablicos organizada por la Asociaci\u00f3n @asLAN<\/p>\n<\/div>\n<\/div>\n<\/div>\n<div class=\"field field-name-field-gal-imagen field-type-image field-label-hidden\">\n<div class=\"field-items\">\n<div class=\"field-item even\"><a class=\"colorbox init-colorbox-processed cboxElement\" title=\"Entrega premio SITI\/@asLAN2011\" href=\"https:\/\/www.cenits.es\/sites\/cenits.es\/files\/galeria_imagenes\/20110411-entrega-premio-aslan1.jpg\" data-colorbox-gallery=\"gallery-node-1052-uAWUWcLChRw\" data-cbox-img-attrs=\"{&quot;title&quot;: &quot;&quot;, &quot;alt&quot;: &quot;&quot;}\"><img decoding=\"async\" class=\"alignleft\" title=\"\" src=\"https:\/\/www.cenits.es\/sites\/cenits.es\/files\/styles\/medium\/public\/galeria_imagenes\/20110411-entrega-premio-aslan1.jpg?itok=hNarw4JE\" alt=\"\" width=\"220\" height=\"132\" \/><\/a><\/div>\n<div class=\"field-item odd\"><a class=\"colorbox init-colorbox-processed cboxElement\" title=\"Entrega premio SITI\/@asLAN2011\" href=\"https:\/\/www.cenits.es\/sites\/cenits.es\/files\/galeria_imagenes\/20110411-entrega-premio-aslan2.jpg\" data-colorbox-gallery=\"gallery-node-1052-uAWUWcLChRw\" data-cbox-img-attrs=\"{&quot;title&quot;: &quot;&quot;, &quot;alt&quot;: &quot;&quot;}\"><img decoding=\"async\" class=\"alignleft\" title=\"\" src=\"https:\/\/www.cenits.es\/sites\/cenits.es\/files\/styles\/medium\/public\/galeria_imagenes\/20110411-entrega-premio-aslan2.jpg?itok=Rt8pBev6\" alt=\"\" width=\"220\" height=\"132\" \/><\/a><\/div>\n<div class=\"field-item even\"><a class=\"colorbox init-colorbox-processed cboxElement\" title=\"Entrega premio SITI\/@asLAN2011\" href=\"https:\/\/www.cenits.es\/sites\/cenits.es\/files\/galeria_imagenes\/20110411-entrega-premio-aslan3.jpg\" data-colorbox-gallery=\"gallery-node-1052-uAWUWcLChRw\" data-cbox-img-attrs=\"{&quot;title&quot;: &quot;&quot;, &quot;alt&quot;: &quot;&quot;}\"><img decoding=\"async\" title=\"\" src=\"https:\/\/www.cenits.es\/sites\/cenits.es\/files\/styles\/medium\/public\/galeria_imagenes\/20110411-entrega-premio-aslan3.jpg?itok=gba4Vyx1\" alt=\"\" width=\"220\" height=\"165\" \/><\/a><\/div>\n<div class=\"field-item odd\"><a class=\"colorbox init-colorbox-processed cboxElement\" title=\"Entrega premio SITI\/@asLAN2011\" href=\"https:\/\/www.cenits.es\/sites\/cenits.es\/files\/galeria_imagenes\/20110411-entrega-premio-aslan4.jpg\" data-colorbox-gallery=\"gallery-node-1052-uAWUWcLChRw\" data-cbox-img-attrs=\"{&quot;title&quot;: &quot;&quot;, &quot;alt&quot;: &quot;&quot;}\"><img loading=\"lazy\" decoding=\"async\" class=\"aligncenter\" title=\"\" src=\"https:\/\/www.cenits.es\/sites\/cenits.es\/files\/styles\/medium\/public\/galeria_imagenes\/20110411-entrega-premio-aslan4.jpg?itok=9Vux10Ff\" alt=\"\" width=\"220\" height=\"166\" \/><\/a><\/div>\n<\/div>\n<\/div>\n<div class=\"field field-name-field-gal-noticia field-type-text-long field-label-above\">\n<div class=\"field-label\">Noticias relacionadas:<\/div>\n<div class=\"field-items\">\n<div class=\"field-item even\">\n<ul>\n<li><a href=\"\/en\/premios\/cenits-finalista-de-la-categoria-organismos-publicos-en-la-convocatoria-aslan-de-casos-de-exito-tic\/\">C\u00e9nitS finalista de la categor\u00eda \u00abOrganismos P\u00fablicos\u00bb en la convocatoria @asLAN de Casos de \u00c9xito TIC<\/a><\/li>\n<li><a href=\"\/en\/premios\/cenits-ganador-de-la-categoria-otros-organismos-publicos-en-la-convocatoria-aslan-de-casos-de-exito-tic\/\">C\u00e9nitS ganador de la categor\u00eda \u00abOtros Organismos P\u00fablicos\u00bb en la convocatoria @asLAN de Casos de \u00c9xito TIC<\/a><\/li>\n<li><a href=\"\/en\/premios\/cenits-ganador-de-la-categoria-otros-organismos-publicos-y-finalista-como-caso-de-exito-mas-valorado-por-su-innovacion-y-ejemplaridad\/\">C\u00e9nitS ganador de la categor\u00eda \u00abOtros Organismos P\u00fablicos\u00bb y finalista como \u00abCaso de \u00c9xito m\u00e1s valorado por su Innovaci\u00f3n y Ejemplaridad\u00bb<\/a><\/li>\n<\/ul>\n<\/div>\n<\/div>\n<\/div>","protected":false},"excerpt":{"rendered":"<p>El\u00a0proyecto C\u00e9nitS\u00a0de la\u00a0Fundaci\u00f3n COMPUTAEX\u00a0ha resultado ganador de la categor\u00eda Otros Organismos P\u00fablicos en la convocatoria de Casos de \u00c9xito TIC Innovadores y Ejemplares en Administraci\u00f3n y Organismos P\u00fablicos organizada por &#8230;<\/p>","protected":false},"author":1,"featured_media":0,"parent":0,"menu_order":0,"comment_status":"closed","ping_status":"closed","template":"","meta":{"footnotes":""},"categories":[],"tags":[],"class_list":["post-6986","page","type-page","status-publish","hentry"],"yoast_head":"<!-- This site is optimized with the Yoast SEO plugin v27.1.1 - https:\/\/yoast.com\/product\/yoast-seo-wordpress\/ -->\n<title>Entrega premio SITI\/@asLAN2011 - Fundaci\u00f3n COMPUTAEX<\/title>\n<meta name=\"robots\" content=\"index, follow, max-snippet:-1, max-image-preview:large, max-video-preview:-1\" \/>\n<link rel=\"canonical\" href=\"https:\/\/computaex.es\/en\/entrega-premio-siti-aslan2011\/\" \/>\n<meta property=\"og:locale\" content=\"en_US\" \/>\n<meta property=\"og:type\" content=\"article\" \/>\n<meta property=\"og:title\" content=\"Entrega premio SITI\/@asLAN2011 - Fundaci\u00f3n COMPUTAEX\" \/>\n<meta property=\"og:description\" content=\"El\u00a0proyecto C\u00e9nitS\u00a0de la\u00a0Fundaci\u00f3n COMPUTAEX\u00a0ha resultado ganador de la categor\u00eda Otros Organismos P\u00fablicos en la convocatoria de Casos de \u00c9xito TIC Innovadores y Ejemplares en Administraci\u00f3n y Organismos P\u00fablicos organizada por ...\" \/>\n<meta property=\"og:url\" content=\"https:\/\/computaex.es\/en\/entrega-premio-siti-aslan2011\/\" \/>\n<meta property=\"og:site_name\" content=\"Fundaci\u00f3n COMPUTAEX\" \/>\n<meta property=\"article:publisher\" content=\"https:\/\/m.facebook.com\/computaex\/\" \/>\n<meta property=\"og:image\" content=\"https:\/\/www.cenits.es\/sites\/cenits.es\/files\/styles\/medium\/public\/galeria_imagenes\/20110411-entrega-premio-aslan1.jpg?itok=hNarw4JE\" \/>\n<meta name=\"twitter:card\" content=\"summary_large_image\" \/>\n<meta name=\"twitter:site\" content=\"@computaex\" \/>\n<meta name=\"twitter:label1\" content=\"Est. reading time\" \/>\n\t<meta name=\"twitter:data1\" content=\"2 minutes\" \/>\n<script type=\"application\/ld+json\" class=\"yoast-schema-graph\">{\"@context\":\"https:\/\/schema.org\",\"@graph\":[{\"@type\":\"WebPage\",\"@id\":\"https:\/\/computaex.es\/entrega-premio-siti-aslan2011\/\",\"url\":\"https:\/\/computaex.es\/entrega-premio-siti-aslan2011\/\",\"name\":\"Entrega premio SITI\/@asLAN2011 - Fundaci\u00f3n COMPUTAEX\",\"isPartOf\":{\"@id\":\"https:\/\/computaex.es\/#website\"},\"primaryImageOfPage\":{\"@id\":\"https:\/\/computaex.es\/entrega-premio-siti-aslan2011\/#primaryimage\"},\"image\":{\"@id\":\"https:\/\/computaex.es\/entrega-premio-siti-aslan2011\/#primaryimage\"},\"thumbnailUrl\":\"https:\/\/www.cenits.es\/sites\/cenits.es\/files\/styles\/medium\/public\/galeria_imagenes\/20110411-entrega-premio-aslan1.jpg?itok=hNarw4JE\",\"datePublished\":\"2025-01-29T10:30:54+00:00\",\"breadcrumb\":{\"@id\":\"https:\/\/computaex.es\/entrega-premio-siti-aslan2011\/#breadcrumb\"},\"inLanguage\":\"en-US\",\"potentialAction\":[{\"@type\":\"ReadAction\",\"target\":[\"https:\/\/computaex.es\/entrega-premio-siti-aslan2011\/\"]}]},{\"@type\":\"ImageObject\",\"inLanguage\":\"en-US\",\"@id\":\"https:\/\/computaex.es\/entrega-premio-siti-aslan2011\/#primaryimage\",\"url\":\"https:\/\/www.cenits.es\/sites\/cenits.es\/files\/styles\/medium\/public\/galeria_imagenes\/20110411-entrega-premio-aslan1.jpg?itok=hNarw4JE\",\"contentUrl\":\"https:\/\/www.cenits.es\/sites\/cenits.es\/files\/styles\/medium\/public\/galeria_imagenes\/20110411-entrega-premio-aslan1.jpg?itok=hNarw4JE\"},{\"@type\":\"BreadcrumbList\",\"@id\":\"https:\/\/computaex.es\/entrega-premio-siti-aslan2011\/#breadcrumb\",\"itemListElement\":[{\"@type\":\"ListItem\",\"position\":1,\"name\":\"Portada\",\"item\":\"https:\/\/computaex.es\/\"},{\"@type\":\"ListItem\",\"position\":2,\"name\":\"Entrega premio SITI\/@asLAN2011\"}]},{\"@type\":\"WebSite\",\"@id\":\"https:\/\/computaex.es\/#website\",\"url\":\"https:\/\/computaex.es\/\",\"name\":\"Fundaci\u00f3n COMPUTAEX\",\"description\":\"COMPUTAEX\",\"publisher\":{\"@id\":\"https:\/\/computaex.es\/#organization\"},\"potentialAction\":[{\"@type\":\"SearchAction\",\"target\":{\"@type\":\"EntryPoint\",\"urlTemplate\":\"https:\/\/computaex.es\/?s={search_term_string}\"},\"query-input\":{\"@type\":\"PropertyValueSpecification\",\"valueRequired\":true,\"valueName\":\"search_term_string\"}}],\"inLanguage\":\"en-US\"},{\"@type\":\"Organization\",\"@id\":\"https:\/\/computaex.es\/#organization\",\"name\":\"COMPUTAEX\",\"url\":\"https:\/\/computaex.es\/\",\"logo\":{\"@type\":\"ImageObject\",\"inLanguage\":\"en-US\",\"@id\":\"https:\/\/computaex.es\/#\/schema\/logo\/image\/\",\"url\":\"https:\/\/computaex.es\/wp-content\/uploads\/2025\/05\/cropped-COMPUTAEX_transparente-scaled-1.png\",\"contentUrl\":\"https:\/\/computaex.es\/wp-content\/uploads\/2025\/05\/cropped-COMPUTAEX_transparente-scaled-1.png\",\"width\":2560,\"height\":970,\"caption\":\"COMPUTAEX\"},\"image\":{\"@id\":\"https:\/\/computaex.es\/#\/schema\/logo\/image\/\"},\"sameAs\":[\"https:\/\/m.facebook.com\/computaex\/\",\"https:\/\/x.com\/computaex\",\"https:\/\/es.linkedin.com\/company\/cenits\"]}]}<\/script>\n<!-- \/ Yoast SEO plugin. -->","yoast_head_json":{"title":"Entrega premio SITI\/@asLAN2011 - Fundaci\u00f3n COMPUTAEX","robots":{"index":"index","follow":"follow","max-snippet":"max-snippet:-1","max-image-preview":"max-image-preview:large","max-video-preview":"max-video-preview:-1"},"canonical":"https:\/\/computaex.es\/en\/entrega-premio-siti-aslan2011\/","og_locale":"en_US","og_type":"article","og_title":"Entrega premio SITI\/@asLAN2011 - Fundaci\u00f3n COMPUTAEX","og_description":"El\u00a0proyecto C\u00e9nitS\u00a0de la\u00a0Fundaci\u00f3n COMPUTAEX\u00a0ha resultado ganador de la categor\u00eda Otros Organismos P\u00fablicos en la convocatoria de Casos de \u00c9xito TIC Innovadores y Ejemplares en Administraci\u00f3n y Organismos P\u00fablicos organizada por ...","og_url":"https:\/\/computaex.es\/en\/entrega-premio-siti-aslan2011\/","og_site_name":"Fundaci\u00f3n COMPUTAEX","article_publisher":"https:\/\/m.facebook.com\/computaex\/","og_image":[{"url":"https:\/\/www.cenits.es\/sites\/cenits.es\/files\/styles\/medium\/public\/galeria_imagenes\/20110411-entrega-premio-aslan1.jpg?itok=hNarw4JE","type":"","width":"","height":""}],"twitter_card":"summary_large_image","twitter_site":"@computaex","twitter_misc":{"Est. reading time":"2 minutes"},"schema":{"@context":"https:\/\/schema.org","@graph":[{"@type":"WebPage","@id":"https:\/\/computaex.es\/entrega-premio-siti-aslan2011\/","url":"https:\/\/computaex.es\/entrega-premio-siti-aslan2011\/","name":"Entrega premio SITI\/@asLAN2011 - Fundaci\u00f3n COMPUTAEX","isPartOf":{"@id":"https:\/\/computaex.es\/#website"},"primaryImageOfPage":{"@id":"https:\/\/computaex.es\/entrega-premio-siti-aslan2011\/#primaryimage"},"image":{"@id":"https:\/\/computaex.es\/entrega-premio-siti-aslan2011\/#primaryimage"},"thumbnailUrl":"https:\/\/www.cenits.es\/sites\/cenits.es\/files\/styles\/medium\/public\/galeria_imagenes\/20110411-entrega-premio-aslan1.jpg?itok=hNarw4JE","datePublished":"2025-01-29T10:30:54+00:00","breadcrumb":{"@id":"https:\/\/computaex.es\/entrega-premio-siti-aslan2011\/#breadcrumb"},"inLanguage":"en-US","potentialAction":[{"@type":"ReadAction","target":["https:\/\/computaex.es\/entrega-premio-siti-aslan2011\/"]}]},{"@type":"ImageObject","inLanguage":"en-US","@id":"https:\/\/computaex.es\/entrega-premio-siti-aslan2011\/#primaryimage","url":"https:\/\/www.cenits.es\/sites\/cenits.es\/files\/styles\/medium\/public\/galeria_imagenes\/20110411-entrega-premio-aslan1.jpg?itok=hNarw4JE","contentUrl":"https:\/\/www.cenits.es\/sites\/cenits.es\/files\/styles\/medium\/public\/galeria_imagenes\/20110411-entrega-premio-aslan1.jpg?itok=hNarw4JE"},{"@type":"BreadcrumbList","@id":"https:\/\/computaex.es\/entrega-premio-siti-aslan2011\/#breadcrumb","itemListElement":[{"@type":"ListItem","position":1,"name":"Portada","item":"https:\/\/computaex.es\/"},{"@type":"ListItem","position":2,"name":"Entrega premio SITI\/@asLAN2011"}]},{"@type":"WebSite","@id":"https:\/\/computaex.es\/#website","url":"https:\/\/computaex.es\/","name":"COMPUTAEX Foundation","description":"COMPUTAEX","publisher":{"@id":"https:\/\/computaex.es\/#organization"},"potentialAction":[{"@type":"SearchAction","target":{"@type":"EntryPoint","urlTemplate":"https:\/\/computaex.es\/?s={search_term_string}"},"query-input":{"@type":"PropertyValueSpecification","valueRequired":true,"valueName":"search_term_string"}}],"inLanguage":"en-US"},{"@type":"Organization","@id":"https:\/\/computaex.es\/#organization","name":"COMPUTAEX","url":"https:\/\/computaex.es\/","logo":{"@type":"ImageObject","inLanguage":"en-US","@id":"https:\/\/computaex.es\/#\/schema\/logo\/image\/","url":"https:\/\/computaex.es\/wp-content\/uploads\/2025\/05\/cropped-COMPUTAEX_transparente-scaled-1.png","contentUrl":"https:\/\/computaex.es\/wp-content\/uploads\/2025\/05\/cropped-COMPUTAEX_transparente-scaled-1.png","width":2560,"height":970,"caption":"COMPUTAEX"},"image":{"@id":"https:\/\/computaex.es\/#\/schema\/logo\/image\/"},"sameAs":["https:\/\/m.facebook.com\/computaex\/","https:\/\/x.com\/computaex","https:\/\/es.linkedin.com\/company\/cenits"]}]}},"_links":{"self":[{"href":"https:\/\/computaex.es\/en\/wp-json\/wp\/v2\/pages\/6986","targetHints":{"allow":["GET"]}}],"collection":[{"href":"https:\/\/computaex.es\/en\/wp-json\/wp\/v2\/pages"}],"about":[{"href":"https:\/\/computaex.es\/en\/wp-json\/wp\/v2\/types\/page"}],"author":[{"embeddable":true,"href":"https:\/\/computaex.es\/en\/wp-json\/wp\/v2\/users\/1"}],"replies":[{"embeddable":true,"href":"https:\/\/computaex.es\/en\/wp-json\/wp\/v2\/comments?post=6986"}],"version-history":[{"count":2,"href":"https:\/\/computaex.es\/en\/wp-json\/wp\/v2\/pages\/6986\/revisions"}],"predecessor-version":[{"id":6988,"href":"https:\/\/computaex.es\/en\/wp-json\/wp\/v2\/pages\/6986\/revisions\/6988"}],"wp:attachment":[{"href":"https:\/\/computaex.es\/en\/wp-json\/wp\/v2\/media?parent=6986"}],"wp:term":[{"taxonomy":"category","embeddable":true,"href":"https:\/\/computaex.es\/en\/wp-json\/wp\/v2\/categories?post=6986"},{"taxonomy":"post_tag","embeddable":true,"href":"https:\/\/computaex.es\/en\/wp-json\/wp\/v2\/tags?post=6986"}],"curies":[{"name":"wp","href":"https:\/\/api.w.org\/{rel}","templated":true}]}}