{"id":6995,"date":"2025-01-29T11:50:59","date_gmt":"2025-01-29T10:50:59","guid":{"rendered":"http:\/\/10.128.3.28\/?page_id=6995"},"modified":"2025-01-29T11:50:59","modified_gmt":"2025-01-29T10:50:59","slug":"premio-itanium-solutions-alliance","status":"publish","type":"page","link":"https:\/\/computaex.es\/en\/premio-itanium-solutions-alliance\/","title":{"rendered":"Premio Itanium Solutions Alliance"},"content":{"rendered":"<div class=\"field field-name-field-gal-descripcion field-type-text-long field-label-hidden\">\n<div class=\"field-items\">\n<div class=\"field-item even\">\n<p>El premio de la\u00a0<a href=\"http:\/\/www.itaniumsolutions.org\/\">Itanium Solutions Alliance<\/a>\u00a0en la categor\u00eda\u00a0<a href=\"http:\/\/www.itaniumsolutions.org\/itanium_innovation_awards\/categories\">Humanitarian Impact<\/a>\u00a0fue concedido por el uso innovador de sistemas con tecnolog\u00eda basada en procesadores Itanium para obtener resultados que benefician a la humanidad mediante la investigaci\u00f3n, las mejoras sociales u otros esfuerzos humanitarios.<\/p>\n<\/div>\n<\/div>\n<\/div>\n<div class=\"field field-name-field-gal-imagen field-type-image field-label-hidden\">\n<div class=\"field-items\">\n<div class=\"field-item even\"><a class=\"colorbox init-colorbox-processed cboxElement\" title=\"Premio Itanium Solutions Alliance\" href=\"https:\/\/www.cenits.es\/sites\/cenits.es\/files\/galeria_imagenes\/20100915-premio-itanium-solutions-alliance-01.jpg\" data-colorbox-gallery=\"gallery-node-1062-6qqHUlJEMVg\" data-cbox-img-attrs=\"{&quot;title&quot;: &quot;&quot;, &quot;alt&quot;: &quot;&quot;}\"><img decoding=\"async\" class=\"alignleft\" title=\"\" src=\"https:\/\/www.cenits.es\/sites\/cenits.es\/files\/styles\/medium\/public\/galeria_imagenes\/20100915-premio-itanium-solutions-alliance-01.jpg?itok=T7AORAcI\" alt=\"\" width=\"220\" height=\"132\" \/><\/a><\/div>\n<div class=\"field-item odd\"><a class=\"colorbox init-colorbox-processed cboxElement\" title=\"Premio Itanium Solutions Alliance\" href=\"https:\/\/www.cenits.es\/sites\/cenits.es\/files\/galeria_imagenes\/20100915-premio-itanium-solutions-alliance-02.jpg\" data-colorbox-gallery=\"gallery-node-1062-6qqHUlJEMVg\" data-cbox-img-attrs=\"{&quot;title&quot;: &quot;&quot;, &quot;alt&quot;: &quot;&quot;}\"><img decoding=\"async\" class=\"alignleft\" title=\"\" src=\"https:\/\/www.cenits.es\/sites\/cenits.es\/files\/styles\/medium\/public\/galeria_imagenes\/20100915-premio-itanium-solutions-alliance-02.jpg?itok=aTT8O3f_\" alt=\"\" width=\"220\" height=\"132\" \/><\/a><\/div>\n<div class=\"field-item even\"><a class=\"colorbox init-colorbox-processed cboxElement\" title=\"Premio Itanium Solutions Alliance\" href=\"https:\/\/www.cenits.es\/sites\/cenits.es\/files\/galeria_imagenes\/20100915-premio-itanium-solutions-alliance-03.jpg\" data-colorbox-gallery=\"gallery-node-1062-6qqHUlJEMVg\" data-cbox-img-attrs=\"{&quot;title&quot;: &quot;&quot;, &quot;alt&quot;: &quot;&quot;}\"><img decoding=\"async\" title=\"\" src=\"https:\/\/www.cenits.es\/sites\/cenits.es\/files\/styles\/medium\/public\/galeria_imagenes\/20100915-premio-itanium-solutions-alliance-03.jpg?itok=sheLyGz9\" alt=\"\" width=\"220\" height=\"165\" \/><\/a><\/div>\n<div class=\"field-item odd\"><a class=\"colorbox init-colorbox-processed cboxElement\" title=\"Premio Itanium Solutions Alliance\" href=\"https:\/\/www.cenits.es\/sites\/cenits.es\/files\/galeria_imagenes\/20100915-premio-itanium-solutions-alliance-04.jpg\" data-colorbox-gallery=\"gallery-node-1062-6qqHUlJEMVg\" data-cbox-img-attrs=\"{&quot;title&quot;: &quot;&quot;, &quot;alt&quot;: &quot;&quot;}\"><img loading=\"lazy\" decoding=\"async\" class=\"alignleft\" title=\"\" src=\"https:\/\/www.cenits.es\/sites\/cenits.es\/files\/styles\/medium\/public\/galeria_imagenes\/20100915-premio-itanium-solutions-alliance-04.jpg?itok=z2S1tRLP\" alt=\"\" width=\"220\" height=\"165\" \/><\/a><\/div>\n<div class=\"field-item even\"><a class=\"colorbox init-colorbox-processed cboxElement\" title=\"Premio Itanium Solutions Alliance\" href=\"https:\/\/www.cenits.es\/sites\/cenits.es\/files\/galeria_imagenes\/20100915-premio-itanium-solutions-alliance-05.jpg\" data-colorbox-gallery=\"gallery-node-1062-6qqHUlJEMVg\" data-cbox-img-attrs=\"{&quot;title&quot;: &quot;&quot;, &quot;alt&quot;: &quot;&quot;}\"><img loading=\"lazy\" decoding=\"async\" class=\"alignleft\" title=\"\" src=\"https:\/\/www.cenits.es\/sites\/cenits.es\/files\/styles\/medium\/public\/galeria_imagenes\/20100915-premio-itanium-solutions-alliance-05.jpg?itok=EOG77XvB\" alt=\"\" width=\"220\" height=\"165\" \/><\/a><\/div>\n<div class=\"field-item odd\"><a class=\"colorbox init-colorbox-processed cboxElement\" title=\"Premio Itanium Solutions Alliance\" href=\"https:\/\/www.cenits.es\/sites\/cenits.es\/files\/galeria_imagenes\/20100915-premio-itanium-solutions-alliance-06.jpg\" data-colorbox-gallery=\"gallery-node-1062-6qqHUlJEMVg\" data-cbox-img-attrs=\"{&quot;title&quot;: &quot;&quot;, &quot;alt&quot;: &quot;&quot;}\"><img loading=\"lazy\" decoding=\"async\" title=\"\" src=\"https:\/\/www.cenits.es\/sites\/cenits.es\/files\/styles\/medium\/public\/galeria_imagenes\/20100915-premio-itanium-solutions-alliance-06.jpg?itok=Ppr18NPs\" alt=\"\" width=\"220\" height=\"165\" \/><\/a><\/div>\n<div class=\"field-item even\"><a class=\"colorbox init-colorbox-processed cboxElement\" title=\"Premio Itanium Solutions Alliance\" href=\"https:\/\/www.cenits.es\/sites\/cenits.es\/files\/galeria_imagenes\/20100915-premio-itanium-solutions-alliance-07.jpg\" data-colorbox-gallery=\"gallery-node-1062-6qqHUlJEMVg\" data-cbox-img-attrs=\"{&quot;title&quot;: &quot;&quot;, &quot;alt&quot;: &quot;&quot;}\"><img loading=\"lazy\" decoding=\"async\" class=\"alignleft\" title=\"\" src=\"https:\/\/www.cenits.es\/sites\/cenits.es\/files\/styles\/medium\/public\/galeria_imagenes\/20100915-premio-itanium-solutions-alliance-07.jpg?itok=rWXe9hia\" alt=\"\" width=\"220\" height=\"165\" \/><\/a><\/div>\n<div class=\"field-item odd\"><a class=\"colorbox init-colorbox-processed cboxElement\" title=\"Premio Itanium Solutions Alliance\" href=\"https:\/\/www.cenits.es\/sites\/cenits.es\/files\/galeria_imagenes\/20100915-premio-itanium-solutions-alliance-08.jpg\" data-colorbox-gallery=\"gallery-node-1062-6qqHUlJEMVg\" data-cbox-img-attrs=\"{&quot;title&quot;: &quot;&quot;, &quot;alt&quot;: &quot;&quot;}\"><img loading=\"lazy\" decoding=\"async\" class=\"alignleft\" title=\"\" src=\"https:\/\/www.cenits.es\/sites\/cenits.es\/files\/styles\/medium\/public\/galeria_imagenes\/20100915-premio-itanium-solutions-alliance-08.jpg?itok=iVXeD74K\" alt=\"\" width=\"220\" height=\"165\" \/><\/a><\/div>\n<div class=\"field-item even\"><a class=\"colorbox init-colorbox-processed cboxElement\" title=\"Premio Itanium Solutions Alliance\" href=\"https:\/\/www.cenits.es\/sites\/cenits.es\/files\/galeria_imagenes\/20100915-premio-itanium-solutions-alliance-09.jpg\" data-colorbox-gallery=\"gallery-node-1062-6qqHUlJEMVg\" data-cbox-img-attrs=\"{&quot;title&quot;: &quot;&quot;, &quot;alt&quot;: &quot;&quot;}\"><img loading=\"lazy\" decoding=\"async\" title=\"\" src=\"https:\/\/www.cenits.es\/sites\/cenits.es\/files\/styles\/medium\/public\/galeria_imagenes\/20100915-premio-itanium-solutions-alliance-09.jpg?itok=v5EhvSnK\" alt=\"\" width=\"220\" height=\"165\" \/><\/a><\/div>\n<div class=\"field-item odd\"><a class=\"colorbox init-colorbox-processed cboxElement\" title=\"Premio Itanium Solutions Alliance\" href=\"https:\/\/www.cenits.es\/sites\/cenits.es\/files\/galeria_imagenes\/20100915-premio-itanium-solutions-alliance-10.jpg\" data-colorbox-gallery=\"gallery-node-1062-6qqHUlJEMVg\" data-cbox-img-attrs=\"{&quot;title&quot;: &quot;&quot;, &quot;alt&quot;: &quot;&quot;}\"><img loading=\"lazy\" decoding=\"async\" class=\"alignleft\" title=\"\" src=\"https:\/\/www.cenits.es\/sites\/cenits.es\/files\/styles\/medium\/public\/galeria_imagenes\/20100915-premio-itanium-solutions-alliance-10.jpg?itok=KolG1aoj\" alt=\"\" width=\"220\" height=\"165\" \/><\/a><\/div>\n<div class=\"field-item even\"><a class=\"colorbox init-colorbox-processed cboxElement\" title=\"Premio Itanium Solutions Alliance\" href=\"https:\/\/www.cenits.es\/sites\/cenits.es\/files\/galeria_imagenes\/20100915-premio-itanium-solutions-alliance-11.jpg\" data-colorbox-gallery=\"gallery-node-1062-6qqHUlJEMVg\" data-cbox-img-attrs=\"{&quot;title&quot;: &quot;&quot;, &quot;alt&quot;: &quot;&quot;}\"><img loading=\"lazy\" decoding=\"async\" class=\"alignleft\" title=\"\" src=\"https:\/\/www.cenits.es\/sites\/cenits.es\/files\/styles\/medium\/public\/galeria_imagenes\/20100915-premio-itanium-solutions-alliance-11.jpg?itok=xX8fWrro\" alt=\"\" width=\"220\" height=\"165\" \/><\/a><\/div>\n<div class=\"field-item odd\"><a class=\"colorbox init-colorbox-processed cboxElement\" title=\"Premio Itanium Solutions Alliance\" href=\"https:\/\/www.cenits.es\/sites\/cenits.es\/files\/galeria_imagenes\/20100915-premio-itanium-solutions-alliance-12.jpg\" data-colorbox-gallery=\"gallery-node-1062-6qqHUlJEMVg\" data-cbox-img-attrs=\"{&quot;title&quot;: &quot;&quot;, &quot;alt&quot;: &quot;&quot;}\"><img loading=\"lazy\" decoding=\"async\" title=\"\" src=\"https:\/\/www.cenits.es\/sites\/cenits.es\/files\/styles\/medium\/public\/galeria_imagenes\/20100915-premio-itanium-solutions-alliance-12.jpg?itok=4BD2duGr\" alt=\"\" width=\"165\" height=\"220\" \/><\/a><\/div>\n<\/div>\n<\/div>\n<div class=\"field field-name-field-gal-noticia field-type-text-long field-label-above\">\n<div class=\"field-label\">Noticias relacionadas:<\/div>\n<div class=\"field-items\">\n<div class=\"field-item even\">\n<ul>\n<li><a href=\"\/en\/premios\/computaex-recoge-el-premio-de-la-itanium-solutions-alliance-en-san-francisco\/\">COMPUTAEX recoge el premio de la Itanium Solutions Alliance en San Francisco<\/a><\/li>\n<li><a title=\"La Fundaci\u00f3n COMPUTAEX y su Centro C\u00e9nitS ganadores de la edici\u00f3n 2010 del prestigioso premio internacional a la innovaci\u00f3n otorgado por Itanium\u00ae Solutions Alliance\" href=\"\/en\/premios\/la-fundacion-computaex-y-su-centro-cenits-ganadores-de-la-edicion-2010-del-prestigioso-premio-internacional-a-la-innovacion-otorgado-por-itanium-solutions-alliance\/\">La Fundaci\u00f3n COMPUTAEX y su Centro C\u00e9nitS ganadores de la edici\u00f3n 2010 del prestigioso premio internacional a la innovaci\u00f3n otorgado por Itanium\u00ae Solutions Alliance<\/a><\/li>\n<li><a title=\"COMPUTAEX recoge el premio de la Itanium Solutions Alliance en San Francisco\" href=\"\/en\/premios\/computaex-recoge-el-premio-de-la-itanium-solutions-alliance-en-san-francisco\/\">COMPUTAEX recoge el premio de la Itanium Solutions Alliance en San Francisco<\/a><\/li>\n<li><a title=\"Itanium Innovation Award en Canal Extremadura\" href=\"\/en\/itanium-innovation-award-en-canal-extremadura\/\">Itanium Innovation Award en Canal Extremadura<\/a><\/li>\n<li><a title=\"Entrevista del Director General de la Fundaci\u00f3n COMPUTAEX en Agitaci\u00f3n y Cultura\" href=\"\/en\/entrevista-del-director-general-de-la-fundacion-computaex-en-agitacion-y-cultura\/\">Entrevista del Director General de la Fundaci\u00f3n COMPUTAEX en Agitaci\u00f3n y Cultura<\/a><\/li>\n<li><a title=\"Entrevista del Director General de la Fundaci\u00f3n COMPUTAEX en relaci\u00f3n al premio recibido desde Itanium\u00ae Solutions Alliance en la cadena Ser Trujillo\" href=\"\/en\/entrevista-del-director-general-de-la-fundacion-computaex-en-relacion-al-premio-recibido-desde-itanium-solutions-alliance-en-la-cadena-ser-trujillo\/\">Entrevista del Director General de la Fundaci\u00f3n COMPUTAEX en relaci\u00f3n al premio recibido desde Itanium\u00ae Solutions Alliance en la cadena Ser Trujillo<\/a><\/li>\n<\/ul>\n<\/div>\n<\/div>\n<\/div>","protected":false},"excerpt":{"rendered":"<p>El premio de la\u00a0Itanium Solutions Alliance\u00a0en la categor\u00eda\u00a0Humanitarian Impact\u00a0fue concedido por el uso innovador de sistemas con tecnolog\u00eda basada en procesadores Itanium para obtener resultados que benefician a la humanidad &#8230;<\/p>","protected":false},"author":1,"featured_media":0,"parent":0,"menu_order":0,"comment_status":"closed","ping_status":"closed","template":"","meta":{"footnotes":""},"categories":[],"tags":[],"class_list":["post-6995","page","type-page","status-publish","hentry"],"yoast_head":"<!-- This site is optimized with the Yoast SEO plugin v27.5 - https:\/\/yoast.com\/product\/yoast-seo-wordpress\/ -->\n<title>Premio Itanium Solutions Alliance - Fundaci\u00f3n COMPUTAEX<\/title>\n<meta name=\"robots\" content=\"index, follow, max-snippet:-1, max-image-preview:large, max-video-preview:-1\" \/>\n<link rel=\"canonical\" href=\"https:\/\/computaex.es\/en\/premio-itanium-solutions-alliance\/\" \/>\n<meta property=\"og:locale\" content=\"en_US\" \/>\n<meta property=\"og:type\" content=\"article\" \/>\n<meta property=\"og:title\" content=\"Premio Itanium Solutions Alliance - Fundaci\u00f3n COMPUTAEX\" \/>\n<meta property=\"og:description\" content=\"El premio de la\u00a0Itanium Solutions Alliance\u00a0en la categor\u00eda\u00a0Humanitarian Impact\u00a0fue concedido por el uso innovador de sistemas con tecnolog\u00eda basada en procesadores Itanium para obtener resultados que benefician a la humanidad ...\" \/>\n<meta property=\"og:url\" content=\"https:\/\/computaex.es\/en\/premio-itanium-solutions-alliance\/\" \/>\n<meta property=\"og:site_name\" content=\"Fundaci\u00f3n COMPUTAEX\" \/>\n<meta property=\"article:publisher\" content=\"https:\/\/m.facebook.com\/computaex\/\" \/>\n<meta property=\"og:image\" content=\"https:\/\/www.cenits.es\/sites\/cenits.es\/files\/styles\/medium\/public\/galeria_imagenes\/20100915-premio-itanium-solutions-alliance-01.jpg?itok=T7AORAcI\" \/>\n<meta name=\"twitter:card\" content=\"summary_large_image\" \/>\n<meta name=\"twitter:site\" content=\"@computaex\" \/>\n<meta name=\"twitter:label1\" content=\"Est. reading time\" \/>\n\t<meta name=\"twitter:data1\" content=\"4 minutes\" \/>\n<script type=\"application\/ld+json\" class=\"yoast-schema-graph\">{\"@context\":\"https:\\\/\\\/schema.org\",\"@graph\":[{\"@type\":\"WebPage\",\"@id\":\"https:\\\/\\\/computaex.es\\\/premio-itanium-solutions-alliance\\\/\",\"url\":\"https:\\\/\\\/computaex.es\\\/premio-itanium-solutions-alliance\\\/\",\"name\":\"Premio Itanium Solutions Alliance - Fundaci\u00f3n COMPUTAEX\",\"isPartOf\":{\"@id\":\"https:\\\/\\\/computaex.es\\\/#website\"},\"primaryImageOfPage\":{\"@id\":\"https:\\\/\\\/computaex.es\\\/premio-itanium-solutions-alliance\\\/#primaryimage\"},\"image\":{\"@id\":\"https:\\\/\\\/computaex.es\\\/premio-itanium-solutions-alliance\\\/#primaryimage\"},\"thumbnailUrl\":\"https:\\\/\\\/www.cenits.es\\\/sites\\\/cenits.es\\\/files\\\/styles\\\/medium\\\/public\\\/galeria_imagenes\\\/20100915-premio-itanium-solutions-alliance-01.jpg?itok=T7AORAcI\",\"datePublished\":\"2025-01-29T10:50:59+00:00\",\"breadcrumb\":{\"@id\":\"https:\\\/\\\/computaex.es\\\/premio-itanium-solutions-alliance\\\/#breadcrumb\"},\"inLanguage\":\"en-US\",\"potentialAction\":[{\"@type\":\"ReadAction\",\"target\":[\"https:\\\/\\\/computaex.es\\\/premio-itanium-solutions-alliance\\\/\"]}]},{\"@type\":\"ImageObject\",\"inLanguage\":\"en-US\",\"@id\":\"https:\\\/\\\/computaex.es\\\/premio-itanium-solutions-alliance\\\/#primaryimage\",\"url\":\"https:\\\/\\\/www.cenits.es\\\/sites\\\/cenits.es\\\/files\\\/styles\\\/medium\\\/public\\\/galeria_imagenes\\\/20100915-premio-itanium-solutions-alliance-01.jpg?itok=T7AORAcI\",\"contentUrl\":\"https:\\\/\\\/www.cenits.es\\\/sites\\\/cenits.es\\\/files\\\/styles\\\/medium\\\/public\\\/galeria_imagenes\\\/20100915-premio-itanium-solutions-alliance-01.jpg?itok=T7AORAcI\"},{\"@type\":\"BreadcrumbList\",\"@id\":\"https:\\\/\\\/computaex.es\\\/premio-itanium-solutions-alliance\\\/#breadcrumb\",\"itemListElement\":[{\"@type\":\"ListItem\",\"position\":1,\"name\":\"Portada\",\"item\":\"https:\\\/\\\/computaex.es\\\/\"},{\"@type\":\"ListItem\",\"position\":2,\"name\":\"Premio Itanium Solutions Alliance\"}]},{\"@type\":\"WebSite\",\"@id\":\"https:\\\/\\\/computaex.es\\\/#website\",\"url\":\"https:\\\/\\\/computaex.es\\\/\",\"name\":\"Fundaci\u00f3n COMPUTAEX\",\"description\":\"COMPUTAEX\",\"publisher\":{\"@id\":\"https:\\\/\\\/computaex.es\\\/#organization\"},\"potentialAction\":[{\"@type\":\"SearchAction\",\"target\":{\"@type\":\"EntryPoint\",\"urlTemplate\":\"https:\\\/\\\/computaex.es\\\/?s={search_term_string}\"},\"query-input\":{\"@type\":\"PropertyValueSpecification\",\"valueRequired\":true,\"valueName\":\"search_term_string\"}}],\"inLanguage\":\"en-US\"},{\"@type\":\"Organization\",\"@id\":\"https:\\\/\\\/computaex.es\\\/#organization\",\"name\":\"COMPUTAEX\",\"url\":\"https:\\\/\\\/computaex.es\\\/\",\"logo\":{\"@type\":\"ImageObject\",\"inLanguage\":\"en-US\",\"@id\":\"https:\\\/\\\/computaex.es\\\/#\\\/schema\\\/logo\\\/image\\\/\",\"url\":\"https:\\\/\\\/computaex.es\\\/wp-content\\\/uploads\\\/2025\\\/05\\\/cropped-COMPUTAEX_transparente-scaled-1.png\",\"contentUrl\":\"https:\\\/\\\/computaex.es\\\/wp-content\\\/uploads\\\/2025\\\/05\\\/cropped-COMPUTAEX_transparente-scaled-1.png\",\"width\":2560,\"height\":970,\"caption\":\"COMPUTAEX\"},\"image\":{\"@id\":\"https:\\\/\\\/computaex.es\\\/#\\\/schema\\\/logo\\\/image\\\/\"},\"sameAs\":[\"https:\\\/\\\/m.facebook.com\\\/computaex\\\/\",\"https:\\\/\\\/x.com\\\/computaex\",\"https:\\\/\\\/es.linkedin.com\\\/company\\\/cenits\"]}]}<\/script>\n<!-- \/ Yoast SEO plugin. -->","yoast_head_json":{"title":"Premio Itanium Solutions Alliance - Fundaci\u00f3n COMPUTAEX","robots":{"index":"index","follow":"follow","max-snippet":"max-snippet:-1","max-image-preview":"max-image-preview:large","max-video-preview":"max-video-preview:-1"},"canonical":"https:\/\/computaex.es\/en\/premio-itanium-solutions-alliance\/","og_locale":"en_US","og_type":"article","og_title":"Premio Itanium Solutions Alliance - Fundaci\u00f3n COMPUTAEX","og_description":"El premio de la\u00a0Itanium Solutions Alliance\u00a0en la categor\u00eda\u00a0Humanitarian Impact\u00a0fue concedido por el uso innovador de sistemas con tecnolog\u00eda basada en procesadores Itanium para obtener resultados que benefician a la humanidad ...","og_url":"https:\/\/computaex.es\/en\/premio-itanium-solutions-alliance\/","og_site_name":"Fundaci\u00f3n COMPUTAEX","article_publisher":"https:\/\/m.facebook.com\/computaex\/","og_image":[{"url":"https:\/\/www.cenits.es\/sites\/cenits.es\/files\/styles\/medium\/public\/galeria_imagenes\/20100915-premio-itanium-solutions-alliance-01.jpg?itok=T7AORAcI","type":"","width":"","height":""}],"twitter_card":"summary_large_image","twitter_site":"@computaex","twitter_misc":{"Est. reading time":"4 minutes"},"schema":{"@context":"https:\/\/schema.org","@graph":[{"@type":"WebPage","@id":"https:\/\/computaex.es\/premio-itanium-solutions-alliance\/","url":"https:\/\/computaex.es\/premio-itanium-solutions-alliance\/","name":"Premio Itanium Solutions Alliance - Fundaci\u00f3n COMPUTAEX","isPartOf":{"@id":"https:\/\/computaex.es\/#website"},"primaryImageOfPage":{"@id":"https:\/\/computaex.es\/premio-itanium-solutions-alliance\/#primaryimage"},"image":{"@id":"https:\/\/computaex.es\/premio-itanium-solutions-alliance\/#primaryimage"},"thumbnailUrl":"https:\/\/www.cenits.es\/sites\/cenits.es\/files\/styles\/medium\/public\/galeria_imagenes\/20100915-premio-itanium-solutions-alliance-01.jpg?itok=T7AORAcI","datePublished":"2025-01-29T10:50:59+00:00","breadcrumb":{"@id":"https:\/\/computaex.es\/premio-itanium-solutions-alliance\/#breadcrumb"},"inLanguage":"en-US","potentialAction":[{"@type":"ReadAction","target":["https:\/\/computaex.es\/premio-itanium-solutions-alliance\/"]}]},{"@type":"ImageObject","inLanguage":"en-US","@id":"https:\/\/computaex.es\/premio-itanium-solutions-alliance\/#primaryimage","url":"https:\/\/www.cenits.es\/sites\/cenits.es\/files\/styles\/medium\/public\/galeria_imagenes\/20100915-premio-itanium-solutions-alliance-01.jpg?itok=T7AORAcI","contentUrl":"https:\/\/www.cenits.es\/sites\/cenits.es\/files\/styles\/medium\/public\/galeria_imagenes\/20100915-premio-itanium-solutions-alliance-01.jpg?itok=T7AORAcI"},{"@type":"BreadcrumbList","@id":"https:\/\/computaex.es\/premio-itanium-solutions-alliance\/#breadcrumb","itemListElement":[{"@type":"ListItem","position":1,"name":"Portada","item":"https:\/\/computaex.es\/"},{"@type":"ListItem","position":2,"name":"Premio Itanium Solutions Alliance"}]},{"@type":"WebSite","@id":"https:\/\/computaex.es\/#website","url":"https:\/\/computaex.es\/","name":"COMPUTAEX Foundation","description":"COMPUTAEX","publisher":{"@id":"https:\/\/computaex.es\/#organization"},"potentialAction":[{"@type":"SearchAction","target":{"@type":"EntryPoint","urlTemplate":"https:\/\/computaex.es\/?s={search_term_string}"},"query-input":{"@type":"PropertyValueSpecification","valueRequired":true,"valueName":"search_term_string"}}],"inLanguage":"en-US"},{"@type":"Organization","@id":"https:\/\/computaex.es\/#organization","name":"COMPUTAEX","url":"https:\/\/computaex.es\/","logo":{"@type":"ImageObject","inLanguage":"en-US","@id":"https:\/\/computaex.es\/#\/schema\/logo\/image\/","url":"https:\/\/computaex.es\/wp-content\/uploads\/2025\/05\/cropped-COMPUTAEX_transparente-scaled-1.png","contentUrl":"https:\/\/computaex.es\/wp-content\/uploads\/2025\/05\/cropped-COMPUTAEX_transparente-scaled-1.png","width":2560,"height":970,"caption":"COMPUTAEX"},"image":{"@id":"https:\/\/computaex.es\/#\/schema\/logo\/image\/"},"sameAs":["https:\/\/m.facebook.com\/computaex\/","https:\/\/x.com\/computaex","https:\/\/es.linkedin.com\/company\/cenits"]}]}},"_links":{"self":[{"href":"https:\/\/computaex.es\/en\/wp-json\/wp\/v2\/pages\/6995","targetHints":{"allow":["GET"]}}],"collection":[{"href":"https:\/\/computaex.es\/en\/wp-json\/wp\/v2\/pages"}],"about":[{"href":"https:\/\/computaex.es\/en\/wp-json\/wp\/v2\/types\/page"}],"author":[{"embeddable":true,"href":"https:\/\/computaex.es\/en\/wp-json\/wp\/v2\/users\/1"}],"replies":[{"embeddable":true,"href":"https:\/\/computaex.es\/en\/wp-json\/wp\/v2\/comments?post=6995"}],"version-history":[{"count":1,"href":"https:\/\/computaex.es\/en\/wp-json\/wp\/v2\/pages\/6995\/revisions"}],"predecessor-version":[{"id":7005,"href":"https:\/\/computaex.es\/en\/wp-json\/wp\/v2\/pages\/6995\/revisions\/7005"}],"wp:attachment":[{"href":"https:\/\/computaex.es\/en\/wp-json\/wp\/v2\/media?parent=6995"}],"wp:term":[{"taxonomy":"category","embeddable":true,"href":"https:\/\/computaex.es\/en\/wp-json\/wp\/v2\/categories?post=6995"},{"taxonomy":"post_tag","embeddable":true,"href":"https:\/\/computaex.es\/en\/wp-json\/wp\/v2\/tags?post=6995"}],"curies":[{"name":"wp","href":"https:\/\/api.w.org\/{rel}","templated":true}]}}