{"id":7008,"date":"2025-01-29T12:00:01","date_gmt":"2025-01-29T11:00:01","guid":{"rendered":"http:\/\/10.128.3.28\/?page_id=7008"},"modified":"2025-08-28T12:15:04","modified_gmt":"2025-08-28T10:15:04","slug":"computationally-intensive-applications-itanium-innovation-awards-2010","status":"publish","type":"page","link":"https:\/\/computaex.es\/en\/computationally-intensive-applications-itanium-innovation-awards-2010\/","title":{"rendered":"Computationally Intensive Applications &#8211; Itanium Innovation Awards 2010"},"content":{"rendered":"<div class=\"field field-name-field-prem-fecha field-type-date field-label-inline clearfix\">\n<div class=\"field-label\">Fecha:\u00a0 15\/06\/2010<\/div>\n<\/div>\n<div class=\"field field-name-field-prem-imagen-premio field-type-image field-label-hidden\">\n<div class=\"field-items\">\n<div class=\"field-item even\"><img decoding=\"async\" class=\"alignnone wp-image-7010 size-full\" src=\"https:\/\/computaex.es\/wp-content\/uploads\/2025\/01\/computationally-intensive-applications-itanium-2010.jpg\" alt=\"\" width=\"185\" height=\"142\" \/><\/div>\n<\/div>\n<\/div>\n<div class=\"field field-name-field-prem-descripcion field-type-text-long field-label-hidden\">\n<div class=\"field-items\">\n<div class=\"field-item even\">\n<p>Finalista en la modalidad\u00a0<strong>Computationally Intensive Applications<\/strong>\u00a0junto con la Universidad de M\u00e1laga y e-Bay, donde la Universidad de M\u00e1laga result\u00f3 ganadora.<\/p>\n<\/div>\n<\/div>\n<\/div>\n<div class=\"field field-name-field-prem-noticias field-type-text-long field-label-above\">\n<div class=\"field-label\">Noticias relacionadas:<\/div>\n<div class=\"field-items\">\n<div class=\"field-item even\">\n<ul>\n<li><a title=\"La Fundaci\u00f3n COMPUTAEX y su Centro C\u00e9nitS ganadores de la edici\u00f3n 2010 del prestigioso premio internacional a la innovaci\u00f3n otorgado por Itanium\u00ae Solutions Alliance\" href=\"\/en\/premios\/la-fundacion-computaex-y-su-centro-cenits-ganadores-de-la-edicion-2010-del-prestigioso-premio-internacional-a-la-innovacion-otorgado-por-itanium-solutions-alliance\/\">La Fundaci\u00f3n COMPUTAEX y su Centro C\u00e9nitS ganadores de la edici\u00f3n 2010 del prestigioso premio internacional a la innovaci\u00f3n otorgado por Itanium\u00ae Solutions Alliance<\/a><\/li>\n<li><a title=\"COMPUTAEX recoge el premio de la Itanium Solutions Alliance en San Francisco\" href=\"\/en\/premios\/computaex-recoge-el-premio-de-la-itanium-solutions-alliance-en-san-francisco\/\">COMPUTAEX recoge el premio de la Itanium Solutions Alliance en San Francisco<\/a><\/li>\n<\/ul>\n<\/div>\n<\/div>\n<\/div>\n<div class=\"field field-name-field-prem-multimedia field-type-text-long field-label-above\">\n<div class=\"field-label\">Multimedia relacionado:<\/div>\n<div class=\"field-items\">\n<div class=\"field-item even\">\n<ul>\n<li><a title=\"Galer\u00eda Premio Itanium Solutions Alliance\" href=\"\/en\/premio-itanium-solutions-alliance\/\">Galer\u00eda fotogr\u00e1fica<\/a><\/li>\n<li><a title=\"Itanium Innovation Award en Canal Extremadura\" href=\"\/en\/itanium-innovation-award-en-canal-extremadura\/\">Itanium Innovation Award en Canal Extremadura<\/a><\/li>\n<li><a title=\"Entrevista del Director General de la Fundaci\u00f3n COMPUTAEX en Agitaci\u00f3n y Cultura\" href=\"\/en\/entrevista-del-director-general-de-la-fundacion-computaex-en-agitacion-y-cultura\/\">Entrevista del Director General de la Fundaci\u00f3n COMPUTAEX en Agitaci\u00f3n y Cultura<\/a><\/li>\n<li><a title=\"Entrevista del Director General de la Fundaci\u00f3n COMPUTAEX en relaci\u00f3n al premio recibido desde Itanium\u00ae Solutions Alliance en la cadena Ser Trujillo\" href=\"\/en\/entrevista-del-director-general-de-la-fundacion-computaex-en-relacion-al-premio-recibido-desde-itanium-solutions-alliance-en-la-cadena-ser-trujillo\/\">Entrevista del Director General de la Fundaci\u00f3n COMPUTAEX en relaci\u00f3n al premio recibido desde Itanium\u00ae Solutions Alliance en la cadena Ser Trujillo<\/a><\/li>\n<\/ul>\n<\/div>\n<\/div>\n<\/div>","protected":false},"excerpt":{"rendered":"<p>Fecha:\u00a0 15\/06\/2010 Finalista en la modalidad\u00a0Computationally Intensive Applications\u00a0junto con la Universidad de M\u00e1laga y e-Bay, donde la Universidad de M\u00e1laga result\u00f3 ganadora. Noticias relacionadas: La Fundaci\u00f3n COMPUTAEX y su Centro &#8230;<\/p>","protected":false},"author":1,"featured_media":0,"parent":0,"menu_order":0,"comment_status":"closed","ping_status":"closed","template":"","meta":{"footnotes":""},"categories":[],"tags":[],"class_list":["post-7008","page","type-page","status-publish","hentry"],"yoast_head":"<!-- This site is optimized with the Yoast SEO plugin v27.1.1 - https:\/\/yoast.com\/product\/yoast-seo-wordpress\/ -->\n<title>Computationally Intensive Applications - Itanium Innovation Awards 2010 - Fundaci\u00f3n COMPUTAEX<\/title>\n<meta name=\"robots\" content=\"index, follow, max-snippet:-1, max-image-preview:large, max-video-preview:-1\" \/>\n<link rel=\"canonical\" href=\"https:\/\/computaex.es\/en\/computationally-intensive-applications-itanium-innovation-awards-2010\/\" \/>\n<meta property=\"og:locale\" content=\"en_US\" \/>\n<meta property=\"og:type\" content=\"article\" \/>\n<meta property=\"og:title\" content=\"Computationally Intensive Applications - Itanium Innovation Awards 2010 - Fundaci\u00f3n COMPUTAEX\" \/>\n<meta property=\"og:description\" content=\"Fecha:\u00a0 15\/06\/2010 Finalista en la modalidad\u00a0Computationally Intensive Applications\u00a0junto con la Universidad de M\u00e1laga y e-Bay, donde la Universidad de M\u00e1laga result\u00f3 ganadora. Noticias relacionadas: La Fundaci\u00f3n COMPUTAEX y su Centro ...\" \/>\n<meta property=\"og:url\" content=\"https:\/\/computaex.es\/en\/computationally-intensive-applications-itanium-innovation-awards-2010\/\" \/>\n<meta property=\"og:site_name\" content=\"Fundaci\u00f3n COMPUTAEX\" \/>\n<meta property=\"article:publisher\" content=\"https:\/\/m.facebook.com\/computaex\/\" \/>\n<meta property=\"article:modified_time\" content=\"2025-08-28T10:15:04+00:00\" \/>\n<meta property=\"og:image\" content=\"https:\/\/computaex.es\/wp-content\/uploads\/2025\/01\/computationally-intensive-applications-itanium-2010.jpg\" \/>\n<meta name=\"twitter:card\" content=\"summary_large_image\" \/>\n<meta name=\"twitter:site\" content=\"@computaex\" \/>\n<meta name=\"twitter:label1\" content=\"Est. reading time\" \/>\n\t<meta name=\"twitter:data1\" content=\"1 minute\" \/>\n<script type=\"application\/ld+json\" class=\"yoast-schema-graph\">{\"@context\":\"https:\/\/schema.org\",\"@graph\":[{\"@type\":\"WebPage\",\"@id\":\"https:\/\/computaex.es\/computationally-intensive-applications-itanium-innovation-awards-2010\/\",\"url\":\"https:\/\/computaex.es\/computationally-intensive-applications-itanium-innovation-awards-2010\/\",\"name\":\"Computationally Intensive Applications - Itanium Innovation Awards 2010 - Fundaci\u00f3n COMPUTAEX\",\"isPartOf\":{\"@id\":\"https:\/\/computaex.es\/#website\"},\"primaryImageOfPage\":{\"@id\":\"https:\/\/computaex.es\/computationally-intensive-applications-itanium-innovation-awards-2010\/#primaryimage\"},\"image\":{\"@id\":\"https:\/\/computaex.es\/computationally-intensive-applications-itanium-innovation-awards-2010\/#primaryimage\"},\"thumbnailUrl\":\"https:\/\/computaex.es\/wp-content\/uploads\/2025\/01\/computationally-intensive-applications-itanium-2010.jpg\",\"datePublished\":\"2025-01-29T11:00:01+00:00\",\"dateModified\":\"2025-08-28T10:15:04+00:00\",\"breadcrumb\":{\"@id\":\"https:\/\/computaex.es\/computationally-intensive-applications-itanium-innovation-awards-2010\/#breadcrumb\"},\"inLanguage\":\"en-US\",\"potentialAction\":[{\"@type\":\"ReadAction\",\"target\":[\"https:\/\/computaex.es\/computationally-intensive-applications-itanium-innovation-awards-2010\/\"]}]},{\"@type\":\"ImageObject\",\"inLanguage\":\"en-US\",\"@id\":\"https:\/\/computaex.es\/computationally-intensive-applications-itanium-innovation-awards-2010\/#primaryimage\",\"url\":\"https:\/\/computaex.es\/wp-content\/uploads\/2025\/01\/computationally-intensive-applications-itanium-2010.jpg\",\"contentUrl\":\"https:\/\/computaex.es\/wp-content\/uploads\/2025\/01\/computationally-intensive-applications-itanium-2010.jpg\"},{\"@type\":\"BreadcrumbList\",\"@id\":\"https:\/\/computaex.es\/computationally-intensive-applications-itanium-innovation-awards-2010\/#breadcrumb\",\"itemListElement\":[{\"@type\":\"ListItem\",\"position\":1,\"name\":\"Portada\",\"item\":\"https:\/\/computaex.es\/\"},{\"@type\":\"ListItem\",\"position\":2,\"name\":\"Computationally Intensive Applications &#8211; Itanium Innovation Awards 2010\"}]},{\"@type\":\"WebSite\",\"@id\":\"https:\/\/computaex.es\/#website\",\"url\":\"https:\/\/computaex.es\/\",\"name\":\"Fundaci\u00f3n COMPUTAEX\",\"description\":\"COMPUTAEX\",\"publisher\":{\"@id\":\"https:\/\/computaex.es\/#organization\"},\"potentialAction\":[{\"@type\":\"SearchAction\",\"target\":{\"@type\":\"EntryPoint\",\"urlTemplate\":\"https:\/\/computaex.es\/?s={search_term_string}\"},\"query-input\":{\"@type\":\"PropertyValueSpecification\",\"valueRequired\":true,\"valueName\":\"search_term_string\"}}],\"inLanguage\":\"en-US\"},{\"@type\":\"Organization\",\"@id\":\"https:\/\/computaex.es\/#organization\",\"name\":\"COMPUTAEX\",\"url\":\"https:\/\/computaex.es\/\",\"logo\":{\"@type\":\"ImageObject\",\"inLanguage\":\"en-US\",\"@id\":\"https:\/\/computaex.es\/#\/schema\/logo\/image\/\",\"url\":\"https:\/\/computaex.es\/wp-content\/uploads\/2025\/05\/cropped-COMPUTAEX_transparente-scaled-1.png\",\"contentUrl\":\"https:\/\/computaex.es\/wp-content\/uploads\/2025\/05\/cropped-COMPUTAEX_transparente-scaled-1.png\",\"width\":2560,\"height\":970,\"caption\":\"COMPUTAEX\"},\"image\":{\"@id\":\"https:\/\/computaex.es\/#\/schema\/logo\/image\/\"},\"sameAs\":[\"https:\/\/m.facebook.com\/computaex\/\",\"https:\/\/x.com\/computaex\",\"https:\/\/es.linkedin.com\/company\/cenits\"]}]}<\/script>\n<!-- \/ Yoast SEO plugin. -->","yoast_head_json":{"title":"Computationally Intensive Applications - Itanium Innovation Awards 2010 - Fundaci\u00f3n COMPUTAEX","robots":{"index":"index","follow":"follow","max-snippet":"max-snippet:-1","max-image-preview":"max-image-preview:large","max-video-preview":"max-video-preview:-1"},"canonical":"https:\/\/computaex.es\/en\/computationally-intensive-applications-itanium-innovation-awards-2010\/","og_locale":"en_US","og_type":"article","og_title":"Computationally Intensive Applications - Itanium Innovation Awards 2010 - Fundaci\u00f3n COMPUTAEX","og_description":"Fecha:\u00a0 15\/06\/2010 Finalista en la modalidad\u00a0Computationally Intensive Applications\u00a0junto con la Universidad de M\u00e1laga y e-Bay, donde la Universidad de M\u00e1laga result\u00f3 ganadora. Noticias relacionadas: La Fundaci\u00f3n COMPUTAEX y su Centro ...","og_url":"https:\/\/computaex.es\/en\/computationally-intensive-applications-itanium-innovation-awards-2010\/","og_site_name":"Fundaci\u00f3n COMPUTAEX","article_publisher":"https:\/\/m.facebook.com\/computaex\/","article_modified_time":"2025-08-28T10:15:04+00:00","og_image":[{"url":"https:\/\/computaex.es\/wp-content\/uploads\/2025\/01\/computationally-intensive-applications-itanium-2010.jpg","type":"","width":"","height":""}],"twitter_card":"summary_large_image","twitter_site":"@computaex","twitter_misc":{"Est. reading time":"1 minute"},"schema":{"@context":"https:\/\/schema.org","@graph":[{"@type":"WebPage","@id":"https:\/\/computaex.es\/computationally-intensive-applications-itanium-innovation-awards-2010\/","url":"https:\/\/computaex.es\/computationally-intensive-applications-itanium-innovation-awards-2010\/","name":"Computationally Intensive Applications - Itanium Innovation Awards 2010 - Fundaci\u00f3n COMPUTAEX","isPartOf":{"@id":"https:\/\/computaex.es\/#website"},"primaryImageOfPage":{"@id":"https:\/\/computaex.es\/computationally-intensive-applications-itanium-innovation-awards-2010\/#primaryimage"},"image":{"@id":"https:\/\/computaex.es\/computationally-intensive-applications-itanium-innovation-awards-2010\/#primaryimage"},"thumbnailUrl":"https:\/\/computaex.es\/wp-content\/uploads\/2025\/01\/computationally-intensive-applications-itanium-2010.jpg","datePublished":"2025-01-29T11:00:01+00:00","dateModified":"2025-08-28T10:15:04+00:00","breadcrumb":{"@id":"https:\/\/computaex.es\/computationally-intensive-applications-itanium-innovation-awards-2010\/#breadcrumb"},"inLanguage":"en-US","potentialAction":[{"@type":"ReadAction","target":["https:\/\/computaex.es\/computationally-intensive-applications-itanium-innovation-awards-2010\/"]}]},{"@type":"ImageObject","inLanguage":"en-US","@id":"https:\/\/computaex.es\/computationally-intensive-applications-itanium-innovation-awards-2010\/#primaryimage","url":"https:\/\/computaex.es\/wp-content\/uploads\/2025\/01\/computationally-intensive-applications-itanium-2010.jpg","contentUrl":"https:\/\/computaex.es\/wp-content\/uploads\/2025\/01\/computationally-intensive-applications-itanium-2010.jpg"},{"@type":"BreadcrumbList","@id":"https:\/\/computaex.es\/computationally-intensive-applications-itanium-innovation-awards-2010\/#breadcrumb","itemListElement":[{"@type":"ListItem","position":1,"name":"Portada","item":"https:\/\/computaex.es\/"},{"@type":"ListItem","position":2,"name":"Computationally Intensive Applications &#8211; Itanium Innovation Awards 2010"}]},{"@type":"WebSite","@id":"https:\/\/computaex.es\/#website","url":"https:\/\/computaex.es\/","name":"COMPUTAEX Foundation","description":"COMPUTAEX","publisher":{"@id":"https:\/\/computaex.es\/#organization"},"potentialAction":[{"@type":"SearchAction","target":{"@type":"EntryPoint","urlTemplate":"https:\/\/computaex.es\/?s={search_term_string}"},"query-input":{"@type":"PropertyValueSpecification","valueRequired":true,"valueName":"search_term_string"}}],"inLanguage":"en-US"},{"@type":"Organization","@id":"https:\/\/computaex.es\/#organization","name":"COMPUTAEX","url":"https:\/\/computaex.es\/","logo":{"@type":"ImageObject","inLanguage":"en-US","@id":"https:\/\/computaex.es\/#\/schema\/logo\/image\/","url":"https:\/\/computaex.es\/wp-content\/uploads\/2025\/05\/cropped-COMPUTAEX_transparente-scaled-1.png","contentUrl":"https:\/\/computaex.es\/wp-content\/uploads\/2025\/05\/cropped-COMPUTAEX_transparente-scaled-1.png","width":2560,"height":970,"caption":"COMPUTAEX"},"image":{"@id":"https:\/\/computaex.es\/#\/schema\/logo\/image\/"},"sameAs":["https:\/\/m.facebook.com\/computaex\/","https:\/\/x.com\/computaex","https:\/\/es.linkedin.com\/company\/cenits"]}]}},"_links":{"self":[{"href":"https:\/\/computaex.es\/en\/wp-json\/wp\/v2\/pages\/7008","targetHints":{"allow":["GET"]}}],"collection":[{"href":"https:\/\/computaex.es\/en\/wp-json\/wp\/v2\/pages"}],"about":[{"href":"https:\/\/computaex.es\/en\/wp-json\/wp\/v2\/types\/page"}],"author":[{"embeddable":true,"href":"https:\/\/computaex.es\/en\/wp-json\/wp\/v2\/users\/1"}],"replies":[{"embeddable":true,"href":"https:\/\/computaex.es\/en\/wp-json\/wp\/v2\/comments?post=7008"}],"version-history":[{"count":3,"href":"https:\/\/computaex.es\/en\/wp-json\/wp\/v2\/pages\/7008\/revisions"}],"predecessor-version":[{"id":9885,"href":"https:\/\/computaex.es\/en\/wp-json\/wp\/v2\/pages\/7008\/revisions\/9885"}],"wp:attachment":[{"href":"https:\/\/computaex.es\/en\/wp-json\/wp\/v2\/media?parent=7008"}],"wp:term":[{"taxonomy":"category","embeddable":true,"href":"https:\/\/computaex.es\/en\/wp-json\/wp\/v2\/categories?post=7008"},{"taxonomy":"post_tag","embeddable":true,"href":"https:\/\/computaex.es\/en\/wp-json\/wp\/v2\/tags?post=7008"}],"curies":[{"name":"wp","href":"https:\/\/api.w.org\/{rel}","templated":true}]}}