{"id":7014,"date":"2025-01-29T12:07:18","date_gmt":"2025-01-29T11:07:18","guid":{"rendered":"http:\/\/10.128.3.28\/?page_id=7014"},"modified":"2025-08-28T12:16:05","modified_gmt":"2025-08-28T10:16:05","slug":"record-del-mundo-en-electromagnetismo-620-millones-de-incognitas","status":"publish","type":"page","link":"https:\/\/computaex.es\/en\/record-del-mundo-en-electromagnetismo-620-millones-de-incognitas\/","title":{"rendered":"R\u00e9cord del Mundo en Electromagnetismo &#8211; 620 millones de inc\u00f3gnitas"},"content":{"rendered":"<div class=\"field field-name-field-prem-fecha field-type-date field-label-inline clearfix\">\n<div class=\"field-label\">Fecha: 23\/12\/2009<\/div>\n<div><img decoding=\"async\" class=\"alignnone wp-image-7016 size-full\" src=\"https:\/\/computaex.es\/wp-content\/uploads\/2025\/01\/premio-record-electromagnetismo-2009.jpg\" alt=\"\" width=\"182\" height=\"185\" \/><\/div>\n<\/div>\n<div class=\"field field-name-field-prem-descripcion field-type-text-long field-label-hidden\">\n<div class=\"field-items\">\n<div class=\"field-item even\">\n<p>Los equipos de\u00a0<a href=\"http:\/\/tsc.unex.es\/~llandesa\/\" target=\"_blank\" rel=\"noopener\">Electromagnetismo Computacional<\/a>\u00a0of the\u00a0<a href=\"http:\/\/www.unex.es\/\" target=\"_blank\" rel=\"noopener\">Universidad de Extremadura<\/a>\u00a0y de la Universidad de Vigo, junto con el\u00a0<a href=\"\/en\/\">Centro Extreme\u00f1o de Investigaci\u00f3n, Innovaci\u00f3n Tecnol\u00f3gica y Supercomputaci\u00f3n<\/a>\u00a0(<strong>C\u00e9nitS<\/strong>) han batido el\u00a0<strong>R\u00c9CORD DEL MUNDO<\/strong>\u00a0del objeto m\u00e1s grande jam\u00e1s analizado en electromagnetismo con un modelado de\u00a0<strong>620 millones de inc\u00f3gnitas<\/strong>\u00a0en el\u00a0<a title=\"Supercomputador LUSITANIA\" href=\"\/en\/lusitania\/\">Supercomputador LUSITANIA<\/a>.<\/p>\n<\/div>\n<\/div>\n<\/div>\n<div class=\"field field-name-field-prem-noticias field-type-text-long field-label-above\">\n<div class=\"field-label\">Noticias relacionadas:<\/div>\n<div class=\"field-items\">\n<div class=\"field-item even\">\n<ul>\n<li><a title=\"R\u00e9cord del Mundo - 620 millones de inc\u00f3gnitas\" href=\"\/en\/supercomputacion\/record-del-mundo-620-millones-de-incognitas\/\">R\u00e9cord del Mundo &#8211; 620 millones de inc\u00f3gnitas<\/a><\/li>\n<li><a title=\"Investigadores de la Universidad de Extremadura reciben el \u201cItanium Innovation Award\u201d en la categor\u00eda de Aplicaciones de Computaci\u00f3n Intensiva\" href=\"\/en\/premios\/investigadores-de-la-universidad-de-extremadura-reciben-el-itanium-innovation-award-en-la-categoria-de-aplicaciones-de-computacion-intensiva\/\">Investigadores de la Universidad de Extremadura reciben el \u201cItanium Innovation Award\u201d en la categor\u00eda de Aplicaciones de Computaci\u00f3n Intensiva<\/a><\/li>\n<\/ul>\n<\/div>\n<\/div>\n<\/div>","protected":false},"excerpt":{"rendered":"<p>Fecha: 23\/12\/2009 Los equipos de\u00a0Electromagnetismo Computacional\u00a0de la\u00a0Universidad de Extremadura\u00a0y de la Universidad de Vigo, junto con el\u00a0Centro Extreme\u00f1o de Investigaci\u00f3n, Innovaci\u00f3n Tecnol\u00f3gica y Supercomputaci\u00f3n\u00a0(C\u00e9nitS) han batido el\u00a0R\u00c9CORD DEL MUNDO\u00a0del objeto &#8230;<\/p>","protected":false},"author":1,"featured_media":0,"parent":0,"menu_order":0,"comment_status":"closed","ping_status":"closed","template":"","meta":{"footnotes":""},"categories":[],"tags":[],"class_list":["post-7014","page","type-page","status-publish","hentry"],"yoast_head":"<!-- This site is optimized with the Yoast SEO plugin v27.1.1 - https:\/\/yoast.com\/product\/yoast-seo-wordpress\/ -->\n<title>R\u00e9cord del Mundo en Electromagnetismo - 620 millones de inc\u00f3gnitas - Fundaci\u00f3n COMPUTAEX<\/title>\n<meta name=\"robots\" content=\"index, follow, max-snippet:-1, max-image-preview:large, max-video-preview:-1\" \/>\n<link rel=\"canonical\" href=\"https:\/\/computaex.es\/en\/record-del-mundo-en-electromagnetismo-620-millones-de-incognitas\/\" \/>\n<meta property=\"og:locale\" content=\"en_US\" \/>\n<meta property=\"og:type\" content=\"article\" \/>\n<meta property=\"og:title\" content=\"R\u00e9cord del Mundo en Electromagnetismo - 620 millones de inc\u00f3gnitas - Fundaci\u00f3n COMPUTAEX\" \/>\n<meta property=\"og:description\" content=\"Fecha: 23\/12\/2009 Los equipos de\u00a0Electromagnetismo Computacional\u00a0de la\u00a0Universidad de Extremadura\u00a0y de la Universidad de Vigo, junto con el\u00a0Centro Extreme\u00f1o de Investigaci\u00f3n, Innovaci\u00f3n Tecnol\u00f3gica y Supercomputaci\u00f3n\u00a0(C\u00e9nitS) han batido el\u00a0R\u00c9CORD DEL MUNDO\u00a0del objeto ...\" \/>\n<meta property=\"og:url\" content=\"https:\/\/computaex.es\/en\/record-del-mundo-en-electromagnetismo-620-millones-de-incognitas\/\" \/>\n<meta property=\"og:site_name\" content=\"Fundaci\u00f3n COMPUTAEX\" \/>\n<meta property=\"article:publisher\" content=\"https:\/\/m.facebook.com\/computaex\/\" \/>\n<meta property=\"article:modified_time\" content=\"2025-08-28T10:16:05+00:00\" \/>\n<meta property=\"og:image\" content=\"https:\/\/computaex.es\/wp-content\/uploads\/2025\/01\/premio-record-electromagnetismo-2009.jpg\" \/>\n<meta name=\"twitter:card\" content=\"summary_large_image\" \/>\n<meta name=\"twitter:site\" content=\"@computaex\" \/>\n<meta name=\"twitter:label1\" content=\"Est. reading time\" \/>\n\t<meta name=\"twitter:data1\" content=\"1 minute\" \/>\n<script type=\"application\/ld+json\" class=\"yoast-schema-graph\">{\"@context\":\"https:\/\/schema.org\",\"@graph\":[{\"@type\":\"WebPage\",\"@id\":\"https:\/\/computaex.es\/record-del-mundo-en-electromagnetismo-620-millones-de-incognitas\/\",\"url\":\"https:\/\/computaex.es\/record-del-mundo-en-electromagnetismo-620-millones-de-incognitas\/\",\"name\":\"R\u00e9cord del Mundo en Electromagnetismo - 620 millones de inc\u00f3gnitas - Fundaci\u00f3n COMPUTAEX\",\"isPartOf\":{\"@id\":\"https:\/\/computaex.es\/#website\"},\"primaryImageOfPage\":{\"@id\":\"https:\/\/computaex.es\/record-del-mundo-en-electromagnetismo-620-millones-de-incognitas\/#primaryimage\"},\"image\":{\"@id\":\"https:\/\/computaex.es\/record-del-mundo-en-electromagnetismo-620-millones-de-incognitas\/#primaryimage\"},\"thumbnailUrl\":\"https:\/\/computaex.es\/wp-content\/uploads\/2025\/01\/premio-record-electromagnetismo-2009.jpg\",\"datePublished\":\"2025-01-29T11:07:18+00:00\",\"dateModified\":\"2025-08-28T10:16:05+00:00\",\"breadcrumb\":{\"@id\":\"https:\/\/computaex.es\/record-del-mundo-en-electromagnetismo-620-millones-de-incognitas\/#breadcrumb\"},\"inLanguage\":\"en-US\",\"potentialAction\":[{\"@type\":\"ReadAction\",\"target\":[\"https:\/\/computaex.es\/record-del-mundo-en-electromagnetismo-620-millones-de-incognitas\/\"]}]},{\"@type\":\"ImageObject\",\"inLanguage\":\"en-US\",\"@id\":\"https:\/\/computaex.es\/record-del-mundo-en-electromagnetismo-620-millones-de-incognitas\/#primaryimage\",\"url\":\"https:\/\/computaex.es\/wp-content\/uploads\/2025\/01\/premio-record-electromagnetismo-2009.jpg\",\"contentUrl\":\"https:\/\/computaex.es\/wp-content\/uploads\/2025\/01\/premio-record-electromagnetismo-2009.jpg\"},{\"@type\":\"BreadcrumbList\",\"@id\":\"https:\/\/computaex.es\/record-del-mundo-en-electromagnetismo-620-millones-de-incognitas\/#breadcrumb\",\"itemListElement\":[{\"@type\":\"ListItem\",\"position\":1,\"name\":\"Portada\",\"item\":\"https:\/\/computaex.es\/\"},{\"@type\":\"ListItem\",\"position\":2,\"name\":\"R\u00e9cord del Mundo en Electromagnetismo &#8211; 620 millones de inc\u00f3gnitas\"}]},{\"@type\":\"WebSite\",\"@id\":\"https:\/\/computaex.es\/#website\",\"url\":\"https:\/\/computaex.es\/\",\"name\":\"Fundaci\u00f3n COMPUTAEX\",\"description\":\"COMPUTAEX\",\"publisher\":{\"@id\":\"https:\/\/computaex.es\/#organization\"},\"potentialAction\":[{\"@type\":\"SearchAction\",\"target\":{\"@type\":\"EntryPoint\",\"urlTemplate\":\"https:\/\/computaex.es\/?s={search_term_string}\"},\"query-input\":{\"@type\":\"PropertyValueSpecification\",\"valueRequired\":true,\"valueName\":\"search_term_string\"}}],\"inLanguage\":\"en-US\"},{\"@type\":\"Organization\",\"@id\":\"https:\/\/computaex.es\/#organization\",\"name\":\"COMPUTAEX\",\"url\":\"https:\/\/computaex.es\/\",\"logo\":{\"@type\":\"ImageObject\",\"inLanguage\":\"en-US\",\"@id\":\"https:\/\/computaex.es\/#\/schema\/logo\/image\/\",\"url\":\"https:\/\/computaex.es\/wp-content\/uploads\/2025\/05\/cropped-COMPUTAEX_transparente-scaled-1.png\",\"contentUrl\":\"https:\/\/computaex.es\/wp-content\/uploads\/2025\/05\/cropped-COMPUTAEX_transparente-scaled-1.png\",\"width\":2560,\"height\":970,\"caption\":\"COMPUTAEX\"},\"image\":{\"@id\":\"https:\/\/computaex.es\/#\/schema\/logo\/image\/\"},\"sameAs\":[\"https:\/\/m.facebook.com\/computaex\/\",\"https:\/\/x.com\/computaex\",\"https:\/\/es.linkedin.com\/company\/cenits\"]}]}<\/script>\n<!-- \/ Yoast SEO plugin. -->","yoast_head_json":{"title":"R\u00e9cord del Mundo en Electromagnetismo - 620 millones de inc\u00f3gnitas - Fundaci\u00f3n COMPUTAEX","robots":{"index":"index","follow":"follow","max-snippet":"max-snippet:-1","max-image-preview":"max-image-preview:large","max-video-preview":"max-video-preview:-1"},"canonical":"https:\/\/computaex.es\/en\/record-del-mundo-en-electromagnetismo-620-millones-de-incognitas\/","og_locale":"en_US","og_type":"article","og_title":"R\u00e9cord del Mundo en Electromagnetismo - 620 millones de inc\u00f3gnitas - Fundaci\u00f3n COMPUTAEX","og_description":"Fecha: 23\/12\/2009 Los equipos de\u00a0Electromagnetismo Computacional\u00a0de la\u00a0Universidad de Extremadura\u00a0y de la Universidad de Vigo, junto con el\u00a0Centro Extreme\u00f1o de Investigaci\u00f3n, Innovaci\u00f3n Tecnol\u00f3gica y Supercomputaci\u00f3n\u00a0(C\u00e9nitS) han batido el\u00a0R\u00c9CORD DEL MUNDO\u00a0del objeto ...","og_url":"https:\/\/computaex.es\/en\/record-del-mundo-en-electromagnetismo-620-millones-de-incognitas\/","og_site_name":"Fundaci\u00f3n COMPUTAEX","article_publisher":"https:\/\/m.facebook.com\/computaex\/","article_modified_time":"2025-08-28T10:16:05+00:00","og_image":[{"url":"https:\/\/computaex.es\/wp-content\/uploads\/2025\/01\/premio-record-electromagnetismo-2009.jpg","type":"","width":"","height":""}],"twitter_card":"summary_large_image","twitter_site":"@computaex","twitter_misc":{"Est. reading time":"1 minute"},"schema":{"@context":"https:\/\/schema.org","@graph":[{"@type":"WebPage","@id":"https:\/\/computaex.es\/record-del-mundo-en-electromagnetismo-620-millones-de-incognitas\/","url":"https:\/\/computaex.es\/record-del-mundo-en-electromagnetismo-620-millones-de-incognitas\/","name":"R\u00e9cord del Mundo en Electromagnetismo - 620 millones de inc\u00f3gnitas - Fundaci\u00f3n COMPUTAEX","isPartOf":{"@id":"https:\/\/computaex.es\/#website"},"primaryImageOfPage":{"@id":"https:\/\/computaex.es\/record-del-mundo-en-electromagnetismo-620-millones-de-incognitas\/#primaryimage"},"image":{"@id":"https:\/\/computaex.es\/record-del-mundo-en-electromagnetismo-620-millones-de-incognitas\/#primaryimage"},"thumbnailUrl":"https:\/\/computaex.es\/wp-content\/uploads\/2025\/01\/premio-record-electromagnetismo-2009.jpg","datePublished":"2025-01-29T11:07:18+00:00","dateModified":"2025-08-28T10:16:05+00:00","breadcrumb":{"@id":"https:\/\/computaex.es\/record-del-mundo-en-electromagnetismo-620-millones-de-incognitas\/#breadcrumb"},"inLanguage":"en-US","potentialAction":[{"@type":"ReadAction","target":["https:\/\/computaex.es\/record-del-mundo-en-electromagnetismo-620-millones-de-incognitas\/"]}]},{"@type":"ImageObject","inLanguage":"en-US","@id":"https:\/\/computaex.es\/record-del-mundo-en-electromagnetismo-620-millones-de-incognitas\/#primaryimage","url":"https:\/\/computaex.es\/wp-content\/uploads\/2025\/01\/premio-record-electromagnetismo-2009.jpg","contentUrl":"https:\/\/computaex.es\/wp-content\/uploads\/2025\/01\/premio-record-electromagnetismo-2009.jpg"},{"@type":"BreadcrumbList","@id":"https:\/\/computaex.es\/record-del-mundo-en-electromagnetismo-620-millones-de-incognitas\/#breadcrumb","itemListElement":[{"@type":"ListItem","position":1,"name":"Portada","item":"https:\/\/computaex.es\/"},{"@type":"ListItem","position":2,"name":"R\u00e9cord del Mundo en Electromagnetismo &#8211; 620 millones de inc\u00f3gnitas"}]},{"@type":"WebSite","@id":"https:\/\/computaex.es\/#website","url":"https:\/\/computaex.es\/","name":"COMPUTAEX Foundation","description":"COMPUTAEX","publisher":{"@id":"https:\/\/computaex.es\/#organization"},"potentialAction":[{"@type":"SearchAction","target":{"@type":"EntryPoint","urlTemplate":"https:\/\/computaex.es\/?s={search_term_string}"},"query-input":{"@type":"PropertyValueSpecification","valueRequired":true,"valueName":"search_term_string"}}],"inLanguage":"en-US"},{"@type":"Organization","@id":"https:\/\/computaex.es\/#organization","name":"COMPUTAEX","url":"https:\/\/computaex.es\/","logo":{"@type":"ImageObject","inLanguage":"en-US","@id":"https:\/\/computaex.es\/#\/schema\/logo\/image\/","url":"https:\/\/computaex.es\/wp-content\/uploads\/2025\/05\/cropped-COMPUTAEX_transparente-scaled-1.png","contentUrl":"https:\/\/computaex.es\/wp-content\/uploads\/2025\/05\/cropped-COMPUTAEX_transparente-scaled-1.png","width":2560,"height":970,"caption":"COMPUTAEX"},"image":{"@id":"https:\/\/computaex.es\/#\/schema\/logo\/image\/"},"sameAs":["https:\/\/m.facebook.com\/computaex\/","https:\/\/x.com\/computaex","https:\/\/es.linkedin.com\/company\/cenits"]}]}},"_links":{"self":[{"href":"https:\/\/computaex.es\/en\/wp-json\/wp\/v2\/pages\/7014","targetHints":{"allow":["GET"]}}],"collection":[{"href":"https:\/\/computaex.es\/en\/wp-json\/wp\/v2\/pages"}],"about":[{"href":"https:\/\/computaex.es\/en\/wp-json\/wp\/v2\/types\/page"}],"author":[{"embeddable":true,"href":"https:\/\/computaex.es\/en\/wp-json\/wp\/v2\/users\/1"}],"replies":[{"embeddable":true,"href":"https:\/\/computaex.es\/en\/wp-json\/wp\/v2\/comments?post=7014"}],"version-history":[{"count":3,"href":"https:\/\/computaex.es\/en\/wp-json\/wp\/v2\/pages\/7014\/revisions"}],"predecessor-version":[{"id":9887,"href":"https:\/\/computaex.es\/en\/wp-json\/wp\/v2\/pages\/7014\/revisions\/9887"}],"wp:attachment":[{"href":"https:\/\/computaex.es\/en\/wp-json\/wp\/v2\/media?parent=7014"}],"wp:term":[{"taxonomy":"category","embeddable":true,"href":"https:\/\/computaex.es\/en\/wp-json\/wp\/v2\/categories?post=7014"},{"taxonomy":"post_tag","embeddable":true,"href":"https:\/\/computaex.es\/en\/wp-json\/wp\/v2\/tags?post=7014"}],"curies":[{"name":"wp","href":"https:\/\/api.w.org\/{rel}","templated":true}]}}