{"id":7465,"date":"2025-07-16T09:59:40","date_gmt":"2025-07-16T07:59:40","guid":{"rendered":"https:\/\/web.computaex.es\/?page_id=7465"},"modified":"2025-07-16T09:59:40","modified_gmt":"2025-07-16T07:59:40","slug":"obtener_firma","status":"publish","type":"page","link":"https:\/\/computaex.es\/en\/obtener_firma\/","title":{"rendered":"Generador de firma"},"content":{"rendered":"<form method=\"post\" style=\"max-width: 700px;\" action=\"\">\n    <label>Nombre y apellidos <span style=\"color:red\">*<\/span>:<\/label><br>\n    <input type=\"text\" name=\"nombre\" required value=\"\" style=\"width: 100%; padding: 8px;\"><br><br>\n\n    <label>Cargo <span style=\"color:red\">*<\/span>:<\/label><br>\n    <input type=\"text\" name=\"cargo\" required value=\"\" style=\"width: 100%; padding: 8px;\"><br>\n    <small style=\"color: #666; font-size: 0.85em; display: block; margin-top: 5px;\">\n        Ejemplos:\n        Administrador de Sistemas y Supercomputaci\u00f3n, Responsable de la Unidad Funcional de Redes y Comunicaciones, Analista de Proyectos y Comunicaci\u00f3n, Responsable de Proyectos y Comunicaci\u00f3n, T\u00e9cnico de apoyo a la I+D+i, T\u00e9cnico de apoyo a la investigaci\u00f3n, Responsable de Asuntos Laborales y Jur\u00eddicos, Responsable de Administraci\u00f3n y Finanzas, Responsable de Seguridad, Responsable de Documentaci\u00f3n T\u00e9cnica, Responsable de Calidad, etc.\n    <\/small><br><br>\n\n    <label>Cargo en ingl\u00e9s <span style=\"color:red\">*<\/span>:<\/label><br>\n    <input type=\"text\" name=\"cargo_en\" required value=\"\" style=\"width: 100%; padding: 8px;\"><br>\n    <small style=\"color: #666; font-size: 0.85em; display: block; margin-top: 5px;\">\n        Examples:\n        Systems and Supercomputing Administrator, Head of the Networking and Communications Unit, Project and Communication Analyst, Head of Projects and Communication, R&D Support Technician, Research Support Technician, Head of Legal and Labor Affairs, Head of Administration and Finance, Security Officer, Technical Documentation Manager, Quality Manager, etc.\n    <\/small><br><br>\n\n    <label>Email <span style=\"color:red\">*<\/span>:<\/label><br>\n    <input type=\"email\" name=\"email\" required value=\"\" style=\"width: 100%; padding: 8px;\"><br><br>\n\n    <label>Phone number <span style=\"color:red\">*<\/span>:<\/label><br>\n    <input type=\"text\" name=\"telefono\" required value=\"\" style=\"width: 100%; padding: 8px;\"><br><br>\n\n    <input type=\"submit\" name=\"generar\" value=\"Generar Firma\" style=\"padding: 8px 16px; background-color: #28a745; color: white; border: none; border-radius: 4px; cursor: pointer;\">\n\n<input type=\"hidden\" name=\"trp-form-language\" value=\"en\"\/><\/form>","protected":false},"excerpt":{"rendered":"","protected":false},"author":1,"featured_media":0,"parent":0,"menu_order":0,"comment_status":"closed","ping_status":"closed","template":"","meta":{"footnotes":""},"categories":[],"class_list":["post-7465","page","type-page","status-publish","hentry"],"yoast_head":"<!-- This site is optimized with the Yoast SEO plugin v27.1.1 - https:\/\/yoast.com\/product\/yoast-seo-wordpress\/ -->\n<title>Generador de firma - Fundaci\u00f3n COMPUTAEX<\/title>\n<meta name=\"robots\" content=\"index, follow, max-snippet:-1, max-image-preview:large, max-video-preview:-1\" \/>\n<link rel=\"canonical\" href=\"https:\/\/computaex.es\/en\/obtener_firma\/\" \/>\n<meta property=\"og:locale\" content=\"en_US\" \/>\n<meta property=\"og:type\" content=\"article\" \/>\n<meta property=\"og:title\" content=\"Generador de firma - Fundaci\u00f3n COMPUTAEX\" \/>\n<meta property=\"og:url\" content=\"https:\/\/computaex.es\/en\/obtener_firma\/\" \/>\n<meta property=\"og:site_name\" content=\"Fundaci\u00f3n COMPUTAEX\" \/>\n<meta property=\"article:publisher\" content=\"https:\/\/m.facebook.com\/computaex\/\" \/>\n<meta property=\"og:image\" content=\"https:\/\/computaex.es\/wp-content\/uploads\/2025\/08\/COMPUTAEX.jpg\" \/>\n\t<meta property=\"og:image:width\" content=\"1024\" \/>\n\t<meta property=\"og:image:height\" content=\"403\" \/>\n\t<meta property=\"og:image:type\" content=\"image\/jpeg\" \/>\n<meta name=\"twitter:card\" content=\"summary_large_image\" \/>\n<meta name=\"twitter:site\" content=\"@computaex\" \/>\n<meta name=\"twitter:label1\" content=\"Est. reading time\" \/>\n\t<meta name=\"twitter:data1\" content=\"1 minute\" \/>\n<script type=\"application\/ld+json\" class=\"yoast-schema-graph\">{\"@context\":\"https:\/\/schema.org\",\"@graph\":[{\"@type\":\"WebPage\",\"@id\":\"https:\/\/computaex.es\/obtener_firma\/\",\"url\":\"https:\/\/computaex.es\/obtener_firma\/\",\"name\":\"Generador de firma - Fundaci\u00f3n COMPUTAEX\",\"isPartOf\":{\"@id\":\"https:\/\/computaex.es\/#website\"},\"datePublished\":\"2025-07-16T07:59:40+00:00\",\"breadcrumb\":{\"@id\":\"https:\/\/computaex.es\/obtener_firma\/#breadcrumb\"},\"inLanguage\":\"en-US\",\"potentialAction\":[{\"@type\":\"ReadAction\",\"target\":[\"https:\/\/computaex.es\/obtener_firma\/\"]}]},{\"@type\":\"BreadcrumbList\",\"@id\":\"https:\/\/computaex.es\/obtener_firma\/#breadcrumb\",\"itemListElement\":[{\"@type\":\"ListItem\",\"position\":1,\"name\":\"Portada\",\"item\":\"https:\/\/computaex.es\/\"},{\"@type\":\"ListItem\",\"position\":2,\"name\":\"Generador de firma\"}]},{\"@type\":\"WebSite\",\"@id\":\"https:\/\/computaex.es\/#website\",\"url\":\"https:\/\/computaex.es\/\",\"name\":\"Fundaci\u00f3n COMPUTAEX\",\"description\":\"COMPUTAEX\",\"publisher\":{\"@id\":\"https:\/\/computaex.es\/#organization\"},\"potentialAction\":[{\"@type\":\"SearchAction\",\"target\":{\"@type\":\"EntryPoint\",\"urlTemplate\":\"https:\/\/computaex.es\/?s={search_term_string}\"},\"query-input\":{\"@type\":\"PropertyValueSpecification\",\"valueRequired\":true,\"valueName\":\"search_term_string\"}}],\"inLanguage\":\"en-US\"},{\"@type\":\"Organization\",\"@id\":\"https:\/\/computaex.es\/#organization\",\"name\":\"COMPUTAEX\",\"url\":\"https:\/\/computaex.es\/\",\"logo\":{\"@type\":\"ImageObject\",\"inLanguage\":\"en-US\",\"@id\":\"https:\/\/computaex.es\/#\/schema\/logo\/image\/\",\"url\":\"https:\/\/computaex.es\/wp-content\/uploads\/2025\/05\/cropped-COMPUTAEX_transparente-scaled-1.png\",\"contentUrl\":\"https:\/\/computaex.es\/wp-content\/uploads\/2025\/05\/cropped-COMPUTAEX_transparente-scaled-1.png\",\"width\":2560,\"height\":970,\"caption\":\"COMPUTAEX\"},\"image\":{\"@id\":\"https:\/\/computaex.es\/#\/schema\/logo\/image\/\"},\"sameAs\":[\"https:\/\/m.facebook.com\/computaex\/\",\"https:\/\/x.com\/computaex\",\"https:\/\/es.linkedin.com\/company\/cenits\"]}]}<\/script>\n<!-- \/ Yoast SEO plugin. -->","yoast_head_json":{"title":"Generador de firma - Fundaci\u00f3n COMPUTAEX","robots":{"index":"index","follow":"follow","max-snippet":"max-snippet:-1","max-image-preview":"max-image-preview:large","max-video-preview":"max-video-preview:-1"},"canonical":"https:\/\/computaex.es\/en\/obtener_firma\/","og_locale":"en_US","og_type":"article","og_title":"Generador de firma - Fundaci\u00f3n COMPUTAEX","og_url":"https:\/\/computaex.es\/en\/obtener_firma\/","og_site_name":"Fundaci\u00f3n COMPUTAEX","article_publisher":"https:\/\/m.facebook.com\/computaex\/","og_image":[{"width":1024,"height":403,"url":"https:\/\/computaex.es\/wp-content\/uploads\/2025\/08\/COMPUTAEX.jpg","type":"image\/jpeg"}],"twitter_card":"summary_large_image","twitter_site":"@computaex","twitter_misc":{"Est. reading time":"1 minute"},"schema":{"@context":"https:\/\/schema.org","@graph":[{"@type":"WebPage","@id":"https:\/\/computaex.es\/obtener_firma\/","url":"https:\/\/computaex.es\/obtener_firma\/","name":"Generador de firma - Fundaci\u00f3n COMPUTAEX","isPartOf":{"@id":"https:\/\/computaex.es\/#website"},"datePublished":"2025-07-16T07:59:40+00:00","breadcrumb":{"@id":"https:\/\/computaex.es\/obtener_firma\/#breadcrumb"},"inLanguage":"en-US","potentialAction":[{"@type":"ReadAction","target":["https:\/\/computaex.es\/obtener_firma\/"]}]},{"@type":"BreadcrumbList","@id":"https:\/\/computaex.es\/obtener_firma\/#breadcrumb","itemListElement":[{"@type":"ListItem","position":1,"name":"Portada","item":"https:\/\/computaex.es\/"},{"@type":"ListItem","position":2,"name":"Generador de firma"}]},{"@type":"WebSite","@id":"https:\/\/computaex.es\/#website","url":"https:\/\/computaex.es\/","name":"COMPUTAEX Foundation","description":"COMPUTAEX","publisher":{"@id":"https:\/\/computaex.es\/#organization"},"potentialAction":[{"@type":"SearchAction","target":{"@type":"EntryPoint","urlTemplate":"https:\/\/computaex.es\/?s={search_term_string}"},"query-input":{"@type":"PropertyValueSpecification","valueRequired":true,"valueName":"search_term_string"}}],"inLanguage":"en-US"},{"@type":"Organization","@id":"https:\/\/computaex.es\/#organization","name":"COMPUTAEX","url":"https:\/\/computaex.es\/","logo":{"@type":"ImageObject","inLanguage":"en-US","@id":"https:\/\/computaex.es\/#\/schema\/logo\/image\/","url":"https:\/\/computaex.es\/wp-content\/uploads\/2025\/05\/cropped-COMPUTAEX_transparente-scaled-1.png","contentUrl":"https:\/\/computaex.es\/wp-content\/uploads\/2025\/05\/cropped-COMPUTAEX_transparente-scaled-1.png","width":2560,"height":970,"caption":"COMPUTAEX"},"image":{"@id":"https:\/\/computaex.es\/#\/schema\/logo\/image\/"},"sameAs":["https:\/\/m.facebook.com\/computaex\/","https:\/\/x.com\/computaex","https:\/\/es.linkedin.com\/company\/cenits"]}]}},"_links":{"self":[{"href":"https:\/\/computaex.es\/en\/wp-json\/wp\/v2\/pages\/7465","targetHints":{"allow":["GET"]}}],"collection":[{"href":"https:\/\/computaex.es\/en\/wp-json\/wp\/v2\/pages"}],"about":[{"href":"https:\/\/computaex.es\/en\/wp-json\/wp\/v2\/types\/page"}],"author":[{"embeddable":true,"href":"https:\/\/computaex.es\/en\/wp-json\/wp\/v2\/users\/1"}],"replies":[{"embeddable":true,"href":"https:\/\/computaex.es\/en\/wp-json\/wp\/v2\/comments?post=7465"}],"version-history":[{"count":2,"href":"https:\/\/computaex.es\/en\/wp-json\/wp\/v2\/pages\/7465\/revisions"}],"predecessor-version":[{"id":7481,"href":"https:\/\/computaex.es\/en\/wp-json\/wp\/v2\/pages\/7465\/revisions\/7481"}],"wp:attachment":[{"href":"https:\/\/computaex.es\/en\/wp-json\/wp\/v2\/media?parent=7465"}],"wp:term":[{"taxonomy":"category","embeddable":true,"href":"https:\/\/computaex.es\/en\/wp-json\/wp\/v2\/categories?post=7465"}],"curies":[{"name":"wp","href":"https:\/\/api.w.org\/{rel}","templated":true}]}}