{"id":8123,"date":"2025-03-17T14:01:20","date_gmt":"2025-03-17T13:01:20","guid":{"rendered":"https:\/\/web.computaex.es\/?page_id=8123"},"modified":"2025-07-31T12:11:20","modified_gmt":"2025-07-31T10:11:20","slug":"ref-2025-1","status":"publish","type":"page","link":"https:\/\/computaex.es\/en\/empleo\/ref-2025-1\/","title":{"rendered":"REF 2025-1 Administradores\/as de Sistemas y Supercomputaci\u00f3n"},"content":{"rendered":"<div data-elementor-type=\"wp-page\" data-elementor-id=\"8123\" class=\"elementor elementor-8123\">\n\t\t\t\t<div class=\"elementor-element elementor-element-7459449 e-flex e-con-boxed wpr-particle-no wpr-jarallax-no wpr-parallax-no wpr-sticky-section-no e-con e-parent\" data-id=\"7459449\" data-element_type=\"container\" data-e-type=\"container\">\n\t\t\t\t\t<div class=\"e-con-inner\">\n\t\t\t\t<div class=\"elementor-element elementor-element-362cb24 elementor-widget elementor-widget-text-editor\" data-id=\"362cb24\" data-element_type=\"widget\" data-e-type=\"widget\" data-widget_type=\"text-editor.default\">\n\t\t\t\t<div class=\"elementor-widget-container\">\n\t\t\t\t\t\t\t\t\t<p><strong>REF 2025-1 Administradores\/as de Sistemas y Supercomputaci\u00f3n<\/strong><\/p><p>La Fundaci\u00f3n\u00a0COMPUTAEX\u00a0oferta dos puestos con contrato laboral indefinido:<\/p><ul><li><strong>Administradores\/as de Sistemas y Supercomputaci\u00f3n (Ref. 2025-1).<\/strong><\/li><\/ul><p>Todos los detalles de la convocatoria pueden ser consultados en las bases.<\/p><p><strong>Solicitudes:<\/strong><br \/>Las solicitudes para participar en el proceso de selecci\u00f3n se formular\u00e1n mediante el modelo oficial (Anexo I) debidamente cumplimentadas y firmadas, y deber\u00e1n ir acompa\u00f1adas de la siguiente documentaci\u00f3n:<\/p><ul><li><a href=\"\/wp-content\/uploads\/2025\/07\/solicitud_ref_2025-1.pdf\" target=\"_blank\" rel=\"noopener\">Anexo I &#8211; Solicitud <img decoding=\"async\" class=\"alignnone size-full wp-image-8562\" style=\"display: inline-block; vertical-align: middle; margin-left: 4px;\" src=\"\/wp-content\/uploads\/2025\/07\/icono-pdf-e1753341024523.png\" alt=\"\" width=\"16\" height=\"20\" \/><\/a><\/li><li>Copia del Documento Nacional de Identidad o equivalente<\/li><li>Copia del t\u00edtulo oficial exigido o resguardo de solicitud del mismo.<\/li><li>Curr\u00edculum Vitae detallado, junto con la documentaci\u00f3n acreditativa de los m\u00e9ritos alegados.<\/li><li>Informe de vida laboral actualizado.<\/li><li><a href=\"\/wp-content\/uploads\/2025\/07\/informacion_y_tratamiento_de_datos_ref_2025-1.pdf\" target=\"_blank\" rel=\"noopener\">Anexo II &#8211; Tratamiento de datos <img decoding=\"async\" class=\"alignnone size-full wp-image-8562\" style=\"display: inline-block; vertical-align: middle; margin-left: 4px;\" src=\"\/wp-content\/uploads\/2025\/07\/icono-pdf-e1753341024523.png\" alt=\"\" width=\"16\" height=\"20\" \/><br \/><\/a><\/li><\/ul><hr \/><p><strong>Fases del proceso:<\/strong><\/p><ul><li>Plazo presentaci\u00f3n de solicitudes:<strong>\u00a0 06 de abril de 2025<\/strong><\/li><li>Listado provisional de personas admitidas y excluidas:\u00a0<strong>alegaciones hasta las 23:59 horas del d\u00eda 13 de abril de 2025<\/strong>.<\/li><li>Listado definitivo de personas admitidas y excluidas:\u00a0<strong>14 de abril de 2025<\/strong><\/li><li>Resultado provisional de la fase de oposici\u00f3n:\u00a0<strong>alegaciones hasta las 23:59 horas del d\u00eda 27 de abril de 2025.<\/strong><\/li><li>Resultado definitivo de la fase de oposici\u00f3n:\u00a0<strong>28\/04\/2025<\/strong><\/li><li>Listado provisional de m\u00e9ritos valorables de la fase de concurso:\u00a0<strong>alegaciones hasta las 23:59 horas del d\u00eda 10 de mayo de 2025.<\/strong><\/li><li>Listado definitivo de m\u00e9ritos valorables de la fase de concurso:\u00a0<strong>12\/05\/2025<\/strong><\/li><li>Resoluci\u00f3n de contrataci\u00f3n:<strong>\u00a014\/05\/2025<\/strong><\/li><\/ul><center><img decoding=\"async\" src=\"https:\/\/www.computaex.es\/sites\/cenits.es\/files\/20250317_logos_plazas_tecnicos.png\" alt=\"\" \/><\/center>\t\t\t\t\t\t\t\t<\/div>\n\t\t\t\t<\/div>\n\t\t\t\t\t<\/div>\n\t\t\t\t<\/div>\n\t\t<div class=\"elementor-element elementor-element-6d297eb e-flex e-con-boxed wpr-particle-no wpr-jarallax-no wpr-parallax-no wpr-sticky-section-no e-con e-parent\" data-id=\"6d297eb\" data-element_type=\"container\" data-e-type=\"container\">\n\t\t\t\t\t<div class=\"e-con-inner\">\n\t\t\t\t<div class=\"elementor-element elementor-element-586c1de elementor-widget elementor-widget-tabla_descargas\" data-id=\"586c1de\" data-element_type=\"widget\" data-e-type=\"widget\" data-settings=\"{&quot;boton_anadir_ids&quot;:&quot;8951,8783,8782,8781,8780,8779,8778,8777&quot;,&quot;fechas_personalizadas&quot;:&quot;{}&quot;}\" data-widget_type=\"tabla_descargas.default\">\n\t\t\t\t<div class=\"elementor-widget-container\">\n\t\t\t\t\t<div class=\"tabla-descargas-container\" data-widget-id=\"586c1de\"><table class=\"tabla-descargas\"><thead><tr><th class=\"sortable\" data-sort=\"nombre\">Archivo <span class=\"sort-arrow\"><\/span><\/th><th class=\"sortable\" data-sort=\"tamano\">Size <span class=\"sort-arrow\"><\/span><\/th><th style=\"text-align: center;\">Ver<\/th><th>Descargar<\/th><\/tr><\/thead><tr data-nombre=\"Listado Provisional de Personas Admitidas y Excluidas - 07\/04\/2025\" data-tamano=\"376557\" data-fecha=\"2025-07-25\"><td><div class=\"archivo-info\"><div class=\"titulo-archivo\">Listado Provisional de Personas Admitidas y Excluidas - 07\/04\/2025<\/div><div class=\"nombre-archivo\">listado_provisional_de_personas_admitidas_y_excluidas-ref-2025-1.pdf<\/div><\/div><\/td><td>368 KB<\/td><td style=\"text-align: center;\"><a href=\"https:\/\/computaex.es\/wp-content\/uploads\/2025\/07\/listado_provisional_de_personas_admitidas_y_excluidas-ref-2025-1.pdf\" class=\"boton-ver\" target=\"_blank\" rel=\"noopener noreferrer\" title=\"Ver documento\">\ud83d\udc41<\/a><\/td><td><a href=\"https:\/\/computaex.es\/wp-content\/uploads\/2025\/07\/listado_provisional_de_personas_admitidas_y_excluidas-ref-2025-1.pdf\" class=\"boton-descarga\" download=\"listado_provisional_de_personas_admitidas_y_excluidas-ref-2025-1.pdf\">\u2193 Descargar<\/a><\/td><\/tr><tr data-nombre=\"Listado definitivo de personas admitidas y excluidas - 14\/04\/2025\" data-tamano=\"319064\" data-fecha=\"2025-07-25\"><td><div class=\"archivo-info\"><div class=\"titulo-archivo\">Listado definitivo de personas admitidas y excluidas - 14\/04\/2025<\/div><div class=\"nombre-archivo\">listado_definitivo_de_personas_admitidas_y_excluidas-ref-2025-1.pdf<\/div><\/div><\/td><td>312 KB<\/td><td style=\"text-align: center;\"><a href=\"https:\/\/computaex.es\/wp-content\/uploads\/2025\/07\/listado_definitivo_de_personas_admitidas_y_excluidas-ref-2025-1.pdf\" class=\"boton-ver\" target=\"_blank\" rel=\"noopener noreferrer\" title=\"Ver documento\">\ud83d\udc41<\/a><\/td><td><a href=\"https:\/\/computaex.es\/wp-content\/uploads\/2025\/07\/listado_definitivo_de_personas_admitidas_y_excluidas-ref-2025-1.pdf\" class=\"boton-descarga\" download=\"listado_definitivo_de_personas_admitidas_y_excluidas-ref-2025-1.pdf\">\u2193 Descargar<\/a><\/td><\/tr><tr data-nombre=\"Resultado provisional de la fase de oposici\u00f3n - 22\/04\/2025-ref-2025-1\" data-tamano=\"287845\" data-fecha=\"2025-07-25\"><td><div class=\"archivo-info\"><div class=\"titulo-archivo\">Resultado provisional de la fase de oposici\u00f3n - 22\/04\/2025-ref-2025-1<\/div><div class=\"nombre-archivo\">resultado_provisional_de_la_fase_de_oposicion-ref-2025-1.pdf<\/div><\/div><\/td><td>281 KB<\/td><td style=\"text-align: center;\"><a href=\"https:\/\/computaex.es\/wp-content\/uploads\/2025\/07\/resultado_provisional_de_la_fase_de_oposicion-ref-2025-1.pdf\" class=\"boton-ver\" target=\"_blank\" rel=\"noopener noreferrer\" title=\"Ver documento\">\ud83d\udc41<\/a><\/td><td><a href=\"https:\/\/computaex.es\/wp-content\/uploads\/2025\/07\/resultado_provisional_de_la_fase_de_oposicion-ref-2025-1.pdf\" class=\"boton-descarga\" download=\"resultado_provisional_de_la_fase_de_oposicion-ref-2025-1.pdf\">\u2193 Descargar<\/a><\/td><\/tr><tr data-nombre=\"Resultado definitivo de la fase de oposici\u00f3n - 28\/04\/2025-ref-2025-1\" data-tamano=\"280291\" data-fecha=\"2025-07-25\"><td><div class=\"archivo-info\"><div class=\"titulo-archivo\">Resultado definitivo de la fase de oposici\u00f3n - 28\/04\/2025-ref-2025-1<\/div><div class=\"nombre-archivo\">resultado_definitivo_de_la_fase_de_oposicion-ref-2025-1.pdf<\/div><\/div><\/td><td>274 KB<\/td><td style=\"text-align: center;\"><a href=\"https:\/\/computaex.es\/wp-content\/uploads\/2025\/07\/resultado_definitivo_de_la_fase_de_oposicion-ref-2025-1.pdf\" class=\"boton-ver\" target=\"_blank\" rel=\"noopener noreferrer\" title=\"Ver documento\">\ud83d\udc41<\/a><\/td><td><a href=\"https:\/\/computaex.es\/wp-content\/uploads\/2025\/07\/resultado_definitivo_de_la_fase_de_oposicion-ref-2025-1.pdf\" class=\"boton-descarga\" download=\"resultado_definitivo_de_la_fase_de_oposicion-ref-2025-1.pdf\">\u2193 Descargar<\/a><\/td><\/tr><tr data-nombre=\"Listado provisional de m\u00e9ritos valorables - 05\/05\/2025\" data-tamano=\"326596\" data-fecha=\"2025-07-25\"><td><div class=\"archivo-info\"><div class=\"titulo-archivo\">Listado provisional de m\u00e9ritos valorables - 05\/05\/2025<\/div><div class=\"nombre-archivo\">baremo_provisional-ref-2025-1.pdf<\/div><\/div><\/td><td>319 KB<\/td><td style=\"text-align: center;\"><a href=\"https:\/\/computaex.es\/wp-content\/uploads\/2025\/07\/baremo_provisional-ref-2025-1.pdf\" class=\"boton-ver\" target=\"_blank\" rel=\"noopener noreferrer\" title=\"Ver documento\">\ud83d\udc41<\/a><\/td><td><a href=\"https:\/\/computaex.es\/wp-content\/uploads\/2025\/07\/baremo_provisional-ref-2025-1.pdf\" class=\"boton-descarga\" download=\"baremo_provisional-ref-2025-1.pdf\">\u2193 Descargar<\/a><\/td><\/tr><tr data-nombre=\"Listado definitivo de m\u00e9ritos valorables - 12\/05\/2025\" data-tamano=\"298974\" data-fecha=\"2025-07-25\"><td><div class=\"archivo-info\"><div class=\"titulo-archivo\">Listado definitivo de m\u00e9ritos valorables - 12\/05\/2025<\/div><div class=\"nombre-archivo\">baremo_definitivo_y_calificacion_final-ref-2025-1_signed.pdf<\/div><\/div><\/td><td>292 KB<\/td><td style=\"text-align: center;\"><a href=\"https:\/\/computaex.es\/wp-content\/uploads\/2025\/07\/baremo_definitivo_y_calificacion_final-ref-2025-1_signed.pdf\" class=\"boton-ver\" target=\"_blank\" rel=\"noopener noreferrer\" title=\"Ver documento\">\ud83d\udc41<\/a><\/td><td><a href=\"https:\/\/computaex.es\/wp-content\/uploads\/2025\/07\/baremo_definitivo_y_calificacion_final-ref-2025-1_signed.pdf\" class=\"boton-descarga\" download=\"baremo_definitivo_y_calificacion_final-ref-2025-1_signed.pdf\">\u2193 Descargar<\/a><\/td><\/tr><tr data-nombre=\"Resoluci\u00f3n de contrataci\u00f3n - 14\/05\/2025\" data-tamano=\"265875\" data-fecha=\"2025-07-25\"><td><div class=\"archivo-info\"><div class=\"titulo-archivo\">Resoluci\u00f3n de contrataci\u00f3n - 14\/05\/2025<\/div><div class=\"nombre-archivo\">resolucion_de_contratacion-ref-2025-1.pdf<\/div><\/div><\/td><td>260 KB<\/td><td style=\"text-align: center;\"><a href=\"https:\/\/computaex.es\/wp-content\/uploads\/2025\/07\/resolucion_de_contratacion-ref-2025-1.pdf\" class=\"boton-ver\" target=\"_blank\" rel=\"noopener noreferrer\" title=\"Ver documento\">\ud83d\udc41<\/a><\/td><td><a href=\"https:\/\/computaex.es\/wp-content\/uploads\/2025\/07\/resolucion_de_contratacion-ref-2025-1.pdf\" class=\"boton-descarga\" download=\"resolucion_de_contratacion-ref-2025-1.pdf\">\u2193 Descargar<\/a><\/td><\/tr><tr data-nombre=\"Bases de contrataci\u00f3n - 17\/03\/2025\" data-tamano=\"621239\" data-fecha=\"2025-07-28\"><td><div class=\"archivo-info\"><div class=\"titulo-archivo\">Bases de contrataci\u00f3n - 17\/03\/2025<\/div><div class=\"nombre-archivo\">basescontratacion-ref-2025-1-1.pdf<\/div><\/div><\/td><td>607 KB<\/td><td style=\"text-align: center;\"><a href=\"https:\/\/computaex.es\/wp-content\/uploads\/2025\/07\/basescontratacion-ref-2025-1-1.pdf\" class=\"boton-ver\" target=\"_blank\" rel=\"noopener noreferrer\" title=\"Ver documento\">\ud83d\udc41<\/a><\/td><td><a href=\"https:\/\/computaex.es\/wp-content\/uploads\/2025\/07\/basescontratacion-ref-2025-1-1.pdf\" class=\"boton-descarga\" download=\"basescontratacion-ref-2025-1-1.pdf\">\u2193 Descargar<\/a><\/td><\/tr><\/tbody><\/table><\/div>\t\t\t\t<\/div>\n\t\t\t\t<\/div>\n\t\t\t\t\t<\/div>\n\t\t\t\t<\/div>\n\t\t\t\t<\/div>","protected":false},"excerpt":{"rendered":"<p>REF 2025-1 Administradores\/as de Sistemas y Supercomputaci\u00f3n La Fundaci\u00f3n\u00a0COMPUTAEX\u00a0oferta dos puestos con contrato laboral indefinido: Administradores\/as de Sistemas y Supercomputaci\u00f3n (Ref. 2025-1). Todos los detalles de la convocatoria pueden ser &#8230;<\/p>","protected":false},"author":1,"featured_media":0,"parent":7859,"menu_order":0,"comment_status":"closed","ping_status":"closed","template":"","meta":{"footnotes":""},"categories":[108,105],"tags":[],"class_list":["post-8123","page","type-page","status-publish","hentry","category-108","category-empleo"],"yoast_head":"<!-- This site is optimized with the Yoast SEO plugin v27.1.1 - https:\/\/yoast.com\/product\/yoast-seo-wordpress\/ -->\n<title>REF 2025-1 Administradores\/as de Sistemas y Supercomputaci\u00f3n - Fundaci\u00f3n COMPUTAEX<\/title>\n<meta name=\"robots\" content=\"index, follow, max-snippet:-1, max-image-preview:large, max-video-preview:-1\" \/>\n<link rel=\"canonical\" href=\"https:\/\/computaex.es\/en\/empleo\/ref-2025-1\/\" \/>\n<meta property=\"og:locale\" content=\"en_US\" \/>\n<meta property=\"og:type\" content=\"article\" \/>\n<meta property=\"og:title\" content=\"REF 2025-1 Administradores\/as de Sistemas y Supercomputaci\u00f3n - Fundaci\u00f3n COMPUTAEX\" \/>\n<meta property=\"og:description\" content=\"REF 2025-1 Administradores\/as de Sistemas y Supercomputaci\u00f3n La Fundaci\u00f3n\u00a0COMPUTAEX\u00a0oferta dos puestos con contrato laboral indefinido: Administradores\/as de Sistemas y Supercomputaci\u00f3n (Ref. 2025-1). Todos los detalles de la convocatoria pueden ser ...\" \/>\n<meta property=\"og:url\" content=\"https:\/\/computaex.es\/en\/empleo\/ref-2025-1\/\" \/>\n<meta property=\"og:site_name\" content=\"Fundaci\u00f3n COMPUTAEX\" \/>\n<meta property=\"article:publisher\" content=\"https:\/\/m.facebook.com\/computaex\/\" \/>\n<meta property=\"article:modified_time\" content=\"2025-07-31T10:11:20+00:00\" \/>\n<meta property=\"og:image\" content=\"https:\/\/www.computaex.es\/sites\/cenits.es\/files\/20250317_logos_plazas_tecnicos.png\" \/>\n<meta name=\"twitter:card\" content=\"summary_large_image\" \/>\n<meta name=\"twitter:site\" content=\"@computaex\" \/>\n<meta name=\"twitter:label1\" content=\"Est. reading time\" \/>\n\t<meta name=\"twitter:data1\" content=\"3 minutes\" \/>\n<script type=\"application\/ld+json\" class=\"yoast-schema-graph\">{\"@context\":\"https:\/\/schema.org\",\"@graph\":[{\"@type\":\"WebPage\",\"@id\":\"https:\/\/computaex.es\/empleo\/ref-2025-1\/\",\"url\":\"https:\/\/computaex.es\/empleo\/ref-2025-1\/\",\"name\":\"REF 2025-1 Administradores\/as de Sistemas y Supercomputaci\u00f3n - Fundaci\u00f3n COMPUTAEX\",\"isPartOf\":{\"@id\":\"https:\/\/computaex.es\/#website\"},\"primaryImageOfPage\":{\"@id\":\"https:\/\/computaex.es\/empleo\/ref-2025-1\/#primaryimage\"},\"image\":{\"@id\":\"https:\/\/computaex.es\/empleo\/ref-2025-1\/#primaryimage\"},\"thumbnailUrl\":\"https:\/\/www.computaex.es\/sites\/cenits.es\/files\/20250317_logos_plazas_tecnicos.png\",\"datePublished\":\"2025-03-17T13:01:20+00:00\",\"dateModified\":\"2025-07-31T10:11:20+00:00\",\"breadcrumb\":{\"@id\":\"https:\/\/computaex.es\/empleo\/ref-2025-1\/#breadcrumb\"},\"inLanguage\":\"en-US\",\"potentialAction\":[{\"@type\":\"ReadAction\",\"target\":[\"https:\/\/computaex.es\/empleo\/ref-2025-1\/\"]}]},{\"@type\":\"ImageObject\",\"inLanguage\":\"en-US\",\"@id\":\"https:\/\/computaex.es\/empleo\/ref-2025-1\/#primaryimage\",\"url\":\"https:\/\/www.computaex.es\/sites\/cenits.es\/files\/20250317_logos_plazas_tecnicos.png\",\"contentUrl\":\"https:\/\/www.computaex.es\/sites\/cenits.es\/files\/20250317_logos_plazas_tecnicos.png\"},{\"@type\":\"BreadcrumbList\",\"@id\":\"https:\/\/computaex.es\/empleo\/ref-2025-1\/#breadcrumb\",\"itemListElement\":[{\"@type\":\"ListItem\",\"position\":1,\"name\":\"Portada\",\"item\":\"https:\/\/computaex.es\/\"},{\"@type\":\"ListItem\",\"position\":2,\"name\":\"Empleo\",\"item\":\"https:\/\/computaex.es\/empleo\/\"},{\"@type\":\"ListItem\",\"position\":3,\"name\":\"REF 2025-1 Administradores\/as de Sistemas y Supercomputaci\u00f3n\"}]},{\"@type\":\"WebSite\",\"@id\":\"https:\/\/computaex.es\/#website\",\"url\":\"https:\/\/computaex.es\/\",\"name\":\"Fundaci\u00f3n COMPUTAEX\",\"description\":\"COMPUTAEX\",\"publisher\":{\"@id\":\"https:\/\/computaex.es\/#organization\"},\"potentialAction\":[{\"@type\":\"SearchAction\",\"target\":{\"@type\":\"EntryPoint\",\"urlTemplate\":\"https:\/\/computaex.es\/?s={search_term_string}\"},\"query-input\":{\"@type\":\"PropertyValueSpecification\",\"valueRequired\":true,\"valueName\":\"search_term_string\"}}],\"inLanguage\":\"en-US\"},{\"@type\":\"Organization\",\"@id\":\"https:\/\/computaex.es\/#organization\",\"name\":\"COMPUTAEX\",\"url\":\"https:\/\/computaex.es\/\",\"logo\":{\"@type\":\"ImageObject\",\"inLanguage\":\"en-US\",\"@id\":\"https:\/\/computaex.es\/#\/schema\/logo\/image\/\",\"url\":\"https:\/\/computaex.es\/wp-content\/uploads\/2025\/05\/cropped-COMPUTAEX_transparente-scaled-1.png\",\"contentUrl\":\"https:\/\/computaex.es\/wp-content\/uploads\/2025\/05\/cropped-COMPUTAEX_transparente-scaled-1.png\",\"width\":2560,\"height\":970,\"caption\":\"COMPUTAEX\"},\"image\":{\"@id\":\"https:\/\/computaex.es\/#\/schema\/logo\/image\/\"},\"sameAs\":[\"https:\/\/m.facebook.com\/computaex\/\",\"https:\/\/x.com\/computaex\",\"https:\/\/es.linkedin.com\/company\/cenits\"]}]}<\/script>\n<!-- \/ Yoast SEO plugin. -->","yoast_head_json":{"title":"REF 2025-1 Administradores\/as de Sistemas y Supercomputaci\u00f3n - Fundaci\u00f3n COMPUTAEX","robots":{"index":"index","follow":"follow","max-snippet":"max-snippet:-1","max-image-preview":"max-image-preview:large","max-video-preview":"max-video-preview:-1"},"canonical":"https:\/\/computaex.es\/en\/empleo\/ref-2025-1\/","og_locale":"en_US","og_type":"article","og_title":"REF 2025-1 Administradores\/as de Sistemas y Supercomputaci\u00f3n - Fundaci\u00f3n COMPUTAEX","og_description":"REF 2025-1 Administradores\/as de Sistemas y Supercomputaci\u00f3n La Fundaci\u00f3n\u00a0COMPUTAEX\u00a0oferta dos puestos con contrato laboral indefinido: Administradores\/as de Sistemas y Supercomputaci\u00f3n (Ref. 2025-1). Todos los detalles de la convocatoria pueden ser ...","og_url":"https:\/\/computaex.es\/en\/empleo\/ref-2025-1\/","og_site_name":"Fundaci\u00f3n COMPUTAEX","article_publisher":"https:\/\/m.facebook.com\/computaex\/","article_modified_time":"2025-07-31T10:11:20+00:00","og_image":[{"url":"https:\/\/www.computaex.es\/sites\/cenits.es\/files\/20250317_logos_plazas_tecnicos.png","type":"","width":"","height":""}],"twitter_card":"summary_large_image","twitter_site":"@computaex","twitter_misc":{"Est. reading time":"3 minutes"},"schema":{"@context":"https:\/\/schema.org","@graph":[{"@type":"WebPage","@id":"https:\/\/computaex.es\/empleo\/ref-2025-1\/","url":"https:\/\/computaex.es\/empleo\/ref-2025-1\/","name":"REF 2025-1 Administradores\/as de Sistemas y Supercomputaci\u00f3n - Fundaci\u00f3n COMPUTAEX","isPartOf":{"@id":"https:\/\/computaex.es\/#website"},"primaryImageOfPage":{"@id":"https:\/\/computaex.es\/empleo\/ref-2025-1\/#primaryimage"},"image":{"@id":"https:\/\/computaex.es\/empleo\/ref-2025-1\/#primaryimage"},"thumbnailUrl":"https:\/\/www.computaex.es\/sites\/cenits.es\/files\/20250317_logos_plazas_tecnicos.png","datePublished":"2025-03-17T13:01:20+00:00","dateModified":"2025-07-31T10:11:20+00:00","breadcrumb":{"@id":"https:\/\/computaex.es\/empleo\/ref-2025-1\/#breadcrumb"},"inLanguage":"en-US","potentialAction":[{"@type":"ReadAction","target":["https:\/\/computaex.es\/empleo\/ref-2025-1\/"]}]},{"@type":"ImageObject","inLanguage":"en-US","@id":"https:\/\/computaex.es\/empleo\/ref-2025-1\/#primaryimage","url":"https:\/\/www.computaex.es\/sites\/cenits.es\/files\/20250317_logos_plazas_tecnicos.png","contentUrl":"https:\/\/www.computaex.es\/sites\/cenits.es\/files\/20250317_logos_plazas_tecnicos.png"},{"@type":"BreadcrumbList","@id":"https:\/\/computaex.es\/empleo\/ref-2025-1\/#breadcrumb","itemListElement":[{"@type":"ListItem","position":1,"name":"Portada","item":"https:\/\/computaex.es\/"},{"@type":"ListItem","position":2,"name":"Empleo","item":"https:\/\/computaex.es\/empleo\/"},{"@type":"ListItem","position":3,"name":"REF 2025-1 Administradores\/as de Sistemas y Supercomputaci\u00f3n"}]},{"@type":"WebSite","@id":"https:\/\/computaex.es\/#website","url":"https:\/\/computaex.es\/","name":"COMPUTAEX Foundation","description":"COMPUTAEX","publisher":{"@id":"https:\/\/computaex.es\/#organization"},"potentialAction":[{"@type":"SearchAction","target":{"@type":"EntryPoint","urlTemplate":"https:\/\/computaex.es\/?s={search_term_string}"},"query-input":{"@type":"PropertyValueSpecification","valueRequired":true,"valueName":"search_term_string"}}],"inLanguage":"en-US"},{"@type":"Organization","@id":"https:\/\/computaex.es\/#organization","name":"COMPUTAEX","url":"https:\/\/computaex.es\/","logo":{"@type":"ImageObject","inLanguage":"en-US","@id":"https:\/\/computaex.es\/#\/schema\/logo\/image\/","url":"https:\/\/computaex.es\/wp-content\/uploads\/2025\/05\/cropped-COMPUTAEX_transparente-scaled-1.png","contentUrl":"https:\/\/computaex.es\/wp-content\/uploads\/2025\/05\/cropped-COMPUTAEX_transparente-scaled-1.png","width":2560,"height":970,"caption":"COMPUTAEX"},"image":{"@id":"https:\/\/computaex.es\/#\/schema\/logo\/image\/"},"sameAs":["https:\/\/m.facebook.com\/computaex\/","https:\/\/x.com\/computaex","https:\/\/es.linkedin.com\/company\/cenits"]}]}},"_links":{"self":[{"href":"https:\/\/computaex.es\/en\/wp-json\/wp\/v2\/pages\/8123","targetHints":{"allow":["GET"]}}],"collection":[{"href":"https:\/\/computaex.es\/en\/wp-json\/wp\/v2\/pages"}],"about":[{"href":"https:\/\/computaex.es\/en\/wp-json\/wp\/v2\/types\/page"}],"author":[{"embeddable":true,"href":"https:\/\/computaex.es\/en\/wp-json\/wp\/v2\/users\/1"}],"replies":[{"embeddable":true,"href":"https:\/\/computaex.es\/en\/wp-json\/wp\/v2\/comments?post=8123"}],"version-history":[{"count":17,"href":"https:\/\/computaex.es\/en\/wp-json\/wp\/v2\/pages\/8123\/revisions"}],"predecessor-version":[{"id":9235,"href":"https:\/\/computaex.es\/en\/wp-json\/wp\/v2\/pages\/8123\/revisions\/9235"}],"up":[{"embeddable":true,"href":"https:\/\/computaex.es\/en\/wp-json\/wp\/v2\/pages\/7859"}],"wp:attachment":[{"href":"https:\/\/computaex.es\/en\/wp-json\/wp\/v2\/media?parent=8123"}],"wp:term":[{"taxonomy":"category","embeddable":true,"href":"https:\/\/computaex.es\/en\/wp-json\/wp\/v2\/categories?post=8123"},{"taxonomy":"post_tag","embeddable":true,"href":"https:\/\/computaex.es\/en\/wp-json\/wp\/v2\/tags?post=8123"}],"curies":[{"name":"wp","href":"https:\/\/api.w.org\/{rel}","templated":true}]}}