{"id":9007,"date":"2025-07-29T12:54:04","date_gmt":"2025-07-29T10:54:04","guid":{"rendered":"https:\/\/web.computaex.es\/?page_id=9007"},"modified":"2025-09-22T14:10:49","modified_gmt":"2025-09-22T12:10:49","slug":"ref-2025-4","status":"publish","type":"page","link":"https:\/\/computaex.es\/en\/empleo\/ref-2025-4\/","title":{"rendered":"REF 2025-4 T\u00e9cnico\/a de investigaci\u00f3n en inteligencia artificial y aprendizaje autom\u00e1tico"},"content":{"rendered":"<div data-elementor-type=\"wp-page\" data-elementor-id=\"9007\" class=\"elementor elementor-9007\">\n\t\t\t\t<div class=\"elementor-element elementor-element-7459449 e-flex e-con-boxed wpr-particle-no wpr-jarallax-no wpr-parallax-no wpr-sticky-section-no e-con e-parent\" data-id=\"7459449\" data-element_type=\"container\" data-e-type=\"container\">\n\t\t\t\t\t<div class=\"e-con-inner\">\n\t\t\t\t<div class=\"elementor-element elementor-element-362cb24 elementor-widget elementor-widget-text-editor\" data-id=\"362cb24\" data-element_type=\"widget\" data-e-type=\"widget\" data-widget_type=\"text-editor.default\">\n\t\t\t\t<div class=\"elementor-widget-container\">\n\t\t\t\t\t\t\t\t\t<p><strong>.REF 2025-4 T\u00e9cnico\/a de investigaci\u00f3n en inteligencia artificial y aprendizaje autom\u00e1tico<\/strong><\/p><p>La Fundaci\u00f3n\u00a0COMPUTAEX\u00a0oferta un puesto con contrato laboral indefinido:<\/p><ul><li><strong>T\u00e9cnico\/a de investigaci\u00f3n en inteligencia artificial y aprendizaje autom\u00e1tico (Ref. 2025-4).<\/strong><\/li><\/ul><p>Todos los detalles de la convocatoria pueden ser consultados en las bases.<\/p><p><strong>Solicitudes:<\/strong><br \/>Las solicitudes para participar en el proceso de selecci\u00f3n se formular\u00e1n mediante el modelo oficial (Anexo I) debidamente cumplimentadas y firmadas, y deber\u00e1n ir acompa\u00f1adas de la siguiente documentaci\u00f3n:<\/p><ul><li><a href=\"\/wp-content\/uploads\/2025\/07\/solicitud_ref_2025-4.pdf\" target=\"_blank\" rel=\"noopener\">Anexo I &#8211; Solicitud <img decoding=\"async\" style=\"display: inline-block; vertical-align: middle; margin-left: 4px;\" src=\"\/wp-content\/uploads\/2025\/07\/icono-pdf-e1753341024523.png\" alt=\"\" width=\"16\" height=\"20\" \/><\/a><\/li><li>Copia del Documento Nacional de Identidad o equivalente<\/li><li>Copia del t\u00edtulo oficial exigido o resguardo de solicitud del mismo.<\/li><li>Curr\u00edculum Vitae detallado, junto con la documentaci\u00f3n acreditativa de los m\u00e9ritos alegados.<\/li><li>Informe de vida laboral actualizado.<\/li><li><a href=\"\/wp-content\/uploads\/2025\/07\/informacion_y_tratamiento_de_datos_ref_2025-4.pdf\" target=\"_blank\" rel=\"noopener\">Anexo II &#8211; Tratamiento de datos <img decoding=\"async\" style=\"display: inline-block; vertical-align: middle; margin-left: 4px;\" src=\"\/wp-content\/uploads\/2025\/07\/icono-pdf-e1753341024523.png\" alt=\"\" width=\"16\" height=\"20\" \/><\/a><\/li><\/ul><hr \/><p><strong>Fases del proceso:<\/strong><\/p><ul><li>Plazo presentaci\u00f3n de solicitudes:<strong>\u00a0 07 de agosto de 2025.<\/strong><\/li><li>Listado provisional de personas admitidas y excluidas:<b> alegaciones hasta las 23:59 horas del d\u00eda 14 de agosto de 2025.<\/b><\/li><li>Listado definitivo de personas admitidas y excluidas: <b>18 de agosto de 2025.<\/b><\/li><li>Baremo definitivo y calificaci\u00f3n final del proceso:<b> 25 de agosto de 2025.<\/b><\/li><li>Listado definitivo de m\u00e9ritos valorables: <b>02 de septiembre de 2025.<\/b><\/li><li>Rectificaci\u00f3n listado definitivo de m\u00e9ritos valorables: <b>22 de septiembre de 2025<\/b><\/li><\/ul>\t\t\t\t\t\t\t\t<\/div>\n\t\t\t\t<\/div>\n\t\t\t\t<div class=\"elementor-element elementor-element-b0c376d elementor-widget elementor-widget-image\" data-id=\"b0c376d\" data-element_type=\"widget\" data-e-type=\"widget\" data-widget_type=\"image.default\">\n\t\t\t\t<div class=\"elementor-widget-container\">\n\t\t\t\t\t\t\t\t\t\t\t\t\t\t\t<img fetchpriority=\"high\" decoding=\"async\" width=\"800\" height=\"89\" src=\"https:\/\/computaex.es\/wp-content\/uploads\/2025\/07\/logos_plaza_edih_2025-1024x114.png\" class=\"attachment-large size-large wp-image-9047\" alt=\"\" srcset=\"https:\/\/computaex.es\/wp-content\/uploads\/2025\/07\/logos_plaza_edih_2025-1024x114.png 1024w, https:\/\/computaex.es\/wp-content\/uploads\/2025\/07\/logos_plaza_edih_2025-300x33.png 300w, https:\/\/computaex.es\/wp-content\/uploads\/2025\/07\/logos_plaza_edih_2025-768x86.png 768w, https:\/\/computaex.es\/wp-content\/uploads\/2025\/07\/logos_plaza_edih_2025.png 1317w\" sizes=\"(max-width: 800px) 100vw, 800px\" \/>\t\t\t\t\t\t\t\t\t\t\t\t\t\t\t<\/div>\n\t\t\t\t<\/div>\n\t\t\t\t\t<\/div>\n\t\t\t\t<\/div>\n\t\t<div class=\"elementor-element elementor-element-726abe4 e-flex e-con-boxed wpr-particle-no wpr-jarallax-no wpr-parallax-no wpr-sticky-section-no e-con e-parent\" data-id=\"726abe4\" data-element_type=\"container\" data-e-type=\"container\">\n\t\t\t\t\t<div class=\"e-con-inner\">\n\t\t\t\t<div class=\"elementor-element elementor-element-e699192 elementor-widget elementor-widget-tabla_descargas\" data-id=\"e699192\" data-element_type=\"widget\" data-e-type=\"widget\" data-settings=\"{&quot;boton_anadir_ids&quot;:&quot;9214,9273,9242,9331,10009,10172&quot;,&quot;fechas_personalizadas&quot;:&quot;{\\&quot;9214\\&quot;:\\&quot;2025-07-28\\&quot;,\\&quot;9242\\&quot;:\\&quot;2025-08-08\\&quot;,\\&quot;9273\\&quot;:\\&quot;2025-08-18\\&quot;,\\&quot;9331\\&quot;:\\&quot;2025-08-25\\&quot;}&quot;}\" data-widget_type=\"tabla_descargas.default\">\n\t\t\t\t<div class=\"elementor-widget-container\">\n\t\t\t\t\t<div class=\"tabla-descargas-container\" data-widget-id=\"e699192\"><table class=\"tabla-descargas\"><thead><tr><th class=\"sortable\" data-sort=\"nombre\">Archivo <span class=\"sort-arrow\"><\/span><\/th><th class=\"sortable\" data-sort=\"tamano\">Size <span class=\"sort-arrow\"><\/span><\/th><th class=\"sortable asc\" data-sort=\"fecha\">Date <span class=\"sort-arrow asc\"><\/span><\/th><th style=\"text-align: center;\">Ver<\/th><th>Descargar<\/th><\/tr><\/thead><tr data-nombre=\"Bases de contrataci\u00f3n\" data-tamano=\"629154\" data-fecha=\"2025-07-28\"><td><div class=\"archivo-info\"><div class=\"titulo-archivo\">Bases de contrataci\u00f3n<\/div><div class=\"nombre-archivo\">basescontratacion-ref-2025-4_signed.pdf<\/div><\/div><\/td><td>614 KB<\/td><td>28\/07\/2025<\/td><td style=\"text-align: center;\"><a href=\"https:\/\/computaex.es\/wp-content\/uploads\/2025\/07\/basescontratacion-ref-2025-4_signed.pdf\" class=\"boton-ver\" target=\"_blank\" rel=\"noopener noreferrer\" title=\"Ver documento\">\ud83d\udc41<\/a><\/td><td><a href=\"https:\/\/computaex.es\/wp-content\/uploads\/2025\/07\/basescontratacion-ref-2025-4_signed.pdf\" class=\"boton-descarga\" download=\"basescontratacion-ref-2025-4_signed.pdf\">\u2193 Descargar<\/a><\/td><\/tr><tr data-nombre=\"Listado provisional de personas admitidas y excluidas\" data-tamano=\"281354\" data-fecha=\"2025-08-08\"><td><div class=\"archivo-info\"><div class=\"titulo-archivo\">Listado provisional de personas admitidas y excluidas<\/div><div class=\"nombre-archivo\">listado_provisional_de_personas_admitidas_y_excluidas-ref-2025-4.pdf<\/div><\/div><\/td><td>275 KB<\/td><td>08\/08\/2025<\/td><td style=\"text-align: center;\"><a href=\"https:\/\/computaex.es\/wp-content\/uploads\/2025\/08\/listado_provisional_de_personas_admitidas_y_excluidas-ref-2025-4.pdf\" class=\"boton-ver\" target=\"_blank\" rel=\"noopener noreferrer\" title=\"Ver documento\">\ud83d\udc41<\/a><\/td><td><a href=\"https:\/\/computaex.es\/wp-content\/uploads\/2025\/08\/listado_provisional_de_personas_admitidas_y_excluidas-ref-2025-4.pdf\" class=\"boton-descarga\" download=\"listado_provisional_de_personas_admitidas_y_excluidas-ref-2025-4.pdf\">\u2193 Descargar<\/a><\/td><\/tr><tr data-nombre=\"Listado definitivo de personas admitidas y excluidas\" data-tamano=\"627027\" data-fecha=\"2025-08-18\"><td><div class=\"archivo-info\"><div class=\"titulo-archivo\">Listado definitivo de personas admitidas y excluidas<\/div><div class=\"nombre-archivo\">listado_definitivo_de_personas_admitidas_y_excluidas-ref-2025-4_signed.pdf<\/div><\/div><\/td><td>612 KB<\/td><td>18\/08\/2025<\/td><td style=\"text-align: center;\"><a href=\"https:\/\/computaex.es\/wp-content\/uploads\/2025\/08\/listado_definitivo_de_personas_admitidas_y_excluidas-ref-2025-4_signed.pdf\" class=\"boton-ver\" target=\"_blank\" rel=\"noopener noreferrer\" title=\"Ver documento\">\ud83d\udc41<\/a><\/td><td><a href=\"https:\/\/computaex.es\/wp-content\/uploads\/2025\/08\/listado_definitivo_de_personas_admitidas_y_excluidas-ref-2025-4_signed.pdf\" class=\"boton-descarga\" download=\"listado_definitivo_de_personas_admitidas_y_excluidas-ref-2025-4_signed.pdf\">\u2193 Descargar<\/a><\/td><\/tr><tr data-nombre=\"Baremo definitivo y calificaci\u00f3n final\" data-tamano=\"226946\" data-fecha=\"2025-08-25\"><td><div class=\"archivo-info\"><div class=\"titulo-archivo\">Baremo definitivo y calificaci\u00f3n final<\/div><div class=\"nombre-archivo\">baaremo_definitivo-ref-2025-4_signed.pdf<\/div><\/div><\/td><td>222 KB<\/td><td>25\/08\/2025<\/td><td style=\"text-align: center;\"><a href=\"https:\/\/computaex.es\/wp-content\/uploads\/2025\/08\/baaremo_definitivo-ref-2025-4_signed.pdf\" class=\"boton-ver\" target=\"_blank\" rel=\"noopener noreferrer\" title=\"Ver documento\">\ud83d\udc41<\/a><\/td><td><a href=\"https:\/\/computaex.es\/wp-content\/uploads\/2025\/08\/baaremo_definitivo-ref-2025-4_signed.pdf\" class=\"boton-descarga\" download=\"baaremo_definitivo-ref-2025-4_signed.pdf\">\u2193 Descargar<\/a><\/td><\/tr><tr data-nombre=\"Listado definitivo de me\u0301ritos\" data-tamano=\"607772\" data-fecha=\"2025-09-02\"><td><div class=\"archivo-info\"><div class=\"titulo-archivo\">Listado definitivo de me\u0301ritos<\/div><div class=\"nombre-archivo\">Listado-definitivo-de-meritos-Ref-2025-4_signed.pdf<\/div><\/div><\/td><td>594 KB<\/td><td>02\/09\/2025<\/td><td style=\"text-align: center;\"><a href=\"https:\/\/computaex.es\/wp-content\/uploads\/2025\/09\/Listado-definitivo-de-meritos-Ref-2025-4_signed.pdf\" class=\"boton-ver\" target=\"_blank\" rel=\"noopener noreferrer\" title=\"Ver documento\">\ud83d\udc41<\/a><\/td><td><a href=\"https:\/\/computaex.es\/wp-content\/uploads\/2025\/09\/Listado-definitivo-de-meritos-Ref-2025-4_signed.pdf\" class=\"boton-descarga\" download=\"Listado-definitivo-de-meritos-Ref-2025-4_signed.pdf\">\u2193 Descargar<\/a><\/td><\/tr><tr data-nombre=\"Rectificacio\u0301n Listado definitivo de me\u0301ritos-Ref-2025-4\" data-tamano=\"225809\" data-fecha=\"2025-09-22\"><td><div class=\"archivo-info\"><div class=\"titulo-archivo\">Rectificacio\u0301n Listado definitivo de me\u0301ritos-Ref-2025-4<\/div><div class=\"nombre-archivo\">Rectificacion-Listado-definitivo-de-meritos-Ref-2025-4.pdf<\/div><\/div><\/td><td>221 KB<\/td><td>22\/09\/2025<\/td><td style=\"text-align: center;\"><a href=\"https:\/\/computaex.es\/wp-content\/uploads\/2025\/09\/Rectificacion-Listado-definitivo-de-meritos-Ref-2025-4.pdf\" class=\"boton-ver\" target=\"_blank\" rel=\"noopener noreferrer\" title=\"Ver documento\">\ud83d\udc41<\/a><\/td><td><a href=\"https:\/\/computaex.es\/wp-content\/uploads\/2025\/09\/Rectificacion-Listado-definitivo-de-meritos-Ref-2025-4.pdf\" class=\"boton-descarga\" download=\"Rectificacion-Listado-definitivo-de-meritos-Ref-2025-4.pdf\">\u2193 Descargar<\/a><\/td><\/tr><\/tbody><\/table><\/div>\t\t\t\t<\/div>\n\t\t\t\t<\/div>\n\t\t\t\t\t<\/div>\n\t\t\t\t<\/div>\n\t\t\t\t<\/div>","protected":false},"excerpt":{"rendered":"<p>.REF 2025-4 T\u00e9cnico\/a de investigaci\u00f3n en inteligencia artificial y aprendizaje autom\u00e1tico La Fundaci\u00f3n\u00a0COMPUTAEX\u00a0oferta un puesto con contrato laboral indefinido: T\u00e9cnico\/a de investigaci\u00f3n en inteligencia artificial y aprendizaje autom\u00e1tico (Ref. 2025-4). &#8230;<\/p>","protected":false},"author":1,"featured_media":0,"parent":7859,"menu_order":0,"comment_status":"closed","ping_status":"closed","template":"","meta":{"footnotes":""},"categories":[108,105],"tags":[],"class_list":["post-9007","page","type-page","status-publish","hentry","category-108","category-empleo"],"yoast_head":"<!-- This site is optimized with the Yoast SEO plugin v27.1.1 - https:\/\/yoast.com\/product\/yoast-seo-wordpress\/ -->\n<title>REF 2025-4 T\u00e9cnico\/a de investigaci\u00f3n en inteligencia artificial y aprendizaje autom\u00e1tico - Fundaci\u00f3n COMPUTAEX<\/title>\n<meta name=\"robots\" content=\"index, follow, max-snippet:-1, max-image-preview:large, max-video-preview:-1\" \/>\n<link rel=\"canonical\" href=\"https:\/\/computaex.es\/en\/empleo\/ref-2025-4\/\" \/>\n<meta property=\"og:locale\" content=\"en_US\" \/>\n<meta property=\"og:type\" content=\"article\" \/>\n<meta property=\"og:title\" content=\"REF 2025-4 T\u00e9cnico\/a de investigaci\u00f3n en inteligencia artificial y aprendizaje autom\u00e1tico - Fundaci\u00f3n COMPUTAEX\" \/>\n<meta property=\"og:description\" content=\".REF 2025-4 T\u00e9cnico\/a de investigaci\u00f3n en inteligencia artificial y aprendizaje autom\u00e1tico La Fundaci\u00f3n\u00a0COMPUTAEX\u00a0oferta un puesto con contrato laboral indefinido: T\u00e9cnico\/a de investigaci\u00f3n en inteligencia artificial y aprendizaje autom\u00e1tico (Ref. 2025-4). ...\" \/>\n<meta property=\"og:url\" content=\"https:\/\/computaex.es\/en\/empleo\/ref-2025-4\/\" \/>\n<meta property=\"og:site_name\" content=\"Fundaci\u00f3n COMPUTAEX\" \/>\n<meta property=\"article:publisher\" content=\"https:\/\/m.facebook.com\/computaex\/\" \/>\n<meta property=\"article:modified_time\" content=\"2025-09-22T12:10:49+00:00\" \/>\n<meta property=\"og:image\" content=\"https:\/\/computaex.es\/wp-content\/uploads\/2025\/07\/logos_plaza_edih_2025-1024x114.png\" \/>\n<meta name=\"twitter:card\" content=\"summary_large_image\" \/>\n<meta name=\"twitter:site\" content=\"@computaex\" \/>\n<meta name=\"twitter:label1\" content=\"Est. reading time\" \/>\n\t<meta name=\"twitter:data1\" content=\"2 minutes\" \/>\n<script type=\"application\/ld+json\" class=\"yoast-schema-graph\">{\"@context\":\"https:\/\/schema.org\",\"@graph\":[{\"@type\":\"WebPage\",\"@id\":\"https:\/\/computaex.es\/empleo\/ref-2025-4\/\",\"url\":\"https:\/\/computaex.es\/empleo\/ref-2025-4\/\",\"name\":\"REF 2025-4 T\u00e9cnico\/a de investigaci\u00f3n en inteligencia artificial y aprendizaje autom\u00e1tico - Fundaci\u00f3n COMPUTAEX\",\"isPartOf\":{\"@id\":\"https:\/\/computaex.es\/#website\"},\"primaryImageOfPage\":{\"@id\":\"https:\/\/computaex.es\/empleo\/ref-2025-4\/#primaryimage\"},\"image\":{\"@id\":\"https:\/\/computaex.es\/empleo\/ref-2025-4\/#primaryimage\"},\"thumbnailUrl\":\"https:\/\/computaex.es\/wp-content\/uploads\/2025\/07\/logos_plaza_edih_2025-1024x114.png\",\"datePublished\":\"2025-07-29T10:54:04+00:00\",\"dateModified\":\"2025-09-22T12:10:49+00:00\",\"breadcrumb\":{\"@id\":\"https:\/\/computaex.es\/empleo\/ref-2025-4\/#breadcrumb\"},\"inLanguage\":\"en-US\",\"potentialAction\":[{\"@type\":\"ReadAction\",\"target\":[\"https:\/\/computaex.es\/empleo\/ref-2025-4\/\"]}]},{\"@type\":\"ImageObject\",\"inLanguage\":\"en-US\",\"@id\":\"https:\/\/computaex.es\/empleo\/ref-2025-4\/#primaryimage\",\"url\":\"https:\/\/computaex.es\/wp-content\/uploads\/2025\/07\/logos_plaza_edih_2025-1024x114.png\",\"contentUrl\":\"https:\/\/computaex.es\/wp-content\/uploads\/2025\/07\/logos_plaza_edih_2025-1024x114.png\"},{\"@type\":\"BreadcrumbList\",\"@id\":\"https:\/\/computaex.es\/empleo\/ref-2025-4\/#breadcrumb\",\"itemListElement\":[{\"@type\":\"ListItem\",\"position\":1,\"name\":\"Portada\",\"item\":\"https:\/\/computaex.es\/\"},{\"@type\":\"ListItem\",\"position\":2,\"name\":\"Empleo\",\"item\":\"https:\/\/computaex.es\/empleo\/\"},{\"@type\":\"ListItem\",\"position\":3,\"name\":\"REF 2025-4 T\u00e9cnico\/a de investigaci\u00f3n en inteligencia artificial y aprendizaje autom\u00e1tico\"}]},{\"@type\":\"WebSite\",\"@id\":\"https:\/\/computaex.es\/#website\",\"url\":\"https:\/\/computaex.es\/\",\"name\":\"Fundaci\u00f3n COMPUTAEX\",\"description\":\"COMPUTAEX\",\"publisher\":{\"@id\":\"https:\/\/computaex.es\/#organization\"},\"potentialAction\":[{\"@type\":\"SearchAction\",\"target\":{\"@type\":\"EntryPoint\",\"urlTemplate\":\"https:\/\/computaex.es\/?s={search_term_string}\"},\"query-input\":{\"@type\":\"PropertyValueSpecification\",\"valueRequired\":true,\"valueName\":\"search_term_string\"}}],\"inLanguage\":\"en-US\"},{\"@type\":\"Organization\",\"@id\":\"https:\/\/computaex.es\/#organization\",\"name\":\"COMPUTAEX\",\"url\":\"https:\/\/computaex.es\/\",\"logo\":{\"@type\":\"ImageObject\",\"inLanguage\":\"en-US\",\"@id\":\"https:\/\/computaex.es\/#\/schema\/logo\/image\/\",\"url\":\"https:\/\/computaex.es\/wp-content\/uploads\/2025\/05\/cropped-COMPUTAEX_transparente-scaled-1.png\",\"contentUrl\":\"https:\/\/computaex.es\/wp-content\/uploads\/2025\/05\/cropped-COMPUTAEX_transparente-scaled-1.png\",\"width\":2560,\"height\":970,\"caption\":\"COMPUTAEX\"},\"image\":{\"@id\":\"https:\/\/computaex.es\/#\/schema\/logo\/image\/\"},\"sameAs\":[\"https:\/\/m.facebook.com\/computaex\/\",\"https:\/\/x.com\/computaex\",\"https:\/\/es.linkedin.com\/company\/cenits\"]}]}<\/script>\n<!-- \/ Yoast SEO plugin. -->","yoast_head_json":{"title":"REF 2025-4 T\u00e9cnico\/a de investigaci\u00f3n en inteligencia artificial y aprendizaje autom\u00e1tico - Fundaci\u00f3n COMPUTAEX","robots":{"index":"index","follow":"follow","max-snippet":"max-snippet:-1","max-image-preview":"max-image-preview:large","max-video-preview":"max-video-preview:-1"},"canonical":"https:\/\/computaex.es\/en\/empleo\/ref-2025-4\/","og_locale":"en_US","og_type":"article","og_title":"REF 2025-4 T\u00e9cnico\/a de investigaci\u00f3n en inteligencia artificial y aprendizaje autom\u00e1tico - Fundaci\u00f3n COMPUTAEX","og_description":".REF 2025-4 T\u00e9cnico\/a de investigaci\u00f3n en inteligencia artificial y aprendizaje autom\u00e1tico La Fundaci\u00f3n\u00a0COMPUTAEX\u00a0oferta un puesto con contrato laboral indefinido: T\u00e9cnico\/a de investigaci\u00f3n en inteligencia artificial y aprendizaje autom\u00e1tico (Ref. 2025-4). ...","og_url":"https:\/\/computaex.es\/en\/empleo\/ref-2025-4\/","og_site_name":"Fundaci\u00f3n COMPUTAEX","article_publisher":"https:\/\/m.facebook.com\/computaex\/","article_modified_time":"2025-09-22T12:10:49+00:00","og_image":[{"url":"https:\/\/computaex.es\/wp-content\/uploads\/2025\/07\/logos_plaza_edih_2025-1024x114.png","type":"","width":"","height":""}],"twitter_card":"summary_large_image","twitter_site":"@computaex","twitter_misc":{"Est. reading time":"2 minutes"},"schema":{"@context":"https:\/\/schema.org","@graph":[{"@type":"WebPage","@id":"https:\/\/computaex.es\/empleo\/ref-2025-4\/","url":"https:\/\/computaex.es\/empleo\/ref-2025-4\/","name":"REF 2025-4 T\u00e9cnico\/a de investigaci\u00f3n en inteligencia artificial y aprendizaje autom\u00e1tico - Fundaci\u00f3n COMPUTAEX","isPartOf":{"@id":"https:\/\/computaex.es\/#website"},"primaryImageOfPage":{"@id":"https:\/\/computaex.es\/empleo\/ref-2025-4\/#primaryimage"},"image":{"@id":"https:\/\/computaex.es\/empleo\/ref-2025-4\/#primaryimage"},"thumbnailUrl":"https:\/\/computaex.es\/wp-content\/uploads\/2025\/07\/logos_plaza_edih_2025-1024x114.png","datePublished":"2025-07-29T10:54:04+00:00","dateModified":"2025-09-22T12:10:49+00:00","breadcrumb":{"@id":"https:\/\/computaex.es\/empleo\/ref-2025-4\/#breadcrumb"},"inLanguage":"en-US","potentialAction":[{"@type":"ReadAction","target":["https:\/\/computaex.es\/empleo\/ref-2025-4\/"]}]},{"@type":"ImageObject","inLanguage":"en-US","@id":"https:\/\/computaex.es\/empleo\/ref-2025-4\/#primaryimage","url":"https:\/\/computaex.es\/wp-content\/uploads\/2025\/07\/logos_plaza_edih_2025-1024x114.png","contentUrl":"https:\/\/computaex.es\/wp-content\/uploads\/2025\/07\/logos_plaza_edih_2025-1024x114.png"},{"@type":"BreadcrumbList","@id":"https:\/\/computaex.es\/empleo\/ref-2025-4\/#breadcrumb","itemListElement":[{"@type":"ListItem","position":1,"name":"Portada","item":"https:\/\/computaex.es\/"},{"@type":"ListItem","position":2,"name":"Empleo","item":"https:\/\/computaex.es\/empleo\/"},{"@type":"ListItem","position":3,"name":"REF 2025-4 T\u00e9cnico\/a de investigaci\u00f3n en inteligencia artificial y aprendizaje autom\u00e1tico"}]},{"@type":"WebSite","@id":"https:\/\/computaex.es\/#website","url":"https:\/\/computaex.es\/","name":"COMPUTAEX Foundation","description":"COMPUTAEX","publisher":{"@id":"https:\/\/computaex.es\/#organization"},"potentialAction":[{"@type":"SearchAction","target":{"@type":"EntryPoint","urlTemplate":"https:\/\/computaex.es\/?s={search_term_string}"},"query-input":{"@type":"PropertyValueSpecification","valueRequired":true,"valueName":"search_term_string"}}],"inLanguage":"en-US"},{"@type":"Organization","@id":"https:\/\/computaex.es\/#organization","name":"COMPUTAEX","url":"https:\/\/computaex.es\/","logo":{"@type":"ImageObject","inLanguage":"en-US","@id":"https:\/\/computaex.es\/#\/schema\/logo\/image\/","url":"https:\/\/computaex.es\/wp-content\/uploads\/2025\/05\/cropped-COMPUTAEX_transparente-scaled-1.png","contentUrl":"https:\/\/computaex.es\/wp-content\/uploads\/2025\/05\/cropped-COMPUTAEX_transparente-scaled-1.png","width":2560,"height":970,"caption":"COMPUTAEX"},"image":{"@id":"https:\/\/computaex.es\/#\/schema\/logo\/image\/"},"sameAs":["https:\/\/m.facebook.com\/computaex\/","https:\/\/x.com\/computaex","https:\/\/es.linkedin.com\/company\/cenits"]}]}},"_links":{"self":[{"href":"https:\/\/computaex.es\/en\/wp-json\/wp\/v2\/pages\/9007","targetHints":{"allow":["GET"]}}],"collection":[{"href":"https:\/\/computaex.es\/en\/wp-json\/wp\/v2\/pages"}],"about":[{"href":"https:\/\/computaex.es\/en\/wp-json\/wp\/v2\/types\/page"}],"author":[{"embeddable":true,"href":"https:\/\/computaex.es\/en\/wp-json\/wp\/v2\/users\/1"}],"replies":[{"embeddable":true,"href":"https:\/\/computaex.es\/en\/wp-json\/wp\/v2\/comments?post=9007"}],"version-history":[{"count":49,"href":"https:\/\/computaex.es\/en\/wp-json\/wp\/v2\/pages\/9007\/revisions"}],"predecessor-version":[{"id":10175,"href":"https:\/\/computaex.es\/en\/wp-json\/wp\/v2\/pages\/9007\/revisions\/10175"}],"up":[{"embeddable":true,"href":"https:\/\/computaex.es\/en\/wp-json\/wp\/v2\/pages\/7859"}],"wp:attachment":[{"href":"https:\/\/computaex.es\/en\/wp-json\/wp\/v2\/media?parent=9007"}],"wp:term":[{"taxonomy":"category","embeddable":true,"href":"https:\/\/computaex.es\/en\/wp-json\/wp\/v2\/categories?post=9007"},{"taxonomy":"post_tag","embeddable":true,"href":"https:\/\/computaex.es\/en\/wp-json\/wp\/v2\/tags?post=9007"}],"curies":[{"name":"wp","href":"https:\/\/api.w.org\/{rel}","templated":true}]}}