{"id":9009,"date":"2025-07-29T11:03:42","date_gmt":"2025-07-29T09:03:42","guid":{"rendered":"https:\/\/web.computaex.es\/?page_id=9009"},"modified":"2025-08-28T09:26:48","modified_gmt":"2025-08-28T07:26:48","slug":"codigo-etico-y-cumplimiento","status":"publish","type":"page","link":"https:\/\/computaex.es\/en\/codigo-etico-y-cumplimiento\/","title":{"rendered":"Code of Ethics and Compliance"},"content":{"rendered":"\t\t<div data-elementor-type=\"wp-page\" data-elementor-id=\"9009\" class=\"elementor elementor-9009\">\n\t\t\t\t<div class=\"elementor-element elementor-element-f598176 e-flex e-con-boxed wpr-particle-no wpr-jarallax-no wpr-parallax-no wpr-sticky-section-no e-con e-parent\" data-id=\"f598176\" data-element_type=\"container\" data-e-type=\"container\">\n\t\t\t\t\t<div class=\"e-con-inner\">\n\t\t\t\t<div class=\"elementor-element elementor-element-dcc37d2 elementor-widget elementor-widget-text-editor\" data-id=\"dcc37d2\" data-element_type=\"widget\" data-e-type=\"widget\" data-widget_type=\"text-editor.default\">\n\t\t\t\t<div class=\"elementor-widget-container\">\n\t\t\t\t\t\t\t\t\t<p>En COMPUTAEX estamos comprometidos con los m\u00e1s altos est\u00e1ndares de \u00e9tica, integridad y responsabilidad institucional.<br data-start=\"414\" data-end=\"417\" \/>Guiamos nuestras actuaciones por principios como:<\/p><ul><li>Transparencia<\/li><li>Legalidad<\/li><li>Profesionalidad<\/li><li>Objetividad<\/li><li>Tolerancia cero frente al fraude y la corrupci\u00f3n<\/li><\/ul><div>Como parte de nuestro compromiso con la buena gobernanza, y conforme a los requisitos del <strong data-start=\"680\" data-end=\"741\">Plan de Recuperaci\u00f3n, Transformaci\u00f3n y Resiliencia (PRTR)<\/strong>, as\u00ed como con la <strong data-start=\"759\" data-end=\"801\">Ley 2\/2023 de protecci\u00f3n al informante<\/strong>, hemos desarrollado un conjunto de pol\u00edticas y herramientas para fortalecer la cultura de integridad en nuestra organizaci\u00f3n.<\/div>\t\t\t\t\t\t\t\t<\/div>\n\t\t\t\t<\/div>\n\t\t\t\t\t<\/div>\n\t\t\t\t<\/div>\n\t\t<div class=\"elementor-element elementor-element-33566db e-flex e-con-boxed wpr-particle-no wpr-jarallax-no wpr-parallax-no wpr-sticky-section-no e-con e-parent\" data-id=\"33566db\" data-element_type=\"container\" data-e-type=\"container\">\n\t\t\t\t\t<div class=\"e-con-inner\">\n\t\t\t\t<div class=\"elementor-element elementor-element-c6ef527 elementor-widget elementor-widget-heading\" data-id=\"c6ef527\" data-element_type=\"widget\" data-e-type=\"widget\" data-widget_type=\"heading.default\">\n\t\t\t\t<div class=\"elementor-widget-container\">\n\t\t\t\t\t<h2 class=\"elementor-heading-title elementor-size-default\">Documentos clave de cumplimiento<\/h2>\t\t\t\t<\/div>\n\t\t\t\t<\/div>\n\t\t\t\t<div class=\"elementor-element elementor-element-3ba77d4 elementor-widget elementor-widget-text-editor\" data-id=\"3ba77d4\" data-element_type=\"widget\" data-e-type=\"widget\" data-widget_type=\"text-editor.default\">\n\t\t\t\t<div class=\"elementor-widget-container\">\n\t\t\t\t\t\t\t\t\t<p>A continuaci\u00f3n, puedes consultar y descargar nuestros documentos principales en materia de \u00e9tica institucional:<\/p><ul><li style=\"text-align: justify;\"><a href=\"https:\/\/computaex.sharepoint.com\/:b:\/s\/FundacionCOMPUTAEX\/ERP75K4PqflPk26u-Ar_l40Bd22lvdWbAzhcbiPU9TI2GA?e=8VG3kA\" target=\"_blank\" rel=\"noopener\">[Descargar C\u00f3digo \u00c9tico y de Conducta (PDF \u2013 actualizado julio 2025)]<\/a><br \/>Define los valores, principios y pautas de actuaci\u00f3n que deben guiar a todas las personas vinculadas a Computaex, tanto interna como externamente.<\/li><li style=\"text-align: justify;\"><a href=\"https:\/\/computaex.sharepoint.com\/:b:\/s\/FundacionCOMPUTAEX\/EcfgidGsxdhMk2Quzj-dqaoBx_OwsIT-IE15xdJNFSH5Qw?e=Ecb9Gn\" target=\"_blank\" rel=\"noopener\">[Descargar Plan de Medidas Antifraude PRTR]<\/a><br \/>Describe los mecanismos preventivos, de detecci\u00f3n y correcci\u00f3n ante posibles riesgos de fraude, corrupci\u00f3n o conflicto de intereses en el marco del PRTR.<\/li><\/ul>\t\t\t\t\t\t\t\t<\/div>\n\t\t\t\t<\/div>\n\t\t\t\t\t<\/div>\n\t\t\t\t<\/div>\n\t\t\t\t<\/div>\n\t\t","protected":false},"excerpt":{"rendered":"<p>En COMPUTAEX estamos comprometidos con los m\u00e1s altos est\u00e1ndares de \u00e9tica, integridad y responsabilidad institucional.Guiamos nuestras actuaciones por principios como: Transparencia Legalidad Profesionalidad Objetividad Tolerancia cero frente al fraude y &#8230;<\/p>","protected":false},"author":1,"featured_media":0,"parent":0,"menu_order":0,"comment_status":"closed","ping_status":"closed","template":"","meta":{"footnotes":""},"categories":[],"tags":[],"class_list":["post-9009","page","type-page","status-publish","hentry"],"yoast_head":"<!-- This site is optimized with the Yoast SEO plugin v27.1.1 - https:\/\/yoast.com\/product\/yoast-seo-wordpress\/ -->\n<title>C\u00f3digo \u00c9tico y Cumplimiento - Fundaci\u00f3n COMPUTAEX<\/title>\n<meta name=\"robots\" content=\"index, follow, max-snippet:-1, max-image-preview:large, max-video-preview:-1\" \/>\n<link rel=\"canonical\" href=\"https:\/\/computaex.es\/en\/codigo-etico-y-cumplimiento\/\" \/>\n<meta property=\"og:locale\" content=\"en_US\" \/>\n<meta property=\"og:type\" content=\"article\" \/>\n<meta property=\"og:title\" content=\"C\u00f3digo \u00c9tico y Cumplimiento - Fundaci\u00f3n COMPUTAEX\" \/>\n<meta property=\"og:description\" content=\"En COMPUTAEX estamos comprometidos con los m\u00e1s altos est\u00e1ndares de \u00e9tica, integridad y responsabilidad institucional.Guiamos nuestras actuaciones por principios como: Transparencia Legalidad Profesionalidad Objetividad Tolerancia cero frente al fraude y ...\" \/>\n<meta property=\"og:url\" content=\"https:\/\/computaex.es\/en\/codigo-etico-y-cumplimiento\/\" \/>\n<meta property=\"og:site_name\" content=\"Fundaci\u00f3n COMPUTAEX\" \/>\n<meta property=\"article:publisher\" content=\"https:\/\/m.facebook.com\/computaex\/\" \/>\n<meta property=\"article:modified_time\" content=\"2025-08-28T07:26:48+00:00\" \/>\n<meta property=\"og:image\" content=\"https:\/\/computaex.es\/wp-content\/uploads\/2025\/08\/COMPUTAEX.jpg\" \/>\n\t<meta property=\"og:image:width\" content=\"1024\" \/>\n\t<meta property=\"og:image:height\" content=\"403\" \/>\n\t<meta property=\"og:image:type\" content=\"image\/jpeg\" \/>\n<meta name=\"twitter:card\" content=\"summary_large_image\" \/>\n<meta name=\"twitter:site\" content=\"@computaex\" \/>\n<meta name=\"twitter:label1\" content=\"Est. reading time\" \/>\n\t<meta name=\"twitter:data1\" content=\"1 minute\" \/>\n<script type=\"application\/ld+json\" class=\"yoast-schema-graph\">{\"@context\":\"https:\/\/schema.org\",\"@graph\":[{\"@type\":\"WebPage\",\"@id\":\"https:\/\/computaex.es\/codigo-etico-y-cumplimiento\/\",\"url\":\"https:\/\/computaex.es\/codigo-etico-y-cumplimiento\/\",\"name\":\"C\u00f3digo \u00c9tico y Cumplimiento - Fundaci\u00f3n COMPUTAEX\",\"isPartOf\":{\"@id\":\"https:\/\/computaex.es\/#website\"},\"datePublished\":\"2025-07-29T09:03:42+00:00\",\"dateModified\":\"2025-08-28T07:26:48+00:00\",\"breadcrumb\":{\"@id\":\"https:\/\/computaex.es\/codigo-etico-y-cumplimiento\/#breadcrumb\"},\"inLanguage\":\"en-US\",\"potentialAction\":[{\"@type\":\"ReadAction\",\"target\":[\"https:\/\/computaex.es\/codigo-etico-y-cumplimiento\/\"]}]},{\"@type\":\"BreadcrumbList\",\"@id\":\"https:\/\/computaex.es\/codigo-etico-y-cumplimiento\/#breadcrumb\",\"itemListElement\":[{\"@type\":\"ListItem\",\"position\":1,\"name\":\"Portada\",\"item\":\"https:\/\/computaex.es\/\"},{\"@type\":\"ListItem\",\"position\":2,\"name\":\"C\u00f3digo \u00c9tico y Cumplimiento\"}]},{\"@type\":\"WebSite\",\"@id\":\"https:\/\/computaex.es\/#website\",\"url\":\"https:\/\/computaex.es\/\",\"name\":\"Fundaci\u00f3n COMPUTAEX\",\"description\":\"COMPUTAEX\",\"publisher\":{\"@id\":\"https:\/\/computaex.es\/#organization\"},\"potentialAction\":[{\"@type\":\"SearchAction\",\"target\":{\"@type\":\"EntryPoint\",\"urlTemplate\":\"https:\/\/computaex.es\/?s={search_term_string}\"},\"query-input\":{\"@type\":\"PropertyValueSpecification\",\"valueRequired\":true,\"valueName\":\"search_term_string\"}}],\"inLanguage\":\"en-US\"},{\"@type\":\"Organization\",\"@id\":\"https:\/\/computaex.es\/#organization\",\"name\":\"COMPUTAEX\",\"url\":\"https:\/\/computaex.es\/\",\"logo\":{\"@type\":\"ImageObject\",\"inLanguage\":\"en-US\",\"@id\":\"https:\/\/computaex.es\/#\/schema\/logo\/image\/\",\"url\":\"https:\/\/computaex.es\/wp-content\/uploads\/2025\/05\/cropped-COMPUTAEX_transparente-scaled-1.png\",\"contentUrl\":\"https:\/\/computaex.es\/wp-content\/uploads\/2025\/05\/cropped-COMPUTAEX_transparente-scaled-1.png\",\"width\":2560,\"height\":970,\"caption\":\"COMPUTAEX\"},\"image\":{\"@id\":\"https:\/\/computaex.es\/#\/schema\/logo\/image\/\"},\"sameAs\":[\"https:\/\/m.facebook.com\/computaex\/\",\"https:\/\/x.com\/computaex\",\"https:\/\/es.linkedin.com\/company\/cenits\"]}]}<\/script>\n<!-- \/ Yoast SEO plugin. -->","yoast_head_json":{"title":"C\u00f3digo \u00c9tico y Cumplimiento - Fundaci\u00f3n COMPUTAEX","robots":{"index":"index","follow":"follow","max-snippet":"max-snippet:-1","max-image-preview":"max-image-preview:large","max-video-preview":"max-video-preview:-1"},"canonical":"https:\/\/computaex.es\/en\/codigo-etico-y-cumplimiento\/","og_locale":"en_US","og_type":"article","og_title":"C\u00f3digo \u00c9tico y Cumplimiento - Fundaci\u00f3n COMPUTAEX","og_description":"En COMPUTAEX estamos comprometidos con los m\u00e1s altos est\u00e1ndares de \u00e9tica, integridad y responsabilidad institucional.Guiamos nuestras actuaciones por principios como: Transparencia Legalidad Profesionalidad Objetividad Tolerancia cero frente al fraude y ...","og_url":"https:\/\/computaex.es\/en\/codigo-etico-y-cumplimiento\/","og_site_name":"Fundaci\u00f3n COMPUTAEX","article_publisher":"https:\/\/m.facebook.com\/computaex\/","article_modified_time":"2025-08-28T07:26:48+00:00","og_image":[{"width":1024,"height":403,"url":"https:\/\/computaex.es\/wp-content\/uploads\/2025\/08\/COMPUTAEX.jpg","type":"image\/jpeg"}],"twitter_card":"summary_large_image","twitter_site":"@computaex","twitter_misc":{"Est. reading time":"1 minute"},"schema":{"@context":"https:\/\/schema.org","@graph":[{"@type":"WebPage","@id":"https:\/\/computaex.es\/codigo-etico-y-cumplimiento\/","url":"https:\/\/computaex.es\/codigo-etico-y-cumplimiento\/","name":"C\u00f3digo \u00c9tico y Cumplimiento - Fundaci\u00f3n COMPUTAEX","isPartOf":{"@id":"https:\/\/computaex.es\/#website"},"datePublished":"2025-07-29T09:03:42+00:00","dateModified":"2025-08-28T07:26:48+00:00","breadcrumb":{"@id":"https:\/\/computaex.es\/codigo-etico-y-cumplimiento\/#breadcrumb"},"inLanguage":"en-US","potentialAction":[{"@type":"ReadAction","target":["https:\/\/computaex.es\/codigo-etico-y-cumplimiento\/"]}]},{"@type":"BreadcrumbList","@id":"https:\/\/computaex.es\/codigo-etico-y-cumplimiento\/#breadcrumb","itemListElement":[{"@type":"ListItem","position":1,"name":"Portada","item":"https:\/\/computaex.es\/"},{"@type":"ListItem","position":2,"name":"C\u00f3digo \u00c9tico y Cumplimiento"}]},{"@type":"WebSite","@id":"https:\/\/computaex.es\/#website","url":"https:\/\/computaex.es\/","name":"COMPUTAEX Foundation","description":"COMPUTAEX","publisher":{"@id":"https:\/\/computaex.es\/#organization"},"potentialAction":[{"@type":"SearchAction","target":{"@type":"EntryPoint","urlTemplate":"https:\/\/computaex.es\/?s={search_term_string}"},"query-input":{"@type":"PropertyValueSpecification","valueRequired":true,"valueName":"search_term_string"}}],"inLanguage":"en-US"},{"@type":"Organization","@id":"https:\/\/computaex.es\/#organization","name":"COMPUTAEX","url":"https:\/\/computaex.es\/","logo":{"@type":"ImageObject","inLanguage":"en-US","@id":"https:\/\/computaex.es\/#\/schema\/logo\/image\/","url":"https:\/\/computaex.es\/wp-content\/uploads\/2025\/05\/cropped-COMPUTAEX_transparente-scaled-1.png","contentUrl":"https:\/\/computaex.es\/wp-content\/uploads\/2025\/05\/cropped-COMPUTAEX_transparente-scaled-1.png","width":2560,"height":970,"caption":"COMPUTAEX"},"image":{"@id":"https:\/\/computaex.es\/#\/schema\/logo\/image\/"},"sameAs":["https:\/\/m.facebook.com\/computaex\/","https:\/\/x.com\/computaex","https:\/\/es.linkedin.com\/company\/cenits"]}]}},"_links":{"self":[{"href":"https:\/\/computaex.es\/en\/wp-json\/wp\/v2\/pages\/9009","targetHints":{"allow":["GET"]}}],"collection":[{"href":"https:\/\/computaex.es\/en\/wp-json\/wp\/v2\/pages"}],"about":[{"href":"https:\/\/computaex.es\/en\/wp-json\/wp\/v2\/types\/page"}],"author":[{"embeddable":true,"href":"https:\/\/computaex.es\/en\/wp-json\/wp\/v2\/users\/1"}],"replies":[{"embeddable":true,"href":"https:\/\/computaex.es\/en\/wp-json\/wp\/v2\/comments?post=9009"}],"version-history":[{"count":20,"href":"https:\/\/computaex.es\/en\/wp-json\/wp\/v2\/pages\/9009\/revisions"}],"predecessor-version":[{"id":9840,"href":"https:\/\/computaex.es\/en\/wp-json\/wp\/v2\/pages\/9009\/revisions\/9840"}],"wp:attachment":[{"href":"https:\/\/computaex.es\/en\/wp-json\/wp\/v2\/media?parent=9009"}],"wp:term":[{"taxonomy":"category","embeddable":true,"href":"https:\/\/computaex.es\/en\/wp-json\/wp\/v2\/categories?post=9009"},{"taxonomy":"post_tag","embeddable":true,"href":"https:\/\/computaex.es\/en\/wp-json\/wp\/v2\/tags?post=9009"}],"curies":[{"name":"wp","href":"https:\/\/api.w.org\/{rel}","templated":true}]}}