{"id":9390,"date":"2009-10-06T13:42:08","date_gmt":"2009-10-06T11:42:08","guid":{"rendered":"https:\/\/web.computaex.es\/?page_id=9390"},"modified":"2025-08-27T08:55:41","modified_gmt":"2025-08-27T06:55:41","slug":"supercomputer-aware-approach-for-the-solution-of-challenging-electromagnetic-problems","status":"publish","type":"page","link":"https:\/\/computaex.es\/en\/publicaciones\/supercomputer-aware-approach-for-the-solution-of-challenging-electromagnetic-problems\/","title":{"rendered":"Supercomputer aware approach for the solution of challenging electromagnetic problems"},"content":{"rendered":"<p>M.G.Ara\u00fajo, J.M.Taboada, F.Obelleiro y J.M.B\u00e9rtolo, L.Landesa y J.Rivero, J.L.Rodr\u00edguez: \u00ab<strong>Supercomputer aware approach for the solution of challenging electromagnetic problems<\/strong>\u00ab. ISSN: 1070-4698, E-ISSN: 1559-8985. Progress In Electromagnetics Research, PIER 101, 241\u2013256, 2010.<\/p>\n<p><strong>Abstract<\/strong><br \/>\nIt is a proven fact that The Fast Fourier Transform (FFT) extension of the conventional Fast Multipole Method (FMM) reduces the matrix vector product (MVP) complexity and preserves the propensity for parallel scaling of the single level FMM. In this paper, an efficient parallel strategy of a nested variation of the FMMFFT algorithm that reduces the memory requirements is presented. The solution provided by this parallel implementation for a challenging problem with more than 0.5 billion unknowns has constituted the world record in computational electromagnetics (CEM) at the beginning of 2009.<\/p>\n<p><a href=\"https:\/\/www.jpier.org\/pier\/pier.php?paper=09121007\">https:\/\/www.jpier.org\/pier\/pier.php?paper=09121007<\/a><\/p>","protected":false},"excerpt":{"rendered":"<p>M.G.Ara\u00fajo, J.M.Taboada, F.Obelleiro y J.M.B\u00e9rtolo, L.Landesa y J.Rivero, J.L.Rodr\u00edguez: \u00abSupercomputer aware approach for the solution of challenging electromagnetic problems\u00ab. ISSN: 1070-4698, E-ISSN: 1559-8985. Progress In Electromagnetics Research, PIER 101, 241\u2013256, &#8230;<\/p>","protected":false},"author":1,"featured_media":0,"parent":1583,"menu_order":0,"comment_status":"closed","ping_status":"closed","template":"","meta":{"footnotes":""},"categories":[110,91],"tags":[],"class_list":["post-9390","page","type-page","status-publish","hentry","category-anteriores","category-publicaciones"],"yoast_head":"<!-- This site is optimized with the Yoast SEO plugin v27.1.1 - https:\/\/yoast.com\/product\/yoast-seo-wordpress\/ -->\n<title>Supercomputer aware approach for the solution of challenging electromagnetic problems - Fundaci\u00f3n COMPUTAEX<\/title>\n<meta name=\"robots\" content=\"index, follow, max-snippet:-1, max-image-preview:large, max-video-preview:-1\" \/>\n<link rel=\"canonical\" href=\"https:\/\/computaex.es\/en\/publicaciones\/supercomputer-aware-approach-for-the-solution-of-challenging-electromagnetic-problems\/\" \/>\n<meta property=\"og:locale\" content=\"en_US\" \/>\n<meta property=\"og:type\" content=\"article\" \/>\n<meta property=\"og:title\" content=\"Supercomputer aware approach for the solution of challenging electromagnetic problems - Fundaci\u00f3n COMPUTAEX\" \/>\n<meta property=\"og:description\" content=\"M.G.Ara\u00fajo, J.M.Taboada, F.Obelleiro y J.M.B\u00e9rtolo, L.Landesa y J.Rivero, J.L.Rodr\u00edguez: \u00abSupercomputer aware approach for the solution of challenging electromagnetic problems\u00ab. ISSN: 1070-4698, E-ISSN: 1559-8985. Progress In Electromagnetics Research, PIER 101, 241\u2013256, ...\" \/>\n<meta property=\"og:url\" content=\"https:\/\/computaex.es\/en\/publicaciones\/supercomputer-aware-approach-for-the-solution-of-challenging-electromagnetic-problems\/\" \/>\n<meta property=\"og:site_name\" content=\"Fundaci\u00f3n COMPUTAEX\" \/>\n<meta property=\"article:publisher\" content=\"https:\/\/m.facebook.com\/computaex\/\" \/>\n<meta property=\"article:modified_time\" content=\"2025-08-27T06:55:41+00:00\" \/>\n<meta property=\"og:image\" content=\"https:\/\/computaex.es\/wp-content\/uploads\/2025\/08\/COMPUTAEX.jpg\" \/>\n\t<meta property=\"og:image:width\" content=\"1024\" \/>\n\t<meta property=\"og:image:height\" content=\"403\" \/>\n\t<meta property=\"og:image:type\" content=\"image\/jpeg\" \/>\n<meta name=\"twitter:card\" content=\"summary_large_image\" \/>\n<meta name=\"twitter:site\" content=\"@computaex\" \/>\n<meta name=\"twitter:label1\" content=\"Est. reading time\" \/>\n\t<meta name=\"twitter:data1\" content=\"1 minute\" \/>\n<script type=\"application\/ld+json\" class=\"yoast-schema-graph\">{\"@context\":\"https:\/\/schema.org\",\"@graph\":[{\"@type\":\"WebPage\",\"@id\":\"https:\/\/computaex.es\/publicaciones\/supercomputer-aware-approach-for-the-solution-of-challenging-electromagnetic-problems\/\",\"url\":\"https:\/\/computaex.es\/publicaciones\/supercomputer-aware-approach-for-the-solution-of-challenging-electromagnetic-problems\/\",\"name\":\"Supercomputer aware approach for the solution of challenging electromagnetic problems - Fundaci\u00f3n COMPUTAEX\",\"isPartOf\":{\"@id\":\"https:\/\/computaex.es\/#website\"},\"datePublished\":\"2009-10-06T11:42:08+00:00\",\"dateModified\":\"2025-08-27T06:55:41+00:00\",\"breadcrumb\":{\"@id\":\"https:\/\/computaex.es\/publicaciones\/supercomputer-aware-approach-for-the-solution-of-challenging-electromagnetic-problems\/#breadcrumb\"},\"inLanguage\":\"en-US\",\"potentialAction\":[{\"@type\":\"ReadAction\",\"target\":[\"https:\/\/computaex.es\/publicaciones\/supercomputer-aware-approach-for-the-solution-of-challenging-electromagnetic-problems\/\"]}]},{\"@type\":\"BreadcrumbList\",\"@id\":\"https:\/\/computaex.es\/publicaciones\/supercomputer-aware-approach-for-the-solution-of-challenging-electromagnetic-problems\/#breadcrumb\",\"itemListElement\":[{\"@type\":\"ListItem\",\"position\":1,\"name\":\"Portada\",\"item\":\"https:\/\/computaex.es\/\"},{\"@type\":\"ListItem\",\"position\":2,\"name\":\"Publicaciones\",\"item\":\"https:\/\/computaex.es\/publicaciones\/\"},{\"@type\":\"ListItem\",\"position\":3,\"name\":\"Supercomputer aware approach for the solution of challenging electromagnetic problems\"}]},{\"@type\":\"WebSite\",\"@id\":\"https:\/\/computaex.es\/#website\",\"url\":\"https:\/\/computaex.es\/\",\"name\":\"Fundaci\u00f3n COMPUTAEX\",\"description\":\"COMPUTAEX\",\"publisher\":{\"@id\":\"https:\/\/computaex.es\/#organization\"},\"potentialAction\":[{\"@type\":\"SearchAction\",\"target\":{\"@type\":\"EntryPoint\",\"urlTemplate\":\"https:\/\/computaex.es\/?s={search_term_string}\"},\"query-input\":{\"@type\":\"PropertyValueSpecification\",\"valueRequired\":true,\"valueName\":\"search_term_string\"}}],\"inLanguage\":\"en-US\"},{\"@type\":\"Organization\",\"@id\":\"https:\/\/computaex.es\/#organization\",\"name\":\"COMPUTAEX\",\"url\":\"https:\/\/computaex.es\/\",\"logo\":{\"@type\":\"ImageObject\",\"inLanguage\":\"en-US\",\"@id\":\"https:\/\/computaex.es\/#\/schema\/logo\/image\/\",\"url\":\"https:\/\/computaex.es\/wp-content\/uploads\/2025\/05\/cropped-COMPUTAEX_transparente-scaled-1.png\",\"contentUrl\":\"https:\/\/computaex.es\/wp-content\/uploads\/2025\/05\/cropped-COMPUTAEX_transparente-scaled-1.png\",\"width\":2560,\"height\":970,\"caption\":\"COMPUTAEX\"},\"image\":{\"@id\":\"https:\/\/computaex.es\/#\/schema\/logo\/image\/\"},\"sameAs\":[\"https:\/\/m.facebook.com\/computaex\/\",\"https:\/\/x.com\/computaex\",\"https:\/\/es.linkedin.com\/company\/cenits\"]}]}<\/script>\n<!-- \/ Yoast SEO plugin. -->","yoast_head_json":{"title":"Supercomputer aware approach for the solution of challenging electromagnetic problems - Fundaci\u00f3n COMPUTAEX","robots":{"index":"index","follow":"follow","max-snippet":"max-snippet:-1","max-image-preview":"max-image-preview:large","max-video-preview":"max-video-preview:-1"},"canonical":"https:\/\/computaex.es\/en\/publicaciones\/supercomputer-aware-approach-for-the-solution-of-challenging-electromagnetic-problems\/","og_locale":"en_US","og_type":"article","og_title":"Supercomputer aware approach for the solution of challenging electromagnetic problems - Fundaci\u00f3n COMPUTAEX","og_description":"M.G.Ara\u00fajo, J.M.Taboada, F.Obelleiro y J.M.B\u00e9rtolo, L.Landesa y J.Rivero, J.L.Rodr\u00edguez: \u00abSupercomputer aware approach for the solution of challenging electromagnetic problems\u00ab. ISSN: 1070-4698, E-ISSN: 1559-8985. Progress In Electromagnetics Research, PIER 101, 241\u2013256, ...","og_url":"https:\/\/computaex.es\/en\/publicaciones\/supercomputer-aware-approach-for-the-solution-of-challenging-electromagnetic-problems\/","og_site_name":"Fundaci\u00f3n COMPUTAEX","article_publisher":"https:\/\/m.facebook.com\/computaex\/","article_modified_time":"2025-08-27T06:55:41+00:00","og_image":[{"width":1024,"height":403,"url":"https:\/\/computaex.es\/wp-content\/uploads\/2025\/08\/COMPUTAEX.jpg","type":"image\/jpeg"}],"twitter_card":"summary_large_image","twitter_site":"@computaex","twitter_misc":{"Est. reading time":"1 minute"},"schema":{"@context":"https:\/\/schema.org","@graph":[{"@type":"WebPage","@id":"https:\/\/computaex.es\/publicaciones\/supercomputer-aware-approach-for-the-solution-of-challenging-electromagnetic-problems\/","url":"https:\/\/computaex.es\/publicaciones\/supercomputer-aware-approach-for-the-solution-of-challenging-electromagnetic-problems\/","name":"Supercomputer aware approach for the solution of challenging electromagnetic problems - Fundaci\u00f3n COMPUTAEX","isPartOf":{"@id":"https:\/\/computaex.es\/#website"},"datePublished":"2009-10-06T11:42:08+00:00","dateModified":"2025-08-27T06:55:41+00:00","breadcrumb":{"@id":"https:\/\/computaex.es\/publicaciones\/supercomputer-aware-approach-for-the-solution-of-challenging-electromagnetic-problems\/#breadcrumb"},"inLanguage":"en-US","potentialAction":[{"@type":"ReadAction","target":["https:\/\/computaex.es\/publicaciones\/supercomputer-aware-approach-for-the-solution-of-challenging-electromagnetic-problems\/"]}]},{"@type":"BreadcrumbList","@id":"https:\/\/computaex.es\/publicaciones\/supercomputer-aware-approach-for-the-solution-of-challenging-electromagnetic-problems\/#breadcrumb","itemListElement":[{"@type":"ListItem","position":1,"name":"Portada","item":"https:\/\/computaex.es\/"},{"@type":"ListItem","position":2,"name":"Publicaciones","item":"https:\/\/computaex.es\/publicaciones\/"},{"@type":"ListItem","position":3,"name":"Supercomputer aware approach for the solution of challenging electromagnetic problems"}]},{"@type":"WebSite","@id":"https:\/\/computaex.es\/#website","url":"https:\/\/computaex.es\/","name":"COMPUTAEX Foundation","description":"COMPUTAEX","publisher":{"@id":"https:\/\/computaex.es\/#organization"},"potentialAction":[{"@type":"SearchAction","target":{"@type":"EntryPoint","urlTemplate":"https:\/\/computaex.es\/?s={search_term_string}"},"query-input":{"@type":"PropertyValueSpecification","valueRequired":true,"valueName":"search_term_string"}}],"inLanguage":"en-US"},{"@type":"Organization","@id":"https:\/\/computaex.es\/#organization","name":"COMPUTAEX","url":"https:\/\/computaex.es\/","logo":{"@type":"ImageObject","inLanguage":"en-US","@id":"https:\/\/computaex.es\/#\/schema\/logo\/image\/","url":"https:\/\/computaex.es\/wp-content\/uploads\/2025\/05\/cropped-COMPUTAEX_transparente-scaled-1.png","contentUrl":"https:\/\/computaex.es\/wp-content\/uploads\/2025\/05\/cropped-COMPUTAEX_transparente-scaled-1.png","width":2560,"height":970,"caption":"COMPUTAEX"},"image":{"@id":"https:\/\/computaex.es\/#\/schema\/logo\/image\/"},"sameAs":["https:\/\/m.facebook.com\/computaex\/","https:\/\/x.com\/computaex","https:\/\/es.linkedin.com\/company\/cenits"]}]}},"_links":{"self":[{"href":"https:\/\/computaex.es\/en\/wp-json\/wp\/v2\/pages\/9390","targetHints":{"allow":["GET"]}}],"collection":[{"href":"https:\/\/computaex.es\/en\/wp-json\/wp\/v2\/pages"}],"about":[{"href":"https:\/\/computaex.es\/en\/wp-json\/wp\/v2\/types\/page"}],"author":[{"embeddable":true,"href":"https:\/\/computaex.es\/en\/wp-json\/wp\/v2\/users\/1"}],"replies":[{"embeddable":true,"href":"https:\/\/computaex.es\/en\/wp-json\/wp\/v2\/comments?post=9390"}],"version-history":[{"count":1,"href":"https:\/\/computaex.es\/en\/wp-json\/wp\/v2\/pages\/9390\/revisions"}],"predecessor-version":[{"id":9391,"href":"https:\/\/computaex.es\/en\/wp-json\/wp\/v2\/pages\/9390\/revisions\/9391"}],"up":[{"embeddable":true,"href":"https:\/\/computaex.es\/en\/wp-json\/wp\/v2\/pages\/1583"}],"wp:attachment":[{"href":"https:\/\/computaex.es\/en\/wp-json\/wp\/v2\/media?parent=9390"}],"wp:term":[{"taxonomy":"category","embeddable":true,"href":"https:\/\/computaex.es\/en\/wp-json\/wp\/v2\/categories?post=9390"},{"taxonomy":"post_tag","embeddable":true,"href":"https:\/\/computaex.es\/en\/wp-json\/wp\/v2\/tags?post=9390"}],"curies":[{"name":"wp","href":"https:\/\/api.w.org\/{rel}","templated":true}]}}