{"id":9444,"date":"2021-09-23T14:40:56","date_gmt":"2021-09-23T12:40:56","guid":{"rendered":"https:\/\/web.computaex.es\/?page_id=9444"},"modified":"2025-08-26T14:41:50","modified_gmt":"2025-08-26T12:41:50","slug":"cultivdata-application-of-iot-to-the-cultivation-of-agricultural-data","status":"publish","type":"page","link":"https:\/\/computaex.es\/en\/publicaciones\/cultivdata-application-of-iot-to-the-cultivation-of-agricultural-data\/","title":{"rendered":"CultivData: Application of IoT to the Cultivation of Agricultural Data"},"content":{"rendered":"<div class=\"field field-name-field-pub-descripcion field-type-text-long field-label-hidden\">\n<div class=\"field-items\">\n<div class=\"field-item even\">\n<p>CultivData proposes the convergence of technologies, such as IoT, big data, HPC, open data and artificial intelligence, to apply HPDA (High Performance Data Analytics) to the cultivation of agricultural data and improve the efficiency and effectiveness of farms. An information system has been developed as an IT platform for the cultivation of open data to extract knowledge and to support the decision making of stakeholders in the agricultural sector, so that it is possible to improve product quality and farm productivity. The resulting system integrates access to data provided by IoT devices that sensorize farms and public and open data sources (Open Data). The platform was designed to make precision agriculture a reality and to be useful not only to farmers, but also to agricultural decision-makers who plan species and crops based on data such as available water; expected weather; prices and market demands, and so forth. In addition, the platform provides to agricultural producers access to historical climate data; climate forecasts to anticipate times of drought or disasters; pest situations or monitoring of their plantations with sensorization and orthophotographs<\/p>\n<\/div>\n<\/div>\n<\/div>\n<div class=\"field field-name-field-pub-fuente field-type-text-long field-label-above\">\n<div class=\"field-label\">Fuente de la publicaci\u00f3n:<\/div>\n<div class=\"field-items\">\n<div class=\"field-item even\">\n<ul>\n<li>F. Lemus-Prieto, J. F. Bermejo Mart\u00edn, J.-L. G\u00f3nzalez-S\u00e1nchez, and E. Moreno S\u00e1nchez, \u201cCultivData: Application of IoT to the Cultivation of Agricultural Data,\u201d IoT, vol. 2, no. 4, pp. 564\u2013589, Sep. 2021, doi:\u00a0<a href=\"https:\/\/doi.org\/10.3390\/iot2040029\" target=\"_blank\" rel=\"noopener\">10.3390\/iot2040029<\/a>.<\/li>\n<\/ul>\n<\/div>\n<\/div>\n<\/div>\n<div class=\"field field-name-field-pub-proyectos field-type-text-long field-label-above\">\n<div class=\"field-label\">Proyectos relacionado:<\/div>\n<div class=\"field-items\">\n<div class=\"field-item even\">\n<ul>\n<li>CultivData [<a href=\"http:\/\/www.cenits.es\/proyectos\/cultivdata\">C\u00e9nitS<\/a>].<\/li>\n<\/ul>\n<\/div>\n<\/div>\n<\/div>\n","protected":false},"excerpt":{"rendered":"<p>CultivData proposes the convergence of technologies, such as IoT, big data, HPC, open data and artificial intelligence, to apply HPDA (High Performance Data Analytics) to the cultivation of agricultural data &#8230;<\/p>","protected":false},"author":1,"featured_media":0,"parent":1583,"menu_order":0,"comment_status":"closed","ping_status":"closed","template":"","meta":{"footnotes":""},"categories":[112,91],"tags":[],"class_list":["post-9444","page","type-page","status-publish","hentry","category-112","category-publicaciones"],"yoast_head":"<!-- This site is optimized with the Yoast SEO plugin v27.1.1 - https:\/\/yoast.com\/product\/yoast-seo-wordpress\/ -->\n<title>CultivData: Application of IoT to the Cultivation of Agricultural Data - Fundaci\u00f3n COMPUTAEX<\/title>\n<meta name=\"robots\" content=\"index, follow, max-snippet:-1, max-image-preview:large, max-video-preview:-1\" \/>\n<link rel=\"canonical\" href=\"https:\/\/computaex.es\/en\/publicaciones\/cultivdata-application-of-iot-to-the-cultivation-of-agricultural-data\/\" \/>\n<meta property=\"og:locale\" content=\"en_US\" \/>\n<meta property=\"og:type\" content=\"article\" \/>\n<meta property=\"og:title\" content=\"CultivData: Application of IoT to the Cultivation of Agricultural Data - Fundaci\u00f3n COMPUTAEX\" \/>\n<meta property=\"og:description\" content=\"CultivData proposes the convergence of technologies, such as IoT, big data, HPC, open data and artificial intelligence, to apply HPDA (High Performance Data Analytics) to the cultivation of agricultural data ...\" \/>\n<meta property=\"og:url\" content=\"https:\/\/computaex.es\/en\/publicaciones\/cultivdata-application-of-iot-to-the-cultivation-of-agricultural-data\/\" \/>\n<meta property=\"og:site_name\" content=\"Fundaci\u00f3n COMPUTAEX\" \/>\n<meta property=\"article:publisher\" content=\"https:\/\/m.facebook.com\/computaex\/\" \/>\n<meta property=\"article:modified_time\" content=\"2025-08-26T12:41:50+00:00\" \/>\n<meta property=\"og:image\" content=\"https:\/\/computaex.es\/wp-content\/uploads\/2025\/08\/COMPUTAEX.jpg\" \/>\n\t<meta property=\"og:image:width\" content=\"1024\" \/>\n\t<meta property=\"og:image:height\" content=\"403\" \/>\n\t<meta property=\"og:image:type\" content=\"image\/jpeg\" \/>\n<meta name=\"twitter:card\" content=\"summary_large_image\" \/>\n<meta name=\"twitter:site\" content=\"@computaex\" \/>\n<meta name=\"twitter:label1\" content=\"Est. reading time\" \/>\n\t<meta name=\"twitter:data1\" content=\"2 minutes\" \/>\n<script type=\"application\/ld+json\" class=\"yoast-schema-graph\">{\"@context\":\"https:\/\/schema.org\",\"@graph\":[{\"@type\":\"WebPage\",\"@id\":\"https:\/\/computaex.es\/publicaciones\/cultivdata-application-of-iot-to-the-cultivation-of-agricultural-data\/\",\"url\":\"https:\/\/computaex.es\/publicaciones\/cultivdata-application-of-iot-to-the-cultivation-of-agricultural-data\/\",\"name\":\"CultivData: Application of IoT to the Cultivation of Agricultural Data - Fundaci\u00f3n COMPUTAEX\",\"isPartOf\":{\"@id\":\"https:\/\/computaex.es\/#website\"},\"datePublished\":\"2021-09-23T12:40:56+00:00\",\"dateModified\":\"2025-08-26T12:41:50+00:00\",\"breadcrumb\":{\"@id\":\"https:\/\/computaex.es\/publicaciones\/cultivdata-application-of-iot-to-the-cultivation-of-agricultural-data\/#breadcrumb\"},\"inLanguage\":\"en-US\",\"potentialAction\":[{\"@type\":\"ReadAction\",\"target\":[\"https:\/\/computaex.es\/publicaciones\/cultivdata-application-of-iot-to-the-cultivation-of-agricultural-data\/\"]}]},{\"@type\":\"BreadcrumbList\",\"@id\":\"https:\/\/computaex.es\/publicaciones\/cultivdata-application-of-iot-to-the-cultivation-of-agricultural-data\/#breadcrumb\",\"itemListElement\":[{\"@type\":\"ListItem\",\"position\":1,\"name\":\"Portada\",\"item\":\"https:\/\/computaex.es\/\"},{\"@type\":\"ListItem\",\"position\":2,\"name\":\"Publicaciones\",\"item\":\"https:\/\/computaex.es\/publicaciones\/\"},{\"@type\":\"ListItem\",\"position\":3,\"name\":\"CultivData: Application of IoT to the Cultivation of Agricultural Data\"}]},{\"@type\":\"WebSite\",\"@id\":\"https:\/\/computaex.es\/#website\",\"url\":\"https:\/\/computaex.es\/\",\"name\":\"Fundaci\u00f3n COMPUTAEX\",\"description\":\"COMPUTAEX\",\"publisher\":{\"@id\":\"https:\/\/computaex.es\/#organization\"},\"potentialAction\":[{\"@type\":\"SearchAction\",\"target\":{\"@type\":\"EntryPoint\",\"urlTemplate\":\"https:\/\/computaex.es\/?s={search_term_string}\"},\"query-input\":{\"@type\":\"PropertyValueSpecification\",\"valueRequired\":true,\"valueName\":\"search_term_string\"}}],\"inLanguage\":\"en-US\"},{\"@type\":\"Organization\",\"@id\":\"https:\/\/computaex.es\/#organization\",\"name\":\"COMPUTAEX\",\"url\":\"https:\/\/computaex.es\/\",\"logo\":{\"@type\":\"ImageObject\",\"inLanguage\":\"en-US\",\"@id\":\"https:\/\/computaex.es\/#\/schema\/logo\/image\/\",\"url\":\"https:\/\/computaex.es\/wp-content\/uploads\/2025\/05\/cropped-COMPUTAEX_transparente-scaled-1.png\",\"contentUrl\":\"https:\/\/computaex.es\/wp-content\/uploads\/2025\/05\/cropped-COMPUTAEX_transparente-scaled-1.png\",\"width\":2560,\"height\":970,\"caption\":\"COMPUTAEX\"},\"image\":{\"@id\":\"https:\/\/computaex.es\/#\/schema\/logo\/image\/\"},\"sameAs\":[\"https:\/\/m.facebook.com\/computaex\/\",\"https:\/\/x.com\/computaex\",\"https:\/\/es.linkedin.com\/company\/cenits\"]}]}<\/script>\n<!-- \/ Yoast SEO plugin. -->","yoast_head_json":{"title":"CultivData: Application of IoT to the Cultivation of Agricultural Data - Fundaci\u00f3n COMPUTAEX","robots":{"index":"index","follow":"follow","max-snippet":"max-snippet:-1","max-image-preview":"max-image-preview:large","max-video-preview":"max-video-preview:-1"},"canonical":"https:\/\/computaex.es\/en\/publicaciones\/cultivdata-application-of-iot-to-the-cultivation-of-agricultural-data\/","og_locale":"en_US","og_type":"article","og_title":"CultivData: Application of IoT to the Cultivation of Agricultural Data - Fundaci\u00f3n COMPUTAEX","og_description":"CultivData proposes the convergence of technologies, such as IoT, big data, HPC, open data and artificial intelligence, to apply HPDA (High Performance Data Analytics) to the cultivation of agricultural data ...","og_url":"https:\/\/computaex.es\/en\/publicaciones\/cultivdata-application-of-iot-to-the-cultivation-of-agricultural-data\/","og_site_name":"Fundaci\u00f3n COMPUTAEX","article_publisher":"https:\/\/m.facebook.com\/computaex\/","article_modified_time":"2025-08-26T12:41:50+00:00","og_image":[{"width":1024,"height":403,"url":"https:\/\/computaex.es\/wp-content\/uploads\/2025\/08\/COMPUTAEX.jpg","type":"image\/jpeg"}],"twitter_card":"summary_large_image","twitter_site":"@computaex","twitter_misc":{"Est. reading time":"2 minutes"},"schema":{"@context":"https:\/\/schema.org","@graph":[{"@type":"WebPage","@id":"https:\/\/computaex.es\/publicaciones\/cultivdata-application-of-iot-to-the-cultivation-of-agricultural-data\/","url":"https:\/\/computaex.es\/publicaciones\/cultivdata-application-of-iot-to-the-cultivation-of-agricultural-data\/","name":"CultivData: Application of IoT to the Cultivation of Agricultural Data - Fundaci\u00f3n COMPUTAEX","isPartOf":{"@id":"https:\/\/computaex.es\/#website"},"datePublished":"2021-09-23T12:40:56+00:00","dateModified":"2025-08-26T12:41:50+00:00","breadcrumb":{"@id":"https:\/\/computaex.es\/publicaciones\/cultivdata-application-of-iot-to-the-cultivation-of-agricultural-data\/#breadcrumb"},"inLanguage":"en-US","potentialAction":[{"@type":"ReadAction","target":["https:\/\/computaex.es\/publicaciones\/cultivdata-application-of-iot-to-the-cultivation-of-agricultural-data\/"]}]},{"@type":"BreadcrumbList","@id":"https:\/\/computaex.es\/publicaciones\/cultivdata-application-of-iot-to-the-cultivation-of-agricultural-data\/#breadcrumb","itemListElement":[{"@type":"ListItem","position":1,"name":"Portada","item":"https:\/\/computaex.es\/"},{"@type":"ListItem","position":2,"name":"Publicaciones","item":"https:\/\/computaex.es\/publicaciones\/"},{"@type":"ListItem","position":3,"name":"CultivData: Application of IoT to the Cultivation of Agricultural Data"}]},{"@type":"WebSite","@id":"https:\/\/computaex.es\/#website","url":"https:\/\/computaex.es\/","name":"COMPUTAEX Foundation","description":"COMPUTAEX","publisher":{"@id":"https:\/\/computaex.es\/#organization"},"potentialAction":[{"@type":"SearchAction","target":{"@type":"EntryPoint","urlTemplate":"https:\/\/computaex.es\/?s={search_term_string}"},"query-input":{"@type":"PropertyValueSpecification","valueRequired":true,"valueName":"search_term_string"}}],"inLanguage":"en-US"},{"@type":"Organization","@id":"https:\/\/computaex.es\/#organization","name":"COMPUTAEX","url":"https:\/\/computaex.es\/","logo":{"@type":"ImageObject","inLanguage":"en-US","@id":"https:\/\/computaex.es\/#\/schema\/logo\/image\/","url":"https:\/\/computaex.es\/wp-content\/uploads\/2025\/05\/cropped-COMPUTAEX_transparente-scaled-1.png","contentUrl":"https:\/\/computaex.es\/wp-content\/uploads\/2025\/05\/cropped-COMPUTAEX_transparente-scaled-1.png","width":2560,"height":970,"caption":"COMPUTAEX"},"image":{"@id":"https:\/\/computaex.es\/#\/schema\/logo\/image\/"},"sameAs":["https:\/\/m.facebook.com\/computaex\/","https:\/\/x.com\/computaex","https:\/\/es.linkedin.com\/company\/cenits"]}]}},"_links":{"self":[{"href":"https:\/\/computaex.es\/en\/wp-json\/wp\/v2\/pages\/9444","targetHints":{"allow":["GET"]}}],"collection":[{"href":"https:\/\/computaex.es\/en\/wp-json\/wp\/v2\/pages"}],"about":[{"href":"https:\/\/computaex.es\/en\/wp-json\/wp\/v2\/types\/page"}],"author":[{"embeddable":true,"href":"https:\/\/computaex.es\/en\/wp-json\/wp\/v2\/users\/1"}],"replies":[{"embeddable":true,"href":"https:\/\/computaex.es\/en\/wp-json\/wp\/v2\/comments?post=9444"}],"version-history":[{"count":1,"href":"https:\/\/computaex.es\/en\/wp-json\/wp\/v2\/pages\/9444\/revisions"}],"predecessor-version":[{"id":9445,"href":"https:\/\/computaex.es\/en\/wp-json\/wp\/v2\/pages\/9444\/revisions\/9445"}],"up":[{"embeddable":true,"href":"https:\/\/computaex.es\/en\/wp-json\/wp\/v2\/pages\/1583"}],"wp:attachment":[{"href":"https:\/\/computaex.es\/en\/wp-json\/wp\/v2\/media?parent=9444"}],"wp:term":[{"taxonomy":"category","embeddable":true,"href":"https:\/\/computaex.es\/en\/wp-json\/wp\/v2\/categories?post=9444"},{"taxonomy":"post_tag","embeddable":true,"href":"https:\/\/computaex.es\/en\/wp-json\/wp\/v2\/tags?post=9444"}],"curies":[{"name":"wp","href":"https:\/\/api.w.org\/{rel}","templated":true}]}}