{"id":9446,"date":"2021-09-20T14:42:15","date_gmt":"2021-09-20T12:42:15","guid":{"rendered":"https:\/\/web.computaex.es\/?page_id=9446"},"modified":"2025-08-26T14:44:24","modified_gmt":"2025-08-26T12:44:24","slug":"analisis-y-diseno-de-prototipo-experimental-para-el-estudio-y-la-validacion-de-redes-de-alta-velocidad","status":"publish","type":"page","link":"https:\/\/computaex.es\/en\/publicaciones\/analisis-y-diseno-de-prototipo-experimental-para-el-estudio-y-la-validacion-de-redes-de-alta-velocidad\/","title":{"rendered":"An\u00e1lisis y dise\u00f1o de prototipo experimental para el estudio y la validaci\u00f3n de redes de alta velocidad"},"content":{"rendered":"<div class=\"field field-name-field-pub-descripcion field-type-text-long field-label-hidden\">\n<div class=\"field-items\">\n<div class=\"field-item even\">\n<p>El objetivo de este TFG ha consistido en dise\u00f1ar e implementar una plataforma que permite virtualizar estaciones de trabajo para facilitar as\u00ed la realizaci\u00f3n de pr\u00e1cticas de asignaturas de la universidad sin ser necesario acceder a un aula que presente un PC potente para cada alumno. Por lo tanto, uno de los principales puntos a cumplir en este trabajo, ha sido estudiar la posibilidad de virtualizar todas las computadoras en uno o varios servidores, compartiendo los recursos hardware entre las m\u00e1quinas virtuales, para as\u00ed evitar tener que mantener m\u00faltiples ordenadores individuales, centralizando el mantenimiento. Esta plataforma de virtualizaci\u00f3n presenta la capacidad de escalar para poder incorporar nuevo hardware en caso de que sea necesario dar de alta m\u00e1s m\u00e1quinas virtuales de las que soportaba el hardware original. Esto permite responder de manera r\u00e1pida, efectiva y con el m\u00ednimo coste posible a aumentos de demanda del servicio.<\/p>\n<p>Los alumnos (usuarios del sistema) pueden acceder a un portal centralizado el cual les proporciona acceso y control a su estaci\u00f3n de trabajo remota asignada. Este gestor garantiza la exclusividad de las m\u00e1quinas y restringe el acceso a usuarios no autorizados, autenticando bajo nombre y contrase\u00f1a. Para poder facilitar la conexi\u00f3n a las estaciones virtuales desde cualquier sitio con independencia del aula en el que se encuentre el alumno, el sistema es visible a trav\u00e9s de Internet. De esta manera, los alumnos no est\u00e1n limitados a estar dentro de una red local determinada y el docente puede impartir pr\u00e1cticas desde cualquier aula.<\/p>\n<p>Sin embargo, al quedar expuesto a Internet, la seguridad en la comunicaci\u00f3n es uno de los principales requisitos, ya que sin ella, todo el sistema ser\u00eda vulnerable a ataques pasivos de monitorizaci\u00f3n. Es por esto que los protocolos que se utilizan para el acceso remoto a las estaciones de trabajo virtuales, tienen un nivel de encriptaci\u00f3n que aseguran la integridad y privacidad de los datos. Al mismo tiempo, como las estaciones pueden trabajar con diversos programas que mantengan puertos en escucha, es necesario aislar todas las estaciones en una red protegida para evitar que atacantes externos puedan acceder a dichos puertos. Aunque se protege la red, \u00e9sta sigue teniendo acceso a Internet. No se puede olvidar que el prop\u00f3sito de esta plataforma es facilitar a los estudiantes la realizaci\u00f3n de pr\u00e1cticas sobre estudio y prueba de redes de alta velocidad. Por lo tanto, las estaciones de trabajo se ubican todas dentro de una misma red en la que puedan comunicarse entre ellas.<\/p>\n<p>Por \u00faltimo, es importante destacar que todo el software empleado en el desarrollo de la plataforma, es de uso libre y gratuito. De esta manera, se facilita la replicaci\u00f3n y despliegue de esta plataforma cu\u00e1ndo y d\u00f3nde se desee si requerir de licencias de software extra.<\/p>\n<\/div>\n<\/div>\n<\/div>\n<div class=\"field field-name-field-pub-fuente field-type-text-long field-label-above\">\n<div class=\"field-label\">Fuente de la publicaci\u00f3n:<\/div>\n<div class=\"field-items\">\n<div class=\"field-item even\">\n<ul>\n<li>Mois\u00e9s Gait\u00e1n, David Cort\u00e9s y Jos\u00e9 Luis Gonz\u00e1lez. An\u00e1lisis y dise\u00f1o de prototipo experimental para el estudio y la validaci\u00f3n de redes de alta velocidad. Trabajo Final de Grado en Ingenier\u00eda Inform\u00e1tica en Ingenier\u00eda del Software de la Universidad de Extremadura. Septiembre de 2021.<\/li>\n<\/ul>\n<\/div>\n<\/div>\n<\/div>\n<div class=\"field field-name-field-pub-noticias field-type-text-long field-label-above\">\n<div class=\"field-items\">\n<div class=\"field-item even\"><\/div>\n<\/div>\n<\/div>","protected":false},"excerpt":{"rendered":"<p>El objetivo de este TFG ha consistido en dise\u00f1ar e implementar una plataforma que permite virtualizar estaciones de trabajo para facilitar as\u00ed la realizaci\u00f3n de pr\u00e1cticas de asignaturas de la &#8230;<\/p>","protected":false},"author":1,"featured_media":0,"parent":1583,"menu_order":0,"comment_status":"closed","ping_status":"closed","template":"","meta":{"footnotes":""},"categories":[112,91],"tags":[],"class_list":["post-9446","page","type-page","status-publish","hentry","category-112","category-publicaciones"],"yoast_head":"<!-- This site is optimized with the Yoast SEO plugin v27.1.1 - https:\/\/yoast.com\/product\/yoast-seo-wordpress\/ -->\n<title>An\u00e1lisis y dise\u00f1o de prototipo experimental para el estudio y la validaci\u00f3n de redes de alta velocidad - Fundaci\u00f3n COMPUTAEX<\/title>\n<meta name=\"robots\" content=\"index, follow, max-snippet:-1, max-image-preview:large, max-video-preview:-1\" \/>\n<link rel=\"canonical\" href=\"https:\/\/computaex.es\/en\/publicaciones\/analisis-y-diseno-de-prototipo-experimental-para-el-estudio-y-la-validacion-de-redes-de-alta-velocidad\/\" \/>\n<meta property=\"og:locale\" content=\"en_US\" \/>\n<meta property=\"og:type\" content=\"article\" \/>\n<meta property=\"og:title\" content=\"An\u00e1lisis y dise\u00f1o de prototipo experimental para el estudio y la validaci\u00f3n de redes de alta velocidad - Fundaci\u00f3n COMPUTAEX\" \/>\n<meta property=\"og:description\" content=\"El objetivo de este TFG ha consistido en dise\u00f1ar e implementar una plataforma que permite virtualizar estaciones de trabajo para facilitar as\u00ed la realizaci\u00f3n de pr\u00e1cticas de asignaturas de la ...\" \/>\n<meta property=\"og:url\" content=\"https:\/\/computaex.es\/en\/publicaciones\/analisis-y-diseno-de-prototipo-experimental-para-el-estudio-y-la-validacion-de-redes-de-alta-velocidad\/\" \/>\n<meta property=\"og:site_name\" content=\"Fundaci\u00f3n COMPUTAEX\" \/>\n<meta property=\"article:publisher\" content=\"https:\/\/m.facebook.com\/computaex\/\" \/>\n<meta property=\"article:modified_time\" content=\"2025-08-26T12:44:24+00:00\" \/>\n<meta property=\"og:image\" content=\"https:\/\/computaex.es\/wp-content\/uploads\/2025\/08\/COMPUTAEX.jpg\" \/>\n\t<meta property=\"og:image:width\" content=\"1024\" \/>\n\t<meta property=\"og:image:height\" content=\"403\" \/>\n\t<meta property=\"og:image:type\" content=\"image\/jpeg\" \/>\n<meta name=\"twitter:card\" content=\"summary_large_image\" \/>\n<meta name=\"twitter:site\" content=\"@computaex\" \/>\n<meta name=\"twitter:label1\" content=\"Est. reading time\" \/>\n\t<meta name=\"twitter:data1\" content=\"3 minutes\" \/>\n<script type=\"application\/ld+json\" class=\"yoast-schema-graph\">{\"@context\":\"https:\/\/schema.org\",\"@graph\":[{\"@type\":\"WebPage\",\"@id\":\"https:\/\/computaex.es\/publicaciones\/analisis-y-diseno-de-prototipo-experimental-para-el-estudio-y-la-validacion-de-redes-de-alta-velocidad\/\",\"url\":\"https:\/\/computaex.es\/publicaciones\/analisis-y-diseno-de-prototipo-experimental-para-el-estudio-y-la-validacion-de-redes-de-alta-velocidad\/\",\"name\":\"An\u00e1lisis y dise\u00f1o de prototipo experimental para el estudio y la validaci\u00f3n de redes de alta velocidad - Fundaci\u00f3n COMPUTAEX\",\"isPartOf\":{\"@id\":\"https:\/\/computaex.es\/#website\"},\"datePublished\":\"2021-09-20T12:42:15+00:00\",\"dateModified\":\"2025-08-26T12:44:24+00:00\",\"breadcrumb\":{\"@id\":\"https:\/\/computaex.es\/publicaciones\/analisis-y-diseno-de-prototipo-experimental-para-el-estudio-y-la-validacion-de-redes-de-alta-velocidad\/#breadcrumb\"},\"inLanguage\":\"en-US\",\"potentialAction\":[{\"@type\":\"ReadAction\",\"target\":[\"https:\/\/computaex.es\/publicaciones\/analisis-y-diseno-de-prototipo-experimental-para-el-estudio-y-la-validacion-de-redes-de-alta-velocidad\/\"]}]},{\"@type\":\"BreadcrumbList\",\"@id\":\"https:\/\/computaex.es\/publicaciones\/analisis-y-diseno-de-prototipo-experimental-para-el-estudio-y-la-validacion-de-redes-de-alta-velocidad\/#breadcrumb\",\"itemListElement\":[{\"@type\":\"ListItem\",\"position\":1,\"name\":\"Portada\",\"item\":\"https:\/\/computaex.es\/\"},{\"@type\":\"ListItem\",\"position\":2,\"name\":\"Publicaciones\",\"item\":\"https:\/\/computaex.es\/publicaciones\/\"},{\"@type\":\"ListItem\",\"position\":3,\"name\":\"An\u00e1lisis y dise\u00f1o de prototipo experimental para el estudio y la validaci\u00f3n de redes de alta velocidad\"}]},{\"@type\":\"WebSite\",\"@id\":\"https:\/\/computaex.es\/#website\",\"url\":\"https:\/\/computaex.es\/\",\"name\":\"Fundaci\u00f3n COMPUTAEX\",\"description\":\"COMPUTAEX\",\"publisher\":{\"@id\":\"https:\/\/computaex.es\/#organization\"},\"potentialAction\":[{\"@type\":\"SearchAction\",\"target\":{\"@type\":\"EntryPoint\",\"urlTemplate\":\"https:\/\/computaex.es\/?s={search_term_string}\"},\"query-input\":{\"@type\":\"PropertyValueSpecification\",\"valueRequired\":true,\"valueName\":\"search_term_string\"}}],\"inLanguage\":\"en-US\"},{\"@type\":\"Organization\",\"@id\":\"https:\/\/computaex.es\/#organization\",\"name\":\"COMPUTAEX\",\"url\":\"https:\/\/computaex.es\/\",\"logo\":{\"@type\":\"ImageObject\",\"inLanguage\":\"en-US\",\"@id\":\"https:\/\/computaex.es\/#\/schema\/logo\/image\/\",\"url\":\"https:\/\/computaex.es\/wp-content\/uploads\/2025\/05\/cropped-COMPUTAEX_transparente-scaled-1.png\",\"contentUrl\":\"https:\/\/computaex.es\/wp-content\/uploads\/2025\/05\/cropped-COMPUTAEX_transparente-scaled-1.png\",\"width\":2560,\"height\":970,\"caption\":\"COMPUTAEX\"},\"image\":{\"@id\":\"https:\/\/computaex.es\/#\/schema\/logo\/image\/\"},\"sameAs\":[\"https:\/\/m.facebook.com\/computaex\/\",\"https:\/\/x.com\/computaex\",\"https:\/\/es.linkedin.com\/company\/cenits\"]}]}<\/script>\n<!-- \/ Yoast SEO plugin. -->","yoast_head_json":{"title":"An\u00e1lisis y dise\u00f1o de prototipo experimental para el estudio y la validaci\u00f3n de redes de alta velocidad - Fundaci\u00f3n COMPUTAEX","robots":{"index":"index","follow":"follow","max-snippet":"max-snippet:-1","max-image-preview":"max-image-preview:large","max-video-preview":"max-video-preview:-1"},"canonical":"https:\/\/computaex.es\/en\/publicaciones\/analisis-y-diseno-de-prototipo-experimental-para-el-estudio-y-la-validacion-de-redes-de-alta-velocidad\/","og_locale":"en_US","og_type":"article","og_title":"An\u00e1lisis y dise\u00f1o de prototipo experimental para el estudio y la validaci\u00f3n de redes de alta velocidad - Fundaci\u00f3n COMPUTAEX","og_description":"El objetivo de este TFG ha consistido en dise\u00f1ar e implementar una plataforma que permite virtualizar estaciones de trabajo para facilitar as\u00ed la realizaci\u00f3n de pr\u00e1cticas de asignaturas de la ...","og_url":"https:\/\/computaex.es\/en\/publicaciones\/analisis-y-diseno-de-prototipo-experimental-para-el-estudio-y-la-validacion-de-redes-de-alta-velocidad\/","og_site_name":"Fundaci\u00f3n COMPUTAEX","article_publisher":"https:\/\/m.facebook.com\/computaex\/","article_modified_time":"2025-08-26T12:44:24+00:00","og_image":[{"width":1024,"height":403,"url":"https:\/\/computaex.es\/wp-content\/uploads\/2025\/08\/COMPUTAEX.jpg","type":"image\/jpeg"}],"twitter_card":"summary_large_image","twitter_site":"@computaex","twitter_misc":{"Est. reading time":"3 minutes"},"schema":{"@context":"https:\/\/schema.org","@graph":[{"@type":"WebPage","@id":"https:\/\/computaex.es\/publicaciones\/analisis-y-diseno-de-prototipo-experimental-para-el-estudio-y-la-validacion-de-redes-de-alta-velocidad\/","url":"https:\/\/computaex.es\/publicaciones\/analisis-y-diseno-de-prototipo-experimental-para-el-estudio-y-la-validacion-de-redes-de-alta-velocidad\/","name":"An\u00e1lisis y dise\u00f1o de prototipo experimental para el estudio y la validaci\u00f3n de redes de alta velocidad - Fundaci\u00f3n COMPUTAEX","isPartOf":{"@id":"https:\/\/computaex.es\/#website"},"datePublished":"2021-09-20T12:42:15+00:00","dateModified":"2025-08-26T12:44:24+00:00","breadcrumb":{"@id":"https:\/\/computaex.es\/publicaciones\/analisis-y-diseno-de-prototipo-experimental-para-el-estudio-y-la-validacion-de-redes-de-alta-velocidad\/#breadcrumb"},"inLanguage":"en-US","potentialAction":[{"@type":"ReadAction","target":["https:\/\/computaex.es\/publicaciones\/analisis-y-diseno-de-prototipo-experimental-para-el-estudio-y-la-validacion-de-redes-de-alta-velocidad\/"]}]},{"@type":"BreadcrumbList","@id":"https:\/\/computaex.es\/publicaciones\/analisis-y-diseno-de-prototipo-experimental-para-el-estudio-y-la-validacion-de-redes-de-alta-velocidad\/#breadcrumb","itemListElement":[{"@type":"ListItem","position":1,"name":"Portada","item":"https:\/\/computaex.es\/"},{"@type":"ListItem","position":2,"name":"Publicaciones","item":"https:\/\/computaex.es\/publicaciones\/"},{"@type":"ListItem","position":3,"name":"An\u00e1lisis y dise\u00f1o de prototipo experimental para el estudio y la validaci\u00f3n de redes de alta velocidad"}]},{"@type":"WebSite","@id":"https:\/\/computaex.es\/#website","url":"https:\/\/computaex.es\/","name":"COMPUTAEX Foundation","description":"COMPUTAEX","publisher":{"@id":"https:\/\/computaex.es\/#organization"},"potentialAction":[{"@type":"SearchAction","target":{"@type":"EntryPoint","urlTemplate":"https:\/\/computaex.es\/?s={search_term_string}"},"query-input":{"@type":"PropertyValueSpecification","valueRequired":true,"valueName":"search_term_string"}}],"inLanguage":"en-US"},{"@type":"Organization","@id":"https:\/\/computaex.es\/#organization","name":"COMPUTAEX","url":"https:\/\/computaex.es\/","logo":{"@type":"ImageObject","inLanguage":"en-US","@id":"https:\/\/computaex.es\/#\/schema\/logo\/image\/","url":"https:\/\/computaex.es\/wp-content\/uploads\/2025\/05\/cropped-COMPUTAEX_transparente-scaled-1.png","contentUrl":"https:\/\/computaex.es\/wp-content\/uploads\/2025\/05\/cropped-COMPUTAEX_transparente-scaled-1.png","width":2560,"height":970,"caption":"COMPUTAEX"},"image":{"@id":"https:\/\/computaex.es\/#\/schema\/logo\/image\/"},"sameAs":["https:\/\/m.facebook.com\/computaex\/","https:\/\/x.com\/computaex","https:\/\/es.linkedin.com\/company\/cenits"]}]}},"_links":{"self":[{"href":"https:\/\/computaex.es\/en\/wp-json\/wp\/v2\/pages\/9446","targetHints":{"allow":["GET"]}}],"collection":[{"href":"https:\/\/computaex.es\/en\/wp-json\/wp\/v2\/pages"}],"about":[{"href":"https:\/\/computaex.es\/en\/wp-json\/wp\/v2\/types\/page"}],"author":[{"embeddable":true,"href":"https:\/\/computaex.es\/en\/wp-json\/wp\/v2\/users\/1"}],"replies":[{"embeddable":true,"href":"https:\/\/computaex.es\/en\/wp-json\/wp\/v2\/comments?post=9446"}],"version-history":[{"count":1,"href":"https:\/\/computaex.es\/en\/wp-json\/wp\/v2\/pages\/9446\/revisions"}],"predecessor-version":[{"id":9447,"href":"https:\/\/computaex.es\/en\/wp-json\/wp\/v2\/pages\/9446\/revisions\/9447"}],"up":[{"embeddable":true,"href":"https:\/\/computaex.es\/en\/wp-json\/wp\/v2\/pages\/1583"}],"wp:attachment":[{"href":"https:\/\/computaex.es\/en\/wp-json\/wp\/v2\/media?parent=9446"}],"wp:term":[{"taxonomy":"category","embeddable":true,"href":"https:\/\/computaex.es\/en\/wp-json\/wp\/v2\/categories?post=9446"},{"taxonomy":"post_tag","embeddable":true,"href":"https:\/\/computaex.es\/en\/wp-json\/wp\/v2\/tags?post=9446"}],"curies":[{"name":"wp","href":"https:\/\/api.w.org\/{rel}","templated":true}]}}