{"id":9456,"date":"2021-05-06T14:52:10","date_gmt":"2021-05-06T12:52:10","guid":{"rendered":"https:\/\/web.computaex.es\/?page_id=9456"},"modified":"2025-08-26T14:52:56","modified_gmt":"2025-08-26T12:52:56","slug":"thinking-in-parallel-foreword","status":"publish","type":"page","link":"https:\/\/computaex.es\/en\/publicaciones\/thinking-in-parallel-foreword\/","title":{"rendered":"Thinking in Parallel: foreword"},"content":{"rendered":"<div class=\"field field-name-field-pub-descripcion field-type-text-long field-label-hidden\">\n<div class=\"field-items\">\n<div class=\"field-item even\">\n<p>Under the title of\u00a0Supercomputing Education: Thinking in Parallel, this special issue of the Journal of Supercomputing (SUPE) was promoted from the TEEM&#8217;19 International ConferenceFootnote1\u00a0held in Le\u00f3n (Spain) in October 2019. A special session under the same title was organized at the Conference, focused on the factors that have to be taken into account for improving training in Supercomputing, on identifying the limitations of Supercomputing training, and on how to provide solutions for these limitations.<\/p>\n<p>The use of Supercomputers is wide spreading, constituting an essential component in many fields of science. The interest in the use of high-performance computing (HPC) facilities is also increasing in a growing percentage of undergraduates because the use of these infrastructures allows them to improve their skills and the results of their training. For this reason, the demand of training on supercomputing increases continuously. \u201cThinking in Parallel\u201d intended to focus on the factors that have to be taking into account for improving training in Supercomputing for improving the performance of researchers and also to try to identify the limitations of current supercomputing training and to provide solutions for these limitations.<\/p>\n<p>In particular, this special issue is focused on experiences and tools to facilitate the parallelization of existing code, training of researchers and professionals with non-IT backgrounds, recycling of IT professional for the HPC ecosystem, and learning methodologies, tools, and experiences for training of computer science students in parallel programming.<\/p>\n<\/div>\n<\/div>\n<\/div>\n<div class=\"field field-name-field-pub-fuente field-type-text-long field-label-above\">\n<div class=\"field-label\"><strong>Fuente de la publicaci\u00f3n:\u00a0<\/strong><\/div>\n<div class=\"field-items\">\n<div class=\"field-item even\">\n<ul>\n<li>Matell\u00e1n Olivera, V., Gonz\u00e1lez-S\u00e1nchez, J.L. Thinking in Parallel: foreword.\u00a0Journal of Supercomputing, 2021.<br \/>\n<a href=\"https:\/\/doi.org\/10.1007\/s11227-021-03848-8\" target=\"_blank\" rel=\"noopener\">https:\/\/doi.org\/10.1007\/s11227-021-03848-8<\/a>.<\/li>\n<\/ul>\n<\/div>\n<\/div>\n<\/div>","protected":false},"excerpt":{"rendered":"<p>Under the title of\u00a0Supercomputing Education: Thinking in Parallel, this special issue of the Journal of Supercomputing (SUPE) was promoted from the TEEM&#8217;19 International ConferenceFootnote1\u00a0held in Le\u00f3n (Spain) in October 2019. &#8230;<\/p>","protected":false},"author":1,"featured_media":0,"parent":1583,"menu_order":0,"comment_status":"closed","ping_status":"closed","template":"","meta":{"footnotes":""},"categories":[112,91],"tags":[],"class_list":["post-9456","page","type-page","status-publish","hentry","category-112","category-publicaciones"],"yoast_head":"<!-- This site is optimized with the Yoast SEO plugin v27.1.1 - https:\/\/yoast.com\/product\/yoast-seo-wordpress\/ -->\n<title>Thinking in Parallel: foreword - Fundaci\u00f3n COMPUTAEX<\/title>\n<meta name=\"robots\" content=\"index, follow, max-snippet:-1, max-image-preview:large, max-video-preview:-1\" \/>\n<link rel=\"canonical\" href=\"https:\/\/computaex.es\/en\/publicaciones\/thinking-in-parallel-foreword\/\" \/>\n<meta property=\"og:locale\" content=\"en_US\" \/>\n<meta property=\"og:type\" content=\"article\" \/>\n<meta property=\"og:title\" content=\"Thinking in Parallel: foreword - Fundaci\u00f3n COMPUTAEX\" \/>\n<meta property=\"og:description\" content=\"Under the title of\u00a0Supercomputing Education: Thinking in Parallel, this special issue of the Journal of Supercomputing (SUPE) was promoted from the TEEM&#8217;19 International ConferenceFootnote1\u00a0held in Le\u00f3n (Spain) in October 2019. ...\" \/>\n<meta property=\"og:url\" content=\"https:\/\/computaex.es\/en\/publicaciones\/thinking-in-parallel-foreword\/\" \/>\n<meta property=\"og:site_name\" content=\"Fundaci\u00f3n COMPUTAEX\" \/>\n<meta property=\"article:publisher\" content=\"https:\/\/m.facebook.com\/computaex\/\" \/>\n<meta property=\"article:modified_time\" content=\"2025-08-26T12:52:56+00:00\" \/>\n<meta property=\"og:image\" content=\"https:\/\/computaex.es\/wp-content\/uploads\/2025\/08\/COMPUTAEX.jpg\" \/>\n\t<meta property=\"og:image:width\" content=\"1024\" \/>\n\t<meta property=\"og:image:height\" content=\"403\" \/>\n\t<meta property=\"og:image:type\" content=\"image\/jpeg\" \/>\n<meta name=\"twitter:card\" content=\"summary_large_image\" \/>\n<meta name=\"twitter:site\" content=\"@computaex\" \/>\n<meta name=\"twitter:label1\" content=\"Est. reading time\" \/>\n\t<meta name=\"twitter:data1\" content=\"2 minutes\" \/>\n<script type=\"application\/ld+json\" class=\"yoast-schema-graph\">{\"@context\":\"https:\/\/schema.org\",\"@graph\":[{\"@type\":\"WebPage\",\"@id\":\"https:\/\/computaex.es\/publicaciones\/thinking-in-parallel-foreword\/\",\"url\":\"https:\/\/computaex.es\/publicaciones\/thinking-in-parallel-foreword\/\",\"name\":\"Thinking in Parallel: foreword - Fundaci\u00f3n COMPUTAEX\",\"isPartOf\":{\"@id\":\"https:\/\/computaex.es\/#website\"},\"datePublished\":\"2021-05-06T12:52:10+00:00\",\"dateModified\":\"2025-08-26T12:52:56+00:00\",\"breadcrumb\":{\"@id\":\"https:\/\/computaex.es\/publicaciones\/thinking-in-parallel-foreword\/#breadcrumb\"},\"inLanguage\":\"en-US\",\"potentialAction\":[{\"@type\":\"ReadAction\",\"target\":[\"https:\/\/computaex.es\/publicaciones\/thinking-in-parallel-foreword\/\"]}]},{\"@type\":\"BreadcrumbList\",\"@id\":\"https:\/\/computaex.es\/publicaciones\/thinking-in-parallel-foreword\/#breadcrumb\",\"itemListElement\":[{\"@type\":\"ListItem\",\"position\":1,\"name\":\"Portada\",\"item\":\"https:\/\/computaex.es\/\"},{\"@type\":\"ListItem\",\"position\":2,\"name\":\"Publicaciones\",\"item\":\"https:\/\/computaex.es\/publicaciones\/\"},{\"@type\":\"ListItem\",\"position\":3,\"name\":\"Thinking in Parallel: foreword\"}]},{\"@type\":\"WebSite\",\"@id\":\"https:\/\/computaex.es\/#website\",\"url\":\"https:\/\/computaex.es\/\",\"name\":\"Fundaci\u00f3n COMPUTAEX\",\"description\":\"COMPUTAEX\",\"publisher\":{\"@id\":\"https:\/\/computaex.es\/#organization\"},\"potentialAction\":[{\"@type\":\"SearchAction\",\"target\":{\"@type\":\"EntryPoint\",\"urlTemplate\":\"https:\/\/computaex.es\/?s={search_term_string}\"},\"query-input\":{\"@type\":\"PropertyValueSpecification\",\"valueRequired\":true,\"valueName\":\"search_term_string\"}}],\"inLanguage\":\"en-US\"},{\"@type\":\"Organization\",\"@id\":\"https:\/\/computaex.es\/#organization\",\"name\":\"COMPUTAEX\",\"url\":\"https:\/\/computaex.es\/\",\"logo\":{\"@type\":\"ImageObject\",\"inLanguage\":\"en-US\",\"@id\":\"https:\/\/computaex.es\/#\/schema\/logo\/image\/\",\"url\":\"https:\/\/computaex.es\/wp-content\/uploads\/2025\/05\/cropped-COMPUTAEX_transparente-scaled-1.png\",\"contentUrl\":\"https:\/\/computaex.es\/wp-content\/uploads\/2025\/05\/cropped-COMPUTAEX_transparente-scaled-1.png\",\"width\":2560,\"height\":970,\"caption\":\"COMPUTAEX\"},\"image\":{\"@id\":\"https:\/\/computaex.es\/#\/schema\/logo\/image\/\"},\"sameAs\":[\"https:\/\/m.facebook.com\/computaex\/\",\"https:\/\/x.com\/computaex\",\"https:\/\/es.linkedin.com\/company\/cenits\"]}]}<\/script>\n<!-- \/ Yoast SEO plugin. -->","yoast_head_json":{"title":"Thinking in Parallel: foreword - Fundaci\u00f3n COMPUTAEX","robots":{"index":"index","follow":"follow","max-snippet":"max-snippet:-1","max-image-preview":"max-image-preview:large","max-video-preview":"max-video-preview:-1"},"canonical":"https:\/\/computaex.es\/en\/publicaciones\/thinking-in-parallel-foreword\/","og_locale":"en_US","og_type":"article","og_title":"Thinking in Parallel: foreword - Fundaci\u00f3n COMPUTAEX","og_description":"Under the title of\u00a0Supercomputing Education: Thinking in Parallel, this special issue of the Journal of Supercomputing (SUPE) was promoted from the TEEM&#8217;19 International ConferenceFootnote1\u00a0held in Le\u00f3n (Spain) in October 2019. ...","og_url":"https:\/\/computaex.es\/en\/publicaciones\/thinking-in-parallel-foreword\/","og_site_name":"Fundaci\u00f3n COMPUTAEX","article_publisher":"https:\/\/m.facebook.com\/computaex\/","article_modified_time":"2025-08-26T12:52:56+00:00","og_image":[{"width":1024,"height":403,"url":"https:\/\/computaex.es\/wp-content\/uploads\/2025\/08\/COMPUTAEX.jpg","type":"image\/jpeg"}],"twitter_card":"summary_large_image","twitter_site":"@computaex","twitter_misc":{"Est. reading time":"2 minutes"},"schema":{"@context":"https:\/\/schema.org","@graph":[{"@type":"WebPage","@id":"https:\/\/computaex.es\/publicaciones\/thinking-in-parallel-foreword\/","url":"https:\/\/computaex.es\/publicaciones\/thinking-in-parallel-foreword\/","name":"Thinking in Parallel: foreword - Fundaci\u00f3n COMPUTAEX","isPartOf":{"@id":"https:\/\/computaex.es\/#website"},"datePublished":"2021-05-06T12:52:10+00:00","dateModified":"2025-08-26T12:52:56+00:00","breadcrumb":{"@id":"https:\/\/computaex.es\/publicaciones\/thinking-in-parallel-foreword\/#breadcrumb"},"inLanguage":"en-US","potentialAction":[{"@type":"ReadAction","target":["https:\/\/computaex.es\/publicaciones\/thinking-in-parallel-foreword\/"]}]},{"@type":"BreadcrumbList","@id":"https:\/\/computaex.es\/publicaciones\/thinking-in-parallel-foreword\/#breadcrumb","itemListElement":[{"@type":"ListItem","position":1,"name":"Portada","item":"https:\/\/computaex.es\/"},{"@type":"ListItem","position":2,"name":"Publicaciones","item":"https:\/\/computaex.es\/publicaciones\/"},{"@type":"ListItem","position":3,"name":"Thinking in Parallel: foreword"}]},{"@type":"WebSite","@id":"https:\/\/computaex.es\/#website","url":"https:\/\/computaex.es\/","name":"COMPUTAEX Foundation","description":"COMPUTAEX","publisher":{"@id":"https:\/\/computaex.es\/#organization"},"potentialAction":[{"@type":"SearchAction","target":{"@type":"EntryPoint","urlTemplate":"https:\/\/computaex.es\/?s={search_term_string}"},"query-input":{"@type":"PropertyValueSpecification","valueRequired":true,"valueName":"search_term_string"}}],"inLanguage":"en-US"},{"@type":"Organization","@id":"https:\/\/computaex.es\/#organization","name":"COMPUTAEX","url":"https:\/\/computaex.es\/","logo":{"@type":"ImageObject","inLanguage":"en-US","@id":"https:\/\/computaex.es\/#\/schema\/logo\/image\/","url":"https:\/\/computaex.es\/wp-content\/uploads\/2025\/05\/cropped-COMPUTAEX_transparente-scaled-1.png","contentUrl":"https:\/\/computaex.es\/wp-content\/uploads\/2025\/05\/cropped-COMPUTAEX_transparente-scaled-1.png","width":2560,"height":970,"caption":"COMPUTAEX"},"image":{"@id":"https:\/\/computaex.es\/#\/schema\/logo\/image\/"},"sameAs":["https:\/\/m.facebook.com\/computaex\/","https:\/\/x.com\/computaex","https:\/\/es.linkedin.com\/company\/cenits"]}]}},"_links":{"self":[{"href":"https:\/\/computaex.es\/en\/wp-json\/wp\/v2\/pages\/9456","targetHints":{"allow":["GET"]}}],"collection":[{"href":"https:\/\/computaex.es\/en\/wp-json\/wp\/v2\/pages"}],"about":[{"href":"https:\/\/computaex.es\/en\/wp-json\/wp\/v2\/types\/page"}],"author":[{"embeddable":true,"href":"https:\/\/computaex.es\/en\/wp-json\/wp\/v2\/users\/1"}],"replies":[{"embeddable":true,"href":"https:\/\/computaex.es\/en\/wp-json\/wp\/v2\/comments?post=9456"}],"version-history":[{"count":1,"href":"https:\/\/computaex.es\/en\/wp-json\/wp\/v2\/pages\/9456\/revisions"}],"predecessor-version":[{"id":9457,"href":"https:\/\/computaex.es\/en\/wp-json\/wp\/v2\/pages\/9456\/revisions\/9457"}],"up":[{"embeddable":true,"href":"https:\/\/computaex.es\/en\/wp-json\/wp\/v2\/pages\/1583"}],"wp:attachment":[{"href":"https:\/\/computaex.es\/en\/wp-json\/wp\/v2\/media?parent=9456"}],"wp:term":[{"taxonomy":"category","embeddable":true,"href":"https:\/\/computaex.es\/en\/wp-json\/wp\/v2\/categories?post=9456"},{"taxonomy":"post_tag","embeddable":true,"href":"https:\/\/computaex.es\/en\/wp-json\/wp\/v2\/tags?post=9456"}],"curies":[{"name":"wp","href":"https:\/\/api.w.org\/{rel}","templated":true}]}}