{"id":9458,"date":"2021-01-29T14:53:31","date_gmt":"2021-01-29T13:53:31","guid":{"rendered":"https:\/\/web.computaex.es\/?page_id=9458"},"modified":"2025-08-26T14:54:17","modified_gmt":"2025-08-26T12:54:17","slug":"cultivdata-integracion-analisis-y-gestion-de-la-recoleccion-y-tratamiento-de-datos-de-cultivo-para-la-mejora-de-la-eficiencia-agraria","status":"publish","type":"page","link":"https:\/\/computaex.es\/en\/publicaciones\/cultivdata-integracion-analisis-y-gestion-de-la-recoleccion-y-tratamiento-de-datos-de-cultivo-para-la-mejora-de-la-eficiencia-agraria\/","title":{"rendered":"CultivData: Integraci\u00f3n, an\u00e1lisis y gesti\u00f3n de la recolecci\u00f3n y tratamiento de datos de cultivo para la mejora de la eficiencia agraria"},"content":{"rendered":"<div class=\"field field-name-field-pub-descripcion field-type-text-long field-label-hidden\">\n<div class=\"field-items\">\n<div class=\"field-item even\">\n<p>A pesar de que la tecnolog\u00eda avanza y se implanta cada vez m\u00e1s en la sociedad y en la actividad econ\u00f3mica, las soluciones tecnol\u00f3gicas para el sector agropecuario llegan con retraso. Este sector resulta fundamental dada la demanda existente de productos agr\u00edcolas y ganaderos debida al crecimiento de la poblaci\u00f3n. Por lo tanto, es necesaria una mejora en la producci\u00f3n de estos bienes, sobre todo en lo que concierne a nuestra regi\u00f3n, Extremadura.<\/p>\n<p>Este proyecto pretende dar una soluci\u00f3n tecnol\u00f3gica para mejorar la producci\u00f3n agr\u00edcola y ganadera mediante la aplicaci\u00f3n de t\u00e9cnicas de agricultura de precisi\u00f3n, en t\u00e9rminos generales, t\u00e9cnicas Big Data aplicadas al sector agropecuario. En concreto, el proyecto se ha centrado en m\u00e9todos de extracci\u00f3n de datos que servir\u00e1n como base de futuros an\u00e1lisis. Estos datos se captar\u00e1n de fuentes abiertas que permitan el uso para tales prop\u00f3sitos. El objetivo ha sido desarrollar una plataforma que permita la extracci\u00f3n, gesti\u00f3n y visualizaci\u00f3n de esta informaci\u00f3n. La plataforma posibilita extraer los datos de las distintas fuentes de una forma sencilla, gestionarlos y visualizarlos en distintos formatos desde un mismo lugar, sin necesidad de acceder a las plataformas espec\u00edficas de cada fuente.<\/p>\n<\/div>\n<\/div>\n<\/div>\n<div class=\"field field-name-field-pub-fuente field-type-text-long field-label-above\">\n<div class=\"field-label\"><strong>Fuente de la publicaci\u00f3n:\u00a0<\/strong><\/div>\n<div class=\"field-items\">\n<div class=\"field-item even\">\n<ul>\n<li>Enrique Moreno S\u00e1nchez, F\u00e9lix Rodr\u00edguez y Jos\u00e9-Luis Gonz\u00e1lez-S\u00e1nchez.\u00a0<em>CultivData: Integraci\u00f3n, an\u00e1lisis y gesti\u00f3n de la recolecci\u00f3n y tratamiento de datos de cultivo para la mejora de la eficiencia agraria<\/em>. Trabajo Fin de Grado (TFG) en Ingenier\u00eda Inform\u00e1tica en Ingenier\u00eda del Software de la Universidad de Extremadura. Enero de 2021.<\/li>\n<\/ul>\n<\/div>\n<\/div>\n<\/div>","protected":false},"excerpt":{"rendered":"<p>A pesar de que la tecnolog\u00eda avanza y se implanta cada vez m\u00e1s en la sociedad y en la actividad econ\u00f3mica, las soluciones tecnol\u00f3gicas para el sector agropecuario llegan con &#8230;<\/p>","protected":false},"author":1,"featured_media":0,"parent":1583,"menu_order":0,"comment_status":"closed","ping_status":"closed","template":"","meta":{"footnotes":""},"categories":[112,91],"tags":[],"class_list":["post-9458","page","type-page","status-publish","hentry","category-112","category-publicaciones"],"yoast_head":"<!-- This site is optimized with the Yoast SEO plugin v27.1.1 - https:\/\/yoast.com\/product\/yoast-seo-wordpress\/ -->\n<title>CultivData: Integraci\u00f3n, an\u00e1lisis y gesti\u00f3n de la recolecci\u00f3n y tratamiento de datos de cultivo para la mejora de la eficiencia agraria - Fundaci\u00f3n COMPUTAEX<\/title>\n<meta name=\"robots\" content=\"index, follow, max-snippet:-1, max-image-preview:large, max-video-preview:-1\" \/>\n<link rel=\"canonical\" href=\"https:\/\/computaex.es\/en\/publicaciones\/cultivdata-integracion-analisis-y-gestion-de-la-recoleccion-y-tratamiento-de-datos-de-cultivo-para-la-mejora-de-la-eficiencia-agraria\/\" \/>\n<meta property=\"og:locale\" content=\"en_US\" \/>\n<meta property=\"og:type\" content=\"article\" \/>\n<meta property=\"og:title\" content=\"CultivData: Integraci\u00f3n, an\u00e1lisis y gesti\u00f3n de la recolecci\u00f3n y tratamiento de datos de cultivo para la mejora de la eficiencia agraria - Fundaci\u00f3n COMPUTAEX\" \/>\n<meta property=\"og:description\" content=\"A pesar de que la tecnolog\u00eda avanza y se implanta cada vez m\u00e1s en la sociedad y en la actividad econ\u00f3mica, las soluciones tecnol\u00f3gicas para el sector agropecuario llegan con ...\" \/>\n<meta property=\"og:url\" content=\"https:\/\/computaex.es\/en\/publicaciones\/cultivdata-integracion-analisis-y-gestion-de-la-recoleccion-y-tratamiento-de-datos-de-cultivo-para-la-mejora-de-la-eficiencia-agraria\/\" \/>\n<meta property=\"og:site_name\" content=\"Fundaci\u00f3n COMPUTAEX\" \/>\n<meta property=\"article:publisher\" content=\"https:\/\/m.facebook.com\/computaex\/\" \/>\n<meta property=\"article:modified_time\" content=\"2025-08-26T12:54:17+00:00\" \/>\n<meta property=\"og:image\" content=\"https:\/\/computaex.es\/wp-content\/uploads\/2025\/08\/COMPUTAEX.jpg\" \/>\n\t<meta property=\"og:image:width\" content=\"1024\" \/>\n\t<meta property=\"og:image:height\" content=\"403\" \/>\n\t<meta property=\"og:image:type\" content=\"image\/jpeg\" \/>\n<meta name=\"twitter:card\" content=\"summary_large_image\" \/>\n<meta name=\"twitter:site\" content=\"@computaex\" \/>\n<meta name=\"twitter:label1\" content=\"Est. reading time\" \/>\n\t<meta name=\"twitter:data1\" content=\"2 minutes\" \/>\n<script type=\"application\/ld+json\" class=\"yoast-schema-graph\">{\"@context\":\"https:\/\/schema.org\",\"@graph\":[{\"@type\":\"WebPage\",\"@id\":\"https:\/\/computaex.es\/publicaciones\/cultivdata-integracion-analisis-y-gestion-de-la-recoleccion-y-tratamiento-de-datos-de-cultivo-para-la-mejora-de-la-eficiencia-agraria\/\",\"url\":\"https:\/\/computaex.es\/publicaciones\/cultivdata-integracion-analisis-y-gestion-de-la-recoleccion-y-tratamiento-de-datos-de-cultivo-para-la-mejora-de-la-eficiencia-agraria\/\",\"name\":\"CultivData: Integraci\u00f3n, an\u00e1lisis y gesti\u00f3n de la recolecci\u00f3n y tratamiento de datos de cultivo para la mejora de la eficiencia agraria - Fundaci\u00f3n COMPUTAEX\",\"isPartOf\":{\"@id\":\"https:\/\/computaex.es\/#website\"},\"datePublished\":\"2021-01-29T13:53:31+00:00\",\"dateModified\":\"2025-08-26T12:54:17+00:00\",\"breadcrumb\":{\"@id\":\"https:\/\/computaex.es\/publicaciones\/cultivdata-integracion-analisis-y-gestion-de-la-recoleccion-y-tratamiento-de-datos-de-cultivo-para-la-mejora-de-la-eficiencia-agraria\/#breadcrumb\"},\"inLanguage\":\"en-US\",\"potentialAction\":[{\"@type\":\"ReadAction\",\"target\":[\"https:\/\/computaex.es\/publicaciones\/cultivdata-integracion-analisis-y-gestion-de-la-recoleccion-y-tratamiento-de-datos-de-cultivo-para-la-mejora-de-la-eficiencia-agraria\/\"]}]},{\"@type\":\"BreadcrumbList\",\"@id\":\"https:\/\/computaex.es\/publicaciones\/cultivdata-integracion-analisis-y-gestion-de-la-recoleccion-y-tratamiento-de-datos-de-cultivo-para-la-mejora-de-la-eficiencia-agraria\/#breadcrumb\",\"itemListElement\":[{\"@type\":\"ListItem\",\"position\":1,\"name\":\"Portada\",\"item\":\"https:\/\/computaex.es\/\"},{\"@type\":\"ListItem\",\"position\":2,\"name\":\"Publicaciones\",\"item\":\"https:\/\/computaex.es\/publicaciones\/\"},{\"@type\":\"ListItem\",\"position\":3,\"name\":\"CultivData: Integraci\u00f3n, an\u00e1lisis y gesti\u00f3n de la recolecci\u00f3n y tratamiento de datos de cultivo para la mejora de la eficiencia agraria\"}]},{\"@type\":\"WebSite\",\"@id\":\"https:\/\/computaex.es\/#website\",\"url\":\"https:\/\/computaex.es\/\",\"name\":\"Fundaci\u00f3n COMPUTAEX\",\"description\":\"COMPUTAEX\",\"publisher\":{\"@id\":\"https:\/\/computaex.es\/#organization\"},\"potentialAction\":[{\"@type\":\"SearchAction\",\"target\":{\"@type\":\"EntryPoint\",\"urlTemplate\":\"https:\/\/computaex.es\/?s={search_term_string}\"},\"query-input\":{\"@type\":\"PropertyValueSpecification\",\"valueRequired\":true,\"valueName\":\"search_term_string\"}}],\"inLanguage\":\"en-US\"},{\"@type\":\"Organization\",\"@id\":\"https:\/\/computaex.es\/#organization\",\"name\":\"COMPUTAEX\",\"url\":\"https:\/\/computaex.es\/\",\"logo\":{\"@type\":\"ImageObject\",\"inLanguage\":\"en-US\",\"@id\":\"https:\/\/computaex.es\/#\/schema\/logo\/image\/\",\"url\":\"https:\/\/computaex.es\/wp-content\/uploads\/2025\/05\/cropped-COMPUTAEX_transparente-scaled-1.png\",\"contentUrl\":\"https:\/\/computaex.es\/wp-content\/uploads\/2025\/05\/cropped-COMPUTAEX_transparente-scaled-1.png\",\"width\":2560,\"height\":970,\"caption\":\"COMPUTAEX\"},\"image\":{\"@id\":\"https:\/\/computaex.es\/#\/schema\/logo\/image\/\"},\"sameAs\":[\"https:\/\/m.facebook.com\/computaex\/\",\"https:\/\/x.com\/computaex\",\"https:\/\/es.linkedin.com\/company\/cenits\"]}]}<\/script>\n<!-- \/ Yoast SEO plugin. -->","yoast_head_json":{"title":"CultivData: Integraci\u00f3n, an\u00e1lisis y gesti\u00f3n de la recolecci\u00f3n y tratamiento de datos de cultivo para la mejora de la eficiencia agraria - Fundaci\u00f3n COMPUTAEX","robots":{"index":"index","follow":"follow","max-snippet":"max-snippet:-1","max-image-preview":"max-image-preview:large","max-video-preview":"max-video-preview:-1"},"canonical":"https:\/\/computaex.es\/en\/publicaciones\/cultivdata-integracion-analisis-y-gestion-de-la-recoleccion-y-tratamiento-de-datos-de-cultivo-para-la-mejora-de-la-eficiencia-agraria\/","og_locale":"en_US","og_type":"article","og_title":"CultivData: Integraci\u00f3n, an\u00e1lisis y gesti\u00f3n de la recolecci\u00f3n y tratamiento de datos de cultivo para la mejora de la eficiencia agraria - Fundaci\u00f3n COMPUTAEX","og_description":"A pesar de que la tecnolog\u00eda avanza y se implanta cada vez m\u00e1s en la sociedad y en la actividad econ\u00f3mica, las soluciones tecnol\u00f3gicas para el sector agropecuario llegan con ...","og_url":"https:\/\/computaex.es\/en\/publicaciones\/cultivdata-integracion-analisis-y-gestion-de-la-recoleccion-y-tratamiento-de-datos-de-cultivo-para-la-mejora-de-la-eficiencia-agraria\/","og_site_name":"Fundaci\u00f3n COMPUTAEX","article_publisher":"https:\/\/m.facebook.com\/computaex\/","article_modified_time":"2025-08-26T12:54:17+00:00","og_image":[{"width":1024,"height":403,"url":"https:\/\/computaex.es\/wp-content\/uploads\/2025\/08\/COMPUTAEX.jpg","type":"image\/jpeg"}],"twitter_card":"summary_large_image","twitter_site":"@computaex","twitter_misc":{"Est. reading time":"2 minutes"},"schema":{"@context":"https:\/\/schema.org","@graph":[{"@type":"WebPage","@id":"https:\/\/computaex.es\/publicaciones\/cultivdata-integracion-analisis-y-gestion-de-la-recoleccion-y-tratamiento-de-datos-de-cultivo-para-la-mejora-de-la-eficiencia-agraria\/","url":"https:\/\/computaex.es\/publicaciones\/cultivdata-integracion-analisis-y-gestion-de-la-recoleccion-y-tratamiento-de-datos-de-cultivo-para-la-mejora-de-la-eficiencia-agraria\/","name":"CultivData: Integraci\u00f3n, an\u00e1lisis y gesti\u00f3n de la recolecci\u00f3n y tratamiento de datos de cultivo para la mejora de la eficiencia agraria - Fundaci\u00f3n COMPUTAEX","isPartOf":{"@id":"https:\/\/computaex.es\/#website"},"datePublished":"2021-01-29T13:53:31+00:00","dateModified":"2025-08-26T12:54:17+00:00","breadcrumb":{"@id":"https:\/\/computaex.es\/publicaciones\/cultivdata-integracion-analisis-y-gestion-de-la-recoleccion-y-tratamiento-de-datos-de-cultivo-para-la-mejora-de-la-eficiencia-agraria\/#breadcrumb"},"inLanguage":"en-US","potentialAction":[{"@type":"ReadAction","target":["https:\/\/computaex.es\/publicaciones\/cultivdata-integracion-analisis-y-gestion-de-la-recoleccion-y-tratamiento-de-datos-de-cultivo-para-la-mejora-de-la-eficiencia-agraria\/"]}]},{"@type":"BreadcrumbList","@id":"https:\/\/computaex.es\/publicaciones\/cultivdata-integracion-analisis-y-gestion-de-la-recoleccion-y-tratamiento-de-datos-de-cultivo-para-la-mejora-de-la-eficiencia-agraria\/#breadcrumb","itemListElement":[{"@type":"ListItem","position":1,"name":"Portada","item":"https:\/\/computaex.es\/"},{"@type":"ListItem","position":2,"name":"Publicaciones","item":"https:\/\/computaex.es\/publicaciones\/"},{"@type":"ListItem","position":3,"name":"CultivData: Integraci\u00f3n, an\u00e1lisis y gesti\u00f3n de la recolecci\u00f3n y tratamiento de datos de cultivo para la mejora de la eficiencia agraria"}]},{"@type":"WebSite","@id":"https:\/\/computaex.es\/#website","url":"https:\/\/computaex.es\/","name":"COMPUTAEX Foundation","description":"COMPUTAEX","publisher":{"@id":"https:\/\/computaex.es\/#organization"},"potentialAction":[{"@type":"SearchAction","target":{"@type":"EntryPoint","urlTemplate":"https:\/\/computaex.es\/?s={search_term_string}"},"query-input":{"@type":"PropertyValueSpecification","valueRequired":true,"valueName":"search_term_string"}}],"inLanguage":"en-US"},{"@type":"Organization","@id":"https:\/\/computaex.es\/#organization","name":"COMPUTAEX","url":"https:\/\/computaex.es\/","logo":{"@type":"ImageObject","inLanguage":"en-US","@id":"https:\/\/computaex.es\/#\/schema\/logo\/image\/","url":"https:\/\/computaex.es\/wp-content\/uploads\/2025\/05\/cropped-COMPUTAEX_transparente-scaled-1.png","contentUrl":"https:\/\/computaex.es\/wp-content\/uploads\/2025\/05\/cropped-COMPUTAEX_transparente-scaled-1.png","width":2560,"height":970,"caption":"COMPUTAEX"},"image":{"@id":"https:\/\/computaex.es\/#\/schema\/logo\/image\/"},"sameAs":["https:\/\/m.facebook.com\/computaex\/","https:\/\/x.com\/computaex","https:\/\/es.linkedin.com\/company\/cenits"]}]}},"_links":{"self":[{"href":"https:\/\/computaex.es\/en\/wp-json\/wp\/v2\/pages\/9458","targetHints":{"allow":["GET"]}}],"collection":[{"href":"https:\/\/computaex.es\/en\/wp-json\/wp\/v2\/pages"}],"about":[{"href":"https:\/\/computaex.es\/en\/wp-json\/wp\/v2\/types\/page"}],"author":[{"embeddable":true,"href":"https:\/\/computaex.es\/en\/wp-json\/wp\/v2\/users\/1"}],"replies":[{"embeddable":true,"href":"https:\/\/computaex.es\/en\/wp-json\/wp\/v2\/comments?post=9458"}],"version-history":[{"count":1,"href":"https:\/\/computaex.es\/en\/wp-json\/wp\/v2\/pages\/9458\/revisions"}],"predecessor-version":[{"id":9459,"href":"https:\/\/computaex.es\/en\/wp-json\/wp\/v2\/pages\/9458\/revisions\/9459"}],"up":[{"embeddable":true,"href":"https:\/\/computaex.es\/en\/wp-json\/wp\/v2\/pages\/1583"}],"wp:attachment":[{"href":"https:\/\/computaex.es\/en\/wp-json\/wp\/v2\/media?parent=9458"}],"wp:term":[{"taxonomy":"category","embeddable":true,"href":"https:\/\/computaex.es\/en\/wp-json\/wp\/v2\/categories?post=9458"},{"taxonomy":"post_tag","embeddable":true,"href":"https:\/\/computaex.es\/en\/wp-json\/wp\/v2\/tags?post=9458"}],"curies":[{"name":"wp","href":"https:\/\/api.w.org\/{rel}","templated":true}]}}