{"id":9464,"date":"2010-05-20T15:24:22","date_gmt":"2010-05-20T13:24:22","guid":{"rendered":"https:\/\/web.computaex.es\/?page_id=9464"},"modified":"2025-08-27T08:56:47","modified_gmt":"2025-08-27T06:56:47","slug":"supercomputing-aware-electromagnetics","status":"publish","type":"page","link":"https:\/\/computaex.es\/en\/publicaciones\/supercomputing-aware-electromagnetics\/","title":{"rendered":"Supercomputing aware electromagnetics"},"content":{"rendered":"<p>J.M.Taboada, L.Landesa, J.Rivero, G.Gajardo-Silva, M.Amaya, F.Obelleiro, J.L.Rodr\u00edguez, M.G.Ara\u00fajo, J.M.B\u00e9rtolo, J.C.Mouri\u00f1o, A.G\u00f3mez, C.G\u00f3mez, J.L.Gonz\u00e1lez-S\u00e1nchez: \u00ab<strong>Supercomputing aware electromagnetics<\/strong>\u00ab.VII Encuentro Ib\u00e9rico de Electromagnetismo Computacional. 20-23. Monfrag\u00fce, C\u00e1ceres. Mayo de 2010.<\/p>\n<p><strong>Abstract<\/strong><br \/>\nThe Fast Fourier Transform (FFT) extension of the conventional Fast Multipole Method (FMM) has demonstrated<br \/>\nthat it reduces the matrix vector product (MVP) complexity while preserving the propensity for parallel scaling of the single level<br \/>\nFMM. An efficient hybrid MPI\/OpenMP parallel implementation of the FMM-FFT and, subsequently, an improved nested scheme<br \/>\nof the algorithm, and a combination with MLMFMA have been employed successfully for the solution of challenging problems<br \/>\nwith hundreds of millions of unknowns.<\/p>\n<p>Index Terms\u2014Fast Multipole Method, Fast Fourier Transform, Multilevel Fast Multipole Algorithm, Supercomputing<\/p>\n<p><a href=\"https:\/\/d1wqtxts1xzle7.cloudfront.net\/41236978\/Supercomputing_aware_electromagnetics20160113-25699-1qs72uz.pdf20160115-19908-fsib3l-libre.pdf?1452892862=&amp;response-content-disposition=inline%3B+filename%3DSupercomputing_aware_electromagnetics.pdf&amp;Expires=1756218112&amp;Signature=dfsabCg-yvBLEneKtCgryhVZTDEYFW6h9KfrPm-MCLx-CUQH6SJx4UNpPSj2uMzJBrREh-JHJJ0k2RqoSyk62qYFg~EHMhF2172pUFq3HROMwgJG-xRWToAHcQchKfCp-4r6eWddTwcVzrZWBtxAaPgygHtyg8-jvovToFIu6aiV3eI3tRg2mAhMFEHCnr-WcdcfyAJObaWWJ60tPhTcY7WF-hxQ0wa9NbT-4iuJr6bG8s938GJq5s1thBNOMKkwpCWIYqwubKOGGnzt5ekdS9AOirC2YUQKAkHYDjzwSKXHooddVCHNaRwviFAJJ29Qbh71mjlm0QfLMet~o65Yaw__&amp;Key-Pair-Id=APKAJLOHF5GGSLRBV4ZA\" target=\"_blank\" rel=\"noopener\">Descarga PDF<\/a><\/p>","protected":false},"excerpt":{"rendered":"<p>J.M.Taboada, L.Landesa, J.Rivero, G.Gajardo-Silva, M.Amaya, F.Obelleiro, J.L.Rodr\u00edguez, M.G.Ara\u00fajo, J.M.B\u00e9rtolo, J.C.Mouri\u00f1o, A.G\u00f3mez, C.G\u00f3mez, J.L.Gonz\u00e1lez-S\u00e1nchez: \u00abSupercomputing aware electromagnetics\u00ab.VII Encuentro Ib\u00e9rico de Electromagnetismo Computacional. 20-23. Monfrag\u00fce, C\u00e1ceres. Mayo de 2010. Abstract The Fast &#8230;<\/p>","protected":false},"author":1,"featured_media":0,"parent":1583,"menu_order":0,"comment_status":"closed","ping_status":"closed","template":"","meta":{"footnotes":""},"categories":[110],"tags":[],"class_list":["post-9464","page","type-page","status-publish","hentry","category-anteriores"],"yoast_head":"<!-- This site is optimized with the Yoast SEO plugin v27.1.1 - https:\/\/yoast.com\/product\/yoast-seo-wordpress\/ -->\n<title>Supercomputing aware electromagnetics - Fundaci\u00f3n COMPUTAEX<\/title>\n<meta name=\"robots\" content=\"index, follow, max-snippet:-1, max-image-preview:large, max-video-preview:-1\" \/>\n<link rel=\"canonical\" href=\"https:\/\/computaex.es\/en\/publicaciones\/supercomputing-aware-electromagnetics\/\" \/>\n<meta property=\"og:locale\" content=\"en_US\" \/>\n<meta property=\"og:type\" content=\"article\" \/>\n<meta property=\"og:title\" content=\"Supercomputing aware electromagnetics - Fundaci\u00f3n COMPUTAEX\" \/>\n<meta property=\"og:description\" content=\"J.M.Taboada, L.Landesa, J.Rivero, G.Gajardo-Silva, M.Amaya, F.Obelleiro, J.L.Rodr\u00edguez, M.G.Ara\u00fajo, J.M.B\u00e9rtolo, J.C.Mouri\u00f1o, A.G\u00f3mez, C.G\u00f3mez, J.L.Gonz\u00e1lez-S\u00e1nchez: \u00abSupercomputing aware electromagnetics\u00ab.VII Encuentro Ib\u00e9rico de Electromagnetismo Computacional. 20-23. Monfrag\u00fce, C\u00e1ceres. Mayo de 2010. Abstract The Fast ...\" \/>\n<meta property=\"og:url\" content=\"https:\/\/computaex.es\/en\/publicaciones\/supercomputing-aware-electromagnetics\/\" \/>\n<meta property=\"og:site_name\" content=\"Fundaci\u00f3n COMPUTAEX\" \/>\n<meta property=\"article:publisher\" content=\"https:\/\/m.facebook.com\/computaex\/\" \/>\n<meta property=\"article:modified_time\" content=\"2025-08-27T06:56:47+00:00\" \/>\n<meta property=\"og:image\" content=\"https:\/\/computaex.es\/wp-content\/uploads\/2025\/08\/COMPUTAEX.jpg\" \/>\n\t<meta property=\"og:image:width\" content=\"1024\" \/>\n\t<meta property=\"og:image:height\" content=\"403\" \/>\n\t<meta property=\"og:image:type\" content=\"image\/jpeg\" \/>\n<meta name=\"twitter:card\" content=\"summary_large_image\" \/>\n<meta name=\"twitter:site\" content=\"@computaex\" \/>\n<meta name=\"twitter:label1\" content=\"Est. reading time\" \/>\n\t<meta name=\"twitter:data1\" content=\"1 minute\" \/>\n<script type=\"application\/ld+json\" class=\"yoast-schema-graph\">{\"@context\":\"https:\/\/schema.org\",\"@graph\":[{\"@type\":\"WebPage\",\"@id\":\"https:\/\/computaex.es\/publicaciones\/supercomputing-aware-electromagnetics\/\",\"url\":\"https:\/\/computaex.es\/publicaciones\/supercomputing-aware-electromagnetics\/\",\"name\":\"Supercomputing aware electromagnetics - Fundaci\u00f3n COMPUTAEX\",\"isPartOf\":{\"@id\":\"https:\/\/computaex.es\/#website\"},\"datePublished\":\"2010-05-20T13:24:22+00:00\",\"dateModified\":\"2025-08-27T06:56:47+00:00\",\"breadcrumb\":{\"@id\":\"https:\/\/computaex.es\/publicaciones\/supercomputing-aware-electromagnetics\/#breadcrumb\"},\"inLanguage\":\"en-US\",\"potentialAction\":[{\"@type\":\"ReadAction\",\"target\":[\"https:\/\/computaex.es\/publicaciones\/supercomputing-aware-electromagnetics\/\"]}]},{\"@type\":\"BreadcrumbList\",\"@id\":\"https:\/\/computaex.es\/publicaciones\/supercomputing-aware-electromagnetics\/#breadcrumb\",\"itemListElement\":[{\"@type\":\"ListItem\",\"position\":1,\"name\":\"Portada\",\"item\":\"https:\/\/computaex.es\/\"},{\"@type\":\"ListItem\",\"position\":2,\"name\":\"Publicaciones\",\"item\":\"https:\/\/computaex.es\/publicaciones\/\"},{\"@type\":\"ListItem\",\"position\":3,\"name\":\"Supercomputing aware electromagnetics\"}]},{\"@type\":\"WebSite\",\"@id\":\"https:\/\/computaex.es\/#website\",\"url\":\"https:\/\/computaex.es\/\",\"name\":\"Fundaci\u00f3n COMPUTAEX\",\"description\":\"COMPUTAEX\",\"publisher\":{\"@id\":\"https:\/\/computaex.es\/#organization\"},\"potentialAction\":[{\"@type\":\"SearchAction\",\"target\":{\"@type\":\"EntryPoint\",\"urlTemplate\":\"https:\/\/computaex.es\/?s={search_term_string}\"},\"query-input\":{\"@type\":\"PropertyValueSpecification\",\"valueRequired\":true,\"valueName\":\"search_term_string\"}}],\"inLanguage\":\"en-US\"},{\"@type\":\"Organization\",\"@id\":\"https:\/\/computaex.es\/#organization\",\"name\":\"COMPUTAEX\",\"url\":\"https:\/\/computaex.es\/\",\"logo\":{\"@type\":\"ImageObject\",\"inLanguage\":\"en-US\",\"@id\":\"https:\/\/computaex.es\/#\/schema\/logo\/image\/\",\"url\":\"https:\/\/computaex.es\/wp-content\/uploads\/2025\/05\/cropped-COMPUTAEX_transparente-scaled-1.png\",\"contentUrl\":\"https:\/\/computaex.es\/wp-content\/uploads\/2025\/05\/cropped-COMPUTAEX_transparente-scaled-1.png\",\"width\":2560,\"height\":970,\"caption\":\"COMPUTAEX\"},\"image\":{\"@id\":\"https:\/\/computaex.es\/#\/schema\/logo\/image\/\"},\"sameAs\":[\"https:\/\/m.facebook.com\/computaex\/\",\"https:\/\/x.com\/computaex\",\"https:\/\/es.linkedin.com\/company\/cenits\"]}]}<\/script>\n<!-- \/ Yoast SEO plugin. -->","yoast_head_json":{"title":"Supercomputing aware electromagnetics - Fundaci\u00f3n COMPUTAEX","robots":{"index":"index","follow":"follow","max-snippet":"max-snippet:-1","max-image-preview":"max-image-preview:large","max-video-preview":"max-video-preview:-1"},"canonical":"https:\/\/computaex.es\/en\/publicaciones\/supercomputing-aware-electromagnetics\/","og_locale":"en_US","og_type":"article","og_title":"Supercomputing aware electromagnetics - Fundaci\u00f3n COMPUTAEX","og_description":"J.M.Taboada, L.Landesa, J.Rivero, G.Gajardo-Silva, M.Amaya, F.Obelleiro, J.L.Rodr\u00edguez, M.G.Ara\u00fajo, J.M.B\u00e9rtolo, J.C.Mouri\u00f1o, A.G\u00f3mez, C.G\u00f3mez, J.L.Gonz\u00e1lez-S\u00e1nchez: \u00abSupercomputing aware electromagnetics\u00ab.VII Encuentro Ib\u00e9rico de Electromagnetismo Computacional. 20-23. Monfrag\u00fce, C\u00e1ceres. Mayo de 2010. Abstract The Fast ...","og_url":"https:\/\/computaex.es\/en\/publicaciones\/supercomputing-aware-electromagnetics\/","og_site_name":"Fundaci\u00f3n COMPUTAEX","article_publisher":"https:\/\/m.facebook.com\/computaex\/","article_modified_time":"2025-08-27T06:56:47+00:00","og_image":[{"width":1024,"height":403,"url":"https:\/\/computaex.es\/wp-content\/uploads\/2025\/08\/COMPUTAEX.jpg","type":"image\/jpeg"}],"twitter_card":"summary_large_image","twitter_site":"@computaex","twitter_misc":{"Est. reading time":"1 minute"},"schema":{"@context":"https:\/\/schema.org","@graph":[{"@type":"WebPage","@id":"https:\/\/computaex.es\/publicaciones\/supercomputing-aware-electromagnetics\/","url":"https:\/\/computaex.es\/publicaciones\/supercomputing-aware-electromagnetics\/","name":"Supercomputing aware electromagnetics - Fundaci\u00f3n COMPUTAEX","isPartOf":{"@id":"https:\/\/computaex.es\/#website"},"datePublished":"2010-05-20T13:24:22+00:00","dateModified":"2025-08-27T06:56:47+00:00","breadcrumb":{"@id":"https:\/\/computaex.es\/publicaciones\/supercomputing-aware-electromagnetics\/#breadcrumb"},"inLanguage":"en-US","potentialAction":[{"@type":"ReadAction","target":["https:\/\/computaex.es\/publicaciones\/supercomputing-aware-electromagnetics\/"]}]},{"@type":"BreadcrumbList","@id":"https:\/\/computaex.es\/publicaciones\/supercomputing-aware-electromagnetics\/#breadcrumb","itemListElement":[{"@type":"ListItem","position":1,"name":"Portada","item":"https:\/\/computaex.es\/"},{"@type":"ListItem","position":2,"name":"Publicaciones","item":"https:\/\/computaex.es\/publicaciones\/"},{"@type":"ListItem","position":3,"name":"Supercomputing aware electromagnetics"}]},{"@type":"WebSite","@id":"https:\/\/computaex.es\/#website","url":"https:\/\/computaex.es\/","name":"COMPUTAEX Foundation","description":"COMPUTAEX","publisher":{"@id":"https:\/\/computaex.es\/#organization"},"potentialAction":[{"@type":"SearchAction","target":{"@type":"EntryPoint","urlTemplate":"https:\/\/computaex.es\/?s={search_term_string}"},"query-input":{"@type":"PropertyValueSpecification","valueRequired":true,"valueName":"search_term_string"}}],"inLanguage":"en-US"},{"@type":"Organization","@id":"https:\/\/computaex.es\/#organization","name":"COMPUTAEX","url":"https:\/\/computaex.es\/","logo":{"@type":"ImageObject","inLanguage":"en-US","@id":"https:\/\/computaex.es\/#\/schema\/logo\/image\/","url":"https:\/\/computaex.es\/wp-content\/uploads\/2025\/05\/cropped-COMPUTAEX_transparente-scaled-1.png","contentUrl":"https:\/\/computaex.es\/wp-content\/uploads\/2025\/05\/cropped-COMPUTAEX_transparente-scaled-1.png","width":2560,"height":970,"caption":"COMPUTAEX"},"image":{"@id":"https:\/\/computaex.es\/#\/schema\/logo\/image\/"},"sameAs":["https:\/\/m.facebook.com\/computaex\/","https:\/\/x.com\/computaex","https:\/\/es.linkedin.com\/company\/cenits"]}]}},"_links":{"self":[{"href":"https:\/\/computaex.es\/en\/wp-json\/wp\/v2\/pages\/9464","targetHints":{"allow":["GET"]}}],"collection":[{"href":"https:\/\/computaex.es\/en\/wp-json\/wp\/v2\/pages"}],"about":[{"href":"https:\/\/computaex.es\/en\/wp-json\/wp\/v2\/types\/page"}],"author":[{"embeddable":true,"href":"https:\/\/computaex.es\/en\/wp-json\/wp\/v2\/users\/1"}],"replies":[{"embeddable":true,"href":"https:\/\/computaex.es\/en\/wp-json\/wp\/v2\/comments?post=9464"}],"version-history":[{"count":2,"href":"https:\/\/computaex.es\/en\/wp-json\/wp\/v2\/pages\/9464\/revisions"}],"predecessor-version":[{"id":9566,"href":"https:\/\/computaex.es\/en\/wp-json\/wp\/v2\/pages\/9464\/revisions\/9566"}],"up":[{"embeddable":true,"href":"https:\/\/computaex.es\/en\/wp-json\/wp\/v2\/pages\/1583"}],"wp:attachment":[{"href":"https:\/\/computaex.es\/en\/wp-json\/wp\/v2\/media?parent=9464"}],"wp:term":[{"taxonomy":"category","embeddable":true,"href":"https:\/\/computaex.es\/en\/wp-json\/wp\/v2\/categories?post=9464"},{"taxonomy":"post_tag","embeddable":true,"href":"https:\/\/computaex.es\/en\/wp-json\/wp\/v2\/tags?post=9464"}],"curies":[{"name":"wp","href":"https:\/\/api.w.org\/{rel}","templated":true}]}}