{"id":9466,"date":"2010-05-20T15:29:05","date_gmt":"2010-05-20T13:29:05","guid":{"rendered":"https:\/\/web.computaex.es\/?page_id=9466"},"modified":"2025-08-27T08:57:26","modified_gmt":"2025-08-27T06:57:26","slug":"shared-memory-supercomputing-as-technique-for-computational-electromagnetics","status":"publish","type":"page","link":"https:\/\/computaex.es\/en\/publicaciones\/shared-memory-supercomputing-as-technique-for-computational-electromagnetics\/","title":{"rendered":"Shared Memory Supercomputing as Technique for Computational Electromagnetics"},"content":{"rendered":"<p>C\u00e9sar G\u00f3mez-Mart\u00edn, Jos\u00e9-Luis Gonz\u00e1lez-S\u00e1nchez,\u00a0Javier Corral-Garc\u00eda, \u00c1ngel Bejarano-Borrega, Javier L\u00e1zaro-Jare\u00f1o: \u00ab<strong>Shared Memory Supercomputing as Technique for Computational Electromagnetics<\/strong>\u00ab. VII Encuentro Ib\u00e9rico de Electromagnetismo Computacional. 29-33. Monfrag\u00fce, C\u00e1ceres. Mayo de 2010.<\/p>\n<p><strong>Abstract<\/strong><br \/>\nNowadays, it is not possible to innovate and investigate computational electromagnetics without being able to process and store huge amounts of data. Supercomputers along with high-performance computing techniques are aimed to provide methodologies and tools for computational electromagnetics researchers that will help them to solve problems in a more efficient and easy way. In order to get the best of those supercomputers it is important to know which kind of computer architecture is going to be used and how to achieve the best performance applying the appropriate programming model. Shared memory supercomputing is probably the easiest<br \/>\nway of exploiting parallelism in computational electromagnetics, the combination of shared memory programming techniques like OpenMP with other distributed programming techniques will allow the improvement of supercomputer performance. Is is also<br \/>\nvery important to track and test new parallel programming models such as CUDA, Intel Ct or OpenCL because they are meant to exploit modern supercomputers efficiently. Automatic parallelization models are improving performance quickly but there is not a definitive model, they all have pros and cons and whether to use one programming model or another should be thoroughly studied.<\/p>\n<p>Index Terms\u2014HPC, Supercomputing, Electromagnetism, CenitS, LUSITANIA<\/p>\n<p><a href=\"https:\/\/computaex.es\/en\/sites\/cenits.es\/files\/publicaciones\/shared_memory_supercomputing_as_technique_for_computational_electromagnetics.pdf\/\" target=\"_blank\" rel=\"noopener\">Descarga PDF<\/a><\/p>","protected":false},"excerpt":{"rendered":"<p>C\u00e9sar G\u00f3mez-Mart\u00edn, Jos\u00e9-Luis Gonz\u00e1lez-S\u00e1nchez,\u00a0Javier Corral-Garc\u00eda, \u00c1ngel Bejarano-Borrega, Javier L\u00e1zaro-Jare\u00f1o: \u00abShared Memory Supercomputing as Technique for Computational Electromagnetics\u00ab. VII Encuentro Ib\u00e9rico de Electromagnetismo Computacional. 29-33. Monfrag\u00fce, C\u00e1ceres. Mayo de 2010. Abstract &#8230;<\/p>","protected":false},"author":1,"featured_media":0,"parent":1583,"menu_order":0,"comment_status":"closed","ping_status":"closed","template":"","meta":{"footnotes":""},"categories":[110],"tags":[],"class_list":["post-9466","page","type-page","status-publish","hentry","category-anteriores"],"yoast_head":"<!-- This site is optimized with the Yoast SEO plugin v27.1.1 - https:\/\/yoast.com\/product\/yoast-seo-wordpress\/ -->\n<title>Shared Memory Supercomputing as Technique for Computational Electromagnetics - Fundaci\u00f3n COMPUTAEX<\/title>\n<meta name=\"robots\" content=\"index, follow, max-snippet:-1, max-image-preview:large, max-video-preview:-1\" \/>\n<link rel=\"canonical\" href=\"https:\/\/computaex.es\/en\/publicaciones\/shared-memory-supercomputing-as-technique-for-computational-electromagnetics\/\" \/>\n<meta property=\"og:locale\" content=\"en_US\" \/>\n<meta property=\"og:type\" content=\"article\" \/>\n<meta property=\"og:title\" content=\"Shared Memory Supercomputing as Technique for Computational Electromagnetics - Fundaci\u00f3n COMPUTAEX\" \/>\n<meta property=\"og:description\" content=\"C\u00e9sar G\u00f3mez-Mart\u00edn, Jos\u00e9-Luis Gonz\u00e1lez-S\u00e1nchez,\u00a0Javier Corral-Garc\u00eda, \u00c1ngel Bejarano-Borrega, Javier L\u00e1zaro-Jare\u00f1o: \u00abShared Memory Supercomputing as Technique for Computational Electromagnetics\u00ab. VII Encuentro Ib\u00e9rico de Electromagnetismo Computacional. 29-33. Monfrag\u00fce, C\u00e1ceres. Mayo de 2010. Abstract ...\" \/>\n<meta property=\"og:url\" content=\"https:\/\/computaex.es\/en\/publicaciones\/shared-memory-supercomputing-as-technique-for-computational-electromagnetics\/\" \/>\n<meta property=\"og:site_name\" content=\"Fundaci\u00f3n COMPUTAEX\" \/>\n<meta property=\"article:publisher\" content=\"https:\/\/m.facebook.com\/computaex\/\" \/>\n<meta property=\"article:modified_time\" content=\"2025-08-27T06:57:26+00:00\" \/>\n<meta property=\"og:image\" content=\"https:\/\/computaex.es\/wp-content\/uploads\/2025\/08\/COMPUTAEX.jpg\" \/>\n\t<meta property=\"og:image:width\" content=\"1024\" \/>\n\t<meta property=\"og:image:height\" content=\"403\" \/>\n\t<meta property=\"og:image:type\" content=\"image\/jpeg\" \/>\n<meta name=\"twitter:card\" content=\"summary_large_image\" \/>\n<meta name=\"twitter:site\" content=\"@computaex\" \/>\n<meta name=\"twitter:label1\" content=\"Est. reading time\" \/>\n\t<meta name=\"twitter:data1\" content=\"2 minutes\" \/>\n<script type=\"application\/ld+json\" class=\"yoast-schema-graph\">{\"@context\":\"https:\/\/schema.org\",\"@graph\":[{\"@type\":\"WebPage\",\"@id\":\"https:\/\/computaex.es\/publicaciones\/shared-memory-supercomputing-as-technique-for-computational-electromagnetics\/\",\"url\":\"https:\/\/computaex.es\/publicaciones\/shared-memory-supercomputing-as-technique-for-computational-electromagnetics\/\",\"name\":\"Shared Memory Supercomputing as Technique for Computational Electromagnetics - Fundaci\u00f3n COMPUTAEX\",\"isPartOf\":{\"@id\":\"https:\/\/computaex.es\/#website\"},\"datePublished\":\"2010-05-20T13:29:05+00:00\",\"dateModified\":\"2025-08-27T06:57:26+00:00\",\"breadcrumb\":{\"@id\":\"https:\/\/computaex.es\/publicaciones\/shared-memory-supercomputing-as-technique-for-computational-electromagnetics\/#breadcrumb\"},\"inLanguage\":\"en-US\",\"potentialAction\":[{\"@type\":\"ReadAction\",\"target\":[\"https:\/\/computaex.es\/publicaciones\/shared-memory-supercomputing-as-technique-for-computational-electromagnetics\/\"]}]},{\"@type\":\"BreadcrumbList\",\"@id\":\"https:\/\/computaex.es\/publicaciones\/shared-memory-supercomputing-as-technique-for-computational-electromagnetics\/#breadcrumb\",\"itemListElement\":[{\"@type\":\"ListItem\",\"position\":1,\"name\":\"Portada\",\"item\":\"https:\/\/computaex.es\/\"},{\"@type\":\"ListItem\",\"position\":2,\"name\":\"Publicaciones\",\"item\":\"https:\/\/computaex.es\/publicaciones\/\"},{\"@type\":\"ListItem\",\"position\":3,\"name\":\"Shared Memory Supercomputing as Technique for Computational Electromagnetics\"}]},{\"@type\":\"WebSite\",\"@id\":\"https:\/\/computaex.es\/#website\",\"url\":\"https:\/\/computaex.es\/\",\"name\":\"Fundaci\u00f3n COMPUTAEX\",\"description\":\"COMPUTAEX\",\"publisher\":{\"@id\":\"https:\/\/computaex.es\/#organization\"},\"potentialAction\":[{\"@type\":\"SearchAction\",\"target\":{\"@type\":\"EntryPoint\",\"urlTemplate\":\"https:\/\/computaex.es\/?s={search_term_string}\"},\"query-input\":{\"@type\":\"PropertyValueSpecification\",\"valueRequired\":true,\"valueName\":\"search_term_string\"}}],\"inLanguage\":\"en-US\"},{\"@type\":\"Organization\",\"@id\":\"https:\/\/computaex.es\/#organization\",\"name\":\"COMPUTAEX\",\"url\":\"https:\/\/computaex.es\/\",\"logo\":{\"@type\":\"ImageObject\",\"inLanguage\":\"en-US\",\"@id\":\"https:\/\/computaex.es\/#\/schema\/logo\/image\/\",\"url\":\"https:\/\/computaex.es\/wp-content\/uploads\/2025\/05\/cropped-COMPUTAEX_transparente-scaled-1.png\",\"contentUrl\":\"https:\/\/computaex.es\/wp-content\/uploads\/2025\/05\/cropped-COMPUTAEX_transparente-scaled-1.png\",\"width\":2560,\"height\":970,\"caption\":\"COMPUTAEX\"},\"image\":{\"@id\":\"https:\/\/computaex.es\/#\/schema\/logo\/image\/\"},\"sameAs\":[\"https:\/\/m.facebook.com\/computaex\/\",\"https:\/\/x.com\/computaex\",\"https:\/\/es.linkedin.com\/company\/cenits\"]}]}<\/script>\n<!-- \/ Yoast SEO plugin. -->","yoast_head_json":{"title":"Shared Memory Supercomputing as Technique for Computational Electromagnetics - Fundaci\u00f3n COMPUTAEX","robots":{"index":"index","follow":"follow","max-snippet":"max-snippet:-1","max-image-preview":"max-image-preview:large","max-video-preview":"max-video-preview:-1"},"canonical":"https:\/\/computaex.es\/en\/publicaciones\/shared-memory-supercomputing-as-technique-for-computational-electromagnetics\/","og_locale":"en_US","og_type":"article","og_title":"Shared Memory Supercomputing as Technique for Computational Electromagnetics - Fundaci\u00f3n COMPUTAEX","og_description":"C\u00e9sar G\u00f3mez-Mart\u00edn, Jos\u00e9-Luis Gonz\u00e1lez-S\u00e1nchez,\u00a0Javier Corral-Garc\u00eda, \u00c1ngel Bejarano-Borrega, Javier L\u00e1zaro-Jare\u00f1o: \u00abShared Memory Supercomputing as Technique for Computational Electromagnetics\u00ab. VII Encuentro Ib\u00e9rico de Electromagnetismo Computacional. 29-33. Monfrag\u00fce, C\u00e1ceres. Mayo de 2010. Abstract ...","og_url":"https:\/\/computaex.es\/en\/publicaciones\/shared-memory-supercomputing-as-technique-for-computational-electromagnetics\/","og_site_name":"Fundaci\u00f3n COMPUTAEX","article_publisher":"https:\/\/m.facebook.com\/computaex\/","article_modified_time":"2025-08-27T06:57:26+00:00","og_image":[{"width":1024,"height":403,"url":"https:\/\/computaex.es\/wp-content\/uploads\/2025\/08\/COMPUTAEX.jpg","type":"image\/jpeg"}],"twitter_card":"summary_large_image","twitter_site":"@computaex","twitter_misc":{"Est. reading time":"2 minutes"},"schema":{"@context":"https:\/\/schema.org","@graph":[{"@type":"WebPage","@id":"https:\/\/computaex.es\/publicaciones\/shared-memory-supercomputing-as-technique-for-computational-electromagnetics\/","url":"https:\/\/computaex.es\/publicaciones\/shared-memory-supercomputing-as-technique-for-computational-electromagnetics\/","name":"Shared Memory Supercomputing as Technique for Computational Electromagnetics - Fundaci\u00f3n COMPUTAEX","isPartOf":{"@id":"https:\/\/computaex.es\/#website"},"datePublished":"2010-05-20T13:29:05+00:00","dateModified":"2025-08-27T06:57:26+00:00","breadcrumb":{"@id":"https:\/\/computaex.es\/publicaciones\/shared-memory-supercomputing-as-technique-for-computational-electromagnetics\/#breadcrumb"},"inLanguage":"en-US","potentialAction":[{"@type":"ReadAction","target":["https:\/\/computaex.es\/publicaciones\/shared-memory-supercomputing-as-technique-for-computational-electromagnetics\/"]}]},{"@type":"BreadcrumbList","@id":"https:\/\/computaex.es\/publicaciones\/shared-memory-supercomputing-as-technique-for-computational-electromagnetics\/#breadcrumb","itemListElement":[{"@type":"ListItem","position":1,"name":"Portada","item":"https:\/\/computaex.es\/"},{"@type":"ListItem","position":2,"name":"Publicaciones","item":"https:\/\/computaex.es\/publicaciones\/"},{"@type":"ListItem","position":3,"name":"Shared Memory Supercomputing as Technique for Computational Electromagnetics"}]},{"@type":"WebSite","@id":"https:\/\/computaex.es\/#website","url":"https:\/\/computaex.es\/","name":"COMPUTAEX Foundation","description":"COMPUTAEX","publisher":{"@id":"https:\/\/computaex.es\/#organization"},"potentialAction":[{"@type":"SearchAction","target":{"@type":"EntryPoint","urlTemplate":"https:\/\/computaex.es\/?s={search_term_string}"},"query-input":{"@type":"PropertyValueSpecification","valueRequired":true,"valueName":"search_term_string"}}],"inLanguage":"en-US"},{"@type":"Organization","@id":"https:\/\/computaex.es\/#organization","name":"COMPUTAEX","url":"https:\/\/computaex.es\/","logo":{"@type":"ImageObject","inLanguage":"en-US","@id":"https:\/\/computaex.es\/#\/schema\/logo\/image\/","url":"https:\/\/computaex.es\/wp-content\/uploads\/2025\/05\/cropped-COMPUTAEX_transparente-scaled-1.png","contentUrl":"https:\/\/computaex.es\/wp-content\/uploads\/2025\/05\/cropped-COMPUTAEX_transparente-scaled-1.png","width":2560,"height":970,"caption":"COMPUTAEX"},"image":{"@id":"https:\/\/computaex.es\/#\/schema\/logo\/image\/"},"sameAs":["https:\/\/m.facebook.com\/computaex\/","https:\/\/x.com\/computaex","https:\/\/es.linkedin.com\/company\/cenits"]}]}},"_links":{"self":[{"href":"https:\/\/computaex.es\/en\/wp-json\/wp\/v2\/pages\/9466","targetHints":{"allow":["GET"]}}],"collection":[{"href":"https:\/\/computaex.es\/en\/wp-json\/wp\/v2\/pages"}],"about":[{"href":"https:\/\/computaex.es\/en\/wp-json\/wp\/v2\/types\/page"}],"author":[{"embeddable":true,"href":"https:\/\/computaex.es\/en\/wp-json\/wp\/v2\/users\/1"}],"replies":[{"embeddable":true,"href":"https:\/\/computaex.es\/en\/wp-json\/wp\/v2\/comments?post=9466"}],"version-history":[{"count":1,"href":"https:\/\/computaex.es\/en\/wp-json\/wp\/v2\/pages\/9466\/revisions"}],"predecessor-version":[{"id":9467,"href":"https:\/\/computaex.es\/en\/wp-json\/wp\/v2\/pages\/9466\/revisions\/9467"}],"up":[{"embeddable":true,"href":"https:\/\/computaex.es\/en\/wp-json\/wp\/v2\/pages\/1583"}],"wp:attachment":[{"href":"https:\/\/computaex.es\/en\/wp-json\/wp\/v2\/media?parent=9466"}],"wp:term":[{"taxonomy":"category","embeddable":true,"href":"https:\/\/computaex.es\/en\/wp-json\/wp\/v2\/categories?post=9466"},{"taxonomy":"post_tag","embeddable":true,"href":"https:\/\/computaex.es\/en\/wp-json\/wp\/v2\/tags?post=9466"}],"curies":[{"name":"wp","href":"https:\/\/api.w.org\/{rel}","templated":true}]}}