{"id":9468,"date":"2010-05-28T15:33:49","date_gmt":"2010-05-28T13:33:49","guid":{"rendered":"https:\/\/web.computaex.es\/?page_id=9468"},"modified":"2025-08-27T08:58:06","modified_gmt":"2025-08-27T06:58:06","slug":"performance-study-of-hyper-threading-technology-on-the-lusitania-supercomputer","status":"publish","type":"page","link":"https:\/\/computaex.es\/en\/publicaciones\/performance-study-of-hyper-threading-technology-on-the-lusitania-supercomputer\/","title":{"rendered":"Performance Study of Hyper-Threading Technology on the LUSITANIA Supercomputer"},"content":{"rendered":"<p>C\u00e9sar G\u00f3mez-Mart\u00edn, Jos\u00e9-Luis Gonz\u00e1lez-S\u00e1nchez, Javier Corral-Garc\u00eda, \u00c1ngel Bejarano-Borrega, Javier L\u00e1zaro-Jare\u00f1o: \u00ab<strong>Performance Study of Hyper-Threading Technology on the LUSITANIA Supercomputer<\/strong>\u00ab<strong>.<\/strong>\u00a0<a href=\"http:\/\/www.ibergrid.eu\/2010\/\">Ibergrid 2010<\/a>. ISBN 978-84-9745-549-7. 12 p\u00e1ginas. Braga, Portugal. Mayo de 2010. DOI: 10.4272\/978-84-9745-549-7.ch5<\/p>\n<div class=\"field-items\">\n<div class=\"field-item even\">\n<p><strong>Abstract.<\/strong><br \/>\nIn this paper Hyper-Threading technology is evaluated on the LUSITANIA supercomputer. LUSITANIA is a SMP-ccNUMA system composed of two HP Integrity SuperDomes SX2000.<br \/>\nThe effects of Intel\u2019s Hyper-Threading Technology on Intel Itanium processors are not very clear, in order to understand how this technology affects the performance of LUSITANIA, several benchmarks have been studied.<br \/>\nThose bechmarks have been carefully chosen to try to demonstrate the performance gain or degradation when running different kind of applications.<br \/>\nThe results demonstrate that Hyper-Threading achieve better performance when the application needs to communicate data among processes or threads, but, whenever the application is embarrassingly parallel, cache-friendly or all the floating point units are optimized it is not advisable to enable HyperThreading. We have also empirically study that the sense of the application will determine whether Hyper-Threading will accelerate or diminish performance. Enabling Hyper-Threading or disabling it is not an exact science, it depends on so many factors that a bechmark study of the problem that is going to be addressed is highly recommended.<\/p>\n<\/div>\n<\/div>\n<p><a href=\"https:\/\/computaex.es\/en\/sites\/cenits.es\/files\/publicaciones\/paper_performance_study_of_hyper_threading_technology_on_the_lusitania_supercomputer.pdf\/\" target=\"_blank\" rel=\"noopener\">Descargar PDF<\/a><\/p>","protected":false},"excerpt":{"rendered":"<p>C\u00e9sar G\u00f3mez-Mart\u00edn, Jos\u00e9-Luis Gonz\u00e1lez-S\u00e1nchez, Javier Corral-Garc\u00eda, \u00c1ngel Bejarano-Borrega, Javier L\u00e1zaro-Jare\u00f1o: \u00abPerformance Study of Hyper-Threading Technology on the LUSITANIA Supercomputer\u00ab.\u00a0Ibergrid 2010. ISBN 978-84-9745-549-7. 12 p\u00e1ginas. Braga, Portugal. Mayo de 2010. DOI: &#8230;<\/p>","protected":false},"author":1,"featured_media":0,"parent":1583,"menu_order":0,"comment_status":"closed","ping_status":"closed","template":"","meta":{"footnotes":""},"categories":[110],"tags":[],"class_list":["post-9468","page","type-page","status-publish","hentry","category-anteriores"],"yoast_head":"<!-- This site is optimized with the Yoast SEO plugin v27.1.1 - https:\/\/yoast.com\/product\/yoast-seo-wordpress\/ -->\n<title>Performance Study of Hyper-Threading Technology on the LUSITANIA Supercomputer - Fundaci\u00f3n COMPUTAEX<\/title>\n<meta name=\"robots\" content=\"index, follow, max-snippet:-1, max-image-preview:large, max-video-preview:-1\" \/>\n<link rel=\"canonical\" href=\"https:\/\/computaex.es\/en\/publicaciones\/performance-study-of-hyper-threading-technology-on-the-lusitania-supercomputer\/\" \/>\n<meta property=\"og:locale\" content=\"en_US\" \/>\n<meta property=\"og:type\" content=\"article\" \/>\n<meta property=\"og:title\" content=\"Performance Study of Hyper-Threading Technology on the LUSITANIA Supercomputer - Fundaci\u00f3n COMPUTAEX\" \/>\n<meta property=\"og:description\" content=\"C\u00e9sar G\u00f3mez-Mart\u00edn, Jos\u00e9-Luis Gonz\u00e1lez-S\u00e1nchez, Javier Corral-Garc\u00eda, \u00c1ngel Bejarano-Borrega, Javier L\u00e1zaro-Jare\u00f1o: \u00abPerformance Study of Hyper-Threading Technology on the LUSITANIA Supercomputer\u00ab.\u00a0Ibergrid 2010. ISBN 978-84-9745-549-7. 12 p\u00e1ginas. Braga, Portugal. Mayo de 2010. DOI: ...\" \/>\n<meta property=\"og:url\" content=\"https:\/\/computaex.es\/en\/publicaciones\/performance-study-of-hyper-threading-technology-on-the-lusitania-supercomputer\/\" \/>\n<meta property=\"og:site_name\" content=\"Fundaci\u00f3n COMPUTAEX\" \/>\n<meta property=\"article:publisher\" content=\"https:\/\/m.facebook.com\/computaex\/\" \/>\n<meta property=\"article:modified_time\" content=\"2025-08-27T06:58:06+00:00\" \/>\n<meta property=\"og:image\" content=\"https:\/\/computaex.es\/wp-content\/uploads\/2025\/08\/COMPUTAEX.jpg\" \/>\n\t<meta property=\"og:image:width\" content=\"1024\" \/>\n\t<meta property=\"og:image:height\" content=\"403\" \/>\n\t<meta property=\"og:image:type\" content=\"image\/jpeg\" \/>\n<meta name=\"twitter:card\" content=\"summary_large_image\" \/>\n<meta name=\"twitter:site\" content=\"@computaex\" \/>\n<meta name=\"twitter:label1\" content=\"Est. reading time\" \/>\n\t<meta name=\"twitter:data1\" content=\"1 minute\" \/>\n<script type=\"application\/ld+json\" class=\"yoast-schema-graph\">{\"@context\":\"https:\/\/schema.org\",\"@graph\":[{\"@type\":\"WebPage\",\"@id\":\"https:\/\/computaex.es\/publicaciones\/performance-study-of-hyper-threading-technology-on-the-lusitania-supercomputer\/\",\"url\":\"https:\/\/computaex.es\/publicaciones\/performance-study-of-hyper-threading-technology-on-the-lusitania-supercomputer\/\",\"name\":\"Performance Study of Hyper-Threading Technology on the LUSITANIA Supercomputer - Fundaci\u00f3n COMPUTAEX\",\"isPartOf\":{\"@id\":\"https:\/\/computaex.es\/#website\"},\"datePublished\":\"2010-05-28T13:33:49+00:00\",\"dateModified\":\"2025-08-27T06:58:06+00:00\",\"breadcrumb\":{\"@id\":\"https:\/\/computaex.es\/publicaciones\/performance-study-of-hyper-threading-technology-on-the-lusitania-supercomputer\/#breadcrumb\"},\"inLanguage\":\"en-US\",\"potentialAction\":[{\"@type\":\"ReadAction\",\"target\":[\"https:\/\/computaex.es\/publicaciones\/performance-study-of-hyper-threading-technology-on-the-lusitania-supercomputer\/\"]}]},{\"@type\":\"BreadcrumbList\",\"@id\":\"https:\/\/computaex.es\/publicaciones\/performance-study-of-hyper-threading-technology-on-the-lusitania-supercomputer\/#breadcrumb\",\"itemListElement\":[{\"@type\":\"ListItem\",\"position\":1,\"name\":\"Portada\",\"item\":\"https:\/\/computaex.es\/\"},{\"@type\":\"ListItem\",\"position\":2,\"name\":\"Publicaciones\",\"item\":\"https:\/\/computaex.es\/publicaciones\/\"},{\"@type\":\"ListItem\",\"position\":3,\"name\":\"Performance Study of Hyper-Threading Technology on the LUSITANIA Supercomputer\"}]},{\"@type\":\"WebSite\",\"@id\":\"https:\/\/computaex.es\/#website\",\"url\":\"https:\/\/computaex.es\/\",\"name\":\"Fundaci\u00f3n COMPUTAEX\",\"description\":\"COMPUTAEX\",\"publisher\":{\"@id\":\"https:\/\/computaex.es\/#organization\"},\"potentialAction\":[{\"@type\":\"SearchAction\",\"target\":{\"@type\":\"EntryPoint\",\"urlTemplate\":\"https:\/\/computaex.es\/?s={search_term_string}\"},\"query-input\":{\"@type\":\"PropertyValueSpecification\",\"valueRequired\":true,\"valueName\":\"search_term_string\"}}],\"inLanguage\":\"en-US\"},{\"@type\":\"Organization\",\"@id\":\"https:\/\/computaex.es\/#organization\",\"name\":\"COMPUTAEX\",\"url\":\"https:\/\/computaex.es\/\",\"logo\":{\"@type\":\"ImageObject\",\"inLanguage\":\"en-US\",\"@id\":\"https:\/\/computaex.es\/#\/schema\/logo\/image\/\",\"url\":\"https:\/\/computaex.es\/wp-content\/uploads\/2025\/05\/cropped-COMPUTAEX_transparente-scaled-1.png\",\"contentUrl\":\"https:\/\/computaex.es\/wp-content\/uploads\/2025\/05\/cropped-COMPUTAEX_transparente-scaled-1.png\",\"width\":2560,\"height\":970,\"caption\":\"COMPUTAEX\"},\"image\":{\"@id\":\"https:\/\/computaex.es\/#\/schema\/logo\/image\/\"},\"sameAs\":[\"https:\/\/m.facebook.com\/computaex\/\",\"https:\/\/x.com\/computaex\",\"https:\/\/es.linkedin.com\/company\/cenits\"]}]}<\/script>\n<!-- \/ Yoast SEO plugin. -->","yoast_head_json":{"title":"Performance Study of Hyper-Threading Technology on the LUSITANIA Supercomputer - Fundaci\u00f3n COMPUTAEX","robots":{"index":"index","follow":"follow","max-snippet":"max-snippet:-1","max-image-preview":"max-image-preview:large","max-video-preview":"max-video-preview:-1"},"canonical":"https:\/\/computaex.es\/en\/publicaciones\/performance-study-of-hyper-threading-technology-on-the-lusitania-supercomputer\/","og_locale":"en_US","og_type":"article","og_title":"Performance Study of Hyper-Threading Technology on the LUSITANIA Supercomputer - Fundaci\u00f3n COMPUTAEX","og_description":"C\u00e9sar G\u00f3mez-Mart\u00edn, Jos\u00e9-Luis Gonz\u00e1lez-S\u00e1nchez, Javier Corral-Garc\u00eda, \u00c1ngel Bejarano-Borrega, Javier L\u00e1zaro-Jare\u00f1o: \u00abPerformance Study of Hyper-Threading Technology on the LUSITANIA Supercomputer\u00ab.\u00a0Ibergrid 2010. ISBN 978-84-9745-549-7. 12 p\u00e1ginas. Braga, Portugal. Mayo de 2010. DOI: ...","og_url":"https:\/\/computaex.es\/en\/publicaciones\/performance-study-of-hyper-threading-technology-on-the-lusitania-supercomputer\/","og_site_name":"Fundaci\u00f3n COMPUTAEX","article_publisher":"https:\/\/m.facebook.com\/computaex\/","article_modified_time":"2025-08-27T06:58:06+00:00","og_image":[{"width":1024,"height":403,"url":"https:\/\/computaex.es\/wp-content\/uploads\/2025\/08\/COMPUTAEX.jpg","type":"image\/jpeg"}],"twitter_card":"summary_large_image","twitter_site":"@computaex","twitter_misc":{"Est. reading time":"1 minute"},"schema":{"@context":"https:\/\/schema.org","@graph":[{"@type":"WebPage","@id":"https:\/\/computaex.es\/publicaciones\/performance-study-of-hyper-threading-technology-on-the-lusitania-supercomputer\/","url":"https:\/\/computaex.es\/publicaciones\/performance-study-of-hyper-threading-technology-on-the-lusitania-supercomputer\/","name":"Performance Study of Hyper-Threading Technology on the LUSITANIA Supercomputer - Fundaci\u00f3n COMPUTAEX","isPartOf":{"@id":"https:\/\/computaex.es\/#website"},"datePublished":"2010-05-28T13:33:49+00:00","dateModified":"2025-08-27T06:58:06+00:00","breadcrumb":{"@id":"https:\/\/computaex.es\/publicaciones\/performance-study-of-hyper-threading-technology-on-the-lusitania-supercomputer\/#breadcrumb"},"inLanguage":"en-US","potentialAction":[{"@type":"ReadAction","target":["https:\/\/computaex.es\/publicaciones\/performance-study-of-hyper-threading-technology-on-the-lusitania-supercomputer\/"]}]},{"@type":"BreadcrumbList","@id":"https:\/\/computaex.es\/publicaciones\/performance-study-of-hyper-threading-technology-on-the-lusitania-supercomputer\/#breadcrumb","itemListElement":[{"@type":"ListItem","position":1,"name":"Portada","item":"https:\/\/computaex.es\/"},{"@type":"ListItem","position":2,"name":"Publicaciones","item":"https:\/\/computaex.es\/publicaciones\/"},{"@type":"ListItem","position":3,"name":"Performance Study of Hyper-Threading Technology on the LUSITANIA Supercomputer"}]},{"@type":"WebSite","@id":"https:\/\/computaex.es\/#website","url":"https:\/\/computaex.es\/","name":"COMPUTAEX Foundation","description":"COMPUTAEX","publisher":{"@id":"https:\/\/computaex.es\/#organization"},"potentialAction":[{"@type":"SearchAction","target":{"@type":"EntryPoint","urlTemplate":"https:\/\/computaex.es\/?s={search_term_string}"},"query-input":{"@type":"PropertyValueSpecification","valueRequired":true,"valueName":"search_term_string"}}],"inLanguage":"en-US"},{"@type":"Organization","@id":"https:\/\/computaex.es\/#organization","name":"COMPUTAEX","url":"https:\/\/computaex.es\/","logo":{"@type":"ImageObject","inLanguage":"en-US","@id":"https:\/\/computaex.es\/#\/schema\/logo\/image\/","url":"https:\/\/computaex.es\/wp-content\/uploads\/2025\/05\/cropped-COMPUTAEX_transparente-scaled-1.png","contentUrl":"https:\/\/computaex.es\/wp-content\/uploads\/2025\/05\/cropped-COMPUTAEX_transparente-scaled-1.png","width":2560,"height":970,"caption":"COMPUTAEX"},"image":{"@id":"https:\/\/computaex.es\/#\/schema\/logo\/image\/"},"sameAs":["https:\/\/m.facebook.com\/computaex\/","https:\/\/x.com\/computaex","https:\/\/es.linkedin.com\/company\/cenits"]}]}},"_links":{"self":[{"href":"https:\/\/computaex.es\/en\/wp-json\/wp\/v2\/pages\/9468","targetHints":{"allow":["GET"]}}],"collection":[{"href":"https:\/\/computaex.es\/en\/wp-json\/wp\/v2\/pages"}],"about":[{"href":"https:\/\/computaex.es\/en\/wp-json\/wp\/v2\/types\/page"}],"author":[{"embeddable":true,"href":"https:\/\/computaex.es\/en\/wp-json\/wp\/v2\/users\/1"}],"replies":[{"embeddable":true,"href":"https:\/\/computaex.es\/en\/wp-json\/wp\/v2\/comments?post=9468"}],"version-history":[{"count":4,"href":"https:\/\/computaex.es\/en\/wp-json\/wp\/v2\/pages\/9468\/revisions"}],"predecessor-version":[{"id":9567,"href":"https:\/\/computaex.es\/en\/wp-json\/wp\/v2\/pages\/9468\/revisions\/9567"}],"up":[{"embeddable":true,"href":"https:\/\/computaex.es\/en\/wp-json\/wp\/v2\/pages\/1583"}],"wp:attachment":[{"href":"https:\/\/computaex.es\/en\/wp-json\/wp\/v2\/media?parent=9468"}],"wp:term":[{"taxonomy":"category","embeddable":true,"href":"https:\/\/computaex.es\/en\/wp-json\/wp\/v2\/categories?post=9468"},{"taxonomy":"post_tag","embeddable":true,"href":"https:\/\/computaex.es\/en\/wp-json\/wp\/v2\/tags?post=9468"}],"curies":[{"name":"wp","href":"https:\/\/api.w.org\/{rel}","templated":true}]}}