{"id":9472,"date":"2010-06-07T15:38:20","date_gmt":"2010-06-07T13:38:20","guid":{"rendered":"https:\/\/web.computaex.es\/?page_id=9472"},"modified":"2025-08-27T08:58:50","modified_gmt":"2025-08-27T06:58:50","slug":"mlfma-fft-parallel-algorithm-for-the-solution-of-large-scale-problems-in-electromagnetics","status":"publish","type":"page","link":"https:\/\/computaex.es\/en\/publicaciones\/mlfma-fft-parallel-algorithm-for-the-solution-of-large-scale-problems-in-electromagnetics\/","title":{"rendered":"MLFMA-FFT Parallel Algorithm for the solution of large-scale problems in electromagnetics"},"content":{"rendered":"<p>J. M. Taboada, M. G. Ara\u00fajo and J. M. B\u00e9rtolo, L. Landesa, F. Obelleiro and J.L. Rodriguez: \u00ab<strong>MLFMA-FFT Parallel Algorithm for the solution of large-scale problems in electromagnetics<\/strong>\u00ab.\u00a0ISSN: 1070-4698, E-ISSN: 1559-8985. Progress In Electromagnetics Research, Vol. 105, 15\u201330, 2010.<\/p>\n<p><strong>Abstract<\/strong><br \/>\nAn efficient hybrid MPI\/OpenMP parallel implementation of an innovative approach that combines the Fast Fourier Transform (FFT) and Multilevel Fast Multipole Algorithm (MLFMA) has been successfully used to solve an electromagnetic problem involving 620 millions of unknowns. The MLFMA-FFT method can deal with extremely large problems due to its high scalability and its reduced computational complexity. The former is provided by the use of the FFT in distributed calculations and the latter by the application of<br \/>\nthe MLFMA in shared computation.<\/p>\n<p><a href=\"https:\/\/computaex.es\/en\/sites\/cenits.es\/files\/publicaciones\/pier105_mlfma_fft_parallel_algorithm_for_the_solution_of_large_scale_problems_in_electromagnetics.pdf\/\" target=\"_blank\" rel=\"noopener\">Descargar PDF<\/a><\/p>","protected":false},"excerpt":{"rendered":"<p>J. M. Taboada, M. G. Ara\u00fajo and J. M. B\u00e9rtolo, L. Landesa, F. Obelleiro and J.L. Rodriguez: \u00abMLFMA-FFT Parallel Algorithm for the solution of large-scale problems in electromagnetics\u00ab.\u00a0ISSN: 1070-4698, E-ISSN: &#8230;<\/p>","protected":false},"author":1,"featured_media":0,"parent":1583,"menu_order":0,"comment_status":"closed","ping_status":"closed","template":"","meta":{"footnotes":""},"categories":[110,91],"tags":[],"class_list":["post-9472","page","type-page","status-publish","hentry","category-anteriores","category-publicaciones"],"yoast_head":"<!-- This site is optimized with the Yoast SEO plugin v27.1.1 - https:\/\/yoast.com\/product\/yoast-seo-wordpress\/ -->\n<title>MLFMA-FFT Parallel Algorithm for the solution of large-scale problems in electromagnetics - Fundaci\u00f3n COMPUTAEX<\/title>\n<meta name=\"robots\" content=\"index, follow, max-snippet:-1, max-image-preview:large, max-video-preview:-1\" \/>\n<link rel=\"canonical\" href=\"https:\/\/computaex.es\/en\/publicaciones\/mlfma-fft-parallel-algorithm-for-the-solution-of-large-scale-problems-in-electromagnetics\/\" \/>\n<meta property=\"og:locale\" content=\"en_US\" \/>\n<meta property=\"og:type\" content=\"article\" \/>\n<meta property=\"og:title\" content=\"MLFMA-FFT Parallel Algorithm for the solution of large-scale problems in electromagnetics - Fundaci\u00f3n COMPUTAEX\" \/>\n<meta property=\"og:description\" content=\"J. M. Taboada, M. G. Ara\u00fajo and J. M. B\u00e9rtolo, L. Landesa, F. Obelleiro and J.L. Rodriguez: \u00abMLFMA-FFT Parallel Algorithm for the solution of large-scale problems in electromagnetics\u00ab.\u00a0ISSN: 1070-4698, E-ISSN: ...\" \/>\n<meta property=\"og:url\" content=\"https:\/\/computaex.es\/en\/publicaciones\/mlfma-fft-parallel-algorithm-for-the-solution-of-large-scale-problems-in-electromagnetics\/\" \/>\n<meta property=\"og:site_name\" content=\"Fundaci\u00f3n COMPUTAEX\" \/>\n<meta property=\"article:publisher\" content=\"https:\/\/m.facebook.com\/computaex\/\" \/>\n<meta property=\"article:modified_time\" content=\"2025-08-27T06:58:50+00:00\" \/>\n<meta property=\"og:image\" content=\"https:\/\/computaex.es\/wp-content\/uploads\/2025\/08\/COMPUTAEX.jpg\" \/>\n\t<meta property=\"og:image:width\" content=\"1024\" \/>\n\t<meta property=\"og:image:height\" content=\"403\" \/>\n\t<meta property=\"og:image:type\" content=\"image\/jpeg\" \/>\n<meta name=\"twitter:card\" content=\"summary_large_image\" \/>\n<meta name=\"twitter:site\" content=\"@computaex\" \/>\n<meta name=\"twitter:label1\" content=\"Est. reading time\" \/>\n\t<meta name=\"twitter:data1\" content=\"1 minute\" \/>\n<script type=\"application\/ld+json\" class=\"yoast-schema-graph\">{\"@context\":\"https:\/\/schema.org\",\"@graph\":[{\"@type\":\"WebPage\",\"@id\":\"https:\/\/computaex.es\/publicaciones\/mlfma-fft-parallel-algorithm-for-the-solution-of-large-scale-problems-in-electromagnetics\/\",\"url\":\"https:\/\/computaex.es\/publicaciones\/mlfma-fft-parallel-algorithm-for-the-solution-of-large-scale-problems-in-electromagnetics\/\",\"name\":\"MLFMA-FFT Parallel Algorithm for the solution of large-scale problems in electromagnetics - Fundaci\u00f3n COMPUTAEX\",\"isPartOf\":{\"@id\":\"https:\/\/computaex.es\/#website\"},\"datePublished\":\"2010-06-07T13:38:20+00:00\",\"dateModified\":\"2025-08-27T06:58:50+00:00\",\"breadcrumb\":{\"@id\":\"https:\/\/computaex.es\/publicaciones\/mlfma-fft-parallel-algorithm-for-the-solution-of-large-scale-problems-in-electromagnetics\/#breadcrumb\"},\"inLanguage\":\"en-US\",\"potentialAction\":[{\"@type\":\"ReadAction\",\"target\":[\"https:\/\/computaex.es\/publicaciones\/mlfma-fft-parallel-algorithm-for-the-solution-of-large-scale-problems-in-electromagnetics\/\"]}]},{\"@type\":\"BreadcrumbList\",\"@id\":\"https:\/\/computaex.es\/publicaciones\/mlfma-fft-parallel-algorithm-for-the-solution-of-large-scale-problems-in-electromagnetics\/#breadcrumb\",\"itemListElement\":[{\"@type\":\"ListItem\",\"position\":1,\"name\":\"Portada\",\"item\":\"https:\/\/computaex.es\/\"},{\"@type\":\"ListItem\",\"position\":2,\"name\":\"Publicaciones\",\"item\":\"https:\/\/computaex.es\/publicaciones\/\"},{\"@type\":\"ListItem\",\"position\":3,\"name\":\"MLFMA-FFT Parallel Algorithm for the solution of large-scale problems in electromagnetics\"}]},{\"@type\":\"WebSite\",\"@id\":\"https:\/\/computaex.es\/#website\",\"url\":\"https:\/\/computaex.es\/\",\"name\":\"Fundaci\u00f3n COMPUTAEX\",\"description\":\"COMPUTAEX\",\"publisher\":{\"@id\":\"https:\/\/computaex.es\/#organization\"},\"potentialAction\":[{\"@type\":\"SearchAction\",\"target\":{\"@type\":\"EntryPoint\",\"urlTemplate\":\"https:\/\/computaex.es\/?s={search_term_string}\"},\"query-input\":{\"@type\":\"PropertyValueSpecification\",\"valueRequired\":true,\"valueName\":\"search_term_string\"}}],\"inLanguage\":\"en-US\"},{\"@type\":\"Organization\",\"@id\":\"https:\/\/computaex.es\/#organization\",\"name\":\"COMPUTAEX\",\"url\":\"https:\/\/computaex.es\/\",\"logo\":{\"@type\":\"ImageObject\",\"inLanguage\":\"en-US\",\"@id\":\"https:\/\/computaex.es\/#\/schema\/logo\/image\/\",\"url\":\"https:\/\/computaex.es\/wp-content\/uploads\/2025\/05\/cropped-COMPUTAEX_transparente-scaled-1.png\",\"contentUrl\":\"https:\/\/computaex.es\/wp-content\/uploads\/2025\/05\/cropped-COMPUTAEX_transparente-scaled-1.png\",\"width\":2560,\"height\":970,\"caption\":\"COMPUTAEX\"},\"image\":{\"@id\":\"https:\/\/computaex.es\/#\/schema\/logo\/image\/\"},\"sameAs\":[\"https:\/\/m.facebook.com\/computaex\/\",\"https:\/\/x.com\/computaex\",\"https:\/\/es.linkedin.com\/company\/cenits\"]}]}<\/script>\n<!-- \/ Yoast SEO plugin. -->","yoast_head_json":{"title":"MLFMA-FFT Parallel Algorithm for the solution of large-scale problems in electromagnetics - Fundaci\u00f3n COMPUTAEX","robots":{"index":"index","follow":"follow","max-snippet":"max-snippet:-1","max-image-preview":"max-image-preview:large","max-video-preview":"max-video-preview:-1"},"canonical":"https:\/\/computaex.es\/en\/publicaciones\/mlfma-fft-parallel-algorithm-for-the-solution-of-large-scale-problems-in-electromagnetics\/","og_locale":"en_US","og_type":"article","og_title":"MLFMA-FFT Parallel Algorithm for the solution of large-scale problems in electromagnetics - Fundaci\u00f3n COMPUTAEX","og_description":"J. M. Taboada, M. G. Ara\u00fajo and J. M. B\u00e9rtolo, L. Landesa, F. Obelleiro and J.L. Rodriguez: \u00abMLFMA-FFT Parallel Algorithm for the solution of large-scale problems in electromagnetics\u00ab.\u00a0ISSN: 1070-4698, E-ISSN: ...","og_url":"https:\/\/computaex.es\/en\/publicaciones\/mlfma-fft-parallel-algorithm-for-the-solution-of-large-scale-problems-in-electromagnetics\/","og_site_name":"Fundaci\u00f3n COMPUTAEX","article_publisher":"https:\/\/m.facebook.com\/computaex\/","article_modified_time":"2025-08-27T06:58:50+00:00","og_image":[{"width":1024,"height":403,"url":"https:\/\/computaex.es\/wp-content\/uploads\/2025\/08\/COMPUTAEX.jpg","type":"image\/jpeg"}],"twitter_card":"summary_large_image","twitter_site":"@computaex","twitter_misc":{"Est. reading time":"1 minute"},"schema":{"@context":"https:\/\/schema.org","@graph":[{"@type":"WebPage","@id":"https:\/\/computaex.es\/publicaciones\/mlfma-fft-parallel-algorithm-for-the-solution-of-large-scale-problems-in-electromagnetics\/","url":"https:\/\/computaex.es\/publicaciones\/mlfma-fft-parallel-algorithm-for-the-solution-of-large-scale-problems-in-electromagnetics\/","name":"MLFMA-FFT Parallel Algorithm for the solution of large-scale problems in electromagnetics - Fundaci\u00f3n COMPUTAEX","isPartOf":{"@id":"https:\/\/computaex.es\/#website"},"datePublished":"2010-06-07T13:38:20+00:00","dateModified":"2025-08-27T06:58:50+00:00","breadcrumb":{"@id":"https:\/\/computaex.es\/publicaciones\/mlfma-fft-parallel-algorithm-for-the-solution-of-large-scale-problems-in-electromagnetics\/#breadcrumb"},"inLanguage":"en-US","potentialAction":[{"@type":"ReadAction","target":["https:\/\/computaex.es\/publicaciones\/mlfma-fft-parallel-algorithm-for-the-solution-of-large-scale-problems-in-electromagnetics\/"]}]},{"@type":"BreadcrumbList","@id":"https:\/\/computaex.es\/publicaciones\/mlfma-fft-parallel-algorithm-for-the-solution-of-large-scale-problems-in-electromagnetics\/#breadcrumb","itemListElement":[{"@type":"ListItem","position":1,"name":"Portada","item":"https:\/\/computaex.es\/"},{"@type":"ListItem","position":2,"name":"Publicaciones","item":"https:\/\/computaex.es\/publicaciones\/"},{"@type":"ListItem","position":3,"name":"MLFMA-FFT Parallel Algorithm for the solution of large-scale problems in electromagnetics"}]},{"@type":"WebSite","@id":"https:\/\/computaex.es\/#website","url":"https:\/\/computaex.es\/","name":"COMPUTAEX Foundation","description":"COMPUTAEX","publisher":{"@id":"https:\/\/computaex.es\/#organization"},"potentialAction":[{"@type":"SearchAction","target":{"@type":"EntryPoint","urlTemplate":"https:\/\/computaex.es\/?s={search_term_string}"},"query-input":{"@type":"PropertyValueSpecification","valueRequired":true,"valueName":"search_term_string"}}],"inLanguage":"en-US"},{"@type":"Organization","@id":"https:\/\/computaex.es\/#organization","name":"COMPUTAEX","url":"https:\/\/computaex.es\/","logo":{"@type":"ImageObject","inLanguage":"en-US","@id":"https:\/\/computaex.es\/#\/schema\/logo\/image\/","url":"https:\/\/computaex.es\/wp-content\/uploads\/2025\/05\/cropped-COMPUTAEX_transparente-scaled-1.png","contentUrl":"https:\/\/computaex.es\/wp-content\/uploads\/2025\/05\/cropped-COMPUTAEX_transparente-scaled-1.png","width":2560,"height":970,"caption":"COMPUTAEX"},"image":{"@id":"https:\/\/computaex.es\/#\/schema\/logo\/image\/"},"sameAs":["https:\/\/m.facebook.com\/computaex\/","https:\/\/x.com\/computaex","https:\/\/es.linkedin.com\/company\/cenits"]}]}},"_links":{"self":[{"href":"https:\/\/computaex.es\/en\/wp-json\/wp\/v2\/pages\/9472","targetHints":{"allow":["GET"]}}],"collection":[{"href":"https:\/\/computaex.es\/en\/wp-json\/wp\/v2\/pages"}],"about":[{"href":"https:\/\/computaex.es\/en\/wp-json\/wp\/v2\/types\/page"}],"author":[{"embeddable":true,"href":"https:\/\/computaex.es\/en\/wp-json\/wp\/v2\/users\/1"}],"replies":[{"embeddable":true,"href":"https:\/\/computaex.es\/en\/wp-json\/wp\/v2\/comments?post=9472"}],"version-history":[{"count":1,"href":"https:\/\/computaex.es\/en\/wp-json\/wp\/v2\/pages\/9472\/revisions"}],"predecessor-version":[{"id":9473,"href":"https:\/\/computaex.es\/en\/wp-json\/wp\/v2\/pages\/9472\/revisions\/9473"}],"up":[{"embeddable":true,"href":"https:\/\/computaex.es\/en\/wp-json\/wp\/v2\/pages\/1583"}],"wp:attachment":[{"href":"https:\/\/computaex.es\/en\/wp-json\/wp\/v2\/media?parent=9472"}],"wp:term":[{"taxonomy":"category","embeddable":true,"href":"https:\/\/computaex.es\/en\/wp-json\/wp\/v2\/categories?post=9472"},{"taxonomy":"post_tag","embeddable":true,"href":"https:\/\/computaex.es\/en\/wp-json\/wp\/v2\/tags?post=9472"}],"curies":[{"name":"wp","href":"https:\/\/api.w.org\/{rel}","templated":true}]}}