{"id":9498,"date":"2011-03-18T17:01:16","date_gmt":"2011-03-18T16:01:16","guid":{"rendered":"https:\/\/web.computaex.es\/?page_id=9498"},"modified":"2025-08-27T09:15:26","modified_gmt":"2025-08-27T07:15:26","slug":"hydrazones-from-hydroxy-naphthaldehydes-and-n-aminoheterocycles-structure-and-stereodynamics","status":"publish","type":"page","link":"https:\/\/computaex.es\/en\/publicaciones\/hydrazones-from-hydroxy-naphthaldehydes-and-n-aminoheterocycles-structure-and-stereodynamics\/","title":{"rendered":"Hydrazones from hydroxy naphthaldehydes and N-aminoheterocycles: Structure and stereodynamics"},"content":{"rendered":"<div class=\"field field-name-field-pub-descripcion field-type-text-long field-label-hidden\">\n<div class=\"field-items\">\n<div class=\"field-item even\">\n<p>R. Fernando Mart\u00ednez, Mart\u00edn \u00c1valos, Reyes Babiano, Pedro Cintas, Mark E. Light, Jos\u00e9 L. Jim\u00e9nez, Juan C. Palacios, Esther M.S. P\u00e9rez, Vicenta Rastrojo:\u00a0<strong>Hydrazones from hydroxy naphthaldehydes and N-aminoheterocycles: Structure and stereodynamics<\/strong>. Tetrahedron. Marzo de 2011, 67, 2025-2034.<\/p>\n<h1 class=\"section-title u-h4 u-margin-l-top u-margin-xs-bottom\"><strong><span style=\"font-size: 10pt;\">Abstract<\/span><\/strong><\/h1>\n<div id=\"aep-abstract-sec-id13\">\n<div id=\"abspara0010\" class=\"u-margin-s-bottom\">\n<p><a class=\"topic-link\" title=\"Learn more about Schiff bases from ScienceDirect's AI-generated Topic Pages\" href=\"https:\/\/www.sciencedirect.com\/topics\/pharmacology-toxicology-and-pharmaceutical-science\/schiff-base\">Schiff bases<\/a>\u00a0derived from 2-hydroxy-1-naphthaldehyde, or 1-hydroxy-2-naphthaldehyde, and different saturated\u00a0<em>N<\/em>-aminoheterocycles have been prepared. Their structures have been elucidated in both solution and the solid state, including unequivocal X-ray diffraction analyses. Experimental data evidence the presence of\u00a0<a class=\"topic-link\" title=\"Learn more about imine from ScienceDirect's AI-generated Topic Pages\" href=\"https:\/\/www.sciencedirect.com\/topics\/pharmacology-toxicology-and-pharmaceutical-science\/imine\">imine<\/a>\u00a0(or hydrazone) structures as the most stable\u00a0<a class=\"topic-link\" title=\"Learn more about tautomers from ScienceDirect's AI-generated Topic Pages\" href=\"https:\/\/www.sciencedirect.com\/topics\/chemistry\/tautomer\">tautomers<\/a>, while all attempts to switch to\u00a0<a class=\"topic-link\" title=\"Learn more about enamine from ScienceDirect's AI-generated Topic Pages\" href=\"https:\/\/www.sciencedirect.com\/topics\/pharmacology-toxicology-and-pharmaceutical-science\/enamine\">enamine<\/a>\u00a0(or enhydrazine) structures based on electronic and steric considerations were unsuccessful. A complete conformational analysis assisted by DFT calculations at B3LYP\/6-31G<sup>\u2217<\/sup>\u00a0and M06-2X\/6-311++G<sup>\u2217\u2217<\/sup>\u00a0levels has been performed on each series of representative structures.<\/p>\n<\/div>\n<\/div>\n<\/div>\n<\/div>\n<\/div>\n<div class=\"field field-name-field-pub-fuente field-type-text-long field-label-above\">\n<div class=\"field-label\">Fuente de la publicaci\u00f3n:<\/div>\n<div class=\"field-items\">\n<div class=\"field-item even\">\n<ul>\n<li><a title=\" structure and stereodynamics\" href=\"http:\/\/www.sciencedirect.com\/science\/article\/pii\/S0040402011001268\" target=\"_blank\" rel=\"noopener\">Hydrazones from hydroxy naphthaldehydes and N-aminoheterocycles: Structure and stereodynamics<\/a><\/li>\n<\/ul>\n<\/div>\n<\/div>\n<\/div>","protected":false},"excerpt":{"rendered":"<p>R. Fernando Mart\u00ednez, Mart\u00edn \u00c1valos, Reyes Babiano, Pedro Cintas, Mark E. Light, Jos\u00e9 L. Jim\u00e9nez, Juan C. Palacios, Esther M.S. P\u00e9rez, Vicenta Rastrojo:\u00a0Hydrazones from hydroxy naphthaldehydes and N-aminoheterocycles: Structure and &#8230;<\/p>","protected":false},"author":1,"featured_media":0,"parent":1583,"menu_order":0,"comment_status":"closed","ping_status":"closed","template":"","meta":{"footnotes":""},"categories":[110,91],"tags":[],"class_list":["post-9498","page","type-page","status-publish","hentry","category-anteriores","category-publicaciones"],"yoast_head":"<!-- This site is optimized with the Yoast SEO plugin v27.1.1 - https:\/\/yoast.com\/product\/yoast-seo-wordpress\/ -->\n<title>Hydrazones from hydroxy naphthaldehydes and N-aminoheterocycles: Structure and stereodynamics - Fundaci\u00f3n COMPUTAEX<\/title>\n<meta name=\"robots\" content=\"index, follow, max-snippet:-1, max-image-preview:large, max-video-preview:-1\" \/>\n<link rel=\"canonical\" href=\"https:\/\/computaex.es\/en\/publicaciones\/hydrazones-from-hydroxy-naphthaldehydes-and-n-aminoheterocycles-structure-and-stereodynamics\/\" \/>\n<meta property=\"og:locale\" content=\"en_US\" \/>\n<meta property=\"og:type\" content=\"article\" \/>\n<meta property=\"og:title\" content=\"Hydrazones from hydroxy naphthaldehydes and N-aminoheterocycles: Structure and stereodynamics - Fundaci\u00f3n COMPUTAEX\" \/>\n<meta property=\"og:description\" content=\"R. Fernando Mart\u00ednez, Mart\u00edn \u00c1valos, Reyes Babiano, Pedro Cintas, Mark E. Light, Jos\u00e9 L. Jim\u00e9nez, Juan C. Palacios, Esther M.S. P\u00e9rez, Vicenta Rastrojo:\u00a0Hydrazones from hydroxy naphthaldehydes and N-aminoheterocycles: Structure and ...\" \/>\n<meta property=\"og:url\" content=\"https:\/\/computaex.es\/en\/publicaciones\/hydrazones-from-hydroxy-naphthaldehydes-and-n-aminoheterocycles-structure-and-stereodynamics\/\" \/>\n<meta property=\"og:site_name\" content=\"Fundaci\u00f3n COMPUTAEX\" \/>\n<meta property=\"article:publisher\" content=\"https:\/\/m.facebook.com\/computaex\/\" \/>\n<meta property=\"article:modified_time\" content=\"2025-08-27T07:15:26+00:00\" \/>\n<meta property=\"og:image\" content=\"https:\/\/computaex.es\/wp-content\/uploads\/2025\/08\/COMPUTAEX.jpg\" \/>\n\t<meta property=\"og:image:width\" content=\"1024\" \/>\n\t<meta property=\"og:image:height\" content=\"403\" \/>\n\t<meta property=\"og:image:type\" content=\"image\/jpeg\" \/>\n<meta name=\"twitter:card\" content=\"summary_large_image\" \/>\n<meta name=\"twitter:site\" content=\"@computaex\" \/>\n<meta name=\"twitter:label1\" content=\"Est. reading time\" \/>\n\t<meta name=\"twitter:data1\" content=\"1 minute\" \/>\n<script type=\"application\/ld+json\" class=\"yoast-schema-graph\">{\"@context\":\"https:\/\/schema.org\",\"@graph\":[{\"@type\":\"WebPage\",\"@id\":\"https:\/\/computaex.es\/publicaciones\/hydrazones-from-hydroxy-naphthaldehydes-and-n-aminoheterocycles-structure-and-stereodynamics\/\",\"url\":\"https:\/\/computaex.es\/publicaciones\/hydrazones-from-hydroxy-naphthaldehydes-and-n-aminoheterocycles-structure-and-stereodynamics\/\",\"name\":\"Hydrazones from hydroxy naphthaldehydes and N-aminoheterocycles: Structure and stereodynamics - Fundaci\u00f3n COMPUTAEX\",\"isPartOf\":{\"@id\":\"https:\/\/computaex.es\/#website\"},\"datePublished\":\"2011-03-18T16:01:16+00:00\",\"dateModified\":\"2025-08-27T07:15:26+00:00\",\"breadcrumb\":{\"@id\":\"https:\/\/computaex.es\/publicaciones\/hydrazones-from-hydroxy-naphthaldehydes-and-n-aminoheterocycles-structure-and-stereodynamics\/#breadcrumb\"},\"inLanguage\":\"en-US\",\"potentialAction\":[{\"@type\":\"ReadAction\",\"target\":[\"https:\/\/computaex.es\/publicaciones\/hydrazones-from-hydroxy-naphthaldehydes-and-n-aminoheterocycles-structure-and-stereodynamics\/\"]}]},{\"@type\":\"BreadcrumbList\",\"@id\":\"https:\/\/computaex.es\/publicaciones\/hydrazones-from-hydroxy-naphthaldehydes-and-n-aminoheterocycles-structure-and-stereodynamics\/#breadcrumb\",\"itemListElement\":[{\"@type\":\"ListItem\",\"position\":1,\"name\":\"Portada\",\"item\":\"https:\/\/computaex.es\/\"},{\"@type\":\"ListItem\",\"position\":2,\"name\":\"Publicaciones\",\"item\":\"https:\/\/computaex.es\/publicaciones\/\"},{\"@type\":\"ListItem\",\"position\":3,\"name\":\"Hydrazones from hydroxy naphthaldehydes and N-aminoheterocycles: Structure and stereodynamics\"}]},{\"@type\":\"WebSite\",\"@id\":\"https:\/\/computaex.es\/#website\",\"url\":\"https:\/\/computaex.es\/\",\"name\":\"Fundaci\u00f3n COMPUTAEX\",\"description\":\"COMPUTAEX\",\"publisher\":{\"@id\":\"https:\/\/computaex.es\/#organization\"},\"potentialAction\":[{\"@type\":\"SearchAction\",\"target\":{\"@type\":\"EntryPoint\",\"urlTemplate\":\"https:\/\/computaex.es\/?s={search_term_string}\"},\"query-input\":{\"@type\":\"PropertyValueSpecification\",\"valueRequired\":true,\"valueName\":\"search_term_string\"}}],\"inLanguage\":\"en-US\"},{\"@type\":\"Organization\",\"@id\":\"https:\/\/computaex.es\/#organization\",\"name\":\"COMPUTAEX\",\"url\":\"https:\/\/computaex.es\/\",\"logo\":{\"@type\":\"ImageObject\",\"inLanguage\":\"en-US\",\"@id\":\"https:\/\/computaex.es\/#\/schema\/logo\/image\/\",\"url\":\"https:\/\/computaex.es\/wp-content\/uploads\/2025\/05\/cropped-COMPUTAEX_transparente-scaled-1.png\",\"contentUrl\":\"https:\/\/computaex.es\/wp-content\/uploads\/2025\/05\/cropped-COMPUTAEX_transparente-scaled-1.png\",\"width\":2560,\"height\":970,\"caption\":\"COMPUTAEX\"},\"image\":{\"@id\":\"https:\/\/computaex.es\/#\/schema\/logo\/image\/\"},\"sameAs\":[\"https:\/\/m.facebook.com\/computaex\/\",\"https:\/\/x.com\/computaex\",\"https:\/\/es.linkedin.com\/company\/cenits\"]}]}<\/script>\n<!-- \/ Yoast SEO plugin. -->","yoast_head_json":{"title":"Hydrazones from hydroxy naphthaldehydes and N-aminoheterocycles: Structure and stereodynamics - Fundaci\u00f3n COMPUTAEX","robots":{"index":"index","follow":"follow","max-snippet":"max-snippet:-1","max-image-preview":"max-image-preview:large","max-video-preview":"max-video-preview:-1"},"canonical":"https:\/\/computaex.es\/en\/publicaciones\/hydrazones-from-hydroxy-naphthaldehydes-and-n-aminoheterocycles-structure-and-stereodynamics\/","og_locale":"en_US","og_type":"article","og_title":"Hydrazones from hydroxy naphthaldehydes and N-aminoheterocycles: Structure and stereodynamics - Fundaci\u00f3n COMPUTAEX","og_description":"R. Fernando Mart\u00ednez, Mart\u00edn \u00c1valos, Reyes Babiano, Pedro Cintas, Mark E. Light, Jos\u00e9 L. Jim\u00e9nez, Juan C. Palacios, Esther M.S. P\u00e9rez, Vicenta Rastrojo:\u00a0Hydrazones from hydroxy naphthaldehydes and N-aminoheterocycles: Structure and ...","og_url":"https:\/\/computaex.es\/en\/publicaciones\/hydrazones-from-hydroxy-naphthaldehydes-and-n-aminoheterocycles-structure-and-stereodynamics\/","og_site_name":"Fundaci\u00f3n COMPUTAEX","article_publisher":"https:\/\/m.facebook.com\/computaex\/","article_modified_time":"2025-08-27T07:15:26+00:00","og_image":[{"width":1024,"height":403,"url":"https:\/\/computaex.es\/wp-content\/uploads\/2025\/08\/COMPUTAEX.jpg","type":"image\/jpeg"}],"twitter_card":"summary_large_image","twitter_site":"@computaex","twitter_misc":{"Est. reading time":"1 minute"},"schema":{"@context":"https:\/\/schema.org","@graph":[{"@type":"WebPage","@id":"https:\/\/computaex.es\/publicaciones\/hydrazones-from-hydroxy-naphthaldehydes-and-n-aminoheterocycles-structure-and-stereodynamics\/","url":"https:\/\/computaex.es\/publicaciones\/hydrazones-from-hydroxy-naphthaldehydes-and-n-aminoheterocycles-structure-and-stereodynamics\/","name":"Hydrazones from hydroxy naphthaldehydes and N-aminoheterocycles: Structure and stereodynamics - Fundaci\u00f3n COMPUTAEX","isPartOf":{"@id":"https:\/\/computaex.es\/#website"},"datePublished":"2011-03-18T16:01:16+00:00","dateModified":"2025-08-27T07:15:26+00:00","breadcrumb":{"@id":"https:\/\/computaex.es\/publicaciones\/hydrazones-from-hydroxy-naphthaldehydes-and-n-aminoheterocycles-structure-and-stereodynamics\/#breadcrumb"},"inLanguage":"en-US","potentialAction":[{"@type":"ReadAction","target":["https:\/\/computaex.es\/publicaciones\/hydrazones-from-hydroxy-naphthaldehydes-and-n-aminoheterocycles-structure-and-stereodynamics\/"]}]},{"@type":"BreadcrumbList","@id":"https:\/\/computaex.es\/publicaciones\/hydrazones-from-hydroxy-naphthaldehydes-and-n-aminoheterocycles-structure-and-stereodynamics\/#breadcrumb","itemListElement":[{"@type":"ListItem","position":1,"name":"Portada","item":"https:\/\/computaex.es\/"},{"@type":"ListItem","position":2,"name":"Publicaciones","item":"https:\/\/computaex.es\/publicaciones\/"},{"@type":"ListItem","position":3,"name":"Hydrazones from hydroxy naphthaldehydes and N-aminoheterocycles: Structure and stereodynamics"}]},{"@type":"WebSite","@id":"https:\/\/computaex.es\/#website","url":"https:\/\/computaex.es\/","name":"COMPUTAEX Foundation","description":"COMPUTAEX","publisher":{"@id":"https:\/\/computaex.es\/#organization"},"potentialAction":[{"@type":"SearchAction","target":{"@type":"EntryPoint","urlTemplate":"https:\/\/computaex.es\/?s={search_term_string}"},"query-input":{"@type":"PropertyValueSpecification","valueRequired":true,"valueName":"search_term_string"}}],"inLanguage":"en-US"},{"@type":"Organization","@id":"https:\/\/computaex.es\/#organization","name":"COMPUTAEX","url":"https:\/\/computaex.es\/","logo":{"@type":"ImageObject","inLanguage":"en-US","@id":"https:\/\/computaex.es\/#\/schema\/logo\/image\/","url":"https:\/\/computaex.es\/wp-content\/uploads\/2025\/05\/cropped-COMPUTAEX_transparente-scaled-1.png","contentUrl":"https:\/\/computaex.es\/wp-content\/uploads\/2025\/05\/cropped-COMPUTAEX_transparente-scaled-1.png","width":2560,"height":970,"caption":"COMPUTAEX"},"image":{"@id":"https:\/\/computaex.es\/#\/schema\/logo\/image\/"},"sameAs":["https:\/\/m.facebook.com\/computaex\/","https:\/\/x.com\/computaex","https:\/\/es.linkedin.com\/company\/cenits"]}]}},"_links":{"self":[{"href":"https:\/\/computaex.es\/en\/wp-json\/wp\/v2\/pages\/9498","targetHints":{"allow":["GET"]}}],"collection":[{"href":"https:\/\/computaex.es\/en\/wp-json\/wp\/v2\/pages"}],"about":[{"href":"https:\/\/computaex.es\/en\/wp-json\/wp\/v2\/types\/page"}],"author":[{"embeddable":true,"href":"https:\/\/computaex.es\/en\/wp-json\/wp\/v2\/users\/1"}],"replies":[{"embeddable":true,"href":"https:\/\/computaex.es\/en\/wp-json\/wp\/v2\/comments?post=9498"}],"version-history":[{"count":4,"href":"https:\/\/computaex.es\/en\/wp-json\/wp\/v2\/pages\/9498\/revisions"}],"predecessor-version":[{"id":9588,"href":"https:\/\/computaex.es\/en\/wp-json\/wp\/v2\/pages\/9498\/revisions\/9588"}],"up":[{"embeddable":true,"href":"https:\/\/computaex.es\/en\/wp-json\/wp\/v2\/pages\/1583"}],"wp:attachment":[{"href":"https:\/\/computaex.es\/en\/wp-json\/wp\/v2\/media?parent=9498"}],"wp:term":[{"taxonomy":"category","embeddable":true,"href":"https:\/\/computaex.es\/en\/wp-json\/wp\/v2\/categories?post=9498"},{"taxonomy":"post_tag","embeddable":true,"href":"https:\/\/computaex.es\/en\/wp-json\/wp\/v2\/tags?post=9498"}],"curies":[{"name":"wp","href":"https:\/\/api.w.org\/{rel}","templated":true}]}}